{"id":19042,"date":"2023-11-06T08:25:12","date_gmt":"2023-11-06T08:25:12","guid":{"rendered":"https:\/\/dev.monti.lt\/?post_type=product&#038;p=19042"},"modified":"2024-10-03T14:32:22","modified_gmt":"2024-10-03T14:32:22","slug":"logine-delione-skaiciai","status":"publish","type":"product","link":"https:\/\/dev.monti.lt\/en\/product\/logine-delione-skaiciai\/","title":{"rendered":"Login\u0117 d\u0117lion\u0117 skai\u010diai"},"content":{"rendered":"<p>\u017eaidimas skirtas iki 2 \u017eaid\u0117j\u0173<br>medinius 0-9 skai\u010dius padalykite po lygiai kiekvienam \u017eaid\u0117jui.<br>pasirinkite kortel\u0119 i\u0161 60 dvipusi\u0173 korteli\u0173<br>\u017eaid\u0117jai turi kuo grei\u010diau u\u017ed\u0117ti duot\u0105 ra\u0161t\u0105 ant savo lentos<br>laimi grei\u010diausias \u017eaid\u0117jas<br>Yra skirting\u0173 sud\u0117tingumo lygi\u0173<\/p><p>Plok\u0161t\u0117: 14,5 cm x 17,2 cm x 0,5 cm.<br>kortel\u0117: 6 cm x 5,5 cm<br>fig\u016br\u0117l\u0117: 3,2 cm x 6,4 cm x 0,7 cm (0 yra i\u0161imtis)<br>d\u0117\u017eut\u0117: 16,7 cm x 23 cm x 4,5 cm<\/p>","protected":false},"excerpt":{"rendered":"<p>\u017eaidimas skirtas iki 2 \u017eaid\u0117j\u0173medinius 0-9 skai\u010dius padalykite po lygiai kiekvienam \u017eaid\u0117jui.pasirinkite kortel\u0119 i\u0161 60 dvipusi\u0173 korteli\u0173\u017eaid\u0117jai turi kuo grei\u010diau u\u017ed\u0117ti duot\u0105 ra\u0161t\u0105 ant savo lentoslaimi grei\u010diausias \u017eaid\u0117jasYra skirting\u0173 sud\u0117tingumo lygi\u0173 Plok\u0161t\u0117: 14,5 cm x 17,2 cm x 0,5 cm.kortel\u0117: 6 cm x 5,5 cmfig\u016br\u0117l\u0117: 3,2 cm x 6,4 cm x 0,7 cm (0 yra [&hellip;]<\/p>","protected":false},"featured_media":19043,"template":"","meta":{"iawp_total_views":21},"product_cat":[208,84,91,210,102,88,83,86,199,49,39,201],"product_tag":[96,97,98],"class_list":{"0":"post-19042","1":"product","2":"type-product","3":"status-publish","4":"has-post-thumbnail","6":"product_cat-deliones-2","7":"product_cat-lavinamieji-zaislai","8":"product_cat-loginiam-mastymui","9":"product_cat-medines-deliones","10":"product_cat-mediniai-zaislai","11":"product_cat-mokausi-zaisti","12":"product_cat-montessori-zaislai","13":"product_cat-smulkioji-motorika","14":"product_cat-ugdymo-istaigoms","15":"product_cat-visi-zaislai","16":"product_cat-zaislai","17":"product_cat-zaislai-kelioneje","18":"product_tag-2-m-3-m","19":"product_tag-3-m-4-m","20":"product_tag-5-m-7-m","22":"first","23":"instock","24":"sale","25":"taxable","26":"shipping-taxable","27":"purchasable","28":"product-type-simple"},"yoast_head":"<!-- This site is optimized with the Yoast SEO plugin v23.3 - https:\/\/yoast.com\/wordpress\/plugins\/seo\/ -->\n<title>Login\u0117 d\u0117lion\u0117 skai\u010diai - Montessori \u017eaislai<\/title>\n<meta name=\"robots\" content=\"noindex, follow, max-snippet:-1, max-image-preview:large, max-video-preview:-1\" \/>\n<meta property=\"og:locale\" content=\"en_US\" \/>\n<meta property=\"og:type\" content=\"article\" \/>\n<meta property=\"og:title\" content=\"Login\u0117 d\u0117lion\u0117 skai\u010diai - Montessori \u017eaislai\" \/>\n<meta property=\"og:description\" content=\"\u017eaidimas skirtas iki 2 \u017eaid\u0117j\u0173medinius 0-9 skai\u010dius padalykite po lygiai kiekvienam \u017eaid\u0117jui.pasirinkite kortel\u0119 i\u0161 60 dvipusi\u0173 korteli\u0173\u017eaid\u0117jai turi kuo grei\u010diau u\u017ed\u0117ti duot\u0105 ra\u0161t\u0105 ant savo lentoslaimi grei\u010diausias \u017eaid\u0117jasYra skirting\u0173 sud\u0117tingumo lygi\u0173 Plok\u0161t\u0117: 14,5 cm x 17,2 cm x 0,5 cm.kortel\u0117: 6 cm x 5,5 cmfig\u016br\u0117l\u0117: 3,2 cm x 6,4 cm x 0,7 cm (0 yra [&hellip;]\" \/>\n<meta property=\"og:url\" content=\"https:\/\/dev.monti.lt\/en\/product\/logine-delione-skaiciai\/\" \/>\n<meta property=\"og:site_name\" content=\"Montessori \u017eaislai\" \/>\n<meta property=\"article:modified_time\" content=\"2024-10-03T14:32:22+00:00\" \/>\n<meta property=\"og:image\" content=\"https:\/\/dev.monti.lt\/wp-content\/uploads\/2023\/11\/drewniana-ukladanka-gra-logiczna-cyfry-iq-games.webp\" \/>\n\t<meta property=\"og:image:width\" content=\"800\" \/>\n\t<meta property=\"og:image:height\" content=\"800\" \/>\n\t<meta property=\"og:image:type\" content=\"image\/webp\" \/>\n<meta name=\"twitter:card\" content=\"summary_large_image\" \/>\n<meta name=\"twitter:label1\" content=\"Est. reading time\" \/>\n\t<meta name=\"twitter:data1\" content=\"1 minute\" \/>\n<script type=\"application\/ld+json\" class=\"yoast-schema-graph\">{\"@context\":\"https:\/\/schema.org\",\"@graph\":[{\"@type\":\"WebPage\",\"@id\":\"https:\/\/dev.monti.lt\/product\/logine-delione-skaiciai\/\",\"url\":\"https:\/\/dev.monti.lt\/product\/logine-delione-skaiciai\/\",\"name\":\"Login\u0117 d\u0117lion\u0117 skai\u010diai - Montessori \u017eaislai\",\"isPartOf\":{\"@id\":\"https:\/\/dev.monti.lt\/#website\"},\"primaryImageOfPage\":{\"@id\":\"https:\/\/dev.monti.lt\/product\/logine-delione-skaiciai\/#primaryimage\"},\"image\":{\"@id\":\"https:\/\/dev.monti.lt\/product\/logine-delione-skaiciai\/#primaryimage\"},\"thumbnailUrl\":\"https:\/\/dev.monti.lt\/wp-content\/uploads\/2023\/11\/drewniana-ukladanka-gra-logiczna-cyfry-iq-games.webp\",\"datePublished\":\"2023-11-06T08:25:12+00:00\",\"dateModified\":\"2024-10-03T14:32:22+00:00\",\"breadcrumb\":{\"@id\":\"https:\/\/dev.monti.lt\/product\/logine-delione-skaiciai\/#breadcrumb\"},\"inLanguage\":\"en-US\",\"potentialAction\":[{\"@type\":\"ReadAction\",\"target\":[\"https:\/\/dev.monti.lt\/product\/logine-delione-skaiciai\/\"]}]},{\"@type\":\"ImageObject\",\"inLanguage\":\"en-US\",\"@id\":\"https:\/\/dev.monti.lt\/product\/logine-delione-skaiciai\/#primaryimage\",\"url\":\"https:\/\/dev.monti.lt\/wp-content\/uploads\/2023\/11\/drewniana-ukladanka-gra-logiczna-cyfry-iq-games.webp\",\"contentUrl\":\"https:\/\/dev.monti.lt\/wp-content\/uploads\/2023\/11\/drewniana-ukladanka-gra-logiczna-cyfry-iq-games.webp\",\"width\":800,\"height\":800,\"caption\":\"logine delione skaiciai\"},{\"@type\":\"BreadcrumbList\",\"@id\":\"https:\/\/dev.monti.lt\/product\/logine-delione-skaiciai\/#breadcrumb\",\"itemListElement\":[{\"@type\":\"ListItem\",\"position\":1,\"name\":\"Home\",\"item\":\"https:\/\/dev.monti.lt\/\"},{\"@type\":\"ListItem\",\"position\":2,\"name\":\"Parduotuv\u0117\",\"item\":\"https:\/\/dev.monti.lt\/shop\/\"},{\"@type\":\"ListItem\",\"position\":3,\"name\":\"Login\u0117 d\u0117lion\u0117 skai\u010diai\"}]},{\"@type\":\"WebSite\",\"@id\":\"https:\/\/dev.monti.lt\/#website\",\"url\":\"https:\/\/dev.monti.lt\/\",\"name\":\"Montessori \u017eaislai\",\"description\":\"\",\"publisher\":{\"@id\":\"https:\/\/dev.monti.lt\/#organization\"},\"potentialAction\":[{\"@type\":\"SearchAction\",\"target\":{\"@type\":\"EntryPoint\",\"urlTemplate\":\"https:\/\/dev.monti.lt\/?s={search_term_string}\"},\"query-input\":\"required name=search_term_string\"}],\"inLanguage\":\"en-US\"},{\"@type\":\"Organization\",\"@id\":\"https:\/\/dev.monti.lt\/#organization\",\"name\":\"Montessori \u017eaislai\",\"url\":\"https:\/\/dev.monti.lt\/\",\"logo\":{\"@type\":\"ImageObject\",\"inLanguage\":\"en-US\",\"@id\":\"https:\/\/dev.monti.lt\/#\/schema\/logo\/image\/\",\"url\":\"https:\/\/dev.monti.lt\/wp-content\/uploads\/2022\/03\/montilogo-1.png\",\"contentUrl\":\"https:\/\/dev.monti.lt\/wp-content\/uploads\/2022\/03\/montilogo-1.png\",\"width\":512,\"height\":512,\"caption\":\"Montessori \u017eaislai\"},\"image\":{\"@id\":\"https:\/\/dev.monti.lt\/#\/schema\/logo\/image\/\"}}]}<\/script>\n<!-- \/ Yoast SEO plugin. -->","yoast_head_json":{"title":"Login\u0117 d\u0117lion\u0117 skai\u010diai - Montessori \u017eaislai","robots":{"index":"noindex","follow":"follow","max-snippet":"max-snippet:-1","max-image-preview":"max-image-preview:large","max-video-preview":"max-video-preview:-1"},"og_locale":"en_US","og_type":"article","og_title":"Login\u0117 d\u0117lion\u0117 skai\u010diai - Montessori \u017eaislai","og_description":"\u017eaidimas skirtas iki 2 \u017eaid\u0117j\u0173medinius 0-9 skai\u010dius padalykite po lygiai kiekvienam \u017eaid\u0117jui.pasirinkite kortel\u0119 i\u0161 60 dvipusi\u0173 korteli\u0173\u017eaid\u0117jai turi kuo grei\u010diau u\u017ed\u0117ti duot\u0105 ra\u0161t\u0105 ant savo lentoslaimi grei\u010diausias \u017eaid\u0117jasYra skirting\u0173 sud\u0117tingumo lygi\u0173 Plok\u0161t\u0117: 14,5 cm x 17,2 cm x 0,5 cm.kortel\u0117: 6 cm x 5,5 cmfig\u016br\u0117l\u0117: 3,2 cm x 6,4 cm x 0,7 cm (0 yra [&hellip;]","og_url":"https:\/\/dev.monti.lt\/en\/product\/logine-delione-skaiciai\/","og_site_name":"Montessori \u017eaislai","article_modified_time":"2024-10-03T14:32:22+00:00","og_image":[{"width":800,"height":800,"url":"https:\/\/dev.monti.lt\/wp-content\/uploads\/2023\/11\/drewniana-ukladanka-gra-logiczna-cyfry-iq-games.webp","type":"image\/webp"}],"twitter_card":"summary_large_image","twitter_misc":{"Est. reading time":"1 minute"},"schema":{"@context":"https:\/\/schema.org","@graph":[{"@type":"WebPage","@id":"https:\/\/dev.monti.lt\/product\/logine-delione-skaiciai\/","url":"https:\/\/dev.monti.lt\/product\/logine-delione-skaiciai\/","name":"Login\u0117 d\u0117lion\u0117 skai\u010diai - Montessori \u017eaislai","isPartOf":{"@id":"https:\/\/dev.monti.lt\/#website"},"primaryImageOfPage":{"@id":"https:\/\/dev.monti.lt\/product\/logine-delione-skaiciai\/#primaryimage"},"image":{"@id":"https:\/\/dev.monti.lt\/product\/logine-delione-skaiciai\/#primaryimage"},"thumbnailUrl":"https:\/\/dev.monti.lt\/wp-content\/uploads\/2023\/11\/drewniana-ukladanka-gra-logiczna-cyfry-iq-games.webp","datePublished":"2023-11-06T08:25:12+00:00","dateModified":"2024-10-03T14:32:22+00:00","breadcrumb":{"@id":"https:\/\/dev.monti.lt\/product\/logine-delione-skaiciai\/#breadcrumb"},"inLanguage":"en-US","potentialAction":[{"@type":"ReadAction","target":["https:\/\/dev.monti.lt\/product\/logine-delione-skaiciai\/"]}]},{"@type":"ImageObject","inLanguage":"en-US","@id":"https:\/\/dev.monti.lt\/product\/logine-delione-skaiciai\/#primaryimage","url":"https:\/\/dev.monti.lt\/wp-content\/uploads\/2023\/11\/drewniana-ukladanka-gra-logiczna-cyfry-iq-games.webp","contentUrl":"https:\/\/dev.monti.lt\/wp-content\/uploads\/2023\/11\/drewniana-ukladanka-gra-logiczna-cyfry-iq-games.webp","width":800,"height":800,"caption":"logine delione skaiciai"},{"@type":"BreadcrumbList","@id":"https:\/\/dev.monti.lt\/product\/logine-delione-skaiciai\/#breadcrumb","itemListElement":[{"@type":"ListItem","position":1,"name":"Home","item":"https:\/\/dev.monti.lt\/"},{"@type":"ListItem","position":2,"name":"Parduotuv\u0117","item":"https:\/\/dev.monti.lt\/shop\/"},{"@type":"ListItem","position":3,"name":"Login\u0117 d\u0117lion\u0117 skai\u010diai"}]},{"@type":"WebSite","@id":"https:\/\/dev.monti.lt\/#website","url":"https:\/\/dev.monti.lt\/","name":"Montessori \u017eaislai","description":"","publisher":{"@id":"https:\/\/dev.monti.lt\/#organization"},"potentialAction":[{"@type":"SearchAction","target":{"@type":"EntryPoint","urlTemplate":"https:\/\/dev.monti.lt\/?s={search_term_string}"},"query-input":"required name=search_term_string"}],"inLanguage":"en-US"},{"@type":"Organization","@id":"https:\/\/dev.monti.lt\/#organization","name":"Montessori \u017eaislai","url":"https:\/\/dev.monti.lt\/","logo":{"@type":"ImageObject","inLanguage":"en-US","@id":"https:\/\/dev.monti.lt\/#\/schema\/logo\/image\/","url":"https:\/\/dev.monti.lt\/wp-content\/uploads\/2022\/03\/montilogo-1.png","contentUrl":"https:\/\/dev.monti.lt\/wp-content\/uploads\/2022\/03\/montilogo-1.png","width":512,"height":512,"caption":"Montessori \u017eaislai"},"image":{"@id":"https:\/\/dev.monti.lt\/#\/schema\/logo\/image\/"}}]}},"_links":{"self":[{"href":"https:\/\/dev.monti.lt\/en\/wp-json\/wp\/v2\/product\/19042"}],"collection":[{"href":"https:\/\/dev.monti.lt\/en\/wp-json\/wp\/v2\/product"}],"about":[{"href":"https:\/\/dev.monti.lt\/en\/wp-json\/wp\/v2\/types\/product"}],"version-history":[{"count":1,"href":"https:\/\/dev.monti.lt\/en\/wp-json\/wp\/v2\/product\/19042\/revisions"}],"predecessor-version":[{"id":19048,"href":"https:\/\/dev.monti.lt\/en\/wp-json\/wp\/v2\/product\/19042\/revisions\/19048"}],"wp:featuredmedia":[{"embeddable":true,"href":"https:\/\/dev.monti.lt\/en\/wp-json\/wp\/v2\/media\/19043"}],"wp:attachment":[{"href":"https:\/\/dev.monti.lt\/en\/wp-json\/wp\/v2\/media?parent=19042"}],"wp:term":[{"taxonomy":"product_cat","embeddable":true,"href":"https:\/\/dev.monti.lt\/en\/wp-json\/wp\/v2\/product_cat?post=19042"},{"taxonomy":"product_tag","embeddable":true,"href":"https:\/\/dev.monti.lt\/en\/wp-json\/wp\/v2\/product_tag?post=19042"}],"curies":[{"name":"wp","href":"https:\/\/api.w.org\/{rel}","templated":true}]}}