{"id":18947,"date":"2023-10-31T08:20:46","date_gmt":"2023-10-31T08:20:46","guid":{"rendered":"https:\/\/dev.monti.lt\/?post_type=product&#038;p=18947"},"modified":"2024-08-20T11:43:52","modified_gmt":"2024-08-20T11:43:52","slug":"medinis-montessori-zaidimas-ferma","status":"publish","type":"product","link":"https:\/\/dev.monti.lt\/en\/product\/medinis-montessori-zaidimas-ferma\/","title":{"rendered":"Medinis Montessori stiliaus \u017eaidimas &#8220;Ferma&#8221;"},"content":{"rendered":"<h1 class=\"wp-block-heading\">MEDINIS \u017dAIDIMAS 2 viename \u016aKIS + KAMULIAI&nbsp;<\/h1><ul class=\"wp-block-list\"><li><strong>DVIPUSIS \u017dAIDIMAS 2 viename<\/strong>&nbsp;&#8211;&nbsp;<strong>BUBBLE SHOOTER IR MNEMORY \u016aKIS&nbsp;<\/strong>\u2013 komplekto vienoje pus\u0117je yra medin\u0117 matrica, kuria \u017eaid\u017eiama rutuliukai, o kita \u2013 atminties ferma. Atminties \u017eaidimui yra skirtos kortel\u0117s, kuriose nurodoma, k\u0105 \u0161\u012f kart\u0105 tur\u0117tume rasti savo sode.<\/li>\n\n<li><strong>PL\u0116TRA&nbsp;<\/strong>\u2013 medini\u0173 karoliuk\u0173 d\u0117lion\u0117 yra puiki pramoga vaikui ir puikus b\u016bdas&nbsp;<strong>lavinti rankinius \u012fg\u016bd\u017eius bei vaizduot\u0119<\/strong>&nbsp;. Tai taip pat padeda lavinti&nbsp;<strong>aki\u0173-rank\u0173 koordinacij\u0105<\/strong>&nbsp;ir&nbsp;<strong>moko loginio m\u0105stymo \u012fg\u016bd\u017ei\u0173<\/strong>&nbsp;. Vaikas taip pat mokosi&nbsp;<strong>susikaupimo ir kantryb\u0117s<\/strong>&nbsp;.<\/li>\n\n<li><strong>PUIKUS \u017dAISTI&nbsp;<\/strong><strong>SODYNE&nbsp;<\/strong>\u2013 mediniai karoliukai su veltinio sodu \u2013 tai puikus laisvalaikio praleidimo b\u016bdas ir smagiai praleisti laik\u0105 su t\u0117vais ar bendraam\u017eiais. Sodinti dar\u017eoves ir skai\u010diuoti karoliukus&nbsp;<strong>labai smagu ilgai ir greitai nenuobodu<\/strong>&nbsp;.<\/li>\n\n<li><strong>PAGAMINTI I\u0160 MEDIENOS \u2013<\/strong>&nbsp;mediniai \u017eaislai yra nesenstantis pasi\u016blymas, kuris prad\u017eiugins kiekvien\u0105 vaik\u0105. Klasikinis med\u017eio gro\u017eis ir ilgaam\u017ei\u0161kumas visada buvo labai vertinami.&nbsp;<strong>\u0160i med\u017eiaga gerai atrodo tiek nat\u016bralios spalvos, tiek da\u017eyta, o d\u0117l to, kad \u017eaislas pagamintas i\u0161 med\u017eio, jis yra saugus kiekvienam vaikui.Nat\u016brali<\/strong>&nbsp;med\u017eiaga rei\u0161kia, kad net jei vaikas \u017eaisl\u0105 \u012fsiki\u0161 \u012f burn\u0105, jis neteks. liestis su dirbtin\u0117mis med\u017eiagomis.<\/li>\n\n<li><strong>SPECIFIKACIJOS &#8211;&nbsp;<\/strong>med\u017eiaga: mediena, veltinis, silikonas; spalva: daugiaspalvis; matmenys: 25 x 25 x 5,8 cm; svoris: 1 kg; pakuot\u0117s svoris: 1 260 kg&nbsp;<\/li><\/ul><p><strong>SPECIFIKACIJA<\/strong><\/p><ul class=\"wp-block-list\"><li>med\u017eiaga: mediena, veltinis, silikonas<\/li>\n\n<li>spalva: daugiaspalvis<\/li>\n\n<li>matmenys: 25 x 25 x 5,8 cm<\/li>\n\n<li>svoris: 1 kg<\/li>\n\n<li>pakuot\u0117s svoris: 1 260 kg<\/li><\/ul><p><strong>\u012eSKAITANT<\/strong><\/p><ul class=\"wp-block-list\"><li>80 kamuoliuk\u0173<\/li>\n\n<li>24 dar\u017eov\u0117s<\/li>\n\n<li>8 bandel\u0117s<\/li>\n\n<li>2 lazdel\u0117s<\/li>\n\n<li>\u0161auk\u0161tas<\/li>\n\n<li>16 atminties korteli\u0173<\/li>\n\n<li>1 medinis \u016bkininkas<\/li><\/ul><p>\u201eDu viename\u201c karoliukai ir atminties \u017eaidimas yra puiki pramoga k\u016brybingiems vaikams. Jis pagamintas i\u0161 med\u017eio ir veltinio, kurio gro\u017e\u012f ir ilgaam\u017ei\u0161kum\u0105 \u012fvertins kiekvienas. Rinkinyje daug spalving\u0173 element\u0173, tod\u0117l vaikas gali \u017eaisti ir linksmintis.<\/p>","protected":false},"excerpt":{"rendered":"<p>MEDINIS \u017dAIDIMAS 2 viename \u016aKIS + KAMULIAI&nbsp; SPECIFIKACIJA \u012eSKAITANT \u201eDu viename\u201c karoliukai ir atminties \u017eaidimas yra puiki pramoga k\u016brybingiems vaikams. Jis pagamintas i\u0161 med\u017eio ir veltinio, kurio gro\u017e\u012f ir ilgaam\u017ei\u0161kum\u0105 \u012fvertins kiekvienas. Rinkinyje daug spalving\u0173 element\u0173, tod\u0117l vaikas gali \u017eaisti ir linksmintis.<\/p>","protected":false},"featured_media":18948,"template":"","meta":{"iawp_total_views":67},"product_cat":[208,92,194,195,216,191,192,84,91,210,102,83,90,86,199,49,39],"product_tag":[96,97,98],"class_list":{"0":"post-18947","1":"product","2":"type-product","3":"status-publish","4":"has-post-thumbnail","6":"product_cat-deliones-2","7":"product_cat-deliones","8":"product_cat-dovanos-vaikams-2-3-metu","9":"product_cat-dovanos-vaikams-3-4-metu","10":"product_cat-dovanos-4-5-metu-vaikams","11":"product_cat-dovanos-vaikams","12":"product_cat-kaledines-dovanos-vaikams","13":"product_cat-lavinamieji-zaislai","14":"product_cat-loginiam-mastymui","15":"product_cat-medines-deliones","16":"product_cat-mediniai-zaislai","17":"product_cat-montessori-zaislai","18":"product_cat-pasaulio-pazinimas","19":"product_cat-smulkioji-motorika","20":"product_cat-ugdymo-istaigoms","21":"product_cat-visi-zaislai","22":"product_cat-zaislai","23":"product_tag-2-m-3-m","24":"product_tag-3-m-4-m","25":"product_tag-5-m-7-m","27":"first","28":"instock","29":"taxable","30":"shipping-taxable","31":"purchasable","32":"product-type-simple"},"yoast_head":"<!-- This site is optimized with the Yoast SEO plugin v23.3 - https:\/\/yoast.com\/wordpress\/plugins\/seo\/ -->\n<title>Medinis Montessori stiliaus \u017eaidimas &quot;Ferma&quot; - Montessori \u017eaislai<\/title>\n<meta name=\"robots\" content=\"noindex, follow, max-snippet:-1, max-image-preview:large, max-video-preview:-1\" \/>\n<meta property=\"og:locale\" content=\"en_US\" \/>\n<meta property=\"og:type\" content=\"article\" \/>\n<meta property=\"og:title\" content=\"Medinis Montessori stiliaus \u017eaidimas &quot;Ferma&quot; - Montessori \u017eaislai\" \/>\n<meta property=\"og:description\" content=\"MEDINIS \u017dAIDIMAS 2 viename \u016aKIS + KAMULIAI&nbsp; SPECIFIKACIJA \u012eSKAITANT \u201eDu viename\u201c karoliukai ir atminties \u017eaidimas yra puiki pramoga k\u016brybingiems vaikams. Jis pagamintas i\u0161 med\u017eio ir veltinio, kurio gro\u017e\u012f ir ilgaam\u017ei\u0161kum\u0105 \u012fvertins kiekvienas. Rinkinyje daug spalving\u0173 element\u0173, tod\u0117l vaikas gali \u017eaisti ir linksmintis.\" \/>\n<meta property=\"og:url\" content=\"https:\/\/dev.monti.lt\/en\/product\/medinis-montessori-zaidimas-ferma\/\" \/>\n<meta property=\"og:site_name\" content=\"Montessori \u017eaislai\" \/>\n<meta property=\"article:modified_time\" content=\"2024-08-20T11:43:52+00:00\" \/>\n<meta property=\"og:image\" content=\"https:\/\/dev.monti.lt\/wp-content\/uploads\/2023\/10\/lit_pl_Medine-delione-Kruzzel-farm-22755-16999_15.jpg\" \/>\n\t<meta property=\"og:image:width\" content=\"500\" \/>\n\t<meta property=\"og:image:height\" content=\"500\" \/>\n\t<meta property=\"og:image:type\" content=\"image\/jpeg\" \/>\n<meta name=\"twitter:card\" content=\"summary_large_image\" \/>\n<meta name=\"twitter:label1\" content=\"Est. reading time\" \/>\n\t<meta name=\"twitter:data1\" content=\"2 minutes\" \/>\n<script type=\"application\/ld+json\" class=\"yoast-schema-graph\">{\"@context\":\"https:\/\/schema.org\",\"@graph\":[{\"@type\":\"WebPage\",\"@id\":\"https:\/\/dev.monti.lt\/product\/medinis-montessori-zaidimas-ferma\/\",\"url\":\"https:\/\/dev.monti.lt\/product\/medinis-montessori-zaidimas-ferma\/\",\"name\":\"Medinis Montessori stiliaus \u017eaidimas \\\"Ferma\\\" - Montessori \u017eaislai\",\"isPartOf\":{\"@id\":\"https:\/\/dev.monti.lt\/#website\"},\"primaryImageOfPage\":{\"@id\":\"https:\/\/dev.monti.lt\/product\/medinis-montessori-zaidimas-ferma\/#primaryimage\"},\"image\":{\"@id\":\"https:\/\/dev.monti.lt\/product\/medinis-montessori-zaidimas-ferma\/#primaryimage\"},\"thumbnailUrl\":\"https:\/\/dev.monti.lt\/wp-content\/uploads\/2023\/10\/lit_pl_Medine-delione-Kruzzel-farm-22755-16999_15.jpg\",\"datePublished\":\"2023-10-31T08:20:46+00:00\",\"dateModified\":\"2024-08-20T11:43:52+00:00\",\"breadcrumb\":{\"@id\":\"https:\/\/dev.monti.lt\/product\/medinis-montessori-zaidimas-ferma\/#breadcrumb\"},\"inLanguage\":\"en-US\",\"potentialAction\":[{\"@type\":\"ReadAction\",\"target\":[\"https:\/\/dev.monti.lt\/product\/medinis-montessori-zaidimas-ferma\/\"]}]},{\"@type\":\"ImageObject\",\"inLanguage\":\"en-US\",\"@id\":\"https:\/\/dev.monti.lt\/product\/medinis-montessori-zaidimas-ferma\/#primaryimage\",\"url\":\"https:\/\/dev.monti.lt\/wp-content\/uploads\/2023\/10\/lit_pl_Medine-delione-Kruzzel-farm-22755-16999_15.jpg\",\"contentUrl\":\"https:\/\/dev.monti.lt\/wp-content\/uploads\/2023\/10\/lit_pl_Medine-delione-Kruzzel-farm-22755-16999_15.jpg\",\"width\":500,\"height\":500,\"caption\":\"montessori zaidimas ferma\"},{\"@type\":\"BreadcrumbList\",\"@id\":\"https:\/\/dev.monti.lt\/product\/medinis-montessori-zaidimas-ferma\/#breadcrumb\",\"itemListElement\":[{\"@type\":\"ListItem\",\"position\":1,\"name\":\"Home\",\"item\":\"https:\/\/dev.monti.lt\/\"},{\"@type\":\"ListItem\",\"position\":2,\"name\":\"Parduotuv\u0117\",\"item\":\"https:\/\/dev.monti.lt\/shop\/\"},{\"@type\":\"ListItem\",\"position\":3,\"name\":\"Medinis Montessori stiliaus \u017eaidimas &#8220;Ferma&#8221;\"}]},{\"@type\":\"WebSite\",\"@id\":\"https:\/\/dev.monti.lt\/#website\",\"url\":\"https:\/\/dev.monti.lt\/\",\"name\":\"Montessori \u017eaislai\",\"description\":\"\",\"publisher\":{\"@id\":\"https:\/\/dev.monti.lt\/#organization\"},\"potentialAction\":[{\"@type\":\"SearchAction\",\"target\":{\"@type\":\"EntryPoint\",\"urlTemplate\":\"https:\/\/dev.monti.lt\/?s={search_term_string}\"},\"query-input\":\"required name=search_term_string\"}],\"inLanguage\":\"en-US\"},{\"@type\":\"Organization\",\"@id\":\"https:\/\/dev.monti.lt\/#organization\",\"name\":\"Montessori \u017eaislai\",\"url\":\"https:\/\/dev.monti.lt\/\",\"logo\":{\"@type\":\"ImageObject\",\"inLanguage\":\"en-US\",\"@id\":\"https:\/\/dev.monti.lt\/#\/schema\/logo\/image\/\",\"url\":\"https:\/\/dev.monti.lt\/wp-content\/uploads\/2022\/03\/montilogo-1.png\",\"contentUrl\":\"https:\/\/dev.monti.lt\/wp-content\/uploads\/2022\/03\/montilogo-1.png\",\"width\":512,\"height\":512,\"caption\":\"Montessori \u017eaislai\"},\"image\":{\"@id\":\"https:\/\/dev.monti.lt\/#\/schema\/logo\/image\/\"}}]}<\/script>\n<!-- \/ Yoast SEO plugin. -->","yoast_head_json":{"title":"Medinis Montessori stiliaus \u017eaidimas \"Ferma\" - Montessori \u017eaislai","robots":{"index":"noindex","follow":"follow","max-snippet":"max-snippet:-1","max-image-preview":"max-image-preview:large","max-video-preview":"max-video-preview:-1"},"og_locale":"en_US","og_type":"article","og_title":"Medinis Montessori stiliaus \u017eaidimas \"Ferma\" - Montessori \u017eaislai","og_description":"MEDINIS \u017dAIDIMAS 2 viename \u016aKIS + KAMULIAI&nbsp; SPECIFIKACIJA \u012eSKAITANT \u201eDu viename\u201c karoliukai ir atminties \u017eaidimas yra puiki pramoga k\u016brybingiems vaikams. Jis pagamintas i\u0161 med\u017eio ir veltinio, kurio gro\u017e\u012f ir ilgaam\u017ei\u0161kum\u0105 \u012fvertins kiekvienas. Rinkinyje daug spalving\u0173 element\u0173, tod\u0117l vaikas gali \u017eaisti ir linksmintis.","og_url":"https:\/\/dev.monti.lt\/en\/product\/medinis-montessori-zaidimas-ferma\/","og_site_name":"Montessori \u017eaislai","article_modified_time":"2024-08-20T11:43:52+00:00","og_image":[{"width":500,"height":500,"url":"https:\/\/dev.monti.lt\/wp-content\/uploads\/2023\/10\/lit_pl_Medine-delione-Kruzzel-farm-22755-16999_15.jpg","type":"image\/jpeg"}],"twitter_card":"summary_large_image","twitter_misc":{"Est. reading time":"2 minutes"},"schema":{"@context":"https:\/\/schema.org","@graph":[{"@type":"WebPage","@id":"https:\/\/dev.monti.lt\/product\/medinis-montessori-zaidimas-ferma\/","url":"https:\/\/dev.monti.lt\/product\/medinis-montessori-zaidimas-ferma\/","name":"Medinis Montessori stiliaus \u017eaidimas \"Ferma\" - Montessori \u017eaislai","isPartOf":{"@id":"https:\/\/dev.monti.lt\/#website"},"primaryImageOfPage":{"@id":"https:\/\/dev.monti.lt\/product\/medinis-montessori-zaidimas-ferma\/#primaryimage"},"image":{"@id":"https:\/\/dev.monti.lt\/product\/medinis-montessori-zaidimas-ferma\/#primaryimage"},"thumbnailUrl":"https:\/\/dev.monti.lt\/wp-content\/uploads\/2023\/10\/lit_pl_Medine-delione-Kruzzel-farm-22755-16999_15.jpg","datePublished":"2023-10-31T08:20:46+00:00","dateModified":"2024-08-20T11:43:52+00:00","breadcrumb":{"@id":"https:\/\/dev.monti.lt\/product\/medinis-montessori-zaidimas-ferma\/#breadcrumb"},"inLanguage":"en-US","potentialAction":[{"@type":"ReadAction","target":["https:\/\/dev.monti.lt\/product\/medinis-montessori-zaidimas-ferma\/"]}]},{"@type":"ImageObject","inLanguage":"en-US","@id":"https:\/\/dev.monti.lt\/product\/medinis-montessori-zaidimas-ferma\/#primaryimage","url":"https:\/\/dev.monti.lt\/wp-content\/uploads\/2023\/10\/lit_pl_Medine-delione-Kruzzel-farm-22755-16999_15.jpg","contentUrl":"https:\/\/dev.monti.lt\/wp-content\/uploads\/2023\/10\/lit_pl_Medine-delione-Kruzzel-farm-22755-16999_15.jpg","width":500,"height":500,"caption":"montessori zaidimas ferma"},{"@type":"BreadcrumbList","@id":"https:\/\/dev.monti.lt\/product\/medinis-montessori-zaidimas-ferma\/#breadcrumb","itemListElement":[{"@type":"ListItem","position":1,"name":"Home","item":"https:\/\/dev.monti.lt\/"},{"@type":"ListItem","position":2,"name":"Parduotuv\u0117","item":"https:\/\/dev.monti.lt\/shop\/"},{"@type":"ListItem","position":3,"name":"Medinis Montessori stiliaus \u017eaidimas &#8220;Ferma&#8221;"}]},{"@type":"WebSite","@id":"https:\/\/dev.monti.lt\/#website","url":"https:\/\/dev.monti.lt\/","name":"Montessori \u017eaislai","description":"","publisher":{"@id":"https:\/\/dev.monti.lt\/#organization"},"potentialAction":[{"@type":"SearchAction","target":{"@type":"EntryPoint","urlTemplate":"https:\/\/dev.monti.lt\/?s={search_term_string}"},"query-input":"required name=search_term_string"}],"inLanguage":"en-US"},{"@type":"Organization","@id":"https:\/\/dev.monti.lt\/#organization","name":"Montessori \u017eaislai","url":"https:\/\/dev.monti.lt\/","logo":{"@type":"ImageObject","inLanguage":"en-US","@id":"https:\/\/dev.monti.lt\/#\/schema\/logo\/image\/","url":"https:\/\/dev.monti.lt\/wp-content\/uploads\/2022\/03\/montilogo-1.png","contentUrl":"https:\/\/dev.monti.lt\/wp-content\/uploads\/2022\/03\/montilogo-1.png","width":512,"height":512,"caption":"Montessori \u017eaislai"},"image":{"@id":"https:\/\/dev.monti.lt\/#\/schema\/logo\/image\/"}}]}},"_links":{"self":[{"href":"https:\/\/dev.monti.lt\/en\/wp-json\/wp\/v2\/product\/18947"}],"collection":[{"href":"https:\/\/dev.monti.lt\/en\/wp-json\/wp\/v2\/product"}],"about":[{"href":"https:\/\/dev.monti.lt\/en\/wp-json\/wp\/v2\/types\/product"}],"version-history":[{"count":2,"href":"https:\/\/dev.monti.lt\/en\/wp-json\/wp\/v2\/product\/18947\/revisions"}],"predecessor-version":[{"id":20946,"href":"https:\/\/dev.monti.lt\/en\/wp-json\/wp\/v2\/product\/18947\/revisions\/20946"}],"wp:featuredmedia":[{"embeddable":true,"href":"https:\/\/dev.monti.lt\/en\/wp-json\/wp\/v2\/media\/18948"}],"wp:attachment":[{"href":"https:\/\/dev.monti.lt\/en\/wp-json\/wp\/v2\/media?parent=18947"}],"wp:term":[{"taxonomy":"product_cat","embeddable":true,"href":"https:\/\/dev.monti.lt\/en\/wp-json\/wp\/v2\/product_cat?post=18947"},{"taxonomy":"product_tag","embeddable":true,"href":"https:\/\/dev.monti.lt\/en\/wp-json\/wp\/v2\/product_tag?post=18947"}],"curies":[{"name":"wp","href":"https:\/\/api.w.org\/{rel}","templated":true}]}}