{"id":18915,"date":"2023-10-31T07:55:39","date_gmt":"2023-10-31T07:55:39","guid":{"rendered":"https:\/\/dev.monti.lt\/?post_type=product&#038;p=18915"},"modified":"2024-08-25T07:55:58","modified_gmt":"2024-08-25T07:55:58","slug":"medinis-edukacinis-namelis","status":"publish","type":"product","link":"https:\/\/dev.monti.lt\/en\/product\/medinis-edukacinis-namelis\/","title":{"rendered":"Medinis edukacinis namelis"},"content":{"rendered":"<h1 class=\"wp-block-heading\">Medinis daugiafunkcinis r\u016b\u0161iuoklis vaikams<\/h1><ul class=\"wp-block-list\"><li>\u00a0Kiekvienoje pus\u0117je yra skirtingas k\u016brybinis \u017eaislas, kuris daro \u012ftak\u0105 vaiko raidai. Yra cimbolai, 2 x formos r\u016b\u0161iuotojai ir perforatorius!<\/li>\n\n<li>Namas yra dalimis, tereikia juos sujungti ir pritvirtinti var\u017etais.\u00a0<strong>Yra visi elementai, kuri\u0173 jums prireiks j\u016bs\u0173 vaikui<\/strong>\u00a0. Nereikia papildom\u0173 \u012franki\u0173. J\u012f surenkant vaikui bus labai smagu.<\/li>\n\n<li>Mediniai \u017eaislai yra nesenstantis pasi\u016blymas, kuris prad\u017eiugins kiekvien\u0105 vaik\u0105. Klasikinis med\u017eio gro\u017eis ir ilgaam\u017ei\u0161kumas visada buvo labai vertinami.\u00a0<strong>\u0160i med\u017eiaga gerai atrodo tiek nat\u016bralios spalvos, tiek da\u017eyta, o d\u0117l to, kad \u017eaislas pagamintas i\u0161 med\u017eio, jis yra saugus kiekvienam vaikui.Nat\u016brali<\/strong>\u00a0med\u017eiaga rei\u0161kia, kad net jei vaikas \u017eaisl\u0105 \u012fsiki\u0161 \u012f burn\u0105, jis to nepadarys. liestis su dirbtin\u0117mis med\u017eiagomis.<\/li>\n\n<li>Interaktyvus \u017eaislas turi spalvingus kamuoliukus sm\u016bgiams ir plaktuk\u0105, taip pat moko spalv\u0173 ir skai\u010di\u0173. \u0160i funkcija palaiko vaiko jutimin\u0117s integracijos vystym\u0105si, skatina jo vaizduot\u0119 ir suteikia puiki\u0105 pramog\u0105.<\/li><\/ul><p><strong>SPECIFIKACIJA<\/strong><\/p><ul class=\"wp-block-list\"><li>spalva: daugiaspalvis<\/li>\n\n<li>med\u017eiaga: medis + plastikas<\/li>\n\n<li>savaranki\u0161kam surinkimui: taip<\/li>\n\n<li>i\u0161matavimai: 22 x 19 x 24 cm<\/li>\n\n<li>svoris: 1,303 kg<\/li>\n\n<li>pakuot\u0117s svoris: 1,604 kg<\/li><\/ul><p><strong>\u012eSKAITANT<\/strong><\/p><ul class=\"wp-block-list\"><li>var\u017etai<\/li>\n\n<li>namo elementai<\/li>\n\n<li>numeriai<\/li>\n\n<li>kamuoliukus<\/li>\n\n<li>plaktukas<\/li>\n\n<li>atsuktuvas<\/li>\n\n<li>Raktas<\/li><\/ul>","protected":false},"excerpt":{"rendered":"<p>Medinis daugiafunkcinis r\u016b\u0161iuoklis vaikams SPECIFIKACIJA \u012eSKAITANT<\/p>","protected":false},"featured_media":18916,"template":"","meta":{"iawp_total_views":170},"product_cat":[92,208,193,194,195,191,192,84,91,210,102,88,83,85,90,86,49,39],"product_tag":[95,96,97],"class_list":{"0":"post-18915","1":"product","2":"type-product","3":"status-publish","4":"has-post-thumbnail","6":"product_cat-deliones","7":"product_cat-deliones-2","8":"product_cat-dovanos-vaikams-1-2-metu","9":"product_cat-dovanos-vaikams-2-3-metu","10":"product_cat-dovanos-vaikams-3-4-metu","11":"product_cat-dovanos-vaikams","12":"product_cat-kaledines-dovanos-vaikams","13":"product_cat-lavinamieji-zaislai","14":"product_cat-loginiam-mastymui","15":"product_cat-medines-deliones","16":"product_cat-mediniai-zaislai","17":"product_cat-mokausi-zaisti","18":"product_cat-montessori-zaislai","19":"product_cat-muzikiniai-zaislai","20":"product_cat-pasaulio-pazinimas","21":"product_cat-smulkioji-motorika","22":"product_cat-visi-zaislai","23":"product_cat-zaislai","24":"product_tag-1-m-2-m","25":"product_tag-2-m-3-m","26":"product_tag-3-m-4-m","28":"first","29":"outofstock","30":"taxable","31":"shipping-taxable","32":"purchasable","33":"product-type-simple"},"yoast_head":"<!-- This site is optimized with the Yoast SEO plugin v23.3 - https:\/\/yoast.com\/wordpress\/plugins\/seo\/ -->\n<title>Medinis edukacinis namelis - Montessori \u017eaislai<\/title>\n<meta name=\"robots\" content=\"noindex, follow, max-snippet:-1, max-image-preview:large, max-video-preview:-1\" \/>\n<meta property=\"og:locale\" content=\"en_US\" \/>\n<meta property=\"og:type\" content=\"article\" \/>\n<meta property=\"og:title\" content=\"Medinis edukacinis namelis - Montessori \u017eaislai\" \/>\n<meta property=\"og:description\" content=\"Medinis daugiafunkcinis r\u016b\u0161iuoklis vaikams SPECIFIKACIJA \u012eSKAITANT\" \/>\n<meta property=\"og:url\" content=\"https:\/\/dev.monti.lt\/en\/product\/medinis-edukacinis-namelis\/\" \/>\n<meta property=\"og:site_name\" content=\"Montessori \u017eaislai\" \/>\n<meta property=\"article:modified_time\" content=\"2024-08-25T07:55:58+00:00\" \/>\n<meta property=\"og:image\" content=\"https:\/\/dev.monti.lt\/wp-content\/uploads\/2023\/10\/lit_pl_Medinis-edukacinis-namas-Kruzzel-22564-17019_13.jpg\" \/>\n\t<meta property=\"og:image:width\" content=\"500\" \/>\n\t<meta property=\"og:image:height\" content=\"500\" \/>\n\t<meta property=\"og:image:type\" content=\"image\/jpeg\" \/>\n<meta name=\"twitter:card\" content=\"summary_large_image\" \/>\n<meta name=\"twitter:label1\" content=\"Est. reading time\" \/>\n\t<meta name=\"twitter:data1\" content=\"1 minute\" \/>\n<script type=\"application\/ld+json\" class=\"yoast-schema-graph\">{\"@context\":\"https:\/\/schema.org\",\"@graph\":[{\"@type\":\"WebPage\",\"@id\":\"https:\/\/dev.monti.lt\/product\/medinis-edukacinis-namelis\/\",\"url\":\"https:\/\/dev.monti.lt\/product\/medinis-edukacinis-namelis\/\",\"name\":\"Medinis edukacinis namelis - Montessori \u017eaislai\",\"isPartOf\":{\"@id\":\"https:\/\/dev.monti.lt\/#website\"},\"primaryImageOfPage\":{\"@id\":\"https:\/\/dev.monti.lt\/product\/medinis-edukacinis-namelis\/#primaryimage\"},\"image\":{\"@id\":\"https:\/\/dev.monti.lt\/product\/medinis-edukacinis-namelis\/#primaryimage\"},\"thumbnailUrl\":\"https:\/\/dev.monti.lt\/wp-content\/uploads\/2023\/10\/lit_pl_Medinis-edukacinis-namas-Kruzzel-22564-17019_13.jpg\",\"datePublished\":\"2023-10-31T07:55:39+00:00\",\"dateModified\":\"2024-08-25T07:55:58+00:00\",\"breadcrumb\":{\"@id\":\"https:\/\/dev.monti.lt\/product\/medinis-edukacinis-namelis\/#breadcrumb\"},\"inLanguage\":\"en-US\",\"potentialAction\":[{\"@type\":\"ReadAction\",\"target\":[\"https:\/\/dev.monti.lt\/product\/medinis-edukacinis-namelis\/\"]}]},{\"@type\":\"ImageObject\",\"inLanguage\":\"en-US\",\"@id\":\"https:\/\/dev.monti.lt\/product\/medinis-edukacinis-namelis\/#primaryimage\",\"url\":\"https:\/\/dev.monti.lt\/wp-content\/uploads\/2023\/10\/lit_pl_Medinis-edukacinis-namas-Kruzzel-22564-17019_13.jpg\",\"contentUrl\":\"https:\/\/dev.monti.lt\/wp-content\/uploads\/2023\/10\/lit_pl_Medinis-edukacinis-namas-Kruzzel-22564-17019_13.jpg\",\"width\":500,\"height\":500,\"caption\":\"edukacinis zaislas\"},{\"@type\":\"BreadcrumbList\",\"@id\":\"https:\/\/dev.monti.lt\/product\/medinis-edukacinis-namelis\/#breadcrumb\",\"itemListElement\":[{\"@type\":\"ListItem\",\"position\":1,\"name\":\"Home\",\"item\":\"https:\/\/dev.monti.lt\/\"},{\"@type\":\"ListItem\",\"position\":2,\"name\":\"Parduotuv\u0117\",\"item\":\"https:\/\/dev.monti.lt\/shop\/\"},{\"@type\":\"ListItem\",\"position\":3,\"name\":\"Medinis edukacinis namelis\"}]},{\"@type\":\"WebSite\",\"@id\":\"https:\/\/dev.monti.lt\/#website\",\"url\":\"https:\/\/dev.monti.lt\/\",\"name\":\"Montessori \u017eaislai\",\"description\":\"\",\"publisher\":{\"@id\":\"https:\/\/dev.monti.lt\/#organization\"},\"potentialAction\":[{\"@type\":\"SearchAction\",\"target\":{\"@type\":\"EntryPoint\",\"urlTemplate\":\"https:\/\/dev.monti.lt\/?s={search_term_string}\"},\"query-input\":\"required name=search_term_string\"}],\"inLanguage\":\"en-US\"},{\"@type\":\"Organization\",\"@id\":\"https:\/\/dev.monti.lt\/#organization\",\"name\":\"Montessori \u017eaislai\",\"url\":\"https:\/\/dev.monti.lt\/\",\"logo\":{\"@type\":\"ImageObject\",\"inLanguage\":\"en-US\",\"@id\":\"https:\/\/dev.monti.lt\/#\/schema\/logo\/image\/\",\"url\":\"https:\/\/dev.monti.lt\/wp-content\/uploads\/2022\/03\/montilogo-1.png\",\"contentUrl\":\"https:\/\/dev.monti.lt\/wp-content\/uploads\/2022\/03\/montilogo-1.png\",\"width\":512,\"height\":512,\"caption\":\"Montessori \u017eaislai\"},\"image\":{\"@id\":\"https:\/\/dev.monti.lt\/#\/schema\/logo\/image\/\"}}]}<\/script>\n<!-- \/ Yoast SEO plugin. -->","yoast_head_json":{"title":"Medinis edukacinis namelis - Montessori \u017eaislai","robots":{"index":"noindex","follow":"follow","max-snippet":"max-snippet:-1","max-image-preview":"max-image-preview:large","max-video-preview":"max-video-preview:-1"},"og_locale":"en_US","og_type":"article","og_title":"Medinis edukacinis namelis - Montessori \u017eaislai","og_description":"Medinis daugiafunkcinis r\u016b\u0161iuoklis vaikams SPECIFIKACIJA \u012eSKAITANT","og_url":"https:\/\/dev.monti.lt\/en\/product\/medinis-edukacinis-namelis\/","og_site_name":"Montessori \u017eaislai","article_modified_time":"2024-08-25T07:55:58+00:00","og_image":[{"width":500,"height":500,"url":"https:\/\/dev.monti.lt\/wp-content\/uploads\/2023\/10\/lit_pl_Medinis-edukacinis-namas-Kruzzel-22564-17019_13.jpg","type":"image\/jpeg"}],"twitter_card":"summary_large_image","twitter_misc":{"Est. reading time":"1 minute"},"schema":{"@context":"https:\/\/schema.org","@graph":[{"@type":"WebPage","@id":"https:\/\/dev.monti.lt\/product\/medinis-edukacinis-namelis\/","url":"https:\/\/dev.monti.lt\/product\/medinis-edukacinis-namelis\/","name":"Medinis edukacinis namelis - Montessori \u017eaislai","isPartOf":{"@id":"https:\/\/dev.monti.lt\/#website"},"primaryImageOfPage":{"@id":"https:\/\/dev.monti.lt\/product\/medinis-edukacinis-namelis\/#primaryimage"},"image":{"@id":"https:\/\/dev.monti.lt\/product\/medinis-edukacinis-namelis\/#primaryimage"},"thumbnailUrl":"https:\/\/dev.monti.lt\/wp-content\/uploads\/2023\/10\/lit_pl_Medinis-edukacinis-namas-Kruzzel-22564-17019_13.jpg","datePublished":"2023-10-31T07:55:39+00:00","dateModified":"2024-08-25T07:55:58+00:00","breadcrumb":{"@id":"https:\/\/dev.monti.lt\/product\/medinis-edukacinis-namelis\/#breadcrumb"},"inLanguage":"en-US","potentialAction":[{"@type":"ReadAction","target":["https:\/\/dev.monti.lt\/product\/medinis-edukacinis-namelis\/"]}]},{"@type":"ImageObject","inLanguage":"en-US","@id":"https:\/\/dev.monti.lt\/product\/medinis-edukacinis-namelis\/#primaryimage","url":"https:\/\/dev.monti.lt\/wp-content\/uploads\/2023\/10\/lit_pl_Medinis-edukacinis-namas-Kruzzel-22564-17019_13.jpg","contentUrl":"https:\/\/dev.monti.lt\/wp-content\/uploads\/2023\/10\/lit_pl_Medinis-edukacinis-namas-Kruzzel-22564-17019_13.jpg","width":500,"height":500,"caption":"edukacinis zaislas"},{"@type":"BreadcrumbList","@id":"https:\/\/dev.monti.lt\/product\/medinis-edukacinis-namelis\/#breadcrumb","itemListElement":[{"@type":"ListItem","position":1,"name":"Home","item":"https:\/\/dev.monti.lt\/"},{"@type":"ListItem","position":2,"name":"Parduotuv\u0117","item":"https:\/\/dev.monti.lt\/shop\/"},{"@type":"ListItem","position":3,"name":"Medinis edukacinis namelis"}]},{"@type":"WebSite","@id":"https:\/\/dev.monti.lt\/#website","url":"https:\/\/dev.monti.lt\/","name":"Montessori \u017eaislai","description":"","publisher":{"@id":"https:\/\/dev.monti.lt\/#organization"},"potentialAction":[{"@type":"SearchAction","target":{"@type":"EntryPoint","urlTemplate":"https:\/\/dev.monti.lt\/?s={search_term_string}"},"query-input":"required name=search_term_string"}],"inLanguage":"en-US"},{"@type":"Organization","@id":"https:\/\/dev.monti.lt\/#organization","name":"Montessori \u017eaislai","url":"https:\/\/dev.monti.lt\/","logo":{"@type":"ImageObject","inLanguage":"en-US","@id":"https:\/\/dev.monti.lt\/#\/schema\/logo\/image\/","url":"https:\/\/dev.monti.lt\/wp-content\/uploads\/2022\/03\/montilogo-1.png","contentUrl":"https:\/\/dev.monti.lt\/wp-content\/uploads\/2022\/03\/montilogo-1.png","width":512,"height":512,"caption":"Montessori \u017eaislai"},"image":{"@id":"https:\/\/dev.monti.lt\/#\/schema\/logo\/image\/"}}]}},"_links":{"self":[{"href":"https:\/\/dev.monti.lt\/en\/wp-json\/wp\/v2\/product\/18915"}],"collection":[{"href":"https:\/\/dev.monti.lt\/en\/wp-json\/wp\/v2\/product"}],"about":[{"href":"https:\/\/dev.monti.lt\/en\/wp-json\/wp\/v2\/types\/product"}],"version-history":[{"count":1,"href":"https:\/\/dev.monti.lt\/en\/wp-json\/wp\/v2\/product\/18915\/revisions"}],"predecessor-version":[{"id":18929,"href":"https:\/\/dev.monti.lt\/en\/wp-json\/wp\/v2\/product\/18915\/revisions\/18929"}],"wp:featuredmedia":[{"embeddable":true,"href":"https:\/\/dev.monti.lt\/en\/wp-json\/wp\/v2\/media\/18916"}],"wp:attachment":[{"href":"https:\/\/dev.monti.lt\/en\/wp-json\/wp\/v2\/media?parent=18915"}],"wp:term":[{"taxonomy":"product_cat","embeddable":true,"href":"https:\/\/dev.monti.lt\/en\/wp-json\/wp\/v2\/product_cat?post=18915"},{"taxonomy":"product_tag","embeddable":true,"href":"https:\/\/dev.monti.lt\/en\/wp-json\/wp\/v2\/product_tag?post=18915"}],"curies":[{"name":"wp","href":"https:\/\/api.w.org\/{rel}","templated":true}]}}