{"id":18798,"date":"2023-10-26T07:51:04","date_gmt":"2023-10-26T07:51:04","guid":{"rendered":"https:\/\/dev.monti.lt\/?post_type=product&#038;p=18798"},"modified":"2024-10-01T10:07:42","modified_gmt":"2024-10-01T10:07:42","slug":"vaisiu-verimo-zaidimas","status":"publish","type":"product","link":"https:\/\/dev.monti.lt\/en\/product\/vaisiu-verimo-zaidimas\/","title":{"rendered":"Vaisi\u0173 v\u0117rimo \u017eaidimas"},"content":{"rendered":"<p><strong>Medinis sriegiklis su vaisiais<\/strong>&nbsp;i\u0161 \u017einomo&nbsp;<strong>Classic World<\/strong>&nbsp;prek\u0117s \u017eenklo yra puikus \u017eaislas j\u016bs\u0173 ma\u017eiausiems tyrin\u0117tojams.&nbsp;Rinkin\u012f sudaro&nbsp;<strong>12 vaisiaus formos medini\u0173 kalad\u0117li\u0173<\/strong>&nbsp;, kurios per medin\u0119 adat\u0105 \u012fsriegtos ant virvel\u0117s.&nbsp;\u0160io \u017eaislo d\u0117ka j\u016bs\u0173 vaikas&nbsp;<strong>lavins motorinius \u012fg\u016bd\u017eius ir praturtins vaizduot\u0119.&nbsp;<\/strong>\u017daislas taip pat skirtas&nbsp;<strong>i\u0161mokyti vaik\u0105 vaisi\u0173 pavadinim\u0173 ir j\u0173 spalv\u0173.&nbsp;<\/strong>Rinkinys&nbsp;<strong>su\u017eadins<\/strong>&nbsp;J\u016bs\u0173 vaiko smalsum\u0105 ir suteiks linksmybi\u0173 valand\u0173 valandas \u2013&nbsp;<strong>kalad\u0117les galima i\u0161d\u0117lioti bet kaip.<\/strong><\/p><p><strong>Charakteristika:<\/strong><\/p><ul class=\"wp-block-list\"><li><strong>&#8211;<\/strong>&nbsp;nuo&nbsp;<strong>18 m\u0117nesi\u0173,<\/strong><\/li>\n\n<li><strong>&#8211;<\/strong>&nbsp;rinkinyje yra&nbsp;<strong>12 vaisiaus formos medini\u0173 gra\u017ei\u0173 spalv\u0173 karoliuk\u0173,<\/strong><\/li>\n\n<li><strong>&#8211;<\/strong>&nbsp;komplekte yra&nbsp;<strong>virvel\u0117 su medine adata sriegimui,<\/strong><\/li>\n\n<li><strong>&#8211;<\/strong>&nbsp;visa med\u017eiaga pagaminta i\u0161&nbsp;<strong>lakuotos medienos ir nuda\u017eyta netoksi\u0161kais da\u017eais.<\/strong><\/li><\/ul><p><strong>\u017daislas vysto:<\/strong><\/p><ul class=\"wp-block-list\"><li><strong>&#8211; rankiniai \u012fg\u016bd\u017eiai,<\/strong><\/li>\n\n<li><strong>&#8211; rank\u0173 ir aki\u0173 koordinacija,<\/strong><\/li>\n\n<li><strong>&#8211; k\u016brybi\u0161kumas,<\/strong><\/li>\n\n<li><strong>&#8211; vaizduot\u0117s.<\/strong><\/li><\/ul><p><strong>Ekologi\u0161ki \u017eaislai<\/strong>\u00a0\u00a0 skirti patiems ma\u017eiausiems vaikams ir yra pagaminti i\u0161 visi\u0161kai nat\u016brali\u0173, biologi\u0161kai skaid\u017ei\u0173 ir hipoalergini\u0173 med\u017eiag\u0173, tod\u0117l yra 100% saug\u016bs ir nekenksmingi ne tik aplinkai, bet ir J\u016bs\u0173 vaikui.<\/p><p>I\u0161matavimai: 9,3 \u00d7 2,1 \u00d7 26 (cm)<\/p>","protected":false},"excerpt":{"rendered":"<p>Medinis sriegiklis su vaisiais&nbsp;i\u0161 \u017einomo&nbsp;Classic World&nbsp;prek\u0117s \u017eenklo yra puikus \u017eaislas j\u016bs\u0173 ma\u017eiausiems tyrin\u0117tojams.&nbsp;Rinkin\u012f sudaro&nbsp;12 vaisiaus formos medini\u0173 kalad\u0117li\u0173&nbsp;, kurios per medin\u0119 adat\u0105 \u012fsriegtos ant virvel\u0117s.&nbsp;\u0160io \u017eaislo d\u0117ka j\u016bs\u0173 vaikas&nbsp;lavins motorinius \u012fg\u016bd\u017eius ir praturtins vaizduot\u0119.&nbsp;\u017daislas taip pat skirtas&nbsp;i\u0161mokyti vaik\u0105 vaisi\u0173 pavadinim\u0173 ir j\u0173 spalv\u0173.&nbsp;Rinkinys&nbsp;su\u017eadins&nbsp;J\u016bs\u0173 vaiko smalsum\u0105 ir suteiks linksmybi\u0173 valand\u0173 valandas \u2013&nbsp;kalad\u0117les galima i\u0161d\u0117lioti bet kaip. [&hellip;]<\/p>","protected":false},"featured_media":18799,"template":"","meta":{"iawp_total_views":92},"product_cat":[213,82,84,102,83,90,86,49,39],"product_tag":[95,96,97],"class_list":{"0":"post-18798","1":"product","2":"type-product","3":"status-publish","4":"has-post-thumbnail","6":"product_cat-akcija","7":"product_cat-ispardavimas","8":"product_cat-lavinamieji-zaislai","9":"product_cat-mediniai-zaislai","10":"product_cat-montessori-zaislai","11":"product_cat-pasaulio-pazinimas","12":"product_cat-smulkioji-motorika","13":"product_cat-visi-zaislai","14":"product_cat-zaislai","15":"product_tag-1-m-2-m","16":"product_tag-2-m-3-m","17":"product_tag-3-m-4-m","19":"first","20":"instock","21":"sale","22":"taxable","23":"shipping-taxable","24":"purchasable","25":"product-type-simple"},"yoast_head":"<!-- This site is optimized with the Yoast SEO plugin v23.3 - https:\/\/yoast.com\/wordpress\/plugins\/seo\/ -->\n<title>Vaisi\u0173 v\u0117rimo \u017eaidimas - Montessori \u017eaislai<\/title>\n<meta name=\"robots\" content=\"noindex, follow, max-snippet:-1, max-image-preview:large, max-video-preview:-1\" \/>\n<meta property=\"og:locale\" content=\"en_US\" \/>\n<meta property=\"og:type\" content=\"article\" \/>\n<meta property=\"og:title\" content=\"Vaisi\u0173 v\u0117rimo \u017eaidimas - Montessori \u017eaislai\" \/>\n<meta property=\"og:description\" content=\"Medinis sriegiklis su vaisiais&nbsp;i\u0161 \u017einomo&nbsp;Classic World&nbsp;prek\u0117s \u017eenklo yra puikus \u017eaislas j\u016bs\u0173 ma\u017eiausiems tyrin\u0117tojams.&nbsp;Rinkin\u012f sudaro&nbsp;12 vaisiaus formos medini\u0173 kalad\u0117li\u0173&nbsp;, kurios per medin\u0119 adat\u0105 \u012fsriegtos ant virvel\u0117s.&nbsp;\u0160io \u017eaislo d\u0117ka j\u016bs\u0173 vaikas&nbsp;lavins motorinius \u012fg\u016bd\u017eius ir praturtins vaizduot\u0119.&nbsp;\u017daislas taip pat skirtas&nbsp;i\u0161mokyti vaik\u0105 vaisi\u0173 pavadinim\u0173 ir j\u0173 spalv\u0173.&nbsp;Rinkinys&nbsp;su\u017eadins&nbsp;J\u016bs\u0173 vaiko smalsum\u0105 ir suteiks linksmybi\u0173 valand\u0173 valandas \u2013&nbsp;kalad\u0117les galima i\u0161d\u0117lioti bet kaip. [&hellip;]\" \/>\n<meta property=\"og:url\" content=\"https:\/\/dev.monti.lt\/en\/product\/vaisiu-verimo-zaidimas\/\" \/>\n<meta property=\"og:site_name\" content=\"Montessori \u017eaislai\" \/>\n<meta property=\"article:modified_time\" content=\"2024-10-01T10:07:42+00:00\" \/>\n<meta property=\"og:image\" content=\"https:\/\/dev.monti.lt\/wp-content\/uploads\/2023\/10\/classic-world-drewniane-klocki-do-nawlekania-owoce-13-el.jpg\" \/>\n\t<meta property=\"og:image:width\" content=\"800\" \/>\n\t<meta property=\"og:image:height\" content=\"800\" \/>\n\t<meta property=\"og:image:type\" content=\"image\/jpeg\" \/>\n<meta name=\"twitter:card\" content=\"summary_large_image\" \/>\n<meta name=\"twitter:label1\" content=\"Est. reading time\" \/>\n\t<meta name=\"twitter:data1\" content=\"1 minute\" \/>\n<script type=\"application\/ld+json\" class=\"yoast-schema-graph\">{\"@context\":\"https:\/\/schema.org\",\"@graph\":[{\"@type\":\"WebPage\",\"@id\":\"https:\/\/dev.monti.lt\/product\/vaisiu-verimo-zaidimas\/\",\"url\":\"https:\/\/dev.monti.lt\/product\/vaisiu-verimo-zaidimas\/\",\"name\":\"Vaisi\u0173 v\u0117rimo \u017eaidimas - Montessori \u017eaislai\",\"isPartOf\":{\"@id\":\"https:\/\/dev.monti.lt\/#website\"},\"primaryImageOfPage\":{\"@id\":\"https:\/\/dev.monti.lt\/product\/vaisiu-verimo-zaidimas\/#primaryimage\"},\"image\":{\"@id\":\"https:\/\/dev.monti.lt\/product\/vaisiu-verimo-zaidimas\/#primaryimage\"},\"thumbnailUrl\":\"https:\/\/dev.monti.lt\/wp-content\/uploads\/2023\/10\/classic-world-drewniane-klocki-do-nawlekania-owoce-13-el.jpg\",\"datePublished\":\"2023-10-26T07:51:04+00:00\",\"dateModified\":\"2024-10-01T10:07:42+00:00\",\"breadcrumb\":{\"@id\":\"https:\/\/dev.monti.lt\/product\/vaisiu-verimo-zaidimas\/#breadcrumb\"},\"inLanguage\":\"en-US\",\"potentialAction\":[{\"@type\":\"ReadAction\",\"target\":[\"https:\/\/dev.monti.lt\/product\/vaisiu-verimo-zaidimas\/\"]}]},{\"@type\":\"ImageObject\",\"inLanguage\":\"en-US\",\"@id\":\"https:\/\/dev.monti.lt\/product\/vaisiu-verimo-zaidimas\/#primaryimage\",\"url\":\"https:\/\/dev.monti.lt\/wp-content\/uploads\/2023\/10\/classic-world-drewniane-klocki-do-nawlekania-owoce-13-el.jpg\",\"contentUrl\":\"https:\/\/dev.monti.lt\/wp-content\/uploads\/2023\/10\/classic-world-drewniane-klocki-do-nawlekania-owoce-13-el.jpg\",\"width\":800,\"height\":800,\"caption\":\"verimo zaidimas\"},{\"@type\":\"BreadcrumbList\",\"@id\":\"https:\/\/dev.monti.lt\/product\/vaisiu-verimo-zaidimas\/#breadcrumb\",\"itemListElement\":[{\"@type\":\"ListItem\",\"position\":1,\"name\":\"Home\",\"item\":\"https:\/\/dev.monti.lt\/\"},{\"@type\":\"ListItem\",\"position\":2,\"name\":\"Parduotuv\u0117\",\"item\":\"https:\/\/dev.monti.lt\/shop\/\"},{\"@type\":\"ListItem\",\"position\":3,\"name\":\"Vaisi\u0173 v\u0117rimo \u017eaidimas\"}]},{\"@type\":\"WebSite\",\"@id\":\"https:\/\/dev.monti.lt\/#website\",\"url\":\"https:\/\/dev.monti.lt\/\",\"name\":\"Montessori \u017eaislai\",\"description\":\"\",\"publisher\":{\"@id\":\"https:\/\/dev.monti.lt\/#organization\"},\"potentialAction\":[{\"@type\":\"SearchAction\",\"target\":{\"@type\":\"EntryPoint\",\"urlTemplate\":\"https:\/\/dev.monti.lt\/?s={search_term_string}\"},\"query-input\":\"required name=search_term_string\"}],\"inLanguage\":\"en-US\"},{\"@type\":\"Organization\",\"@id\":\"https:\/\/dev.monti.lt\/#organization\",\"name\":\"Montessori \u017eaislai\",\"url\":\"https:\/\/dev.monti.lt\/\",\"logo\":{\"@type\":\"ImageObject\",\"inLanguage\":\"en-US\",\"@id\":\"https:\/\/dev.monti.lt\/#\/schema\/logo\/image\/\",\"url\":\"https:\/\/dev.monti.lt\/wp-content\/uploads\/2022\/03\/montilogo-1.png\",\"contentUrl\":\"https:\/\/dev.monti.lt\/wp-content\/uploads\/2022\/03\/montilogo-1.png\",\"width\":512,\"height\":512,\"caption\":\"Montessori \u017eaislai\"},\"image\":{\"@id\":\"https:\/\/dev.monti.lt\/#\/schema\/logo\/image\/\"}}]}<\/script>\n<!-- \/ Yoast SEO plugin. -->","yoast_head_json":{"title":"Vaisi\u0173 v\u0117rimo \u017eaidimas - Montessori \u017eaislai","robots":{"index":"noindex","follow":"follow","max-snippet":"max-snippet:-1","max-image-preview":"max-image-preview:large","max-video-preview":"max-video-preview:-1"},"og_locale":"en_US","og_type":"article","og_title":"Vaisi\u0173 v\u0117rimo \u017eaidimas - Montessori \u017eaislai","og_description":"Medinis sriegiklis su vaisiais&nbsp;i\u0161 \u017einomo&nbsp;Classic World&nbsp;prek\u0117s \u017eenklo yra puikus \u017eaislas j\u016bs\u0173 ma\u017eiausiems tyrin\u0117tojams.&nbsp;Rinkin\u012f sudaro&nbsp;12 vaisiaus formos medini\u0173 kalad\u0117li\u0173&nbsp;, kurios per medin\u0119 adat\u0105 \u012fsriegtos ant virvel\u0117s.&nbsp;\u0160io \u017eaislo d\u0117ka j\u016bs\u0173 vaikas&nbsp;lavins motorinius \u012fg\u016bd\u017eius ir praturtins vaizduot\u0119.&nbsp;\u017daislas taip pat skirtas&nbsp;i\u0161mokyti vaik\u0105 vaisi\u0173 pavadinim\u0173 ir j\u0173 spalv\u0173.&nbsp;Rinkinys&nbsp;su\u017eadins&nbsp;J\u016bs\u0173 vaiko smalsum\u0105 ir suteiks linksmybi\u0173 valand\u0173 valandas \u2013&nbsp;kalad\u0117les galima i\u0161d\u0117lioti bet kaip. [&hellip;]","og_url":"https:\/\/dev.monti.lt\/en\/product\/vaisiu-verimo-zaidimas\/","og_site_name":"Montessori \u017eaislai","article_modified_time":"2024-10-01T10:07:42+00:00","og_image":[{"width":800,"height":800,"url":"https:\/\/dev.monti.lt\/wp-content\/uploads\/2023\/10\/classic-world-drewniane-klocki-do-nawlekania-owoce-13-el.jpg","type":"image\/jpeg"}],"twitter_card":"summary_large_image","twitter_misc":{"Est. reading time":"1 minute"},"schema":{"@context":"https:\/\/schema.org","@graph":[{"@type":"WebPage","@id":"https:\/\/dev.monti.lt\/product\/vaisiu-verimo-zaidimas\/","url":"https:\/\/dev.monti.lt\/product\/vaisiu-verimo-zaidimas\/","name":"Vaisi\u0173 v\u0117rimo \u017eaidimas - Montessori \u017eaislai","isPartOf":{"@id":"https:\/\/dev.monti.lt\/#website"},"primaryImageOfPage":{"@id":"https:\/\/dev.monti.lt\/product\/vaisiu-verimo-zaidimas\/#primaryimage"},"image":{"@id":"https:\/\/dev.monti.lt\/product\/vaisiu-verimo-zaidimas\/#primaryimage"},"thumbnailUrl":"https:\/\/dev.monti.lt\/wp-content\/uploads\/2023\/10\/classic-world-drewniane-klocki-do-nawlekania-owoce-13-el.jpg","datePublished":"2023-10-26T07:51:04+00:00","dateModified":"2024-10-01T10:07:42+00:00","breadcrumb":{"@id":"https:\/\/dev.monti.lt\/product\/vaisiu-verimo-zaidimas\/#breadcrumb"},"inLanguage":"en-US","potentialAction":[{"@type":"ReadAction","target":["https:\/\/dev.monti.lt\/product\/vaisiu-verimo-zaidimas\/"]}]},{"@type":"ImageObject","inLanguage":"en-US","@id":"https:\/\/dev.monti.lt\/product\/vaisiu-verimo-zaidimas\/#primaryimage","url":"https:\/\/dev.monti.lt\/wp-content\/uploads\/2023\/10\/classic-world-drewniane-klocki-do-nawlekania-owoce-13-el.jpg","contentUrl":"https:\/\/dev.monti.lt\/wp-content\/uploads\/2023\/10\/classic-world-drewniane-klocki-do-nawlekania-owoce-13-el.jpg","width":800,"height":800,"caption":"verimo zaidimas"},{"@type":"BreadcrumbList","@id":"https:\/\/dev.monti.lt\/product\/vaisiu-verimo-zaidimas\/#breadcrumb","itemListElement":[{"@type":"ListItem","position":1,"name":"Home","item":"https:\/\/dev.monti.lt\/"},{"@type":"ListItem","position":2,"name":"Parduotuv\u0117","item":"https:\/\/dev.monti.lt\/shop\/"},{"@type":"ListItem","position":3,"name":"Vaisi\u0173 v\u0117rimo \u017eaidimas"}]},{"@type":"WebSite","@id":"https:\/\/dev.monti.lt\/#website","url":"https:\/\/dev.monti.lt\/","name":"Montessori \u017eaislai","description":"","publisher":{"@id":"https:\/\/dev.monti.lt\/#organization"},"potentialAction":[{"@type":"SearchAction","target":{"@type":"EntryPoint","urlTemplate":"https:\/\/dev.monti.lt\/?s={search_term_string}"},"query-input":"required name=search_term_string"}],"inLanguage":"en-US"},{"@type":"Organization","@id":"https:\/\/dev.monti.lt\/#organization","name":"Montessori \u017eaislai","url":"https:\/\/dev.monti.lt\/","logo":{"@type":"ImageObject","inLanguage":"en-US","@id":"https:\/\/dev.monti.lt\/#\/schema\/logo\/image\/","url":"https:\/\/dev.monti.lt\/wp-content\/uploads\/2022\/03\/montilogo-1.png","contentUrl":"https:\/\/dev.monti.lt\/wp-content\/uploads\/2022\/03\/montilogo-1.png","width":512,"height":512,"caption":"Montessori \u017eaislai"},"image":{"@id":"https:\/\/dev.monti.lt\/#\/schema\/logo\/image\/"}}]}},"_links":{"self":[{"href":"https:\/\/dev.monti.lt\/en\/wp-json\/wp\/v2\/product\/18798"}],"collection":[{"href":"https:\/\/dev.monti.lt\/en\/wp-json\/wp\/v2\/product"}],"about":[{"href":"https:\/\/dev.monti.lt\/en\/wp-json\/wp\/v2\/types\/product"}],"version-history":[{"count":1,"href":"https:\/\/dev.monti.lt\/en\/wp-json\/wp\/v2\/product\/18798\/revisions"}],"predecessor-version":[{"id":18806,"href":"https:\/\/dev.monti.lt\/en\/wp-json\/wp\/v2\/product\/18798\/revisions\/18806"}],"wp:featuredmedia":[{"embeddable":true,"href":"https:\/\/dev.monti.lt\/en\/wp-json\/wp\/v2\/media\/18799"}],"wp:attachment":[{"href":"https:\/\/dev.monti.lt\/en\/wp-json\/wp\/v2\/media?parent=18798"}],"wp:term":[{"taxonomy":"product_cat","embeddable":true,"href":"https:\/\/dev.monti.lt\/en\/wp-json\/wp\/v2\/product_cat?post=18798"},{"taxonomy":"product_tag","embeddable":true,"href":"https:\/\/dev.monti.lt\/en\/wp-json\/wp\/v2\/product_tag?post=18798"}],"curies":[{"name":"wp","href":"https:\/\/api.w.org\/{rel}","templated":true}]}}