{"id":18767,"date":"2023-10-25T08:14:26","date_gmt":"2023-10-25T08:14:26","guid":{"rendered":"https:\/\/dev.monti.lt\/?post_type=product&#038;p=18767"},"modified":"2024-07-18T07:03:45","modified_gmt":"2024-07-18T07:03:45","slug":"sulankstoma-vonele-kudikiui-krabas","status":"publish","type":"product","link":"https:\/\/dev.monti.lt\/en\/product\/sulankstoma-vonele-kudikiui-krabas\/","title":{"rendered":"Sulankstoma vonel\u0117 k\u016bdikiui &#8220;Krabas&#8221;"},"content":{"rendered":"<p>DIDEL\u0116 SULANKSTOMA SILIKONIN\u0116 KELIONIN\u0116 VONIA<\/p><p>Idealus sprendimas t\u0117vams, kurie:<\/p><p>da\u017enai keliauja<br>turi ma\u017eai vietos tradicinei voniai laikyti<br>vertina prakti\u0161kum\u0105<br>m\u0117gsta tvark\u0105<br>nori, kad j\u0173 k\u016bdikis b\u016bt\u0173 saugus<br>vertina gaminius, pagamintus i\u0161 ger\u0173 med\u017eiag\u0173<br>nori vien\u0105 kart\u0105 nusipirkti kokybi\u0161k\u0105 gamin\u012f, kuris tarnaus ilgai (vonel\u0117 auga kartu su vaiku)<br>nem\u0117gsta permok\u0117ti<br>\u2764\ufe0f Jei \u012f visus pirmiau i\u0161vardytus klausimus atsak\u0117te TAIP, pasirinkote puikiai!<\/p><p>NICEkids k\u016bdiki\u0173 vonel\u0117 yra puikus sprendimas kiekvienam k\u016bdikiui.<\/p><p>\u2705 PATOGI IR FUNKCIONALI:<\/p><p>pagaminta i\u0161 auk\u0161tos kokyb\u0117s med\u017eiag\u0173<br>lengva<br>tvirta<br>lengva i\u0161skleisti ir sulankstyti<br>turi neslystan\u010dias kojeles<br>rankena voniai ne\u0161ti arba pakabinti<br>kruop\u0161\u010diai i\u0161baigta kiekviena detal\u0117<br>\u2705 Vonel\u0117 taip pat yra IDEALI DOVAN\u0116L\u0116 b\u016bsimiems ar naujiems t\u0117vams!!!<\/p>","protected":false},"excerpt":{"rendered":"<p>DIDEL\u0116 SULANKSTOMA SILIKONIN\u0116 KELIONIN\u0116 VONIA Idealus sprendimas t\u0117vams, kurie: da\u017enai keliaujaturi ma\u017eai vietos tradicinei voniai laikytivertina prakti\u0161kum\u0105m\u0117gsta tvark\u0105nori, kad j\u0173 k\u016bdikis b\u016bt\u0173 saugusvertina gaminius, pagamintus i\u0161 ger\u0173 med\u017eiag\u0173nori vien\u0105 kart\u0105 nusipirkti kokybi\u0161k\u0105 gamin\u012f, kuris tarnaus ilgai (vonel\u0117 auga kartu su vaiku)nem\u0117gsta permok\u0117ti\u2764\ufe0f Jei \u012f visus pirmiau i\u0161vardytus klausimus atsak\u0117te TAIP, pasirinkote puikiai! NICEkids k\u016bdiki\u0173 vonel\u0117 [&hellip;]<\/p>","protected":false},"featured_media":18768,"template":"","meta":{"iawp_total_views":88},"product_cat":[200,192,190],"product_tag":[95,94],"class_list":{"0":"post-18767","1":"product","2":"type-product","3":"status-publish","4":"has-post-thumbnail","6":"product_cat-dovanos-kudikiams","7":"product_cat-kaledines-dovanos-vaikams","8":"product_cat-maudynems","9":"product_tag-1-m-2-m","10":"product_tag-iki-1-m","12":"first","13":"outofstock","14":"sale","15":"taxable","16":"shipping-taxable","17":"purchasable","18":"product-type-simple"},"yoast_head":"<!-- This site is optimized with the Yoast SEO plugin v23.3 - https:\/\/yoast.com\/wordpress\/plugins\/seo\/ -->\n<title>Sulankstoma vonel\u0117 k\u016bdikiui &quot;Krabas&quot; - Montessori \u017eaislai<\/title>\n<meta name=\"robots\" content=\"noindex, follow, max-snippet:-1, max-image-preview:large, max-video-preview:-1\" \/>\n<meta property=\"og:locale\" content=\"en_US\" \/>\n<meta property=\"og:type\" content=\"article\" \/>\n<meta property=\"og:title\" content=\"Sulankstoma vonel\u0117 k\u016bdikiui &quot;Krabas&quot; - Montessori \u017eaislai\" \/>\n<meta property=\"og:description\" content=\"DIDEL\u0116 SULANKSTOMA SILIKONIN\u0116 KELIONIN\u0116 VONIA Idealus sprendimas t\u0117vams, kurie: da\u017enai keliaujaturi ma\u017eai vietos tradicinei voniai laikytivertina prakti\u0161kum\u0105m\u0117gsta tvark\u0105nori, kad j\u0173 k\u016bdikis b\u016bt\u0173 saugusvertina gaminius, pagamintus i\u0161 ger\u0173 med\u017eiag\u0173nori vien\u0105 kart\u0105 nusipirkti kokybi\u0161k\u0105 gamin\u012f, kuris tarnaus ilgai (vonel\u0117 auga kartu su vaiku)nem\u0117gsta permok\u0117ti\u2764\ufe0f Jei \u012f visus pirmiau i\u0161vardytus klausimus atsak\u0117te TAIP, pasirinkote puikiai! NICEkids k\u016bdiki\u0173 vonel\u0117 [&hellip;]\" \/>\n<meta property=\"og:url\" content=\"https:\/\/dev.monti.lt\/en\/product\/sulankstoma-vonele-kudikiui-krabas\/\" \/>\n<meta property=\"og:site_name\" content=\"Montessori \u017eaislai\" \/>\n<meta property=\"article:modified_time\" content=\"2024-07-18T07:03:45+00:00\" \/>\n<meta property=\"og:image\" content=\"https:\/\/dev.monti.lt\/wp-content\/uploads\/2023\/10\/duza-wanienka-wanna-dzieci-skladana-turystyczna-silikon-zielona.webp\" \/>\n\t<meta property=\"og:image:width\" content=\"800\" \/>\n\t<meta property=\"og:image:height\" content=\"800\" \/>\n\t<meta property=\"og:image:type\" content=\"image\/webp\" \/>\n<meta name=\"twitter:card\" content=\"summary_large_image\" \/>\n<meta name=\"twitter:label1\" content=\"Est. reading time\" \/>\n\t<meta name=\"twitter:data1\" content=\"1 minute\" \/>\n<script type=\"application\/ld+json\" class=\"yoast-schema-graph\">{\"@context\":\"https:\/\/schema.org\",\"@graph\":[{\"@type\":\"WebPage\",\"@id\":\"https:\/\/dev.monti.lt\/product\/sulankstoma-vonele-kudikiui-krabas\/\",\"url\":\"https:\/\/dev.monti.lt\/product\/sulankstoma-vonele-kudikiui-krabas\/\",\"name\":\"Sulankstoma vonel\u0117 k\u016bdikiui \\\"Krabas\\\" - Montessori \u017eaislai\",\"isPartOf\":{\"@id\":\"https:\/\/dev.monti.lt\/#website\"},\"primaryImageOfPage\":{\"@id\":\"https:\/\/dev.monti.lt\/product\/sulankstoma-vonele-kudikiui-krabas\/#primaryimage\"},\"image\":{\"@id\":\"https:\/\/dev.monti.lt\/product\/sulankstoma-vonele-kudikiui-krabas\/#primaryimage\"},\"thumbnailUrl\":\"https:\/\/dev.monti.lt\/wp-content\/uploads\/2023\/10\/duza-wanienka-wanna-dzieci-skladana-turystyczna-silikon-zielona.webp\",\"datePublished\":\"2023-10-25T08:14:26+00:00\",\"dateModified\":\"2024-07-18T07:03:45+00:00\",\"breadcrumb\":{\"@id\":\"https:\/\/dev.monti.lt\/product\/sulankstoma-vonele-kudikiui-krabas\/#breadcrumb\"},\"inLanguage\":\"en-US\",\"potentialAction\":[{\"@type\":\"ReadAction\",\"target\":[\"https:\/\/dev.monti.lt\/product\/sulankstoma-vonele-kudikiui-krabas\/\"]}]},{\"@type\":\"ImageObject\",\"inLanguage\":\"en-US\",\"@id\":\"https:\/\/dev.monti.lt\/product\/sulankstoma-vonele-kudikiui-krabas\/#primaryimage\",\"url\":\"https:\/\/dev.monti.lt\/wp-content\/uploads\/2023\/10\/duza-wanienka-wanna-dzieci-skladana-turystyczna-silikon-zielona.webp\",\"contentUrl\":\"https:\/\/dev.monti.lt\/wp-content\/uploads\/2023\/10\/duza-wanienka-wanna-dzieci-skladana-turystyczna-silikon-zielona.webp\",\"width\":800,\"height\":800,\"caption\":\"vonele kudikiui\"},{\"@type\":\"BreadcrumbList\",\"@id\":\"https:\/\/dev.monti.lt\/product\/sulankstoma-vonele-kudikiui-krabas\/#breadcrumb\",\"itemListElement\":[{\"@type\":\"ListItem\",\"position\":1,\"name\":\"Home\",\"item\":\"https:\/\/dev.monti.lt\/\"},{\"@type\":\"ListItem\",\"position\":2,\"name\":\"Parduotuv\u0117\",\"item\":\"https:\/\/dev.monti.lt\/shop\/\"},{\"@type\":\"ListItem\",\"position\":3,\"name\":\"Sulankstoma vonel\u0117 k\u016bdikiui &#8220;Krabas&#8221;\"}]},{\"@type\":\"WebSite\",\"@id\":\"https:\/\/dev.monti.lt\/#website\",\"url\":\"https:\/\/dev.monti.lt\/\",\"name\":\"Montessori \u017eaislai\",\"description\":\"\",\"publisher\":{\"@id\":\"https:\/\/dev.monti.lt\/#organization\"},\"potentialAction\":[{\"@type\":\"SearchAction\",\"target\":{\"@type\":\"EntryPoint\",\"urlTemplate\":\"https:\/\/dev.monti.lt\/?s={search_term_string}\"},\"query-input\":\"required name=search_term_string\"}],\"inLanguage\":\"en-US\"},{\"@type\":\"Organization\",\"@id\":\"https:\/\/dev.monti.lt\/#organization\",\"name\":\"Montessori \u017eaislai\",\"url\":\"https:\/\/dev.monti.lt\/\",\"logo\":{\"@type\":\"ImageObject\",\"inLanguage\":\"en-US\",\"@id\":\"https:\/\/dev.monti.lt\/#\/schema\/logo\/image\/\",\"url\":\"https:\/\/dev.monti.lt\/wp-content\/uploads\/2022\/03\/montilogo-1.png\",\"contentUrl\":\"https:\/\/dev.monti.lt\/wp-content\/uploads\/2022\/03\/montilogo-1.png\",\"width\":512,\"height\":512,\"caption\":\"Montessori \u017eaislai\"},\"image\":{\"@id\":\"https:\/\/dev.monti.lt\/#\/schema\/logo\/image\/\"}}]}<\/script>\n<!-- \/ Yoast SEO plugin. -->","yoast_head_json":{"title":"Sulankstoma vonel\u0117 k\u016bdikiui \"Krabas\" - Montessori \u017eaislai","robots":{"index":"noindex","follow":"follow","max-snippet":"max-snippet:-1","max-image-preview":"max-image-preview:large","max-video-preview":"max-video-preview:-1"},"og_locale":"en_US","og_type":"article","og_title":"Sulankstoma vonel\u0117 k\u016bdikiui \"Krabas\" - Montessori \u017eaislai","og_description":"DIDEL\u0116 SULANKSTOMA SILIKONIN\u0116 KELIONIN\u0116 VONIA Idealus sprendimas t\u0117vams, kurie: da\u017enai keliaujaturi ma\u017eai vietos tradicinei voniai laikytivertina prakti\u0161kum\u0105m\u0117gsta tvark\u0105nori, kad j\u0173 k\u016bdikis b\u016bt\u0173 saugusvertina gaminius, pagamintus i\u0161 ger\u0173 med\u017eiag\u0173nori vien\u0105 kart\u0105 nusipirkti kokybi\u0161k\u0105 gamin\u012f, kuris tarnaus ilgai (vonel\u0117 auga kartu su vaiku)nem\u0117gsta permok\u0117ti\u2764\ufe0f Jei \u012f visus pirmiau i\u0161vardytus klausimus atsak\u0117te TAIP, pasirinkote puikiai! NICEkids k\u016bdiki\u0173 vonel\u0117 [&hellip;]","og_url":"https:\/\/dev.monti.lt\/en\/product\/sulankstoma-vonele-kudikiui-krabas\/","og_site_name":"Montessori \u017eaislai","article_modified_time":"2024-07-18T07:03:45+00:00","og_image":[{"width":800,"height":800,"url":"https:\/\/dev.monti.lt\/wp-content\/uploads\/2023\/10\/duza-wanienka-wanna-dzieci-skladana-turystyczna-silikon-zielona.webp","type":"image\/webp"}],"twitter_card":"summary_large_image","twitter_misc":{"Est. reading time":"1 minute"},"schema":{"@context":"https:\/\/schema.org","@graph":[{"@type":"WebPage","@id":"https:\/\/dev.monti.lt\/product\/sulankstoma-vonele-kudikiui-krabas\/","url":"https:\/\/dev.monti.lt\/product\/sulankstoma-vonele-kudikiui-krabas\/","name":"Sulankstoma vonel\u0117 k\u016bdikiui \"Krabas\" - Montessori \u017eaislai","isPartOf":{"@id":"https:\/\/dev.monti.lt\/#website"},"primaryImageOfPage":{"@id":"https:\/\/dev.monti.lt\/product\/sulankstoma-vonele-kudikiui-krabas\/#primaryimage"},"image":{"@id":"https:\/\/dev.monti.lt\/product\/sulankstoma-vonele-kudikiui-krabas\/#primaryimage"},"thumbnailUrl":"https:\/\/dev.monti.lt\/wp-content\/uploads\/2023\/10\/duza-wanienka-wanna-dzieci-skladana-turystyczna-silikon-zielona.webp","datePublished":"2023-10-25T08:14:26+00:00","dateModified":"2024-07-18T07:03:45+00:00","breadcrumb":{"@id":"https:\/\/dev.monti.lt\/product\/sulankstoma-vonele-kudikiui-krabas\/#breadcrumb"},"inLanguage":"en-US","potentialAction":[{"@type":"ReadAction","target":["https:\/\/dev.monti.lt\/product\/sulankstoma-vonele-kudikiui-krabas\/"]}]},{"@type":"ImageObject","inLanguage":"en-US","@id":"https:\/\/dev.monti.lt\/product\/sulankstoma-vonele-kudikiui-krabas\/#primaryimage","url":"https:\/\/dev.monti.lt\/wp-content\/uploads\/2023\/10\/duza-wanienka-wanna-dzieci-skladana-turystyczna-silikon-zielona.webp","contentUrl":"https:\/\/dev.monti.lt\/wp-content\/uploads\/2023\/10\/duza-wanienka-wanna-dzieci-skladana-turystyczna-silikon-zielona.webp","width":800,"height":800,"caption":"vonele kudikiui"},{"@type":"BreadcrumbList","@id":"https:\/\/dev.monti.lt\/product\/sulankstoma-vonele-kudikiui-krabas\/#breadcrumb","itemListElement":[{"@type":"ListItem","position":1,"name":"Home","item":"https:\/\/dev.monti.lt\/"},{"@type":"ListItem","position":2,"name":"Parduotuv\u0117","item":"https:\/\/dev.monti.lt\/shop\/"},{"@type":"ListItem","position":3,"name":"Sulankstoma vonel\u0117 k\u016bdikiui &#8220;Krabas&#8221;"}]},{"@type":"WebSite","@id":"https:\/\/dev.monti.lt\/#website","url":"https:\/\/dev.monti.lt\/","name":"Montessori \u017eaislai","description":"","publisher":{"@id":"https:\/\/dev.monti.lt\/#organization"},"potentialAction":[{"@type":"SearchAction","target":{"@type":"EntryPoint","urlTemplate":"https:\/\/dev.monti.lt\/?s={search_term_string}"},"query-input":"required name=search_term_string"}],"inLanguage":"en-US"},{"@type":"Organization","@id":"https:\/\/dev.monti.lt\/#organization","name":"Montessori \u017eaislai","url":"https:\/\/dev.monti.lt\/","logo":{"@type":"ImageObject","inLanguage":"en-US","@id":"https:\/\/dev.monti.lt\/#\/schema\/logo\/image\/","url":"https:\/\/dev.monti.lt\/wp-content\/uploads\/2022\/03\/montilogo-1.png","contentUrl":"https:\/\/dev.monti.lt\/wp-content\/uploads\/2022\/03\/montilogo-1.png","width":512,"height":512,"caption":"Montessori \u017eaislai"},"image":{"@id":"https:\/\/dev.monti.lt\/#\/schema\/logo\/image\/"}}]}},"_links":{"self":[{"href":"https:\/\/dev.monti.lt\/en\/wp-json\/wp\/v2\/product\/18767"}],"collection":[{"href":"https:\/\/dev.monti.lt\/en\/wp-json\/wp\/v2\/product"}],"about":[{"href":"https:\/\/dev.monti.lt\/en\/wp-json\/wp\/v2\/types\/product"}],"version-history":[{"count":1,"href":"https:\/\/dev.monti.lt\/en\/wp-json\/wp\/v2\/product\/18767\/revisions"}],"predecessor-version":[{"id":18773,"href":"https:\/\/dev.monti.lt\/en\/wp-json\/wp\/v2\/product\/18767\/revisions\/18773"}],"wp:featuredmedia":[{"embeddable":true,"href":"https:\/\/dev.monti.lt\/en\/wp-json\/wp\/v2\/media\/18768"}],"wp:attachment":[{"href":"https:\/\/dev.monti.lt\/en\/wp-json\/wp\/v2\/media?parent=18767"}],"wp:term":[{"taxonomy":"product_cat","embeddable":true,"href":"https:\/\/dev.monti.lt\/en\/wp-json\/wp\/v2\/product_cat?post=18767"},{"taxonomy":"product_tag","embeddable":true,"href":"https:\/\/dev.monti.lt\/en\/wp-json\/wp\/v2\/product_tag?post=18767"}],"curies":[{"name":"wp","href":"https:\/\/api.w.org\/{rel}","templated":true}]}}