{"id":18751,"date":"2023-10-25T07:10:46","date_gmt":"2023-10-25T07:10:46","guid":{"rendered":"https:\/\/dev.monti.lt\/?post_type=product&#038;p=18751"},"modified":"2024-10-08T17:38:36","modified_gmt":"2024-10-08T17:38:36","slug":"magnetine-delione-mitybos-piramide","status":"publish","type":"product","link":"https:\/\/dev.monti.lt\/en\/product\/magnetine-delione-mitybos-piramide\/","title":{"rendered":"Magnetin\u0117 d\u0117lion\u0117 &#8220;Mitybos piramid\u0117&#8221;"},"content":{"rendered":"<p>\u017dinomo&nbsp;<strong>\u201eClassic World\u201c prek\u0117s \u017eenklo&nbsp;<\/strong><strong>\u201eScience of Nutrition\u201c galvos\u016bkis<\/strong>&nbsp;yra puikus produktas, skirtas vaikui i\u0161mokti&nbsp;<strong>tinkamos mitybos pagrind\u0173.&nbsp;<\/strong>Komplekte yra&nbsp;<strong>d\u0117\u017eut\u0117 su magnetine lenta,<\/strong>&nbsp;ant kurios galite sud\u0117ti pagrindinius mitybos produktus.&nbsp;D\u0117lion\u0117je yra net&nbsp;<strong>60 skirting\u0173 maisto produkt\u0173, toki\u0173 kaip angliavandeniai, baltymai, dar\u017eov\u0117s, vaisiai ir saldumynai,<\/strong>&nbsp;kurie tur\u0117t\u0173 b\u016bti \u012ftraukti \u012f vaiko kasdien\u012f racion\u0105.<\/p><p><strong>Charakteristika:<\/strong><\/p><ul class=\"wp-block-list\"><li><strong>&#8211;<\/strong>&nbsp;nuo&nbsp;<strong>3 met\u0173 am\u017eiaus,<\/strong><\/li>\n\n<li><strong>&#8211; komplekte yra d\u0117\u017eut\u0117 su magnetine lenta,<\/strong><\/li>\n\n<li><strong>&#8211;<\/strong>&nbsp;rinkin\u012f sudaro&nbsp;<strong>60 spalving\u0173 element\u0173,<\/strong><\/li>\n\n<li><strong>&#8211; i\u0161mokti tinkamos mitybos pagrind\u0173;<\/strong><\/li>\n\n<li><strong>&#8211; patogus pasiimti \u012f kelion\u0119.<\/strong><\/li><\/ul><p><strong>\u017daislas vysto:<\/strong><\/p><ul class=\"wp-block-list\"><li><strong>&#8211; rankiniai \u012fg\u016bd\u017eiai,<\/strong><\/li>\n\n<li><strong>&#8211; loginis m\u0105stymas,<\/strong><\/li>\n\n<li><strong>&#8211; vaizduot\u0117s,<\/strong><\/li>\n\n<li><strong>&#8211; k\u016brybi\u0161kumas.<\/strong><\/li><\/ul><p>27 \u00d7 20,5 \u00d7 5,5 (cm)<\/p>","protected":false},"excerpt":{"rendered":"<p>\u017dinomo&nbsp;\u201eClassic World\u201c prek\u0117s \u017eenklo&nbsp;\u201eScience of Nutrition\u201c galvos\u016bkis&nbsp;yra puikus produktas, skirtas vaikui i\u0161mokti&nbsp;tinkamos mitybos pagrind\u0173.&nbsp;Komplekte yra&nbsp;d\u0117\u017eut\u0117 su magnetine lenta,&nbsp;ant kurios galite sud\u0117ti pagrindinius mitybos produktus.&nbsp;D\u0117lion\u0117je yra net&nbsp;60 skirting\u0173 maisto produkt\u0173, toki\u0173 kaip angliavandeniai, baltymai, dar\u017eov\u0117s, vaisiai ir saldumynai,&nbsp;kurie tur\u0117t\u0173 b\u016bti \u012ftraukti \u012f vaiko kasdien\u012f racion\u0105. Charakteristika: \u017daislas vysto: 27 \u00d7 20,5 \u00d7 5,5 (cm)<\/p>","protected":false},"featured_media":18752,"template":"","meta":{"iawp_total_views":55},"product_cat":[208,92,216,217,191,192,84,83,90,50,199,49,39],"product_tag":[97,98,99],"class_list":{"0":"post-18751","1":"product","2":"type-product","3":"status-publish","4":"has-post-thumbnail","6":"product_cat-deliones-2","7":"product_cat-deliones","8":"product_cat-dovanos-4-5-metu-vaikams","9":"product_cat-dovanos-5-7-metu-vaikams","10":"product_cat-dovanos-vaikams","11":"product_cat-kaledines-dovanos-vaikams","12":"product_cat-lavinamieji-zaislai","13":"product_cat-montessori-zaislai","14":"product_cat-pasaulio-pazinimas","15":"product_cat-top-dovanos","16":"product_cat-ugdymo-istaigoms","17":"product_cat-visi-zaislai","18":"product_cat-zaislai","19":"product_tag-3-m-4-m","20":"product_tag-5-m-7-m","21":"product_tag-8-m-11-m","23":"first","24":"instock","25":"sale","26":"taxable","27":"shipping-taxable","28":"purchasable","29":"product-type-simple"},"yoast_head":"<!-- This site is optimized with the Yoast SEO plugin v23.3 - https:\/\/yoast.com\/wordpress\/plugins\/seo\/ -->\n<title>Magnetin\u0117 d\u0117lion\u0117 &quot;Mitybos piramid\u0117&quot; - Montessori \u017eaislai<\/title>\n<meta name=\"robots\" content=\"noindex, follow, max-snippet:-1, max-image-preview:large, max-video-preview:-1\" \/>\n<meta property=\"og:locale\" content=\"en_US\" \/>\n<meta property=\"og:type\" content=\"article\" \/>\n<meta property=\"og:title\" content=\"Magnetin\u0117 d\u0117lion\u0117 &quot;Mitybos piramid\u0117&quot; - Montessori \u017eaislai\" \/>\n<meta property=\"og:description\" content=\"\u017dinomo&nbsp;\u201eClassic World\u201c prek\u0117s \u017eenklo&nbsp;\u201eScience of Nutrition\u201c galvos\u016bkis&nbsp;yra puikus produktas, skirtas vaikui i\u0161mokti&nbsp;tinkamos mitybos pagrind\u0173.&nbsp;Komplekte yra&nbsp;d\u0117\u017eut\u0117 su magnetine lenta,&nbsp;ant kurios galite sud\u0117ti pagrindinius mitybos produktus.&nbsp;D\u0117lion\u0117je yra net&nbsp;60 skirting\u0173 maisto produkt\u0173, toki\u0173 kaip angliavandeniai, baltymai, dar\u017eov\u0117s, vaisiai ir saldumynai,&nbsp;kurie tur\u0117t\u0173 b\u016bti \u012ftraukti \u012f vaiko kasdien\u012f racion\u0105. Charakteristika: \u017daislas vysto: 27 \u00d7 20,5 \u00d7 5,5 (cm)\" \/>\n<meta property=\"og:url\" content=\"https:\/\/dev.monti.lt\/en\/product\/magnetine-delione-mitybos-piramide\/\" \/>\n<meta property=\"og:site_name\" content=\"Montessori \u017eaislai\" \/>\n<meta property=\"article:modified_time\" content=\"2024-10-08T17:38:36+00:00\" \/>\n<meta property=\"og:image\" content=\"https:\/\/dev.monti.lt\/wp-content\/uploads\/2023\/10\/classic-world-ukladanka-nauka-o-zywieniu.jpg\" \/>\n\t<meta property=\"og:image:width\" content=\"800\" \/>\n\t<meta property=\"og:image:height\" content=\"800\" \/>\n\t<meta property=\"og:image:type\" content=\"image\/jpeg\" \/>\n<meta name=\"twitter:card\" content=\"summary_large_image\" \/>\n<meta name=\"twitter:label1\" content=\"Est. reading time\" \/>\n\t<meta name=\"twitter:data1\" content=\"1 minute\" \/>\n<script type=\"application\/ld+json\" class=\"yoast-schema-graph\">{\"@context\":\"https:\/\/schema.org\",\"@graph\":[{\"@type\":\"WebPage\",\"@id\":\"https:\/\/dev.monti.lt\/product\/magnetine-delione-mitybos-piramide\/\",\"url\":\"https:\/\/dev.monti.lt\/product\/magnetine-delione-mitybos-piramide\/\",\"name\":\"Magnetin\u0117 d\u0117lion\u0117 \\\"Mitybos piramid\u0117\\\" - Montessori \u017eaislai\",\"isPartOf\":{\"@id\":\"https:\/\/dev.monti.lt\/#website\"},\"primaryImageOfPage\":{\"@id\":\"https:\/\/dev.monti.lt\/product\/magnetine-delione-mitybos-piramide\/#primaryimage\"},\"image\":{\"@id\":\"https:\/\/dev.monti.lt\/product\/magnetine-delione-mitybos-piramide\/#primaryimage\"},\"thumbnailUrl\":\"https:\/\/dev.monti.lt\/wp-content\/uploads\/2023\/10\/classic-world-ukladanka-nauka-o-zywieniu.jpg\",\"datePublished\":\"2023-10-25T07:10:46+00:00\",\"dateModified\":\"2024-10-08T17:38:36+00:00\",\"breadcrumb\":{\"@id\":\"https:\/\/dev.monti.lt\/product\/magnetine-delione-mitybos-piramide\/#breadcrumb\"},\"inLanguage\":\"en-US\",\"potentialAction\":[{\"@type\":\"ReadAction\",\"target\":[\"https:\/\/dev.monti.lt\/product\/magnetine-delione-mitybos-piramide\/\"]}]},{\"@type\":\"ImageObject\",\"inLanguage\":\"en-US\",\"@id\":\"https:\/\/dev.monti.lt\/product\/magnetine-delione-mitybos-piramide\/#primaryimage\",\"url\":\"https:\/\/dev.monti.lt\/wp-content\/uploads\/2023\/10\/classic-world-ukladanka-nauka-o-zywieniu.jpg\",\"contentUrl\":\"https:\/\/dev.monti.lt\/wp-content\/uploads\/2023\/10\/classic-world-ukladanka-nauka-o-zywieniu.jpg\",\"width\":800,\"height\":800,\"caption\":\"mitybos piramide vaikams\"},{\"@type\":\"BreadcrumbList\",\"@id\":\"https:\/\/dev.monti.lt\/product\/magnetine-delione-mitybos-piramide\/#breadcrumb\",\"itemListElement\":[{\"@type\":\"ListItem\",\"position\":1,\"name\":\"Home\",\"item\":\"https:\/\/dev.monti.lt\/\"},{\"@type\":\"ListItem\",\"position\":2,\"name\":\"Parduotuv\u0117\",\"item\":\"https:\/\/dev.monti.lt\/shop\/\"},{\"@type\":\"ListItem\",\"position\":3,\"name\":\"Magnetin\u0117 d\u0117lion\u0117 &#8220;Mitybos piramid\u0117&#8221;\"}]},{\"@type\":\"WebSite\",\"@id\":\"https:\/\/dev.monti.lt\/#website\",\"url\":\"https:\/\/dev.monti.lt\/\",\"name\":\"Montessori \u017eaislai\",\"description\":\"\",\"publisher\":{\"@id\":\"https:\/\/dev.monti.lt\/#organization\"},\"potentialAction\":[{\"@type\":\"SearchAction\",\"target\":{\"@type\":\"EntryPoint\",\"urlTemplate\":\"https:\/\/dev.monti.lt\/?s={search_term_string}\"},\"query-input\":\"required name=search_term_string\"}],\"inLanguage\":\"en-US\"},{\"@type\":\"Organization\",\"@id\":\"https:\/\/dev.monti.lt\/#organization\",\"name\":\"Montessori \u017eaislai\",\"url\":\"https:\/\/dev.monti.lt\/\",\"logo\":{\"@type\":\"ImageObject\",\"inLanguage\":\"en-US\",\"@id\":\"https:\/\/dev.monti.lt\/#\/schema\/logo\/image\/\",\"url\":\"https:\/\/dev.monti.lt\/wp-content\/uploads\/2022\/03\/montilogo-1.png\",\"contentUrl\":\"https:\/\/dev.monti.lt\/wp-content\/uploads\/2022\/03\/montilogo-1.png\",\"width\":512,\"height\":512,\"caption\":\"Montessori \u017eaislai\"},\"image\":{\"@id\":\"https:\/\/dev.monti.lt\/#\/schema\/logo\/image\/\"}}]}<\/script>\n<!-- \/ Yoast SEO plugin. -->","yoast_head_json":{"title":"Magnetin\u0117 d\u0117lion\u0117 \"Mitybos piramid\u0117\" - Montessori \u017eaislai","robots":{"index":"noindex","follow":"follow","max-snippet":"max-snippet:-1","max-image-preview":"max-image-preview:large","max-video-preview":"max-video-preview:-1"},"og_locale":"en_US","og_type":"article","og_title":"Magnetin\u0117 d\u0117lion\u0117 \"Mitybos piramid\u0117\" - Montessori \u017eaislai","og_description":"\u017dinomo&nbsp;\u201eClassic World\u201c prek\u0117s \u017eenklo&nbsp;\u201eScience of Nutrition\u201c galvos\u016bkis&nbsp;yra puikus produktas, skirtas vaikui i\u0161mokti&nbsp;tinkamos mitybos pagrind\u0173.&nbsp;Komplekte yra&nbsp;d\u0117\u017eut\u0117 su magnetine lenta,&nbsp;ant kurios galite sud\u0117ti pagrindinius mitybos produktus.&nbsp;D\u0117lion\u0117je yra net&nbsp;60 skirting\u0173 maisto produkt\u0173, toki\u0173 kaip angliavandeniai, baltymai, dar\u017eov\u0117s, vaisiai ir saldumynai,&nbsp;kurie tur\u0117t\u0173 b\u016bti \u012ftraukti \u012f vaiko kasdien\u012f racion\u0105. Charakteristika: \u017daislas vysto: 27 \u00d7 20,5 \u00d7 5,5 (cm)","og_url":"https:\/\/dev.monti.lt\/en\/product\/magnetine-delione-mitybos-piramide\/","og_site_name":"Montessori \u017eaislai","article_modified_time":"2024-10-08T17:38:36+00:00","og_image":[{"width":800,"height":800,"url":"https:\/\/dev.monti.lt\/wp-content\/uploads\/2023\/10\/classic-world-ukladanka-nauka-o-zywieniu.jpg","type":"image\/jpeg"}],"twitter_card":"summary_large_image","twitter_misc":{"Est. reading time":"1 minute"},"schema":{"@context":"https:\/\/schema.org","@graph":[{"@type":"WebPage","@id":"https:\/\/dev.monti.lt\/product\/magnetine-delione-mitybos-piramide\/","url":"https:\/\/dev.monti.lt\/product\/magnetine-delione-mitybos-piramide\/","name":"Magnetin\u0117 d\u0117lion\u0117 \"Mitybos piramid\u0117\" - Montessori \u017eaislai","isPartOf":{"@id":"https:\/\/dev.monti.lt\/#website"},"primaryImageOfPage":{"@id":"https:\/\/dev.monti.lt\/product\/magnetine-delione-mitybos-piramide\/#primaryimage"},"image":{"@id":"https:\/\/dev.monti.lt\/product\/magnetine-delione-mitybos-piramide\/#primaryimage"},"thumbnailUrl":"https:\/\/dev.monti.lt\/wp-content\/uploads\/2023\/10\/classic-world-ukladanka-nauka-o-zywieniu.jpg","datePublished":"2023-10-25T07:10:46+00:00","dateModified":"2024-10-08T17:38:36+00:00","breadcrumb":{"@id":"https:\/\/dev.monti.lt\/product\/magnetine-delione-mitybos-piramide\/#breadcrumb"},"inLanguage":"en-US","potentialAction":[{"@type":"ReadAction","target":["https:\/\/dev.monti.lt\/product\/magnetine-delione-mitybos-piramide\/"]}]},{"@type":"ImageObject","inLanguage":"en-US","@id":"https:\/\/dev.monti.lt\/product\/magnetine-delione-mitybos-piramide\/#primaryimage","url":"https:\/\/dev.monti.lt\/wp-content\/uploads\/2023\/10\/classic-world-ukladanka-nauka-o-zywieniu.jpg","contentUrl":"https:\/\/dev.monti.lt\/wp-content\/uploads\/2023\/10\/classic-world-ukladanka-nauka-o-zywieniu.jpg","width":800,"height":800,"caption":"mitybos piramide vaikams"},{"@type":"BreadcrumbList","@id":"https:\/\/dev.monti.lt\/product\/magnetine-delione-mitybos-piramide\/#breadcrumb","itemListElement":[{"@type":"ListItem","position":1,"name":"Home","item":"https:\/\/dev.monti.lt\/"},{"@type":"ListItem","position":2,"name":"Parduotuv\u0117","item":"https:\/\/dev.monti.lt\/shop\/"},{"@type":"ListItem","position":3,"name":"Magnetin\u0117 d\u0117lion\u0117 &#8220;Mitybos piramid\u0117&#8221;"}]},{"@type":"WebSite","@id":"https:\/\/dev.monti.lt\/#website","url":"https:\/\/dev.monti.lt\/","name":"Montessori \u017eaislai","description":"","publisher":{"@id":"https:\/\/dev.monti.lt\/#organization"},"potentialAction":[{"@type":"SearchAction","target":{"@type":"EntryPoint","urlTemplate":"https:\/\/dev.monti.lt\/?s={search_term_string}"},"query-input":"required name=search_term_string"}],"inLanguage":"en-US"},{"@type":"Organization","@id":"https:\/\/dev.monti.lt\/#organization","name":"Montessori \u017eaislai","url":"https:\/\/dev.monti.lt\/","logo":{"@type":"ImageObject","inLanguage":"en-US","@id":"https:\/\/dev.monti.lt\/#\/schema\/logo\/image\/","url":"https:\/\/dev.monti.lt\/wp-content\/uploads\/2022\/03\/montilogo-1.png","contentUrl":"https:\/\/dev.monti.lt\/wp-content\/uploads\/2022\/03\/montilogo-1.png","width":512,"height":512,"caption":"Montessori \u017eaislai"},"image":{"@id":"https:\/\/dev.monti.lt\/#\/schema\/logo\/image\/"}}]}},"_links":{"self":[{"href":"https:\/\/dev.monti.lt\/en\/wp-json\/wp\/v2\/product\/18751"}],"collection":[{"href":"https:\/\/dev.monti.lt\/en\/wp-json\/wp\/v2\/product"}],"about":[{"href":"https:\/\/dev.monti.lt\/en\/wp-json\/wp\/v2\/types\/product"}],"version-history":[{"count":1,"href":"https:\/\/dev.monti.lt\/en\/wp-json\/wp\/v2\/product\/18751\/revisions"}],"predecessor-version":[{"id":18756,"href":"https:\/\/dev.monti.lt\/en\/wp-json\/wp\/v2\/product\/18751\/revisions\/18756"}],"wp:featuredmedia":[{"embeddable":true,"href":"https:\/\/dev.monti.lt\/en\/wp-json\/wp\/v2\/media\/18752"}],"wp:attachment":[{"href":"https:\/\/dev.monti.lt\/en\/wp-json\/wp\/v2\/media?parent=18751"}],"wp:term":[{"taxonomy":"product_cat","embeddable":true,"href":"https:\/\/dev.monti.lt\/en\/wp-json\/wp\/v2\/product_cat?post=18751"},{"taxonomy":"product_tag","embeddable":true,"href":"https:\/\/dev.monti.lt\/en\/wp-json\/wp\/v2\/product_tag?post=18751"}],"curies":[{"name":"wp","href":"https:\/\/api.w.org\/{rel}","templated":true}]}}