{"id":18729,"date":"2023-10-25T06:58:55","date_gmt":"2023-10-25T06:58:55","guid":{"rendered":"https:\/\/dev.monti.lt\/?post_type=product&#038;p=18729"},"modified":"2024-09-12T07:33:23","modified_gmt":"2024-09-12T07:33:23","slug":"medine-delione-profesijos","status":"publish","type":"product","link":"https:\/\/dev.monti.lt\/en\/product\/medine-delione-profesijos\/","title":{"rendered":"Medin\u0117 VIGA d\u0117lion\u0117 Profesijos"},"content":{"rendered":"<p>Medin\u0117&nbsp;&nbsp;<strong>d\u0117lion\u0117&nbsp;&nbsp;<\/strong><strong>VIGA<\/strong>&nbsp;&nbsp;leis atrasti&nbsp;<strong>&nbsp;8 profesijas<\/strong>&nbsp;&nbsp;ir j\u0173&nbsp;&nbsp;<strong>darbo vietas su \u0161iuo&nbsp;<\/strong>&nbsp;<strong>24&nbsp;<\/strong><strong>spalving\u0173 galvos\u016bki\u0173<\/strong>&nbsp;&nbsp;rinkiniu&nbsp;&nbsp;.&nbsp;\u017daisdami ma\u017ei vaikai lavins savo \u017eodyn\u0105.&nbsp;susikaupimas, motorika ir loginis m\u0105stymas derinant ir atrandant ry\u0161ius.&nbsp;Suderinkite atitinkam\u0105 profesij\u0105 su vieta, kurioje ji atliekama.<\/p><p><strong>Charakteristika:<\/strong><\/p><ul class=\"wp-block-list\"><li><strong>&#8211; vaikams nuo 18 m\u0117n.<\/strong><\/li>\n\n<li><strong>&#8211;&nbsp;<\/strong>&nbsp;\u017eaidimas apima&nbsp;<strong>&nbsp;persona\u017e\u0173 suderinim\u0105 su j\u0173 darbo vietomis,<\/strong><\/li>\n\n<li><strong><\/strong>&#8211; rinkinyje yra&nbsp;<strong>&nbsp;24 galvos\u016bkiai,<\/strong><\/li>\n\n<li><strong>&#8211; 8 profesijos<\/strong>&nbsp;&nbsp;&#8211; kiekviena i\u0161 j\u0173 susideda&nbsp;<strong>&nbsp;i\u0161 trij\u0173 element\u0173,<\/strong><\/li>\n\n<li><strong>&#8211;&nbsp;&nbsp;<\/strong><strong>simboliai<\/strong>&nbsp;&nbsp;susideda&nbsp;&nbsp;<strong>i\u0161&nbsp;<\/strong>&nbsp;<strong>dviej\u0173&nbsp;<\/strong>&nbsp;<strong>element\u0173,<\/strong><\/li>\n\n<li><strong>&#8211; darbo vietos&nbsp;<\/strong>&nbsp;yra didesni atskiri elementai,<\/li>\n\n<li>&#8211; komplektas pagamintas i\u0161 med\u017eio.<\/li><\/ul><p><strong>\u017daislas vysto:<\/strong><\/p><ul class=\"wp-block-list\"><li><strong>&#8211; komunikabilumas,<\/strong><\/li>\n\n<li><strong>&#8211; vaizduot\u0117s,<\/strong><\/li>\n\n<li><strong>&#8211; loginis m\u0105stymas,<\/strong><\/li>\n\n<li><strong>&#8211; aki\u0173-rank\u0173 koordinacija.<\/strong><\/li><\/ul><p>Pakuot\u0117s dydis 21 x 19 x 4,5 (cm)<\/p>","protected":false},"excerpt":{"rendered":"<p>Medin\u0117&nbsp;&nbsp;d\u0117lion\u0117&nbsp;&nbsp;VIGA&nbsp;&nbsp;leis atrasti&nbsp;&nbsp;8 profesijas&nbsp;&nbsp;ir j\u0173&nbsp;&nbsp;darbo vietas su \u0161iuo&nbsp;&nbsp;24&nbsp;spalving\u0173 galvos\u016bki\u0173&nbsp;&nbsp;rinkiniu&nbsp;&nbsp;.&nbsp;\u017daisdami ma\u017ei vaikai lavins savo \u017eodyn\u0105.&nbsp;susikaupimas, motorika ir loginis m\u0105stymas derinant ir atrandant ry\u0161ius.&nbsp;Suderinkite atitinkam\u0105 profesij\u0105 su vieta, kurioje ji atliekama. Charakteristika: \u017daislas vysto: Pakuot\u0117s dydis 21 x 19 x 4,5 (cm)<\/p>","protected":false},"featured_media":18732,"template":"","meta":{"iawp_total_views":46},"product_cat":[208,92,193,194,191,84,91,210,102,83,90,86,50,199,93,49,39],"product_tag":[95,96,97],"class_list":{"0":"post-18729","1":"product","2":"type-product","3":"status-publish","4":"has-post-thumbnail","6":"product_cat-deliones-2","7":"product_cat-deliones","8":"product_cat-dovanos-vaikams-1-2-metu","9":"product_cat-dovanos-vaikams-2-3-metu","10":"product_cat-dovanos-vaikams","11":"product_cat-lavinamieji-zaislai","12":"product_cat-loginiam-mastymui","13":"product_cat-medines-deliones","14":"product_cat-mediniai-zaislai","15":"product_cat-montessori-zaislai","16":"product_cat-pasaulio-pazinimas","17":"product_cat-smulkioji-motorika","18":"product_cat-top-dovanos","19":"product_cat-ugdymo-istaigoms","20":"product_cat-vaidmenu-zaidimai","21":"product_cat-visi-zaislai","22":"product_cat-zaislai","23":"product_tag-1-m-2-m","24":"product_tag-2-m-3-m","25":"product_tag-3-m-4-m","27":"first","28":"instock","29":"taxable","30":"shipping-taxable","31":"purchasable","32":"product-type-simple"},"yoast_head":"<!-- This site is optimized with the Yoast SEO plugin v23.3 - https:\/\/yoast.com\/wordpress\/plugins\/seo\/ -->\n<title>Medin\u0117 VIGA d\u0117lion\u0117 Profesijos - Montessori \u017eaislai<\/title>\n<meta name=\"robots\" content=\"noindex, follow, max-snippet:-1, max-image-preview:large, max-video-preview:-1\" \/>\n<meta property=\"og:locale\" content=\"en_US\" \/>\n<meta property=\"og:type\" content=\"article\" \/>\n<meta property=\"og:title\" content=\"Medin\u0117 VIGA d\u0117lion\u0117 Profesijos - Montessori \u017eaislai\" \/>\n<meta property=\"og:description\" content=\"Medin\u0117&nbsp;&nbsp;d\u0117lion\u0117&nbsp;&nbsp;VIGA&nbsp;&nbsp;leis atrasti&nbsp;&nbsp;8 profesijas&nbsp;&nbsp;ir j\u0173&nbsp;&nbsp;darbo vietas su \u0161iuo&nbsp;&nbsp;24&nbsp;spalving\u0173 galvos\u016bki\u0173&nbsp;&nbsp;rinkiniu&nbsp;&nbsp;.&nbsp;\u017daisdami ma\u017ei vaikai lavins savo \u017eodyn\u0105.&nbsp;susikaupimas, motorika ir loginis m\u0105stymas derinant ir atrandant ry\u0161ius.&nbsp;Suderinkite atitinkam\u0105 profesij\u0105 su vieta, kurioje ji atliekama. Charakteristika: \u017daislas vysto: Pakuot\u0117s dydis 21 x 19 x 4,5 (cm)\" \/>\n<meta property=\"og:url\" content=\"https:\/\/dev.monti.lt\/en\/product\/medine-delione-profesijos\/\" \/>\n<meta property=\"og:site_name\" content=\"Montessori \u017eaislai\" \/>\n<meta property=\"article:modified_time\" content=\"2024-09-12T07:33:23+00:00\" \/>\n<meta property=\"og:image\" content=\"https:\/\/dev.monti.lt\/wp-content\/uploads\/2023\/10\/viga-drewniane-puzzle-ukladanka-dopasowanie-zawodow-2.jpg\" \/>\n\t<meta property=\"og:image:width\" content=\"800\" \/>\n\t<meta property=\"og:image:height\" content=\"800\" \/>\n\t<meta property=\"og:image:type\" content=\"image\/jpeg\" \/>\n<meta name=\"twitter:card\" content=\"summary_large_image\" \/>\n<meta name=\"twitter:label1\" content=\"Est. reading time\" \/>\n\t<meta name=\"twitter:data1\" content=\"1 minute\" \/>\n<script type=\"application\/ld+json\" class=\"yoast-schema-graph\">{\"@context\":\"https:\/\/schema.org\",\"@graph\":[{\"@type\":\"WebPage\",\"@id\":\"https:\/\/dev.monti.lt\/product\/medine-delione-profesijos\/\",\"url\":\"https:\/\/dev.monti.lt\/product\/medine-delione-profesijos\/\",\"name\":\"Medin\u0117 VIGA d\u0117lion\u0117 Profesijos - Montessori \u017eaislai\",\"isPartOf\":{\"@id\":\"https:\/\/dev.monti.lt\/#website\"},\"primaryImageOfPage\":{\"@id\":\"https:\/\/dev.monti.lt\/product\/medine-delione-profesijos\/#primaryimage\"},\"image\":{\"@id\":\"https:\/\/dev.monti.lt\/product\/medine-delione-profesijos\/#primaryimage\"},\"thumbnailUrl\":\"https:\/\/dev.monti.lt\/wp-content\/uploads\/2023\/10\/viga-drewniane-puzzle-ukladanka-dopasowanie-zawodow-2.jpg\",\"datePublished\":\"2023-10-25T06:58:55+00:00\",\"dateModified\":\"2024-09-12T07:33:23+00:00\",\"breadcrumb\":{\"@id\":\"https:\/\/dev.monti.lt\/product\/medine-delione-profesijos\/#breadcrumb\"},\"inLanguage\":\"en-US\",\"potentialAction\":[{\"@type\":\"ReadAction\",\"target\":[\"https:\/\/dev.monti.lt\/product\/medine-delione-profesijos\/\"]}]},{\"@type\":\"ImageObject\",\"inLanguage\":\"en-US\",\"@id\":\"https:\/\/dev.monti.lt\/product\/medine-delione-profesijos\/#primaryimage\",\"url\":\"https:\/\/dev.monti.lt\/wp-content\/uploads\/2023\/10\/viga-drewniane-puzzle-ukladanka-dopasowanie-zawodow-2.jpg\",\"contentUrl\":\"https:\/\/dev.monti.lt\/wp-content\/uploads\/2023\/10\/viga-drewniane-puzzle-ukladanka-dopasowanie-zawodow-2.jpg\",\"width\":800,\"height\":800,\"caption\":\"medine delione viga\"},{\"@type\":\"BreadcrumbList\",\"@id\":\"https:\/\/dev.monti.lt\/product\/medine-delione-profesijos\/#breadcrumb\",\"itemListElement\":[{\"@type\":\"ListItem\",\"position\":1,\"name\":\"Home\",\"item\":\"https:\/\/dev.monti.lt\/\"},{\"@type\":\"ListItem\",\"position\":2,\"name\":\"Parduotuv\u0117\",\"item\":\"https:\/\/dev.monti.lt\/shop\/\"},{\"@type\":\"ListItem\",\"position\":3,\"name\":\"Medin\u0117 VIGA d\u0117lion\u0117 Profesijos\"}]},{\"@type\":\"WebSite\",\"@id\":\"https:\/\/dev.monti.lt\/#website\",\"url\":\"https:\/\/dev.monti.lt\/\",\"name\":\"Montessori \u017eaislai\",\"description\":\"\",\"publisher\":{\"@id\":\"https:\/\/dev.monti.lt\/#organization\"},\"potentialAction\":[{\"@type\":\"SearchAction\",\"target\":{\"@type\":\"EntryPoint\",\"urlTemplate\":\"https:\/\/dev.monti.lt\/?s={search_term_string}\"},\"query-input\":\"required name=search_term_string\"}],\"inLanguage\":\"en-US\"},{\"@type\":\"Organization\",\"@id\":\"https:\/\/dev.monti.lt\/#organization\",\"name\":\"Montessori \u017eaislai\",\"url\":\"https:\/\/dev.monti.lt\/\",\"logo\":{\"@type\":\"ImageObject\",\"inLanguage\":\"en-US\",\"@id\":\"https:\/\/dev.monti.lt\/#\/schema\/logo\/image\/\",\"url\":\"https:\/\/dev.monti.lt\/wp-content\/uploads\/2022\/03\/montilogo-1.png\",\"contentUrl\":\"https:\/\/dev.monti.lt\/wp-content\/uploads\/2022\/03\/montilogo-1.png\",\"width\":512,\"height\":512,\"caption\":\"Montessori \u017eaislai\"},\"image\":{\"@id\":\"https:\/\/dev.monti.lt\/#\/schema\/logo\/image\/\"}}]}<\/script>\n<!-- \/ Yoast SEO plugin. -->","yoast_head_json":{"title":"Medin\u0117 VIGA d\u0117lion\u0117 Profesijos - Montessori \u017eaislai","robots":{"index":"noindex","follow":"follow","max-snippet":"max-snippet:-1","max-image-preview":"max-image-preview:large","max-video-preview":"max-video-preview:-1"},"og_locale":"en_US","og_type":"article","og_title":"Medin\u0117 VIGA d\u0117lion\u0117 Profesijos - Montessori \u017eaislai","og_description":"Medin\u0117&nbsp;&nbsp;d\u0117lion\u0117&nbsp;&nbsp;VIGA&nbsp;&nbsp;leis atrasti&nbsp;&nbsp;8 profesijas&nbsp;&nbsp;ir j\u0173&nbsp;&nbsp;darbo vietas su \u0161iuo&nbsp;&nbsp;24&nbsp;spalving\u0173 galvos\u016bki\u0173&nbsp;&nbsp;rinkiniu&nbsp;&nbsp;.&nbsp;\u017daisdami ma\u017ei vaikai lavins savo \u017eodyn\u0105.&nbsp;susikaupimas, motorika ir loginis m\u0105stymas derinant ir atrandant ry\u0161ius.&nbsp;Suderinkite atitinkam\u0105 profesij\u0105 su vieta, kurioje ji atliekama. Charakteristika: \u017daislas vysto: Pakuot\u0117s dydis 21 x 19 x 4,5 (cm)","og_url":"https:\/\/dev.monti.lt\/en\/product\/medine-delione-profesijos\/","og_site_name":"Montessori \u017eaislai","article_modified_time":"2024-09-12T07:33:23+00:00","og_image":[{"width":800,"height":800,"url":"https:\/\/dev.monti.lt\/wp-content\/uploads\/2023\/10\/viga-drewniane-puzzle-ukladanka-dopasowanie-zawodow-2.jpg","type":"image\/jpeg"}],"twitter_card":"summary_large_image","twitter_misc":{"Est. reading time":"1 minute"},"schema":{"@context":"https:\/\/schema.org","@graph":[{"@type":"WebPage","@id":"https:\/\/dev.monti.lt\/product\/medine-delione-profesijos\/","url":"https:\/\/dev.monti.lt\/product\/medine-delione-profesijos\/","name":"Medin\u0117 VIGA d\u0117lion\u0117 Profesijos - Montessori \u017eaislai","isPartOf":{"@id":"https:\/\/dev.monti.lt\/#website"},"primaryImageOfPage":{"@id":"https:\/\/dev.monti.lt\/product\/medine-delione-profesijos\/#primaryimage"},"image":{"@id":"https:\/\/dev.monti.lt\/product\/medine-delione-profesijos\/#primaryimage"},"thumbnailUrl":"https:\/\/dev.monti.lt\/wp-content\/uploads\/2023\/10\/viga-drewniane-puzzle-ukladanka-dopasowanie-zawodow-2.jpg","datePublished":"2023-10-25T06:58:55+00:00","dateModified":"2024-09-12T07:33:23+00:00","breadcrumb":{"@id":"https:\/\/dev.monti.lt\/product\/medine-delione-profesijos\/#breadcrumb"},"inLanguage":"en-US","potentialAction":[{"@type":"ReadAction","target":["https:\/\/dev.monti.lt\/product\/medine-delione-profesijos\/"]}]},{"@type":"ImageObject","inLanguage":"en-US","@id":"https:\/\/dev.monti.lt\/product\/medine-delione-profesijos\/#primaryimage","url":"https:\/\/dev.monti.lt\/wp-content\/uploads\/2023\/10\/viga-drewniane-puzzle-ukladanka-dopasowanie-zawodow-2.jpg","contentUrl":"https:\/\/dev.monti.lt\/wp-content\/uploads\/2023\/10\/viga-drewniane-puzzle-ukladanka-dopasowanie-zawodow-2.jpg","width":800,"height":800,"caption":"medine delione viga"},{"@type":"BreadcrumbList","@id":"https:\/\/dev.monti.lt\/product\/medine-delione-profesijos\/#breadcrumb","itemListElement":[{"@type":"ListItem","position":1,"name":"Home","item":"https:\/\/dev.monti.lt\/"},{"@type":"ListItem","position":2,"name":"Parduotuv\u0117","item":"https:\/\/dev.monti.lt\/shop\/"},{"@type":"ListItem","position":3,"name":"Medin\u0117 VIGA d\u0117lion\u0117 Profesijos"}]},{"@type":"WebSite","@id":"https:\/\/dev.monti.lt\/#website","url":"https:\/\/dev.monti.lt\/","name":"Montessori \u017eaislai","description":"","publisher":{"@id":"https:\/\/dev.monti.lt\/#organization"},"potentialAction":[{"@type":"SearchAction","target":{"@type":"EntryPoint","urlTemplate":"https:\/\/dev.monti.lt\/?s={search_term_string}"},"query-input":"required name=search_term_string"}],"inLanguage":"en-US"},{"@type":"Organization","@id":"https:\/\/dev.monti.lt\/#organization","name":"Montessori \u017eaislai","url":"https:\/\/dev.monti.lt\/","logo":{"@type":"ImageObject","inLanguage":"en-US","@id":"https:\/\/dev.monti.lt\/#\/schema\/logo\/image\/","url":"https:\/\/dev.monti.lt\/wp-content\/uploads\/2022\/03\/montilogo-1.png","contentUrl":"https:\/\/dev.monti.lt\/wp-content\/uploads\/2022\/03\/montilogo-1.png","width":512,"height":512,"caption":"Montessori \u017eaislai"},"image":{"@id":"https:\/\/dev.monti.lt\/#\/schema\/logo\/image\/"}}]}},"_links":{"self":[{"href":"https:\/\/dev.monti.lt\/en\/wp-json\/wp\/v2\/product\/18729"}],"collection":[{"href":"https:\/\/dev.monti.lt\/en\/wp-json\/wp\/v2\/product"}],"about":[{"href":"https:\/\/dev.monti.lt\/en\/wp-json\/wp\/v2\/types\/product"}],"version-history":[{"count":2,"href":"https:\/\/dev.monti.lt\/en\/wp-json\/wp\/v2\/product\/18729\/revisions"}],"predecessor-version":[{"id":23285,"href":"https:\/\/dev.monti.lt\/en\/wp-json\/wp\/v2\/product\/18729\/revisions\/23285"}],"wp:featuredmedia":[{"embeddable":true,"href":"https:\/\/dev.monti.lt\/en\/wp-json\/wp\/v2\/media\/18732"}],"wp:attachment":[{"href":"https:\/\/dev.monti.lt\/en\/wp-json\/wp\/v2\/media?parent=18729"}],"wp:term":[{"taxonomy":"product_cat","embeddable":true,"href":"https:\/\/dev.monti.lt\/en\/wp-json\/wp\/v2\/product_cat?post=18729"},{"taxonomy":"product_tag","embeddable":true,"href":"https:\/\/dev.monti.lt\/en\/wp-json\/wp\/v2\/product_tag?post=18729"}],"curies":[{"name":"wp","href":"https:\/\/api.w.org\/{rel}","templated":true}]}}