{"id":18717,"date":"2023-10-25T06:55:21","date_gmt":"2023-10-25T06:55:21","guid":{"rendered":"https:\/\/dev.monti.lt\/?post_type=product&#038;p=18717"},"modified":"2024-05-07T17:20:05","modified_gmt":"2024-05-07T17:20:05","slug":"tooky-toy-logines-medines-kaladeles","status":"publish","type":"product","link":"https:\/\/dev.monti.lt\/en\/product\/tooky-toy-logines-medines-kaladeles\/","title":{"rendered":"Tooky toy login\u0117s medin\u0117s kalad\u0117l\u0117s"},"content":{"rendered":"<p><strong>TOOKY TOY<\/strong>&nbsp;prek\u0117s \u017eenklo&nbsp;<strong>medin\u0117s sensorin\u0117s kalad\u0117l\u0117s<\/strong>&nbsp;su\u017eadins j\u016bs\u0173 vaiko poj\u016b\u010dius.&nbsp;Rinkin\u012f sudaro&nbsp;<strong>4 blokeliai<\/strong>&nbsp;su ta pa\u010dia grafika.&nbsp;Grafikos d\u0117ka vaikas gali sudaryti&nbsp;<strong>\u012fvairius simetri\u0161kus derinius<\/strong>&nbsp;.&nbsp;Rinkinyje yra&nbsp;<strong>knygel\u0117 su 36 ra\u0161tais<\/strong>&nbsp;.&nbsp;Paprastas \u017eaislas, kuris suteiks j\u016bs\u0173 vaikui daug&nbsp;<strong>privalum\u0173<\/strong>&nbsp;.&nbsp;Sensorinis \u017eaislas&nbsp;<strong>lavins suvokim\u0105, reg\u0117jim\u0105<\/strong>&nbsp;,&nbsp;<strong>pagerins koncentracij\u0105<\/strong>&nbsp;ir&nbsp;<strong>sudomins<\/strong>&nbsp;vaik\u0105.<\/p><p><strong>Charakteristika:<\/strong><\/p><ul class=\"wp-block-list\"><li>&#8211; \u017eaislas\u00a0<strong>nuo 18 m\u0117nesi\u0173,<\/strong><\/li>\n\n<li><strong>&#8211; rinkinyje yra 4 blokai su ta pa\u010dia grafika,<\/strong><\/li>\n\n<li><strong>&#8211;&nbsp;<\/strong><strong>derindamas<\/strong>&nbsp;vaikas&nbsp;gali&nbsp;<strong>kurti \u012fvairius simetri\u0161kus \u012fvaizd\u017eius,<\/strong><\/li>\n\n<li><strong>&#8211;<\/strong>&nbsp;rinkinyje&nbsp;<strong>yra<\/strong>&nbsp;knygel\u0117&nbsp;<strong>su 36 ra\u0161tais,<\/strong><\/li>\n\n<li><strong>&#8211; be a\u0161tri\u0173 briaun\u0173<\/strong>&nbsp;&#8211; saugus vaikui,<\/li>\n\n<li><strong><\/strong><strong>&#8211;<\/strong>&nbsp;elementai pagaminti i\u0161&nbsp;<strong>med\u017eio,<\/strong><strong><\/strong><\/li>\n\n<li><strong>&#8211;<\/strong>&nbsp;da\u017eyti&nbsp;<strong>netoksi\u0161kais<\/strong><strong>&nbsp;da\u017eais.<\/strong><strong><\/strong><\/li><\/ul><p><strong>\u017daislas vysto:<\/strong><\/p><ul class=\"wp-block-list\"><li>&#8211; suvokimas,<\/li>\n\n<li>&#8211; reg\u0117jimo poj\u016btis,<\/li>\n\n<li>&#8211; rankiniai \u012fg\u016bd\u017eiai,<\/li>\n\n<li>&#8211; koncentracija.<\/li><\/ul><p>Med\u017eiaga<br>mediena<br>Gaminio matmenys<br>blokas 1 vnt.: 4 x 4 x 4 (cm)<br>Pakuot\u0117s dydis<br>13 x 5 x 9 (cm)<\/p>","protected":false},"excerpt":{"rendered":"<p>TOOKY TOY&nbsp;prek\u0117s \u017eenklo&nbsp;medin\u0117s sensorin\u0117s kalad\u0117l\u0117s&nbsp;su\u017eadins j\u016bs\u0173 vaiko poj\u016b\u010dius.&nbsp;Rinkin\u012f sudaro&nbsp;4 blokeliai&nbsp;su ta pa\u010dia grafika.&nbsp;Grafikos d\u0117ka vaikas gali sudaryti&nbsp;\u012fvairius simetri\u0161kus derinius&nbsp;.&nbsp;Rinkinyje yra&nbsp;knygel\u0117 su 36 ra\u0161tais&nbsp;.&nbsp;Paprastas \u017eaislas, kuris suteiks j\u016bs\u0173 vaikui daug&nbsp;privalum\u0173&nbsp;.&nbsp;Sensorinis \u017eaislas&nbsp;lavins suvokim\u0105, reg\u0117jim\u0105&nbsp;,&nbsp;pagerins koncentracij\u0105&nbsp;ir&nbsp;sudomins&nbsp;vaik\u0105. Charakteristika: \u017daislas vysto: Med\u017eiagamedienaGaminio matmenysblokas 1 vnt.: 4 x 4 x 4 (cm)Pakuot\u0117s dydis13 x 5 x 9 (cm)<\/p>","protected":false},"featured_media":18718,"template":"","meta":{"iawp_total_views":1},"product_cat":[208,92,84,91,210,102,83,39],"product_tag":[95,96,97],"class_list":{"0":"post-18717","1":"product","2":"type-product","3":"status-publish","4":"has-post-thumbnail","6":"product_cat-deliones-2","7":"product_cat-deliones","8":"product_cat-lavinamieji-zaislai","9":"product_cat-loginiam-mastymui","10":"product_cat-medines-deliones","11":"product_cat-mediniai-zaislai","12":"product_cat-montessori-zaislai","13":"product_cat-zaislai","14":"product_tag-1-m-2-m","15":"product_tag-2-m-3-m","16":"product_tag-3-m-4-m","18":"first","19":"outofstock","20":"taxable","21":"shipping-taxable","22":"purchasable","23":"product-type-simple"},"yoast_head":"<!-- This site is optimized with the Yoast SEO plugin v23.3 - https:\/\/yoast.com\/wordpress\/plugins\/seo\/ -->\n<title>Tooky toy login\u0117s medin\u0117s kalad\u0117l\u0117s - Montessori \u017eaislai<\/title>\n<meta name=\"robots\" content=\"noindex, follow, max-snippet:-1, max-image-preview:large, max-video-preview:-1\" \/>\n<meta property=\"og:locale\" content=\"en_US\" \/>\n<meta property=\"og:type\" content=\"article\" \/>\n<meta property=\"og:title\" content=\"Tooky toy login\u0117s medin\u0117s kalad\u0117l\u0117s - Montessori \u017eaislai\" \/>\n<meta property=\"og:description\" content=\"TOOKY TOY&nbsp;prek\u0117s \u017eenklo&nbsp;medin\u0117s sensorin\u0117s kalad\u0117l\u0117s&nbsp;su\u017eadins j\u016bs\u0173 vaiko poj\u016b\u010dius.&nbsp;Rinkin\u012f sudaro&nbsp;4 blokeliai&nbsp;su ta pa\u010dia grafika.&nbsp;Grafikos d\u0117ka vaikas gali sudaryti&nbsp;\u012fvairius simetri\u0161kus derinius&nbsp;.&nbsp;Rinkinyje yra&nbsp;knygel\u0117 su 36 ra\u0161tais&nbsp;.&nbsp;Paprastas \u017eaislas, kuris suteiks j\u016bs\u0173 vaikui daug&nbsp;privalum\u0173&nbsp;.&nbsp;Sensorinis \u017eaislas&nbsp;lavins suvokim\u0105, reg\u0117jim\u0105&nbsp;,&nbsp;pagerins koncentracij\u0105&nbsp;ir&nbsp;sudomins&nbsp;vaik\u0105. Charakteristika: \u017daislas vysto: Med\u017eiagamedienaGaminio matmenysblokas 1 vnt.: 4 x 4 x 4 (cm)Pakuot\u0117s dydis13 x 5 x 9 (cm)\" \/>\n<meta property=\"og:url\" content=\"https:\/\/dev.monti.lt\/en\/product\/tooky-toy-logines-medines-kaladeles\/\" \/>\n<meta property=\"og:site_name\" content=\"Montessori \u017eaislai\" \/>\n<meta property=\"article:modified_time\" content=\"2024-05-07T17:20:05+00:00\" \/>\n<meta property=\"og:image\" content=\"https:\/\/dev.monti.lt\/wp-content\/uploads\/2023\/10\/tooky-toy-drewniane-klocki-sensoryczne-kreatywne-symetria-4-szt-ksiazeczka-ze-wzorami-certyfikat-fsc.jpg\" \/>\n\t<meta property=\"og:image:width\" content=\"800\" \/>\n\t<meta property=\"og:image:height\" content=\"800\" \/>\n\t<meta property=\"og:image:type\" content=\"image\/jpeg\" \/>\n<meta name=\"twitter:card\" content=\"summary_large_image\" \/>\n<meta name=\"twitter:label1\" content=\"Est. reading time\" \/>\n\t<meta name=\"twitter:data1\" content=\"1 minute\" \/>\n<script type=\"application\/ld+json\" class=\"yoast-schema-graph\">{\"@context\":\"https:\/\/schema.org\",\"@graph\":[{\"@type\":\"WebPage\",\"@id\":\"https:\/\/dev.monti.lt\/product\/tooky-toy-logines-medines-kaladeles\/\",\"url\":\"https:\/\/dev.monti.lt\/product\/tooky-toy-logines-medines-kaladeles\/\",\"name\":\"Tooky toy login\u0117s medin\u0117s kalad\u0117l\u0117s - Montessori \u017eaislai\",\"isPartOf\":{\"@id\":\"https:\/\/dev.monti.lt\/#website\"},\"primaryImageOfPage\":{\"@id\":\"https:\/\/dev.monti.lt\/product\/tooky-toy-logines-medines-kaladeles\/#primaryimage\"},\"image\":{\"@id\":\"https:\/\/dev.monti.lt\/product\/tooky-toy-logines-medines-kaladeles\/#primaryimage\"},\"thumbnailUrl\":\"https:\/\/dev.monti.lt\/wp-content\/uploads\/2023\/10\/tooky-toy-drewniane-klocki-sensoryczne-kreatywne-symetria-4-szt-ksiazeczka-ze-wzorami-certyfikat-fsc.jpg\",\"datePublished\":\"2023-10-25T06:55:21+00:00\",\"dateModified\":\"2024-05-07T17:20:05+00:00\",\"breadcrumb\":{\"@id\":\"https:\/\/dev.monti.lt\/product\/tooky-toy-logines-medines-kaladeles\/#breadcrumb\"},\"inLanguage\":\"en-US\",\"potentialAction\":[{\"@type\":\"ReadAction\",\"target\":[\"https:\/\/dev.monti.lt\/product\/tooky-toy-logines-medines-kaladeles\/\"]}]},{\"@type\":\"ImageObject\",\"inLanguage\":\"en-US\",\"@id\":\"https:\/\/dev.monti.lt\/product\/tooky-toy-logines-medines-kaladeles\/#primaryimage\",\"url\":\"https:\/\/dev.monti.lt\/wp-content\/uploads\/2023\/10\/tooky-toy-drewniane-klocki-sensoryczne-kreatywne-symetria-4-szt-ksiazeczka-ze-wzorami-certyfikat-fsc.jpg\",\"contentUrl\":\"https:\/\/dev.monti.lt\/wp-content\/uploads\/2023\/10\/tooky-toy-drewniane-klocki-sensoryczne-kreatywne-symetria-4-szt-ksiazeczka-ze-wzorami-certyfikat-fsc.jpg\",\"width\":800,\"height\":800,\"caption\":\"medines kaladeles\"},{\"@type\":\"BreadcrumbList\",\"@id\":\"https:\/\/dev.monti.lt\/product\/tooky-toy-logines-medines-kaladeles\/#breadcrumb\",\"itemListElement\":[{\"@type\":\"ListItem\",\"position\":1,\"name\":\"Home\",\"item\":\"https:\/\/dev.monti.lt\/\"},{\"@type\":\"ListItem\",\"position\":2,\"name\":\"Parduotuv\u0117\",\"item\":\"https:\/\/dev.monti.lt\/shop\/\"},{\"@type\":\"ListItem\",\"position\":3,\"name\":\"Tooky toy login\u0117s medin\u0117s kalad\u0117l\u0117s\"}]},{\"@type\":\"WebSite\",\"@id\":\"https:\/\/dev.monti.lt\/#website\",\"url\":\"https:\/\/dev.monti.lt\/\",\"name\":\"Montessori \u017eaislai\",\"description\":\"\",\"publisher\":{\"@id\":\"https:\/\/dev.monti.lt\/#organization\"},\"potentialAction\":[{\"@type\":\"SearchAction\",\"target\":{\"@type\":\"EntryPoint\",\"urlTemplate\":\"https:\/\/dev.monti.lt\/?s={search_term_string}\"},\"query-input\":\"required name=search_term_string\"}],\"inLanguage\":\"en-US\"},{\"@type\":\"Organization\",\"@id\":\"https:\/\/dev.monti.lt\/#organization\",\"name\":\"Montessori \u017eaislai\",\"url\":\"https:\/\/dev.monti.lt\/\",\"logo\":{\"@type\":\"ImageObject\",\"inLanguage\":\"en-US\",\"@id\":\"https:\/\/dev.monti.lt\/#\/schema\/logo\/image\/\",\"url\":\"https:\/\/dev.monti.lt\/wp-content\/uploads\/2022\/03\/montilogo-1.png\",\"contentUrl\":\"https:\/\/dev.monti.lt\/wp-content\/uploads\/2022\/03\/montilogo-1.png\",\"width\":512,\"height\":512,\"caption\":\"Montessori \u017eaislai\"},\"image\":{\"@id\":\"https:\/\/dev.monti.lt\/#\/schema\/logo\/image\/\"}}]}<\/script>\n<!-- \/ Yoast SEO plugin. -->","yoast_head_json":{"title":"Tooky toy login\u0117s medin\u0117s kalad\u0117l\u0117s - Montessori \u017eaislai","robots":{"index":"noindex","follow":"follow","max-snippet":"max-snippet:-1","max-image-preview":"max-image-preview:large","max-video-preview":"max-video-preview:-1"},"og_locale":"en_US","og_type":"article","og_title":"Tooky toy login\u0117s medin\u0117s kalad\u0117l\u0117s - Montessori \u017eaislai","og_description":"TOOKY TOY&nbsp;prek\u0117s \u017eenklo&nbsp;medin\u0117s sensorin\u0117s kalad\u0117l\u0117s&nbsp;su\u017eadins j\u016bs\u0173 vaiko poj\u016b\u010dius.&nbsp;Rinkin\u012f sudaro&nbsp;4 blokeliai&nbsp;su ta pa\u010dia grafika.&nbsp;Grafikos d\u0117ka vaikas gali sudaryti&nbsp;\u012fvairius simetri\u0161kus derinius&nbsp;.&nbsp;Rinkinyje yra&nbsp;knygel\u0117 su 36 ra\u0161tais&nbsp;.&nbsp;Paprastas \u017eaislas, kuris suteiks j\u016bs\u0173 vaikui daug&nbsp;privalum\u0173&nbsp;.&nbsp;Sensorinis \u017eaislas&nbsp;lavins suvokim\u0105, reg\u0117jim\u0105&nbsp;,&nbsp;pagerins koncentracij\u0105&nbsp;ir&nbsp;sudomins&nbsp;vaik\u0105. Charakteristika: \u017daislas vysto: Med\u017eiagamedienaGaminio matmenysblokas 1 vnt.: 4 x 4 x 4 (cm)Pakuot\u0117s dydis13 x 5 x 9 (cm)","og_url":"https:\/\/dev.monti.lt\/en\/product\/tooky-toy-logines-medines-kaladeles\/","og_site_name":"Montessori \u017eaislai","article_modified_time":"2024-05-07T17:20:05+00:00","og_image":[{"width":800,"height":800,"url":"https:\/\/dev.monti.lt\/wp-content\/uploads\/2023\/10\/tooky-toy-drewniane-klocki-sensoryczne-kreatywne-symetria-4-szt-ksiazeczka-ze-wzorami-certyfikat-fsc.jpg","type":"image\/jpeg"}],"twitter_card":"summary_large_image","twitter_misc":{"Est. reading time":"1 minute"},"schema":{"@context":"https:\/\/schema.org","@graph":[{"@type":"WebPage","@id":"https:\/\/dev.monti.lt\/product\/tooky-toy-logines-medines-kaladeles\/","url":"https:\/\/dev.monti.lt\/product\/tooky-toy-logines-medines-kaladeles\/","name":"Tooky toy login\u0117s medin\u0117s kalad\u0117l\u0117s - Montessori \u017eaislai","isPartOf":{"@id":"https:\/\/dev.monti.lt\/#website"},"primaryImageOfPage":{"@id":"https:\/\/dev.monti.lt\/product\/tooky-toy-logines-medines-kaladeles\/#primaryimage"},"image":{"@id":"https:\/\/dev.monti.lt\/product\/tooky-toy-logines-medines-kaladeles\/#primaryimage"},"thumbnailUrl":"https:\/\/dev.monti.lt\/wp-content\/uploads\/2023\/10\/tooky-toy-drewniane-klocki-sensoryczne-kreatywne-symetria-4-szt-ksiazeczka-ze-wzorami-certyfikat-fsc.jpg","datePublished":"2023-10-25T06:55:21+00:00","dateModified":"2024-05-07T17:20:05+00:00","breadcrumb":{"@id":"https:\/\/dev.monti.lt\/product\/tooky-toy-logines-medines-kaladeles\/#breadcrumb"},"inLanguage":"en-US","potentialAction":[{"@type":"ReadAction","target":["https:\/\/dev.monti.lt\/product\/tooky-toy-logines-medines-kaladeles\/"]}]},{"@type":"ImageObject","inLanguage":"en-US","@id":"https:\/\/dev.monti.lt\/product\/tooky-toy-logines-medines-kaladeles\/#primaryimage","url":"https:\/\/dev.monti.lt\/wp-content\/uploads\/2023\/10\/tooky-toy-drewniane-klocki-sensoryczne-kreatywne-symetria-4-szt-ksiazeczka-ze-wzorami-certyfikat-fsc.jpg","contentUrl":"https:\/\/dev.monti.lt\/wp-content\/uploads\/2023\/10\/tooky-toy-drewniane-klocki-sensoryczne-kreatywne-symetria-4-szt-ksiazeczka-ze-wzorami-certyfikat-fsc.jpg","width":800,"height":800,"caption":"medines kaladeles"},{"@type":"BreadcrumbList","@id":"https:\/\/dev.monti.lt\/product\/tooky-toy-logines-medines-kaladeles\/#breadcrumb","itemListElement":[{"@type":"ListItem","position":1,"name":"Home","item":"https:\/\/dev.monti.lt\/"},{"@type":"ListItem","position":2,"name":"Parduotuv\u0117","item":"https:\/\/dev.monti.lt\/shop\/"},{"@type":"ListItem","position":3,"name":"Tooky toy login\u0117s medin\u0117s kalad\u0117l\u0117s"}]},{"@type":"WebSite","@id":"https:\/\/dev.monti.lt\/#website","url":"https:\/\/dev.monti.lt\/","name":"Montessori \u017eaislai","description":"","publisher":{"@id":"https:\/\/dev.monti.lt\/#organization"},"potentialAction":[{"@type":"SearchAction","target":{"@type":"EntryPoint","urlTemplate":"https:\/\/dev.monti.lt\/?s={search_term_string}"},"query-input":"required name=search_term_string"}],"inLanguage":"en-US"},{"@type":"Organization","@id":"https:\/\/dev.monti.lt\/#organization","name":"Montessori \u017eaislai","url":"https:\/\/dev.monti.lt\/","logo":{"@type":"ImageObject","inLanguage":"en-US","@id":"https:\/\/dev.monti.lt\/#\/schema\/logo\/image\/","url":"https:\/\/dev.monti.lt\/wp-content\/uploads\/2022\/03\/montilogo-1.png","contentUrl":"https:\/\/dev.monti.lt\/wp-content\/uploads\/2022\/03\/montilogo-1.png","width":512,"height":512,"caption":"Montessori \u017eaislai"},"image":{"@id":"https:\/\/dev.monti.lt\/#\/schema\/logo\/image\/"}}]}},"_links":{"self":[{"href":"https:\/\/dev.monti.lt\/en\/wp-json\/wp\/v2\/product\/18717"}],"collection":[{"href":"https:\/\/dev.monti.lt\/en\/wp-json\/wp\/v2\/product"}],"about":[{"href":"https:\/\/dev.monti.lt\/en\/wp-json\/wp\/v2\/types\/product"}],"version-history":[{"count":1,"href":"https:\/\/dev.monti.lt\/en\/wp-json\/wp\/v2\/product\/18717\/revisions"}],"predecessor-version":[{"id":18728,"href":"https:\/\/dev.monti.lt\/en\/wp-json\/wp\/v2\/product\/18717\/revisions\/18728"}],"wp:featuredmedia":[{"embeddable":true,"href":"https:\/\/dev.monti.lt\/en\/wp-json\/wp\/v2\/media\/18718"}],"wp:attachment":[{"href":"https:\/\/dev.monti.lt\/en\/wp-json\/wp\/v2\/media?parent=18717"}],"wp:term":[{"taxonomy":"product_cat","embeddable":true,"href":"https:\/\/dev.monti.lt\/en\/wp-json\/wp\/v2\/product_cat?post=18717"},{"taxonomy":"product_tag","embeddable":true,"href":"https:\/\/dev.monti.lt\/en\/wp-json\/wp\/v2\/product_tag?post=18717"}],"curies":[{"name":"wp","href":"https:\/\/api.w.org\/{rel}","templated":true}]}}