{"id":18662,"date":"2023-10-23T11:46:12","date_gmt":"2023-10-23T11:46:12","guid":{"rendered":"https:\/\/dev.monti.lt\/?post_type=product&#038;p=18662"},"modified":"2024-10-08T17:38:57","modified_gmt":"2024-10-08T17:38:57","slug":"viga-sensorinis-rusiuoklis","status":"publish","type":"product","link":"https:\/\/dev.monti.lt\/en\/product\/viga-sensorinis-rusiuoklis\/","title":{"rendered":"Viga sensorinis r\u016b\u0161iuoklis"},"content":{"rendered":"<p>&#8220;Viga Toys&#8221; prek\u0117s \u017eenklo sensorinis r\u016b\u0161iuoklis yra puikus pasirinkimas, kuris suteiks j\u016bs\u0173 vaikui tinkam\u0105 stimuliacij\u0105 ir teising\u0105 vystym\u0105si. Sensorinis r\u016b\u0161iuoklis veikia pana\u0161iai kaip populiar\u016bs form\u0173 r\u016b\u0161iuotuvai, ta\u010diau garantuoja daug platesn\u012f stimuliacijos spektr\u0105. Jis veikia net 3 sistemomis, kuri\u0173 form\u0173 formavimas itin svarbus ikimokykliniame am\u017eiuje.<\/p><p>Charakteristikos: &#8211; tai yra labai patogus ir lengvai valdomas, bet neperkrautas, nes yra labai patogus ir lengvai valdomas:<\/p><ul class=\"wp-block-list\"><li>Rinkin\u012f sudaro 10 medini\u0173 cilindr\u0173 ir lenta, kurioje palikta 10 skylu\u010di\u0173 su med\u017eiagomis.<\/li>\n\n<li>Vaiko u\u017eduotis &#8211; nenaudojant aki\u0173 atskirti juos ir priderinti atitinkamus cilindrus prie skylu\u010di\u0173, kuriose taip pat yra med\u017eiag\u0173, kad b\u016bt\u0173 lengviau priderinti.<\/li>\n\n<li>\u017daislas pagamintas i\u0161 auk\u0161tos kokyb\u0117s medienos.<br>\u017daislas tobul\u0117ja:<\/li>\n\n<li>pa\u017eintinius geb\u0117jimus,<\/li>\n\n<li>3 lyt\u0117jimo, vestibiuliarin\u0119 ir propriocepcin\u0119 sistemas,<\/li>\n\n<li>sensorinius geb\u0117jimus,<\/li>\n\n<li>smulki\u0105j\u0105 motorik\u0105.<\/li>\n\n<li>ilgis: 27 cm x plotis: 11 cm x auk\u0161tis: 4 cm<\/li><\/ul>","protected":false},"excerpt":{"rendered":"<p>&#8220;Viga Toys&#8221; prek\u0117s \u017eenklo sensorinis r\u016b\u0161iuoklis yra puikus pasirinkimas, kuris suteiks j\u016bs\u0173 vaikui tinkam\u0105 stimuliacij\u0105 ir teising\u0105 vystym\u0105si. Sensorinis r\u016b\u0161iuoklis veikia pana\u0161iai kaip populiar\u016bs form\u0173 r\u016b\u0161iuotuvai, ta\u010diau garantuoja daug platesn\u012f stimuliacijos spektr\u0105. Jis veikia net 3 sistemomis, kuri\u0173 form\u0173 formavimas itin svarbus ikimokykliniame am\u017eiuje. Charakteristikos: &#8211; tai yra labai patogus ir lengvai valdomas, bet neperkrautas, [&hellip;]<\/p>","protected":false},"featured_media":18663,"template":"","meta":{"iawp_total_views":19},"product_cat":[84,102,83,90,199,49,39],"product_tag":[97,98,99],"class_list":{"0":"post-18662","1":"product","2":"type-product","3":"status-publish","4":"has-post-thumbnail","6":"product_cat-lavinamieji-zaislai","7":"product_cat-mediniai-zaislai","8":"product_cat-montessori-zaislai","9":"product_cat-pasaulio-pazinimas","10":"product_cat-ugdymo-istaigoms","11":"product_cat-visi-zaislai","12":"product_cat-zaislai","13":"product_tag-3-m-4-m","14":"product_tag-5-m-7-m","15":"product_tag-8-m-11-m","17":"first","18":"instock","19":"sale","20":"taxable","21":"shipping-taxable","22":"purchasable","23":"product-type-simple"},"yoast_head":"<!-- This site is optimized with the Yoast SEO plugin v23.3 - https:\/\/yoast.com\/wordpress\/plugins\/seo\/ -->\n<title>Viga sensorinis r\u016b\u0161iuoklis - Montessori \u017eaislai<\/title>\n<meta name=\"robots\" content=\"noindex, follow, max-snippet:-1, max-image-preview:large, max-video-preview:-1\" \/>\n<meta property=\"og:locale\" content=\"en_US\" \/>\n<meta property=\"og:type\" content=\"article\" \/>\n<meta property=\"og:title\" content=\"Viga sensorinis r\u016b\u0161iuoklis - Montessori \u017eaislai\" \/>\n<meta property=\"og:description\" content=\"&#8220;Viga Toys&#8221; prek\u0117s \u017eenklo sensorinis r\u016b\u0161iuoklis yra puikus pasirinkimas, kuris suteiks j\u016bs\u0173 vaikui tinkam\u0105 stimuliacij\u0105 ir teising\u0105 vystym\u0105si. Sensorinis r\u016b\u0161iuoklis veikia pana\u0161iai kaip populiar\u016bs form\u0173 r\u016b\u0161iuotuvai, ta\u010diau garantuoja daug platesn\u012f stimuliacijos spektr\u0105. Jis veikia net 3 sistemomis, kuri\u0173 form\u0173 formavimas itin svarbus ikimokykliniame am\u017eiuje. Charakteristikos: &#8211; tai yra labai patogus ir lengvai valdomas, bet neperkrautas, [&hellip;]\" \/>\n<meta property=\"og:url\" content=\"https:\/\/dev.monti.lt\/en\/product\/viga-sensorinis-rusiuoklis\/\" \/>\n<meta property=\"og:site_name\" content=\"Montessori \u017eaislai\" \/>\n<meta property=\"article:modified_time\" content=\"2024-10-08T17:38:57+00:00\" \/>\n<meta property=\"og:image\" content=\"https:\/\/dev.monti.lt\/wp-content\/uploads\/2023\/10\/sorter-sensoryczny-viga-toys-sortuj-dotykiem.jpg\" \/>\n\t<meta property=\"og:image:width\" content=\"800\" \/>\n\t<meta property=\"og:image:height\" content=\"800\" \/>\n\t<meta property=\"og:image:type\" content=\"image\/jpeg\" \/>\n<meta name=\"twitter:card\" content=\"summary_large_image\" \/>\n<meta name=\"twitter:label1\" content=\"Est. reading time\" \/>\n\t<meta name=\"twitter:data1\" content=\"1 minute\" \/>\n<script type=\"application\/ld+json\" class=\"yoast-schema-graph\">{\"@context\":\"https:\/\/schema.org\",\"@graph\":[{\"@type\":\"WebPage\",\"@id\":\"https:\/\/dev.monti.lt\/product\/viga-sensorinis-rusiuoklis\/\",\"url\":\"https:\/\/dev.monti.lt\/product\/viga-sensorinis-rusiuoklis\/\",\"name\":\"Viga sensorinis r\u016b\u0161iuoklis - Montessori \u017eaislai\",\"isPartOf\":{\"@id\":\"https:\/\/dev.monti.lt\/#website\"},\"primaryImageOfPage\":{\"@id\":\"https:\/\/dev.monti.lt\/product\/viga-sensorinis-rusiuoklis\/#primaryimage\"},\"image\":{\"@id\":\"https:\/\/dev.monti.lt\/product\/viga-sensorinis-rusiuoklis\/#primaryimage\"},\"thumbnailUrl\":\"https:\/\/dev.monti.lt\/wp-content\/uploads\/2023\/10\/sorter-sensoryczny-viga-toys-sortuj-dotykiem.jpg\",\"datePublished\":\"2023-10-23T11:46:12+00:00\",\"dateModified\":\"2024-10-08T17:38:57+00:00\",\"breadcrumb\":{\"@id\":\"https:\/\/dev.monti.lt\/product\/viga-sensorinis-rusiuoklis\/#breadcrumb\"},\"inLanguage\":\"en-US\",\"potentialAction\":[{\"@type\":\"ReadAction\",\"target\":[\"https:\/\/dev.monti.lt\/product\/viga-sensorinis-rusiuoklis\/\"]}]},{\"@type\":\"ImageObject\",\"inLanguage\":\"en-US\",\"@id\":\"https:\/\/dev.monti.lt\/product\/viga-sensorinis-rusiuoklis\/#primaryimage\",\"url\":\"https:\/\/dev.monti.lt\/wp-content\/uploads\/2023\/10\/sorter-sensoryczny-viga-toys-sortuj-dotykiem.jpg\",\"contentUrl\":\"https:\/\/dev.monti.lt\/wp-content\/uploads\/2023\/10\/sorter-sensoryczny-viga-toys-sortuj-dotykiem.jpg\",\"width\":800,\"height\":800,\"caption\":\"paliesk\"},{\"@type\":\"BreadcrumbList\",\"@id\":\"https:\/\/dev.monti.lt\/product\/viga-sensorinis-rusiuoklis\/#breadcrumb\",\"itemListElement\":[{\"@type\":\"ListItem\",\"position\":1,\"name\":\"Home\",\"item\":\"https:\/\/dev.monti.lt\/\"},{\"@type\":\"ListItem\",\"position\":2,\"name\":\"Parduotuv\u0117\",\"item\":\"https:\/\/dev.monti.lt\/shop\/\"},{\"@type\":\"ListItem\",\"position\":3,\"name\":\"Viga sensorinis r\u016b\u0161iuoklis\"}]},{\"@type\":\"WebSite\",\"@id\":\"https:\/\/dev.monti.lt\/#website\",\"url\":\"https:\/\/dev.monti.lt\/\",\"name\":\"Montessori \u017eaislai\",\"description\":\"\",\"publisher\":{\"@id\":\"https:\/\/dev.monti.lt\/#organization\"},\"potentialAction\":[{\"@type\":\"SearchAction\",\"target\":{\"@type\":\"EntryPoint\",\"urlTemplate\":\"https:\/\/dev.monti.lt\/?s={search_term_string}\"},\"query-input\":\"required name=search_term_string\"}],\"inLanguage\":\"en-US\"},{\"@type\":\"Organization\",\"@id\":\"https:\/\/dev.monti.lt\/#organization\",\"name\":\"Montessori \u017eaislai\",\"url\":\"https:\/\/dev.monti.lt\/\",\"logo\":{\"@type\":\"ImageObject\",\"inLanguage\":\"en-US\",\"@id\":\"https:\/\/dev.monti.lt\/#\/schema\/logo\/image\/\",\"url\":\"https:\/\/dev.monti.lt\/wp-content\/uploads\/2022\/03\/montilogo-1.png\",\"contentUrl\":\"https:\/\/dev.monti.lt\/wp-content\/uploads\/2022\/03\/montilogo-1.png\",\"width\":512,\"height\":512,\"caption\":\"Montessori \u017eaislai\"},\"image\":{\"@id\":\"https:\/\/dev.monti.lt\/#\/schema\/logo\/image\/\"}}]}<\/script>\n<!-- \/ Yoast SEO plugin. -->","yoast_head_json":{"title":"Viga sensorinis r\u016b\u0161iuoklis - Montessori \u017eaislai","robots":{"index":"noindex","follow":"follow","max-snippet":"max-snippet:-1","max-image-preview":"max-image-preview:large","max-video-preview":"max-video-preview:-1"},"og_locale":"en_US","og_type":"article","og_title":"Viga sensorinis r\u016b\u0161iuoklis - Montessori \u017eaislai","og_description":"&#8220;Viga Toys&#8221; prek\u0117s \u017eenklo sensorinis r\u016b\u0161iuoklis yra puikus pasirinkimas, kuris suteiks j\u016bs\u0173 vaikui tinkam\u0105 stimuliacij\u0105 ir teising\u0105 vystym\u0105si. Sensorinis r\u016b\u0161iuoklis veikia pana\u0161iai kaip populiar\u016bs form\u0173 r\u016b\u0161iuotuvai, ta\u010diau garantuoja daug platesn\u012f stimuliacijos spektr\u0105. Jis veikia net 3 sistemomis, kuri\u0173 form\u0173 formavimas itin svarbus ikimokykliniame am\u017eiuje. Charakteristikos: &#8211; tai yra labai patogus ir lengvai valdomas, bet neperkrautas, [&hellip;]","og_url":"https:\/\/dev.monti.lt\/en\/product\/viga-sensorinis-rusiuoklis\/","og_site_name":"Montessori \u017eaislai","article_modified_time":"2024-10-08T17:38:57+00:00","og_image":[{"width":800,"height":800,"url":"https:\/\/dev.monti.lt\/wp-content\/uploads\/2023\/10\/sorter-sensoryczny-viga-toys-sortuj-dotykiem.jpg","type":"image\/jpeg"}],"twitter_card":"summary_large_image","twitter_misc":{"Est. reading time":"1 minute"},"schema":{"@context":"https:\/\/schema.org","@graph":[{"@type":"WebPage","@id":"https:\/\/dev.monti.lt\/product\/viga-sensorinis-rusiuoklis\/","url":"https:\/\/dev.monti.lt\/product\/viga-sensorinis-rusiuoklis\/","name":"Viga sensorinis r\u016b\u0161iuoklis - Montessori \u017eaislai","isPartOf":{"@id":"https:\/\/dev.monti.lt\/#website"},"primaryImageOfPage":{"@id":"https:\/\/dev.monti.lt\/product\/viga-sensorinis-rusiuoklis\/#primaryimage"},"image":{"@id":"https:\/\/dev.monti.lt\/product\/viga-sensorinis-rusiuoklis\/#primaryimage"},"thumbnailUrl":"https:\/\/dev.monti.lt\/wp-content\/uploads\/2023\/10\/sorter-sensoryczny-viga-toys-sortuj-dotykiem.jpg","datePublished":"2023-10-23T11:46:12+00:00","dateModified":"2024-10-08T17:38:57+00:00","breadcrumb":{"@id":"https:\/\/dev.monti.lt\/product\/viga-sensorinis-rusiuoklis\/#breadcrumb"},"inLanguage":"en-US","potentialAction":[{"@type":"ReadAction","target":["https:\/\/dev.monti.lt\/product\/viga-sensorinis-rusiuoklis\/"]}]},{"@type":"ImageObject","inLanguage":"en-US","@id":"https:\/\/dev.monti.lt\/product\/viga-sensorinis-rusiuoklis\/#primaryimage","url":"https:\/\/dev.monti.lt\/wp-content\/uploads\/2023\/10\/sorter-sensoryczny-viga-toys-sortuj-dotykiem.jpg","contentUrl":"https:\/\/dev.monti.lt\/wp-content\/uploads\/2023\/10\/sorter-sensoryczny-viga-toys-sortuj-dotykiem.jpg","width":800,"height":800,"caption":"paliesk"},{"@type":"BreadcrumbList","@id":"https:\/\/dev.monti.lt\/product\/viga-sensorinis-rusiuoklis\/#breadcrumb","itemListElement":[{"@type":"ListItem","position":1,"name":"Home","item":"https:\/\/dev.monti.lt\/"},{"@type":"ListItem","position":2,"name":"Parduotuv\u0117","item":"https:\/\/dev.monti.lt\/shop\/"},{"@type":"ListItem","position":3,"name":"Viga sensorinis r\u016b\u0161iuoklis"}]},{"@type":"WebSite","@id":"https:\/\/dev.monti.lt\/#website","url":"https:\/\/dev.monti.lt\/","name":"Montessori \u017eaislai","description":"","publisher":{"@id":"https:\/\/dev.monti.lt\/#organization"},"potentialAction":[{"@type":"SearchAction","target":{"@type":"EntryPoint","urlTemplate":"https:\/\/dev.monti.lt\/?s={search_term_string}"},"query-input":"required name=search_term_string"}],"inLanguage":"en-US"},{"@type":"Organization","@id":"https:\/\/dev.monti.lt\/#organization","name":"Montessori \u017eaislai","url":"https:\/\/dev.monti.lt\/","logo":{"@type":"ImageObject","inLanguage":"en-US","@id":"https:\/\/dev.monti.lt\/#\/schema\/logo\/image\/","url":"https:\/\/dev.monti.lt\/wp-content\/uploads\/2022\/03\/montilogo-1.png","contentUrl":"https:\/\/dev.monti.lt\/wp-content\/uploads\/2022\/03\/montilogo-1.png","width":512,"height":512,"caption":"Montessori \u017eaislai"},"image":{"@id":"https:\/\/dev.monti.lt\/#\/schema\/logo\/image\/"}}]}},"_links":{"self":[{"href":"https:\/\/dev.monti.lt\/en\/wp-json\/wp\/v2\/product\/18662"}],"collection":[{"href":"https:\/\/dev.monti.lt\/en\/wp-json\/wp\/v2\/product"}],"about":[{"href":"https:\/\/dev.monti.lt\/en\/wp-json\/wp\/v2\/types\/product"}],"version-history":[{"count":1,"href":"https:\/\/dev.monti.lt\/en\/wp-json\/wp\/v2\/product\/18662\/revisions"}],"predecessor-version":[{"id":18666,"href":"https:\/\/dev.monti.lt\/en\/wp-json\/wp\/v2\/product\/18662\/revisions\/18666"}],"wp:featuredmedia":[{"embeddable":true,"href":"https:\/\/dev.monti.lt\/en\/wp-json\/wp\/v2\/media\/18663"}],"wp:attachment":[{"href":"https:\/\/dev.monti.lt\/en\/wp-json\/wp\/v2\/media?parent=18662"}],"wp:term":[{"taxonomy":"product_cat","embeddable":true,"href":"https:\/\/dev.monti.lt\/en\/wp-json\/wp\/v2\/product_cat?post=18662"},{"taxonomy":"product_tag","embeddable":true,"href":"https:\/\/dev.monti.lt\/en\/wp-json\/wp\/v2\/product_tag?post=18662"}],"curies":[{"name":"wp","href":"https:\/\/api.w.org\/{rel}","templated":true}]}}