{"id":18654,"date":"2023-10-23T11:40:03","date_gmt":"2023-10-23T11:40:03","guid":{"rendered":"https:\/\/dev.monti.lt\/?post_type=product&#038;p=18654"},"modified":"2024-10-02T12:53:18","modified_gmt":"2024-10-02T12:53:18","slug":"tooky-toy-lavinamasis-zaidimas","status":"publish","type":"product","link":"https:\/\/dev.monti.lt\/en\/product\/tooky-toy-lavinamasis-zaidimas\/","title":{"rendered":"Tooky toy lavinamasis \u017eaidimas"},"content":{"rendered":"<p>Itin smagus sensorinis TOOKY TOY prek\u0117s \u017eenklo \u017eaidimas, skatinantis lyt\u0117jimo poj\u016bt\u012f. Pasirinkite paveiksl\u0117l\u012f i\u0161 d\u0117lion\u0117s ir \u012fd\u0117kite rank\u0105 \u012f medvilnin\u012f mai\u0161el\u012f, kad pagal lyt\u0117jim\u0105 atpa\u017eintum\u0117te atitinkam\u0105 detal\u0119. Yra 16 medini\u0173 detali\u0173 ir 16 deran\u010di\u0173 paveiksl\u0117li\u0173. Smagu visai \u0161eimai ir puikiai tinka kelion\u0117ms. Medvilninis mai\u0161elis puikiai tinka \u017eaidimui laikyti, kad neprarastum\u0117te detali\u0173. \u017daislas sukurtas pagal \u0161iuolaikin\u012f STEAM (mokslas \/ mokslas, technologija \/ technologija, in\u017einerija \/ in\u017einerija, menas \/ menas, matematika \/ matematika) mokymosi model\u012f.<\/p><p>Savyb\u0117s:<\/p><ul class=\"wp-block-list\"><li>Nuo 3 met\u0173 am\u017eiaus,<\/li>\n\n<li>\u017eaislas lavina lyt\u0117jimo poj\u016bt\u012f,<\/li>\n\n<li>medvilninis mai\u0161elis visam rinkiniui laikyti,<\/li>\n\n<li>idealiai tinka kelion\u0117ms,<\/li>\n\n<li>STEAM ugdymas (gamtos mokslai \/ mokslas, technologijos \/ technologijos, in\u017einerija \/ in\u017einerija, menas \/ menas, matematika \/ matematika) &#8211; \u0161iuolaikinis mokymosi modelis.<\/li>\n\n<li>24 x 4.5 x 22.5 (cm)<\/li><\/ul>","protected":false},"excerpt":{"rendered":"<p>Itin smagus sensorinis TOOKY TOY prek\u0117s \u017eenklo \u017eaidimas, skatinantis lyt\u0117jimo poj\u016bt\u012f. Pasirinkite paveiksl\u0117l\u012f i\u0161 d\u0117lion\u0117s ir \u012fd\u0117kite rank\u0105 \u012f medvilnin\u012f mai\u0161el\u012f, kad pagal lyt\u0117jim\u0105 atpa\u017eintum\u0117te atitinkam\u0105 detal\u0119. Yra 16 medini\u0173 detali\u0173 ir 16 deran\u010di\u0173 paveiksl\u0117li\u0173. Smagu visai \u0161eimai ir puikiai tinka kelion\u0117ms. Medvilninis mai\u0161elis puikiai tinka \u017eaidimui laikyti, kad neprarastum\u0117te detali\u0173. \u017daislas sukurtas pagal \u0161iuolaikin\u012f [&hellip;]<\/p>","protected":false},"featured_media":18655,"template":"","meta":{"iawp_total_views":13},"product_cat":[92,208,195,191,192,84,91,210,102,83,86,49,39],"product_tag":[97,98],"class_list":{"0":"post-18654","1":"product","2":"type-product","3":"status-publish","4":"has-post-thumbnail","6":"product_cat-deliones","7":"product_cat-deliones-2","8":"product_cat-dovanos-vaikams-3-4-metu","9":"product_cat-dovanos-vaikams","10":"product_cat-kaledines-dovanos-vaikams","11":"product_cat-lavinamieji-zaislai","12":"product_cat-loginiam-mastymui","13":"product_cat-medines-deliones","14":"product_cat-mediniai-zaislai","15":"product_cat-montessori-zaislai","16":"product_cat-smulkioji-motorika","17":"product_cat-visi-zaislai","18":"product_cat-zaislai","19":"product_tag-3-m-4-m","20":"product_tag-5-m-7-m","22":"first","23":"instock","24":"sale","25":"taxable","26":"shipping-taxable","27":"purchasable","28":"product-type-simple"},"yoast_head":"<!-- This site is optimized with the Yoast SEO plugin v23.3 - https:\/\/yoast.com\/wordpress\/plugins\/seo\/ -->\n<title>Tooky toy lavinamasis \u017eaidimas - Montessori \u017eaislai<\/title>\n<meta name=\"robots\" content=\"noindex, follow, max-snippet:-1, max-image-preview:large, max-video-preview:-1\" \/>\n<meta property=\"og:locale\" content=\"en_US\" \/>\n<meta property=\"og:type\" content=\"article\" \/>\n<meta property=\"og:title\" content=\"Tooky toy lavinamasis \u017eaidimas - Montessori \u017eaislai\" \/>\n<meta property=\"og:description\" content=\"Itin smagus sensorinis TOOKY TOY prek\u0117s \u017eenklo \u017eaidimas, skatinantis lyt\u0117jimo poj\u016bt\u012f. Pasirinkite paveiksl\u0117l\u012f i\u0161 d\u0117lion\u0117s ir \u012fd\u0117kite rank\u0105 \u012f medvilnin\u012f mai\u0161el\u012f, kad pagal lyt\u0117jim\u0105 atpa\u017eintum\u0117te atitinkam\u0105 detal\u0119. Yra 16 medini\u0173 detali\u0173 ir 16 deran\u010di\u0173 paveiksl\u0117li\u0173. Smagu visai \u0161eimai ir puikiai tinka kelion\u0117ms. Medvilninis mai\u0161elis puikiai tinka \u017eaidimui laikyti, kad neprarastum\u0117te detali\u0173. \u017daislas sukurtas pagal \u0161iuolaikin\u012f [&hellip;]\" \/>\n<meta property=\"og:url\" content=\"https:\/\/dev.monti.lt\/en\/product\/tooky-toy-lavinamasis-zaidimas\/\" \/>\n<meta property=\"og:site_name\" content=\"Montessori \u017eaislai\" \/>\n<meta property=\"article:modified_time\" content=\"2024-10-02T12:53:18+00:00\" \/>\n<meta property=\"og:image\" content=\"https:\/\/dev.monti.lt\/wp-content\/uploads\/2023\/10\/tooky-toy-zabawka-sensoryczna-memory-ksztalty-33-el-fsc.jpg\" \/>\n\t<meta property=\"og:image:width\" content=\"800\" \/>\n\t<meta property=\"og:image:height\" content=\"800\" \/>\n\t<meta property=\"og:image:type\" content=\"image\/jpeg\" \/>\n<meta name=\"twitter:card\" content=\"summary_large_image\" \/>\n<meta name=\"twitter:label1\" content=\"Est. reading time\" \/>\n\t<meta name=\"twitter:data1\" content=\"1 minute\" \/>\n<script type=\"application\/ld+json\" class=\"yoast-schema-graph\">{\"@context\":\"https:\/\/schema.org\",\"@graph\":[{\"@type\":\"WebPage\",\"@id\":\"https:\/\/dev.monti.lt\/product\/tooky-toy-lavinamasis-zaidimas\/\",\"url\":\"https:\/\/dev.monti.lt\/product\/tooky-toy-lavinamasis-zaidimas\/\",\"name\":\"Tooky toy lavinamasis \u017eaidimas - Montessori \u017eaislai\",\"isPartOf\":{\"@id\":\"https:\/\/dev.monti.lt\/#website\"},\"primaryImageOfPage\":{\"@id\":\"https:\/\/dev.monti.lt\/product\/tooky-toy-lavinamasis-zaidimas\/#primaryimage\"},\"image\":{\"@id\":\"https:\/\/dev.monti.lt\/product\/tooky-toy-lavinamasis-zaidimas\/#primaryimage\"},\"thumbnailUrl\":\"https:\/\/dev.monti.lt\/wp-content\/uploads\/2023\/10\/tooky-toy-zabawka-sensoryczna-memory-ksztalty-33-el-fsc.jpg\",\"datePublished\":\"2023-10-23T11:40:03+00:00\",\"dateModified\":\"2024-10-02T12:53:18+00:00\",\"breadcrumb\":{\"@id\":\"https:\/\/dev.monti.lt\/product\/tooky-toy-lavinamasis-zaidimas\/#breadcrumb\"},\"inLanguage\":\"en-US\",\"potentialAction\":[{\"@type\":\"ReadAction\",\"target\":[\"https:\/\/dev.monti.lt\/product\/tooky-toy-lavinamasis-zaidimas\/\"]}]},{\"@type\":\"ImageObject\",\"inLanguage\":\"en-US\",\"@id\":\"https:\/\/dev.monti.lt\/product\/tooky-toy-lavinamasis-zaidimas\/#primaryimage\",\"url\":\"https:\/\/dev.monti.lt\/wp-content\/uploads\/2023\/10\/tooky-toy-zabawka-sensoryczna-memory-ksztalty-33-el-fsc.jpg\",\"contentUrl\":\"https:\/\/dev.monti.lt\/wp-content\/uploads\/2023\/10\/tooky-toy-zabawka-sensoryczna-memory-ksztalty-33-el-fsc.jpg\",\"width\":800,\"height\":800,\"caption\":\"atminties zaidimas\"},{\"@type\":\"BreadcrumbList\",\"@id\":\"https:\/\/dev.monti.lt\/product\/tooky-toy-lavinamasis-zaidimas\/#breadcrumb\",\"itemListElement\":[{\"@type\":\"ListItem\",\"position\":1,\"name\":\"Home\",\"item\":\"https:\/\/dev.monti.lt\/\"},{\"@type\":\"ListItem\",\"position\":2,\"name\":\"Parduotuv\u0117\",\"item\":\"https:\/\/dev.monti.lt\/shop\/\"},{\"@type\":\"ListItem\",\"position\":3,\"name\":\"Tooky toy lavinamasis \u017eaidimas\"}]},{\"@type\":\"WebSite\",\"@id\":\"https:\/\/dev.monti.lt\/#website\",\"url\":\"https:\/\/dev.monti.lt\/\",\"name\":\"Montessori \u017eaislai\",\"description\":\"\",\"publisher\":{\"@id\":\"https:\/\/dev.monti.lt\/#organization\"},\"potentialAction\":[{\"@type\":\"SearchAction\",\"target\":{\"@type\":\"EntryPoint\",\"urlTemplate\":\"https:\/\/dev.monti.lt\/?s={search_term_string}\"},\"query-input\":\"required name=search_term_string\"}],\"inLanguage\":\"en-US\"},{\"@type\":\"Organization\",\"@id\":\"https:\/\/dev.monti.lt\/#organization\",\"name\":\"Montessori \u017eaislai\",\"url\":\"https:\/\/dev.monti.lt\/\",\"logo\":{\"@type\":\"ImageObject\",\"inLanguage\":\"en-US\",\"@id\":\"https:\/\/dev.monti.lt\/#\/schema\/logo\/image\/\",\"url\":\"https:\/\/dev.monti.lt\/wp-content\/uploads\/2022\/03\/montilogo-1.png\",\"contentUrl\":\"https:\/\/dev.monti.lt\/wp-content\/uploads\/2022\/03\/montilogo-1.png\",\"width\":512,\"height\":512,\"caption\":\"Montessori \u017eaislai\"},\"image\":{\"@id\":\"https:\/\/dev.monti.lt\/#\/schema\/logo\/image\/\"}}]}<\/script>\n<!-- \/ Yoast SEO plugin. -->","yoast_head_json":{"title":"Tooky toy lavinamasis \u017eaidimas - Montessori \u017eaislai","robots":{"index":"noindex","follow":"follow","max-snippet":"max-snippet:-1","max-image-preview":"max-image-preview:large","max-video-preview":"max-video-preview:-1"},"og_locale":"en_US","og_type":"article","og_title":"Tooky toy lavinamasis \u017eaidimas - Montessori \u017eaislai","og_description":"Itin smagus sensorinis TOOKY TOY prek\u0117s \u017eenklo \u017eaidimas, skatinantis lyt\u0117jimo poj\u016bt\u012f. Pasirinkite paveiksl\u0117l\u012f i\u0161 d\u0117lion\u0117s ir \u012fd\u0117kite rank\u0105 \u012f medvilnin\u012f mai\u0161el\u012f, kad pagal lyt\u0117jim\u0105 atpa\u017eintum\u0117te atitinkam\u0105 detal\u0119. Yra 16 medini\u0173 detali\u0173 ir 16 deran\u010di\u0173 paveiksl\u0117li\u0173. Smagu visai \u0161eimai ir puikiai tinka kelion\u0117ms. Medvilninis mai\u0161elis puikiai tinka \u017eaidimui laikyti, kad neprarastum\u0117te detali\u0173. \u017daislas sukurtas pagal \u0161iuolaikin\u012f [&hellip;]","og_url":"https:\/\/dev.monti.lt\/en\/product\/tooky-toy-lavinamasis-zaidimas\/","og_site_name":"Montessori \u017eaislai","article_modified_time":"2024-10-02T12:53:18+00:00","og_image":[{"width":800,"height":800,"url":"https:\/\/dev.monti.lt\/wp-content\/uploads\/2023\/10\/tooky-toy-zabawka-sensoryczna-memory-ksztalty-33-el-fsc.jpg","type":"image\/jpeg"}],"twitter_card":"summary_large_image","twitter_misc":{"Est. reading time":"1 minute"},"schema":{"@context":"https:\/\/schema.org","@graph":[{"@type":"WebPage","@id":"https:\/\/dev.monti.lt\/product\/tooky-toy-lavinamasis-zaidimas\/","url":"https:\/\/dev.monti.lt\/product\/tooky-toy-lavinamasis-zaidimas\/","name":"Tooky toy lavinamasis \u017eaidimas - Montessori \u017eaislai","isPartOf":{"@id":"https:\/\/dev.monti.lt\/#website"},"primaryImageOfPage":{"@id":"https:\/\/dev.monti.lt\/product\/tooky-toy-lavinamasis-zaidimas\/#primaryimage"},"image":{"@id":"https:\/\/dev.monti.lt\/product\/tooky-toy-lavinamasis-zaidimas\/#primaryimage"},"thumbnailUrl":"https:\/\/dev.monti.lt\/wp-content\/uploads\/2023\/10\/tooky-toy-zabawka-sensoryczna-memory-ksztalty-33-el-fsc.jpg","datePublished":"2023-10-23T11:40:03+00:00","dateModified":"2024-10-02T12:53:18+00:00","breadcrumb":{"@id":"https:\/\/dev.monti.lt\/product\/tooky-toy-lavinamasis-zaidimas\/#breadcrumb"},"inLanguage":"en-US","potentialAction":[{"@type":"ReadAction","target":["https:\/\/dev.monti.lt\/product\/tooky-toy-lavinamasis-zaidimas\/"]}]},{"@type":"ImageObject","inLanguage":"en-US","@id":"https:\/\/dev.monti.lt\/product\/tooky-toy-lavinamasis-zaidimas\/#primaryimage","url":"https:\/\/dev.monti.lt\/wp-content\/uploads\/2023\/10\/tooky-toy-zabawka-sensoryczna-memory-ksztalty-33-el-fsc.jpg","contentUrl":"https:\/\/dev.monti.lt\/wp-content\/uploads\/2023\/10\/tooky-toy-zabawka-sensoryczna-memory-ksztalty-33-el-fsc.jpg","width":800,"height":800,"caption":"atminties zaidimas"},{"@type":"BreadcrumbList","@id":"https:\/\/dev.monti.lt\/product\/tooky-toy-lavinamasis-zaidimas\/#breadcrumb","itemListElement":[{"@type":"ListItem","position":1,"name":"Home","item":"https:\/\/dev.monti.lt\/"},{"@type":"ListItem","position":2,"name":"Parduotuv\u0117","item":"https:\/\/dev.monti.lt\/shop\/"},{"@type":"ListItem","position":3,"name":"Tooky toy lavinamasis \u017eaidimas"}]},{"@type":"WebSite","@id":"https:\/\/dev.monti.lt\/#website","url":"https:\/\/dev.monti.lt\/","name":"Montessori \u017eaislai","description":"","publisher":{"@id":"https:\/\/dev.monti.lt\/#organization"},"potentialAction":[{"@type":"SearchAction","target":{"@type":"EntryPoint","urlTemplate":"https:\/\/dev.monti.lt\/?s={search_term_string}"},"query-input":"required name=search_term_string"}],"inLanguage":"en-US"},{"@type":"Organization","@id":"https:\/\/dev.monti.lt\/#organization","name":"Montessori \u017eaislai","url":"https:\/\/dev.monti.lt\/","logo":{"@type":"ImageObject","inLanguage":"en-US","@id":"https:\/\/dev.monti.lt\/#\/schema\/logo\/image\/","url":"https:\/\/dev.monti.lt\/wp-content\/uploads\/2022\/03\/montilogo-1.png","contentUrl":"https:\/\/dev.monti.lt\/wp-content\/uploads\/2022\/03\/montilogo-1.png","width":512,"height":512,"caption":"Montessori \u017eaislai"},"image":{"@id":"https:\/\/dev.monti.lt\/#\/schema\/logo\/image\/"}}]}},"_links":{"self":[{"href":"https:\/\/dev.monti.lt\/en\/wp-json\/wp\/v2\/product\/18654"}],"collection":[{"href":"https:\/\/dev.monti.lt\/en\/wp-json\/wp\/v2\/product"}],"about":[{"href":"https:\/\/dev.monti.lt\/en\/wp-json\/wp\/v2\/types\/product"}],"version-history":[{"count":1,"href":"https:\/\/dev.monti.lt\/en\/wp-json\/wp\/v2\/product\/18654\/revisions"}],"predecessor-version":[{"id":18661,"href":"https:\/\/dev.monti.lt\/en\/wp-json\/wp\/v2\/product\/18654\/revisions\/18661"}],"wp:featuredmedia":[{"embeddable":true,"href":"https:\/\/dev.monti.lt\/en\/wp-json\/wp\/v2\/media\/18655"}],"wp:attachment":[{"href":"https:\/\/dev.monti.lt\/en\/wp-json\/wp\/v2\/media?parent=18654"}],"wp:term":[{"taxonomy":"product_cat","embeddable":true,"href":"https:\/\/dev.monti.lt\/en\/wp-json\/wp\/v2\/product_cat?post=18654"},{"taxonomy":"product_tag","embeddable":true,"href":"https:\/\/dev.monti.lt\/en\/wp-json\/wp\/v2\/product_tag?post=18654"}],"curies":[{"name":"wp","href":"https:\/\/api.w.org\/{rel}","templated":true}]}}