{"id":18640,"date":"2023-10-23T08:48:44","date_gmt":"2023-10-23T08:48:44","guid":{"rendered":"https:\/\/dev.monti.lt\/?post_type=product&#038;p=18640"},"modified":"2024-10-02T10:18:20","modified_gmt":"2024-10-02T10:18:20","slug":"kurybinis-zaidimas-formos-vandenyje","status":"publish","type":"product","link":"https:\/\/dev.monti.lt\/en\/product\/kurybinis-zaidimas-formos-vandenyje\/","title":{"rendered":"K\u016brybinis \u017eaidimas formos vandenyje"},"content":{"rendered":"<figure class=\"wp-block-image\"><img decoding=\"async\" src=\"https:\/\/upload.cdn.baselinker.com\/products\/1001860\/9313333a284e8280b7a294c6cac5ff4d.jpg\" alt=\"\"\/><\/figure><p>\u2705 RINKINIO SUD\u0116TIS:<br>6 formel\u0117s<br>u\u017edara d\u0117\u017eut\u0117 (naudojama kaip indas vandeniui pilti ir mai\u0161yti su granul\u0117mis bei rinkinio elementams laikyti)<br>sietelis gatavoms fig\u016broms i\u0161imti<br>6 buteliukai gelio<br>2 pakuot\u0117s granuli\u0173 tirpalui gaminti<br>\u0161epetys<br>\u2705 FIG\u016aR\u0116LI\u0172 GAMINIMO INSTRUKCIJOS:<\/p><ol class=\"wp-block-list\"><li>25 g granuli\u0173 supilkite \u012f 1 litr\u0105 vandens.<\/li><\/ol><p>Atsargiai pastatykite form\u0105 plok\u0161\u010di\u0105, pamirkykite 30 sekund\u017ei\u0173 ir tada \u0161velniai pakratykite form\u0105, kad gelis nuo jos nusilupt\u0173.<\/p><p><\/p>","protected":false},"excerpt":{"rendered":"<p>\u2705 RINKINIO SUD\u0116TIS:6 formel\u0117su\u017edara d\u0117\u017eut\u0117 (naudojama kaip indas vandeniui pilti ir mai\u0161yti su granul\u0117mis bei rinkinio elementams laikyti)sietelis gatavoms fig\u016broms i\u0161imti6 buteliukai gelio2 pakuot\u0117s granuli\u0173 tirpalui gaminti\u0161epetys\u2705 FIG\u016aR\u0116LI\u0172 GAMINIMO INSTRUKCIJOS: Atsargiai pastatykite form\u0105 plok\u0161\u010di\u0105, pamirkykite 30 sekund\u017ei\u0173 ir tada \u0161velniai pakratykite form\u0105, kad gelis nuo jos nusilupt\u0173.<\/p>","protected":false},"featured_media":18641,"template":"","meta":{"iawp_total_views":69},"product_cat":[217,84,89,86,49,39],"product_tag":[98,99],"class_list":{"0":"post-18640","1":"product","2":"type-product","3":"status-publish","4":"has-post-thumbnail","6":"product_cat-dovanos-5-7-metu-vaikams","7":"product_cat-lavinamieji-zaislai","8":"product_cat-mokausi-piesti","9":"product_cat-smulkioji-motorika","10":"product_cat-visi-zaislai","11":"product_cat-zaislai","12":"product_tag-5-m-7-m","13":"product_tag-8-m-11-m","15":"first","16":"instock","17":"taxable","18":"shipping-taxable","19":"purchasable","20":"product-type-simple"},"yoast_head":"<!-- This site is optimized with the Yoast SEO plugin v23.3 - https:\/\/yoast.com\/wordpress\/plugins\/seo\/ -->\n<title>K\u016brybinis \u017eaidimas formos vandenyje - Montessori \u017eaislai<\/title>\n<meta name=\"robots\" content=\"noindex, follow, max-snippet:-1, max-image-preview:large, max-video-preview:-1\" \/>\n<meta property=\"og:locale\" content=\"en_US\" \/>\n<meta property=\"og:type\" content=\"article\" \/>\n<meta property=\"og:title\" content=\"K\u016brybinis \u017eaidimas formos vandenyje - Montessori \u017eaislai\" \/>\n<meta property=\"og:description\" content=\"\u2705 RINKINIO SUD\u0116TIS:6 formel\u0117su\u017edara d\u0117\u017eut\u0117 (naudojama kaip indas vandeniui pilti ir mai\u0161yti su granul\u0117mis bei rinkinio elementams laikyti)sietelis gatavoms fig\u016broms i\u0161imti6 buteliukai gelio2 pakuot\u0117s granuli\u0173 tirpalui gaminti\u0161epetys\u2705 FIG\u016aR\u0116LI\u0172 GAMINIMO INSTRUKCIJOS: Atsargiai pastatykite form\u0105 plok\u0161\u010di\u0105, pamirkykite 30 sekund\u017ei\u0173 ir tada \u0161velniai pakratykite form\u0105, kad gelis nuo jos nusilupt\u0173.\" \/>\n<meta property=\"og:url\" content=\"https:\/\/dev.monti.lt\/en\/product\/kurybinis-zaidimas-formos-vandenyje\/\" \/>\n<meta property=\"og:site_name\" content=\"Montessori \u017eaislai\" \/>\n<meta property=\"article:modified_time\" content=\"2024-10-02T10:18:20+00:00\" \/>\n<meta property=\"og:image\" content=\"https:\/\/dev.monti.lt\/wp-content\/uploads\/2023\/10\/masa-plastyczna-dla-dzieci-zel-diy-zestaw-kreatywny-aqua-gel.webp\" \/>\n\t<meta property=\"og:image:width\" content=\"800\" \/>\n\t<meta property=\"og:image:height\" content=\"800\" \/>\n\t<meta property=\"og:image:type\" content=\"image\/webp\" \/>\n<meta name=\"twitter:card\" content=\"summary_large_image\" \/>\n<meta name=\"twitter:label1\" content=\"Est. reading time\" \/>\n\t<meta name=\"twitter:data1\" content=\"1 minute\" \/>\n<script type=\"application\/ld+json\" class=\"yoast-schema-graph\">{\"@context\":\"https:\/\/schema.org\",\"@graph\":[{\"@type\":\"WebPage\",\"@id\":\"https:\/\/dev.monti.lt\/product\/kurybinis-zaidimas-formos-vandenyje\/\",\"url\":\"https:\/\/dev.monti.lt\/product\/kurybinis-zaidimas-formos-vandenyje\/\",\"name\":\"K\u016brybinis \u017eaidimas formos vandenyje - Montessori \u017eaislai\",\"isPartOf\":{\"@id\":\"https:\/\/dev.monti.lt\/#website\"},\"primaryImageOfPage\":{\"@id\":\"https:\/\/dev.monti.lt\/product\/kurybinis-zaidimas-formos-vandenyje\/#primaryimage\"},\"image\":{\"@id\":\"https:\/\/dev.monti.lt\/product\/kurybinis-zaidimas-formos-vandenyje\/#primaryimage\"},\"thumbnailUrl\":\"https:\/\/dev.monti.lt\/wp-content\/uploads\/2023\/10\/masa-plastyczna-dla-dzieci-zel-diy-zestaw-kreatywny-aqua-gel.webp\",\"datePublished\":\"2023-10-23T08:48:44+00:00\",\"dateModified\":\"2024-10-02T10:18:20+00:00\",\"breadcrumb\":{\"@id\":\"https:\/\/dev.monti.lt\/product\/kurybinis-zaidimas-formos-vandenyje\/#breadcrumb\"},\"inLanguage\":\"en-US\",\"potentialAction\":[{\"@type\":\"ReadAction\",\"target\":[\"https:\/\/dev.monti.lt\/product\/kurybinis-zaidimas-formos-vandenyje\/\"]}]},{\"@type\":\"ImageObject\",\"inLanguage\":\"en-US\",\"@id\":\"https:\/\/dev.monti.lt\/product\/kurybinis-zaidimas-formos-vandenyje\/#primaryimage\",\"url\":\"https:\/\/dev.monti.lt\/wp-content\/uploads\/2023\/10\/masa-plastyczna-dla-dzieci-zel-diy-zestaw-kreatywny-aqua-gel.webp\",\"contentUrl\":\"https:\/\/dev.monti.lt\/wp-content\/uploads\/2023\/10\/masa-plastyczna-dla-dzieci-zel-diy-zestaw-kreatywny-aqua-gel.webp\",\"width\":800,\"height\":800,\"caption\":\"zvejyba vaikams\"},{\"@type\":\"BreadcrumbList\",\"@id\":\"https:\/\/dev.monti.lt\/product\/kurybinis-zaidimas-formos-vandenyje\/#breadcrumb\",\"itemListElement\":[{\"@type\":\"ListItem\",\"position\":1,\"name\":\"Home\",\"item\":\"https:\/\/dev.monti.lt\/\"},{\"@type\":\"ListItem\",\"position\":2,\"name\":\"Parduotuv\u0117\",\"item\":\"https:\/\/dev.monti.lt\/shop\/\"},{\"@type\":\"ListItem\",\"position\":3,\"name\":\"K\u016brybinis \u017eaidimas formos vandenyje\"}]},{\"@type\":\"WebSite\",\"@id\":\"https:\/\/dev.monti.lt\/#website\",\"url\":\"https:\/\/dev.monti.lt\/\",\"name\":\"Montessori \u017eaislai\",\"description\":\"\",\"publisher\":{\"@id\":\"https:\/\/dev.monti.lt\/#organization\"},\"potentialAction\":[{\"@type\":\"SearchAction\",\"target\":{\"@type\":\"EntryPoint\",\"urlTemplate\":\"https:\/\/dev.monti.lt\/?s={search_term_string}\"},\"query-input\":\"required name=search_term_string\"}],\"inLanguage\":\"en-US\"},{\"@type\":\"Organization\",\"@id\":\"https:\/\/dev.monti.lt\/#organization\",\"name\":\"Montessori \u017eaislai\",\"url\":\"https:\/\/dev.monti.lt\/\",\"logo\":{\"@type\":\"ImageObject\",\"inLanguage\":\"en-US\",\"@id\":\"https:\/\/dev.monti.lt\/#\/schema\/logo\/image\/\",\"url\":\"https:\/\/dev.monti.lt\/wp-content\/uploads\/2022\/03\/montilogo-1.png\",\"contentUrl\":\"https:\/\/dev.monti.lt\/wp-content\/uploads\/2022\/03\/montilogo-1.png\",\"width\":512,\"height\":512,\"caption\":\"Montessori \u017eaislai\"},\"image\":{\"@id\":\"https:\/\/dev.monti.lt\/#\/schema\/logo\/image\/\"}}]}<\/script>\n<!-- \/ Yoast SEO plugin. -->","yoast_head_json":{"title":"K\u016brybinis \u017eaidimas formos vandenyje - Montessori \u017eaislai","robots":{"index":"noindex","follow":"follow","max-snippet":"max-snippet:-1","max-image-preview":"max-image-preview:large","max-video-preview":"max-video-preview:-1"},"og_locale":"en_US","og_type":"article","og_title":"K\u016brybinis \u017eaidimas formos vandenyje - Montessori \u017eaislai","og_description":"\u2705 RINKINIO SUD\u0116TIS:6 formel\u0117su\u017edara d\u0117\u017eut\u0117 (naudojama kaip indas vandeniui pilti ir mai\u0161yti su granul\u0117mis bei rinkinio elementams laikyti)sietelis gatavoms fig\u016broms i\u0161imti6 buteliukai gelio2 pakuot\u0117s granuli\u0173 tirpalui gaminti\u0161epetys\u2705 FIG\u016aR\u0116LI\u0172 GAMINIMO INSTRUKCIJOS: Atsargiai pastatykite form\u0105 plok\u0161\u010di\u0105, pamirkykite 30 sekund\u017ei\u0173 ir tada \u0161velniai pakratykite form\u0105, kad gelis nuo jos nusilupt\u0173.","og_url":"https:\/\/dev.monti.lt\/en\/product\/kurybinis-zaidimas-formos-vandenyje\/","og_site_name":"Montessori \u017eaislai","article_modified_time":"2024-10-02T10:18:20+00:00","og_image":[{"width":800,"height":800,"url":"https:\/\/dev.monti.lt\/wp-content\/uploads\/2023\/10\/masa-plastyczna-dla-dzieci-zel-diy-zestaw-kreatywny-aqua-gel.webp","type":"image\/webp"}],"twitter_card":"summary_large_image","twitter_misc":{"Est. reading time":"1 minute"},"schema":{"@context":"https:\/\/schema.org","@graph":[{"@type":"WebPage","@id":"https:\/\/dev.monti.lt\/product\/kurybinis-zaidimas-formos-vandenyje\/","url":"https:\/\/dev.monti.lt\/product\/kurybinis-zaidimas-formos-vandenyje\/","name":"K\u016brybinis \u017eaidimas formos vandenyje - Montessori \u017eaislai","isPartOf":{"@id":"https:\/\/dev.monti.lt\/#website"},"primaryImageOfPage":{"@id":"https:\/\/dev.monti.lt\/product\/kurybinis-zaidimas-formos-vandenyje\/#primaryimage"},"image":{"@id":"https:\/\/dev.monti.lt\/product\/kurybinis-zaidimas-formos-vandenyje\/#primaryimage"},"thumbnailUrl":"https:\/\/dev.monti.lt\/wp-content\/uploads\/2023\/10\/masa-plastyczna-dla-dzieci-zel-diy-zestaw-kreatywny-aqua-gel.webp","datePublished":"2023-10-23T08:48:44+00:00","dateModified":"2024-10-02T10:18:20+00:00","breadcrumb":{"@id":"https:\/\/dev.monti.lt\/product\/kurybinis-zaidimas-formos-vandenyje\/#breadcrumb"},"inLanguage":"en-US","potentialAction":[{"@type":"ReadAction","target":["https:\/\/dev.monti.lt\/product\/kurybinis-zaidimas-formos-vandenyje\/"]}]},{"@type":"ImageObject","inLanguage":"en-US","@id":"https:\/\/dev.monti.lt\/product\/kurybinis-zaidimas-formos-vandenyje\/#primaryimage","url":"https:\/\/dev.monti.lt\/wp-content\/uploads\/2023\/10\/masa-plastyczna-dla-dzieci-zel-diy-zestaw-kreatywny-aqua-gel.webp","contentUrl":"https:\/\/dev.monti.lt\/wp-content\/uploads\/2023\/10\/masa-plastyczna-dla-dzieci-zel-diy-zestaw-kreatywny-aqua-gel.webp","width":800,"height":800,"caption":"zvejyba vaikams"},{"@type":"BreadcrumbList","@id":"https:\/\/dev.monti.lt\/product\/kurybinis-zaidimas-formos-vandenyje\/#breadcrumb","itemListElement":[{"@type":"ListItem","position":1,"name":"Home","item":"https:\/\/dev.monti.lt\/"},{"@type":"ListItem","position":2,"name":"Parduotuv\u0117","item":"https:\/\/dev.monti.lt\/shop\/"},{"@type":"ListItem","position":3,"name":"K\u016brybinis \u017eaidimas formos vandenyje"}]},{"@type":"WebSite","@id":"https:\/\/dev.monti.lt\/#website","url":"https:\/\/dev.monti.lt\/","name":"Montessori \u017eaislai","description":"","publisher":{"@id":"https:\/\/dev.monti.lt\/#organization"},"potentialAction":[{"@type":"SearchAction","target":{"@type":"EntryPoint","urlTemplate":"https:\/\/dev.monti.lt\/?s={search_term_string}"},"query-input":"required name=search_term_string"}],"inLanguage":"en-US"},{"@type":"Organization","@id":"https:\/\/dev.monti.lt\/#organization","name":"Montessori \u017eaislai","url":"https:\/\/dev.monti.lt\/","logo":{"@type":"ImageObject","inLanguage":"en-US","@id":"https:\/\/dev.monti.lt\/#\/schema\/logo\/image\/","url":"https:\/\/dev.monti.lt\/wp-content\/uploads\/2022\/03\/montilogo-1.png","contentUrl":"https:\/\/dev.monti.lt\/wp-content\/uploads\/2022\/03\/montilogo-1.png","width":512,"height":512,"caption":"Montessori \u017eaislai"},"image":{"@id":"https:\/\/dev.monti.lt\/#\/schema\/logo\/image\/"}}]}},"_links":{"self":[{"href":"https:\/\/dev.monti.lt\/en\/wp-json\/wp\/v2\/product\/18640"}],"collection":[{"href":"https:\/\/dev.monti.lt\/en\/wp-json\/wp\/v2\/product"}],"about":[{"href":"https:\/\/dev.monti.lt\/en\/wp-json\/wp\/v2\/types\/product"}],"version-history":[{"count":1,"href":"https:\/\/dev.monti.lt\/en\/wp-json\/wp\/v2\/product\/18640\/revisions"}],"predecessor-version":[{"id":18649,"href":"https:\/\/dev.monti.lt\/en\/wp-json\/wp\/v2\/product\/18640\/revisions\/18649"}],"wp:featuredmedia":[{"embeddable":true,"href":"https:\/\/dev.monti.lt\/en\/wp-json\/wp\/v2\/media\/18641"}],"wp:attachment":[{"href":"https:\/\/dev.monti.lt\/en\/wp-json\/wp\/v2\/media?parent=18640"}],"wp:term":[{"taxonomy":"product_cat","embeddable":true,"href":"https:\/\/dev.monti.lt\/en\/wp-json\/wp\/v2\/product_cat?post=18640"},{"taxonomy":"product_tag","embeddable":true,"href":"https:\/\/dev.monti.lt\/en\/wp-json\/wp\/v2\/product_tag?post=18640"}],"curies":[{"name":"wp","href":"https:\/\/api.w.org\/{rel}","templated":true}]}}