{"id":18622,"date":"2023-10-23T07:22:02","date_gmt":"2023-10-23T07:22:02","guid":{"rendered":"https:\/\/dev.monti.lt\/?post_type=product&#038;p=18622"},"modified":"2024-10-02T10:16:13","modified_gmt":"2024-10-02T10:16:13","slug":"viga-medinis-montessori-zaidimas-spalvos","status":"publish","type":"product","link":"https:\/\/dev.monti.lt\/en\/product\/viga-medinis-montessori-zaidimas-spalvos\/","title":{"rendered":"Viga medinis Montessori stiliaus \u017eaidimas &#8220;Spalvos&#8221;"},"content":{"rendered":"<p>Prek\u0117s \u017eenklo \u201e&nbsp;<strong>Viga \u201c \u017eaislas&nbsp;<\/strong><strong>\u201eMatch the Colors \u2013 Peacock Tail&nbsp;<\/strong><strong>\u201c<\/strong>&nbsp;\u2013 tai disk\u0173 \u012fd\u0117jimas \u012f povo uodeg\u0105 pagal prie komplekto pritvirtintose kortel\u0117se pateiktus nurodymus arba skylu\u010di\u0173 u\u017epildymas spalvotomis kalad\u0117l\u0117mis pagal kauliuko u\u017euominas.&nbsp;\u0160is \u017eaidimas&nbsp;<strong>padeda i\u0161mokti spalvas<\/strong>&nbsp;,&nbsp;<strong>lavina smulki\u0105j\u0105 motorik\u0105<\/strong>&nbsp;bei&nbsp;vaiko&nbsp;<strong>rank\u0173 ir aki\u0173 koordinacij\u0105 derindamas linksmybes su mokymusi pagal&nbsp;<\/strong><strong>Montessori tendencij\u0105<\/strong>&nbsp;.&nbsp;\u017daidimas kartu yra tai, kas geriausiai lavina&nbsp;<strong>vaizduot\u0119<\/strong>&nbsp;, kuri tokia svarbi \u0161iame am\u017eiuje , ir tuo pa\u010diu puikiai paruo\u0161ia vaik\u0105 b\u016bsimam&nbsp;<strong>ikimokykliniam ugdymui.&nbsp;<\/strong><strong>Charakteristika:<\/strong><strong><\/strong><strong><\/strong><strong><\/strong><strong><\/strong><strong><\/strong><strong><\/strong><strong><\/strong><br><br><br><strong><\/strong><\/p><ul class=\"wp-block-list\"><li>&#8211; apima spalvot\u0173 kalad\u0117li\u0173 suderinim\u0105 su povo uodegoje esan\u010diomis skylut\u0117mis pagal komplekte esan\u010dias korteles arba u\u017euomin\u0105 ant kauliuko,<\/li>\n\n<li>&#8211; komplekte yra&nbsp;<strong>4<\/strong>&nbsp;medin\u0117s pov\u0173 formos lentos,&nbsp;<strong>36<\/strong>&nbsp;kalad\u0117l\u0117s&nbsp;<strong>6<\/strong>&nbsp;skirting\u0173 spalv\u0173,&nbsp;<strong>20<\/strong>&nbsp;dvipusi\u0173 \u017eaidimo kort\u0173 su \u012fvairiais spalv\u0173 i\u0161d\u0117stymo variantais,&nbsp;<strong>2<\/strong>&nbsp;kauliukai su spalv\u0173 u\u017euominomis \u0161onuose,<\/li>\n\n<li>&#8211; visas daiktas pagamintas i\u0161&nbsp;<strong>buko medienos,<\/strong><\/li>\n\n<li>&#8211; da\u017eyti&nbsp;<strong>netoksi\u0161kais<\/strong>&nbsp;ry\u0161ki\u0173 spalv\u0173 da\u017eais, tod\u0117l yra saug\u016bs vaikams.<\/li><\/ul><p><strong>\u017daislas vysto:<\/strong><\/p><ul class=\"wp-block-list\"><li>&#8211; suvokimas,<\/li>\n\n<li>&#8211; loginis m\u0105stymas,<\/li>\n\n<li>&#8211; smulkioji motorika,<\/li>\n\n<li>&#8211; koncentracija,<\/li>\n\n<li>&#8211; vizualin\u0117 koordinacija.<\/li><\/ul><p><strong>VIGA TOYS<\/strong>\u00a0yra gra\u017e\u016bs, gerai apgalvoti ir saug\u016bs\u00a0<strong>mediniai \u017eaislai<\/strong>\u00a0.\u00a0Daugiau nei 20 met\u0173 patirtis yra kokyb\u0117s ir puikaus dizaino garantija.\u00a0Medini\u0173 \u017eaisl\u0173 pasi\u016bla: virtuv\u0117s, aksesuarai, vaik\u0161tyn\u0117s, dvira\u010diai, mokomieji \u017eaislai, muzikiniai \u017eaislai, suvarstomi \u017eaislai, arkadiniai \u017eaislai, plok\u0161\u010dios kalad\u0117l\u0117s, erdviniai blokai, traukiniai ir traukiniai, namai ir teatrai, d\u0117lion\u0117s, \u017eaidimai, mini \u017eaislai , mokykliniai reikmenys ir daugelis kit\u0173.<\/p><figure class=\"wp-block-table\"><table><tbody><tr><td>Gaminio matmenys<\/td><td>17,5 x 15 x 7 (cm)<\/td><\/tr><tr><td>Pakuot\u0117s dydis<\/td><td>26,7 x 19,7 x 4 (cm)<\/td><\/tr><tr><td>Svoris<\/td><td>0,5 kg<\/td><\/tr><\/tbody><\/table><\/figure><p>Am\u017eius 3+<\/p>","protected":false},"excerpt":{"rendered":"<p>Prek\u0117s \u017eenklo \u201e&nbsp;Viga \u201c \u017eaislas&nbsp;\u201eMatch the Colors \u2013 Peacock Tail&nbsp;\u201c&nbsp;\u2013 tai disk\u0173 \u012fd\u0117jimas \u012f povo uodeg\u0105 pagal prie komplekto pritvirtintose kortel\u0117se pateiktus nurodymus arba skylu\u010di\u0173 u\u017epildymas spalvotomis kalad\u0117l\u0117mis pagal kauliuko u\u017euominas.&nbsp;\u0160is \u017eaidimas&nbsp;padeda i\u0161mokti spalvas&nbsp;,&nbsp;lavina smulki\u0105j\u0105 motorik\u0105&nbsp;bei&nbsp;vaiko&nbsp;rank\u0173 ir aki\u0173 koordinacij\u0105 derindamas linksmybes su mokymusi pagal&nbsp;Montessori tendencij\u0105&nbsp;.&nbsp;\u017daidimas kartu yra tai, kas geriausiai lavina&nbsp;vaizduot\u0119&nbsp;, kuri tokia svarbi \u0161iame [&hellip;]<\/p>","protected":false},"featured_media":18623,"template":"","meta":{"iawp_total_views":66},"product_cat":[208,92,195,216,217,191,82,192,84,91,210,102,83,90,86,199,49,39],"product_tag":[97,98],"class_list":{"0":"post-18622","1":"product","2":"type-product","3":"status-publish","4":"has-post-thumbnail","6":"product_cat-deliones-2","7":"product_cat-deliones","8":"product_cat-dovanos-vaikams-3-4-metu","9":"product_cat-dovanos-4-5-metu-vaikams","10":"product_cat-dovanos-5-7-metu-vaikams","11":"product_cat-dovanos-vaikams","12":"product_cat-ispardavimas","13":"product_cat-kaledines-dovanos-vaikams","14":"product_cat-lavinamieji-zaislai","15":"product_cat-loginiam-mastymui","16":"product_cat-medines-deliones","17":"product_cat-mediniai-zaislai","18":"product_cat-montessori-zaislai","19":"product_cat-pasaulio-pazinimas","20":"product_cat-smulkioji-motorika","21":"product_cat-ugdymo-istaigoms","22":"product_cat-visi-zaislai","23":"product_cat-zaislai","24":"product_tag-3-m-4-m","25":"product_tag-5-m-7-m","27":"first","28":"outofstock","29":"sale","30":"taxable","31":"shipping-taxable","32":"purchasable","33":"product-type-simple"},"yoast_head":"<!-- This site is optimized with the Yoast SEO plugin v23.3 - https:\/\/yoast.com\/wordpress\/plugins\/seo\/ -->\n<title>Viga medinis Montessori stiliaus \u017eaidimas &quot;Spalvos&quot; - Montessori \u017eaislai<\/title>\n<meta name=\"robots\" content=\"noindex, follow, max-snippet:-1, max-image-preview:large, max-video-preview:-1\" \/>\n<meta property=\"og:locale\" content=\"en_US\" \/>\n<meta property=\"og:type\" content=\"article\" \/>\n<meta property=\"og:title\" content=\"Viga medinis Montessori stiliaus \u017eaidimas &quot;Spalvos&quot; - Montessori \u017eaislai\" \/>\n<meta property=\"og:description\" content=\"Prek\u0117s \u017eenklo \u201e&nbsp;Viga \u201c \u017eaislas&nbsp;\u201eMatch the Colors \u2013 Peacock Tail&nbsp;\u201c&nbsp;\u2013 tai disk\u0173 \u012fd\u0117jimas \u012f povo uodeg\u0105 pagal prie komplekto pritvirtintose kortel\u0117se pateiktus nurodymus arba skylu\u010di\u0173 u\u017epildymas spalvotomis kalad\u0117l\u0117mis pagal kauliuko u\u017euominas.&nbsp;\u0160is \u017eaidimas&nbsp;padeda i\u0161mokti spalvas&nbsp;,&nbsp;lavina smulki\u0105j\u0105 motorik\u0105&nbsp;bei&nbsp;vaiko&nbsp;rank\u0173 ir aki\u0173 koordinacij\u0105 derindamas linksmybes su mokymusi pagal&nbsp;Montessori tendencij\u0105&nbsp;.&nbsp;\u017daidimas kartu yra tai, kas geriausiai lavina&nbsp;vaizduot\u0119&nbsp;, kuri tokia svarbi \u0161iame [&hellip;]\" \/>\n<meta property=\"og:url\" content=\"https:\/\/dev.monti.lt\/en\/product\/viga-medinis-montessori-zaidimas-spalvos\/\" \/>\n<meta property=\"og:site_name\" content=\"Montessori \u017eaislai\" \/>\n<meta property=\"article:modified_time\" content=\"2024-10-02T10:16:13+00:00\" \/>\n<meta property=\"og:image\" content=\"https:\/\/dev.monti.lt\/wp-content\/uploads\/2023\/10\/viga-drewniana-gra-dopasuj-kolory-pawi-ogon-montessori-karty.jpg\" \/>\n\t<meta property=\"og:image:width\" content=\"800\" \/>\n\t<meta property=\"og:image:height\" content=\"800\" \/>\n\t<meta property=\"og:image:type\" content=\"image\/jpeg\" \/>\n<meta name=\"twitter:card\" content=\"summary_large_image\" \/>\n<meta name=\"twitter:label1\" content=\"Est. reading time\" \/>\n\t<meta name=\"twitter:data1\" content=\"1 minute\" \/>\n<script type=\"application\/ld+json\" class=\"yoast-schema-graph\">{\"@context\":\"https:\/\/schema.org\",\"@graph\":[{\"@type\":\"WebPage\",\"@id\":\"https:\/\/dev.monti.lt\/product\/viga-medinis-montessori-zaidimas-spalvos\/\",\"url\":\"https:\/\/dev.monti.lt\/product\/viga-medinis-montessori-zaidimas-spalvos\/\",\"name\":\"Viga medinis Montessori stiliaus \u017eaidimas \\\"Spalvos\\\" - Montessori \u017eaislai\",\"isPartOf\":{\"@id\":\"https:\/\/dev.monti.lt\/#website\"},\"primaryImageOfPage\":{\"@id\":\"https:\/\/dev.monti.lt\/product\/viga-medinis-montessori-zaidimas-spalvos\/#primaryimage\"},\"image\":{\"@id\":\"https:\/\/dev.monti.lt\/product\/viga-medinis-montessori-zaidimas-spalvos\/#primaryimage\"},\"thumbnailUrl\":\"https:\/\/dev.monti.lt\/wp-content\/uploads\/2023\/10\/viga-drewniana-gra-dopasuj-kolory-pawi-ogon-montessori-karty.jpg\",\"datePublished\":\"2023-10-23T07:22:02+00:00\",\"dateModified\":\"2024-10-02T10:16:13+00:00\",\"breadcrumb\":{\"@id\":\"https:\/\/dev.monti.lt\/product\/viga-medinis-montessori-zaidimas-spalvos\/#breadcrumb\"},\"inLanguage\":\"en-US\",\"potentialAction\":[{\"@type\":\"ReadAction\",\"target\":[\"https:\/\/dev.monti.lt\/product\/viga-medinis-montessori-zaidimas-spalvos\/\"]}]},{\"@type\":\"ImageObject\",\"inLanguage\":\"en-US\",\"@id\":\"https:\/\/dev.monti.lt\/product\/viga-medinis-montessori-zaidimas-spalvos\/#primaryimage\",\"url\":\"https:\/\/dev.monti.lt\/wp-content\/uploads\/2023\/10\/viga-drewniana-gra-dopasuj-kolory-pawi-ogon-montessori-karty.jpg\",\"contentUrl\":\"https:\/\/dev.monti.lt\/wp-content\/uploads\/2023\/10\/viga-drewniana-gra-dopasuj-kolory-pawi-ogon-montessori-karty.jpg\",\"width\":800,\"height\":800,\"caption\":\"montessori zaidimas\"},{\"@type\":\"BreadcrumbList\",\"@id\":\"https:\/\/dev.monti.lt\/product\/viga-medinis-montessori-zaidimas-spalvos\/#breadcrumb\",\"itemListElement\":[{\"@type\":\"ListItem\",\"position\":1,\"name\":\"Home\",\"item\":\"https:\/\/dev.monti.lt\/\"},{\"@type\":\"ListItem\",\"position\":2,\"name\":\"Parduotuv\u0117\",\"item\":\"https:\/\/dev.monti.lt\/shop\/\"},{\"@type\":\"ListItem\",\"position\":3,\"name\":\"Viga medinis Montessori stiliaus \u017eaidimas &#8220;Spalvos&#8221;\"}]},{\"@type\":\"WebSite\",\"@id\":\"https:\/\/dev.monti.lt\/#website\",\"url\":\"https:\/\/dev.monti.lt\/\",\"name\":\"Montessori \u017eaislai\",\"description\":\"\",\"publisher\":{\"@id\":\"https:\/\/dev.monti.lt\/#organization\"},\"potentialAction\":[{\"@type\":\"SearchAction\",\"target\":{\"@type\":\"EntryPoint\",\"urlTemplate\":\"https:\/\/dev.monti.lt\/?s={search_term_string}\"},\"query-input\":\"required name=search_term_string\"}],\"inLanguage\":\"en-US\"},{\"@type\":\"Organization\",\"@id\":\"https:\/\/dev.monti.lt\/#organization\",\"name\":\"Montessori \u017eaislai\",\"url\":\"https:\/\/dev.monti.lt\/\",\"logo\":{\"@type\":\"ImageObject\",\"inLanguage\":\"en-US\",\"@id\":\"https:\/\/dev.monti.lt\/#\/schema\/logo\/image\/\",\"url\":\"https:\/\/dev.monti.lt\/wp-content\/uploads\/2022\/03\/montilogo-1.png\",\"contentUrl\":\"https:\/\/dev.monti.lt\/wp-content\/uploads\/2022\/03\/montilogo-1.png\",\"width\":512,\"height\":512,\"caption\":\"Montessori \u017eaislai\"},\"image\":{\"@id\":\"https:\/\/dev.monti.lt\/#\/schema\/logo\/image\/\"}}]}<\/script>\n<!-- \/ Yoast SEO plugin. -->","yoast_head_json":{"title":"Viga medinis Montessori stiliaus \u017eaidimas \"Spalvos\" - Montessori \u017eaislai","robots":{"index":"noindex","follow":"follow","max-snippet":"max-snippet:-1","max-image-preview":"max-image-preview:large","max-video-preview":"max-video-preview:-1"},"og_locale":"en_US","og_type":"article","og_title":"Viga medinis Montessori stiliaus \u017eaidimas \"Spalvos\" - Montessori \u017eaislai","og_description":"Prek\u0117s \u017eenklo \u201e&nbsp;Viga \u201c \u017eaislas&nbsp;\u201eMatch the Colors \u2013 Peacock Tail&nbsp;\u201c&nbsp;\u2013 tai disk\u0173 \u012fd\u0117jimas \u012f povo uodeg\u0105 pagal prie komplekto pritvirtintose kortel\u0117se pateiktus nurodymus arba skylu\u010di\u0173 u\u017epildymas spalvotomis kalad\u0117l\u0117mis pagal kauliuko u\u017euominas.&nbsp;\u0160is \u017eaidimas&nbsp;padeda i\u0161mokti spalvas&nbsp;,&nbsp;lavina smulki\u0105j\u0105 motorik\u0105&nbsp;bei&nbsp;vaiko&nbsp;rank\u0173 ir aki\u0173 koordinacij\u0105 derindamas linksmybes su mokymusi pagal&nbsp;Montessori tendencij\u0105&nbsp;.&nbsp;\u017daidimas kartu yra tai, kas geriausiai lavina&nbsp;vaizduot\u0119&nbsp;, kuri tokia svarbi \u0161iame [&hellip;]","og_url":"https:\/\/dev.monti.lt\/en\/product\/viga-medinis-montessori-zaidimas-spalvos\/","og_site_name":"Montessori \u017eaislai","article_modified_time":"2024-10-02T10:16:13+00:00","og_image":[{"width":800,"height":800,"url":"https:\/\/dev.monti.lt\/wp-content\/uploads\/2023\/10\/viga-drewniana-gra-dopasuj-kolory-pawi-ogon-montessori-karty.jpg","type":"image\/jpeg"}],"twitter_card":"summary_large_image","twitter_misc":{"Est. reading time":"1 minute"},"schema":{"@context":"https:\/\/schema.org","@graph":[{"@type":"WebPage","@id":"https:\/\/dev.monti.lt\/product\/viga-medinis-montessori-zaidimas-spalvos\/","url":"https:\/\/dev.monti.lt\/product\/viga-medinis-montessori-zaidimas-spalvos\/","name":"Viga medinis Montessori stiliaus \u017eaidimas \"Spalvos\" - Montessori \u017eaislai","isPartOf":{"@id":"https:\/\/dev.monti.lt\/#website"},"primaryImageOfPage":{"@id":"https:\/\/dev.monti.lt\/product\/viga-medinis-montessori-zaidimas-spalvos\/#primaryimage"},"image":{"@id":"https:\/\/dev.monti.lt\/product\/viga-medinis-montessori-zaidimas-spalvos\/#primaryimage"},"thumbnailUrl":"https:\/\/dev.monti.lt\/wp-content\/uploads\/2023\/10\/viga-drewniana-gra-dopasuj-kolory-pawi-ogon-montessori-karty.jpg","datePublished":"2023-10-23T07:22:02+00:00","dateModified":"2024-10-02T10:16:13+00:00","breadcrumb":{"@id":"https:\/\/dev.monti.lt\/product\/viga-medinis-montessori-zaidimas-spalvos\/#breadcrumb"},"inLanguage":"en-US","potentialAction":[{"@type":"ReadAction","target":["https:\/\/dev.monti.lt\/product\/viga-medinis-montessori-zaidimas-spalvos\/"]}]},{"@type":"ImageObject","inLanguage":"en-US","@id":"https:\/\/dev.monti.lt\/product\/viga-medinis-montessori-zaidimas-spalvos\/#primaryimage","url":"https:\/\/dev.monti.lt\/wp-content\/uploads\/2023\/10\/viga-drewniana-gra-dopasuj-kolory-pawi-ogon-montessori-karty.jpg","contentUrl":"https:\/\/dev.monti.lt\/wp-content\/uploads\/2023\/10\/viga-drewniana-gra-dopasuj-kolory-pawi-ogon-montessori-karty.jpg","width":800,"height":800,"caption":"montessori zaidimas"},{"@type":"BreadcrumbList","@id":"https:\/\/dev.monti.lt\/product\/viga-medinis-montessori-zaidimas-spalvos\/#breadcrumb","itemListElement":[{"@type":"ListItem","position":1,"name":"Home","item":"https:\/\/dev.monti.lt\/"},{"@type":"ListItem","position":2,"name":"Parduotuv\u0117","item":"https:\/\/dev.monti.lt\/shop\/"},{"@type":"ListItem","position":3,"name":"Viga medinis Montessori stiliaus \u017eaidimas &#8220;Spalvos&#8221;"}]},{"@type":"WebSite","@id":"https:\/\/dev.monti.lt\/#website","url":"https:\/\/dev.monti.lt\/","name":"Montessori \u017eaislai","description":"","publisher":{"@id":"https:\/\/dev.monti.lt\/#organization"},"potentialAction":[{"@type":"SearchAction","target":{"@type":"EntryPoint","urlTemplate":"https:\/\/dev.monti.lt\/?s={search_term_string}"},"query-input":"required name=search_term_string"}],"inLanguage":"en-US"},{"@type":"Organization","@id":"https:\/\/dev.monti.lt\/#organization","name":"Montessori \u017eaislai","url":"https:\/\/dev.monti.lt\/","logo":{"@type":"ImageObject","inLanguage":"en-US","@id":"https:\/\/dev.monti.lt\/#\/schema\/logo\/image\/","url":"https:\/\/dev.monti.lt\/wp-content\/uploads\/2022\/03\/montilogo-1.png","contentUrl":"https:\/\/dev.monti.lt\/wp-content\/uploads\/2022\/03\/montilogo-1.png","width":512,"height":512,"caption":"Montessori \u017eaislai"},"image":{"@id":"https:\/\/dev.monti.lt\/#\/schema\/logo\/image\/"}}]}},"_links":{"self":[{"href":"https:\/\/dev.monti.lt\/en\/wp-json\/wp\/v2\/product\/18622"}],"collection":[{"href":"https:\/\/dev.monti.lt\/en\/wp-json\/wp\/v2\/product"}],"about":[{"href":"https:\/\/dev.monti.lt\/en\/wp-json\/wp\/v2\/types\/product"}],"version-history":[{"count":2,"href":"https:\/\/dev.monti.lt\/en\/wp-json\/wp\/v2\/product\/18622\/revisions"}],"predecessor-version":[{"id":20947,"href":"https:\/\/dev.monti.lt\/en\/wp-json\/wp\/v2\/product\/18622\/revisions\/20947"}],"wp:featuredmedia":[{"embeddable":true,"href":"https:\/\/dev.monti.lt\/en\/wp-json\/wp\/v2\/media\/18623"}],"wp:attachment":[{"href":"https:\/\/dev.monti.lt\/en\/wp-json\/wp\/v2\/media?parent=18622"}],"wp:term":[{"taxonomy":"product_cat","embeddable":true,"href":"https:\/\/dev.monti.lt\/en\/wp-json\/wp\/v2\/product_cat?post=18622"},{"taxonomy":"product_tag","embeddable":true,"href":"https:\/\/dev.monti.lt\/en\/wp-json\/wp\/v2\/product_tag?post=18622"}],"curies":[{"name":"wp","href":"https:\/\/api.w.org\/{rel}","templated":true}]}}