{"id":18616,"date":"2023-10-23T07:08:42","date_gmt":"2023-10-23T07:08:42","guid":{"rendered":"https:\/\/dev.monti.lt\/?post_type=product&#038;p=18616"},"modified":"2024-10-03T17:07:50","modified_gmt":"2024-10-03T17:07:50","slug":"viga-loginis-galvosukis","status":"publish","type":"product","link":"https:\/\/dev.monti.lt\/en\/product\/viga-loginis-galvosukis\/","title":{"rendered":"Viga loginis galvos\u016bkis"},"content":{"rendered":"<p>Loginiai&nbsp;<strong>galvos\u016bkiai i\u0161 prek\u0117s \u017eenklo VIGA<\/strong>&nbsp;\u2013 smagumas yra sujungti&nbsp;tarpusavyje deran\u010dius&nbsp;<strong>galvos\u016bkius .&nbsp;<\/strong>Rinkin\u012f sudaro&nbsp;<strong>20 element\u0173<\/strong>&nbsp;, kuriuos reikia sujungti taip, kad duotas gyv\u016bnas b\u016bt\u0173 priskirtas jo nat\u016braliai egzistavimo vietai.&nbsp;Elementai yra&nbsp;<strong>labai gerai suderinti<\/strong>&nbsp;ir turi&nbsp;<strong>spalving\u0173 paveiksl\u0117li\u0173<\/strong>&nbsp;.&nbsp;<br><br>Charakteristika:<\/p><ul class=\"wp-block-list\"><li>&#8211; \u017eaislas&nbsp;<strong>vaikams nuo 18 m\u0117nesi\u0173,<\/strong><\/li>\n\n<li><strong>&#8211; 20 galvos\u016bki\u0173<\/strong>&nbsp;su spalvingomis nuotraukomis,<\/li>\n\n<li>&#8211; padengtas&nbsp;&nbsp;&nbsp;<strong>netoksi\u0161kais da\u017eais,<\/strong><\/li>\n\n<li>&#8211; gaminys i\u0161&nbsp;<strong>med\u017eio.<\/strong><\/li><\/ul><p><br>Pramogos vystosi:<\/p><ul class=\"wp-block-list\"><li>&#8211; loginis m\u0105stymas,<\/li>\n\n<li>&#8211; vaizduot\u0117s,<\/li>\n\n<li>&#8211; rank\u0173 ir aki\u0173 koordinacija.<\/li><\/ul><figure class=\"wp-block-table\"><table><tbody><tr><td>Pakuot\u0117s dydis<\/td><td>21x19x4,5 (cm)<\/td><\/tr><\/tbody><\/table><\/figure><p>Am\u017eius 18 m\u0117n<\/p>","protected":false},"excerpt":{"rendered":"<p>Loginiai&nbsp;galvos\u016bkiai i\u0161 prek\u0117s \u017eenklo VIGA&nbsp;\u2013 smagumas yra sujungti&nbsp;tarpusavyje deran\u010dius&nbsp;galvos\u016bkius .&nbsp;Rinkin\u012f sudaro&nbsp;20 element\u0173&nbsp;, kuriuos reikia sujungti taip, kad duotas gyv\u016bnas b\u016bt\u0173 priskirtas jo nat\u016braliai egzistavimo vietai.&nbsp;Elementai yra&nbsp;labai gerai suderinti&nbsp;ir turi&nbsp;spalving\u0173 paveiksl\u0117li\u0173&nbsp;.&nbsp; Charakteristika: Pramogos vystosi: Pakuot\u0117s dydis 21x19x4,5 (cm) Am\u017eius 18 m\u0117n<\/p>","protected":false},"featured_media":18618,"template":"","meta":{"iawp_total_views":70},"product_cat":[92,208,193,194,191,84,91,210,102,83,90,199,49,39],"product_tag":[95,96,97],"class_list":{"0":"post-18616","1":"product","2":"type-product","3":"status-publish","4":"has-post-thumbnail","6":"product_cat-deliones","7":"product_cat-deliones-2","8":"product_cat-dovanos-vaikams-1-2-metu","9":"product_cat-dovanos-vaikams-2-3-metu","10":"product_cat-dovanos-vaikams","11":"product_cat-lavinamieji-zaislai","12":"product_cat-loginiam-mastymui","13":"product_cat-medines-deliones","14":"product_cat-mediniai-zaislai","15":"product_cat-montessori-zaislai","16":"product_cat-pasaulio-pazinimas","17":"product_cat-ugdymo-istaigoms","18":"product_cat-visi-zaislai","19":"product_cat-zaislai","20":"product_tag-1-m-2-m","21":"product_tag-2-m-3-m","22":"product_tag-3-m-4-m","24":"first","25":"instock","26":"taxable","27":"shipping-taxable","28":"purchasable","29":"product-type-simple"},"yoast_head":"<!-- This site is optimized with the Yoast SEO plugin v23.3 - https:\/\/yoast.com\/wordpress\/plugins\/seo\/ -->\n<title>Viga loginis galvos\u016bkis - Montessori \u017eaislai<\/title>\n<meta name=\"robots\" content=\"noindex, follow, max-snippet:-1, max-image-preview:large, max-video-preview:-1\" \/>\n<meta property=\"og:locale\" content=\"en_US\" \/>\n<meta property=\"og:type\" content=\"article\" \/>\n<meta property=\"og:title\" content=\"Viga loginis galvos\u016bkis - Montessori \u017eaislai\" \/>\n<meta property=\"og:description\" content=\"Loginiai&nbsp;galvos\u016bkiai i\u0161 prek\u0117s \u017eenklo VIGA&nbsp;\u2013 smagumas yra sujungti&nbsp;tarpusavyje deran\u010dius&nbsp;galvos\u016bkius .&nbsp;Rinkin\u012f sudaro&nbsp;20 element\u0173&nbsp;, kuriuos reikia sujungti taip, kad duotas gyv\u016bnas b\u016bt\u0173 priskirtas jo nat\u016braliai egzistavimo vietai.&nbsp;Elementai yra&nbsp;labai gerai suderinti&nbsp;ir turi&nbsp;spalving\u0173 paveiksl\u0117li\u0173&nbsp;.&nbsp; Charakteristika: Pramogos vystosi: Pakuot\u0117s dydis 21x19x4,5 (cm) Am\u017eius 18 m\u0117n\" \/>\n<meta property=\"og:url\" content=\"https:\/\/dev.monti.lt\/en\/product\/viga-loginis-galvosukis\/\" \/>\n<meta property=\"og:site_name\" content=\"Montessori \u017eaislai\" \/>\n<meta property=\"article:modified_time\" content=\"2024-10-03T17:07:50+00:00\" \/>\n<meta property=\"og:image\" content=\"https:\/\/dev.monti.lt\/wp-content\/uploads\/2023\/10\/viga-puzzle-logiczne-ze-zwierzetami-ukladanka.jpg\" \/>\n\t<meta property=\"og:image:width\" content=\"800\" \/>\n\t<meta property=\"og:image:height\" content=\"800\" \/>\n\t<meta property=\"og:image:type\" content=\"image\/jpeg\" \/>\n<meta name=\"twitter:card\" content=\"summary_large_image\" \/>\n<meta name=\"twitter:label1\" content=\"Est. reading time\" \/>\n\t<meta name=\"twitter:data1\" content=\"1 minute\" \/>\n<script type=\"application\/ld+json\" class=\"yoast-schema-graph\">{\"@context\":\"https:\/\/schema.org\",\"@graph\":[{\"@type\":\"WebPage\",\"@id\":\"https:\/\/dev.monti.lt\/product\/viga-loginis-galvosukis\/\",\"url\":\"https:\/\/dev.monti.lt\/product\/viga-loginis-galvosukis\/\",\"name\":\"Viga loginis galvos\u016bkis - Montessori \u017eaislai\",\"isPartOf\":{\"@id\":\"https:\/\/dev.monti.lt\/#website\"},\"primaryImageOfPage\":{\"@id\":\"https:\/\/dev.monti.lt\/product\/viga-loginis-galvosukis\/#primaryimage\"},\"image\":{\"@id\":\"https:\/\/dev.monti.lt\/product\/viga-loginis-galvosukis\/#primaryimage\"},\"thumbnailUrl\":\"https:\/\/dev.monti.lt\/wp-content\/uploads\/2023\/10\/viga-puzzle-logiczne-ze-zwierzetami-ukladanka.jpg\",\"datePublished\":\"2023-10-23T07:08:42+00:00\",\"dateModified\":\"2024-10-03T17:07:50+00:00\",\"breadcrumb\":{\"@id\":\"https:\/\/dev.monti.lt\/product\/viga-loginis-galvosukis\/#breadcrumb\"},\"inLanguage\":\"en-US\",\"potentialAction\":[{\"@type\":\"ReadAction\",\"target\":[\"https:\/\/dev.monti.lt\/product\/viga-loginis-galvosukis\/\"]}]},{\"@type\":\"ImageObject\",\"inLanguage\":\"en-US\",\"@id\":\"https:\/\/dev.monti.lt\/product\/viga-loginis-galvosukis\/#primaryimage\",\"url\":\"https:\/\/dev.monti.lt\/wp-content\/uploads\/2023\/10\/viga-puzzle-logiczne-ze-zwierzetami-ukladanka.jpg\",\"contentUrl\":\"https:\/\/dev.monti.lt\/wp-content\/uploads\/2023\/10\/viga-puzzle-logiczne-ze-zwierzetami-ukladanka.jpg\",\"width\":800,\"height\":800,\"caption\":\"medine delione\"},{\"@type\":\"BreadcrumbList\",\"@id\":\"https:\/\/dev.monti.lt\/product\/viga-loginis-galvosukis\/#breadcrumb\",\"itemListElement\":[{\"@type\":\"ListItem\",\"position\":1,\"name\":\"Home\",\"item\":\"https:\/\/dev.monti.lt\/\"},{\"@type\":\"ListItem\",\"position\":2,\"name\":\"Parduotuv\u0117\",\"item\":\"https:\/\/dev.monti.lt\/shop\/\"},{\"@type\":\"ListItem\",\"position\":3,\"name\":\"Viga loginis galvos\u016bkis\"}]},{\"@type\":\"WebSite\",\"@id\":\"https:\/\/dev.monti.lt\/#website\",\"url\":\"https:\/\/dev.monti.lt\/\",\"name\":\"Montessori \u017eaislai\",\"description\":\"\",\"publisher\":{\"@id\":\"https:\/\/dev.monti.lt\/#organization\"},\"potentialAction\":[{\"@type\":\"SearchAction\",\"target\":{\"@type\":\"EntryPoint\",\"urlTemplate\":\"https:\/\/dev.monti.lt\/?s={search_term_string}\"},\"query-input\":\"required name=search_term_string\"}],\"inLanguage\":\"en-US\"},{\"@type\":\"Organization\",\"@id\":\"https:\/\/dev.monti.lt\/#organization\",\"name\":\"Montessori \u017eaislai\",\"url\":\"https:\/\/dev.monti.lt\/\",\"logo\":{\"@type\":\"ImageObject\",\"inLanguage\":\"en-US\",\"@id\":\"https:\/\/dev.monti.lt\/#\/schema\/logo\/image\/\",\"url\":\"https:\/\/dev.monti.lt\/wp-content\/uploads\/2022\/03\/montilogo-1.png\",\"contentUrl\":\"https:\/\/dev.monti.lt\/wp-content\/uploads\/2022\/03\/montilogo-1.png\",\"width\":512,\"height\":512,\"caption\":\"Montessori \u017eaislai\"},\"image\":{\"@id\":\"https:\/\/dev.monti.lt\/#\/schema\/logo\/image\/\"}}]}<\/script>\n<!-- \/ Yoast SEO plugin. -->","yoast_head_json":{"title":"Viga loginis galvos\u016bkis - Montessori \u017eaislai","robots":{"index":"noindex","follow":"follow","max-snippet":"max-snippet:-1","max-image-preview":"max-image-preview:large","max-video-preview":"max-video-preview:-1"},"og_locale":"en_US","og_type":"article","og_title":"Viga loginis galvos\u016bkis - Montessori \u017eaislai","og_description":"Loginiai&nbsp;galvos\u016bkiai i\u0161 prek\u0117s \u017eenklo VIGA&nbsp;\u2013 smagumas yra sujungti&nbsp;tarpusavyje deran\u010dius&nbsp;galvos\u016bkius .&nbsp;Rinkin\u012f sudaro&nbsp;20 element\u0173&nbsp;, kuriuos reikia sujungti taip, kad duotas gyv\u016bnas b\u016bt\u0173 priskirtas jo nat\u016braliai egzistavimo vietai.&nbsp;Elementai yra&nbsp;labai gerai suderinti&nbsp;ir turi&nbsp;spalving\u0173 paveiksl\u0117li\u0173&nbsp;.&nbsp; Charakteristika: Pramogos vystosi: Pakuot\u0117s dydis 21x19x4,5 (cm) Am\u017eius 18 m\u0117n","og_url":"https:\/\/dev.monti.lt\/en\/product\/viga-loginis-galvosukis\/","og_site_name":"Montessori \u017eaislai","article_modified_time":"2024-10-03T17:07:50+00:00","og_image":[{"width":800,"height":800,"url":"https:\/\/dev.monti.lt\/wp-content\/uploads\/2023\/10\/viga-puzzle-logiczne-ze-zwierzetami-ukladanka.jpg","type":"image\/jpeg"}],"twitter_card":"summary_large_image","twitter_misc":{"Est. reading time":"1 minute"},"schema":{"@context":"https:\/\/schema.org","@graph":[{"@type":"WebPage","@id":"https:\/\/dev.monti.lt\/product\/viga-loginis-galvosukis\/","url":"https:\/\/dev.monti.lt\/product\/viga-loginis-galvosukis\/","name":"Viga loginis galvos\u016bkis - Montessori \u017eaislai","isPartOf":{"@id":"https:\/\/dev.monti.lt\/#website"},"primaryImageOfPage":{"@id":"https:\/\/dev.monti.lt\/product\/viga-loginis-galvosukis\/#primaryimage"},"image":{"@id":"https:\/\/dev.monti.lt\/product\/viga-loginis-galvosukis\/#primaryimage"},"thumbnailUrl":"https:\/\/dev.monti.lt\/wp-content\/uploads\/2023\/10\/viga-puzzle-logiczne-ze-zwierzetami-ukladanka.jpg","datePublished":"2023-10-23T07:08:42+00:00","dateModified":"2024-10-03T17:07:50+00:00","breadcrumb":{"@id":"https:\/\/dev.monti.lt\/product\/viga-loginis-galvosukis\/#breadcrumb"},"inLanguage":"en-US","potentialAction":[{"@type":"ReadAction","target":["https:\/\/dev.monti.lt\/product\/viga-loginis-galvosukis\/"]}]},{"@type":"ImageObject","inLanguage":"en-US","@id":"https:\/\/dev.monti.lt\/product\/viga-loginis-galvosukis\/#primaryimage","url":"https:\/\/dev.monti.lt\/wp-content\/uploads\/2023\/10\/viga-puzzle-logiczne-ze-zwierzetami-ukladanka.jpg","contentUrl":"https:\/\/dev.monti.lt\/wp-content\/uploads\/2023\/10\/viga-puzzle-logiczne-ze-zwierzetami-ukladanka.jpg","width":800,"height":800,"caption":"medine delione"},{"@type":"BreadcrumbList","@id":"https:\/\/dev.monti.lt\/product\/viga-loginis-galvosukis\/#breadcrumb","itemListElement":[{"@type":"ListItem","position":1,"name":"Home","item":"https:\/\/dev.monti.lt\/"},{"@type":"ListItem","position":2,"name":"Parduotuv\u0117","item":"https:\/\/dev.monti.lt\/shop\/"},{"@type":"ListItem","position":3,"name":"Viga loginis galvos\u016bkis"}]},{"@type":"WebSite","@id":"https:\/\/dev.monti.lt\/#website","url":"https:\/\/dev.monti.lt\/","name":"Montessori \u017eaislai","description":"","publisher":{"@id":"https:\/\/dev.monti.lt\/#organization"},"potentialAction":[{"@type":"SearchAction","target":{"@type":"EntryPoint","urlTemplate":"https:\/\/dev.monti.lt\/?s={search_term_string}"},"query-input":"required name=search_term_string"}],"inLanguage":"en-US"},{"@type":"Organization","@id":"https:\/\/dev.monti.lt\/#organization","name":"Montessori \u017eaislai","url":"https:\/\/dev.monti.lt\/","logo":{"@type":"ImageObject","inLanguage":"en-US","@id":"https:\/\/dev.monti.lt\/#\/schema\/logo\/image\/","url":"https:\/\/dev.monti.lt\/wp-content\/uploads\/2022\/03\/montilogo-1.png","contentUrl":"https:\/\/dev.monti.lt\/wp-content\/uploads\/2022\/03\/montilogo-1.png","width":512,"height":512,"caption":"Montessori \u017eaislai"},"image":{"@id":"https:\/\/dev.monti.lt\/#\/schema\/logo\/image\/"}}]}},"_links":{"self":[{"href":"https:\/\/dev.monti.lt\/en\/wp-json\/wp\/v2\/product\/18616"}],"collection":[{"href":"https:\/\/dev.monti.lt\/en\/wp-json\/wp\/v2\/product"}],"about":[{"href":"https:\/\/dev.monti.lt\/en\/wp-json\/wp\/v2\/types\/product"}],"version-history":[{"count":1,"href":"https:\/\/dev.monti.lt\/en\/wp-json\/wp\/v2\/product\/18616\/revisions"}],"predecessor-version":[{"id":18620,"href":"https:\/\/dev.monti.lt\/en\/wp-json\/wp\/v2\/product\/18616\/revisions\/18620"}],"wp:featuredmedia":[{"embeddable":true,"href":"https:\/\/dev.monti.lt\/en\/wp-json\/wp\/v2\/media\/18618"}],"wp:attachment":[{"href":"https:\/\/dev.monti.lt\/en\/wp-json\/wp\/v2\/media?parent=18616"}],"wp:term":[{"taxonomy":"product_cat","embeddable":true,"href":"https:\/\/dev.monti.lt\/en\/wp-json\/wp\/v2\/product_cat?post=18616"},{"taxonomy":"product_tag","embeddable":true,"href":"https:\/\/dev.monti.lt\/en\/wp-json\/wp\/v2\/product_tag?post=18616"}],"curies":[{"name":"wp","href":"https:\/\/api.w.org\/{rel}","templated":true}]}}