{"id":18604,"date":"2023-10-23T06:42:50","date_gmt":"2023-10-23T06:42:50","guid":{"rendered":"https:\/\/dev.monti.lt\/?post_type=product&#038;p=18604"},"modified":"2024-10-08T08:01:12","modified_gmt":"2024-10-08T08:01:12","slug":"interaktyvi-masinu-nuotykiu-trasa","status":"publish","type":"product","link":"https:\/\/dev.monti.lt\/en\/product\/interaktyvi-masinu-nuotykiu-trasa\/","title":{"rendered":"Interaktyvi ma\u0161in\u0173 nuotyki\u0173 tr\u0105sa"},"content":{"rendered":"<p>Gaisras, nelaimingas atsitikimas, o gal medyje \u012fstrigusi kat\u0117?<\/p><p>Pad\u0117kite policijai ir ugniagesiams laiku pasiekti kelion\u0117s tiksl\u0105. B\u016bkite atsarg\u016bs, tai n\u0117ra taip paprasta &#8211; kelyje gausu netik\u0117tum\u0173 ir kli\u016b\u010di\u0173. Tik sumanumas ir vikrumas pad\u0117s pasiekti kelion\u0117s tiksl\u0105.<\/p><p>Ir nepamir\u0161k, kad mokyklinis autobusas turi laiku nuve\u017eti vaikus \u012f mokykl\u0105, o vir\u0161ininkas turi susp\u0117ti \u012f svarb\u0173 susitikim\u0105.<\/p><p>\u012esitraukite \u012f nuostabius nuotykius.<\/p><p>Daugiafunkcin\u0117 automobili\u0173 trasa bus tikra pramoga nuotyki\u0173 trok\u0161tantiems ma\u017eiesiems tyrin\u0117tojams.<\/p><p>Kad \u012fveiktum\u0117te vis\u0105 tras\u0105, turite tinkamai valdyti mygtukus ir ranken\u0117les. Atrodo, kad tai lengva u\u017eduotis? Ji tik atrodo lengva. Patys j\u0105 i\u0161bandykite.<\/p><p>Va\u017eiuojant per tras\u0105 j\u016bs\u0173 laukia daugyb\u0117 kli\u016b\u010di\u0173, pavyzd\u017eiui, krumpliara\u010diai ir pakeliamasis tiltas. \u012eveikite jas visas ir \u012fsitikinkite, kad pagalbos tarnybos atvyks laiku.<\/p><p>Galite b\u016bti tikri, kad linksmyb\u0117ms nebus galo, tai \u017eaislas, kuris u\u017eims valand\u0173 valandas, ir ne tik vaikams.<\/p><p>\u017daidimas su trasa yra ne tik fantasti\u0161kas nuotykis, bet ir tinkamos vaiko raidos palaikymo forma, be to, jis turi stres\u0105 ma\u017einant\u012f poveik\u012f.<\/p><p>\u017daisdamas vaikas ne tik lavins rank\u0173 darbo \u012fg\u016bd\u017eius, bet ir lavins login\u012f m\u0105stym\u0105.<\/p><p>Ry\u0161kios, sodrios spalvos patrauks ma\u017eylio d\u0117mes\u012f ir paskatins j\u012f \u017eaisti.<\/p><p>Taip pat galite b\u016bti tikri, kad nepamir\u0161ome svarbiausio dalyko &#8211; vaiko saugumo \u017eaidimo metu.<\/p><p>\u017daislas neturi joki\u0173 a\u0161tri\u0173 element\u0173 ir buvo sukurtas kruop\u0161\u010diai, laikantis saugumo reikalavim\u0173<\/p><p><\/p><p>Kli\u016b\u010di\u0173 ruo\u017eas si\u016blo nesibaigian\u010di\u0105 pramog\u0105 visai \u0161eimai, kupin\u0105 nauj\u0173 staigmen\u0173.<\/p><p>\u0160is nuostabus kli\u016b\u010di\u0173 ruo\u017eas taps dovan\u0173 hitu bet kuriam nuotyki\u0173 m\u0117g\u0117jui.<\/p><p>Rinkinio turinys:<\/p><p>Sud\u0117tis: trasa<br>Policijos automobilis<br>Ugniagesi\u0173 automobilis<br>Autobusas<br>Keleivinis automobilis<br>Sraigtasparnis<br>Matmenys<\/p><p>B\u0117gi\u0173 kelias: 24 cm x 24 m x 15 cm<br>Vagon\u0117lis: 3,5 cm x 2 cm x 2 cm x 2 cm<br>Pakuot\u0117s matmenys: 23,5 cm x 10,5 cm x 24 cm<\/p>","protected":false},"excerpt":{"rendered":"<p>Gaisras, nelaimingas atsitikimas, o gal medyje \u012fstrigusi kat\u0117? Pad\u0117kite policijai ir ugniagesiams laiku pasiekti kelion\u0117s tiksl\u0105. B\u016bkite atsarg\u016bs, tai n\u0117ra taip paprasta &#8211; kelyje gausu netik\u0117tum\u0173 ir kli\u016b\u010di\u0173. Tik sumanumas ir vikrumas pad\u0117s pasiekti kelion\u0117s tiksl\u0105. Ir nepamir\u0161k, kad mokyklinis autobusas turi laiku nuve\u017eti vaikus \u012f mokykl\u0105, o vir\u0161ininkas turi susp\u0117ti \u012f svarb\u0173 susitikim\u0105. \u012esitraukite [&hellip;]<\/p>","protected":false},"featured_media":18605,"template":"","meta":{"iawp_total_views":181},"product_cat":[195,216,217,197,191,82,192,84,90,93,39,215],"product_tag":[97,98],"class_list":{"0":"post-18604","1":"product","2":"type-product","3":"status-publish","4":"has-post-thumbnail","6":"product_cat-dovanos-vaikams-3-4-metu","7":"product_cat-dovanos-4-5-metu-vaikams","8":"product_cat-dovanos-5-7-metu-vaikams","9":"product_cat-dovanos-berniukams","10":"product_cat-dovanos-vaikams","11":"product_cat-ispardavimas","12":"product_cat-kaledines-dovanos-vaikams","13":"product_cat-lavinamieji-zaislai","14":"product_cat-pasaulio-pazinimas","15":"product_cat-vaidmenu-zaidimai","16":"product_cat-zaislai","17":"product_cat-zaislai-berniukams","18":"product_tag-3-m-4-m","19":"product_tag-5-m-7-m","21":"first","22":"instock","23":"sale","24":"taxable","25":"shipping-taxable","26":"purchasable","27":"product-type-simple"},"yoast_head":"<!-- This site is optimized with the Yoast SEO plugin v23.3 - https:\/\/yoast.com\/wordpress\/plugins\/seo\/ -->\n<title>Interaktyvi ma\u0161in\u0173 nuotyki\u0173 tr\u0105sa - Montessori \u017eaislai<\/title>\n<meta name=\"robots\" content=\"noindex, follow, max-snippet:-1, max-image-preview:large, max-video-preview:-1\" \/>\n<meta property=\"og:locale\" content=\"en_US\" \/>\n<meta property=\"og:type\" content=\"article\" \/>\n<meta property=\"og:title\" content=\"Interaktyvi ma\u0161in\u0173 nuotyki\u0173 tr\u0105sa - Montessori \u017eaislai\" \/>\n<meta property=\"og:description\" content=\"Gaisras, nelaimingas atsitikimas, o gal medyje \u012fstrigusi kat\u0117? Pad\u0117kite policijai ir ugniagesiams laiku pasiekti kelion\u0117s tiksl\u0105. B\u016bkite atsarg\u016bs, tai n\u0117ra taip paprasta &#8211; kelyje gausu netik\u0117tum\u0173 ir kli\u016b\u010di\u0173. Tik sumanumas ir vikrumas pad\u0117s pasiekti kelion\u0117s tiksl\u0105. Ir nepamir\u0161k, kad mokyklinis autobusas turi laiku nuve\u017eti vaikus \u012f mokykl\u0105, o vir\u0161ininkas turi susp\u0117ti \u012f svarb\u0173 susitikim\u0105. \u012esitraukite [&hellip;]\" \/>\n<meta property=\"og:url\" content=\"https:\/\/dev.monti.lt\/en\/product\/interaktyvi-masinu-nuotykiu-trasa\/\" \/>\n<meta property=\"og:site_name\" content=\"Montessori \u017eaislai\" \/>\n<meta property=\"article:modified_time\" content=\"2024-10-08T08:01:12+00:00\" \/>\n<meta property=\"og:image\" content=\"https:\/\/dev.monti.lt\/wp-content\/uploads\/2023\/10\/Tor-przeszkod-interaktywny-parking-wyscigi-4-autka-902051.jpg\" \/>\n\t<meta property=\"og:image:width\" content=\"1600\" \/>\n\t<meta property=\"og:image:height\" content=\"1200\" \/>\n\t<meta property=\"og:image:type\" content=\"image\/jpeg\" \/>\n<meta name=\"twitter:card\" content=\"summary_large_image\" \/>\n<meta name=\"twitter:label1\" content=\"Est. reading time\" \/>\n\t<meta name=\"twitter:data1\" content=\"2 minutes\" \/>\n<script type=\"application\/ld+json\" class=\"yoast-schema-graph\">{\"@context\":\"https:\/\/schema.org\",\"@graph\":[{\"@type\":\"WebPage\",\"@id\":\"https:\/\/dev.monti.lt\/product\/interaktyvi-masinu-nuotykiu-trasa\/\",\"url\":\"https:\/\/dev.monti.lt\/product\/interaktyvi-masinu-nuotykiu-trasa\/\",\"name\":\"Interaktyvi ma\u0161in\u0173 nuotyki\u0173 tr\u0105sa - Montessori \u017eaislai\",\"isPartOf\":{\"@id\":\"https:\/\/dev.monti.lt\/#website\"},\"primaryImageOfPage\":{\"@id\":\"https:\/\/dev.monti.lt\/product\/interaktyvi-masinu-nuotykiu-trasa\/#primaryimage\"},\"image\":{\"@id\":\"https:\/\/dev.monti.lt\/product\/interaktyvi-masinu-nuotykiu-trasa\/#primaryimage\"},\"thumbnailUrl\":\"https:\/\/dev.monti.lt\/wp-content\/uploads\/2023\/10\/Tor-przeszkod-interaktywny-parking-wyscigi-4-autka-902051.jpg\",\"datePublished\":\"2023-10-23T06:42:50+00:00\",\"dateModified\":\"2024-10-08T08:01:12+00:00\",\"breadcrumb\":{\"@id\":\"https:\/\/dev.monti.lt\/product\/interaktyvi-masinu-nuotykiu-trasa\/#breadcrumb\"},\"inLanguage\":\"en-US\",\"potentialAction\":[{\"@type\":\"ReadAction\",\"target\":[\"https:\/\/dev.monti.lt\/product\/interaktyvi-masinu-nuotykiu-trasa\/\"]}]},{\"@type\":\"ImageObject\",\"inLanguage\":\"en-US\",\"@id\":\"https:\/\/dev.monti.lt\/product\/interaktyvi-masinu-nuotykiu-trasa\/#primaryimage\",\"url\":\"https:\/\/dev.monti.lt\/wp-content\/uploads\/2023\/10\/Tor-przeszkod-interaktywny-parking-wyscigi-4-autka-902051.jpg\",\"contentUrl\":\"https:\/\/dev.monti.lt\/wp-content\/uploads\/2023\/10\/Tor-przeszkod-interaktywny-parking-wyscigi-4-autka-902051.jpg\",\"width\":1600,\"height\":1200,\"caption\":\"masinu kliuciu ruozas\"},{\"@type\":\"BreadcrumbList\",\"@id\":\"https:\/\/dev.monti.lt\/product\/interaktyvi-masinu-nuotykiu-trasa\/#breadcrumb\",\"itemListElement\":[{\"@type\":\"ListItem\",\"position\":1,\"name\":\"Home\",\"item\":\"https:\/\/dev.monti.lt\/\"},{\"@type\":\"ListItem\",\"position\":2,\"name\":\"Parduotuv\u0117\",\"item\":\"https:\/\/dev.monti.lt\/shop\/\"},{\"@type\":\"ListItem\",\"position\":3,\"name\":\"Interaktyvi ma\u0161in\u0173 nuotyki\u0173 tr\u0105sa\"}]},{\"@type\":\"WebSite\",\"@id\":\"https:\/\/dev.monti.lt\/#website\",\"url\":\"https:\/\/dev.monti.lt\/\",\"name\":\"Montessori \u017eaislai\",\"description\":\"\",\"publisher\":{\"@id\":\"https:\/\/dev.monti.lt\/#organization\"},\"potentialAction\":[{\"@type\":\"SearchAction\",\"target\":{\"@type\":\"EntryPoint\",\"urlTemplate\":\"https:\/\/dev.monti.lt\/?s={search_term_string}\"},\"query-input\":\"required name=search_term_string\"}],\"inLanguage\":\"en-US\"},{\"@type\":\"Organization\",\"@id\":\"https:\/\/dev.monti.lt\/#organization\",\"name\":\"Montessori \u017eaislai\",\"url\":\"https:\/\/dev.monti.lt\/\",\"logo\":{\"@type\":\"ImageObject\",\"inLanguage\":\"en-US\",\"@id\":\"https:\/\/dev.monti.lt\/#\/schema\/logo\/image\/\",\"url\":\"https:\/\/dev.monti.lt\/wp-content\/uploads\/2022\/03\/montilogo-1.png\",\"contentUrl\":\"https:\/\/dev.monti.lt\/wp-content\/uploads\/2022\/03\/montilogo-1.png\",\"width\":512,\"height\":512,\"caption\":\"Montessori \u017eaislai\"},\"image\":{\"@id\":\"https:\/\/dev.monti.lt\/#\/schema\/logo\/image\/\"}}]}<\/script>\n<!-- \/ Yoast SEO plugin. -->","yoast_head_json":{"title":"Interaktyvi ma\u0161in\u0173 nuotyki\u0173 tr\u0105sa - Montessori \u017eaislai","robots":{"index":"noindex","follow":"follow","max-snippet":"max-snippet:-1","max-image-preview":"max-image-preview:large","max-video-preview":"max-video-preview:-1"},"og_locale":"en_US","og_type":"article","og_title":"Interaktyvi ma\u0161in\u0173 nuotyki\u0173 tr\u0105sa - Montessori \u017eaislai","og_description":"Gaisras, nelaimingas atsitikimas, o gal medyje \u012fstrigusi kat\u0117? Pad\u0117kite policijai ir ugniagesiams laiku pasiekti kelion\u0117s tiksl\u0105. B\u016bkite atsarg\u016bs, tai n\u0117ra taip paprasta &#8211; kelyje gausu netik\u0117tum\u0173 ir kli\u016b\u010di\u0173. Tik sumanumas ir vikrumas pad\u0117s pasiekti kelion\u0117s tiksl\u0105. Ir nepamir\u0161k, kad mokyklinis autobusas turi laiku nuve\u017eti vaikus \u012f mokykl\u0105, o vir\u0161ininkas turi susp\u0117ti \u012f svarb\u0173 susitikim\u0105. \u012esitraukite [&hellip;]","og_url":"https:\/\/dev.monti.lt\/en\/product\/interaktyvi-masinu-nuotykiu-trasa\/","og_site_name":"Montessori \u017eaislai","article_modified_time":"2024-10-08T08:01:12+00:00","og_image":[{"width":1600,"height":1200,"url":"https:\/\/dev.monti.lt\/wp-content\/uploads\/2023\/10\/Tor-przeszkod-interaktywny-parking-wyscigi-4-autka-902051.jpg","type":"image\/jpeg"}],"twitter_card":"summary_large_image","twitter_misc":{"Est. reading time":"2 minutes"},"schema":{"@context":"https:\/\/schema.org","@graph":[{"@type":"WebPage","@id":"https:\/\/dev.monti.lt\/product\/interaktyvi-masinu-nuotykiu-trasa\/","url":"https:\/\/dev.monti.lt\/product\/interaktyvi-masinu-nuotykiu-trasa\/","name":"Interaktyvi ma\u0161in\u0173 nuotyki\u0173 tr\u0105sa - Montessori \u017eaislai","isPartOf":{"@id":"https:\/\/dev.monti.lt\/#website"},"primaryImageOfPage":{"@id":"https:\/\/dev.monti.lt\/product\/interaktyvi-masinu-nuotykiu-trasa\/#primaryimage"},"image":{"@id":"https:\/\/dev.monti.lt\/product\/interaktyvi-masinu-nuotykiu-trasa\/#primaryimage"},"thumbnailUrl":"https:\/\/dev.monti.lt\/wp-content\/uploads\/2023\/10\/Tor-przeszkod-interaktywny-parking-wyscigi-4-autka-902051.jpg","datePublished":"2023-10-23T06:42:50+00:00","dateModified":"2024-10-08T08:01:12+00:00","breadcrumb":{"@id":"https:\/\/dev.monti.lt\/product\/interaktyvi-masinu-nuotykiu-trasa\/#breadcrumb"},"inLanguage":"en-US","potentialAction":[{"@type":"ReadAction","target":["https:\/\/dev.monti.lt\/product\/interaktyvi-masinu-nuotykiu-trasa\/"]}]},{"@type":"ImageObject","inLanguage":"en-US","@id":"https:\/\/dev.monti.lt\/product\/interaktyvi-masinu-nuotykiu-trasa\/#primaryimage","url":"https:\/\/dev.monti.lt\/wp-content\/uploads\/2023\/10\/Tor-przeszkod-interaktywny-parking-wyscigi-4-autka-902051.jpg","contentUrl":"https:\/\/dev.monti.lt\/wp-content\/uploads\/2023\/10\/Tor-przeszkod-interaktywny-parking-wyscigi-4-autka-902051.jpg","width":1600,"height":1200,"caption":"masinu kliuciu ruozas"},{"@type":"BreadcrumbList","@id":"https:\/\/dev.monti.lt\/product\/interaktyvi-masinu-nuotykiu-trasa\/#breadcrumb","itemListElement":[{"@type":"ListItem","position":1,"name":"Home","item":"https:\/\/dev.monti.lt\/"},{"@type":"ListItem","position":2,"name":"Parduotuv\u0117","item":"https:\/\/dev.monti.lt\/shop\/"},{"@type":"ListItem","position":3,"name":"Interaktyvi ma\u0161in\u0173 nuotyki\u0173 tr\u0105sa"}]},{"@type":"WebSite","@id":"https:\/\/dev.monti.lt\/#website","url":"https:\/\/dev.monti.lt\/","name":"Montessori \u017eaislai","description":"","publisher":{"@id":"https:\/\/dev.monti.lt\/#organization"},"potentialAction":[{"@type":"SearchAction","target":{"@type":"EntryPoint","urlTemplate":"https:\/\/dev.monti.lt\/?s={search_term_string}"},"query-input":"required name=search_term_string"}],"inLanguage":"en-US"},{"@type":"Organization","@id":"https:\/\/dev.monti.lt\/#organization","name":"Montessori \u017eaislai","url":"https:\/\/dev.monti.lt\/","logo":{"@type":"ImageObject","inLanguage":"en-US","@id":"https:\/\/dev.monti.lt\/#\/schema\/logo\/image\/","url":"https:\/\/dev.monti.lt\/wp-content\/uploads\/2022\/03\/montilogo-1.png","contentUrl":"https:\/\/dev.monti.lt\/wp-content\/uploads\/2022\/03\/montilogo-1.png","width":512,"height":512,"caption":"Montessori \u017eaislai"},"image":{"@id":"https:\/\/dev.monti.lt\/#\/schema\/logo\/image\/"}}]}},"_links":{"self":[{"href":"https:\/\/dev.monti.lt\/en\/wp-json\/wp\/v2\/product\/18604"}],"collection":[{"href":"https:\/\/dev.monti.lt\/en\/wp-json\/wp\/v2\/product"}],"about":[{"href":"https:\/\/dev.monti.lt\/en\/wp-json\/wp\/v2\/types\/product"}],"version-history":[{"count":1,"href":"https:\/\/dev.monti.lt\/en\/wp-json\/wp\/v2\/product\/18604\/revisions"}],"predecessor-version":[{"id":18614,"href":"https:\/\/dev.monti.lt\/en\/wp-json\/wp\/v2\/product\/18604\/revisions\/18614"}],"wp:featuredmedia":[{"embeddable":true,"href":"https:\/\/dev.monti.lt\/en\/wp-json\/wp\/v2\/media\/18605"}],"wp:attachment":[{"href":"https:\/\/dev.monti.lt\/en\/wp-json\/wp\/v2\/media?parent=18604"}],"wp:term":[{"taxonomy":"product_cat","embeddable":true,"href":"https:\/\/dev.monti.lt\/en\/wp-json\/wp\/v2\/product_cat?post=18604"},{"taxonomy":"product_tag","embeddable":true,"href":"https:\/\/dev.monti.lt\/en\/wp-json\/wp\/v2\/product_tag?post=18604"}],"curies":[{"name":"wp","href":"https:\/\/api.w.org\/{rel}","templated":true}]}}