{"id":18590,"date":"2023-10-23T06:36:54","date_gmt":"2023-10-23T06:36:54","guid":{"rendered":"https:\/\/dev.monti.lt\/?post_type=product&#038;p=18590"},"modified":"2024-09-24T12:16:07","modified_gmt":"2024-09-24T12:16:07","slug":"interaktyvi-masinu-trasa","status":"publish","type":"product","link":"https:\/\/dev.monti.lt\/en\/product\/interaktyvi-masinu-trasa\/","title":{"rendered":"Interaktyvi ma\u0161in\u0173 tr\u0105sa"},"content":{"rendered":"<p>Gaisras, nelaimingas atsitikimas, o gal medyje \u012fstrigusi kat\u0117?<\/p><p>Pad\u0117kite policijai ir ugniagesiams laiku pasiekti kelion\u0117s tiksl\u0105. B\u016bkite atsarg\u016bs, tai n\u0117ra taip paprasta &#8211; kelyje gausu netik\u0117tum\u0173 ir kli\u016b\u010di\u0173. Tik sumanumas ir vikrumas pad\u0117s pasiekti kelion\u0117s tiksl\u0105.<\/p><p>Ir nepamir\u0161k, kad greitosios pagalbos automobilis turi kuo grei\u010diau nugabenti su\u017eeistuosius \u012f ligonin\u0119.<\/p><p>\u012esitrauk \u012f nuostab\u0173 nuotyk\u012f.<\/p><p>Daugiafunkcin\u0117 automobili\u0173 trasa bus tikra pramoga nuotyki\u0173 trok\u0161tantiems ma\u017eiesiems tyrin\u0117tojams.<\/p><p>Kad \u012fveiktum vis\u0105 tras\u0105, turi tinkamai valdyti mygtukus ir ranken\u0117les. Atrodo, kad tai lengva u\u017eduotis? Ji tik atrodo lengva. Patys j\u0105 i\u0161bandykite.<\/p><p>Va\u017eiuojant per tras\u0105 j\u016bs\u0173 laukia daugyb\u0117 kli\u016b\u010di\u0173, pavyzd\u017eiui, krumpliara\u010diai ir pakeliamasis tiltas. \u012eveikite jas visas ir \u012fsitikinkite, kad avarin\u0117s tarnybos atvyks laiku.<\/p><p>Papildoma atrakcija &#8211; \u0161viesos efektai, kurie atrodo fantasti\u0161kai ir sukurs nuostabi\u0105 atmosfer\u0105 \u017eaid\u017eiant sutemus.<\/p><p>Galite b\u016bti tikri, kad linksmyb\u0117ms nebus galo, tai \u017eaislas, kuris \u012ftrauks ne tik vaikus, bet ir jus ilgoms valandoms.<\/p><p>\u017daidimas su trasa yra ne tik fantasti\u0161kas nuotykis, bet ir tinkamos vaiko raidos palaikymo forma, be to, jis turi stres\u0105 ma\u017einant\u012f poveik\u012f.<\/p><p>\u017daisdamas vaikas ne tik lavins rank\u0173 darbo \u012fg\u016bd\u017eius, bet ir lavins login\u012f m\u0105stym\u0105.<\/p><p>Ry\u0161kios, sodrios spalvos patrauks ma\u017eylio d\u0117mes\u012f ir paskatins j\u012f \u017eaisti.<\/p><p>Rinkinio turinys:<\/p><p>Kelias<br>Policijos automobilis<br>Ugniagesi\u0173 automobilis<br>Greitosios pagalbos automobilis<br>Maitinimo \u0161altinis: 2 AA 1,5 V baterijos<\/p><p>Matmenys:<\/p><p>B\u0117gi\u0173 kelias: 36 cm x 36 cm x 24,5 cm<br>Automobilis: 4 cm x 2,3 cm x 2 cm<br>Pakuot\u0117s matmenys: 32,5 cm x 16 cm x 32,5 cm<\/p>","protected":false},"excerpt":{"rendered":"<p>Gaisras, nelaimingas atsitikimas, o gal medyje \u012fstrigusi kat\u0117? Pad\u0117kite policijai ir ugniagesiams laiku pasiekti kelion\u0117s tiksl\u0105. B\u016bkite atsarg\u016bs, tai n\u0117ra taip paprasta &#8211; kelyje gausu netik\u0117tum\u0173 ir kli\u016b\u010di\u0173. Tik sumanumas ir vikrumas pad\u0117s pasiekti kelion\u0117s tiksl\u0105. Ir nepamir\u0161k, kad greitosios pagalbos automobilis turi kuo grei\u010diau nugabenti su\u017eeistuosius \u012f ligonin\u0119. \u012esitrauk \u012f nuostab\u0173 nuotyk\u012f. Daugiafunkcin\u0117 automobili\u0173 [&hellip;]<\/p>","protected":false},"featured_media":18591,"template":"","meta":{"iawp_total_views":178},"product_cat":[195,216,217,197,191,192,84,90,93,39,215],"product_tag":[97,98],"class_list":{"0":"post-18590","1":"product","2":"type-product","3":"status-publish","4":"has-post-thumbnail","6":"product_cat-dovanos-vaikams-3-4-metu","7":"product_cat-dovanos-4-5-metu-vaikams","8":"product_cat-dovanos-5-7-metu-vaikams","9":"product_cat-dovanos-berniukams","10":"product_cat-dovanos-vaikams","11":"product_cat-kaledines-dovanos-vaikams","12":"product_cat-lavinamieji-zaislai","13":"product_cat-pasaulio-pazinimas","14":"product_cat-vaidmenu-zaidimai","15":"product_cat-zaislai","16":"product_cat-zaislai-berniukams","17":"product_tag-3-m-4-m","18":"product_tag-5-m-7-m","20":"first","21":"instock","22":"taxable","23":"shipping-taxable","24":"purchasable","25":"product-type-simple"},"yoast_head":"<!-- This site is optimized with the Yoast SEO plugin v23.3 - https:\/\/yoast.com\/wordpress\/plugins\/seo\/ -->\n<title>Interaktyvi ma\u0161in\u0173 tr\u0105sa - Montessori \u017eaislai<\/title>\n<meta name=\"robots\" content=\"noindex, follow, max-snippet:-1, max-image-preview:large, max-video-preview:-1\" \/>\n<meta property=\"og:locale\" content=\"en_US\" \/>\n<meta property=\"og:type\" content=\"article\" \/>\n<meta property=\"og:title\" content=\"Interaktyvi ma\u0161in\u0173 tr\u0105sa - Montessori \u017eaislai\" \/>\n<meta property=\"og:description\" content=\"Gaisras, nelaimingas atsitikimas, o gal medyje \u012fstrigusi kat\u0117? Pad\u0117kite policijai ir ugniagesiams laiku pasiekti kelion\u0117s tiksl\u0105. B\u016bkite atsarg\u016bs, tai n\u0117ra taip paprasta &#8211; kelyje gausu netik\u0117tum\u0173 ir kli\u016b\u010di\u0173. Tik sumanumas ir vikrumas pad\u0117s pasiekti kelion\u0117s tiksl\u0105. Ir nepamir\u0161k, kad greitosios pagalbos automobilis turi kuo grei\u010diau nugabenti su\u017eeistuosius \u012f ligonin\u0119. \u012esitrauk \u012f nuostab\u0173 nuotyk\u012f. Daugiafunkcin\u0117 automobili\u0173 [&hellip;]\" \/>\n<meta property=\"og:url\" content=\"https:\/\/dev.monti.lt\/en\/product\/interaktyvi-masinu-trasa\/\" \/>\n<meta property=\"og:site_name\" content=\"Montessori \u017eaislai\" \/>\n<meta property=\"article:modified_time\" content=\"2024-09-24T12:16:07+00:00\" \/>\n<meta property=\"og:image\" content=\"https:\/\/dev.monti.lt\/wp-content\/uploads\/2023\/10\/Tor-przeszkod-interaktywny-parking-wyscigi-3-pojazdy-901932.jpg\" \/>\n\t<meta property=\"og:image:width\" content=\"1600\" \/>\n\t<meta property=\"og:image:height\" content=\"1200\" \/>\n\t<meta property=\"og:image:type\" content=\"image\/jpeg\" \/>\n<meta name=\"twitter:card\" content=\"summary_large_image\" \/>\n<meta name=\"twitter:label1\" content=\"Est. reading time\" \/>\n\t<meta name=\"twitter:data1\" content=\"2 minutes\" \/>\n<script type=\"application\/ld+json\" class=\"yoast-schema-graph\">{\"@context\":\"https:\/\/schema.org\",\"@graph\":[{\"@type\":\"WebPage\",\"@id\":\"https:\/\/dev.monti.lt\/product\/interaktyvi-masinu-trasa\/\",\"url\":\"https:\/\/dev.monti.lt\/product\/interaktyvi-masinu-trasa\/\",\"name\":\"Interaktyvi ma\u0161in\u0173 tr\u0105sa - Montessori \u017eaislai\",\"isPartOf\":{\"@id\":\"https:\/\/dev.monti.lt\/#website\"},\"primaryImageOfPage\":{\"@id\":\"https:\/\/dev.monti.lt\/product\/interaktyvi-masinu-trasa\/#primaryimage\"},\"image\":{\"@id\":\"https:\/\/dev.monti.lt\/product\/interaktyvi-masinu-trasa\/#primaryimage\"},\"thumbnailUrl\":\"https:\/\/dev.monti.lt\/wp-content\/uploads\/2023\/10\/Tor-przeszkod-interaktywny-parking-wyscigi-3-pojazdy-901932.jpg\",\"datePublished\":\"2023-10-23T06:36:54+00:00\",\"dateModified\":\"2024-09-24T12:16:07+00:00\",\"breadcrumb\":{\"@id\":\"https:\/\/dev.monti.lt\/product\/interaktyvi-masinu-trasa\/#breadcrumb\"},\"inLanguage\":\"en-US\",\"potentialAction\":[{\"@type\":\"ReadAction\",\"target\":[\"https:\/\/dev.monti.lt\/product\/interaktyvi-masinu-trasa\/\"]}]},{\"@type\":\"ImageObject\",\"inLanguage\":\"en-US\",\"@id\":\"https:\/\/dev.monti.lt\/product\/interaktyvi-masinu-trasa\/#primaryimage\",\"url\":\"https:\/\/dev.monti.lt\/wp-content\/uploads\/2023\/10\/Tor-przeszkod-interaktywny-parking-wyscigi-3-pojazdy-901932.jpg\",\"contentUrl\":\"https:\/\/dev.monti.lt\/wp-content\/uploads\/2023\/10\/Tor-przeszkod-interaktywny-parking-wyscigi-3-pojazdy-901932.jpg\",\"width\":1600,\"height\":1200,\"caption\":\"Interaktyvi trasa\"},{\"@type\":\"BreadcrumbList\",\"@id\":\"https:\/\/dev.monti.lt\/product\/interaktyvi-masinu-trasa\/#breadcrumb\",\"itemListElement\":[{\"@type\":\"ListItem\",\"position\":1,\"name\":\"Home\",\"item\":\"https:\/\/dev.monti.lt\/\"},{\"@type\":\"ListItem\",\"position\":2,\"name\":\"Parduotuv\u0117\",\"item\":\"https:\/\/dev.monti.lt\/shop\/\"},{\"@type\":\"ListItem\",\"position\":3,\"name\":\"Interaktyvi ma\u0161in\u0173 tr\u0105sa\"}]},{\"@type\":\"WebSite\",\"@id\":\"https:\/\/dev.monti.lt\/#website\",\"url\":\"https:\/\/dev.monti.lt\/\",\"name\":\"Montessori \u017eaislai\",\"description\":\"\",\"publisher\":{\"@id\":\"https:\/\/dev.monti.lt\/#organization\"},\"potentialAction\":[{\"@type\":\"SearchAction\",\"target\":{\"@type\":\"EntryPoint\",\"urlTemplate\":\"https:\/\/dev.monti.lt\/?s={search_term_string}\"},\"query-input\":\"required name=search_term_string\"}],\"inLanguage\":\"en-US\"},{\"@type\":\"Organization\",\"@id\":\"https:\/\/dev.monti.lt\/#organization\",\"name\":\"Montessori \u017eaislai\",\"url\":\"https:\/\/dev.monti.lt\/\",\"logo\":{\"@type\":\"ImageObject\",\"inLanguage\":\"en-US\",\"@id\":\"https:\/\/dev.monti.lt\/#\/schema\/logo\/image\/\",\"url\":\"https:\/\/dev.monti.lt\/wp-content\/uploads\/2022\/03\/montilogo-1.png\",\"contentUrl\":\"https:\/\/dev.monti.lt\/wp-content\/uploads\/2022\/03\/montilogo-1.png\",\"width\":512,\"height\":512,\"caption\":\"Montessori \u017eaislai\"},\"image\":{\"@id\":\"https:\/\/dev.monti.lt\/#\/schema\/logo\/image\/\"}}]}<\/script>\n<!-- \/ Yoast SEO plugin. -->","yoast_head_json":{"title":"Interaktyvi ma\u0161in\u0173 tr\u0105sa - Montessori \u017eaislai","robots":{"index":"noindex","follow":"follow","max-snippet":"max-snippet:-1","max-image-preview":"max-image-preview:large","max-video-preview":"max-video-preview:-1"},"og_locale":"en_US","og_type":"article","og_title":"Interaktyvi ma\u0161in\u0173 tr\u0105sa - Montessori \u017eaislai","og_description":"Gaisras, nelaimingas atsitikimas, o gal medyje \u012fstrigusi kat\u0117? Pad\u0117kite policijai ir ugniagesiams laiku pasiekti kelion\u0117s tiksl\u0105. B\u016bkite atsarg\u016bs, tai n\u0117ra taip paprasta &#8211; kelyje gausu netik\u0117tum\u0173 ir kli\u016b\u010di\u0173. Tik sumanumas ir vikrumas pad\u0117s pasiekti kelion\u0117s tiksl\u0105. Ir nepamir\u0161k, kad greitosios pagalbos automobilis turi kuo grei\u010diau nugabenti su\u017eeistuosius \u012f ligonin\u0119. \u012esitrauk \u012f nuostab\u0173 nuotyk\u012f. Daugiafunkcin\u0117 automobili\u0173 [&hellip;]","og_url":"https:\/\/dev.monti.lt\/en\/product\/interaktyvi-masinu-trasa\/","og_site_name":"Montessori \u017eaislai","article_modified_time":"2024-09-24T12:16:07+00:00","og_image":[{"width":1600,"height":1200,"url":"https:\/\/dev.monti.lt\/wp-content\/uploads\/2023\/10\/Tor-przeszkod-interaktywny-parking-wyscigi-3-pojazdy-901932.jpg","type":"image\/jpeg"}],"twitter_card":"summary_large_image","twitter_misc":{"Est. reading time":"2 minutes"},"schema":{"@context":"https:\/\/schema.org","@graph":[{"@type":"WebPage","@id":"https:\/\/dev.monti.lt\/product\/interaktyvi-masinu-trasa\/","url":"https:\/\/dev.monti.lt\/product\/interaktyvi-masinu-trasa\/","name":"Interaktyvi ma\u0161in\u0173 tr\u0105sa - Montessori \u017eaislai","isPartOf":{"@id":"https:\/\/dev.monti.lt\/#website"},"primaryImageOfPage":{"@id":"https:\/\/dev.monti.lt\/product\/interaktyvi-masinu-trasa\/#primaryimage"},"image":{"@id":"https:\/\/dev.monti.lt\/product\/interaktyvi-masinu-trasa\/#primaryimage"},"thumbnailUrl":"https:\/\/dev.monti.lt\/wp-content\/uploads\/2023\/10\/Tor-przeszkod-interaktywny-parking-wyscigi-3-pojazdy-901932.jpg","datePublished":"2023-10-23T06:36:54+00:00","dateModified":"2024-09-24T12:16:07+00:00","breadcrumb":{"@id":"https:\/\/dev.monti.lt\/product\/interaktyvi-masinu-trasa\/#breadcrumb"},"inLanguage":"en-US","potentialAction":[{"@type":"ReadAction","target":["https:\/\/dev.monti.lt\/product\/interaktyvi-masinu-trasa\/"]}]},{"@type":"ImageObject","inLanguage":"en-US","@id":"https:\/\/dev.monti.lt\/product\/interaktyvi-masinu-trasa\/#primaryimage","url":"https:\/\/dev.monti.lt\/wp-content\/uploads\/2023\/10\/Tor-przeszkod-interaktywny-parking-wyscigi-3-pojazdy-901932.jpg","contentUrl":"https:\/\/dev.monti.lt\/wp-content\/uploads\/2023\/10\/Tor-przeszkod-interaktywny-parking-wyscigi-3-pojazdy-901932.jpg","width":1600,"height":1200,"caption":"Interaktyvi trasa"},{"@type":"BreadcrumbList","@id":"https:\/\/dev.monti.lt\/product\/interaktyvi-masinu-trasa\/#breadcrumb","itemListElement":[{"@type":"ListItem","position":1,"name":"Home","item":"https:\/\/dev.monti.lt\/"},{"@type":"ListItem","position":2,"name":"Parduotuv\u0117","item":"https:\/\/dev.monti.lt\/shop\/"},{"@type":"ListItem","position":3,"name":"Interaktyvi ma\u0161in\u0173 tr\u0105sa"}]},{"@type":"WebSite","@id":"https:\/\/dev.monti.lt\/#website","url":"https:\/\/dev.monti.lt\/","name":"Montessori \u017eaislai","description":"","publisher":{"@id":"https:\/\/dev.monti.lt\/#organization"},"potentialAction":[{"@type":"SearchAction","target":{"@type":"EntryPoint","urlTemplate":"https:\/\/dev.monti.lt\/?s={search_term_string}"},"query-input":"required name=search_term_string"}],"inLanguage":"en-US"},{"@type":"Organization","@id":"https:\/\/dev.monti.lt\/#organization","name":"Montessori \u017eaislai","url":"https:\/\/dev.monti.lt\/","logo":{"@type":"ImageObject","inLanguage":"en-US","@id":"https:\/\/dev.monti.lt\/#\/schema\/logo\/image\/","url":"https:\/\/dev.monti.lt\/wp-content\/uploads\/2022\/03\/montilogo-1.png","contentUrl":"https:\/\/dev.monti.lt\/wp-content\/uploads\/2022\/03\/montilogo-1.png","width":512,"height":512,"caption":"Montessori \u017eaislai"},"image":{"@id":"https:\/\/dev.monti.lt\/#\/schema\/logo\/image\/"}}]}},"_links":{"self":[{"href":"https:\/\/dev.monti.lt\/en\/wp-json\/wp\/v2\/product\/18590"}],"collection":[{"href":"https:\/\/dev.monti.lt\/en\/wp-json\/wp\/v2\/product"}],"about":[{"href":"https:\/\/dev.monti.lt\/en\/wp-json\/wp\/v2\/types\/product"}],"version-history":[{"count":1,"href":"https:\/\/dev.monti.lt\/en\/wp-json\/wp\/v2\/product\/18590\/revisions"}],"predecessor-version":[{"id":18603,"href":"https:\/\/dev.monti.lt\/en\/wp-json\/wp\/v2\/product\/18590\/revisions\/18603"}],"wp:featuredmedia":[{"embeddable":true,"href":"https:\/\/dev.monti.lt\/en\/wp-json\/wp\/v2\/media\/18591"}],"wp:attachment":[{"href":"https:\/\/dev.monti.lt\/en\/wp-json\/wp\/v2\/media?parent=18590"}],"wp:term":[{"taxonomy":"product_cat","embeddable":true,"href":"https:\/\/dev.monti.lt\/en\/wp-json\/wp\/v2\/product_cat?post=18590"},{"taxonomy":"product_tag","embeddable":true,"href":"https:\/\/dev.monti.lt\/en\/wp-json\/wp\/v2\/product_tag?post=18590"}],"curies":[{"name":"wp","href":"https:\/\/api.w.org\/{rel}","templated":true}]}}