{"id":18524,"date":"2023-10-21T12:10:20","date_gmt":"2023-10-21T12:10:20","guid":{"rendered":"https:\/\/dev.monti.lt\/?post_type=product&#038;p=18524"},"modified":"2023-12-12T14:16:32","modified_gmt":"2023-12-12T14:16:32","slug":"didele-dvipuse-sensorine-lenta","status":"publish","type":"product","link":"https:\/\/dev.monti.lt\/en\/product\/didele-dvipuse-sensorine-lenta\/","title":{"rendered":"Didel\u0117 dvipus\u0117 sensorin\u0117 lenta"},"content":{"rendered":"<p>Ne visiems \u017einoma, kad vaikai smalsiai domisi pasauliu. Jie m\u0117gsta gaudyti visk\u0105, k\u0105 randa savo akiratyje, net ir tai, kas jiems visi\u0161kai pavojinga. Taigi kaip u\u017etikrinti, kad j\u016bs\u0173 vaikas b\u016bt\u0173 tinkamai stimuliuojamas ir patenkint\u0173 savo poreik\u012f tyrin\u0117ti aplink\u0105, ta\u010diau visi\u0161kai saugiai? Pasitelkus manipuliacin\u0119 lent\u0105!<\/p><p>Manipuliacin\u0117 lenta, dar vadinama sensorine arba motorine lenta, yra sta\u010diakampis, \u0161iuo atveju medinis, ant kurio i\u0161d\u0117styti \u012fvair\u016bs elementai. J\u0173 paskirtis &#8211; skatinti ma\u017eylio vystym\u0105si ir suteikti daug fantasti\u0161k\u0173 pramog\u0173!<\/p><p>Ta\u010diau \u0161i lenta \u0161iek tiek kitokia, nes ji dvipus\u0117! Vienoje pus\u0117je yra tipin\u0117 manipuliacin\u0117 lenta su daugybe mechanizm\u0173, o kit\u0105 pus\u0119 sudaro trys lentel\u0117s, ant kuri\u0173 galima ra\u0161yti kreida, trinamaisiais \u017eymekliais ir ra\u0161ikliu!<\/p><p>Manipuliacin\u0117s pus\u0117s ypatyb\u0117s:<\/p><p>\u012evairiaspalviai judantys krumpliara\u010diai,<br>u\u017etrauktukas,<br>dvira\u010dio skambutis,<br>trij\u0173 r\u016b\u0161i\u0173 slankma\u010diai,<br>me\u0161kiukas panda su mar\u0161kin\u0117liais su rai\u0161teliais (mokomasi rai\u0161ioti),<br>skai\u010diai,<br>judantys ir sukamieji bald\u0173 ratukai,<br>Velcro,<br>labirintas su judan\u010diu lokiu,<br>u\u017erakinimo kabliukas,<br>ned\u016b\u017etantis veidrodis hipopotame,<br>laikrodis su judan\u010diomis rodykl\u0117mis,<br>\u0161viesos jungiklis<br>judan\u010diu skai\u010di\u0173 ratu,<br>lizdas su ki\u0161tuku,<br>dir\u017eas su sagtimi,<br>zoologijos sode gyvenan\u010di\u0173 gyv\u016bn\u0173 fig\u016bros.<\/p><p>\u012eranga kitoje gaminio pus\u0117je:<\/p><p>kreida ra\u0161yti kreida,<br>magnetin\u0117 lenta, skirta ra\u0161yti \u017eymekliu ir pritvirtinti magnetus,<br>elektroninis dingstantis ra\u0161iklis.<\/p><p>Kiekvienas atskiras komponentas tur\u0117s \u012ftakos vaiko intelektiniams geb\u0117jimams ir vaizduotei, bet vis\u0173 pirma jo rank\u0173 darbo \u012fg\u016bd\u017eiams. Priver\u010diant komponentus jud\u0117ti juos lie\u010diant, spustelint, stumdant ar pritvirtinant, bus ugdomas ma\u017e\u0173 rank\u0173 tikslumas, kuris ateityje atsipirks, pavyzd\u017eiui, mokantis ra\u0161yti!<\/p><p>N\u0117 vieno ma\u017eylio nereikia \u012fkalbin\u0117ti \u017eaisti su manipuliacine lenta, ypa\u010d su \u0161ia! Zoologijos sodo gyventojai jau dabar yra tokie patraukl\u016bs, kad n\u0117 vienas ma\u017eylis negali jiems atsispirti!<\/p><p>Lenta pagaminta i\u0161 med\u017eio, tod\u0117l tiek jums, tiek j\u016bs\u0173 ma\u017eyliui nereik\u0117s nerimauti d\u0117l jos patvarumo. Mediniai \u017eaislai yra patvaresni u\u017e plastikinius, o tai rei\u0161kia ilgesn\u012f naudojim\u0105 ir daugiau pramog\u0173!<\/p><p>Rinkinio turinys:<\/p><p>Dvipus\u0117 lenta<br>Spalvota kreida<br>\u017dymeklis<br>Kempin\u0117l\u0117 trinti<\/p><p>Med\u017eiaga: medis<\/p><p>Med\u017eiaga: mediena:<\/p><p>Med\u017eiaga: lentel\u0117: 50 cm x 75 cm x 50 cm<\/p><p>Pakuot\u0117: 80 cm x 53,5 cm x 7 cm<\/p><p>Gaminys supakuotas kartonin\u0117je d\u0117\u017eut\u0117je.<\/p>","protected":false},"excerpt":{"rendered":"<p>Ne visiems \u017einoma, kad vaikai smalsiai domisi pasauliu. Jie m\u0117gsta gaudyti visk\u0105, k\u0105 randa savo akiratyje, net ir tai, kas jiems visi\u0161kai pavojinga. Taigi kaip u\u017etikrinti, kad j\u016bs\u0173 vaikas b\u016bt\u0173 tinkamai stimuliuojamas ir patenkint\u0173 savo poreik\u012f tyrin\u0117ti aplink\u0105, ta\u010diau visi\u0161kai saugiai? Pasitelkus manipuliacin\u0119 lent\u0105! Manipuliacin\u0117 lenta, dar vadinama sensorine arba motorine lenta, yra sta\u010diakampis, \u0161iuo [&hellip;]<\/p>","protected":false},"featured_media":18525,"template":"","meta":{"iawp_total_views":2},"product_cat":[194,195,197,196,191,192,84,91,102,83,90,86,199,49,39],"product_tag":[96,97],"class_list":{"0":"post-18524","1":"product","2":"type-product","3":"status-publish","4":"has-post-thumbnail","6":"product_cat-dovanos-vaikams-2-3-metu","7":"product_cat-dovanos-vaikams-3-4-metu","8":"product_cat-dovanos-berniukams","9":"product_cat-dovanos-mergaitems","10":"product_cat-dovanos-vaikams","11":"product_cat-kaledines-dovanos-vaikams","12":"product_cat-lavinamieji-zaislai","13":"product_cat-loginiam-mastymui","14":"product_cat-mediniai-zaislai","15":"product_cat-montessori-zaislai","16":"product_cat-pasaulio-pazinimas","17":"product_cat-smulkioji-motorika","18":"product_cat-ugdymo-istaigoms","19":"product_cat-visi-zaislai","20":"product_cat-zaislai","21":"product_tag-2-m-3-m","22":"product_tag-3-m-4-m","24":"first","25":"outofstock","26":"taxable","27":"shipping-taxable","28":"purchasable","29":"product-type-simple"},"yoast_head":"<!-- This site is optimized with the Yoast SEO plugin v23.3 - https:\/\/yoast.com\/wordpress\/plugins\/seo\/ -->\n<title>Didel\u0117 dvipus\u0117 sensorin\u0117 lenta - Montessori \u017eaislai<\/title>\n<meta name=\"robots\" content=\"noindex, follow, max-snippet:-1, max-image-preview:large, max-video-preview:-1\" \/>\n<meta property=\"og:locale\" content=\"en_US\" \/>\n<meta property=\"og:type\" content=\"article\" \/>\n<meta property=\"og:title\" content=\"Didel\u0117 dvipus\u0117 sensorin\u0117 lenta - Montessori \u017eaislai\" \/>\n<meta property=\"og:description\" content=\"Ne visiems \u017einoma, kad vaikai smalsiai domisi pasauliu. Jie m\u0117gsta gaudyti visk\u0105, k\u0105 randa savo akiratyje, net ir tai, kas jiems visi\u0161kai pavojinga. Taigi kaip u\u017etikrinti, kad j\u016bs\u0173 vaikas b\u016bt\u0173 tinkamai stimuliuojamas ir patenkint\u0173 savo poreik\u012f tyrin\u0117ti aplink\u0105, ta\u010diau visi\u0161kai saugiai? Pasitelkus manipuliacin\u0119 lent\u0105! Manipuliacin\u0117 lenta, dar vadinama sensorine arba motorine lenta, yra sta\u010diakampis, \u0161iuo [&hellip;]\" \/>\n<meta property=\"og:url\" content=\"https:\/\/dev.monti.lt\/en\/product\/didele-dvipuse-sensorine-lenta\/\" \/>\n<meta property=\"og:site_name\" content=\"Montessori \u017eaislai\" \/>\n<meta property=\"article:modified_time\" content=\"2023-12-12T14:16:32+00:00\" \/>\n<meta property=\"og:image\" content=\"https:\/\/dev.monti.lt\/wp-content\/uploads\/2023\/10\/Tablica-manipulacyjna-drewniana-dwustronna-kredowa-ZOO-zwierzatka-138674.jpg\" \/>\n\t<meta property=\"og:image:width\" content=\"1024\" \/>\n\t<meta property=\"og:image:height\" content=\"1024\" \/>\n\t<meta property=\"og:image:type\" content=\"image\/jpeg\" \/>\n<meta name=\"twitter:card\" content=\"summary_large_image\" \/>\n<meta name=\"twitter:label1\" content=\"Est. reading time\" \/>\n\t<meta name=\"twitter:data1\" content=\"2 minutes\" \/>\n<script type=\"application\/ld+json\" class=\"yoast-schema-graph\">{\"@context\":\"https:\/\/schema.org\",\"@graph\":[{\"@type\":\"WebPage\",\"@id\":\"https:\/\/dev.monti.lt\/product\/didele-dvipuse-sensorine-lenta\/\",\"url\":\"https:\/\/dev.monti.lt\/product\/didele-dvipuse-sensorine-lenta\/\",\"name\":\"Didel\u0117 dvipus\u0117 sensorin\u0117 lenta - Montessori \u017eaislai\",\"isPartOf\":{\"@id\":\"https:\/\/dev.monti.lt\/#website\"},\"primaryImageOfPage\":{\"@id\":\"https:\/\/dev.monti.lt\/product\/didele-dvipuse-sensorine-lenta\/#primaryimage\"},\"image\":{\"@id\":\"https:\/\/dev.monti.lt\/product\/didele-dvipuse-sensorine-lenta\/#primaryimage\"},\"thumbnailUrl\":\"https:\/\/dev.monti.lt\/wp-content\/uploads\/2023\/10\/Tablica-manipulacyjna-drewniana-dwustronna-kredowa-ZOO-zwierzatka-138674.jpg\",\"datePublished\":\"2023-10-21T12:10:20+00:00\",\"dateModified\":\"2023-12-12T14:16:32+00:00\",\"breadcrumb\":{\"@id\":\"https:\/\/dev.monti.lt\/product\/didele-dvipuse-sensorine-lenta\/#breadcrumb\"},\"inLanguage\":\"en-US\",\"potentialAction\":[{\"@type\":\"ReadAction\",\"target\":[\"https:\/\/dev.monti.lt\/product\/didele-dvipuse-sensorine-lenta\/\"]}]},{\"@type\":\"ImageObject\",\"inLanguage\":\"en-US\",\"@id\":\"https:\/\/dev.monti.lt\/product\/didele-dvipuse-sensorine-lenta\/#primaryimage\",\"url\":\"https:\/\/dev.monti.lt\/wp-content\/uploads\/2023\/10\/Tablica-manipulacyjna-drewniana-dwustronna-kredowa-ZOO-zwierzatka-138674.jpg\",\"contentUrl\":\"https:\/\/dev.monti.lt\/wp-content\/uploads\/2023\/10\/Tablica-manipulacyjna-drewniana-dwustronna-kredowa-ZOO-zwierzatka-138674.jpg\",\"width\":1024,\"height\":1024,\"caption\":\"didele sensorine lenta\"},{\"@type\":\"BreadcrumbList\",\"@id\":\"https:\/\/dev.monti.lt\/product\/didele-dvipuse-sensorine-lenta\/#breadcrumb\",\"itemListElement\":[{\"@type\":\"ListItem\",\"position\":1,\"name\":\"Home\",\"item\":\"https:\/\/dev.monti.lt\/\"},{\"@type\":\"ListItem\",\"position\":2,\"name\":\"Parduotuv\u0117\",\"item\":\"https:\/\/dev.monti.lt\/shop\/\"},{\"@type\":\"ListItem\",\"position\":3,\"name\":\"Didel\u0117 dvipus\u0117 sensorin\u0117 lenta\"}]},{\"@type\":\"WebSite\",\"@id\":\"https:\/\/dev.monti.lt\/#website\",\"url\":\"https:\/\/dev.monti.lt\/\",\"name\":\"Montessori \u017eaislai\",\"description\":\"\",\"publisher\":{\"@id\":\"https:\/\/dev.monti.lt\/#organization\"},\"potentialAction\":[{\"@type\":\"SearchAction\",\"target\":{\"@type\":\"EntryPoint\",\"urlTemplate\":\"https:\/\/dev.monti.lt\/?s={search_term_string}\"},\"query-input\":\"required name=search_term_string\"}],\"inLanguage\":\"en-US\"},{\"@type\":\"Organization\",\"@id\":\"https:\/\/dev.monti.lt\/#organization\",\"name\":\"Montessori \u017eaislai\",\"url\":\"https:\/\/dev.monti.lt\/\",\"logo\":{\"@type\":\"ImageObject\",\"inLanguage\":\"en-US\",\"@id\":\"https:\/\/dev.monti.lt\/#\/schema\/logo\/image\/\",\"url\":\"https:\/\/dev.monti.lt\/wp-content\/uploads\/2022\/03\/montilogo-1.png\",\"contentUrl\":\"https:\/\/dev.monti.lt\/wp-content\/uploads\/2022\/03\/montilogo-1.png\",\"width\":512,\"height\":512,\"caption\":\"Montessori \u017eaislai\"},\"image\":{\"@id\":\"https:\/\/dev.monti.lt\/#\/schema\/logo\/image\/\"}}]}<\/script>\n<!-- \/ Yoast SEO plugin. -->","yoast_head_json":{"title":"Didel\u0117 dvipus\u0117 sensorin\u0117 lenta - Montessori \u017eaislai","robots":{"index":"noindex","follow":"follow","max-snippet":"max-snippet:-1","max-image-preview":"max-image-preview:large","max-video-preview":"max-video-preview:-1"},"og_locale":"en_US","og_type":"article","og_title":"Didel\u0117 dvipus\u0117 sensorin\u0117 lenta - Montessori \u017eaislai","og_description":"Ne visiems \u017einoma, kad vaikai smalsiai domisi pasauliu. Jie m\u0117gsta gaudyti visk\u0105, k\u0105 randa savo akiratyje, net ir tai, kas jiems visi\u0161kai pavojinga. Taigi kaip u\u017etikrinti, kad j\u016bs\u0173 vaikas b\u016bt\u0173 tinkamai stimuliuojamas ir patenkint\u0173 savo poreik\u012f tyrin\u0117ti aplink\u0105, ta\u010diau visi\u0161kai saugiai? Pasitelkus manipuliacin\u0119 lent\u0105! Manipuliacin\u0117 lenta, dar vadinama sensorine arba motorine lenta, yra sta\u010diakampis, \u0161iuo [&hellip;]","og_url":"https:\/\/dev.monti.lt\/en\/product\/didele-dvipuse-sensorine-lenta\/","og_site_name":"Montessori \u017eaislai","article_modified_time":"2023-12-12T14:16:32+00:00","og_image":[{"width":1024,"height":1024,"url":"https:\/\/dev.monti.lt\/wp-content\/uploads\/2023\/10\/Tablica-manipulacyjna-drewniana-dwustronna-kredowa-ZOO-zwierzatka-138674.jpg","type":"image\/jpeg"}],"twitter_card":"summary_large_image","twitter_misc":{"Est. reading time":"2 minutes"},"schema":{"@context":"https:\/\/schema.org","@graph":[{"@type":"WebPage","@id":"https:\/\/dev.monti.lt\/product\/didele-dvipuse-sensorine-lenta\/","url":"https:\/\/dev.monti.lt\/product\/didele-dvipuse-sensorine-lenta\/","name":"Didel\u0117 dvipus\u0117 sensorin\u0117 lenta - Montessori \u017eaislai","isPartOf":{"@id":"https:\/\/dev.monti.lt\/#website"},"primaryImageOfPage":{"@id":"https:\/\/dev.monti.lt\/product\/didele-dvipuse-sensorine-lenta\/#primaryimage"},"image":{"@id":"https:\/\/dev.monti.lt\/product\/didele-dvipuse-sensorine-lenta\/#primaryimage"},"thumbnailUrl":"https:\/\/dev.monti.lt\/wp-content\/uploads\/2023\/10\/Tablica-manipulacyjna-drewniana-dwustronna-kredowa-ZOO-zwierzatka-138674.jpg","datePublished":"2023-10-21T12:10:20+00:00","dateModified":"2023-12-12T14:16:32+00:00","breadcrumb":{"@id":"https:\/\/dev.monti.lt\/product\/didele-dvipuse-sensorine-lenta\/#breadcrumb"},"inLanguage":"en-US","potentialAction":[{"@type":"ReadAction","target":["https:\/\/dev.monti.lt\/product\/didele-dvipuse-sensorine-lenta\/"]}]},{"@type":"ImageObject","inLanguage":"en-US","@id":"https:\/\/dev.monti.lt\/product\/didele-dvipuse-sensorine-lenta\/#primaryimage","url":"https:\/\/dev.monti.lt\/wp-content\/uploads\/2023\/10\/Tablica-manipulacyjna-drewniana-dwustronna-kredowa-ZOO-zwierzatka-138674.jpg","contentUrl":"https:\/\/dev.monti.lt\/wp-content\/uploads\/2023\/10\/Tablica-manipulacyjna-drewniana-dwustronna-kredowa-ZOO-zwierzatka-138674.jpg","width":1024,"height":1024,"caption":"didele sensorine lenta"},{"@type":"BreadcrumbList","@id":"https:\/\/dev.monti.lt\/product\/didele-dvipuse-sensorine-lenta\/#breadcrumb","itemListElement":[{"@type":"ListItem","position":1,"name":"Home","item":"https:\/\/dev.monti.lt\/"},{"@type":"ListItem","position":2,"name":"Parduotuv\u0117","item":"https:\/\/dev.monti.lt\/shop\/"},{"@type":"ListItem","position":3,"name":"Didel\u0117 dvipus\u0117 sensorin\u0117 lenta"}]},{"@type":"WebSite","@id":"https:\/\/dev.monti.lt\/#website","url":"https:\/\/dev.monti.lt\/","name":"Montessori \u017eaislai","description":"","publisher":{"@id":"https:\/\/dev.monti.lt\/#organization"},"potentialAction":[{"@type":"SearchAction","target":{"@type":"EntryPoint","urlTemplate":"https:\/\/dev.monti.lt\/?s={search_term_string}"},"query-input":"required name=search_term_string"}],"inLanguage":"en-US"},{"@type":"Organization","@id":"https:\/\/dev.monti.lt\/#organization","name":"Montessori \u017eaislai","url":"https:\/\/dev.monti.lt\/","logo":{"@type":"ImageObject","inLanguage":"en-US","@id":"https:\/\/dev.monti.lt\/#\/schema\/logo\/image\/","url":"https:\/\/dev.monti.lt\/wp-content\/uploads\/2022\/03\/montilogo-1.png","contentUrl":"https:\/\/dev.monti.lt\/wp-content\/uploads\/2022\/03\/montilogo-1.png","width":512,"height":512,"caption":"Montessori \u017eaislai"},"image":{"@id":"https:\/\/dev.monti.lt\/#\/schema\/logo\/image\/"}}]}},"_links":{"self":[{"href":"https:\/\/dev.monti.lt\/en\/wp-json\/wp\/v2\/product\/18524"}],"collection":[{"href":"https:\/\/dev.monti.lt\/en\/wp-json\/wp\/v2\/product"}],"about":[{"href":"https:\/\/dev.monti.lt\/en\/wp-json\/wp\/v2\/types\/product"}],"version-history":[{"count":1,"href":"https:\/\/dev.monti.lt\/en\/wp-json\/wp\/v2\/product\/18524\/revisions"}],"predecessor-version":[{"id":18536,"href":"https:\/\/dev.monti.lt\/en\/wp-json\/wp\/v2\/product\/18524\/revisions\/18536"}],"wp:featuredmedia":[{"embeddable":true,"href":"https:\/\/dev.monti.lt\/en\/wp-json\/wp\/v2\/media\/18525"}],"wp:attachment":[{"href":"https:\/\/dev.monti.lt\/en\/wp-json\/wp\/v2\/media?parent=18524"}],"wp:term":[{"taxonomy":"product_cat","embeddable":true,"href":"https:\/\/dev.monti.lt\/en\/wp-json\/wp\/v2\/product_cat?post=18524"},{"taxonomy":"product_tag","embeddable":true,"href":"https:\/\/dev.monti.lt\/en\/wp-json\/wp\/v2\/product_tag?post=18524"}],"curies":[{"name":"wp","href":"https:\/\/api.w.org\/{rel}","templated":true}]}}