{"id":18512,"date":"2023-10-21T12:03:56","date_gmt":"2023-10-21T12:03:56","guid":{"rendered":"https:\/\/dev.monti.lt\/?post_type=product&#038;p=18512"},"modified":"2024-07-22T12:59:16","modified_gmt":"2024-07-22T12:59:16","slug":"minkstas-kilimelis-kudikiui-su-ugio-matuokliu","status":"publish","type":"product","link":"https:\/\/dev.monti.lt\/en\/product\/minkstas-kilimelis-kudikiui-su-ugio-matuokliu\/","title":{"rendered":"Mink\u0161tas kilim\u0117lis k\u016bdikiui su \u016bgio matuokliu"},"content":{"rendered":"<p>Fantasti\u0161kas dvipusis storas putplas\u010dio kilim\u0117lis vaikams.<\/p><p>Jis s\u0117kmingai pakeis kilim\u0105 j\u016bs\u0173 vaiko kambaryje.<\/p><p>Puikiai tinka kelion\u0117ms \u012f lauk\u0105 arba poilsiui prie vandens parke ar sode.<\/p><p>Jis izoliuoja nuo kiet\u0173 ir \u0161alt\u0173 grind\u0173 ir apsaugo j\u016bs\u0173 vaik\u0105 nuo traum\u0173 nukritus.<\/p><p>Idealiai tinka mokantis \u0161liau\u017eti ir vaik\u0161\u010dioti.<\/p><p>Neslystanti konstrukcija u\u017etikrina ma\u017eylio saugum\u0105 \u017eengiant pirmuosius \u017eingsnius.<\/p><p>Ry\u0161kios, prislopintos spalvos der\u0117s prie bet kokio interjero.<\/p><p>Kilim\u0117l\u012f galima pakeisti, kai nusibosta vienas ra\u0161tas.<\/p><p>Be to, jis pagamintas i\u0161 vandeniui atsparios med\u017eiagos.<\/p><p>Kilim\u0117lis yra lengvas ir lengvai ne\u0161iojamas.<\/p><p>Prakti\u0161kas priedas bet kokiems namams, vaik\u0173 dar\u017eeliui ar lop\u0161eliui-dar\u017eeliui.<\/p><p>Lengvai valomas.<\/p><p>Kai jis susitepa, tiesiog nuvalykite dr\u0117gnu skudur\u0117liu.<\/p><p>Puiki dovanos id\u0117ja.<\/p><p>Supakuotas \u012f esteti\u0161k\u0105 d\u0117\u017eut\u0119.<\/p><p>Privalumai:<\/p><p>Pagaminta i\u0161 storo putplas\u010dio: 1 cm storio<br>Didelis kilim\u0117lio dydis: 200 cm x 180 cm<br>Ry\u0161kios prislopintos spalvos<br>Atlieka izoliacin\u0119 funkcij\u0105<br>Apsaugo vaik\u0105 nuo su\u017ealojim\u0173 nukritus<br>Naudingas mokantis vaik\u0161\u010dioti ir ropoti<br>Galima sulankstyti<br>Lengvas<br>Lengvai valomas<br>Dvipusis<br>Neslystanti tekst\u016bra<br>N\u0117ra am\u017eiaus apribojim\u0173<br>Vandeniui atsparus<\/p><p>Kilim\u0117lio matmenys: Kilim\u0117lio matmenys: 200 cm x 180 cm x 1 cm<\/p><p>Pakuot\u0117s matmenys: 55 cm x 52 cm x 16 cm<\/p>","protected":false},"excerpt":{"rendered":"<p>Fantasti\u0161kas dvipusis storas putplas\u010dio kilim\u0117lis vaikams. Jis s\u0117kmingai pakeis kilim\u0105 j\u016bs\u0173 vaiko kambaryje. Puikiai tinka kelion\u0117ms \u012f lauk\u0105 arba poilsiui prie vandens parke ar sode. Jis izoliuoja nuo kiet\u0173 ir \u0161alt\u0173 grind\u0173 ir apsaugo j\u016bs\u0173 vaik\u0105 nuo traum\u0173 nukritus. Idealiai tinka mokantis \u0161liau\u017eti ir vaik\u0161\u010dioti. Neslystanti konstrukcija u\u017etikrina ma\u017eylio saugum\u0105 \u017eengiant pirmuosius \u017eingsnius. Ry\u0161kios, prislopintos [&hellip;]<\/p>","protected":false},"featured_media":18513,"template":"","meta":{"iawp_total_views":218},"product_cat":[200,191,192,206],"product_tag":[95,94],"class_list":{"0":"post-18512","1":"product","2":"type-product","3":"status-publish","4":"has-post-thumbnail","6":"product_cat-dovanos-kudikiams","7":"product_cat-dovanos-vaikams","8":"product_cat-kaledines-dovanos-vaikams","9":"product_cat-lavinamieji-kilimeliai","10":"product_tag-1-m-2-m","11":"product_tag-iki-1-m","13":"first","14":"instock","15":"sale","16":"taxable","17":"shipping-taxable","18":"purchasable","19":"product-type-simple"},"yoast_head":"<!-- This site is optimized with the Yoast SEO plugin v23.3 - https:\/\/yoast.com\/wordpress\/plugins\/seo\/ -->\n<title>Mink\u0161tas kilim\u0117lis k\u016bdikiui su \u016bgio matuokliu - Montessori \u017eaislai<\/title>\n<meta name=\"robots\" content=\"noindex, follow, max-snippet:-1, max-image-preview:large, max-video-preview:-1\" \/>\n<meta property=\"og:locale\" content=\"en_US\" \/>\n<meta property=\"og:type\" content=\"article\" \/>\n<meta property=\"og:title\" content=\"Mink\u0161tas kilim\u0117lis k\u016bdikiui su \u016bgio matuokliu - Montessori \u017eaislai\" \/>\n<meta property=\"og:description\" content=\"Fantasti\u0161kas dvipusis storas putplas\u010dio kilim\u0117lis vaikams. Jis s\u0117kmingai pakeis kilim\u0105 j\u016bs\u0173 vaiko kambaryje. Puikiai tinka kelion\u0117ms \u012f lauk\u0105 arba poilsiui prie vandens parke ar sode. Jis izoliuoja nuo kiet\u0173 ir \u0161alt\u0173 grind\u0173 ir apsaugo j\u016bs\u0173 vaik\u0105 nuo traum\u0173 nukritus. Idealiai tinka mokantis \u0161liau\u017eti ir vaik\u0161\u010dioti. Neslystanti konstrukcija u\u017etikrina ma\u017eylio saugum\u0105 \u017eengiant pirmuosius \u017eingsnius. Ry\u0161kios, prislopintos [&hellip;]\" \/>\n<meta property=\"og:url\" content=\"https:\/\/dev.monti.lt\/en\/product\/minkstas-kilimelis-kudikiui-su-ugio-matuokliu\/\" \/>\n<meta property=\"og:site_name\" content=\"Montessori \u017eaislai\" \/>\n<meta property=\"article:modified_time\" content=\"2024-07-22T12:59:16+00:00\" \/>\n<meta property=\"og:image\" content=\"https:\/\/dev.monti.lt\/wp-content\/uploads\/2023\/10\/Mata-edukacyjna-z-miarka-wzrostu-200x180x1cm-136250.jpg\" \/>\n\t<meta property=\"og:image:width\" content=\"1024\" \/>\n\t<meta property=\"og:image:height\" content=\"1024\" \/>\n\t<meta property=\"og:image:type\" content=\"image\/jpeg\" \/>\n<meta name=\"twitter:card\" content=\"summary_large_image\" \/>\n<meta name=\"twitter:label1\" content=\"Est. reading time\" \/>\n\t<meta name=\"twitter:data1\" content=\"1 minute\" \/>\n<script type=\"application\/ld+json\" class=\"yoast-schema-graph\">{\"@context\":\"https:\/\/schema.org\",\"@graph\":[{\"@type\":\"WebPage\",\"@id\":\"https:\/\/dev.monti.lt\/product\/minkstas-kilimelis-kudikiui-su-ugio-matuokliu\/\",\"url\":\"https:\/\/dev.monti.lt\/product\/minkstas-kilimelis-kudikiui-su-ugio-matuokliu\/\",\"name\":\"Mink\u0161tas kilim\u0117lis k\u016bdikiui su \u016bgio matuokliu - Montessori \u017eaislai\",\"isPartOf\":{\"@id\":\"https:\/\/dev.monti.lt\/#website\"},\"primaryImageOfPage\":{\"@id\":\"https:\/\/dev.monti.lt\/product\/minkstas-kilimelis-kudikiui-su-ugio-matuokliu\/#primaryimage\"},\"image\":{\"@id\":\"https:\/\/dev.monti.lt\/product\/minkstas-kilimelis-kudikiui-su-ugio-matuokliu\/#primaryimage\"},\"thumbnailUrl\":\"https:\/\/dev.monti.lt\/wp-content\/uploads\/2023\/10\/Mata-edukacyjna-z-miarka-wzrostu-200x180x1cm-136250.jpg\",\"datePublished\":\"2023-10-21T12:03:56+00:00\",\"dateModified\":\"2024-07-22T12:59:16+00:00\",\"breadcrumb\":{\"@id\":\"https:\/\/dev.monti.lt\/product\/minkstas-kilimelis-kudikiui-su-ugio-matuokliu\/#breadcrumb\"},\"inLanguage\":\"en-US\",\"potentialAction\":[{\"@type\":\"ReadAction\",\"target\":[\"https:\/\/dev.monti.lt\/product\/minkstas-kilimelis-kudikiui-su-ugio-matuokliu\/\"]}]},{\"@type\":\"ImageObject\",\"inLanguage\":\"en-US\",\"@id\":\"https:\/\/dev.monti.lt\/product\/minkstas-kilimelis-kudikiui-su-ugio-matuokliu\/#primaryimage\",\"url\":\"https:\/\/dev.monti.lt\/wp-content\/uploads\/2023\/10\/Mata-edukacyjna-z-miarka-wzrostu-200x180x1cm-136250.jpg\",\"contentUrl\":\"https:\/\/dev.monti.lt\/wp-content\/uploads\/2023\/10\/Mata-edukacyjna-z-miarka-wzrostu-200x180x1cm-136250.jpg\",\"width\":1024,\"height\":1024,\"caption\":\"kilimelis kudikiui\"},{\"@type\":\"BreadcrumbList\",\"@id\":\"https:\/\/dev.monti.lt\/product\/minkstas-kilimelis-kudikiui-su-ugio-matuokliu\/#breadcrumb\",\"itemListElement\":[{\"@type\":\"ListItem\",\"position\":1,\"name\":\"Home\",\"item\":\"https:\/\/dev.monti.lt\/\"},{\"@type\":\"ListItem\",\"position\":2,\"name\":\"Parduotuv\u0117\",\"item\":\"https:\/\/dev.monti.lt\/shop\/\"},{\"@type\":\"ListItem\",\"position\":3,\"name\":\"Mink\u0161tas kilim\u0117lis k\u016bdikiui su \u016bgio matuokliu\"}]},{\"@type\":\"WebSite\",\"@id\":\"https:\/\/dev.monti.lt\/#website\",\"url\":\"https:\/\/dev.monti.lt\/\",\"name\":\"Montessori \u017eaislai\",\"description\":\"\",\"publisher\":{\"@id\":\"https:\/\/dev.monti.lt\/#organization\"},\"potentialAction\":[{\"@type\":\"SearchAction\",\"target\":{\"@type\":\"EntryPoint\",\"urlTemplate\":\"https:\/\/dev.monti.lt\/?s={search_term_string}\"},\"query-input\":\"required name=search_term_string\"}],\"inLanguage\":\"en-US\"},{\"@type\":\"Organization\",\"@id\":\"https:\/\/dev.monti.lt\/#organization\",\"name\":\"Montessori \u017eaislai\",\"url\":\"https:\/\/dev.monti.lt\/\",\"logo\":{\"@type\":\"ImageObject\",\"inLanguage\":\"en-US\",\"@id\":\"https:\/\/dev.monti.lt\/#\/schema\/logo\/image\/\",\"url\":\"https:\/\/dev.monti.lt\/wp-content\/uploads\/2022\/03\/montilogo-1.png\",\"contentUrl\":\"https:\/\/dev.monti.lt\/wp-content\/uploads\/2022\/03\/montilogo-1.png\",\"width\":512,\"height\":512,\"caption\":\"Montessori \u017eaislai\"},\"image\":{\"@id\":\"https:\/\/dev.monti.lt\/#\/schema\/logo\/image\/\"}}]}<\/script>\n<!-- \/ Yoast SEO plugin. -->","yoast_head_json":{"title":"Mink\u0161tas kilim\u0117lis k\u016bdikiui su \u016bgio matuokliu - Montessori \u017eaislai","robots":{"index":"noindex","follow":"follow","max-snippet":"max-snippet:-1","max-image-preview":"max-image-preview:large","max-video-preview":"max-video-preview:-1"},"og_locale":"en_US","og_type":"article","og_title":"Mink\u0161tas kilim\u0117lis k\u016bdikiui su \u016bgio matuokliu - Montessori \u017eaislai","og_description":"Fantasti\u0161kas dvipusis storas putplas\u010dio kilim\u0117lis vaikams. Jis s\u0117kmingai pakeis kilim\u0105 j\u016bs\u0173 vaiko kambaryje. Puikiai tinka kelion\u0117ms \u012f lauk\u0105 arba poilsiui prie vandens parke ar sode. Jis izoliuoja nuo kiet\u0173 ir \u0161alt\u0173 grind\u0173 ir apsaugo j\u016bs\u0173 vaik\u0105 nuo traum\u0173 nukritus. Idealiai tinka mokantis \u0161liau\u017eti ir vaik\u0161\u010dioti. Neslystanti konstrukcija u\u017etikrina ma\u017eylio saugum\u0105 \u017eengiant pirmuosius \u017eingsnius. Ry\u0161kios, prislopintos [&hellip;]","og_url":"https:\/\/dev.monti.lt\/en\/product\/minkstas-kilimelis-kudikiui-su-ugio-matuokliu\/","og_site_name":"Montessori \u017eaislai","article_modified_time":"2024-07-22T12:59:16+00:00","og_image":[{"width":1024,"height":1024,"url":"https:\/\/dev.monti.lt\/wp-content\/uploads\/2023\/10\/Mata-edukacyjna-z-miarka-wzrostu-200x180x1cm-136250.jpg","type":"image\/jpeg"}],"twitter_card":"summary_large_image","twitter_misc":{"Est. reading time":"1 minute"},"schema":{"@context":"https:\/\/schema.org","@graph":[{"@type":"WebPage","@id":"https:\/\/dev.monti.lt\/product\/minkstas-kilimelis-kudikiui-su-ugio-matuokliu\/","url":"https:\/\/dev.monti.lt\/product\/minkstas-kilimelis-kudikiui-su-ugio-matuokliu\/","name":"Mink\u0161tas kilim\u0117lis k\u016bdikiui su \u016bgio matuokliu - Montessori \u017eaislai","isPartOf":{"@id":"https:\/\/dev.monti.lt\/#website"},"primaryImageOfPage":{"@id":"https:\/\/dev.monti.lt\/product\/minkstas-kilimelis-kudikiui-su-ugio-matuokliu\/#primaryimage"},"image":{"@id":"https:\/\/dev.monti.lt\/product\/minkstas-kilimelis-kudikiui-su-ugio-matuokliu\/#primaryimage"},"thumbnailUrl":"https:\/\/dev.monti.lt\/wp-content\/uploads\/2023\/10\/Mata-edukacyjna-z-miarka-wzrostu-200x180x1cm-136250.jpg","datePublished":"2023-10-21T12:03:56+00:00","dateModified":"2024-07-22T12:59:16+00:00","breadcrumb":{"@id":"https:\/\/dev.monti.lt\/product\/minkstas-kilimelis-kudikiui-su-ugio-matuokliu\/#breadcrumb"},"inLanguage":"en-US","potentialAction":[{"@type":"ReadAction","target":["https:\/\/dev.monti.lt\/product\/minkstas-kilimelis-kudikiui-su-ugio-matuokliu\/"]}]},{"@type":"ImageObject","inLanguage":"en-US","@id":"https:\/\/dev.monti.lt\/product\/minkstas-kilimelis-kudikiui-su-ugio-matuokliu\/#primaryimage","url":"https:\/\/dev.monti.lt\/wp-content\/uploads\/2023\/10\/Mata-edukacyjna-z-miarka-wzrostu-200x180x1cm-136250.jpg","contentUrl":"https:\/\/dev.monti.lt\/wp-content\/uploads\/2023\/10\/Mata-edukacyjna-z-miarka-wzrostu-200x180x1cm-136250.jpg","width":1024,"height":1024,"caption":"kilimelis kudikiui"},{"@type":"BreadcrumbList","@id":"https:\/\/dev.monti.lt\/product\/minkstas-kilimelis-kudikiui-su-ugio-matuokliu\/#breadcrumb","itemListElement":[{"@type":"ListItem","position":1,"name":"Home","item":"https:\/\/dev.monti.lt\/"},{"@type":"ListItem","position":2,"name":"Parduotuv\u0117","item":"https:\/\/dev.monti.lt\/shop\/"},{"@type":"ListItem","position":3,"name":"Mink\u0161tas kilim\u0117lis k\u016bdikiui su \u016bgio matuokliu"}]},{"@type":"WebSite","@id":"https:\/\/dev.monti.lt\/#website","url":"https:\/\/dev.monti.lt\/","name":"Montessori \u017eaislai","description":"","publisher":{"@id":"https:\/\/dev.monti.lt\/#organization"},"potentialAction":[{"@type":"SearchAction","target":{"@type":"EntryPoint","urlTemplate":"https:\/\/dev.monti.lt\/?s={search_term_string}"},"query-input":"required name=search_term_string"}],"inLanguage":"en-US"},{"@type":"Organization","@id":"https:\/\/dev.monti.lt\/#organization","name":"Montessori \u017eaislai","url":"https:\/\/dev.monti.lt\/","logo":{"@type":"ImageObject","inLanguage":"en-US","@id":"https:\/\/dev.monti.lt\/#\/schema\/logo\/image\/","url":"https:\/\/dev.monti.lt\/wp-content\/uploads\/2022\/03\/montilogo-1.png","contentUrl":"https:\/\/dev.monti.lt\/wp-content\/uploads\/2022\/03\/montilogo-1.png","width":512,"height":512,"caption":"Montessori \u017eaislai"},"image":{"@id":"https:\/\/dev.monti.lt\/#\/schema\/logo\/image\/"}}]}},"_links":{"self":[{"href":"https:\/\/dev.monti.lt\/en\/wp-json\/wp\/v2\/product\/18512"}],"collection":[{"href":"https:\/\/dev.monti.lt\/en\/wp-json\/wp\/v2\/product"}],"about":[{"href":"https:\/\/dev.monti.lt\/en\/wp-json\/wp\/v2\/types\/product"}],"version-history":[{"count":1,"href":"https:\/\/dev.monti.lt\/en\/wp-json\/wp\/v2\/product\/18512\/revisions"}],"predecessor-version":[{"id":18523,"href":"https:\/\/dev.monti.lt\/en\/wp-json\/wp\/v2\/product\/18512\/revisions\/18523"}],"wp:featuredmedia":[{"embeddable":true,"href":"https:\/\/dev.monti.lt\/en\/wp-json\/wp\/v2\/media\/18513"}],"wp:attachment":[{"href":"https:\/\/dev.monti.lt\/en\/wp-json\/wp\/v2\/media?parent=18512"}],"wp:term":[{"taxonomy":"product_cat","embeddable":true,"href":"https:\/\/dev.monti.lt\/en\/wp-json\/wp\/v2\/product_cat?post=18512"},{"taxonomy":"product_tag","embeddable":true,"href":"https:\/\/dev.monti.lt\/en\/wp-json\/wp\/v2\/product_tag?post=18512"}],"curies":[{"name":"wp","href":"https:\/\/api.w.org\/{rel}","templated":true}]}}