{"id":18501,"date":"2023-10-21T11:57:54","date_gmt":"2023-10-21T11:57:54","guid":{"rendered":"https:\/\/dev.monti.lt\/?post_type=product&#038;p=18501"},"modified":"2024-09-03T13:18:49","modified_gmt":"2024-09-03T13:18:49","slug":"lavinamasis-kilimelis-su-pianinu","status":"publish","type":"product","link":"https:\/\/dev.monti.lt\/en\/product\/lavinamasis-kilimelis-su-pianinu\/","title":{"rendered":"Lavinamasis kilim\u0117lis su pianinu"},"content":{"rendered":"<p>Daugiafunkcinis lavinamasis kilim\u0117lis su pianinu yra unikalus \u017eaislas, pagamintas i\u0161 spalvingos, mink\u0161tos ir auk\u0161tos kokyb\u0117s med\u017eiagos. \u0160is kilim\u0117lis puikiai tiks kaip gimnastikos kilim\u0117lis vaikams nuo pirm\u0173j\u0173 j\u0173 gyvenimo akimirk\u0173.<\/p><p>PAGRINDIN\u0116S KILIM\u0116LIO SAVYB\u0116S:<\/p><p>Mink\u0161ti \u017eaislai ir bar\u0161ku\u010diai: Mink\u0161ti \u017eaislai ir plastikiniai ry\u0161ki\u0173, patraukli\u0173 spalv\u0173 bar\u0161ku\u010diai paskatins j\u016bs\u0173 ma\u017eyl\u012f \u017eaisti. Jie taip pat pad\u0117s lavinti k\u016bdikio poj\u016b\u010dius ir motorinius \u012fg\u016bd\u017eius.<br>Pianinukas su trimis \u017eaidimo re\u017eimais: Kilim\u0117lis turi pianin\u0105, kur\u012f galima lengvai atjungti ir paversti atskiru \u017eaislu. Pianinukas turi tris grojimo re\u017eimus: diapazono garsus, jaunojo atlik\u0117jo grojam\u0105 melodij\u0105 ir 5 linksmas melodijas bei 5 raminan\u010dias lop\u0161ines.<br>Spalvotos lemput\u0117s: Paspaudus k\u016bdiki\u0173 pianino klavi\u0161\u0105, \u012fsijungia spalvotos lemput\u0117s, kurios &#8220;\u0161oka&#8221; kartu su muzika.<br>Garsumo reguliavimas: Galima reguliuoti gars\u0173 stiprum\u0105, kad garso lygis atitikt\u0173 k\u016bdikio pageidavimus ir aplink\u0105.<br>LENGVA TRANSPORTO: kilim\u0117lis yra lengvas ir lengvai sulankstomas, kad j\u012f b\u016bt\u0173 lengva transportuoti. Idealiai tinka \u017eaisti tiek namuose, tiek kelion\u0117je.<\/p><p>KILIM\u0116LIS TIEKIAMAS SU:<\/p><p>Grasintuvas<br>\u0160irdies \u0161vilpukas<br>Pliu\u0161inis m\u0117nulis ir \u017evaig\u017ed\u0117<br>M\u0117nulis su jungikliu, kuris \u012fjungia \u0161velni\u0105 \u0161vies\u0105, kei\u010dian\u010di\u0105 jo spalv\u0105.<\/p><p>DIMENSIJOS:<\/p><p>Kilim\u0117lis: 82 cm x 46 cm<br>Galvos apdangalo ilgis: apie 110 cm<br>Putos: 42 cm x 23 cm<br>Pakuot\u0117s matmenys (ilgis x plotis x auk\u0161tis): Dydis (cm x 43 cm x 8 cm): 50 cm x 43 cm x 8 cm<\/p><p>\u0160is lavinamasis kilim\u0117lis auga kartu su j\u016bs\u0173 ma\u017eyliu ir si\u016blo daugyb\u0119 \u017eaidim\u0173 b\u016bd\u0173:<\/p><p>Gul\u0117damas ant nugaros k\u016bdikis gali \u017eaisti su pakabinamais \u017eaislais ir kojomis, groti pianinu.<\/p><ol class=\"wp-block-list\" start=\"2\"><li>gul\u0117damas ant pilvuko ir lavindamas savo raumenis.<\/li>\n\n<li>\u017eaisti s\u0117dint ir groti pianinu.<\/li><\/ol><p>Kilim\u0117lis supakuotas esteti\u0161koje originalioje pakuot\u0117je, tod\u0117l tai ideali dovana k\u016bdikiui ir ma\u017eesniems vaikams. Tai puikus \u017eaislas, skirtas pramogauti ir palaikyti k\u016bdikio vystym\u0105si nuo pirm\u0173j\u0173 gyvenimo akimirk\u0173.<\/p>","protected":false},"excerpt":{"rendered":"<p>Daugiafunkcinis lavinamasis kilim\u0117lis su pianinu yra unikalus \u017eaislas, pagamintas i\u0161 spalvingos, mink\u0161tos ir auk\u0161tos kokyb\u0117s med\u017eiagos. \u0160is kilim\u0117lis puikiai tiks kaip gimnastikos kilim\u0117lis vaikams nuo pirm\u0173j\u0173 j\u0173 gyvenimo akimirk\u0173. PAGRINDIN\u0116S KILIM\u0116LIO SAVYB\u0116S: Mink\u0161ti \u017eaislai ir bar\u0161ku\u010diai: Mink\u0161ti \u017eaislai ir plastikiniai ry\u0161ki\u0173, patraukli\u0173 spalv\u0173 bar\u0161ku\u010diai paskatins j\u016bs\u0173 ma\u017eyl\u012f \u017eaisti. Jie taip pat pad\u0117s lavinti k\u016bdikio poj\u016b\u010dius [&hellip;]<\/p>","protected":false},"featured_media":18502,"template":"","meta":{"iawp_total_views":152},"product_cat":[213,200,191,82,192,206,84,85,90,39],"product_tag":[95,94],"class_list":{"0":"post-18501","1":"product","2":"type-product","3":"status-publish","4":"has-post-thumbnail","6":"product_cat-akcija","7":"product_cat-dovanos-kudikiams","8":"product_cat-dovanos-vaikams","9":"product_cat-ispardavimas","10":"product_cat-kaledines-dovanos-vaikams","11":"product_cat-lavinamieji-kilimeliai","12":"product_cat-lavinamieji-zaislai","13":"product_cat-muzikiniai-zaislai","14":"product_cat-pasaulio-pazinimas","15":"product_cat-zaislai","16":"product_tag-1-m-2-m","17":"product_tag-iki-1-m","19":"first","20":"instock","21":"sale","22":"taxable","23":"shipping-taxable","24":"purchasable","25":"product-type-simple"},"yoast_head":"<!-- This site is optimized with the Yoast SEO plugin v23.3 - https:\/\/yoast.com\/wordpress\/plugins\/seo\/ -->\n<title>Lavinamasis kilim\u0117lis su pianinu - Montessori \u017eaislai<\/title>\n<meta name=\"robots\" content=\"noindex, follow, max-snippet:-1, max-image-preview:large, max-video-preview:-1\" \/>\n<meta property=\"og:locale\" content=\"en_US\" \/>\n<meta property=\"og:type\" content=\"article\" \/>\n<meta property=\"og:title\" content=\"Lavinamasis kilim\u0117lis su pianinu - Montessori \u017eaislai\" \/>\n<meta property=\"og:description\" content=\"Daugiafunkcinis lavinamasis kilim\u0117lis su pianinu yra unikalus \u017eaislas, pagamintas i\u0161 spalvingos, mink\u0161tos ir auk\u0161tos kokyb\u0117s med\u017eiagos. \u0160is kilim\u0117lis puikiai tiks kaip gimnastikos kilim\u0117lis vaikams nuo pirm\u0173j\u0173 j\u0173 gyvenimo akimirk\u0173. PAGRINDIN\u0116S KILIM\u0116LIO SAVYB\u0116S: Mink\u0161ti \u017eaislai ir bar\u0161ku\u010diai: Mink\u0161ti \u017eaislai ir plastikiniai ry\u0161ki\u0173, patraukli\u0173 spalv\u0173 bar\u0161ku\u010diai paskatins j\u016bs\u0173 ma\u017eyl\u012f \u017eaisti. Jie taip pat pad\u0117s lavinti k\u016bdikio poj\u016b\u010dius [&hellip;]\" \/>\n<meta property=\"og:url\" content=\"https:\/\/dev.monti.lt\/en\/product\/lavinamasis-kilimelis-su-pianinu\/\" \/>\n<meta property=\"og:site_name\" content=\"Montessori \u017eaislai\" \/>\n<meta property=\"article:modified_time\" content=\"2024-09-03T13:18:49+00:00\" \/>\n<meta property=\"og:image\" content=\"https:\/\/dev.monti.lt\/wp-content\/uploads\/2023\/10\/Mata-Edukacyjna-dla-dzieci-z-pianinkiem-586382.jpg\" \/>\n\t<meta property=\"og:image:width\" content=\"894\" \/>\n\t<meta property=\"og:image:height\" content=\"768\" \/>\n\t<meta property=\"og:image:type\" content=\"image\/jpeg\" \/>\n<meta name=\"twitter:card\" content=\"summary_large_image\" \/>\n<meta name=\"twitter:label1\" content=\"Est. reading time\" \/>\n\t<meta name=\"twitter:data1\" content=\"2 minutes\" \/>\n<script type=\"application\/ld+json\" class=\"yoast-schema-graph\">{\"@context\":\"https:\/\/schema.org\",\"@graph\":[{\"@type\":\"WebPage\",\"@id\":\"https:\/\/dev.monti.lt\/product\/lavinamasis-kilimelis-su-pianinu\/\",\"url\":\"https:\/\/dev.monti.lt\/product\/lavinamasis-kilimelis-su-pianinu\/\",\"name\":\"Lavinamasis kilim\u0117lis su pianinu - Montessori \u017eaislai\",\"isPartOf\":{\"@id\":\"https:\/\/dev.monti.lt\/#website\"},\"primaryImageOfPage\":{\"@id\":\"https:\/\/dev.monti.lt\/product\/lavinamasis-kilimelis-su-pianinu\/#primaryimage\"},\"image\":{\"@id\":\"https:\/\/dev.monti.lt\/product\/lavinamasis-kilimelis-su-pianinu\/#primaryimage\"},\"thumbnailUrl\":\"https:\/\/dev.monti.lt\/wp-content\/uploads\/2023\/10\/Mata-Edukacyjna-dla-dzieci-z-pianinkiem-586382.jpg\",\"datePublished\":\"2023-10-21T11:57:54+00:00\",\"dateModified\":\"2024-09-03T13:18:49+00:00\",\"breadcrumb\":{\"@id\":\"https:\/\/dev.monti.lt\/product\/lavinamasis-kilimelis-su-pianinu\/#breadcrumb\"},\"inLanguage\":\"en-US\",\"potentialAction\":[{\"@type\":\"ReadAction\",\"target\":[\"https:\/\/dev.monti.lt\/product\/lavinamasis-kilimelis-su-pianinu\/\"]}]},{\"@type\":\"ImageObject\",\"inLanguage\":\"en-US\",\"@id\":\"https:\/\/dev.monti.lt\/product\/lavinamasis-kilimelis-su-pianinu\/#primaryimage\",\"url\":\"https:\/\/dev.monti.lt\/wp-content\/uploads\/2023\/10\/Mata-Edukacyjna-dla-dzieci-z-pianinkiem-586382.jpg\",\"contentUrl\":\"https:\/\/dev.monti.lt\/wp-content\/uploads\/2023\/10\/Mata-Edukacyjna-dla-dzieci-z-pianinkiem-586382.jpg\",\"width\":894,\"height\":768,\"caption\":\"lavinamasis kilimelis\"},{\"@type\":\"BreadcrumbList\",\"@id\":\"https:\/\/dev.monti.lt\/product\/lavinamasis-kilimelis-su-pianinu\/#breadcrumb\",\"itemListElement\":[{\"@type\":\"ListItem\",\"position\":1,\"name\":\"Home\",\"item\":\"https:\/\/dev.monti.lt\/\"},{\"@type\":\"ListItem\",\"position\":2,\"name\":\"Parduotuv\u0117\",\"item\":\"https:\/\/dev.monti.lt\/shop\/\"},{\"@type\":\"ListItem\",\"position\":3,\"name\":\"Lavinamasis kilim\u0117lis su pianinu\"}]},{\"@type\":\"WebSite\",\"@id\":\"https:\/\/dev.monti.lt\/#website\",\"url\":\"https:\/\/dev.monti.lt\/\",\"name\":\"Montessori \u017eaislai\",\"description\":\"\",\"publisher\":{\"@id\":\"https:\/\/dev.monti.lt\/#organization\"},\"potentialAction\":[{\"@type\":\"SearchAction\",\"target\":{\"@type\":\"EntryPoint\",\"urlTemplate\":\"https:\/\/dev.monti.lt\/?s={search_term_string}\"},\"query-input\":\"required name=search_term_string\"}],\"inLanguage\":\"en-US\"},{\"@type\":\"Organization\",\"@id\":\"https:\/\/dev.monti.lt\/#organization\",\"name\":\"Montessori \u017eaislai\",\"url\":\"https:\/\/dev.monti.lt\/\",\"logo\":{\"@type\":\"ImageObject\",\"inLanguage\":\"en-US\",\"@id\":\"https:\/\/dev.monti.lt\/#\/schema\/logo\/image\/\",\"url\":\"https:\/\/dev.monti.lt\/wp-content\/uploads\/2022\/03\/montilogo-1.png\",\"contentUrl\":\"https:\/\/dev.monti.lt\/wp-content\/uploads\/2022\/03\/montilogo-1.png\",\"width\":512,\"height\":512,\"caption\":\"Montessori \u017eaislai\"},\"image\":{\"@id\":\"https:\/\/dev.monti.lt\/#\/schema\/logo\/image\/\"}}]}<\/script>\n<!-- \/ Yoast SEO plugin. -->","yoast_head_json":{"title":"Lavinamasis kilim\u0117lis su pianinu - Montessori \u017eaislai","robots":{"index":"noindex","follow":"follow","max-snippet":"max-snippet:-1","max-image-preview":"max-image-preview:large","max-video-preview":"max-video-preview:-1"},"og_locale":"en_US","og_type":"article","og_title":"Lavinamasis kilim\u0117lis su pianinu - Montessori \u017eaislai","og_description":"Daugiafunkcinis lavinamasis kilim\u0117lis su pianinu yra unikalus \u017eaislas, pagamintas i\u0161 spalvingos, mink\u0161tos ir auk\u0161tos kokyb\u0117s med\u017eiagos. \u0160is kilim\u0117lis puikiai tiks kaip gimnastikos kilim\u0117lis vaikams nuo pirm\u0173j\u0173 j\u0173 gyvenimo akimirk\u0173. PAGRINDIN\u0116S KILIM\u0116LIO SAVYB\u0116S: Mink\u0161ti \u017eaislai ir bar\u0161ku\u010diai: Mink\u0161ti \u017eaislai ir plastikiniai ry\u0161ki\u0173, patraukli\u0173 spalv\u0173 bar\u0161ku\u010diai paskatins j\u016bs\u0173 ma\u017eyl\u012f \u017eaisti. Jie taip pat pad\u0117s lavinti k\u016bdikio poj\u016b\u010dius [&hellip;]","og_url":"https:\/\/dev.monti.lt\/en\/product\/lavinamasis-kilimelis-su-pianinu\/","og_site_name":"Montessori \u017eaislai","article_modified_time":"2024-09-03T13:18:49+00:00","og_image":[{"width":894,"height":768,"url":"https:\/\/dev.monti.lt\/wp-content\/uploads\/2023\/10\/Mata-Edukacyjna-dla-dzieci-z-pianinkiem-586382.jpg","type":"image\/jpeg"}],"twitter_card":"summary_large_image","twitter_misc":{"Est. reading time":"2 minutes"},"schema":{"@context":"https:\/\/schema.org","@graph":[{"@type":"WebPage","@id":"https:\/\/dev.monti.lt\/product\/lavinamasis-kilimelis-su-pianinu\/","url":"https:\/\/dev.monti.lt\/product\/lavinamasis-kilimelis-su-pianinu\/","name":"Lavinamasis kilim\u0117lis su pianinu - Montessori \u017eaislai","isPartOf":{"@id":"https:\/\/dev.monti.lt\/#website"},"primaryImageOfPage":{"@id":"https:\/\/dev.monti.lt\/product\/lavinamasis-kilimelis-su-pianinu\/#primaryimage"},"image":{"@id":"https:\/\/dev.monti.lt\/product\/lavinamasis-kilimelis-su-pianinu\/#primaryimage"},"thumbnailUrl":"https:\/\/dev.monti.lt\/wp-content\/uploads\/2023\/10\/Mata-Edukacyjna-dla-dzieci-z-pianinkiem-586382.jpg","datePublished":"2023-10-21T11:57:54+00:00","dateModified":"2024-09-03T13:18:49+00:00","breadcrumb":{"@id":"https:\/\/dev.monti.lt\/product\/lavinamasis-kilimelis-su-pianinu\/#breadcrumb"},"inLanguage":"en-US","potentialAction":[{"@type":"ReadAction","target":["https:\/\/dev.monti.lt\/product\/lavinamasis-kilimelis-su-pianinu\/"]}]},{"@type":"ImageObject","inLanguage":"en-US","@id":"https:\/\/dev.monti.lt\/product\/lavinamasis-kilimelis-su-pianinu\/#primaryimage","url":"https:\/\/dev.monti.lt\/wp-content\/uploads\/2023\/10\/Mata-Edukacyjna-dla-dzieci-z-pianinkiem-586382.jpg","contentUrl":"https:\/\/dev.monti.lt\/wp-content\/uploads\/2023\/10\/Mata-Edukacyjna-dla-dzieci-z-pianinkiem-586382.jpg","width":894,"height":768,"caption":"lavinamasis kilimelis"},{"@type":"BreadcrumbList","@id":"https:\/\/dev.monti.lt\/product\/lavinamasis-kilimelis-su-pianinu\/#breadcrumb","itemListElement":[{"@type":"ListItem","position":1,"name":"Home","item":"https:\/\/dev.monti.lt\/"},{"@type":"ListItem","position":2,"name":"Parduotuv\u0117","item":"https:\/\/dev.monti.lt\/shop\/"},{"@type":"ListItem","position":3,"name":"Lavinamasis kilim\u0117lis su pianinu"}]},{"@type":"WebSite","@id":"https:\/\/dev.monti.lt\/#website","url":"https:\/\/dev.monti.lt\/","name":"Montessori \u017eaislai","description":"","publisher":{"@id":"https:\/\/dev.monti.lt\/#organization"},"potentialAction":[{"@type":"SearchAction","target":{"@type":"EntryPoint","urlTemplate":"https:\/\/dev.monti.lt\/?s={search_term_string}"},"query-input":"required name=search_term_string"}],"inLanguage":"en-US"},{"@type":"Organization","@id":"https:\/\/dev.monti.lt\/#organization","name":"Montessori \u017eaislai","url":"https:\/\/dev.monti.lt\/","logo":{"@type":"ImageObject","inLanguage":"en-US","@id":"https:\/\/dev.monti.lt\/#\/schema\/logo\/image\/","url":"https:\/\/dev.monti.lt\/wp-content\/uploads\/2022\/03\/montilogo-1.png","contentUrl":"https:\/\/dev.monti.lt\/wp-content\/uploads\/2022\/03\/montilogo-1.png","width":512,"height":512,"caption":"Montessori \u017eaislai"},"image":{"@id":"https:\/\/dev.monti.lt\/#\/schema\/logo\/image\/"}}]}},"_links":{"self":[{"href":"https:\/\/dev.monti.lt\/en\/wp-json\/wp\/v2\/product\/18501"}],"collection":[{"href":"https:\/\/dev.monti.lt\/en\/wp-json\/wp\/v2\/product"}],"about":[{"href":"https:\/\/dev.monti.lt\/en\/wp-json\/wp\/v2\/types\/product"}],"version-history":[{"count":1,"href":"https:\/\/dev.monti.lt\/en\/wp-json\/wp\/v2\/product\/18501\/revisions"}],"predecessor-version":[{"id":18511,"href":"https:\/\/dev.monti.lt\/en\/wp-json\/wp\/v2\/product\/18501\/revisions\/18511"}],"wp:featuredmedia":[{"embeddable":true,"href":"https:\/\/dev.monti.lt\/en\/wp-json\/wp\/v2\/media\/18502"}],"wp:attachment":[{"href":"https:\/\/dev.monti.lt\/en\/wp-json\/wp\/v2\/media?parent=18501"}],"wp:term":[{"taxonomy":"product_cat","embeddable":true,"href":"https:\/\/dev.monti.lt\/en\/wp-json\/wp\/v2\/product_cat?post=18501"},{"taxonomy":"product_tag","embeddable":true,"href":"https:\/\/dev.monti.lt\/en\/wp-json\/wp\/v2\/product_tag?post=18501"}],"curies":[{"name":"wp","href":"https:\/\/api.w.org\/{rel}","templated":true}]}}