{"id":18459,"date":"2023-10-19T11:20:35","date_gmt":"2023-10-19T11:20:35","guid":{"rendered":"https:\/\/dev.monti.lt\/?post_type=product&#038;p=18459"},"modified":"2024-06-04T14:09:36","modified_gmt":"2024-06-04T14:09:36","slug":"didelis-leliu-namas-114-cm","status":"publish","type":"product","link":"https:\/\/dev.monti.lt\/en\/product\/didelis-leliu-namas-114-cm\/","title":{"rendered":"Didelis l\u0117li\u0173 namas 114 cm"},"content":{"rendered":"<h1 class=\"wp-block-heading\">DIDELIS L\u0116LI\u0172 NAMAS IKI 114cm &#8211; VILA SU \u012eRANGA + LIFTAS&nbsp;<\/h1><ul class=\"wp-block-list\"><li><strong>ERDVUS<\/strong>\u00a0&#8211; medinis l\u0117li\u0173 namelis skirtas 2 l\u0117li\u0173 \u0161eimai.\u00a0<strong>Jis turi 3 auk\u0161tus, 4\u00a0kambarius\u00a0ir balkon<\/strong>\u0105. Kiekviena l\u0117l\u0117 svajoja apie tok\u012f didel\u012f nam\u0105!<\/li>\n\n<li><strong>GRA\u017dIOS SPALVOS \u2013<\/strong>\u00a0gra\u017eios spalvos skatina \u017eaisti ir lavina vaiko vaizduot\u0119. Namas ir daiktai yra subtil\u016bs ir neblizgantys, tod\u0117l\u00a0<strong>Net kelias valandas \u017eaid\u017eiant su l\u0117l\u0117mis nevargina vaiko ak<\/strong>i\u0173\u00a0. Spalvos yra universalios ir der\u0117s prie bet kurio vaiko kambario dekoro, nesugadindamos visumos estetikos.<\/li>\n\n<li><strong>DIDELIS &#8211;<\/strong>\u00a0l\u0117li\u0173 namelis\u00a0<strong>yra 114 cm auk\u0161\u010dio!<\/strong>\u00a0Jis pagamintas i\u0161 med\u017eio masyvo ir MDF, jo strukt\u016bra itin patvari. Visi\u00a0<strong>elementai yra kruop\u0161\u010diai apdoroti, puikiai poliruoti ir saug\u016bs vaikams<\/strong>\u00a0. Jo auk\u0161tis leid\u017eia \u017eaisti patogioje pozicijoje net ir didesniam vaikui. Be to, namelis yra labai stabilus \u2013 \u017eaid\u017eiant neu\u017egrius ant vaiko.<\/li>\n\n<li><strong>LIFTAS +\u00a0 BALDAI\u00a0<\/strong>&#8211; Papildomas \u0161io namo privalumas yra liftas, kuris pakeliamas auk\u0161tyn ir \u017eemyn.\u00a0Taip pat <strong>name yra lova, tualetinis staliukas, tualetas, vonia, sofa, fotelis, stalas, taburet\u0117, \u0161viestuvas ir laiptai.<\/strong><\/li><\/ul><p><strong>SPECIFIKACIJA<\/strong><\/p><ul class=\"wp-block-list\"><li>spalva: daugiaspalvis<\/li>\n\n<li>med\u017eiaga: mediena<\/li>\n\n<li>element\u0173 skai\u010dius rinkinyje: 9 + namas<\/li>\n\n<li>auk\u0161t\u0173 skai\u010dius: 3; kambari\u0173 skai\u010dius: 4 + balkonas<\/li>\n\n<li>matmenys (ilgis\/plotis\/auk\u0161tis): 30,5 x 81,5 x 114 cm<\/li>\n\n<li>svoris: 12,9 kg<\/li>\n\n<li>svoris pakuot\u0117je: 13,85 kg.<\/li><\/ul><p>Rinkinyje rasite:<\/p><ul class=\"wp-block-list\"><li>namas<\/li>\n\n<li>lova<\/li>\n\n<li>kosmetinis staliukas<\/li>\n\n<li>tualetas<\/li>\n\n<li>vonia<\/li>\n\n<li>sofa<\/li>\n\n<li>Fotelis<\/li>\n\n<li>stalas<\/li>\n\n<li>taburet\u0117s<\/li>\n\n<li>lempa<\/li>\n\n<li>laiptai<\/li><\/ul><p><\/p>","protected":false},"excerpt":{"rendered":"<p>L\u0117li\u0173 namelis \u2013 tai ne tik \u017eaislas, bet ir vaik\u0173 vaizduot\u0119 bei k\u016brybi\u0161kum\u0105 lavinanti priemon\u0117. Vaikai gali kurti savo istorijas, tvarkyti interjerus ir apsimesti, kad j\u0173 l\u0117l\u0117s veda kasdien\u012f gyvenim\u0105. Tai puikus b\u016bdas lavinti tarpasmeninius \u012fg\u016bd\u017eius, su\u017einoti apie kasdien\u012f gyvenim\u0105 ir lavinti planavimo bei organizavimo \u012fg\u016bd\u017eius.<\/p>","protected":false},"featured_media":18460,"template":"","meta":{"iawp_total_views":21},"product_cat":[194,195,216,217,196,191,192,84,102,50,93,49,39,214],"product_tag":[97,98],"class_list":{"0":"post-18459","1":"product","2":"type-product","3":"status-publish","4":"has-post-thumbnail","6":"product_cat-dovanos-vaikams-2-3-metu","7":"product_cat-dovanos-vaikams-3-4-metu","8":"product_cat-dovanos-4-5-metu-vaikams","9":"product_cat-dovanos-5-7-metu-vaikams","10":"product_cat-dovanos-mergaitems","11":"product_cat-dovanos-vaikams","12":"product_cat-kaledines-dovanos-vaikams","13":"product_cat-lavinamieji-zaislai","14":"product_cat-mediniai-zaislai","15":"product_cat-top-dovanos","16":"product_cat-vaidmenu-zaidimai","17":"product_cat-visi-zaislai","18":"product_cat-zaislai","19":"product_cat-zaislai-mergaitems","20":"product_tag-3-m-4-m","21":"product_tag-5-m-7-m","23":"first","24":"outofstock","25":"sale","26":"taxable","27":"shipping-taxable","28":"purchasable","29":"product-type-simple"},"yoast_head":"<!-- This site is optimized with the Yoast SEO plugin v23.3 - https:\/\/yoast.com\/wordpress\/plugins\/seo\/ -->\n<title>Didelis l\u0117li\u0173 namas 114 cm - Montessori \u017eaislai<\/title>\n<meta name=\"robots\" content=\"noindex, follow, max-snippet:-1, max-image-preview:large, max-video-preview:-1\" \/>\n<meta property=\"og:locale\" content=\"en_US\" \/>\n<meta property=\"og:type\" content=\"article\" \/>\n<meta property=\"og:title\" content=\"Didelis l\u0117li\u0173 namas 114 cm - Montessori \u017eaislai\" \/>\n<meta property=\"og:description\" content=\"L\u0117li\u0173 namelis \u2013 tai ne tik \u017eaislas, bet ir vaik\u0173 vaizduot\u0119 bei k\u016brybi\u0161kum\u0105 lavinanti priemon\u0117. Vaikai gali kurti savo istorijas, tvarkyti interjerus ir apsimesti, kad j\u0173 l\u0117l\u0117s veda kasdien\u012f gyvenim\u0105. Tai puikus b\u016bdas lavinti tarpasmeninius \u012fg\u016bd\u017eius, su\u017einoti apie kasdien\u012f gyvenim\u0105 ir lavinti planavimo bei organizavimo \u012fg\u016bd\u017eius.\" \/>\n<meta property=\"og:url\" content=\"https:\/\/dev.monti.lt\/en\/product\/didelis-leliu-namas-114-cm\/\" \/>\n<meta property=\"og:site_name\" content=\"Montessori \u017eaislai\" \/>\n<meta property=\"article:modified_time\" content=\"2024-06-04T14:09:36+00:00\" \/>\n<meta property=\"og:image\" content=\"https:\/\/dev.monti.lt\/wp-content\/uploads\/2023\/10\/lit_pl_Kruzzel-leliu-namelis-Didelis-leliu-namelis-114-cm-114-cm-16941_1.jpg\" \/>\n\t<meta property=\"og:image:width\" content=\"500\" \/>\n\t<meta property=\"og:image:height\" content=\"500\" \/>\n\t<meta property=\"og:image:type\" content=\"image\/jpeg\" \/>\n<meta name=\"twitter:card\" content=\"summary_large_image\" \/>\n<meta name=\"twitter:label1\" content=\"Est. reading time\" \/>\n\t<meta name=\"twitter:data1\" content=\"1 minute\" \/>\n<script type=\"application\/ld+json\" class=\"yoast-schema-graph\">{\"@context\":\"https:\/\/schema.org\",\"@graph\":[{\"@type\":\"WebPage\",\"@id\":\"https:\/\/dev.monti.lt\/product\/didelis-leliu-namas-114-cm\/\",\"url\":\"https:\/\/dev.monti.lt\/product\/didelis-leliu-namas-114-cm\/\",\"name\":\"Didelis l\u0117li\u0173 namas 114 cm - Montessori \u017eaislai\",\"isPartOf\":{\"@id\":\"https:\/\/dev.monti.lt\/#website\"},\"primaryImageOfPage\":{\"@id\":\"https:\/\/dev.monti.lt\/product\/didelis-leliu-namas-114-cm\/#primaryimage\"},\"image\":{\"@id\":\"https:\/\/dev.monti.lt\/product\/didelis-leliu-namas-114-cm\/#primaryimage\"},\"thumbnailUrl\":\"https:\/\/dev.monti.lt\/wp-content\/uploads\/2023\/10\/lit_pl_Kruzzel-leliu-namelis-Didelis-leliu-namelis-114-cm-114-cm-16941_1.jpg\",\"datePublished\":\"2023-10-19T11:20:35+00:00\",\"dateModified\":\"2024-06-04T14:09:36+00:00\",\"breadcrumb\":{\"@id\":\"https:\/\/dev.monti.lt\/product\/didelis-leliu-namas-114-cm\/#breadcrumb\"},\"inLanguage\":\"en-US\",\"potentialAction\":[{\"@type\":\"ReadAction\",\"target\":[\"https:\/\/dev.monti.lt\/product\/didelis-leliu-namas-114-cm\/\"]}]},{\"@type\":\"ImageObject\",\"inLanguage\":\"en-US\",\"@id\":\"https:\/\/dev.monti.lt\/product\/didelis-leliu-namas-114-cm\/#primaryimage\",\"url\":\"https:\/\/dev.monti.lt\/wp-content\/uploads\/2023\/10\/lit_pl_Kruzzel-leliu-namelis-Didelis-leliu-namelis-114-cm-114-cm-16941_1.jpg\",\"contentUrl\":\"https:\/\/dev.monti.lt\/wp-content\/uploads\/2023\/10\/lit_pl_Kruzzel-leliu-namelis-Didelis-leliu-namelis-114-cm-114-cm-16941_1.jpg\",\"width\":500,\"height\":500,\"caption\":\"didelis leliu namas\"},{\"@type\":\"BreadcrumbList\",\"@id\":\"https:\/\/dev.monti.lt\/product\/didelis-leliu-namas-114-cm\/#breadcrumb\",\"itemListElement\":[{\"@type\":\"ListItem\",\"position\":1,\"name\":\"Home\",\"item\":\"https:\/\/dev.monti.lt\/\"},{\"@type\":\"ListItem\",\"position\":2,\"name\":\"Parduotuv\u0117\",\"item\":\"https:\/\/dev.monti.lt\/shop\/\"},{\"@type\":\"ListItem\",\"position\":3,\"name\":\"Didelis l\u0117li\u0173 namas 114 cm\"}]},{\"@type\":\"WebSite\",\"@id\":\"https:\/\/dev.monti.lt\/#website\",\"url\":\"https:\/\/dev.monti.lt\/\",\"name\":\"Montessori \u017eaislai\",\"description\":\"\",\"publisher\":{\"@id\":\"https:\/\/dev.monti.lt\/#organization\"},\"potentialAction\":[{\"@type\":\"SearchAction\",\"target\":{\"@type\":\"EntryPoint\",\"urlTemplate\":\"https:\/\/dev.monti.lt\/?s={search_term_string}\"},\"query-input\":\"required name=search_term_string\"}],\"inLanguage\":\"en-US\"},{\"@type\":\"Organization\",\"@id\":\"https:\/\/dev.monti.lt\/#organization\",\"name\":\"Montessori \u017eaislai\",\"url\":\"https:\/\/dev.monti.lt\/\",\"logo\":{\"@type\":\"ImageObject\",\"inLanguage\":\"en-US\",\"@id\":\"https:\/\/dev.monti.lt\/#\/schema\/logo\/image\/\",\"url\":\"https:\/\/dev.monti.lt\/wp-content\/uploads\/2022\/03\/montilogo-1.png\",\"contentUrl\":\"https:\/\/dev.monti.lt\/wp-content\/uploads\/2022\/03\/montilogo-1.png\",\"width\":512,\"height\":512,\"caption\":\"Montessori \u017eaislai\"},\"image\":{\"@id\":\"https:\/\/dev.monti.lt\/#\/schema\/logo\/image\/\"}}]}<\/script>\n<!-- \/ Yoast SEO plugin. -->","yoast_head_json":{"title":"Didelis l\u0117li\u0173 namas 114 cm - Montessori \u017eaislai","robots":{"index":"noindex","follow":"follow","max-snippet":"max-snippet:-1","max-image-preview":"max-image-preview:large","max-video-preview":"max-video-preview:-1"},"og_locale":"en_US","og_type":"article","og_title":"Didelis l\u0117li\u0173 namas 114 cm - Montessori \u017eaislai","og_description":"L\u0117li\u0173 namelis \u2013 tai ne tik \u017eaislas, bet ir vaik\u0173 vaizduot\u0119 bei k\u016brybi\u0161kum\u0105 lavinanti priemon\u0117. Vaikai gali kurti savo istorijas, tvarkyti interjerus ir apsimesti, kad j\u0173 l\u0117l\u0117s veda kasdien\u012f gyvenim\u0105. Tai puikus b\u016bdas lavinti tarpasmeninius \u012fg\u016bd\u017eius, su\u017einoti apie kasdien\u012f gyvenim\u0105 ir lavinti planavimo bei organizavimo \u012fg\u016bd\u017eius.","og_url":"https:\/\/dev.monti.lt\/en\/product\/didelis-leliu-namas-114-cm\/","og_site_name":"Montessori \u017eaislai","article_modified_time":"2024-06-04T14:09:36+00:00","og_image":[{"width":500,"height":500,"url":"https:\/\/dev.monti.lt\/wp-content\/uploads\/2023\/10\/lit_pl_Kruzzel-leliu-namelis-Didelis-leliu-namelis-114-cm-114-cm-16941_1.jpg","type":"image\/jpeg"}],"twitter_card":"summary_large_image","twitter_misc":{"Est. reading time":"1 minute"},"schema":{"@context":"https:\/\/schema.org","@graph":[{"@type":"WebPage","@id":"https:\/\/dev.monti.lt\/product\/didelis-leliu-namas-114-cm\/","url":"https:\/\/dev.monti.lt\/product\/didelis-leliu-namas-114-cm\/","name":"Didelis l\u0117li\u0173 namas 114 cm - Montessori \u017eaislai","isPartOf":{"@id":"https:\/\/dev.monti.lt\/#website"},"primaryImageOfPage":{"@id":"https:\/\/dev.monti.lt\/product\/didelis-leliu-namas-114-cm\/#primaryimage"},"image":{"@id":"https:\/\/dev.monti.lt\/product\/didelis-leliu-namas-114-cm\/#primaryimage"},"thumbnailUrl":"https:\/\/dev.monti.lt\/wp-content\/uploads\/2023\/10\/lit_pl_Kruzzel-leliu-namelis-Didelis-leliu-namelis-114-cm-114-cm-16941_1.jpg","datePublished":"2023-10-19T11:20:35+00:00","dateModified":"2024-06-04T14:09:36+00:00","breadcrumb":{"@id":"https:\/\/dev.monti.lt\/product\/didelis-leliu-namas-114-cm\/#breadcrumb"},"inLanguage":"en-US","potentialAction":[{"@type":"ReadAction","target":["https:\/\/dev.monti.lt\/product\/didelis-leliu-namas-114-cm\/"]}]},{"@type":"ImageObject","inLanguage":"en-US","@id":"https:\/\/dev.monti.lt\/product\/didelis-leliu-namas-114-cm\/#primaryimage","url":"https:\/\/dev.monti.lt\/wp-content\/uploads\/2023\/10\/lit_pl_Kruzzel-leliu-namelis-Didelis-leliu-namelis-114-cm-114-cm-16941_1.jpg","contentUrl":"https:\/\/dev.monti.lt\/wp-content\/uploads\/2023\/10\/lit_pl_Kruzzel-leliu-namelis-Didelis-leliu-namelis-114-cm-114-cm-16941_1.jpg","width":500,"height":500,"caption":"didelis leliu namas"},{"@type":"BreadcrumbList","@id":"https:\/\/dev.monti.lt\/product\/didelis-leliu-namas-114-cm\/#breadcrumb","itemListElement":[{"@type":"ListItem","position":1,"name":"Home","item":"https:\/\/dev.monti.lt\/"},{"@type":"ListItem","position":2,"name":"Parduotuv\u0117","item":"https:\/\/dev.monti.lt\/shop\/"},{"@type":"ListItem","position":3,"name":"Didelis l\u0117li\u0173 namas 114 cm"}]},{"@type":"WebSite","@id":"https:\/\/dev.monti.lt\/#website","url":"https:\/\/dev.monti.lt\/","name":"Montessori \u017eaislai","description":"","publisher":{"@id":"https:\/\/dev.monti.lt\/#organization"},"potentialAction":[{"@type":"SearchAction","target":{"@type":"EntryPoint","urlTemplate":"https:\/\/dev.monti.lt\/?s={search_term_string}"},"query-input":"required name=search_term_string"}],"inLanguage":"en-US"},{"@type":"Organization","@id":"https:\/\/dev.monti.lt\/#organization","name":"Montessori \u017eaislai","url":"https:\/\/dev.monti.lt\/","logo":{"@type":"ImageObject","inLanguage":"en-US","@id":"https:\/\/dev.monti.lt\/#\/schema\/logo\/image\/","url":"https:\/\/dev.monti.lt\/wp-content\/uploads\/2022\/03\/montilogo-1.png","contentUrl":"https:\/\/dev.monti.lt\/wp-content\/uploads\/2022\/03\/montilogo-1.png","width":512,"height":512,"caption":"Montessori \u017eaislai"},"image":{"@id":"https:\/\/dev.monti.lt\/#\/schema\/logo\/image\/"}}]}},"_links":{"self":[{"href":"https:\/\/dev.monti.lt\/en\/wp-json\/wp\/v2\/product\/18459"}],"collection":[{"href":"https:\/\/dev.monti.lt\/en\/wp-json\/wp\/v2\/product"}],"about":[{"href":"https:\/\/dev.monti.lt\/en\/wp-json\/wp\/v2\/types\/product"}],"version-history":[{"count":3,"href":"https:\/\/dev.monti.lt\/en\/wp-json\/wp\/v2\/product\/18459\/revisions"}],"predecessor-version":[{"id":19202,"href":"https:\/\/dev.monti.lt\/en\/wp-json\/wp\/v2\/product\/18459\/revisions\/19202"}],"wp:featuredmedia":[{"embeddable":true,"href":"https:\/\/dev.monti.lt\/en\/wp-json\/wp\/v2\/media\/18460"}],"wp:attachment":[{"href":"https:\/\/dev.monti.lt\/en\/wp-json\/wp\/v2\/media?parent=18459"}],"wp:term":[{"taxonomy":"product_cat","embeddable":true,"href":"https:\/\/dev.monti.lt\/en\/wp-json\/wp\/v2\/product_cat?post=18459"},{"taxonomy":"product_tag","embeddable":true,"href":"https:\/\/dev.monti.lt\/en\/wp-json\/wp\/v2\/product_tag?post=18459"}],"curies":[{"name":"wp","href":"https:\/\/api.w.org\/{rel}","templated":true}]}}