{"id":18373,"date":"2023-10-17T08:39:28","date_gmt":"2023-10-17T08:39:28","guid":{"rendered":"https:\/\/dev.monti.lt\/?post_type=product&#038;p=18373"},"modified":"2024-09-06T21:02:11","modified_gmt":"2024-09-06T21:02:11","slug":"magnetuku-rinkinys-raides-26-vnt","status":"publish","type":"product","link":"https:\/\/dev.monti.lt\/en\/product\/magnetuku-rinkinys-raides-26-vnt\/","title":{"rendered":"Magnetuk\u0173 rinkinys, raid\u0117s 26 vnt."},"content":{"rendered":"<p>\u2705 \u0160is ab\u0117c\u0117l\u0117s magnet\u0173 rinkinys turi skirtingus gyv\u016bn\u0173 dizainus.<br>Leid\u017eia vaikams atpa\u017einti \u012fvairi\u0173 gyv\u016bn\u0173 formas ir mokytis \u017eod\u017ei\u0173 ra\u0161ybos, \u012fsimenant angli\u0161kus \u017eod\u017eius. Jis gali skatinti vaik\u0173 k\u016brybi\u0161kum\u0105 ir skatinti koordinuot\u0105 ankstyv\u0105j\u012f ugdym\u0105. Jis taip pat gali b\u016bti naudojamas kaip \u012fdomi mokymo priemon\u0117 ankstyvajam ugdymui.<\/p><p>\u2705 PUIKI DOVANA VAIKAMS<br>Magnetinis ABC raid\u017ei\u0173 rinkinys su gyv\u016bnais yra viena geriausi\u0173 gimtadienio ar Kal\u0117d\u0173 dovan\u0173 berniukams ir mergait\u0117ms nuo 3 met\u0173. Tai taip pat vienas geriausi\u0173 \u017eaisl\u0173 dar\u017eelinukams, kuriuos mokytojai ar t\u0117vai gali dovanoti vaikams. Vaikams patiks \u0161is mielas ir prasmingas ab\u0117c\u0117l\u0117s magnetuk\u0173 rinkinys su gyv\u016bnais.<\/p><p>\u2705 MATMENYS<br>Magnetai yra labai dideli ir tikrai bus patog\u016bs naudoti.<\/p><p>Viskas supakuota \u012f gra\u017ei\u0105 kartonin\u0119 d\u0117\u017eut\u0119 &#8211; idealiai tinka dovanai<\/p>","protected":false},"excerpt":{"rendered":"<p>\u2705 \u0160is ab\u0117c\u0117l\u0117s magnet\u0173 rinkinys turi skirtingus gyv\u016bn\u0173 dizainus.Leid\u017eia vaikams atpa\u017einti \u012fvairi\u0173 gyv\u016bn\u0173 formas ir mokytis \u017eod\u017ei\u0173 ra\u0161ybos, \u012fsimenant angli\u0161kus \u017eod\u017eius. Jis gali skatinti vaik\u0173 k\u016brybi\u0161kum\u0105 ir skatinti koordinuot\u0105 ankstyv\u0105j\u012f ugdym\u0105. Jis taip pat gali b\u016bti naudojamas kaip \u012fdomi mokymo priemon\u0117 ankstyvajam ugdymui. \u2705 PUIKI DOVANA VAIKAMSMagnetinis ABC raid\u017ei\u0173 rinkinys su gyv\u016bnais yra viena geriausi\u0173 [&hellip;]<\/p>","protected":false},"featured_media":18374,"template":"","meta":{"iawp_total_views":74},"product_cat":[84,90,86,199,49,39],"product_tag":[95,96,97,98],"class_list":{"0":"post-18373","1":"product","2":"type-product","3":"status-publish","4":"has-post-thumbnail","6":"product_cat-lavinamieji-zaislai","7":"product_cat-pasaulio-pazinimas","8":"product_cat-smulkioji-motorika","9":"product_cat-ugdymo-istaigoms","10":"product_cat-visi-zaislai","11":"product_cat-zaislai","12":"product_tag-1-m-2-m","13":"product_tag-2-m-3-m","14":"product_tag-3-m-4-m","15":"product_tag-5-m-7-m","17":"first","18":"instock","19":"taxable","20":"shipping-taxable","21":"purchasable","22":"product-type-simple"},"yoast_head":"<!-- This site is optimized with the Yoast SEO plugin v23.3 - https:\/\/yoast.com\/wordpress\/plugins\/seo\/ -->\n<title>Magnetuk\u0173 rinkinys, raid\u0117s 26 vnt. - Montessori \u017eaislai<\/title>\n<meta name=\"robots\" content=\"noindex, follow, max-snippet:-1, max-image-preview:large, max-video-preview:-1\" \/>\n<meta property=\"og:locale\" content=\"en_US\" \/>\n<meta property=\"og:type\" content=\"article\" \/>\n<meta property=\"og:title\" content=\"Magnetuk\u0173 rinkinys, raid\u0117s 26 vnt. - Montessori \u017eaislai\" \/>\n<meta property=\"og:description\" content=\"\u2705 \u0160is ab\u0117c\u0117l\u0117s magnet\u0173 rinkinys turi skirtingus gyv\u016bn\u0173 dizainus.Leid\u017eia vaikams atpa\u017einti \u012fvairi\u0173 gyv\u016bn\u0173 formas ir mokytis \u017eod\u017ei\u0173 ra\u0161ybos, \u012fsimenant angli\u0161kus \u017eod\u017eius. Jis gali skatinti vaik\u0173 k\u016brybi\u0161kum\u0105 ir skatinti koordinuot\u0105 ankstyv\u0105j\u012f ugdym\u0105. Jis taip pat gali b\u016bti naudojamas kaip \u012fdomi mokymo priemon\u0117 ankstyvajam ugdymui. \u2705 PUIKI DOVANA VAIKAMSMagnetinis ABC raid\u017ei\u0173 rinkinys su gyv\u016bnais yra viena geriausi\u0173 [&hellip;]\" \/>\n<meta property=\"og:url\" content=\"https:\/\/dev.monti.lt\/en\/product\/magnetuku-rinkinys-raides-26-vnt\/\" \/>\n<meta property=\"og:site_name\" content=\"Montessori \u017eaislai\" \/>\n<meta property=\"article:modified_time\" content=\"2024-09-06T21:02:11+00:00\" \/>\n<meta property=\"og:image\" content=\"https:\/\/dev.monti.lt\/wp-content\/uploads\/2023\/10\/duze-magnesy-na-lodowke-alfabet-zwierzeta-26-szt.webp\" \/>\n\t<meta property=\"og:image:width\" content=\"800\" \/>\n\t<meta property=\"og:image:height\" content=\"800\" \/>\n\t<meta property=\"og:image:type\" content=\"image\/webp\" \/>\n<meta name=\"twitter:card\" content=\"summary_large_image\" \/>\n<meta name=\"twitter:label1\" content=\"Est. reading time\" \/>\n\t<meta name=\"twitter:data1\" content=\"1 minute\" \/>\n<script type=\"application\/ld+json\" class=\"yoast-schema-graph\">{\"@context\":\"https:\/\/schema.org\",\"@graph\":[{\"@type\":\"WebPage\",\"@id\":\"https:\/\/dev.monti.lt\/product\/magnetuku-rinkinys-raides-26-vnt\/\",\"url\":\"https:\/\/dev.monti.lt\/product\/magnetuku-rinkinys-raides-26-vnt\/\",\"name\":\"Magnetuk\u0173 rinkinys, raid\u0117s 26 vnt. - Montessori \u017eaislai\",\"isPartOf\":{\"@id\":\"https:\/\/dev.monti.lt\/#website\"},\"primaryImageOfPage\":{\"@id\":\"https:\/\/dev.monti.lt\/product\/magnetuku-rinkinys-raides-26-vnt\/#primaryimage\"},\"image\":{\"@id\":\"https:\/\/dev.monti.lt\/product\/magnetuku-rinkinys-raides-26-vnt\/#primaryimage\"},\"thumbnailUrl\":\"https:\/\/dev.monti.lt\/wp-content\/uploads\/2023\/10\/duze-magnesy-na-lodowke-alfabet-zwierzeta-26-szt.webp\",\"datePublished\":\"2023-10-17T08:39:28+00:00\",\"dateModified\":\"2024-09-06T21:02:11+00:00\",\"breadcrumb\":{\"@id\":\"https:\/\/dev.monti.lt\/product\/magnetuku-rinkinys-raides-26-vnt\/#breadcrumb\"},\"inLanguage\":\"en-US\",\"potentialAction\":[{\"@type\":\"ReadAction\",\"target\":[\"https:\/\/dev.monti.lt\/product\/magnetuku-rinkinys-raides-26-vnt\/\"]}]},{\"@type\":\"ImageObject\",\"inLanguage\":\"en-US\",\"@id\":\"https:\/\/dev.monti.lt\/product\/magnetuku-rinkinys-raides-26-vnt\/#primaryimage\",\"url\":\"https:\/\/dev.monti.lt\/wp-content\/uploads\/2023\/10\/duze-magnesy-na-lodowke-alfabet-zwierzeta-26-szt.webp\",\"contentUrl\":\"https:\/\/dev.monti.lt\/wp-content\/uploads\/2023\/10\/duze-magnesy-na-lodowke-alfabet-zwierzeta-26-szt.webp\",\"width\":800,\"height\":800,\"caption\":\"vaikiski magnetukai\"},{\"@type\":\"BreadcrumbList\",\"@id\":\"https:\/\/dev.monti.lt\/product\/magnetuku-rinkinys-raides-26-vnt\/#breadcrumb\",\"itemListElement\":[{\"@type\":\"ListItem\",\"position\":1,\"name\":\"Home\",\"item\":\"https:\/\/dev.monti.lt\/\"},{\"@type\":\"ListItem\",\"position\":2,\"name\":\"Parduotuv\u0117\",\"item\":\"https:\/\/dev.monti.lt\/shop\/\"},{\"@type\":\"ListItem\",\"position\":3,\"name\":\"Magnetuk\u0173 rinkinys, raid\u0117s 26 vnt.\"}]},{\"@type\":\"WebSite\",\"@id\":\"https:\/\/dev.monti.lt\/#website\",\"url\":\"https:\/\/dev.monti.lt\/\",\"name\":\"Montessori \u017eaislai\",\"description\":\"\",\"publisher\":{\"@id\":\"https:\/\/dev.monti.lt\/#organization\"},\"potentialAction\":[{\"@type\":\"SearchAction\",\"target\":{\"@type\":\"EntryPoint\",\"urlTemplate\":\"https:\/\/dev.monti.lt\/?s={search_term_string}\"},\"query-input\":\"required name=search_term_string\"}],\"inLanguage\":\"en-US\"},{\"@type\":\"Organization\",\"@id\":\"https:\/\/dev.monti.lt\/#organization\",\"name\":\"Montessori \u017eaislai\",\"url\":\"https:\/\/dev.monti.lt\/\",\"logo\":{\"@type\":\"ImageObject\",\"inLanguage\":\"en-US\",\"@id\":\"https:\/\/dev.monti.lt\/#\/schema\/logo\/image\/\",\"url\":\"https:\/\/dev.monti.lt\/wp-content\/uploads\/2022\/03\/montilogo-1.png\",\"contentUrl\":\"https:\/\/dev.monti.lt\/wp-content\/uploads\/2022\/03\/montilogo-1.png\",\"width\":512,\"height\":512,\"caption\":\"Montessori \u017eaislai\"},\"image\":{\"@id\":\"https:\/\/dev.monti.lt\/#\/schema\/logo\/image\/\"}}]}<\/script>\n<!-- \/ Yoast SEO plugin. -->","yoast_head_json":{"title":"Magnetuk\u0173 rinkinys, raid\u0117s 26 vnt. - Montessori \u017eaislai","robots":{"index":"noindex","follow":"follow","max-snippet":"max-snippet:-1","max-image-preview":"max-image-preview:large","max-video-preview":"max-video-preview:-1"},"og_locale":"en_US","og_type":"article","og_title":"Magnetuk\u0173 rinkinys, raid\u0117s 26 vnt. - Montessori \u017eaislai","og_description":"\u2705 \u0160is ab\u0117c\u0117l\u0117s magnet\u0173 rinkinys turi skirtingus gyv\u016bn\u0173 dizainus.Leid\u017eia vaikams atpa\u017einti \u012fvairi\u0173 gyv\u016bn\u0173 formas ir mokytis \u017eod\u017ei\u0173 ra\u0161ybos, \u012fsimenant angli\u0161kus \u017eod\u017eius. Jis gali skatinti vaik\u0173 k\u016brybi\u0161kum\u0105 ir skatinti koordinuot\u0105 ankstyv\u0105j\u012f ugdym\u0105. Jis taip pat gali b\u016bti naudojamas kaip \u012fdomi mokymo priemon\u0117 ankstyvajam ugdymui. \u2705 PUIKI DOVANA VAIKAMSMagnetinis ABC raid\u017ei\u0173 rinkinys su gyv\u016bnais yra viena geriausi\u0173 [&hellip;]","og_url":"https:\/\/dev.monti.lt\/en\/product\/magnetuku-rinkinys-raides-26-vnt\/","og_site_name":"Montessori \u017eaislai","article_modified_time":"2024-09-06T21:02:11+00:00","og_image":[{"width":800,"height":800,"url":"https:\/\/dev.monti.lt\/wp-content\/uploads\/2023\/10\/duze-magnesy-na-lodowke-alfabet-zwierzeta-26-szt.webp","type":"image\/webp"}],"twitter_card":"summary_large_image","twitter_misc":{"Est. reading time":"1 minute"},"schema":{"@context":"https:\/\/schema.org","@graph":[{"@type":"WebPage","@id":"https:\/\/dev.monti.lt\/product\/magnetuku-rinkinys-raides-26-vnt\/","url":"https:\/\/dev.monti.lt\/product\/magnetuku-rinkinys-raides-26-vnt\/","name":"Magnetuk\u0173 rinkinys, raid\u0117s 26 vnt. - Montessori \u017eaislai","isPartOf":{"@id":"https:\/\/dev.monti.lt\/#website"},"primaryImageOfPage":{"@id":"https:\/\/dev.monti.lt\/product\/magnetuku-rinkinys-raides-26-vnt\/#primaryimage"},"image":{"@id":"https:\/\/dev.monti.lt\/product\/magnetuku-rinkinys-raides-26-vnt\/#primaryimage"},"thumbnailUrl":"https:\/\/dev.monti.lt\/wp-content\/uploads\/2023\/10\/duze-magnesy-na-lodowke-alfabet-zwierzeta-26-szt.webp","datePublished":"2023-10-17T08:39:28+00:00","dateModified":"2024-09-06T21:02:11+00:00","breadcrumb":{"@id":"https:\/\/dev.monti.lt\/product\/magnetuku-rinkinys-raides-26-vnt\/#breadcrumb"},"inLanguage":"en-US","potentialAction":[{"@type":"ReadAction","target":["https:\/\/dev.monti.lt\/product\/magnetuku-rinkinys-raides-26-vnt\/"]}]},{"@type":"ImageObject","inLanguage":"en-US","@id":"https:\/\/dev.monti.lt\/product\/magnetuku-rinkinys-raides-26-vnt\/#primaryimage","url":"https:\/\/dev.monti.lt\/wp-content\/uploads\/2023\/10\/duze-magnesy-na-lodowke-alfabet-zwierzeta-26-szt.webp","contentUrl":"https:\/\/dev.monti.lt\/wp-content\/uploads\/2023\/10\/duze-magnesy-na-lodowke-alfabet-zwierzeta-26-szt.webp","width":800,"height":800,"caption":"vaikiski magnetukai"},{"@type":"BreadcrumbList","@id":"https:\/\/dev.monti.lt\/product\/magnetuku-rinkinys-raides-26-vnt\/#breadcrumb","itemListElement":[{"@type":"ListItem","position":1,"name":"Home","item":"https:\/\/dev.monti.lt\/"},{"@type":"ListItem","position":2,"name":"Parduotuv\u0117","item":"https:\/\/dev.monti.lt\/shop\/"},{"@type":"ListItem","position":3,"name":"Magnetuk\u0173 rinkinys, raid\u0117s 26 vnt."}]},{"@type":"WebSite","@id":"https:\/\/dev.monti.lt\/#website","url":"https:\/\/dev.monti.lt\/","name":"Montessori \u017eaislai","description":"","publisher":{"@id":"https:\/\/dev.monti.lt\/#organization"},"potentialAction":[{"@type":"SearchAction","target":{"@type":"EntryPoint","urlTemplate":"https:\/\/dev.monti.lt\/?s={search_term_string}"},"query-input":"required name=search_term_string"}],"inLanguage":"en-US"},{"@type":"Organization","@id":"https:\/\/dev.monti.lt\/#organization","name":"Montessori \u017eaislai","url":"https:\/\/dev.monti.lt\/","logo":{"@type":"ImageObject","inLanguage":"en-US","@id":"https:\/\/dev.monti.lt\/#\/schema\/logo\/image\/","url":"https:\/\/dev.monti.lt\/wp-content\/uploads\/2022\/03\/montilogo-1.png","contentUrl":"https:\/\/dev.monti.lt\/wp-content\/uploads\/2022\/03\/montilogo-1.png","width":512,"height":512,"caption":"Montessori \u017eaislai"},"image":{"@id":"https:\/\/dev.monti.lt\/#\/schema\/logo\/image\/"}}]}},"_links":{"self":[{"href":"https:\/\/dev.monti.lt\/en\/wp-json\/wp\/v2\/product\/18373"}],"collection":[{"href":"https:\/\/dev.monti.lt\/en\/wp-json\/wp\/v2\/product"}],"about":[{"href":"https:\/\/dev.monti.lt\/en\/wp-json\/wp\/v2\/types\/product"}],"version-history":[{"count":1,"href":"https:\/\/dev.monti.lt\/en\/wp-json\/wp\/v2\/product\/18373\/revisions"}],"predecessor-version":[{"id":18379,"href":"https:\/\/dev.monti.lt\/en\/wp-json\/wp\/v2\/product\/18373\/revisions\/18379"}],"wp:featuredmedia":[{"embeddable":true,"href":"https:\/\/dev.monti.lt\/en\/wp-json\/wp\/v2\/media\/18374"}],"wp:attachment":[{"href":"https:\/\/dev.monti.lt\/en\/wp-json\/wp\/v2\/media?parent=18373"}],"wp:term":[{"taxonomy":"product_cat","embeddable":true,"href":"https:\/\/dev.monti.lt\/en\/wp-json\/wp\/v2\/product_cat?post=18373"},{"taxonomy":"product_tag","embeddable":true,"href":"https:\/\/dev.monti.lt\/en\/wp-json\/wp\/v2\/product_tag?post=18373"}],"curies":[{"name":"wp","href":"https:\/\/api.w.org\/{rel}","templated":true}]}}