{"id":18370,"date":"2023-10-17T08:30:10","date_gmt":"2023-10-17T08:30:10","guid":{"rendered":"https:\/\/dev.monti.lt\/?post_type=product&#038;p=18370"},"modified":"2024-10-05T12:58:59","modified_gmt":"2024-10-05T12:58:59","slug":"magnetuku-rinkinys-40-vnt","status":"publish","type":"product","link":"https:\/\/dev.monti.lt\/en\/product\/magnetuku-rinkinys-40-vnt\/","title":{"rendered":"Magnetuk\u0173 rinkinys, 40 vnt."},"content":{"rendered":"<p>\u2b50 DIDELI \u0160ALDYTUVO MAGNETAI GYV\u016aNAI 40 VNT. SKARDIN\u0116JE<br>Gyv\u016bnai magnetukai \u0161aldytuvui 40 vnt. skardin\u0117je &#8211; puikus gaminys, kuris ne tik i\u0161mokys j\u016bs\u0173 vaik\u0105 angli\u0161k\u0173 gyv\u016bn\u0173 pavadinim\u0173, bet ir suteiks \u017eavesio j\u016bs\u0173 virtuvei:). I\u0161 auk\u0161tos kokyb\u0117s med\u017eiag\u0173 pagamintuose magnetukuose pavaizduoti \u012fvair\u016bs gyv\u016bnai su apra\u0161ymais angl\u0173 kalba.<br><\/p><p>Dekoratyviniai \u0161aldytuvo magnetai<br>Magnetai kortel\u0117ms, nuotraukoms, u\u017era\u0161ams ar pie\u0161iniams pritvirtinti.<br>Skirti \u017eaisti<br>Angl\u0173 kalbos mokymuisi<br>Gyv\u016bn\u0173 pavadinimams ir j\u0173 gyvenamosioms vietoms mokytis<br>nuo ma\u017eens lavinti vaiko rank\u0173 darbo \u012fg\u016bd\u017eius<\/p><p>\u2705 40 VNT. UNIKAL\u016aS GYV\u016aN\u0172 MAGNETUKAI<br>Laukiniai gyv\u016bnai &#8211; 13 vnt. &#8211; triu\u0161is, be\u017ed\u017eion\u0117, \u0161iaur\u0117s elnias, \u016bdra, koala, vover\u0117, zebras, lap\u0117, me\u0161k\u0117nas, li\u016btas, dramblys, lokys ir \u017eirafa<br>Dinozaurai &#8211; 6 vnt. &#8211; krokodilas (J), trikeratopsas, ankilozauras, T-reksas, brachiozauras, pterodaktilis<br>\u016akiniai gyv\u016bnai &#8211; 8 vnt. &#8211; kiaul\u0117, \u0161uo, avis, kat\u0117, pauk\u0161tis, vi\u0161ta, drugelis, sraig\u0117<br>Vandenyno gyv\u016bnai &#8211; 6 vnt. &#8211; delfinas, a\u0161tuonkojis, \u017euvis, p\u016bslin\u0117, banginis, med\u016bza<br>Vandens gyv\u016bnai &#8211; 7 vnt. &#8211; moliuskas, kalmaras, kalmaras, krabas, j\u016br\u0173 arkliukas, j\u016br\u0173 \u017evaig\u017ed\u0117, j\u016br\u0173 v\u0117\u017elys, morsas, v\u0117\u017elys<\/p><p>\u2705 MATMENYS<br>Linksmi, spalvingi gyv\u016bnai yra puiki j\u016bs\u0173 \u0161aldytuvo puo\u0161mena, labai d\u017eiuginanti vaikus! Leiskite savo vaikui ugdyti pagrindines \u017einias apie gamt\u0105.<\/p><p>Pakuot\u0117s matmenys (metalin\u0117 skarda): Dydis (matmenys): 19 x 14 x 4 cm<\/p><p>Gyv\u016bn\u0173 matmenys: ma\u017edaug 6 x 6 cm<\/p><p>Am\u017eius: 3+<\/p><p>Svoris: 0,4 kg<\/p>","protected":false},"excerpt":{"rendered":"<p>\u2b50 DIDELI \u0160ALDYTUVO MAGNETAI GYV\u016aNAI 40 VNT. SKARDIN\u0116JEGyv\u016bnai magnetukai \u0161aldytuvui 40 vnt. skardin\u0117je &#8211; puikus gaminys, kuris ne tik i\u0161mokys j\u016bs\u0173 vaik\u0105 angli\u0161k\u0173 gyv\u016bn\u0173 pavadinim\u0173, bet ir suteiks \u017eavesio j\u016bs\u0173 virtuvei:). I\u0161 auk\u0161tos kokyb\u0117s med\u017eiag\u0173 pagamintuose magnetukuose pavaizduoti \u012fvair\u016bs gyv\u016bnai su apra\u0161ymais angl\u0173 kalba. Dekoratyviniai \u0161aldytuvo magnetaiMagnetai kortel\u0117ms, nuotraukoms, u\u017era\u0161ams ar pie\u0161iniams pritvirtinti.Skirti \u017eaistiAngl\u0173 kalbos [&hellip;]<\/p>","protected":false},"featured_media":18371,"template":"","meta":{"iawp_total_views":263},"product_cat":[82,84,90,86,49,39],"product_tag":[96,97],"class_list":{"0":"post-18370","1":"product","2":"type-product","3":"status-publish","4":"has-post-thumbnail","6":"product_cat-ispardavimas","7":"product_cat-lavinamieji-zaislai","8":"product_cat-pasaulio-pazinimas","9":"product_cat-smulkioji-motorika","10":"product_cat-visi-zaislai","11":"product_cat-zaislai","12":"product_tag-2-m-3-m","13":"product_tag-3-m-4-m","15":"first","16":"instock","17":"sale","18":"taxable","19":"shipping-taxable","20":"purchasable","21":"product-type-simple"},"yoast_head":"<!-- This site is optimized with the Yoast SEO plugin v23.3 - https:\/\/yoast.com\/wordpress\/plugins\/seo\/ -->\n<title>Magnetuk\u0173 rinkinys, 40 vnt. - Montessori \u017eaislai<\/title>\n<meta name=\"robots\" content=\"noindex, follow, max-snippet:-1, max-image-preview:large, max-video-preview:-1\" \/>\n<meta property=\"og:locale\" content=\"en_US\" \/>\n<meta property=\"og:type\" content=\"article\" \/>\n<meta property=\"og:title\" content=\"Magnetuk\u0173 rinkinys, 40 vnt. - Montessori \u017eaislai\" \/>\n<meta property=\"og:description\" content=\"\u2b50 DIDELI \u0160ALDYTUVO MAGNETAI GYV\u016aNAI 40 VNT. SKARDIN\u0116JEGyv\u016bnai magnetukai \u0161aldytuvui 40 vnt. skardin\u0117je &#8211; puikus gaminys, kuris ne tik i\u0161mokys j\u016bs\u0173 vaik\u0105 angli\u0161k\u0173 gyv\u016bn\u0173 pavadinim\u0173, bet ir suteiks \u017eavesio j\u016bs\u0173 virtuvei:). I\u0161 auk\u0161tos kokyb\u0117s med\u017eiag\u0173 pagamintuose magnetukuose pavaizduoti \u012fvair\u016bs gyv\u016bnai su apra\u0161ymais angl\u0173 kalba. Dekoratyviniai \u0161aldytuvo magnetaiMagnetai kortel\u0117ms, nuotraukoms, u\u017era\u0161ams ar pie\u0161iniams pritvirtinti.Skirti \u017eaistiAngl\u0173 kalbos [&hellip;]\" \/>\n<meta property=\"og:url\" content=\"https:\/\/dev.monti.lt\/en\/product\/magnetuku-rinkinys-40-vnt\/\" \/>\n<meta property=\"og:site_name\" content=\"Montessori \u017eaislai\" \/>\n<meta property=\"article:modified_time\" content=\"2024-10-05T12:58:59+00:00\" \/>\n<meta property=\"og:image\" content=\"https:\/\/dev.monti.lt\/wp-content\/uploads\/2023\/10\/magnesy-na-lodowke-zwierzeta-40-szt-w-puszce.webp\" \/>\n\t<meta property=\"og:image:width\" content=\"800\" \/>\n\t<meta property=\"og:image:height\" content=\"800\" \/>\n\t<meta property=\"og:image:type\" content=\"image\/webp\" \/>\n<meta name=\"twitter:card\" content=\"summary_large_image\" \/>\n<meta name=\"twitter:label1\" content=\"Est. reading time\" \/>\n\t<meta name=\"twitter:data1\" content=\"1 minute\" \/>\n<script type=\"application\/ld+json\" class=\"yoast-schema-graph\">{\"@context\":\"https:\/\/schema.org\",\"@graph\":[{\"@type\":\"WebPage\",\"@id\":\"https:\/\/dev.monti.lt\/product\/magnetuku-rinkinys-40-vnt\/\",\"url\":\"https:\/\/dev.monti.lt\/product\/magnetuku-rinkinys-40-vnt\/\",\"name\":\"Magnetuk\u0173 rinkinys, 40 vnt. - Montessori \u017eaislai\",\"isPartOf\":{\"@id\":\"https:\/\/dev.monti.lt\/#website\"},\"primaryImageOfPage\":{\"@id\":\"https:\/\/dev.monti.lt\/product\/magnetuku-rinkinys-40-vnt\/#primaryimage\"},\"image\":{\"@id\":\"https:\/\/dev.monti.lt\/product\/magnetuku-rinkinys-40-vnt\/#primaryimage\"},\"thumbnailUrl\":\"https:\/\/dev.monti.lt\/wp-content\/uploads\/2023\/10\/magnesy-na-lodowke-zwierzeta-40-szt-w-puszce.webp\",\"datePublished\":\"2023-10-17T08:30:10+00:00\",\"dateModified\":\"2024-10-05T12:58:59+00:00\",\"breadcrumb\":{\"@id\":\"https:\/\/dev.monti.lt\/product\/magnetuku-rinkinys-40-vnt\/#breadcrumb\"},\"inLanguage\":\"en-US\",\"potentialAction\":[{\"@type\":\"ReadAction\",\"target\":[\"https:\/\/dev.monti.lt\/product\/magnetuku-rinkinys-40-vnt\/\"]}]},{\"@type\":\"ImageObject\",\"inLanguage\":\"en-US\",\"@id\":\"https:\/\/dev.monti.lt\/product\/magnetuku-rinkinys-40-vnt\/#primaryimage\",\"url\":\"https:\/\/dev.monti.lt\/wp-content\/uploads\/2023\/10\/magnesy-na-lodowke-zwierzeta-40-szt-w-puszce.webp\",\"contentUrl\":\"https:\/\/dev.monti.lt\/wp-content\/uploads\/2023\/10\/magnesy-na-lodowke-zwierzeta-40-szt-w-puszce.webp\",\"width\":800,\"height\":800,\"caption\":\"magnetukai vaikams\"},{\"@type\":\"BreadcrumbList\",\"@id\":\"https:\/\/dev.monti.lt\/product\/magnetuku-rinkinys-40-vnt\/#breadcrumb\",\"itemListElement\":[{\"@type\":\"ListItem\",\"position\":1,\"name\":\"Home\",\"item\":\"https:\/\/dev.monti.lt\/\"},{\"@type\":\"ListItem\",\"position\":2,\"name\":\"Parduotuv\u0117\",\"item\":\"https:\/\/dev.monti.lt\/shop\/\"},{\"@type\":\"ListItem\",\"position\":3,\"name\":\"Magnetuk\u0173 rinkinys, 40 vnt.\"}]},{\"@type\":\"WebSite\",\"@id\":\"https:\/\/dev.monti.lt\/#website\",\"url\":\"https:\/\/dev.monti.lt\/\",\"name\":\"Montessori \u017eaislai\",\"description\":\"\",\"publisher\":{\"@id\":\"https:\/\/dev.monti.lt\/#organization\"},\"potentialAction\":[{\"@type\":\"SearchAction\",\"target\":{\"@type\":\"EntryPoint\",\"urlTemplate\":\"https:\/\/dev.monti.lt\/?s={search_term_string}\"},\"query-input\":\"required name=search_term_string\"}],\"inLanguage\":\"en-US\"},{\"@type\":\"Organization\",\"@id\":\"https:\/\/dev.monti.lt\/#organization\",\"name\":\"Montessori \u017eaislai\",\"url\":\"https:\/\/dev.monti.lt\/\",\"logo\":{\"@type\":\"ImageObject\",\"inLanguage\":\"en-US\",\"@id\":\"https:\/\/dev.monti.lt\/#\/schema\/logo\/image\/\",\"url\":\"https:\/\/dev.monti.lt\/wp-content\/uploads\/2022\/03\/montilogo-1.png\",\"contentUrl\":\"https:\/\/dev.monti.lt\/wp-content\/uploads\/2022\/03\/montilogo-1.png\",\"width\":512,\"height\":512,\"caption\":\"Montessori \u017eaislai\"},\"image\":{\"@id\":\"https:\/\/dev.monti.lt\/#\/schema\/logo\/image\/\"}}]}<\/script>\n<!-- \/ Yoast SEO plugin. -->","yoast_head_json":{"title":"Magnetuk\u0173 rinkinys, 40 vnt. - Montessori \u017eaislai","robots":{"index":"noindex","follow":"follow","max-snippet":"max-snippet:-1","max-image-preview":"max-image-preview:large","max-video-preview":"max-video-preview:-1"},"og_locale":"en_US","og_type":"article","og_title":"Magnetuk\u0173 rinkinys, 40 vnt. - Montessori \u017eaislai","og_description":"\u2b50 DIDELI \u0160ALDYTUVO MAGNETAI GYV\u016aNAI 40 VNT. SKARDIN\u0116JEGyv\u016bnai magnetukai \u0161aldytuvui 40 vnt. skardin\u0117je &#8211; puikus gaminys, kuris ne tik i\u0161mokys j\u016bs\u0173 vaik\u0105 angli\u0161k\u0173 gyv\u016bn\u0173 pavadinim\u0173, bet ir suteiks \u017eavesio j\u016bs\u0173 virtuvei:). I\u0161 auk\u0161tos kokyb\u0117s med\u017eiag\u0173 pagamintuose magnetukuose pavaizduoti \u012fvair\u016bs gyv\u016bnai su apra\u0161ymais angl\u0173 kalba. Dekoratyviniai \u0161aldytuvo magnetaiMagnetai kortel\u0117ms, nuotraukoms, u\u017era\u0161ams ar pie\u0161iniams pritvirtinti.Skirti \u017eaistiAngl\u0173 kalbos [&hellip;]","og_url":"https:\/\/dev.monti.lt\/en\/product\/magnetuku-rinkinys-40-vnt\/","og_site_name":"Montessori \u017eaislai","article_modified_time":"2024-10-05T12:58:59+00:00","og_image":[{"width":800,"height":800,"url":"https:\/\/dev.monti.lt\/wp-content\/uploads\/2023\/10\/magnesy-na-lodowke-zwierzeta-40-szt-w-puszce.webp","type":"image\/webp"}],"twitter_card":"summary_large_image","twitter_misc":{"Est. reading time":"1 minute"},"schema":{"@context":"https:\/\/schema.org","@graph":[{"@type":"WebPage","@id":"https:\/\/dev.monti.lt\/product\/magnetuku-rinkinys-40-vnt\/","url":"https:\/\/dev.monti.lt\/product\/magnetuku-rinkinys-40-vnt\/","name":"Magnetuk\u0173 rinkinys, 40 vnt. - Montessori \u017eaislai","isPartOf":{"@id":"https:\/\/dev.monti.lt\/#website"},"primaryImageOfPage":{"@id":"https:\/\/dev.monti.lt\/product\/magnetuku-rinkinys-40-vnt\/#primaryimage"},"image":{"@id":"https:\/\/dev.monti.lt\/product\/magnetuku-rinkinys-40-vnt\/#primaryimage"},"thumbnailUrl":"https:\/\/dev.monti.lt\/wp-content\/uploads\/2023\/10\/magnesy-na-lodowke-zwierzeta-40-szt-w-puszce.webp","datePublished":"2023-10-17T08:30:10+00:00","dateModified":"2024-10-05T12:58:59+00:00","breadcrumb":{"@id":"https:\/\/dev.monti.lt\/product\/magnetuku-rinkinys-40-vnt\/#breadcrumb"},"inLanguage":"en-US","potentialAction":[{"@type":"ReadAction","target":["https:\/\/dev.monti.lt\/product\/magnetuku-rinkinys-40-vnt\/"]}]},{"@type":"ImageObject","inLanguage":"en-US","@id":"https:\/\/dev.monti.lt\/product\/magnetuku-rinkinys-40-vnt\/#primaryimage","url":"https:\/\/dev.monti.lt\/wp-content\/uploads\/2023\/10\/magnesy-na-lodowke-zwierzeta-40-szt-w-puszce.webp","contentUrl":"https:\/\/dev.monti.lt\/wp-content\/uploads\/2023\/10\/magnesy-na-lodowke-zwierzeta-40-szt-w-puszce.webp","width":800,"height":800,"caption":"magnetukai vaikams"},{"@type":"BreadcrumbList","@id":"https:\/\/dev.monti.lt\/product\/magnetuku-rinkinys-40-vnt\/#breadcrumb","itemListElement":[{"@type":"ListItem","position":1,"name":"Home","item":"https:\/\/dev.monti.lt\/"},{"@type":"ListItem","position":2,"name":"Parduotuv\u0117","item":"https:\/\/dev.monti.lt\/shop\/"},{"@type":"ListItem","position":3,"name":"Magnetuk\u0173 rinkinys, 40 vnt."}]},{"@type":"WebSite","@id":"https:\/\/dev.monti.lt\/#website","url":"https:\/\/dev.monti.lt\/","name":"Montessori \u017eaislai","description":"","publisher":{"@id":"https:\/\/dev.monti.lt\/#organization"},"potentialAction":[{"@type":"SearchAction","target":{"@type":"EntryPoint","urlTemplate":"https:\/\/dev.monti.lt\/?s={search_term_string}"},"query-input":"required name=search_term_string"}],"inLanguage":"en-US"},{"@type":"Organization","@id":"https:\/\/dev.monti.lt\/#organization","name":"Montessori \u017eaislai","url":"https:\/\/dev.monti.lt\/","logo":{"@type":"ImageObject","inLanguage":"en-US","@id":"https:\/\/dev.monti.lt\/#\/schema\/logo\/image\/","url":"https:\/\/dev.monti.lt\/wp-content\/uploads\/2022\/03\/montilogo-1.png","contentUrl":"https:\/\/dev.monti.lt\/wp-content\/uploads\/2022\/03\/montilogo-1.png","width":512,"height":512,"caption":"Montessori \u017eaislai"},"image":{"@id":"https:\/\/dev.monti.lt\/#\/schema\/logo\/image\/"}}]}},"_links":{"self":[{"href":"https:\/\/dev.monti.lt\/en\/wp-json\/wp\/v2\/product\/18370"}],"collection":[{"href":"https:\/\/dev.monti.lt\/en\/wp-json\/wp\/v2\/product"}],"about":[{"href":"https:\/\/dev.monti.lt\/en\/wp-json\/wp\/v2\/types\/product"}],"version-history":[{"count":1,"href":"https:\/\/dev.monti.lt\/en\/wp-json\/wp\/v2\/product\/18370\/revisions"}],"predecessor-version":[{"id":18372,"href":"https:\/\/dev.monti.lt\/en\/wp-json\/wp\/v2\/product\/18370\/revisions\/18372"}],"wp:featuredmedia":[{"embeddable":true,"href":"https:\/\/dev.monti.lt\/en\/wp-json\/wp\/v2\/media\/18371"}],"wp:attachment":[{"href":"https:\/\/dev.monti.lt\/en\/wp-json\/wp\/v2\/media?parent=18370"}],"wp:term":[{"taxonomy":"product_cat","embeddable":true,"href":"https:\/\/dev.monti.lt\/en\/wp-json\/wp\/v2\/product_cat?post=18370"},{"taxonomy":"product_tag","embeddable":true,"href":"https:\/\/dev.monti.lt\/en\/wp-json\/wp\/v2\/product_tag?post=18370"}],"curies":[{"name":"wp","href":"https:\/\/api.w.org\/{rel}","templated":true}]}}