{"id":18358,"date":"2023-10-17T07:39:24","date_gmt":"2023-10-17T07:39:24","guid":{"rendered":"https:\/\/dev.monti.lt\/?post_type=product&#038;p=18358"},"modified":"2023-12-05T08:59:51","modified_gmt":"2023-12-05T08:59:51","slug":"magnetinis-konstruktorius-mag-building-78-el","status":"publish","type":"product","link":"https:\/\/dev.monti.lt\/en\/product\/magnetinis-konstruktorius-mag-building-78-el\/","title":{"rendered":"Magnetinis konstruktorius &#8220;MAG building&#8221;, 78 el."},"content":{"rendered":"<p>\u2705Rinkin\u012f sudaro:<\/p><ul class=\"wp-block-list\"><li>spalvinga d\u0117\u017eut\u0117 (puikiai tinka dovanai)<\/li>\n\n<li>12 trikampi\u0173 su magnetais<\/li>\n\n<li>24 kvadrat\u0117liai su magnetais<\/li>\n\n<li>2 \u0161e\u0161iakampiai su magnetais<\/li>\n\n<li>2 penkiakampiai su magnetais<\/li>\n\n<li>2 smail\u016bs trikampiai<\/li>\n\n<li>4 apskritimo keturkampiai<\/li>\n\n<li>20 kvadratini\u0173 plyteli\u0173 (kurias suklijavus galima sujungti \u012f kvadrant\u0173 blokus)<\/li><\/ul><p>\u2705 Ekologi\u0161kos ir vaikams saugios med\u017eiagos<\/p><ol class=\"wp-block-list\"><li>ekologi\u0161ka ABS med\u017eiaga<\/li>\n\n<li>stipri ir tvirta<\/li>\n\n<li>ry\u0161kios ir sodrios spalvos<\/li>\n\n<li>lyg\u016bs ir saug\u016bs kra\u0161tai<\/li>\n\n<li>klijavimas ultragarsu be klij\u0173<\/li>\n\n<li>blizgi apdaila ir stipr\u016bs neodimio magnetai<\/li><\/ol><p>\u2705 K\u016brybi\u0161kas \u017eaidimas<br>Magnetin\u0117s plytos &#8211; puikus b\u016bdas k\u016brybi\u0161kai pramogauti. Vaikai da\u017enai nuobod\u017eiauja arba per daug \u017ei\u016bri televizori\u0173, magnetin\u0117s plytos yra k\u016brybi\u0161kas b\u016bdas nuoboduliui u\u017emu\u0161ti. M\u016bs\u0173 kalad\u0117l\u0117s yra labai gerai pagamintos ir ry\u0161ki\u0173 spalv\u0173, tod\u0117l galite skatinti k\u016brybin\u012f m\u0105stym\u0105 ir statyti unikalias konstrukcijas.<\/p><p>\u2705 Teisingas blok\u0173 sud\u0117jimo b\u016bdas<br>Rekomenduojama, kad vaikas d\u0117liot\u0173 blokel\u012f po bloko, o ne kelis blokelius i\u0161 karto, nes magnetai i\u0161 vienos pus\u0117s traukia, o i\u0161 kitos atstumia.<\/p><p>\u2705 Stipr\u016bs ir dideli magnetai<br>Blokeliuose naudojami dideli nikeliuoti neodimio magnetai. Daug geresni ir stipresni u\u017e \u012fprastus magnetus, pagamintus i\u0161 paprasto plieno.<\/p><p>\u2705 Didel\u0117 traukos j\u0117ga<br>Kiekviename plytos kra\u0161te yra labai stipr\u016bs nikeliuoti 7 mm ilgio cilindro formos neodimio magnetai, kuri\u0173 d\u0117ka gaunami labai stipr\u016bs plyt\u0173 tarpusavio ry\u0161iai.<\/p><p>\u2705 Rinkinyje yra specialios plytel\u0117s, prie kuri\u0173 galima priklijuoti lipdukus su skai\u010diais ir paveiksl\u0117liais.<br>Tai leid\u017eia vaikui mokytis skai\u010diuoti. Be to, plyteles galima \u012fd\u0117ti \u012f kvadratini\u0173 magnetini\u0173 kalad\u0117li\u0173 centr\u0105 ir taip gauti pilnas kalad\u0117les su skai\u010diais.<\/p><p>\u2705 2D ARBA 3D? Tai priklauso tik nuo j\u016bs\u0173 vaizduot\u0117s ir vaiko geb\u0117jim\u0173.<br>D\u0117l unikalios plyt\u0173 konstrukcijos galite statyti ir plok\u0161\u010dias, ir trimates fig\u016br\u0117les. Kai j\u016bs\u0173 vaikas paaugs ir taps vis labiau \u012fgud\u0119s konstruktorius, jis gal\u0117s pereiti nuo plok\u0161\u010di\u0173 fig\u016br\u0173 prie labai sud\u0117ting\u0173 trima\u010di\u0173 konstrukcij\u0173.<\/p><p>\u2705 Magnetini\u0173 plyt\u0173 privalumai:<\/p><ul class=\"wp-block-list\"><li>pagamintos i\u0161 aplinkai nekenksmingo ABS plastiko<\/li>\n\n<li>labai stipr\u016bs nikeliuoti neodimio magnetai<\/li>\n\n<li>garantuota pramoga \u012fvairaus am\u017eiaus vaikams<\/li>\n\n<li>didelis dydis &#8211; vaikai nesuvalgys kalad\u0117l\u0117s<\/li>\n\n<li>saugios vaikams (u\u017eapvalintos briaunos)<\/li>\n\n<li>Auk\u0161tos kokyb\u0117s apdirbimas<\/li>\n\n<li>lavina k\u016brybi\u0161kum\u0105, skatina erdvin\u0119 vaizduot\u0119<\/li>\n\n<li>supakuota \u012f gra\u017ei\u0105 spalving\u0105 pakuot\u0119<\/li><\/ul>","protected":false},"excerpt":{"rendered":"<p>\u2705Rinkin\u012f sudaro: \u2705 Ekologi\u0161kos ir vaikams saugios med\u017eiagos \u2705 K\u016brybi\u0161kas \u017eaidimasMagnetin\u0117s plytos &#8211; puikus b\u016bdas k\u016brybi\u0161kai pramogauti. Vaikai da\u017enai nuobod\u017eiauja arba per daug \u017ei\u016bri televizori\u0173, magnetin\u0117s plytos yra k\u016brybi\u0161kas b\u016bdas nuoboduliui u\u017emu\u0161ti. M\u016bs\u0173 kalad\u0117l\u0117s yra labai gerai pagamintos ir ry\u0161ki\u0173 spalv\u0173, tod\u0117l galite skatinti k\u016brybin\u012f m\u0105stym\u0105 ir statyti unikalias konstrukcijas. \u2705 Teisingas blok\u0173 sud\u0117jimo b\u016bdasRekomenduojama, [&hellip;]<\/p>","protected":false},"featured_media":18359,"template":"","meta":{"iawp_total_views":1},"product_cat":[208,195,216,217,197,191,192,84,88,86,199,202,49,39,215],"product_tag":[96,97,98,99],"class_list":{"0":"post-18358","1":"product","2":"type-product","3":"status-publish","4":"has-post-thumbnail","6":"product_cat-deliones-2","7":"product_cat-dovanos-vaikams-3-4-metu","8":"product_cat-dovanos-4-5-metu-vaikams","9":"product_cat-dovanos-5-7-metu-vaikams","10":"product_cat-dovanos-berniukams","11":"product_cat-dovanos-vaikams","12":"product_cat-kaledines-dovanos-vaikams","13":"product_cat-lavinamieji-zaislai","14":"product_cat-mokausi-zaisti","15":"product_cat-smulkioji-motorika","16":"product_cat-ugdymo-istaigoms","17":"product_cat-vaaikiski-konstruktoriai","18":"product_cat-visi-zaislai","19":"product_cat-zaislai","20":"product_cat-zaislai-berniukams","21":"product_tag-2-m-3-m","22":"product_tag-3-m-4-m","23":"product_tag-5-m-7-m","24":"product_tag-8-m-11-m","26":"first","27":"outofstock","28":"sale","29":"taxable","30":"shipping-taxable","31":"purchasable","32":"product-type-simple"},"yoast_head":"<!-- This site is optimized with the Yoast SEO plugin v23.3 - https:\/\/yoast.com\/wordpress\/plugins\/seo\/ -->\n<title>Magnetinis konstruktorius &quot;MAG building&quot;, 78 el. - Montessori \u017eaislai<\/title>\n<meta name=\"robots\" content=\"noindex, follow, max-snippet:-1, max-image-preview:large, max-video-preview:-1\" \/>\n<meta property=\"og:locale\" content=\"en_US\" \/>\n<meta property=\"og:type\" content=\"article\" \/>\n<meta property=\"og:title\" content=\"Magnetinis konstruktorius &quot;MAG building&quot;, 78 el. - Montessori \u017eaislai\" \/>\n<meta property=\"og:description\" content=\"\u2705Rinkin\u012f sudaro: \u2705 Ekologi\u0161kos ir vaikams saugios med\u017eiagos \u2705 K\u016brybi\u0161kas \u017eaidimasMagnetin\u0117s plytos &#8211; puikus b\u016bdas k\u016brybi\u0161kai pramogauti. Vaikai da\u017enai nuobod\u017eiauja arba per daug \u017ei\u016bri televizori\u0173, magnetin\u0117s plytos yra k\u016brybi\u0161kas b\u016bdas nuoboduliui u\u017emu\u0161ti. M\u016bs\u0173 kalad\u0117l\u0117s yra labai gerai pagamintos ir ry\u0161ki\u0173 spalv\u0173, tod\u0117l galite skatinti k\u016brybin\u012f m\u0105stym\u0105 ir statyti unikalias konstrukcijas. \u2705 Teisingas blok\u0173 sud\u0117jimo b\u016bdasRekomenduojama, [&hellip;]\" \/>\n<meta property=\"og:url\" content=\"https:\/\/dev.monti.lt\/en\/product\/magnetinis-konstruktorius-mag-building-78-el\/\" \/>\n<meta property=\"og:site_name\" content=\"Montessori \u017eaislai\" \/>\n<meta property=\"article:modified_time\" content=\"2023-12-05T08:59:51+00:00\" \/>\n<meta property=\"og:image\" content=\"https:\/\/dev.monti.lt\/wp-content\/uploads\/2023\/10\/klocki-magnetyczne-konstrukcyjne-zestaw-78-el-631-2.webp\" \/>\n\t<meta property=\"og:image:width\" content=\"800\" \/>\n\t<meta property=\"og:image:height\" content=\"800\" \/>\n\t<meta property=\"og:image:type\" content=\"image\/webp\" \/>\n<meta name=\"twitter:card\" content=\"summary_large_image\" \/>\n<meta name=\"twitter:label1\" content=\"Est. reading time\" \/>\n\t<meta name=\"twitter:data1\" content=\"2 minutes\" \/>\n<script type=\"application\/ld+json\" class=\"yoast-schema-graph\">{\"@context\":\"https:\/\/schema.org\",\"@graph\":[{\"@type\":\"WebPage\",\"@id\":\"https:\/\/dev.monti.lt\/product\/magnetinis-konstruktorius-mag-building-78-el\/\",\"url\":\"https:\/\/dev.monti.lt\/product\/magnetinis-konstruktorius-mag-building-78-el\/\",\"name\":\"Magnetinis konstruktorius \\\"MAG building\\\", 78 el. - Montessori \u017eaislai\",\"isPartOf\":{\"@id\":\"https:\/\/dev.monti.lt\/#website\"},\"primaryImageOfPage\":{\"@id\":\"https:\/\/dev.monti.lt\/product\/magnetinis-konstruktorius-mag-building-78-el\/#primaryimage\"},\"image\":{\"@id\":\"https:\/\/dev.monti.lt\/product\/magnetinis-konstruktorius-mag-building-78-el\/#primaryimage\"},\"thumbnailUrl\":\"https:\/\/dev.monti.lt\/wp-content\/uploads\/2023\/10\/klocki-magnetyczne-konstrukcyjne-zestaw-78-el-631-2.webp\",\"datePublished\":\"2023-10-17T07:39:24+00:00\",\"dateModified\":\"2023-12-05T08:59:51+00:00\",\"breadcrumb\":{\"@id\":\"https:\/\/dev.monti.lt\/product\/magnetinis-konstruktorius-mag-building-78-el\/#breadcrumb\"},\"inLanguage\":\"en-US\",\"potentialAction\":[{\"@type\":\"ReadAction\",\"target\":[\"https:\/\/dev.monti.lt\/product\/magnetinis-konstruktorius-mag-building-78-el\/\"]}]},{\"@type\":\"ImageObject\",\"inLanguage\":\"en-US\",\"@id\":\"https:\/\/dev.monti.lt\/product\/magnetinis-konstruktorius-mag-building-78-el\/#primaryimage\",\"url\":\"https:\/\/dev.monti.lt\/wp-content\/uploads\/2023\/10\/klocki-magnetyczne-konstrukcyjne-zestaw-78-el-631-2.webp\",\"contentUrl\":\"https:\/\/dev.monti.lt\/wp-content\/uploads\/2023\/10\/klocki-magnetyczne-konstrukcyjne-zestaw-78-el-631-2.webp\",\"width\":800,\"height\":800,\"caption\":\"mag building konstruktorius\"},{\"@type\":\"BreadcrumbList\",\"@id\":\"https:\/\/dev.monti.lt\/product\/magnetinis-konstruktorius-mag-building-78-el\/#breadcrumb\",\"itemListElement\":[{\"@type\":\"ListItem\",\"position\":1,\"name\":\"Home\",\"item\":\"https:\/\/dev.monti.lt\/\"},{\"@type\":\"ListItem\",\"position\":2,\"name\":\"Parduotuv\u0117\",\"item\":\"https:\/\/dev.monti.lt\/shop\/\"},{\"@type\":\"ListItem\",\"position\":3,\"name\":\"Magnetinis konstruktorius &#8220;MAG building&#8221;, 78 el.\"}]},{\"@type\":\"WebSite\",\"@id\":\"https:\/\/dev.monti.lt\/#website\",\"url\":\"https:\/\/dev.monti.lt\/\",\"name\":\"Montessori \u017eaislai\",\"description\":\"\",\"publisher\":{\"@id\":\"https:\/\/dev.monti.lt\/#organization\"},\"potentialAction\":[{\"@type\":\"SearchAction\",\"target\":{\"@type\":\"EntryPoint\",\"urlTemplate\":\"https:\/\/dev.monti.lt\/?s={search_term_string}\"},\"query-input\":\"required name=search_term_string\"}],\"inLanguage\":\"en-US\"},{\"@type\":\"Organization\",\"@id\":\"https:\/\/dev.monti.lt\/#organization\",\"name\":\"Montessori \u017eaislai\",\"url\":\"https:\/\/dev.monti.lt\/\",\"logo\":{\"@type\":\"ImageObject\",\"inLanguage\":\"en-US\",\"@id\":\"https:\/\/dev.monti.lt\/#\/schema\/logo\/image\/\",\"url\":\"https:\/\/dev.monti.lt\/wp-content\/uploads\/2022\/03\/montilogo-1.png\",\"contentUrl\":\"https:\/\/dev.monti.lt\/wp-content\/uploads\/2022\/03\/montilogo-1.png\",\"width\":512,\"height\":512,\"caption\":\"Montessori \u017eaislai\"},\"image\":{\"@id\":\"https:\/\/dev.monti.lt\/#\/schema\/logo\/image\/\"}}]}<\/script>\n<!-- \/ Yoast SEO plugin. -->","yoast_head_json":{"title":"Magnetinis konstruktorius \"MAG building\", 78 el. - Montessori \u017eaislai","robots":{"index":"noindex","follow":"follow","max-snippet":"max-snippet:-1","max-image-preview":"max-image-preview:large","max-video-preview":"max-video-preview:-1"},"og_locale":"en_US","og_type":"article","og_title":"Magnetinis konstruktorius \"MAG building\", 78 el. - Montessori \u017eaislai","og_description":"\u2705Rinkin\u012f sudaro: \u2705 Ekologi\u0161kos ir vaikams saugios med\u017eiagos \u2705 K\u016brybi\u0161kas \u017eaidimasMagnetin\u0117s plytos &#8211; puikus b\u016bdas k\u016brybi\u0161kai pramogauti. Vaikai da\u017enai nuobod\u017eiauja arba per daug \u017ei\u016bri televizori\u0173, magnetin\u0117s plytos yra k\u016brybi\u0161kas b\u016bdas nuoboduliui u\u017emu\u0161ti. M\u016bs\u0173 kalad\u0117l\u0117s yra labai gerai pagamintos ir ry\u0161ki\u0173 spalv\u0173, tod\u0117l galite skatinti k\u016brybin\u012f m\u0105stym\u0105 ir statyti unikalias konstrukcijas. \u2705 Teisingas blok\u0173 sud\u0117jimo b\u016bdasRekomenduojama, [&hellip;]","og_url":"https:\/\/dev.monti.lt\/en\/product\/magnetinis-konstruktorius-mag-building-78-el\/","og_site_name":"Montessori \u017eaislai","article_modified_time":"2023-12-05T08:59:51+00:00","og_image":[{"width":800,"height":800,"url":"https:\/\/dev.monti.lt\/wp-content\/uploads\/2023\/10\/klocki-magnetyczne-konstrukcyjne-zestaw-78-el-631-2.webp","type":"image\/webp"}],"twitter_card":"summary_large_image","twitter_misc":{"Est. reading time":"2 minutes"},"schema":{"@context":"https:\/\/schema.org","@graph":[{"@type":"WebPage","@id":"https:\/\/dev.monti.lt\/product\/magnetinis-konstruktorius-mag-building-78-el\/","url":"https:\/\/dev.monti.lt\/product\/magnetinis-konstruktorius-mag-building-78-el\/","name":"Magnetinis konstruktorius \"MAG building\", 78 el. - Montessori \u017eaislai","isPartOf":{"@id":"https:\/\/dev.monti.lt\/#website"},"primaryImageOfPage":{"@id":"https:\/\/dev.monti.lt\/product\/magnetinis-konstruktorius-mag-building-78-el\/#primaryimage"},"image":{"@id":"https:\/\/dev.monti.lt\/product\/magnetinis-konstruktorius-mag-building-78-el\/#primaryimage"},"thumbnailUrl":"https:\/\/dev.monti.lt\/wp-content\/uploads\/2023\/10\/klocki-magnetyczne-konstrukcyjne-zestaw-78-el-631-2.webp","datePublished":"2023-10-17T07:39:24+00:00","dateModified":"2023-12-05T08:59:51+00:00","breadcrumb":{"@id":"https:\/\/dev.monti.lt\/product\/magnetinis-konstruktorius-mag-building-78-el\/#breadcrumb"},"inLanguage":"en-US","potentialAction":[{"@type":"ReadAction","target":["https:\/\/dev.monti.lt\/product\/magnetinis-konstruktorius-mag-building-78-el\/"]}]},{"@type":"ImageObject","inLanguage":"en-US","@id":"https:\/\/dev.monti.lt\/product\/magnetinis-konstruktorius-mag-building-78-el\/#primaryimage","url":"https:\/\/dev.monti.lt\/wp-content\/uploads\/2023\/10\/klocki-magnetyczne-konstrukcyjne-zestaw-78-el-631-2.webp","contentUrl":"https:\/\/dev.monti.lt\/wp-content\/uploads\/2023\/10\/klocki-magnetyczne-konstrukcyjne-zestaw-78-el-631-2.webp","width":800,"height":800,"caption":"mag building konstruktorius"},{"@type":"BreadcrumbList","@id":"https:\/\/dev.monti.lt\/product\/magnetinis-konstruktorius-mag-building-78-el\/#breadcrumb","itemListElement":[{"@type":"ListItem","position":1,"name":"Home","item":"https:\/\/dev.monti.lt\/"},{"@type":"ListItem","position":2,"name":"Parduotuv\u0117","item":"https:\/\/dev.monti.lt\/shop\/"},{"@type":"ListItem","position":3,"name":"Magnetinis konstruktorius &#8220;MAG building&#8221;, 78 el."}]},{"@type":"WebSite","@id":"https:\/\/dev.monti.lt\/#website","url":"https:\/\/dev.monti.lt\/","name":"Montessori \u017eaislai","description":"","publisher":{"@id":"https:\/\/dev.monti.lt\/#organization"},"potentialAction":[{"@type":"SearchAction","target":{"@type":"EntryPoint","urlTemplate":"https:\/\/dev.monti.lt\/?s={search_term_string}"},"query-input":"required name=search_term_string"}],"inLanguage":"en-US"},{"@type":"Organization","@id":"https:\/\/dev.monti.lt\/#organization","name":"Montessori \u017eaislai","url":"https:\/\/dev.monti.lt\/","logo":{"@type":"ImageObject","inLanguage":"en-US","@id":"https:\/\/dev.monti.lt\/#\/schema\/logo\/image\/","url":"https:\/\/dev.monti.lt\/wp-content\/uploads\/2022\/03\/montilogo-1.png","contentUrl":"https:\/\/dev.monti.lt\/wp-content\/uploads\/2022\/03\/montilogo-1.png","width":512,"height":512,"caption":"Montessori \u017eaislai"},"image":{"@id":"https:\/\/dev.monti.lt\/#\/schema\/logo\/image\/"}}]}},"_links":{"self":[{"href":"https:\/\/dev.monti.lt\/en\/wp-json\/wp\/v2\/product\/18358"}],"collection":[{"href":"https:\/\/dev.monti.lt\/en\/wp-json\/wp\/v2\/product"}],"about":[{"href":"https:\/\/dev.monti.lt\/en\/wp-json\/wp\/v2\/types\/product"}],"version-history":[{"count":1,"href":"https:\/\/dev.monti.lt\/en\/wp-json\/wp\/v2\/product\/18358\/revisions"}],"predecessor-version":[{"id":18367,"href":"https:\/\/dev.monti.lt\/en\/wp-json\/wp\/v2\/product\/18358\/revisions\/18367"}],"wp:featuredmedia":[{"embeddable":true,"href":"https:\/\/dev.monti.lt\/en\/wp-json\/wp\/v2\/media\/18359"}],"wp:attachment":[{"href":"https:\/\/dev.monti.lt\/en\/wp-json\/wp\/v2\/media?parent=18358"}],"wp:term":[{"taxonomy":"product_cat","embeddable":true,"href":"https:\/\/dev.monti.lt\/en\/wp-json\/wp\/v2\/product_cat?post=18358"},{"taxonomy":"product_tag","embeddable":true,"href":"https:\/\/dev.monti.lt\/en\/wp-json\/wp\/v2\/product_tag?post=18358"}],"curies":[{"name":"wp","href":"https:\/\/api.w.org\/{rel}","templated":true}]}}