{"id":18336,"date":"2023-10-16T11:22:38","date_gmt":"2023-10-16T11:22:38","guid":{"rendered":"https:\/\/dev.monti.lt\/?post_type=product&#038;p=18336"},"modified":"2024-09-19T20:31:43","modified_gmt":"2024-09-19T20:31:43","slug":"vaikiska-palapine-rozine","status":"publish","type":"product","link":"https:\/\/dev.monti.lt\/en\/product\/vaikiska-palapine-rozine\/","title":{"rendered":"Vaiki\u0161ka palapin\u0117 ro\u017ein\u0117"},"content":{"rendered":"<ul class=\"wp-block-list\"><li>\u0161i karali\u0161ka palapine vaikams tikrai patiks kiekvienai ma\u017eajai princesei ir princui, svajojan\u010diam apie savo pili. Jis gali buti naudojamas kaip vieta \u017eaislams laikyti ir palapine \u017eaidimams lauke. Jis papuo\u0161 jusu vaiko kambari ir suteiks jam nepakartojam\u0105 atmosfer\u0105.<\/li>\n\n<li>palapine pagaminta i\u0161 auk\u0161tos kokybes sintetines med\u017eiagos, kuri yra atspari pa\u017eeidimams. Be to, jis turi stabilu rem\u0105, kuris leis jusu vaikui \u017eaisti saugiai. Palapine neturi a\u0161triu kra\u0161tu, todel vaikas nesusi\u017ealos.<\/li>\n\n<li>palapine puikiai atvaizduoja karali\u0161k\u0105j\u0105 pili. Jis turi gra\u017eiu spalvu, kurios paskatins vaikus \u017eaisti. Tai skatina kurybi\u0161k\u0105 \u017eaidim\u0105, o tai leid\u017eia lavinti vaizduot\u0119. Vaikas gali \u017eaisti vienas ir su bendraam\u017eiais, pilis didele &#8211; tilps keli vaikai.<\/li>\n\n<li>palapine supakuota i specialu u\u017evalkal\u0105 su rankena, todel j\u0105 lengva ne\u0161ti ir ji kompakti\u0161ka. Jis tilps i automobili. Palapines i\u0161skleidimas ir sulankstymas yra itin greitas ir lengvas. Pakanka i\u0161imti gamini i\u0161 dangtelio ir jo viduje sumontuoti rem\u0105. Tai u\u017etruks ne ilgiau nei 5 minutes!<\/li><\/ul><p><strong>SPECIFIKACIJA<\/strong><\/p><ul class=\"wp-block-list\"><li>spalva:&nbsp;<strong>ro\u017einis<\/strong><\/li>\n\n<li>dangtelio skersmuo:&nbsp;<strong>45 cm<\/strong><\/li>\n\n<li>matmenys (auk\u0161tis \/ plotis):&nbsp;<strong>135&#215;105 cm<\/strong><\/li>\n\n<li>svoris: 905g<\/li><\/ul><p><strong>ISKAITANT<\/strong><\/p><ul class=\"wp-block-list\"><li>palapine \u2013 pilis<\/li>\n\n<li>krep\u0161ys <\/li><\/ul>","protected":false},"excerpt":{"rendered":"<p>SPECIFIKACIJA ISKAITANT<\/p>","protected":false},"featured_media":18337,"template":"","meta":{"iawp_total_views":59},"product_cat":[213,196,191,82,192,214],"product_tag":[95,96,97,98],"class_list":{"0":"post-18336","1":"product","2":"type-product","3":"status-publish","4":"has-post-thumbnail","6":"product_cat-akcija","7":"product_cat-dovanos-mergaitems","8":"product_cat-dovanos-vaikams","9":"product_cat-ispardavimas","10":"product_cat-kaledines-dovanos-vaikams","11":"product_cat-zaislai-mergaitems","12":"product_tag-1-m-2-m","13":"product_tag-2-m-3-m","14":"product_tag-3-m-4-m","15":"product_tag-5-m-7-m","17":"first","18":"instock","19":"sale","20":"taxable","21":"shipping-taxable","22":"purchasable","23":"product-type-simple"},"yoast_head":"<!-- This site is optimized with the Yoast SEO plugin v23.3 - https:\/\/yoast.com\/wordpress\/plugins\/seo\/ -->\n<title>Vaiki\u0161ka palapin\u0117 ro\u017ein\u0117 - Montessori \u017eaislai<\/title>\n<meta name=\"robots\" content=\"noindex, follow, max-snippet:-1, max-image-preview:large, max-video-preview:-1\" \/>\n<meta property=\"og:locale\" content=\"en_US\" \/>\n<meta property=\"og:type\" content=\"article\" \/>\n<meta property=\"og:title\" content=\"Vaiki\u0161ka palapin\u0117 ro\u017ein\u0117 - Montessori \u017eaislai\" \/>\n<meta property=\"og:description\" content=\"SPECIFIKACIJA ISKAITANT\" \/>\n<meta property=\"og:url\" content=\"https:\/\/dev.monti.lt\/en\/product\/vaikiska-palapine-rozine\/\" \/>\n<meta property=\"og:site_name\" content=\"Montessori \u017eaislai\" \/>\n<meta property=\"article:modified_time\" content=\"2024-09-19T20:31:43+00:00\" \/>\n<meta property=\"og:image\" content=\"https:\/\/dev.monti.lt\/wp-content\/uploads\/2023\/10\/lit_pl_Rozine-vaikiska-palapine-8491_16.jpg\" \/>\n\t<meta property=\"og:image:width\" content=\"500\" \/>\n\t<meta property=\"og:image:height\" content=\"500\" \/>\n\t<meta property=\"og:image:type\" content=\"image\/jpeg\" \/>\n<meta name=\"twitter:card\" content=\"summary_large_image\" \/>\n<meta name=\"twitter:label1\" content=\"Est. reading time\" \/>\n\t<meta name=\"twitter:data1\" content=\"1 minute\" \/>\n<script type=\"application\/ld+json\" class=\"yoast-schema-graph\">{\"@context\":\"https:\/\/schema.org\",\"@graph\":[{\"@type\":\"WebPage\",\"@id\":\"https:\/\/dev.monti.lt\/product\/vaikiska-palapine-rozine\/\",\"url\":\"https:\/\/dev.monti.lt\/product\/vaikiska-palapine-rozine\/\",\"name\":\"Vaiki\u0161ka palapin\u0117 ro\u017ein\u0117 - Montessori \u017eaislai\",\"isPartOf\":{\"@id\":\"https:\/\/dev.monti.lt\/#website\"},\"primaryImageOfPage\":{\"@id\":\"https:\/\/dev.monti.lt\/product\/vaikiska-palapine-rozine\/#primaryimage\"},\"image\":{\"@id\":\"https:\/\/dev.monti.lt\/product\/vaikiska-palapine-rozine\/#primaryimage\"},\"thumbnailUrl\":\"https:\/\/dev.monti.lt\/wp-content\/uploads\/2023\/10\/lit_pl_Rozine-vaikiska-palapine-8491_16.jpg\",\"datePublished\":\"2023-10-16T11:22:38+00:00\",\"dateModified\":\"2024-09-19T20:31:43+00:00\",\"breadcrumb\":{\"@id\":\"https:\/\/dev.monti.lt\/product\/vaikiska-palapine-rozine\/#breadcrumb\"},\"inLanguage\":\"en-US\",\"potentialAction\":[{\"@type\":\"ReadAction\",\"target\":[\"https:\/\/dev.monti.lt\/product\/vaikiska-palapine-rozine\/\"]}]},{\"@type\":\"ImageObject\",\"inLanguage\":\"en-US\",\"@id\":\"https:\/\/dev.monti.lt\/product\/vaikiska-palapine-rozine\/#primaryimage\",\"url\":\"https:\/\/dev.monti.lt\/wp-content\/uploads\/2023\/10\/lit_pl_Rozine-vaikiska-palapine-8491_16.jpg\",\"contentUrl\":\"https:\/\/dev.monti.lt\/wp-content\/uploads\/2023\/10\/lit_pl_Rozine-vaikiska-palapine-8491_16.jpg\",\"width\":500,\"height\":500,\"caption\":\"vaikiskai palapine\"},{\"@type\":\"BreadcrumbList\",\"@id\":\"https:\/\/dev.monti.lt\/product\/vaikiska-palapine-rozine\/#breadcrumb\",\"itemListElement\":[{\"@type\":\"ListItem\",\"position\":1,\"name\":\"Home\",\"item\":\"https:\/\/dev.monti.lt\/\"},{\"@type\":\"ListItem\",\"position\":2,\"name\":\"Parduotuv\u0117\",\"item\":\"https:\/\/dev.monti.lt\/shop\/\"},{\"@type\":\"ListItem\",\"position\":3,\"name\":\"Vaiki\u0161ka palapin\u0117 ro\u017ein\u0117\"}]},{\"@type\":\"WebSite\",\"@id\":\"https:\/\/dev.monti.lt\/#website\",\"url\":\"https:\/\/dev.monti.lt\/\",\"name\":\"Montessori \u017eaislai\",\"description\":\"\",\"publisher\":{\"@id\":\"https:\/\/dev.monti.lt\/#organization\"},\"potentialAction\":[{\"@type\":\"SearchAction\",\"target\":{\"@type\":\"EntryPoint\",\"urlTemplate\":\"https:\/\/dev.monti.lt\/?s={search_term_string}\"},\"query-input\":\"required name=search_term_string\"}],\"inLanguage\":\"en-US\"},{\"@type\":\"Organization\",\"@id\":\"https:\/\/dev.monti.lt\/#organization\",\"name\":\"Montessori \u017eaislai\",\"url\":\"https:\/\/dev.monti.lt\/\",\"logo\":{\"@type\":\"ImageObject\",\"inLanguage\":\"en-US\",\"@id\":\"https:\/\/dev.monti.lt\/#\/schema\/logo\/image\/\",\"url\":\"https:\/\/dev.monti.lt\/wp-content\/uploads\/2022\/03\/montilogo-1.png\",\"contentUrl\":\"https:\/\/dev.monti.lt\/wp-content\/uploads\/2022\/03\/montilogo-1.png\",\"width\":512,\"height\":512,\"caption\":\"Montessori \u017eaislai\"},\"image\":{\"@id\":\"https:\/\/dev.monti.lt\/#\/schema\/logo\/image\/\"}}]}<\/script>\n<!-- \/ Yoast SEO plugin. -->","yoast_head_json":{"title":"Vaiki\u0161ka palapin\u0117 ro\u017ein\u0117 - Montessori \u017eaislai","robots":{"index":"noindex","follow":"follow","max-snippet":"max-snippet:-1","max-image-preview":"max-image-preview:large","max-video-preview":"max-video-preview:-1"},"og_locale":"en_US","og_type":"article","og_title":"Vaiki\u0161ka palapin\u0117 ro\u017ein\u0117 - Montessori \u017eaislai","og_description":"SPECIFIKACIJA ISKAITANT","og_url":"https:\/\/dev.monti.lt\/en\/product\/vaikiska-palapine-rozine\/","og_site_name":"Montessori \u017eaislai","article_modified_time":"2024-09-19T20:31:43+00:00","og_image":[{"width":500,"height":500,"url":"https:\/\/dev.monti.lt\/wp-content\/uploads\/2023\/10\/lit_pl_Rozine-vaikiska-palapine-8491_16.jpg","type":"image\/jpeg"}],"twitter_card":"summary_large_image","twitter_misc":{"Est. reading time":"1 minute"},"schema":{"@context":"https:\/\/schema.org","@graph":[{"@type":"WebPage","@id":"https:\/\/dev.monti.lt\/product\/vaikiska-palapine-rozine\/","url":"https:\/\/dev.monti.lt\/product\/vaikiska-palapine-rozine\/","name":"Vaiki\u0161ka palapin\u0117 ro\u017ein\u0117 - Montessori \u017eaislai","isPartOf":{"@id":"https:\/\/dev.monti.lt\/#website"},"primaryImageOfPage":{"@id":"https:\/\/dev.monti.lt\/product\/vaikiska-palapine-rozine\/#primaryimage"},"image":{"@id":"https:\/\/dev.monti.lt\/product\/vaikiska-palapine-rozine\/#primaryimage"},"thumbnailUrl":"https:\/\/dev.monti.lt\/wp-content\/uploads\/2023\/10\/lit_pl_Rozine-vaikiska-palapine-8491_16.jpg","datePublished":"2023-10-16T11:22:38+00:00","dateModified":"2024-09-19T20:31:43+00:00","breadcrumb":{"@id":"https:\/\/dev.monti.lt\/product\/vaikiska-palapine-rozine\/#breadcrumb"},"inLanguage":"en-US","potentialAction":[{"@type":"ReadAction","target":["https:\/\/dev.monti.lt\/product\/vaikiska-palapine-rozine\/"]}]},{"@type":"ImageObject","inLanguage":"en-US","@id":"https:\/\/dev.monti.lt\/product\/vaikiska-palapine-rozine\/#primaryimage","url":"https:\/\/dev.monti.lt\/wp-content\/uploads\/2023\/10\/lit_pl_Rozine-vaikiska-palapine-8491_16.jpg","contentUrl":"https:\/\/dev.monti.lt\/wp-content\/uploads\/2023\/10\/lit_pl_Rozine-vaikiska-palapine-8491_16.jpg","width":500,"height":500,"caption":"vaikiskai palapine"},{"@type":"BreadcrumbList","@id":"https:\/\/dev.monti.lt\/product\/vaikiska-palapine-rozine\/#breadcrumb","itemListElement":[{"@type":"ListItem","position":1,"name":"Home","item":"https:\/\/dev.monti.lt\/"},{"@type":"ListItem","position":2,"name":"Parduotuv\u0117","item":"https:\/\/dev.monti.lt\/shop\/"},{"@type":"ListItem","position":3,"name":"Vaiki\u0161ka palapin\u0117 ro\u017ein\u0117"}]},{"@type":"WebSite","@id":"https:\/\/dev.monti.lt\/#website","url":"https:\/\/dev.monti.lt\/","name":"Montessori \u017eaislai","description":"","publisher":{"@id":"https:\/\/dev.monti.lt\/#organization"},"potentialAction":[{"@type":"SearchAction","target":{"@type":"EntryPoint","urlTemplate":"https:\/\/dev.monti.lt\/?s={search_term_string}"},"query-input":"required name=search_term_string"}],"inLanguage":"en-US"},{"@type":"Organization","@id":"https:\/\/dev.monti.lt\/#organization","name":"Montessori \u017eaislai","url":"https:\/\/dev.monti.lt\/","logo":{"@type":"ImageObject","inLanguage":"en-US","@id":"https:\/\/dev.monti.lt\/#\/schema\/logo\/image\/","url":"https:\/\/dev.monti.lt\/wp-content\/uploads\/2022\/03\/montilogo-1.png","contentUrl":"https:\/\/dev.monti.lt\/wp-content\/uploads\/2022\/03\/montilogo-1.png","width":512,"height":512,"caption":"Montessori \u017eaislai"},"image":{"@id":"https:\/\/dev.monti.lt\/#\/schema\/logo\/image\/"}}]}},"_links":{"self":[{"href":"https:\/\/dev.monti.lt\/en\/wp-json\/wp\/v2\/product\/18336"}],"collection":[{"href":"https:\/\/dev.monti.lt\/en\/wp-json\/wp\/v2\/product"}],"about":[{"href":"https:\/\/dev.monti.lt\/en\/wp-json\/wp\/v2\/types\/product"}],"version-history":[{"count":1,"href":"https:\/\/dev.monti.lt\/en\/wp-json\/wp\/v2\/product\/18336\/revisions"}],"predecessor-version":[{"id":18347,"href":"https:\/\/dev.monti.lt\/en\/wp-json\/wp\/v2\/product\/18336\/revisions\/18347"}],"wp:featuredmedia":[{"embeddable":true,"href":"https:\/\/dev.monti.lt\/en\/wp-json\/wp\/v2\/media\/18337"}],"wp:attachment":[{"href":"https:\/\/dev.monti.lt\/en\/wp-json\/wp\/v2\/media?parent=18336"}],"wp:term":[{"taxonomy":"product_cat","embeddable":true,"href":"https:\/\/dev.monti.lt\/en\/wp-json\/wp\/v2\/product_cat?post=18336"},{"taxonomy":"product_tag","embeddable":true,"href":"https:\/\/dev.monti.lt\/en\/wp-json\/wp\/v2\/product_tag?post=18336"}],"curies":[{"name":"wp","href":"https:\/\/api.w.org\/{rel}","templated":true}]}}