{"id":18014,"date":"2023-10-02T08:15:46","date_gmt":"2023-10-02T08:15:46","guid":{"rendered":"https:\/\/dev.monti.lt\/?post_type=product&#038;p=18014"},"modified":"2024-10-03T14:32:22","modified_gmt":"2024-10-03T14:32:22","slug":"korteliu-zaidimas-surask-pora","status":"publish","type":"product","link":"https:\/\/dev.monti.lt\/en\/product\/korteliu-zaidimas-surask-pora\/","title":{"rendered":"korteli\u0173 \u017eaidimas &#8220;Surask por\u0105&#8221;"},"content":{"rendered":"<p>KORT\u0172 \u017dAIDIMAS, KAS PIRMAS SURAS KORT\u0172 POR\u0104<\/p><p>Lengvas ir smagus \u0161eimyninis \u017eaidimas puikiai leis laik\u0105 kartu! Kiekvienas ilgas vakaras su gera pramoga praeis grei\u010diau!<\/p><p>STEB\u0116JIMO KORTELI\u0172 \u017dAIDIMAS &#8211; IE\u0160KO PAVEIKSL\u0116LI\u0172 POR\u0172<\/p><p>\u0160is steb\u0117jimo \u017eaidimas &#8211; tai fantasti\u0161kas b\u016bdas nuoboduliui u\u017emu\u0161ti. Jo paprastos taisykl\u0117s leid\u017eia m\u0117gautis \u017eaidimu ir jauniems, ir vyresniems \u017eaid\u0117jams. Tai universali pramoga, kuri tiks bet kokioje situacijoje, nepriklausomai nuo \u017eaid\u0117jo am\u017eiaus!<\/p><p>\u017daidim\u0105 gali \u017eaisti 2 ar daugiau \u017eaid\u0117j\u0173 &#8211; kuo daugiau \u017eaid\u0117j\u0173, tuo didesn\u0117 \u012ftampa tarp j\u0173 tvyro d\u0117l to, kas pirmas suras paveiksl\u0117li\u0173 por\u0105!<\/p><p>\u017daidimas labai greitas ir jame tikrai n\u0117ra n\u0117 trupu\u010dio monotonijos! Kiekvien\u0105 kart\u0105 \u017eaid\u017eiant \u0161\u012f \u017eaidim\u0105 jis teikia tiek pat d\u017eiaugsmo ir vienod\u0173 i\u0161\u0161\u016bki\u0173!<\/p><p>POROS IE\u0160KOJIMO \u017dAIDIMAS &#8211; \u017dAIDIMO TAISYKL\u0116S<\/p><p>\u017daidim\u0105 galima \u017eaisti dviem b\u016bdais &#8211; taigi pramoga visada bus \u012fvairi. Rinkinyje yra skambutis, kur\u012f \u017eaid\u0117jai gali paspausti surad\u0119 paveiksl\u0117li\u0173 por\u0105 &#8211; taip bus ai\u0161ku, kuris \u017eaid\u0117jas buvo grei\u010diausias!<\/p><p>Pirmoje \u017eaidimo versijoje visas kortas reikia i\u0161dalyti \u017eaid\u0117jams, paliekant vien\u0105 atverst\u0105 kort\u0105 stalo centre. \u017daid\u0117j\u0173 u\u017eduotis &#8211; surasti pie\u0161ini\u0173 por\u0105 tarp vir\u0161utin\u0117s kortos, kuri\u0105 jie turi rankoje, ir ant stalo gulin\u010dios kortos. Rungt\u012f laimi \u017eaid\u0117jas, kuris pirmas atranda, koks pie\u0161inys pavaizduotas ant abiej\u0173 korteli\u0173, ir kortel\u0119 i\u0161 savo rankos padeda ant ant stalo gulin\u010dios kortel\u0117s. Tada \u017eaid\u0117jai sulygina savo kortas su naujai pad\u0117ta kortele. \u017daidimas baigiasi, kai jie atsikrato vis\u0173 savo korteli\u0173 &#8211; laimi tas, kuriam tai pavyko padaryti grei\u010diausiai.<\/p><p>Antrasis \u017eaidimo variantas yra prie\u0161ingas &#8211; \u017eaidimo pabaigoje reikia tur\u0117ti daugiausiai kort\u0173 i\u0161 vis\u0173 \u017eaid\u0117j\u0173. \u017daid\u0117jams reikia i\u0161dalyti po vien\u0105 kort\u0105, o likusias pad\u0117ti ant stalo. Kaip ir pirmajame variante, \u017eaid\u0117jai ie\u0161ko por\u0173, tik surad\u0119 bendr\u0105 paveiksl\u0117l\u012f, \u012f rankas paima kort\u0105 nuo stalo ir pagal j\u0105 ie\u0161ko kitos poros. \u017daidim\u0105 laimi tas, kuris surenka daugiausia korteli\u0173.<\/p><p>\u0160EIMYNINIS KORT\u0172 \u017dAIDIMAS &#8211; FANTASTI\u0160KAS B\u016aDAS SUTVIRTINTI RY\u0160IUS<\/p><p>Bendras \u0161eimos \u017eaidimas yra puikus b\u016bdas stiprinti bendrus santykius. \u0160is \u017eaidimas leid\u017eia \u017eaid\u0117jams var\u017eytis tarpusavyje ir kartu daug juoktis. Tikrai n\u0117ra geresnio b\u016bdo praskaidrinti apniukus\u012f vakar\u0105!<\/p><p>\u017daidimas paveiks ne tik ger\u0105 nuotaik\u0105, bet ir kiekvieno \u017eaid\u0117jo intelektinius bei rank\u0173 darbo \u012fg\u016bd\u017eius. Greitai pasteb\u0117ti paveiksl\u0117li\u0173 poras prireiks didelio pastabumo ir refleks\u0173.<\/p><p>INFORMACIJA APIE GAMIN\u012e:<\/p><p>RINKINIO SUD\u0116TIS:<\/p><p>KORTEL\u0116S x54<br>Varpelis<br>TECHNINIAI PARAMETRAI:<\/p><p>Am\u017eius: 3+<br>Med\u017eiaga: kartonas, plastikas<br>Element\u0173 skai\u010dius: Skai\u010dius: 55 kortel\u0117s<br>\u017daid\u0117j\u0173 skai\u010dius: 2+<br>DIMENSIJOS:<\/p><p>Dydis: kortel\u0117: Kortos matmenys: 7,5 cm x 7,5 cm<br>Varpelis: 7 cm x 4 cm<br>Pakuot\u0117: 17 cm x 9,5 cm x 5,5 cm<br>Rasti por\u0105 kort\u0173 \u017eaidimas supakuotas \u012f esteti\u0161k\u0105 kartonin\u0119 d\u0117\u017eut\u0119.<\/p>","protected":false},"excerpt":{"rendered":"<p>KORT\u0172 \u017dAIDIMAS, KAS PIRMAS SURAS KORT\u0172 POR\u0104 Lengvas ir smagus \u0161eimyninis \u017eaidimas puikiai leis laik\u0105 kartu! Kiekvienas ilgas vakaras su gera pramoga praeis grei\u010diau! STEB\u0116JIMO KORTELI\u0172 \u017dAIDIMAS &#8211; IE\u0160KO PAVEIKSL\u0116LI\u0172 POR\u0172 \u0160is steb\u0117jimo \u017eaidimas &#8211; tai fantasti\u0161kas b\u016bdas nuoboduliui u\u017emu\u0161ti. Jo paprastos taisykl\u0117s leid\u017eia m\u0117gautis \u017eaidimu ir jauniems, ir vyresniems \u017eaid\u0117jams. Tai universali pramoga, kuri [&hellip;]<\/p>","protected":false},"featured_media":18015,"template":"","meta":{"iawp_total_views":61},"product_cat":[84,91,49,39],"product_tag":[101,97,98,99,100],"class_list":{"0":"post-18014","1":"product","2":"type-product","3":"status-publish","4":"has-post-thumbnail","6":"product_cat-lavinamieji-zaislai","7":"product_cat-loginiam-mastymui","8":"product_cat-visi-zaislai","9":"product_cat-zaislai","10":"product_tag-12-m-14-m","11":"product_tag-3-m-4-m","12":"product_tag-5-m-7-m","13":"product_tag-8-m-11-m","14":"product_tag-15-m","16":"first","17":"instock","18":"sale","19":"taxable","20":"shipping-taxable","21":"purchasable","22":"product-type-simple"},"yoast_head":"<!-- This site is optimized with the Yoast SEO plugin v23.3 - https:\/\/yoast.com\/wordpress\/plugins\/seo\/ -->\n<title>korteli\u0173 \u017eaidimas &quot;Surask por\u0105&quot; - Montessori \u017eaislai<\/title>\n<meta name=\"robots\" content=\"noindex, follow, max-snippet:-1, max-image-preview:large, max-video-preview:-1\" \/>\n<meta property=\"og:locale\" content=\"en_US\" \/>\n<meta property=\"og:type\" content=\"article\" \/>\n<meta property=\"og:title\" content=\"korteli\u0173 \u017eaidimas &quot;Surask por\u0105&quot; - Montessori \u017eaislai\" \/>\n<meta property=\"og:description\" content=\"KORT\u0172 \u017dAIDIMAS, KAS PIRMAS SURAS KORT\u0172 POR\u0104 Lengvas ir smagus \u0161eimyninis \u017eaidimas puikiai leis laik\u0105 kartu! Kiekvienas ilgas vakaras su gera pramoga praeis grei\u010diau! STEB\u0116JIMO KORTELI\u0172 \u017dAIDIMAS &#8211; IE\u0160KO PAVEIKSL\u0116LI\u0172 POR\u0172 \u0160is steb\u0117jimo \u017eaidimas &#8211; tai fantasti\u0161kas b\u016bdas nuoboduliui u\u017emu\u0161ti. Jo paprastos taisykl\u0117s leid\u017eia m\u0117gautis \u017eaidimu ir jauniems, ir vyresniems \u017eaid\u0117jams. Tai universali pramoga, kuri [&hellip;]\" \/>\n<meta property=\"og:url\" content=\"https:\/\/dev.monti.lt\/en\/product\/korteliu-zaidimas-surask-pora\/\" \/>\n<meta property=\"og:site_name\" content=\"Montessori \u017eaislai\" \/>\n<meta property=\"article:modified_time\" content=\"2024-10-03T14:32:22+00:00\" \/>\n<meta property=\"og:image\" content=\"https:\/\/dev.monti.lt\/wp-content\/uploads\/2023\/10\/Gra-karciana-kto-pierwszy-znajdzie-pare-54-karty-132518.jpg\" \/>\n\t<meta property=\"og:image:width\" content=\"1024\" \/>\n\t<meta property=\"og:image:height\" content=\"1024\" \/>\n\t<meta property=\"og:image:type\" content=\"image\/jpeg\" \/>\n<meta name=\"twitter:card\" content=\"summary_large_image\" \/>\n<meta name=\"twitter:label1\" content=\"Est. reading time\" \/>\n\t<meta name=\"twitter:data1\" content=\"2 minutes\" \/>\n<script type=\"application\/ld+json\" class=\"yoast-schema-graph\">{\"@context\":\"https:\/\/schema.org\",\"@graph\":[{\"@type\":\"WebPage\",\"@id\":\"https:\/\/dev.monti.lt\/product\/korteliu-zaidimas-surask-pora\/\",\"url\":\"https:\/\/dev.monti.lt\/product\/korteliu-zaidimas-surask-pora\/\",\"name\":\"korteli\u0173 \u017eaidimas \\\"Surask por\u0105\\\" - Montessori \u017eaislai\",\"isPartOf\":{\"@id\":\"https:\/\/dev.monti.lt\/#website\"},\"primaryImageOfPage\":{\"@id\":\"https:\/\/dev.monti.lt\/product\/korteliu-zaidimas-surask-pora\/#primaryimage\"},\"image\":{\"@id\":\"https:\/\/dev.monti.lt\/product\/korteliu-zaidimas-surask-pora\/#primaryimage\"},\"thumbnailUrl\":\"https:\/\/dev.monti.lt\/wp-content\/uploads\/2023\/10\/Gra-karciana-kto-pierwszy-znajdzie-pare-54-karty-132518.jpg\",\"datePublished\":\"2023-10-02T08:15:46+00:00\",\"dateModified\":\"2024-10-03T14:32:22+00:00\",\"breadcrumb\":{\"@id\":\"https:\/\/dev.monti.lt\/product\/korteliu-zaidimas-surask-pora\/#breadcrumb\"},\"inLanguage\":\"en-US\",\"potentialAction\":[{\"@type\":\"ReadAction\",\"target\":[\"https:\/\/dev.monti.lt\/product\/korteliu-zaidimas-surask-pora\/\"]}]},{\"@type\":\"ImageObject\",\"inLanguage\":\"en-US\",\"@id\":\"https:\/\/dev.monti.lt\/product\/korteliu-zaidimas-surask-pora\/#primaryimage\",\"url\":\"https:\/\/dev.monti.lt\/wp-content\/uploads\/2023\/10\/Gra-karciana-kto-pierwszy-znajdzie-pare-54-karty-132518.jpg\",\"contentUrl\":\"https:\/\/dev.monti.lt\/wp-content\/uploads\/2023\/10\/Gra-karciana-kto-pierwszy-znajdzie-pare-54-karty-132518.jpg\",\"width\":1024,\"height\":1024,\"caption\":\"korteliu zaidimas\"},{\"@type\":\"BreadcrumbList\",\"@id\":\"https:\/\/dev.monti.lt\/product\/korteliu-zaidimas-surask-pora\/#breadcrumb\",\"itemListElement\":[{\"@type\":\"ListItem\",\"position\":1,\"name\":\"Home\",\"item\":\"https:\/\/dev.monti.lt\/\"},{\"@type\":\"ListItem\",\"position\":2,\"name\":\"Parduotuv\u0117\",\"item\":\"https:\/\/dev.monti.lt\/shop\/\"},{\"@type\":\"ListItem\",\"position\":3,\"name\":\"korteli\u0173 \u017eaidimas &#8220;Surask por\u0105&#8221;\"}]},{\"@type\":\"WebSite\",\"@id\":\"https:\/\/dev.monti.lt\/#website\",\"url\":\"https:\/\/dev.monti.lt\/\",\"name\":\"Montessori \u017eaislai\",\"description\":\"\",\"publisher\":{\"@id\":\"https:\/\/dev.monti.lt\/#organization\"},\"potentialAction\":[{\"@type\":\"SearchAction\",\"target\":{\"@type\":\"EntryPoint\",\"urlTemplate\":\"https:\/\/dev.monti.lt\/?s={search_term_string}\"},\"query-input\":\"required name=search_term_string\"}],\"inLanguage\":\"en-US\"},{\"@type\":\"Organization\",\"@id\":\"https:\/\/dev.monti.lt\/#organization\",\"name\":\"Montessori \u017eaislai\",\"url\":\"https:\/\/dev.monti.lt\/\",\"logo\":{\"@type\":\"ImageObject\",\"inLanguage\":\"en-US\",\"@id\":\"https:\/\/dev.monti.lt\/#\/schema\/logo\/image\/\",\"url\":\"https:\/\/dev.monti.lt\/wp-content\/uploads\/2022\/03\/montilogo-1.png\",\"contentUrl\":\"https:\/\/dev.monti.lt\/wp-content\/uploads\/2022\/03\/montilogo-1.png\",\"width\":512,\"height\":512,\"caption\":\"Montessori \u017eaislai\"},\"image\":{\"@id\":\"https:\/\/dev.monti.lt\/#\/schema\/logo\/image\/\"}}]}<\/script>\n<!-- \/ Yoast SEO plugin. -->","yoast_head_json":{"title":"korteli\u0173 \u017eaidimas \"Surask por\u0105\" - Montessori \u017eaislai","robots":{"index":"noindex","follow":"follow","max-snippet":"max-snippet:-1","max-image-preview":"max-image-preview:large","max-video-preview":"max-video-preview:-1"},"og_locale":"en_US","og_type":"article","og_title":"korteli\u0173 \u017eaidimas \"Surask por\u0105\" - Montessori \u017eaislai","og_description":"KORT\u0172 \u017dAIDIMAS, KAS PIRMAS SURAS KORT\u0172 POR\u0104 Lengvas ir smagus \u0161eimyninis \u017eaidimas puikiai leis laik\u0105 kartu! Kiekvienas ilgas vakaras su gera pramoga praeis grei\u010diau! STEB\u0116JIMO KORTELI\u0172 \u017dAIDIMAS &#8211; IE\u0160KO PAVEIKSL\u0116LI\u0172 POR\u0172 \u0160is steb\u0117jimo \u017eaidimas &#8211; tai fantasti\u0161kas b\u016bdas nuoboduliui u\u017emu\u0161ti. Jo paprastos taisykl\u0117s leid\u017eia m\u0117gautis \u017eaidimu ir jauniems, ir vyresniems \u017eaid\u0117jams. Tai universali pramoga, kuri [&hellip;]","og_url":"https:\/\/dev.monti.lt\/en\/product\/korteliu-zaidimas-surask-pora\/","og_site_name":"Montessori \u017eaislai","article_modified_time":"2024-10-03T14:32:22+00:00","og_image":[{"width":1024,"height":1024,"url":"https:\/\/dev.monti.lt\/wp-content\/uploads\/2023\/10\/Gra-karciana-kto-pierwszy-znajdzie-pare-54-karty-132518.jpg","type":"image\/jpeg"}],"twitter_card":"summary_large_image","twitter_misc":{"Est. reading time":"2 minutes"},"schema":{"@context":"https:\/\/schema.org","@graph":[{"@type":"WebPage","@id":"https:\/\/dev.monti.lt\/product\/korteliu-zaidimas-surask-pora\/","url":"https:\/\/dev.monti.lt\/product\/korteliu-zaidimas-surask-pora\/","name":"korteli\u0173 \u017eaidimas \"Surask por\u0105\" - Montessori \u017eaislai","isPartOf":{"@id":"https:\/\/dev.monti.lt\/#website"},"primaryImageOfPage":{"@id":"https:\/\/dev.monti.lt\/product\/korteliu-zaidimas-surask-pora\/#primaryimage"},"image":{"@id":"https:\/\/dev.monti.lt\/product\/korteliu-zaidimas-surask-pora\/#primaryimage"},"thumbnailUrl":"https:\/\/dev.monti.lt\/wp-content\/uploads\/2023\/10\/Gra-karciana-kto-pierwszy-znajdzie-pare-54-karty-132518.jpg","datePublished":"2023-10-02T08:15:46+00:00","dateModified":"2024-10-03T14:32:22+00:00","breadcrumb":{"@id":"https:\/\/dev.monti.lt\/product\/korteliu-zaidimas-surask-pora\/#breadcrumb"},"inLanguage":"en-US","potentialAction":[{"@type":"ReadAction","target":["https:\/\/dev.monti.lt\/product\/korteliu-zaidimas-surask-pora\/"]}]},{"@type":"ImageObject","inLanguage":"en-US","@id":"https:\/\/dev.monti.lt\/product\/korteliu-zaidimas-surask-pora\/#primaryimage","url":"https:\/\/dev.monti.lt\/wp-content\/uploads\/2023\/10\/Gra-karciana-kto-pierwszy-znajdzie-pare-54-karty-132518.jpg","contentUrl":"https:\/\/dev.monti.lt\/wp-content\/uploads\/2023\/10\/Gra-karciana-kto-pierwszy-znajdzie-pare-54-karty-132518.jpg","width":1024,"height":1024,"caption":"korteliu zaidimas"},{"@type":"BreadcrumbList","@id":"https:\/\/dev.monti.lt\/product\/korteliu-zaidimas-surask-pora\/#breadcrumb","itemListElement":[{"@type":"ListItem","position":1,"name":"Home","item":"https:\/\/dev.monti.lt\/"},{"@type":"ListItem","position":2,"name":"Parduotuv\u0117","item":"https:\/\/dev.monti.lt\/shop\/"},{"@type":"ListItem","position":3,"name":"korteli\u0173 \u017eaidimas &#8220;Surask por\u0105&#8221;"}]},{"@type":"WebSite","@id":"https:\/\/dev.monti.lt\/#website","url":"https:\/\/dev.monti.lt\/","name":"Montessori \u017eaislai","description":"","publisher":{"@id":"https:\/\/dev.monti.lt\/#organization"},"potentialAction":[{"@type":"SearchAction","target":{"@type":"EntryPoint","urlTemplate":"https:\/\/dev.monti.lt\/?s={search_term_string}"},"query-input":"required name=search_term_string"}],"inLanguage":"en-US"},{"@type":"Organization","@id":"https:\/\/dev.monti.lt\/#organization","name":"Montessori \u017eaislai","url":"https:\/\/dev.monti.lt\/","logo":{"@type":"ImageObject","inLanguage":"en-US","@id":"https:\/\/dev.monti.lt\/#\/schema\/logo\/image\/","url":"https:\/\/dev.monti.lt\/wp-content\/uploads\/2022\/03\/montilogo-1.png","contentUrl":"https:\/\/dev.monti.lt\/wp-content\/uploads\/2022\/03\/montilogo-1.png","width":512,"height":512,"caption":"Montessori \u017eaislai"},"image":{"@id":"https:\/\/dev.monti.lt\/#\/schema\/logo\/image\/"}}]}},"_links":{"self":[{"href":"https:\/\/dev.monti.lt\/en\/wp-json\/wp\/v2\/product\/18014"}],"collection":[{"href":"https:\/\/dev.monti.lt\/en\/wp-json\/wp\/v2\/product"}],"about":[{"href":"https:\/\/dev.monti.lt\/en\/wp-json\/wp\/v2\/types\/product"}],"version-history":[{"count":1,"href":"https:\/\/dev.monti.lt\/en\/wp-json\/wp\/v2\/product\/18014\/revisions"}],"predecessor-version":[{"id":18026,"href":"https:\/\/dev.monti.lt\/en\/wp-json\/wp\/v2\/product\/18014\/revisions\/18026"}],"wp:featuredmedia":[{"embeddable":true,"href":"https:\/\/dev.monti.lt\/en\/wp-json\/wp\/v2\/media\/18015"}],"wp:attachment":[{"href":"https:\/\/dev.monti.lt\/en\/wp-json\/wp\/v2\/media?parent=18014"}],"wp:term":[{"taxonomy":"product_cat","embeddable":true,"href":"https:\/\/dev.monti.lt\/en\/wp-json\/wp\/v2\/product_cat?post=18014"},{"taxonomy":"product_tag","embeddable":true,"href":"https:\/\/dev.monti.lt\/en\/wp-json\/wp\/v2\/product_tag?post=18014"}],"curies":[{"name":"wp","href":"https:\/\/api.w.org\/{rel}","templated":true}]}}