{"id":17992,"date":"2023-10-02T07:51:20","date_gmt":"2023-10-02T07:51:20","guid":{"rendered":"https:\/\/dev.monti.lt\/?post_type=product&#038;p=17992"},"modified":"2024-10-09T18:00:24","modified_gmt":"2024-10-09T18:00:24","slug":"sensorine-gulbe","status":"publish","type":"product","link":"https:\/\/dev.monti.lt\/en\/product\/sensorine-gulbe\/","title":{"rendered":"Sensorin\u0117 gulb\u0117"},"content":{"rendered":"<p>\u012edomus gulb\u0117s dizainas leid\u017eia k\u016bdikiams lengvai paimti ir laikyti, traukiant i\u0161 vienos pus\u0117s \u012f kit\u0105, girdint ir jau\u010diant \u012fvairius garsus ir vibracijas, kurias skleid\u017eia virv\u0117s linksmos ir ry\u0161kiaspalv\u0117s virvel\u0117s, patraukia k\u016bdikio d\u0117mes\u012f, o skirting\u0173 spalv\u0173 virvel\u0117s skatina mokytis spalv\u0173, rekomenduojama vaikams nuo 18 m\u0117n.<\/p><p>Puikiai tinkamas kelion\u0117ms, 100 % itin mink\u0161tas silikonas: silikoninis traukimo virvel\u0117s interaktyvus \u017eaislas, pagamintas i\u0161 itin mink\u0161to silikono, be BPA, be ftalat\u0173, maistinis silikonas. Lengvai valomas<\/p><p>I\u0161matavimai: 15X25 cm<\/p><p><\/p>","protected":false},"excerpt":{"rendered":"<p>\u012edomus gulb\u0117s dizainas leid\u017eia k\u016bdikiams lengvai paimti ir laikyti, traukiant i\u0161 vienos pus\u0117s \u012f kit\u0105, girdint ir jau\u010diant \u012fvairius garsus ir vibracijas, kurias skleid\u017eia virv\u0117s linksmos ir ry\u0161kiaspalv\u0117s virvel\u0117s, patraukia k\u016bdikio d\u0117mes\u012f, o skirting\u0173 spalv\u0173 virvel\u0117s skatina mokytis spalv\u0173, rekomenduojama vaikams nuo 18 m\u0117n. Puikiai tinkamas kelion\u0117ms, 100 % itin mink\u0161tas silikonas: silikoninis traukimo virvel\u0117s [&hellip;]<\/p>","protected":false},"featured_media":17993,"template":"","meta":{"iawp_total_views":212},"product_cat":[218,193,191,192,84,190,90,86,49,39],"product_tag":[95,96,97],"class_list":{"0":"post-17992","1":"product","2":"type-product","3":"status-publish","4":"has-post-thumbnail","6":"product_cat-darzeliu-grupems","7":"product_cat-dovanos-vaikams-1-2-metu","8":"product_cat-dovanos-vaikams","9":"product_cat-kaledines-dovanos-vaikams","10":"product_cat-lavinamieji-zaislai","11":"product_cat-maudynems","12":"product_cat-pasaulio-pazinimas","13":"product_cat-smulkioji-motorika","14":"product_cat-visi-zaislai","15":"product_cat-zaislai","16":"product_tag-1-m-2-m","17":"product_tag-2-m-3-m","18":"product_tag-3-m-4-m","20":"first","21":"instock","22":"taxable","23":"shipping-taxable","24":"purchasable","25":"product-type-simple"},"yoast_head":"<!-- This site is optimized with the Yoast SEO plugin v23.3 - https:\/\/yoast.com\/wordpress\/plugins\/seo\/ -->\n<title>Sensorin\u0117 gulb\u0117 - Montessori \u017eaislai<\/title>\n<meta name=\"robots\" content=\"noindex, follow, max-snippet:-1, max-image-preview:large, max-video-preview:-1\" \/>\n<meta property=\"og:locale\" content=\"en_US\" \/>\n<meta property=\"og:type\" content=\"article\" \/>\n<meta property=\"og:title\" content=\"Sensorin\u0117 gulb\u0117 - Montessori \u017eaislai\" \/>\n<meta property=\"og:description\" content=\"\u012edomus gulb\u0117s dizainas leid\u017eia k\u016bdikiams lengvai paimti ir laikyti, traukiant i\u0161 vienos pus\u0117s \u012f kit\u0105, girdint ir jau\u010diant \u012fvairius garsus ir vibracijas, kurias skleid\u017eia virv\u0117s linksmos ir ry\u0161kiaspalv\u0117s virvel\u0117s, patraukia k\u016bdikio d\u0117mes\u012f, o skirting\u0173 spalv\u0173 virvel\u0117s skatina mokytis spalv\u0173, rekomenduojama vaikams nuo 18 m\u0117n. Puikiai tinkamas kelion\u0117ms, 100 % itin mink\u0161tas silikonas: silikoninis traukimo virvel\u0117s [&hellip;]\" \/>\n<meta property=\"og:url\" content=\"https:\/\/dev.monti.lt\/en\/product\/sensorine-gulbe\/\" \/>\n<meta property=\"og:site_name\" content=\"Montessori \u017eaislai\" \/>\n<meta property=\"article:modified_time\" content=\"2024-10-09T18:00:24+00:00\" \/>\n<meta property=\"og:image\" content=\"https:\/\/dev.monti.lt\/wp-content\/uploads\/2023\/10\/Sc6c6527649f64793b556eacd049a35fd2.jpg.webp\" \/>\n\t<meta property=\"og:image:width\" content=\"800\" \/>\n\t<meta property=\"og:image:height\" content=\"800\" \/>\n\t<meta property=\"og:image:type\" content=\"image\/webp\" \/>\n<meta name=\"twitter:card\" content=\"summary_large_image\" \/>\n<meta name=\"twitter:label1\" content=\"Est. reading time\" \/>\n\t<meta name=\"twitter:data1\" content=\"1 minute\" \/>\n<script type=\"application\/ld+json\" class=\"yoast-schema-graph\">{\"@context\":\"https:\/\/schema.org\",\"@graph\":[{\"@type\":\"WebPage\",\"@id\":\"https:\/\/dev.monti.lt\/product\/sensorine-gulbe\/\",\"url\":\"https:\/\/dev.monti.lt\/product\/sensorine-gulbe\/\",\"name\":\"Sensorin\u0117 gulb\u0117 - Montessori \u017eaislai\",\"isPartOf\":{\"@id\":\"https:\/\/dev.monti.lt\/#website\"},\"primaryImageOfPage\":{\"@id\":\"https:\/\/dev.monti.lt\/product\/sensorine-gulbe\/#primaryimage\"},\"image\":{\"@id\":\"https:\/\/dev.monti.lt\/product\/sensorine-gulbe\/#primaryimage\"},\"thumbnailUrl\":\"https:\/\/dev.monti.lt\/wp-content\/uploads\/2023\/10\/Sc6c6527649f64793b556eacd049a35fd2.jpg.webp\",\"datePublished\":\"2023-10-02T07:51:20+00:00\",\"dateModified\":\"2024-10-09T18:00:24+00:00\",\"breadcrumb\":{\"@id\":\"https:\/\/dev.monti.lt\/product\/sensorine-gulbe\/#breadcrumb\"},\"inLanguage\":\"en-US\",\"potentialAction\":[{\"@type\":\"ReadAction\",\"target\":[\"https:\/\/dev.monti.lt\/product\/sensorine-gulbe\/\"]}]},{\"@type\":\"ImageObject\",\"inLanguage\":\"en-US\",\"@id\":\"https:\/\/dev.monti.lt\/product\/sensorine-gulbe\/#primaryimage\",\"url\":\"https:\/\/dev.monti.lt\/wp-content\/uploads\/2023\/10\/Sc6c6527649f64793b556eacd049a35fd2.jpg.webp\",\"contentUrl\":\"https:\/\/dev.monti.lt\/wp-content\/uploads\/2023\/10\/Sc6c6527649f64793b556eacd049a35fd2.jpg.webp\",\"width\":800,\"height\":800,\"caption\":\"sensorine gulbe\"},{\"@type\":\"BreadcrumbList\",\"@id\":\"https:\/\/dev.monti.lt\/product\/sensorine-gulbe\/#breadcrumb\",\"itemListElement\":[{\"@type\":\"ListItem\",\"position\":1,\"name\":\"Home\",\"item\":\"https:\/\/dev.monti.lt\/\"},{\"@type\":\"ListItem\",\"position\":2,\"name\":\"Parduotuv\u0117\",\"item\":\"https:\/\/dev.monti.lt\/shop\/\"},{\"@type\":\"ListItem\",\"position\":3,\"name\":\"Sensorin\u0117 gulb\u0117\"}]},{\"@type\":\"WebSite\",\"@id\":\"https:\/\/dev.monti.lt\/#website\",\"url\":\"https:\/\/dev.monti.lt\/\",\"name\":\"Montessori \u017eaislai\",\"description\":\"\",\"publisher\":{\"@id\":\"https:\/\/dev.monti.lt\/#organization\"},\"potentialAction\":[{\"@type\":\"SearchAction\",\"target\":{\"@type\":\"EntryPoint\",\"urlTemplate\":\"https:\/\/dev.monti.lt\/?s={search_term_string}\"},\"query-input\":\"required name=search_term_string\"}],\"inLanguage\":\"en-US\"},{\"@type\":\"Organization\",\"@id\":\"https:\/\/dev.monti.lt\/#organization\",\"name\":\"Montessori \u017eaislai\",\"url\":\"https:\/\/dev.monti.lt\/\",\"logo\":{\"@type\":\"ImageObject\",\"inLanguage\":\"en-US\",\"@id\":\"https:\/\/dev.monti.lt\/#\/schema\/logo\/image\/\",\"url\":\"https:\/\/dev.monti.lt\/wp-content\/uploads\/2022\/03\/montilogo-1.png\",\"contentUrl\":\"https:\/\/dev.monti.lt\/wp-content\/uploads\/2022\/03\/montilogo-1.png\",\"width\":512,\"height\":512,\"caption\":\"Montessori \u017eaislai\"},\"image\":{\"@id\":\"https:\/\/dev.monti.lt\/#\/schema\/logo\/image\/\"}}]}<\/script>\n<!-- \/ Yoast SEO plugin. -->","yoast_head_json":{"title":"Sensorin\u0117 gulb\u0117 - Montessori \u017eaislai","robots":{"index":"noindex","follow":"follow","max-snippet":"max-snippet:-1","max-image-preview":"max-image-preview:large","max-video-preview":"max-video-preview:-1"},"og_locale":"en_US","og_type":"article","og_title":"Sensorin\u0117 gulb\u0117 - Montessori \u017eaislai","og_description":"\u012edomus gulb\u0117s dizainas leid\u017eia k\u016bdikiams lengvai paimti ir laikyti, traukiant i\u0161 vienos pus\u0117s \u012f kit\u0105, girdint ir jau\u010diant \u012fvairius garsus ir vibracijas, kurias skleid\u017eia virv\u0117s linksmos ir ry\u0161kiaspalv\u0117s virvel\u0117s, patraukia k\u016bdikio d\u0117mes\u012f, o skirting\u0173 spalv\u0173 virvel\u0117s skatina mokytis spalv\u0173, rekomenduojama vaikams nuo 18 m\u0117n. Puikiai tinkamas kelion\u0117ms, 100 % itin mink\u0161tas silikonas: silikoninis traukimo virvel\u0117s [&hellip;]","og_url":"https:\/\/dev.monti.lt\/en\/product\/sensorine-gulbe\/","og_site_name":"Montessori \u017eaislai","article_modified_time":"2024-10-09T18:00:24+00:00","og_image":[{"width":800,"height":800,"url":"https:\/\/dev.monti.lt\/wp-content\/uploads\/2023\/10\/Sc6c6527649f64793b556eacd049a35fd2.jpg.webp","type":"image\/webp"}],"twitter_card":"summary_large_image","twitter_misc":{"Est. reading time":"1 minute"},"schema":{"@context":"https:\/\/schema.org","@graph":[{"@type":"WebPage","@id":"https:\/\/dev.monti.lt\/product\/sensorine-gulbe\/","url":"https:\/\/dev.monti.lt\/product\/sensorine-gulbe\/","name":"Sensorin\u0117 gulb\u0117 - Montessori \u017eaislai","isPartOf":{"@id":"https:\/\/dev.monti.lt\/#website"},"primaryImageOfPage":{"@id":"https:\/\/dev.monti.lt\/product\/sensorine-gulbe\/#primaryimage"},"image":{"@id":"https:\/\/dev.monti.lt\/product\/sensorine-gulbe\/#primaryimage"},"thumbnailUrl":"https:\/\/dev.monti.lt\/wp-content\/uploads\/2023\/10\/Sc6c6527649f64793b556eacd049a35fd2.jpg.webp","datePublished":"2023-10-02T07:51:20+00:00","dateModified":"2024-10-09T18:00:24+00:00","breadcrumb":{"@id":"https:\/\/dev.monti.lt\/product\/sensorine-gulbe\/#breadcrumb"},"inLanguage":"en-US","potentialAction":[{"@type":"ReadAction","target":["https:\/\/dev.monti.lt\/product\/sensorine-gulbe\/"]}]},{"@type":"ImageObject","inLanguage":"en-US","@id":"https:\/\/dev.monti.lt\/product\/sensorine-gulbe\/#primaryimage","url":"https:\/\/dev.monti.lt\/wp-content\/uploads\/2023\/10\/Sc6c6527649f64793b556eacd049a35fd2.jpg.webp","contentUrl":"https:\/\/dev.monti.lt\/wp-content\/uploads\/2023\/10\/Sc6c6527649f64793b556eacd049a35fd2.jpg.webp","width":800,"height":800,"caption":"sensorine gulbe"},{"@type":"BreadcrumbList","@id":"https:\/\/dev.monti.lt\/product\/sensorine-gulbe\/#breadcrumb","itemListElement":[{"@type":"ListItem","position":1,"name":"Home","item":"https:\/\/dev.monti.lt\/"},{"@type":"ListItem","position":2,"name":"Parduotuv\u0117","item":"https:\/\/dev.monti.lt\/shop\/"},{"@type":"ListItem","position":3,"name":"Sensorin\u0117 gulb\u0117"}]},{"@type":"WebSite","@id":"https:\/\/dev.monti.lt\/#website","url":"https:\/\/dev.monti.lt\/","name":"Montessori \u017eaislai","description":"","publisher":{"@id":"https:\/\/dev.monti.lt\/#organization"},"potentialAction":[{"@type":"SearchAction","target":{"@type":"EntryPoint","urlTemplate":"https:\/\/dev.monti.lt\/?s={search_term_string}"},"query-input":"required name=search_term_string"}],"inLanguage":"en-US"},{"@type":"Organization","@id":"https:\/\/dev.monti.lt\/#organization","name":"Montessori \u017eaislai","url":"https:\/\/dev.monti.lt\/","logo":{"@type":"ImageObject","inLanguage":"en-US","@id":"https:\/\/dev.monti.lt\/#\/schema\/logo\/image\/","url":"https:\/\/dev.monti.lt\/wp-content\/uploads\/2022\/03\/montilogo-1.png","contentUrl":"https:\/\/dev.monti.lt\/wp-content\/uploads\/2022\/03\/montilogo-1.png","width":512,"height":512,"caption":"Montessori \u017eaislai"},"image":{"@id":"https:\/\/dev.monti.lt\/#\/schema\/logo\/image\/"}}]}},"_links":{"self":[{"href":"https:\/\/dev.monti.lt\/en\/wp-json\/wp\/v2\/product\/17992"}],"collection":[{"href":"https:\/\/dev.monti.lt\/en\/wp-json\/wp\/v2\/product"}],"about":[{"href":"https:\/\/dev.monti.lt\/en\/wp-json\/wp\/v2\/types\/product"}],"version-history":[{"count":1,"href":"https:\/\/dev.monti.lt\/en\/wp-json\/wp\/v2\/product\/17992\/revisions"}],"predecessor-version":[{"id":17998,"href":"https:\/\/dev.monti.lt\/en\/wp-json\/wp\/v2\/product\/17992\/revisions\/17998"}],"wp:featuredmedia":[{"embeddable":true,"href":"https:\/\/dev.monti.lt\/en\/wp-json\/wp\/v2\/media\/17993"}],"wp:attachment":[{"href":"https:\/\/dev.monti.lt\/en\/wp-json\/wp\/v2\/media?parent=17992"}],"wp:term":[{"taxonomy":"product_cat","embeddable":true,"href":"https:\/\/dev.monti.lt\/en\/wp-json\/wp\/v2\/product_cat?post=17992"},{"taxonomy":"product_tag","embeddable":true,"href":"https:\/\/dev.monti.lt\/en\/wp-json\/wp\/v2\/product_tag?post=17992"}],"curies":[{"name":"wp","href":"https:\/\/api.w.org\/{rel}","templated":true}]}}