{"id":17982,"date":"2023-10-02T07:40:33","date_gmt":"2023-10-02T07:40:33","guid":{"rendered":"https:\/\/dev.monti.lt\/?post_type=product&#038;p=17982"},"modified":"2024-09-30T10:50:44","modified_gmt":"2024-09-30T10:50:44","slug":"edukacine-puodeliu-piramide","status":"publish","type":"product","link":"https:\/\/dev.monti.lt\/en\/product\/edukacine-puodeliu-piramide\/","title":{"rendered":"Edukacin\u0117 puodeli\u0173 piramid\u0117"},"content":{"rendered":"<p>EDUKACINIAI PUODELIAI BOK\u0160TAS PIRAMID\u0116 SKAI\u010cIAI IR VAISIAI<\/p><p>Kiekvienas vaikas m\u0117gsta \u017eaisti! Be to, kiekvienam vaikui taip pat reikia i\u0161mokti daug \u012fvairi\u0173 \u012fg\u016bd\u017ei\u0173 ir \u012fgyti pagrindini\u0173 \u017eini\u0173. Tad kod\u0117l gi nesuderinus linksmybi\u0173 su mokymusi? Bet ar tai apskritai \u012fmanoma? Kiek \u012fmanoma!<\/p><p>SPALVINGI EDUKACINIAI PUODELIAI &#8211; NUOBODULIO U\u017dMU\u0160\u0116JAI!<\/p><p>Ry\u0161kios spalvos ir gra\u017e\u016bs paveiksl\u0117liai ant edukacini\u0173 puodeli\u0173 tikrai paskatins bet kur\u012f ma\u017eyl\u012f \u017eaisti kartu. Pagrindinis tikslas &#8211; sud\u0117lioti bok\u0161t\u0105, panaudojant visus rinkinio puodelius. I\u0161 prad\u017ei\u0173 \u0161i nepastebima veikla gali sukelti sunkum\u0173. Vaikui reik\u0117s paai\u0161kinti, kaip tinkamai i\u0161d\u0117styti elementus. Ta\u010diau \u0161iek tiek pasipraktikav\u0119s, ma\u017eylis piramid\u0119 sud\u0117lios vienas ant kito, sud\u0117damas puodelius vien\u0105 ant kito!<\/p><p>\u012evairi\u0173 spalv\u0173 ir dyd\u017ei\u0173 puodeli\u0173 rinkinys suteiks daug d\u017eiaugsmo, o kartu i\u0161mokys daug verting\u0173 \u012fg\u016bd\u017ei\u0173!<\/p><p>MOKYMASIS \u017dAID\u017dIANT!<\/p><p>Rinkdami ir d\u0117liodami kalad\u0117les vien\u0105 ant kitos darysite \u012ftak\u0105 rank\u0173 darbo \u012fg\u016bd\u017eiams, lavinsite pir\u0161t\u0173 tikslum\u0105 ir gerinsite vaik\u0173 akies ir rankos koordinacij\u0105. Intelektiniai \u012fg\u016bd\u017eiai taip pat neliks nuo\u0161alyje &#8211; kit\u0173 konstrukcij\u0173 planavimas ugdys k\u016brybi\u0161kum\u0105 ir skatins login\u012f m\u0105stym\u0105.<\/p><p>Ant puodeli\u0173 yra skai\u010diai (nuo vieno iki a\u0161tuoni\u0173) ir \u012fvair\u016bs vaisiai su angli\u0161kais u\u017era\u0161ais. Tai leis draugi\u0161kai mokytis skai\u010di\u0173 ir vaisi\u0173 pavadinim\u0173. O skirtingos puodeli\u0173 spalvos pad\u0117s \u012fsiminti ir atskirti spalvas, o angli\u0161ki \u017eod\u017eiai pad\u0117s susipa\u017einti su nauja kalba.<\/p><p>SMAGU BET KUR IR BET KADA!<\/p><p>Su gaminiu galite \u017eaisti namuose, sm\u0117lio d\u0117\u017e\u0117je, papl\u016bdimyje &#8211; visur, kur tik panor\u0117site. O linksmybi\u0173 su puodeliais kiekis i\u0161 tikr\u0173j\u0173 yra neribotas, viskas priklauso nuo j\u016bs\u0173 klient\u0173 lakios vaizduot\u0117s.<\/p><p>Kiekvienas puodelis ant pagrindo taip pat turi \u012fvairi\u0173 gyv\u016bn\u0173 su skylut\u0117mis, tod\u0117l bet kokia maudyn\u0117 taps tikru malonumu. Vaikai gali pilti vanden\u012f \u012f puodelius ir steb\u0117ti, kaip vanduo i\u0161silieja.<\/p><p>PAPRASTAS \u017dAISLAS, TURINTIS DAUG EDUKACIN\u0116S VERT\u0116S!<\/p><p>\u0160is puodeli\u0173 rinkinys, kuris yra originali lavinam\u0173j\u0173 kalad\u0117li\u0173 versija, tikrai pavogs bet kurio ma\u017eylio \u0161ird\u012f ir suteiks daugyb\u0119 nesibaigian\u010di\u0173 linksmybi\u0173!<\/p><p>Pagrindin\u0117s gaminio edukacin\u0117s vert\u0117s:<\/p><p>Pagrindin\u0117s edukacin\u0117s priemon\u0117s: spalv\u0173, vaisi\u0173 pavadinim\u0173, skai\u010di\u0173 ir angl\u0173 kalbos \u017eodyno mokymasis,<br>rank\u0173 darbo \u012fg\u016bd\u017ei\u0173 tobulinimas,<br>k\u016brybi\u0161kumo ir loginio m\u0105stymo ugdymas.<\/p><p>INFORMACIJA APIE PRODUKT\u0104:<\/p><p>Plastikas: plastikas<\/p><p>Puodeli\u0173 skai\u010dius: 9<\/p><p>DIMENSIJOS:<\/p><p>Dydis: 8 cm x 38,2 cm.<br>Did\u017eiausio puodelio skersmuo: Dydis: 5,9 cm<br>Puodeliai su pakuote (plotis x auk\u0161tis): 10,4 cm x 16,5 cm<\/p>","protected":false},"excerpt":{"rendered":"<p>EDUKACINIAI PUODELIAI BOK\u0160TAS PIRAMID\u0116 SKAI\u010cIAI IR VAISIAI Kiekvienas vaikas m\u0117gsta \u017eaisti! Be to, kiekvienam vaikui taip pat reikia i\u0161mokti daug \u012fvairi\u0173 \u012fg\u016bd\u017ei\u0173 ir \u012fgyti pagrindini\u0173 \u017eini\u0173. Tad kod\u0117l gi nesuderinus linksmybi\u0173 su mokymusi? Bet ar tai apskritai \u012fmanoma? Kiek \u012fmanoma! SPALVINGI EDUKACINIAI PUODELIAI &#8211; NUOBODULIO U\u017dMU\u0160\u0116JAI! Ry\u0161kios spalvos ir gra\u017e\u016bs paveiksl\u0117liai ant edukacini\u0173 puodeli\u0173 tikrai [&hellip;]<\/p>","protected":false},"featured_media":17983,"template":"","meta":{"iawp_total_views":76},"product_cat":[92,193,191,84,91,88,90,86,49,39],"product_tag":[95,96,94],"class_list":{"0":"post-17982","1":"product","2":"type-product","3":"status-publish","4":"has-post-thumbnail","6":"product_cat-deliones","7":"product_cat-dovanos-vaikams-1-2-metu","8":"product_cat-dovanos-vaikams","9":"product_cat-lavinamieji-zaislai","10":"product_cat-loginiam-mastymui","11":"product_cat-mokausi-zaisti","12":"product_cat-pasaulio-pazinimas","13":"product_cat-smulkioji-motorika","14":"product_cat-visi-zaislai","15":"product_cat-zaislai","16":"product_tag-1-m-2-m","17":"product_tag-2-m-3-m","18":"product_tag-iki-1-m","20":"first","21":"outofstock","22":"taxable","23":"shipping-taxable","24":"purchasable","25":"product-type-simple"},"yoast_head":"<!-- This site is optimized with the Yoast SEO plugin v23.3 - https:\/\/yoast.com\/wordpress\/plugins\/seo\/ -->\n<title>Edukacin\u0117 puodeli\u0173 piramid\u0117 - Montessori \u017eaislai<\/title>\n<meta name=\"robots\" content=\"noindex, follow, max-snippet:-1, max-image-preview:large, max-video-preview:-1\" \/>\n<meta property=\"og:locale\" content=\"en_US\" \/>\n<meta property=\"og:type\" content=\"article\" \/>\n<meta property=\"og:title\" content=\"Edukacin\u0117 puodeli\u0173 piramid\u0117 - Montessori \u017eaislai\" \/>\n<meta property=\"og:description\" content=\"EDUKACINIAI PUODELIAI BOK\u0160TAS PIRAMID\u0116 SKAI\u010cIAI IR VAISIAI Kiekvienas vaikas m\u0117gsta \u017eaisti! Be to, kiekvienam vaikui taip pat reikia i\u0161mokti daug \u012fvairi\u0173 \u012fg\u016bd\u017ei\u0173 ir \u012fgyti pagrindini\u0173 \u017eini\u0173. Tad kod\u0117l gi nesuderinus linksmybi\u0173 su mokymusi? Bet ar tai apskritai \u012fmanoma? Kiek \u012fmanoma! SPALVINGI EDUKACINIAI PUODELIAI &#8211; NUOBODULIO U\u017dMU\u0160\u0116JAI! Ry\u0161kios spalvos ir gra\u017e\u016bs paveiksl\u0117liai ant edukacini\u0173 puodeli\u0173 tikrai [&hellip;]\" \/>\n<meta property=\"og:url\" content=\"https:\/\/dev.monti.lt\/en\/product\/edukacine-puodeliu-piramide\/\" \/>\n<meta property=\"og:site_name\" content=\"Montessori \u017eaislai\" \/>\n<meta property=\"article:modified_time\" content=\"2024-09-30T10:50:44+00:00\" \/>\n<meta property=\"og:image\" content=\"https:\/\/dev.monti.lt\/wp-content\/uploads\/2023\/10\/Educational-cups-tower-pyramid-numbers-and-fruits-108435.jpg\" \/>\n\t<meta property=\"og:image:width\" content=\"1024\" \/>\n\t<meta property=\"og:image:height\" content=\"1024\" \/>\n\t<meta property=\"og:image:type\" content=\"image\/jpeg\" \/>\n<meta name=\"twitter:card\" content=\"summary_large_image\" \/>\n<meta name=\"twitter:label1\" content=\"Est. reading time\" \/>\n\t<meta name=\"twitter:data1\" content=\"2 minutes\" \/>\n<script type=\"application\/ld+json\" class=\"yoast-schema-graph\">{\"@context\":\"https:\/\/schema.org\",\"@graph\":[{\"@type\":\"WebPage\",\"@id\":\"https:\/\/dev.monti.lt\/product\/edukacine-puodeliu-piramide\/\",\"url\":\"https:\/\/dev.monti.lt\/product\/edukacine-puodeliu-piramide\/\",\"name\":\"Edukacin\u0117 puodeli\u0173 piramid\u0117 - Montessori \u017eaislai\",\"isPartOf\":{\"@id\":\"https:\/\/dev.monti.lt\/#website\"},\"primaryImageOfPage\":{\"@id\":\"https:\/\/dev.monti.lt\/product\/edukacine-puodeliu-piramide\/#primaryimage\"},\"image\":{\"@id\":\"https:\/\/dev.monti.lt\/product\/edukacine-puodeliu-piramide\/#primaryimage\"},\"thumbnailUrl\":\"https:\/\/dev.monti.lt\/wp-content\/uploads\/2023\/10\/Educational-cups-tower-pyramid-numbers-and-fruits-108435.jpg\",\"datePublished\":\"2023-10-02T07:40:33+00:00\",\"dateModified\":\"2024-09-30T10:50:44+00:00\",\"breadcrumb\":{\"@id\":\"https:\/\/dev.monti.lt\/product\/edukacine-puodeliu-piramide\/#breadcrumb\"},\"inLanguage\":\"en-US\",\"potentialAction\":[{\"@type\":\"ReadAction\",\"target\":[\"https:\/\/dev.monti.lt\/product\/edukacine-puodeliu-piramide\/\"]}]},{\"@type\":\"ImageObject\",\"inLanguage\":\"en-US\",\"@id\":\"https:\/\/dev.monti.lt\/product\/edukacine-puodeliu-piramide\/#primaryimage\",\"url\":\"https:\/\/dev.monti.lt\/wp-content\/uploads\/2023\/10\/Educational-cups-tower-pyramid-numbers-and-fruits-108435.jpg\",\"contentUrl\":\"https:\/\/dev.monti.lt\/wp-content\/uploads\/2023\/10\/Educational-cups-tower-pyramid-numbers-and-fruits-108435.jpg\",\"width\":1024,\"height\":1024,\"caption\":\"skaiciu bokstas\"},{\"@type\":\"BreadcrumbList\",\"@id\":\"https:\/\/dev.monti.lt\/product\/edukacine-puodeliu-piramide\/#breadcrumb\",\"itemListElement\":[{\"@type\":\"ListItem\",\"position\":1,\"name\":\"Home\",\"item\":\"https:\/\/dev.monti.lt\/\"},{\"@type\":\"ListItem\",\"position\":2,\"name\":\"Parduotuv\u0117\",\"item\":\"https:\/\/dev.monti.lt\/shop\/\"},{\"@type\":\"ListItem\",\"position\":3,\"name\":\"Edukacin\u0117 puodeli\u0173 piramid\u0117\"}]},{\"@type\":\"WebSite\",\"@id\":\"https:\/\/dev.monti.lt\/#website\",\"url\":\"https:\/\/dev.monti.lt\/\",\"name\":\"Montessori \u017eaislai\",\"description\":\"\",\"publisher\":{\"@id\":\"https:\/\/dev.monti.lt\/#organization\"},\"potentialAction\":[{\"@type\":\"SearchAction\",\"target\":{\"@type\":\"EntryPoint\",\"urlTemplate\":\"https:\/\/dev.monti.lt\/?s={search_term_string}\"},\"query-input\":\"required name=search_term_string\"}],\"inLanguage\":\"en-US\"},{\"@type\":\"Organization\",\"@id\":\"https:\/\/dev.monti.lt\/#organization\",\"name\":\"Montessori \u017eaislai\",\"url\":\"https:\/\/dev.monti.lt\/\",\"logo\":{\"@type\":\"ImageObject\",\"inLanguage\":\"en-US\",\"@id\":\"https:\/\/dev.monti.lt\/#\/schema\/logo\/image\/\",\"url\":\"https:\/\/dev.monti.lt\/wp-content\/uploads\/2022\/03\/montilogo-1.png\",\"contentUrl\":\"https:\/\/dev.monti.lt\/wp-content\/uploads\/2022\/03\/montilogo-1.png\",\"width\":512,\"height\":512,\"caption\":\"Montessori \u017eaislai\"},\"image\":{\"@id\":\"https:\/\/dev.monti.lt\/#\/schema\/logo\/image\/\"}}]}<\/script>\n<!-- \/ Yoast SEO plugin. -->","yoast_head_json":{"title":"Edukacin\u0117 puodeli\u0173 piramid\u0117 - Montessori \u017eaislai","robots":{"index":"noindex","follow":"follow","max-snippet":"max-snippet:-1","max-image-preview":"max-image-preview:large","max-video-preview":"max-video-preview:-1"},"og_locale":"en_US","og_type":"article","og_title":"Edukacin\u0117 puodeli\u0173 piramid\u0117 - Montessori \u017eaislai","og_description":"EDUKACINIAI PUODELIAI BOK\u0160TAS PIRAMID\u0116 SKAI\u010cIAI IR VAISIAI Kiekvienas vaikas m\u0117gsta \u017eaisti! Be to, kiekvienam vaikui taip pat reikia i\u0161mokti daug \u012fvairi\u0173 \u012fg\u016bd\u017ei\u0173 ir \u012fgyti pagrindini\u0173 \u017eini\u0173. Tad kod\u0117l gi nesuderinus linksmybi\u0173 su mokymusi? Bet ar tai apskritai \u012fmanoma? Kiek \u012fmanoma! SPALVINGI EDUKACINIAI PUODELIAI &#8211; NUOBODULIO U\u017dMU\u0160\u0116JAI! Ry\u0161kios spalvos ir gra\u017e\u016bs paveiksl\u0117liai ant edukacini\u0173 puodeli\u0173 tikrai [&hellip;]","og_url":"https:\/\/dev.monti.lt\/en\/product\/edukacine-puodeliu-piramide\/","og_site_name":"Montessori \u017eaislai","article_modified_time":"2024-09-30T10:50:44+00:00","og_image":[{"width":1024,"height":1024,"url":"https:\/\/dev.monti.lt\/wp-content\/uploads\/2023\/10\/Educational-cups-tower-pyramid-numbers-and-fruits-108435.jpg","type":"image\/jpeg"}],"twitter_card":"summary_large_image","twitter_misc":{"Est. reading time":"2 minutes"},"schema":{"@context":"https:\/\/schema.org","@graph":[{"@type":"WebPage","@id":"https:\/\/dev.monti.lt\/product\/edukacine-puodeliu-piramide\/","url":"https:\/\/dev.monti.lt\/product\/edukacine-puodeliu-piramide\/","name":"Edukacin\u0117 puodeli\u0173 piramid\u0117 - Montessori \u017eaislai","isPartOf":{"@id":"https:\/\/dev.monti.lt\/#website"},"primaryImageOfPage":{"@id":"https:\/\/dev.monti.lt\/product\/edukacine-puodeliu-piramide\/#primaryimage"},"image":{"@id":"https:\/\/dev.monti.lt\/product\/edukacine-puodeliu-piramide\/#primaryimage"},"thumbnailUrl":"https:\/\/dev.monti.lt\/wp-content\/uploads\/2023\/10\/Educational-cups-tower-pyramid-numbers-and-fruits-108435.jpg","datePublished":"2023-10-02T07:40:33+00:00","dateModified":"2024-09-30T10:50:44+00:00","breadcrumb":{"@id":"https:\/\/dev.monti.lt\/product\/edukacine-puodeliu-piramide\/#breadcrumb"},"inLanguage":"en-US","potentialAction":[{"@type":"ReadAction","target":["https:\/\/dev.monti.lt\/product\/edukacine-puodeliu-piramide\/"]}]},{"@type":"ImageObject","inLanguage":"en-US","@id":"https:\/\/dev.monti.lt\/product\/edukacine-puodeliu-piramide\/#primaryimage","url":"https:\/\/dev.monti.lt\/wp-content\/uploads\/2023\/10\/Educational-cups-tower-pyramid-numbers-and-fruits-108435.jpg","contentUrl":"https:\/\/dev.monti.lt\/wp-content\/uploads\/2023\/10\/Educational-cups-tower-pyramid-numbers-and-fruits-108435.jpg","width":1024,"height":1024,"caption":"skaiciu bokstas"},{"@type":"BreadcrumbList","@id":"https:\/\/dev.monti.lt\/product\/edukacine-puodeliu-piramide\/#breadcrumb","itemListElement":[{"@type":"ListItem","position":1,"name":"Home","item":"https:\/\/dev.monti.lt\/"},{"@type":"ListItem","position":2,"name":"Parduotuv\u0117","item":"https:\/\/dev.monti.lt\/shop\/"},{"@type":"ListItem","position":3,"name":"Edukacin\u0117 puodeli\u0173 piramid\u0117"}]},{"@type":"WebSite","@id":"https:\/\/dev.monti.lt\/#website","url":"https:\/\/dev.monti.lt\/","name":"Montessori \u017eaislai","description":"","publisher":{"@id":"https:\/\/dev.monti.lt\/#organization"},"potentialAction":[{"@type":"SearchAction","target":{"@type":"EntryPoint","urlTemplate":"https:\/\/dev.monti.lt\/?s={search_term_string}"},"query-input":"required name=search_term_string"}],"inLanguage":"en-US"},{"@type":"Organization","@id":"https:\/\/dev.monti.lt\/#organization","name":"Montessori \u017eaislai","url":"https:\/\/dev.monti.lt\/","logo":{"@type":"ImageObject","inLanguage":"en-US","@id":"https:\/\/dev.monti.lt\/#\/schema\/logo\/image\/","url":"https:\/\/dev.monti.lt\/wp-content\/uploads\/2022\/03\/montilogo-1.png","contentUrl":"https:\/\/dev.monti.lt\/wp-content\/uploads\/2022\/03\/montilogo-1.png","width":512,"height":512,"caption":"Montessori \u017eaislai"},"image":{"@id":"https:\/\/dev.monti.lt\/#\/schema\/logo\/image\/"}}]}},"_links":{"self":[{"href":"https:\/\/dev.monti.lt\/en\/wp-json\/wp\/v2\/product\/17982"}],"collection":[{"href":"https:\/\/dev.monti.lt\/en\/wp-json\/wp\/v2\/product"}],"about":[{"href":"https:\/\/dev.monti.lt\/en\/wp-json\/wp\/v2\/types\/product"}],"version-history":[{"count":1,"href":"https:\/\/dev.monti.lt\/en\/wp-json\/wp\/v2\/product\/17982\/revisions"}],"predecessor-version":[{"id":17991,"href":"https:\/\/dev.monti.lt\/en\/wp-json\/wp\/v2\/product\/17982\/revisions\/17991"}],"wp:featuredmedia":[{"embeddable":true,"href":"https:\/\/dev.monti.lt\/en\/wp-json\/wp\/v2\/media\/17983"}],"wp:attachment":[{"href":"https:\/\/dev.monti.lt\/en\/wp-json\/wp\/v2\/media?parent=17982"}],"wp:term":[{"taxonomy":"product_cat","embeddable":true,"href":"https:\/\/dev.monti.lt\/en\/wp-json\/wp\/v2\/product_cat?post=17982"},{"taxonomy":"product_tag","embeddable":true,"href":"https:\/\/dev.monti.lt\/en\/wp-json\/wp\/v2\/product_tag?post=17982"}],"curies":[{"name":"wp","href":"https:\/\/api.w.org\/{rel}","templated":true}]}}