{"id":17970,"date":"2023-10-02T07:28:33","date_gmt":"2023-10-02T07:28:33","guid":{"rendered":"https:\/\/dev.monti.lt\/?post_type=product&#038;p=17970"},"modified":"2024-10-03T05:55:45","modified_gmt":"2024-10-03T05:55:45","slug":"17970","status":"publish","type":"product","link":"https:\/\/dev.monti.lt\/en\/product\/17970\/","title":{"rendered":"Medin\u0117 raketa"},"content":{"rendered":"<p>MEDINIS RAKETINIS LAIVAS ERDV\u0116LAIVIS ERDV\u0116LAIVIS ASTRONAUTAS<\/p><p>D\u0117mesio, d\u0117mesio, laikas did\u017eiajai kosminei kelionei! Hiustone, m\u016bs\u0173 laukia\u2026 puikios pramogos!<\/p><p>SPALVINGA RAKETA VAIKAMS &#8211; KOSMOSO PRAMOGOS GARANTUOTOS!<\/p><p>Auk\u0161ta, spalvinga raketa yra tai, ko reikia kiekvienam vaikui, turin\u010diam savyje bent dalel\u0119 tyrin\u0117tojo sielos. Skrydis \u012f \u017evaig\u017edes yra kiekvieno &#8211; nepriklausomai nuo am\u017eiaus &#8211; svajon\u0117!<\/p><p>Gra\u017eus, spalvingas dizainas lems, kad vienintelis jausmas, kur\u012f ma\u017eieji pajus raketai, bus meil\u0117 i\u0161 pirmo \u017evilgsnio. Visi jos elementai ry\u0161k\u016bs ir spalvingi, o tai paskatins visus \u017eaisti!<\/p><p>Kosminis laivas yra net 84 cm auk\u0161\u010dio, o jo plotis &#8211; 41,5 cm, tod\u0117l raketoplanas tikrai \u012fsp\u016bdingas. Skraidydamas po svetimas galaktikas jis tikrai patrauks d\u0117mes\u012f!<\/p><p>SU TINKAMA \u012eRANGA KIEKVIENA KELION\u0116 BUS S\u0116KMINGA!<\/p><p>Rinkinyje yra daug papildom\u0173 element\u0173, kad ekspedicijos \u012franga b\u016bt\u0173 visi\u0161kai sukomplektuota &#8211; juk n\u0117 viena kosmin\u0117 ekspedicija neapsieina be tinkamo pasiruo\u0161imo. Du astronautai, taip pat roveriai, transporto priemon\u0117s, kompiuteris, pirmosios pagalbos rinkinys ir kt. garantuoja daugyb\u0119 pramog\u0173 galimybi\u0173!<\/p><p>Priedai leid\u017eia nuodugniai tyrin\u0117ti svetimus pasaulius, kuriuos ma\u017eyliai ras pasl\u0117ptus \u012fvairiuose nam\u0173 kambariuose. Toks \u017eaidimas puikiai paveiks ma\u017eyli\u0173 k\u016brybi\u0161kum\u0105 ir i\u0161radingum\u0105. Jis taip pat leis jiems atlikti tyrin\u0117jan\u010di\u0173 astronaut\u0173, keliaujan\u010di\u0173 po tolimas galaktikas, vaidmen\u012f!<\/p><p>MEDINIS ERDV\u0116LAIVIS &#8211; EKOLOGIJA SVARBI IR KITOSE PLANETOSE!<\/p><p>Visi elementai pagaminti i\u0161 patvarios medienos, tod\u0117l raketa atlaikys ne vien\u0105 kelion\u0119. Jos pavir\u0161iai buvo kruop\u0161\u010diai nu\u0161lifuoti ir nuda\u017eyti saugiais da\u017eais, tod\u0117l j\u016bs\u0173 klientams nereik\u0117s nerimauti d\u0117l vaik\u0173 saugumo!<\/p><p>INFORMACIJA APIE GAMIN\u012e:<\/p><p>RINKINIO SUD\u0116TIS:<\/p><p>Savaranki\u0161kai surenkama raketa<br>Astronautas x2<br>Transporto priemon\u0117 x4<br>Robotas x2<br>Skydas x5<br>V\u0117liava<br>Ir kiti<br>Med\u017eiaga: mediena<\/p><p>Vaiko am\u017eius: 3+<\/p><p>DIMENSIJOS:<\/p><p>Raketa: Dydis: 40 cm x 40 cm x 89 cm<br>Auk\u0161tis tarp auk\u0161t\u0173: 16 cm<br>\u017dmoni\u0173 auk\u0161tis: 8,5 cm<br>Pakuot\u0117: 70 cm x 38 cm x 8 cm<br>Kosmin\u0117s raketos \u017eaislas, supakuotas \u012f esteti\u0161k\u0105 kartonin\u0119 pakuot\u0119.<\/p>","protected":false},"excerpt":{"rendered":"<p>MEDINIS RAKETINIS LAIVAS ERDV\u0116LAIVIS ERDV\u0116LAIVIS ASTRONAUTAS D\u0117mesio, d\u0117mesio, laikas did\u017eiajai kosminei kelionei! Hiustone, m\u016bs\u0173 laukia\u2026 puikios pramogos! SPALVINGA RAKETA VAIKAMS &#8211; KOSMOSO PRAMOGOS GARANTUOTOS! Auk\u0161ta, spalvinga raketa yra tai, ko reikia kiekvienam vaikui, turin\u010diam savyje bent dalel\u0119 tyrin\u0117tojo sielos. Skrydis \u012f \u017evaig\u017edes yra kiekvieno &#8211; nepriklausomai nuo am\u017eiaus &#8211; svajon\u0117! Gra\u017eus, spalvingas dizainas lems, kad [&hellip;]<\/p>","protected":false},"featured_media":17974,"template":"","meta":{"iawp_total_views":62},"product_cat":[195,216,217,197,191,82,192,84,102,90,86,50,199,93,49,39,215],"product_tag":[97,98,99],"class_list":{"0":"post-17970","1":"product","2":"type-product","3":"status-publish","4":"has-post-thumbnail","6":"product_cat-dovanos-vaikams-3-4-metu","7":"product_cat-dovanos-4-5-metu-vaikams","8":"product_cat-dovanos-5-7-metu-vaikams","9":"product_cat-dovanos-berniukams","10":"product_cat-dovanos-vaikams","11":"product_cat-ispardavimas","12":"product_cat-kaledines-dovanos-vaikams","13":"product_cat-lavinamieji-zaislai","14":"product_cat-mediniai-zaislai","15":"product_cat-pasaulio-pazinimas","16":"product_cat-smulkioji-motorika","17":"product_cat-top-dovanos","18":"product_cat-ugdymo-istaigoms","19":"product_cat-vaidmenu-zaidimai","20":"product_cat-visi-zaislai","21":"product_cat-zaislai","22":"product_cat-zaislai-berniukams","23":"product_tag-3-m-4-m","24":"product_tag-5-m-7-m","25":"product_tag-8-m-11-m","27":"first","28":"outofstock","29":"sale","30":"taxable","31":"shipping-taxable","32":"purchasable","33":"product-type-simple"},"yoast_head":"<!-- This site is optimized with the Yoast SEO plugin v23.3 - https:\/\/yoast.com\/wordpress\/plugins\/seo\/ -->\n<title>Medin\u0117 raketa - Montessori \u017eaislai<\/title>\n<meta name=\"robots\" content=\"noindex, follow, max-snippet:-1, max-image-preview:large, max-video-preview:-1\" \/>\n<meta property=\"og:locale\" content=\"en_US\" \/>\n<meta property=\"og:type\" content=\"article\" \/>\n<meta property=\"og:title\" content=\"Medin\u0117 raketa - Montessori \u017eaislai\" \/>\n<meta property=\"og:description\" content=\"MEDINIS RAKETINIS LAIVAS ERDV\u0116LAIVIS ERDV\u0116LAIVIS ASTRONAUTAS D\u0117mesio, d\u0117mesio, laikas did\u017eiajai kosminei kelionei! Hiustone, m\u016bs\u0173 laukia\u2026 puikios pramogos! SPALVINGA RAKETA VAIKAMS &#8211; KOSMOSO PRAMOGOS GARANTUOTOS! Auk\u0161ta, spalvinga raketa yra tai, ko reikia kiekvienam vaikui, turin\u010diam savyje bent dalel\u0119 tyrin\u0117tojo sielos. Skrydis \u012f \u017evaig\u017edes yra kiekvieno &#8211; nepriklausomai nuo am\u017eiaus &#8211; svajon\u0117! Gra\u017eus, spalvingas dizainas lems, kad [&hellip;]\" \/>\n<meta property=\"og:url\" content=\"https:\/\/dev.monti.lt\/en\/product\/17970\/\" \/>\n<meta property=\"og:site_name\" content=\"Montessori \u017eaislai\" \/>\n<meta property=\"article:modified_time\" content=\"2024-10-03T05:55:45+00:00\" \/>\n<meta property=\"og:image\" content=\"https:\/\/dev.monti.lt\/wp-content\/uploads\/2023\/10\/Wooden-rocket-ship-space-shuttle-astronaut-131508.jpg\" \/>\n\t<meta property=\"og:image:width\" content=\"1024\" \/>\n\t<meta property=\"og:image:height\" content=\"1024\" \/>\n\t<meta property=\"og:image:type\" content=\"image\/jpeg\" \/>\n<meta name=\"twitter:card\" content=\"summary_large_image\" \/>\n<meta name=\"twitter:label1\" content=\"Est. reading time\" \/>\n\t<meta name=\"twitter:data1\" content=\"2 minutes\" \/>\n<script type=\"application\/ld+json\" class=\"yoast-schema-graph\">{\"@context\":\"https:\/\/schema.org\",\"@graph\":[{\"@type\":\"WebPage\",\"@id\":\"https:\/\/dev.monti.lt\/product\/17970\/\",\"url\":\"https:\/\/dev.monti.lt\/product\/17970\/\",\"name\":\"Medin\u0117 raketa - Montessori \u017eaislai\",\"isPartOf\":{\"@id\":\"https:\/\/dev.monti.lt\/#website\"},\"primaryImageOfPage\":{\"@id\":\"https:\/\/dev.monti.lt\/product\/17970\/#primaryimage\"},\"image\":{\"@id\":\"https:\/\/dev.monti.lt\/product\/17970\/#primaryimage\"},\"thumbnailUrl\":\"https:\/\/dev.monti.lt\/wp-content\/uploads\/2023\/10\/Wooden-rocket-ship-space-shuttle-astronaut-131508.jpg\",\"datePublished\":\"2023-10-02T07:28:33+00:00\",\"dateModified\":\"2024-10-03T05:55:45+00:00\",\"breadcrumb\":{\"@id\":\"https:\/\/dev.monti.lt\/product\/17970\/#breadcrumb\"},\"inLanguage\":\"en-US\",\"potentialAction\":[{\"@type\":\"ReadAction\",\"target\":[\"https:\/\/dev.monti.lt\/product\/17970\/\"]}]},{\"@type\":\"ImageObject\",\"inLanguage\":\"en-US\",\"@id\":\"https:\/\/dev.monti.lt\/product\/17970\/#primaryimage\",\"url\":\"https:\/\/dev.monti.lt\/wp-content\/uploads\/2023\/10\/Wooden-rocket-ship-space-shuttle-astronaut-131508.jpg\",\"contentUrl\":\"https:\/\/dev.monti.lt\/wp-content\/uploads\/2023\/10\/Wooden-rocket-ship-space-shuttle-astronaut-131508.jpg\",\"width\":1024,\"height\":1024,\"caption\":\"medine raketa\"},{\"@type\":\"BreadcrumbList\",\"@id\":\"https:\/\/dev.monti.lt\/product\/17970\/#breadcrumb\",\"itemListElement\":[{\"@type\":\"ListItem\",\"position\":1,\"name\":\"Home\",\"item\":\"https:\/\/dev.monti.lt\/\"},{\"@type\":\"ListItem\",\"position\":2,\"name\":\"Parduotuv\u0117\",\"item\":\"https:\/\/dev.monti.lt\/shop\/\"},{\"@type\":\"ListItem\",\"position\":3,\"name\":\"Medin\u0117 raketa\"}]},{\"@type\":\"WebSite\",\"@id\":\"https:\/\/dev.monti.lt\/#website\",\"url\":\"https:\/\/dev.monti.lt\/\",\"name\":\"Montessori \u017eaislai\",\"description\":\"\",\"publisher\":{\"@id\":\"https:\/\/dev.monti.lt\/#organization\"},\"potentialAction\":[{\"@type\":\"SearchAction\",\"target\":{\"@type\":\"EntryPoint\",\"urlTemplate\":\"https:\/\/dev.monti.lt\/?s={search_term_string}\"},\"query-input\":\"required name=search_term_string\"}],\"inLanguage\":\"en-US\"},{\"@type\":\"Organization\",\"@id\":\"https:\/\/dev.monti.lt\/#organization\",\"name\":\"Montessori \u017eaislai\",\"url\":\"https:\/\/dev.monti.lt\/\",\"logo\":{\"@type\":\"ImageObject\",\"inLanguage\":\"en-US\",\"@id\":\"https:\/\/dev.monti.lt\/#\/schema\/logo\/image\/\",\"url\":\"https:\/\/dev.monti.lt\/wp-content\/uploads\/2022\/03\/montilogo-1.png\",\"contentUrl\":\"https:\/\/dev.monti.lt\/wp-content\/uploads\/2022\/03\/montilogo-1.png\",\"width\":512,\"height\":512,\"caption\":\"Montessori \u017eaislai\"},\"image\":{\"@id\":\"https:\/\/dev.monti.lt\/#\/schema\/logo\/image\/\"}}]}<\/script>\n<!-- \/ Yoast SEO plugin. -->","yoast_head_json":{"title":"Medin\u0117 raketa - Montessori \u017eaislai","robots":{"index":"noindex","follow":"follow","max-snippet":"max-snippet:-1","max-image-preview":"max-image-preview:large","max-video-preview":"max-video-preview:-1"},"og_locale":"en_US","og_type":"article","og_title":"Medin\u0117 raketa - Montessori \u017eaislai","og_description":"MEDINIS RAKETINIS LAIVAS ERDV\u0116LAIVIS ERDV\u0116LAIVIS ASTRONAUTAS D\u0117mesio, d\u0117mesio, laikas did\u017eiajai kosminei kelionei! Hiustone, m\u016bs\u0173 laukia\u2026 puikios pramogos! SPALVINGA RAKETA VAIKAMS &#8211; KOSMOSO PRAMOGOS GARANTUOTOS! Auk\u0161ta, spalvinga raketa yra tai, ko reikia kiekvienam vaikui, turin\u010diam savyje bent dalel\u0119 tyrin\u0117tojo sielos. Skrydis \u012f \u017evaig\u017edes yra kiekvieno &#8211; nepriklausomai nuo am\u017eiaus &#8211; svajon\u0117! Gra\u017eus, spalvingas dizainas lems, kad [&hellip;]","og_url":"https:\/\/dev.monti.lt\/en\/product\/17970\/","og_site_name":"Montessori \u017eaislai","article_modified_time":"2024-10-03T05:55:45+00:00","og_image":[{"width":1024,"height":1024,"url":"https:\/\/dev.monti.lt\/wp-content\/uploads\/2023\/10\/Wooden-rocket-ship-space-shuttle-astronaut-131508.jpg","type":"image\/jpeg"}],"twitter_card":"summary_large_image","twitter_misc":{"Est. reading time":"2 minutes"},"schema":{"@context":"https:\/\/schema.org","@graph":[{"@type":"WebPage","@id":"https:\/\/dev.monti.lt\/product\/17970\/","url":"https:\/\/dev.monti.lt\/product\/17970\/","name":"Medin\u0117 raketa - Montessori \u017eaislai","isPartOf":{"@id":"https:\/\/dev.monti.lt\/#website"},"primaryImageOfPage":{"@id":"https:\/\/dev.monti.lt\/product\/17970\/#primaryimage"},"image":{"@id":"https:\/\/dev.monti.lt\/product\/17970\/#primaryimage"},"thumbnailUrl":"https:\/\/dev.monti.lt\/wp-content\/uploads\/2023\/10\/Wooden-rocket-ship-space-shuttle-astronaut-131508.jpg","datePublished":"2023-10-02T07:28:33+00:00","dateModified":"2024-10-03T05:55:45+00:00","breadcrumb":{"@id":"https:\/\/dev.monti.lt\/product\/17970\/#breadcrumb"},"inLanguage":"en-US","potentialAction":[{"@type":"ReadAction","target":["https:\/\/dev.monti.lt\/product\/17970\/"]}]},{"@type":"ImageObject","inLanguage":"en-US","@id":"https:\/\/dev.monti.lt\/product\/17970\/#primaryimage","url":"https:\/\/dev.monti.lt\/wp-content\/uploads\/2023\/10\/Wooden-rocket-ship-space-shuttle-astronaut-131508.jpg","contentUrl":"https:\/\/dev.monti.lt\/wp-content\/uploads\/2023\/10\/Wooden-rocket-ship-space-shuttle-astronaut-131508.jpg","width":1024,"height":1024,"caption":"medine raketa"},{"@type":"BreadcrumbList","@id":"https:\/\/dev.monti.lt\/product\/17970\/#breadcrumb","itemListElement":[{"@type":"ListItem","position":1,"name":"Home","item":"https:\/\/dev.monti.lt\/"},{"@type":"ListItem","position":2,"name":"Parduotuv\u0117","item":"https:\/\/dev.monti.lt\/shop\/"},{"@type":"ListItem","position":3,"name":"Medin\u0117 raketa"}]},{"@type":"WebSite","@id":"https:\/\/dev.monti.lt\/#website","url":"https:\/\/dev.monti.lt\/","name":"Montessori \u017eaislai","description":"","publisher":{"@id":"https:\/\/dev.monti.lt\/#organization"},"potentialAction":[{"@type":"SearchAction","target":{"@type":"EntryPoint","urlTemplate":"https:\/\/dev.monti.lt\/?s={search_term_string}"},"query-input":"required name=search_term_string"}],"inLanguage":"en-US"},{"@type":"Organization","@id":"https:\/\/dev.monti.lt\/#organization","name":"Montessori \u017eaislai","url":"https:\/\/dev.monti.lt\/","logo":{"@type":"ImageObject","inLanguage":"en-US","@id":"https:\/\/dev.monti.lt\/#\/schema\/logo\/image\/","url":"https:\/\/dev.monti.lt\/wp-content\/uploads\/2022\/03\/montilogo-1.png","contentUrl":"https:\/\/dev.monti.lt\/wp-content\/uploads\/2022\/03\/montilogo-1.png","width":512,"height":512,"caption":"Montessori \u017eaislai"},"image":{"@id":"https:\/\/dev.monti.lt\/#\/schema\/logo\/image\/"}}]}},"_links":{"self":[{"href":"https:\/\/dev.monti.lt\/en\/wp-json\/wp\/v2\/product\/17970"}],"collection":[{"href":"https:\/\/dev.monti.lt\/en\/wp-json\/wp\/v2\/product"}],"about":[{"href":"https:\/\/dev.monti.lt\/en\/wp-json\/wp\/v2\/types\/product"}],"version-history":[{"count":2,"href":"https:\/\/dev.monti.lt\/en\/wp-json\/wp\/v2\/product\/17970\/revisions"}],"predecessor-version":[{"id":17972,"href":"https:\/\/dev.monti.lt\/en\/wp-json\/wp\/v2\/product\/17970\/revisions\/17972"}],"wp:featuredmedia":[{"embeddable":true,"href":"https:\/\/dev.monti.lt\/en\/wp-json\/wp\/v2\/media\/17974"}],"wp:attachment":[{"href":"https:\/\/dev.monti.lt\/en\/wp-json\/wp\/v2\/media?parent=17970"}],"wp:term":[{"taxonomy":"product_cat","embeddable":true,"href":"https:\/\/dev.monti.lt\/en\/wp-json\/wp\/v2\/product_cat?post=17970"},{"taxonomy":"product_tag","embeddable":true,"href":"https:\/\/dev.monti.lt\/en\/wp-json\/wp\/v2\/product_tag?post=17970"}],"curies":[{"name":"wp","href":"https:\/\/api.w.org\/{rel}","templated":true}]}}