{"id":17878,"date":"2023-09-25T10:37:53","date_gmt":"2023-09-25T10:37:53","guid":{"rendered":"https:\/\/dev.monti.lt\/?post_type=product&#038;p=17878"},"modified":"2024-08-12T10:49:43","modified_gmt":"2024-08-12T10:49:43","slug":"rozine-tipi-palapine","status":"publish","type":"product","link":"https:\/\/dev.monti.lt\/en\/product\/rozine-tipi-palapine\/","title":{"rendered":"Ro\u017ein\u0117 tipi palapin\u0117"},"content":{"rendered":"<p>Palapin\u0117 j\u016bs\u0173 vaikui.<\/p><p>Puiki vieta \u017eaisti ir lauke, ir viduje. Kiekvienas vaikas nori tur\u0117ti savo u\u017eburt\u0105 viet\u0105, kurioje gal\u0117t\u0173 pasl\u0117pti savo lobius ir pasikviesti brangiausius \u017emones.<\/p><p>Puiki vieta kartu skaityti pasakas, snausti po piet\u0173 tarp vis\u0173 pliu\u0161ini\u0173 \u017eaisl\u0173 arba \u017eaisti kartu su broliais ir seserimis.<\/p><p>D\u0117l savo dyd\u017eio m\u016bs\u0173 palapin\u0117s leid\u017eia laisvai \u017eaisti ne tik vienam.<\/p><p>Rinkin\u012f sudaro:<\/p><p>Palapin\u0117 &#8211; pagrindas plotis apie 120 cm x 120 cm auk\u0161tis apie 160 cm,<\/p><p>Buko karkasas 4 vnt. (2 cm skersmens stulpai) 190 cm<\/p><p>Palapin\u0117s audinys &#8211; 100% medviln\u0117<\/p><p>Palapin\u0117s apmu\u0161alas nuimamas, galima skalbti skalbimo ma\u0161inoje.<\/p>","protected":false},"excerpt":{"rendered":"<p>Palapin\u0117 j\u016bs\u0173 vaikui. Puiki vieta \u017eaisti ir lauke, ir viduje. Kiekvienas vaikas nori tur\u0117ti savo u\u017eburt\u0105 viet\u0105, kurioje gal\u0117t\u0173 pasl\u0117pti savo lobius ir pasikviesti brangiausius \u017emones. Puiki vieta kartu skaityti pasakas, snausti po piet\u0173 tarp vis\u0173 pliu\u0161ini\u0173 \u017eaisl\u0173 arba \u017eaisti kartu su broliais ir seserimis. D\u0117l savo dyd\u017eio m\u016bs\u0173 palapin\u0117s leid\u017eia laisvai \u017eaisti ne tik [&hellip;]<\/p>","protected":false},"featured_media":17879,"template":"","meta":{"iawp_total_views":76},"product_cat":[193,194,195,196,191,192,84,90,50,93,49,39,214],"product_tag":[95,96,97,98,99],"class_list":{"0":"post-17878","1":"product","2":"type-product","3":"status-publish","4":"has-post-thumbnail","6":"product_cat-dovanos-vaikams-1-2-metu","7":"product_cat-dovanos-vaikams-2-3-metu","8":"product_cat-dovanos-vaikams-3-4-metu","9":"product_cat-dovanos-mergaitems","10":"product_cat-dovanos-vaikams","11":"product_cat-kaledines-dovanos-vaikams","12":"product_cat-lavinamieji-zaislai","13":"product_cat-pasaulio-pazinimas","14":"product_cat-top-dovanos","15":"product_cat-vaidmenu-zaidimai","16":"product_cat-visi-zaislai","17":"product_cat-zaislai","18":"product_cat-zaislai-mergaitems","19":"product_tag-1-m-2-m","20":"product_tag-2-m-3-m","21":"product_tag-3-m-4-m","22":"product_tag-5-m-7-m","23":"product_tag-8-m-11-m","25":"first","26":"outofstock","27":"taxable","28":"shipping-taxable","29":"purchasable","30":"product-type-simple"},"yoast_head":"<!-- This site is optimized with the Yoast SEO plugin v23.3 - https:\/\/yoast.com\/wordpress\/plugins\/seo\/ -->\n<title>Ro\u017ein\u0117 tipi palapin\u0117 - Montessori \u017eaislai<\/title>\n<meta name=\"robots\" content=\"noindex, follow, max-snippet:-1, max-image-preview:large, max-video-preview:-1\" \/>\n<meta property=\"og:locale\" content=\"en_US\" \/>\n<meta property=\"og:type\" content=\"article\" \/>\n<meta property=\"og:title\" content=\"Ro\u017ein\u0117 tipi palapin\u0117 - Montessori \u017eaislai\" \/>\n<meta property=\"og:description\" content=\"Palapin\u0117 j\u016bs\u0173 vaikui. Puiki vieta \u017eaisti ir lauke, ir viduje. Kiekvienas vaikas nori tur\u0117ti savo u\u017eburt\u0105 viet\u0105, kurioje gal\u0117t\u0173 pasl\u0117pti savo lobius ir pasikviesti brangiausius \u017emones. Puiki vieta kartu skaityti pasakas, snausti po piet\u0173 tarp vis\u0173 pliu\u0161ini\u0173 \u017eaisl\u0173 arba \u017eaisti kartu su broliais ir seserimis. D\u0117l savo dyd\u017eio m\u016bs\u0173 palapin\u0117s leid\u017eia laisvai \u017eaisti ne tik [&hellip;]\" \/>\n<meta property=\"og:url\" content=\"https:\/\/dev.monti.lt\/en\/product\/rozine-tipi-palapine\/\" \/>\n<meta property=\"og:site_name\" content=\"Montessori \u017eaislai\" \/>\n<meta property=\"article:modified_time\" content=\"2024-08-12T10:49:43+00:00\" \/>\n<meta property=\"og:image\" content=\"https:\/\/dev.monti.lt\/wp-content\/uploads\/2023\/09\/namiot-dla-dzieci-tipi-bawelniany.webp\" \/>\n\t<meta property=\"og:image:width\" content=\"800\" \/>\n\t<meta property=\"og:image:height\" content=\"800\" \/>\n\t<meta property=\"og:image:type\" content=\"image\/webp\" \/>\n<meta name=\"twitter:card\" content=\"summary_large_image\" \/>\n<meta name=\"twitter:label1\" content=\"Est. reading time\" \/>\n\t<meta name=\"twitter:data1\" content=\"1 minute\" \/>\n<script type=\"application\/ld+json\" class=\"yoast-schema-graph\">{\"@context\":\"https:\/\/schema.org\",\"@graph\":[{\"@type\":\"WebPage\",\"@id\":\"https:\/\/dev.monti.lt\/product\/rozine-tipi-palapine\/\",\"url\":\"https:\/\/dev.monti.lt\/product\/rozine-tipi-palapine\/\",\"name\":\"Ro\u017ein\u0117 tipi palapin\u0117 - Montessori \u017eaislai\",\"isPartOf\":{\"@id\":\"https:\/\/dev.monti.lt\/#website\"},\"primaryImageOfPage\":{\"@id\":\"https:\/\/dev.monti.lt\/product\/rozine-tipi-palapine\/#primaryimage\"},\"image\":{\"@id\":\"https:\/\/dev.monti.lt\/product\/rozine-tipi-palapine\/#primaryimage\"},\"thumbnailUrl\":\"https:\/\/dev.monti.lt\/wp-content\/uploads\/2023\/09\/namiot-dla-dzieci-tipi-bawelniany.webp\",\"datePublished\":\"2023-09-25T10:37:53+00:00\",\"dateModified\":\"2024-08-12T10:49:43+00:00\",\"breadcrumb\":{\"@id\":\"https:\/\/dev.monti.lt\/product\/rozine-tipi-palapine\/#breadcrumb\"},\"inLanguage\":\"en-US\",\"potentialAction\":[{\"@type\":\"ReadAction\",\"target\":[\"https:\/\/dev.monti.lt\/product\/rozine-tipi-palapine\/\"]}]},{\"@type\":\"ImageObject\",\"inLanguage\":\"en-US\",\"@id\":\"https:\/\/dev.monti.lt\/product\/rozine-tipi-palapine\/#primaryimage\",\"url\":\"https:\/\/dev.monti.lt\/wp-content\/uploads\/2023\/09\/namiot-dla-dzieci-tipi-bawelniany.webp\",\"contentUrl\":\"https:\/\/dev.monti.lt\/wp-content\/uploads\/2023\/09\/namiot-dla-dzieci-tipi-bawelniany.webp\",\"width\":800,\"height\":800,\"caption\":\"vaikiska palapine\"},{\"@type\":\"BreadcrumbList\",\"@id\":\"https:\/\/dev.monti.lt\/product\/rozine-tipi-palapine\/#breadcrumb\",\"itemListElement\":[{\"@type\":\"ListItem\",\"position\":1,\"name\":\"Home\",\"item\":\"https:\/\/dev.monti.lt\/\"},{\"@type\":\"ListItem\",\"position\":2,\"name\":\"Parduotuv\u0117\",\"item\":\"https:\/\/dev.monti.lt\/shop\/\"},{\"@type\":\"ListItem\",\"position\":3,\"name\":\"Ro\u017ein\u0117 tipi palapin\u0117\"}]},{\"@type\":\"WebSite\",\"@id\":\"https:\/\/dev.monti.lt\/#website\",\"url\":\"https:\/\/dev.monti.lt\/\",\"name\":\"Montessori \u017eaislai\",\"description\":\"\",\"publisher\":{\"@id\":\"https:\/\/dev.monti.lt\/#organization\"},\"potentialAction\":[{\"@type\":\"SearchAction\",\"target\":{\"@type\":\"EntryPoint\",\"urlTemplate\":\"https:\/\/dev.monti.lt\/?s={search_term_string}\"},\"query-input\":\"required name=search_term_string\"}],\"inLanguage\":\"en-US\"},{\"@type\":\"Organization\",\"@id\":\"https:\/\/dev.monti.lt\/#organization\",\"name\":\"Montessori \u017eaislai\",\"url\":\"https:\/\/dev.monti.lt\/\",\"logo\":{\"@type\":\"ImageObject\",\"inLanguage\":\"en-US\",\"@id\":\"https:\/\/dev.monti.lt\/#\/schema\/logo\/image\/\",\"url\":\"https:\/\/dev.monti.lt\/wp-content\/uploads\/2022\/03\/montilogo-1.png\",\"contentUrl\":\"https:\/\/dev.monti.lt\/wp-content\/uploads\/2022\/03\/montilogo-1.png\",\"width\":512,\"height\":512,\"caption\":\"Montessori \u017eaislai\"},\"image\":{\"@id\":\"https:\/\/dev.monti.lt\/#\/schema\/logo\/image\/\"}}]}<\/script>\n<!-- \/ Yoast SEO plugin. -->","yoast_head_json":{"title":"Ro\u017ein\u0117 tipi palapin\u0117 - Montessori \u017eaislai","robots":{"index":"noindex","follow":"follow","max-snippet":"max-snippet:-1","max-image-preview":"max-image-preview:large","max-video-preview":"max-video-preview:-1"},"og_locale":"en_US","og_type":"article","og_title":"Ro\u017ein\u0117 tipi palapin\u0117 - Montessori \u017eaislai","og_description":"Palapin\u0117 j\u016bs\u0173 vaikui. Puiki vieta \u017eaisti ir lauke, ir viduje. Kiekvienas vaikas nori tur\u0117ti savo u\u017eburt\u0105 viet\u0105, kurioje gal\u0117t\u0173 pasl\u0117pti savo lobius ir pasikviesti brangiausius \u017emones. Puiki vieta kartu skaityti pasakas, snausti po piet\u0173 tarp vis\u0173 pliu\u0161ini\u0173 \u017eaisl\u0173 arba \u017eaisti kartu su broliais ir seserimis. D\u0117l savo dyd\u017eio m\u016bs\u0173 palapin\u0117s leid\u017eia laisvai \u017eaisti ne tik [&hellip;]","og_url":"https:\/\/dev.monti.lt\/en\/product\/rozine-tipi-palapine\/","og_site_name":"Montessori \u017eaislai","article_modified_time":"2024-08-12T10:49:43+00:00","og_image":[{"width":800,"height":800,"url":"https:\/\/dev.monti.lt\/wp-content\/uploads\/2023\/09\/namiot-dla-dzieci-tipi-bawelniany.webp","type":"image\/webp"}],"twitter_card":"summary_large_image","twitter_misc":{"Est. reading time":"1 minute"},"schema":{"@context":"https:\/\/schema.org","@graph":[{"@type":"WebPage","@id":"https:\/\/dev.monti.lt\/product\/rozine-tipi-palapine\/","url":"https:\/\/dev.monti.lt\/product\/rozine-tipi-palapine\/","name":"Ro\u017ein\u0117 tipi palapin\u0117 - Montessori \u017eaislai","isPartOf":{"@id":"https:\/\/dev.monti.lt\/#website"},"primaryImageOfPage":{"@id":"https:\/\/dev.monti.lt\/product\/rozine-tipi-palapine\/#primaryimage"},"image":{"@id":"https:\/\/dev.monti.lt\/product\/rozine-tipi-palapine\/#primaryimage"},"thumbnailUrl":"https:\/\/dev.monti.lt\/wp-content\/uploads\/2023\/09\/namiot-dla-dzieci-tipi-bawelniany.webp","datePublished":"2023-09-25T10:37:53+00:00","dateModified":"2024-08-12T10:49:43+00:00","breadcrumb":{"@id":"https:\/\/dev.monti.lt\/product\/rozine-tipi-palapine\/#breadcrumb"},"inLanguage":"en-US","potentialAction":[{"@type":"ReadAction","target":["https:\/\/dev.monti.lt\/product\/rozine-tipi-palapine\/"]}]},{"@type":"ImageObject","inLanguage":"en-US","@id":"https:\/\/dev.monti.lt\/product\/rozine-tipi-palapine\/#primaryimage","url":"https:\/\/dev.monti.lt\/wp-content\/uploads\/2023\/09\/namiot-dla-dzieci-tipi-bawelniany.webp","contentUrl":"https:\/\/dev.monti.lt\/wp-content\/uploads\/2023\/09\/namiot-dla-dzieci-tipi-bawelniany.webp","width":800,"height":800,"caption":"vaikiska palapine"},{"@type":"BreadcrumbList","@id":"https:\/\/dev.monti.lt\/product\/rozine-tipi-palapine\/#breadcrumb","itemListElement":[{"@type":"ListItem","position":1,"name":"Home","item":"https:\/\/dev.monti.lt\/"},{"@type":"ListItem","position":2,"name":"Parduotuv\u0117","item":"https:\/\/dev.monti.lt\/shop\/"},{"@type":"ListItem","position":3,"name":"Ro\u017ein\u0117 tipi palapin\u0117"}]},{"@type":"WebSite","@id":"https:\/\/dev.monti.lt\/#website","url":"https:\/\/dev.monti.lt\/","name":"Montessori \u017eaislai","description":"","publisher":{"@id":"https:\/\/dev.monti.lt\/#organization"},"potentialAction":[{"@type":"SearchAction","target":{"@type":"EntryPoint","urlTemplate":"https:\/\/dev.monti.lt\/?s={search_term_string}"},"query-input":"required name=search_term_string"}],"inLanguage":"en-US"},{"@type":"Organization","@id":"https:\/\/dev.monti.lt\/#organization","name":"Montessori \u017eaislai","url":"https:\/\/dev.monti.lt\/","logo":{"@type":"ImageObject","inLanguage":"en-US","@id":"https:\/\/dev.monti.lt\/#\/schema\/logo\/image\/","url":"https:\/\/dev.monti.lt\/wp-content\/uploads\/2022\/03\/montilogo-1.png","contentUrl":"https:\/\/dev.monti.lt\/wp-content\/uploads\/2022\/03\/montilogo-1.png","width":512,"height":512,"caption":"Montessori \u017eaislai"},"image":{"@id":"https:\/\/dev.monti.lt\/#\/schema\/logo\/image\/"}}]}},"_links":{"self":[{"href":"https:\/\/dev.monti.lt\/en\/wp-json\/wp\/v2\/product\/17878"}],"collection":[{"href":"https:\/\/dev.monti.lt\/en\/wp-json\/wp\/v2\/product"}],"about":[{"href":"https:\/\/dev.monti.lt\/en\/wp-json\/wp\/v2\/types\/product"}],"version-history":[{"count":1,"href":"https:\/\/dev.monti.lt\/en\/wp-json\/wp\/v2\/product\/17878\/revisions"}],"predecessor-version":[{"id":17884,"href":"https:\/\/dev.monti.lt\/en\/wp-json\/wp\/v2\/product\/17878\/revisions\/17884"}],"wp:featuredmedia":[{"embeddable":true,"href":"https:\/\/dev.monti.lt\/en\/wp-json\/wp\/v2\/media\/17879"}],"wp:attachment":[{"href":"https:\/\/dev.monti.lt\/en\/wp-json\/wp\/v2\/media?parent=17878"}],"wp:term":[{"taxonomy":"product_cat","embeddable":true,"href":"https:\/\/dev.monti.lt\/en\/wp-json\/wp\/v2\/product_cat?post=17878"},{"taxonomy":"product_tag","embeddable":true,"href":"https:\/\/dev.monti.lt\/en\/wp-json\/wp\/v2\/product_tag?post=17878"}],"curies":[{"name":"wp","href":"https:\/\/api.w.org\/{rel}","templated":true}]}}