{"id":17870,"date":"2023-09-25T10:32:37","date_gmt":"2023-09-25T10:32:37","guid":{"rendered":"https:\/\/dev.monti.lt\/?post_type=product&#038;p=17870"},"modified":"2024-05-31T06:10:34","modified_gmt":"2024-05-31T06:10:34","slug":"medinis-konstruktorius","status":"publish","type":"product","link":"https:\/\/dev.monti.lt\/en\/product\/medinis-konstruktorius\/","title":{"rendered":"Medinis konstruktorius"},"content":{"rendered":"<p>Spalving\u0173 kalad\u0117li\u0173 rinkinys !<\/p><p>Spalvot\u0173 kalad\u0117li\u0173 rinkinys &#8211; tai \u017eaislas, skirtas ma\u017eiesiems konstruktoriams ir statyb\u0173 entuziastams. Rinkinyje yra net 80 element\u0173, tod\u0117l galime b\u016bti tikri, kad m\u016bs\u0173 vaikas ilgai u\u017esibus \u017eaisdamas ir statydamas nuostabias konstrukcijas.<\/p><p>\u017daisdamas m\u016bs\u0173 vaikas lavina rank\u0173 darbo \u012fg\u016bd\u017eius ir erdvin\u0119 vaizduot\u0119, nes kalad\u0117l\u0117s statomos \u012fvairiais lygiais. D\u0117l trump\u0173 instrukcij\u0173 lengviau prad\u0117ti konstravimo pramog\u0105, tada vaikas gal\u0117s pats kurti savo unikalias konstrukcijas.<\/p><p>Rinkin\u012f sudaro \u0161ie elementai:<\/p><p>d\u0117\u017eut\u0117 su dang\u010diu<br>80 detali\u0173, i\u0161 kuri\u0173 galima statyti<br>jungtys kalad\u0117l\u0117ms ir ratams statyti, pincetas jungtims nuimti<br>instrukcijos su konstravimo pavyzd\u017eiais<\/p><p>3+ metai<\/p>","protected":false},"excerpt":{"rendered":"<p>Spalving\u0173 kalad\u0117li\u0173 rinkinys ! Spalvot\u0173 kalad\u0117li\u0173 rinkinys &#8211; tai \u017eaislas, skirtas ma\u017eiesiems konstruktoriams ir statyb\u0173 entuziastams. Rinkinyje yra net 80 element\u0173, tod\u0117l galime b\u016bti tikri, kad m\u016bs\u0173 vaikas ilgai u\u017esibus \u017eaisdamas ir statydamas nuostabias konstrukcijas. \u017daisdamas m\u016bs\u0173 vaikas lavina rank\u0173 darbo \u012fg\u016bd\u017eius ir erdvin\u0119 vaizduot\u0119, nes kalad\u0117l\u0117s statomos \u012fvairiais lygiais. D\u0117l trump\u0173 instrukcij\u0173 lengviau prad\u0117ti [&hellip;]<\/p>","protected":false},"featured_media":17871,"template":"","meta":{"iawp_total_views":35},"product_cat":[92,195,216,217,197,191,192,87,84,91,102,83,90,86,199,49,39,215],"product_tag":[97,98,99],"class_list":{"0":"post-17870","1":"product","2":"type-product","3":"status-publish","4":"has-post-thumbnail","6":"product_cat-deliones","7":"product_cat-dovanos-vaikams-3-4-metu","8":"product_cat-dovanos-4-5-metu-vaikams","9":"product_cat-dovanos-5-7-metu-vaikams","10":"product_cat-dovanos-berniukams","11":"product_cat-dovanos-vaikams","12":"product_cat-kaledines-dovanos-vaikams","13":"product_cat-kurybiniai-rinkiniai","14":"product_cat-lavinamieji-zaislai","15":"product_cat-loginiam-mastymui","16":"product_cat-mediniai-zaislai","17":"product_cat-montessori-zaislai","18":"product_cat-pasaulio-pazinimas","19":"product_cat-smulkioji-motorika","20":"product_cat-ugdymo-istaigoms","21":"product_cat-visi-zaislai","22":"product_cat-zaislai","23":"product_cat-zaislai-berniukams","24":"product_tag-3-m-4-m","25":"product_tag-5-m-7-m","26":"product_tag-8-m-11-m","28":"first","29":"instock","30":"sale","31":"taxable","32":"shipping-taxable","33":"purchasable","34":"product-type-simple"},"yoast_head":"<!-- This site is optimized with the Yoast SEO plugin v23.3 - https:\/\/yoast.com\/wordpress\/plugins\/seo\/ -->\n<title>Medinis konstruktorius - Montessori \u017eaislai<\/title>\n<meta name=\"robots\" content=\"noindex, follow, max-snippet:-1, max-image-preview:large, max-video-preview:-1\" \/>\n<meta property=\"og:locale\" content=\"en_US\" \/>\n<meta property=\"og:type\" content=\"article\" \/>\n<meta property=\"og:title\" content=\"Medinis konstruktorius - Montessori \u017eaislai\" \/>\n<meta property=\"og:description\" content=\"Spalving\u0173 kalad\u0117li\u0173 rinkinys ! Spalvot\u0173 kalad\u0117li\u0173 rinkinys &#8211; tai \u017eaislas, skirtas ma\u017eiesiems konstruktoriams ir statyb\u0173 entuziastams. Rinkinyje yra net 80 element\u0173, tod\u0117l galime b\u016bti tikri, kad m\u016bs\u0173 vaikas ilgai u\u017esibus \u017eaisdamas ir statydamas nuostabias konstrukcijas. \u017daisdamas m\u016bs\u0173 vaikas lavina rank\u0173 darbo \u012fg\u016bd\u017eius ir erdvin\u0119 vaizduot\u0119, nes kalad\u0117l\u0117s statomos \u012fvairiais lygiais. D\u0117l trump\u0173 instrukcij\u0173 lengviau prad\u0117ti [&hellip;]\" \/>\n<meta property=\"og:url\" content=\"https:\/\/dev.monti.lt\/en\/product\/medinis-konstruktorius\/\" \/>\n<meta property=\"og:site_name\" content=\"Montessori \u017eaislai\" \/>\n<meta property=\"article:modified_time\" content=\"2024-05-31T06:10:34+00:00\" \/>\n<meta property=\"og:image\" content=\"https:\/\/dev.monti.lt\/wp-content\/uploads\/2023\/09\/klocki-drewniane-w-woreczku-zkb-889-7-1.webp\" \/>\n\t<meta property=\"og:image:width\" content=\"800\" \/>\n\t<meta property=\"og:image:height\" content=\"800\" \/>\n\t<meta property=\"og:image:type\" content=\"image\/webp\" \/>\n<meta name=\"twitter:card\" content=\"summary_large_image\" \/>\n<meta name=\"twitter:label1\" content=\"Est. reading time\" \/>\n\t<meta name=\"twitter:data1\" content=\"1 minute\" \/>\n<script type=\"application\/ld+json\" class=\"yoast-schema-graph\">{\"@context\":\"https:\/\/schema.org\",\"@graph\":[{\"@type\":\"WebPage\",\"@id\":\"https:\/\/dev.monti.lt\/product\/medinis-konstruktorius\/\",\"url\":\"https:\/\/dev.monti.lt\/product\/medinis-konstruktorius\/\",\"name\":\"Medinis konstruktorius - Montessori \u017eaislai\",\"isPartOf\":{\"@id\":\"https:\/\/dev.monti.lt\/#website\"},\"primaryImageOfPage\":{\"@id\":\"https:\/\/dev.monti.lt\/product\/medinis-konstruktorius\/#primaryimage\"},\"image\":{\"@id\":\"https:\/\/dev.monti.lt\/product\/medinis-konstruktorius\/#primaryimage\"},\"thumbnailUrl\":\"https:\/\/dev.monti.lt\/wp-content\/uploads\/2023\/09\/klocki-drewniane-w-woreczku-zkb-889-7-1.webp\",\"datePublished\":\"2023-09-25T10:32:37+00:00\",\"dateModified\":\"2024-05-31T06:10:34+00:00\",\"breadcrumb\":{\"@id\":\"https:\/\/dev.monti.lt\/product\/medinis-konstruktorius\/#breadcrumb\"},\"inLanguage\":\"en-US\",\"potentialAction\":[{\"@type\":\"ReadAction\",\"target\":[\"https:\/\/dev.monti.lt\/product\/medinis-konstruktorius\/\"]}]},{\"@type\":\"ImageObject\",\"inLanguage\":\"en-US\",\"@id\":\"https:\/\/dev.monti.lt\/product\/medinis-konstruktorius\/#primaryimage\",\"url\":\"https:\/\/dev.monti.lt\/wp-content\/uploads\/2023\/09\/klocki-drewniane-w-woreczku-zkb-889-7-1.webp\",\"contentUrl\":\"https:\/\/dev.monti.lt\/wp-content\/uploads\/2023\/09\/klocki-drewniane-w-woreczku-zkb-889-7-1.webp\",\"width\":800,\"height\":800,\"caption\":\"medinis konstruktorius\"},{\"@type\":\"BreadcrumbList\",\"@id\":\"https:\/\/dev.monti.lt\/product\/medinis-konstruktorius\/#breadcrumb\",\"itemListElement\":[{\"@type\":\"ListItem\",\"position\":1,\"name\":\"Home\",\"item\":\"https:\/\/dev.monti.lt\/\"},{\"@type\":\"ListItem\",\"position\":2,\"name\":\"Parduotuv\u0117\",\"item\":\"https:\/\/dev.monti.lt\/shop\/\"},{\"@type\":\"ListItem\",\"position\":3,\"name\":\"Medinis konstruktorius\"}]},{\"@type\":\"WebSite\",\"@id\":\"https:\/\/dev.monti.lt\/#website\",\"url\":\"https:\/\/dev.monti.lt\/\",\"name\":\"Montessori \u017eaislai\",\"description\":\"\",\"publisher\":{\"@id\":\"https:\/\/dev.monti.lt\/#organization\"},\"potentialAction\":[{\"@type\":\"SearchAction\",\"target\":{\"@type\":\"EntryPoint\",\"urlTemplate\":\"https:\/\/dev.monti.lt\/?s={search_term_string}\"},\"query-input\":\"required name=search_term_string\"}],\"inLanguage\":\"en-US\"},{\"@type\":\"Organization\",\"@id\":\"https:\/\/dev.monti.lt\/#organization\",\"name\":\"Montessori \u017eaislai\",\"url\":\"https:\/\/dev.monti.lt\/\",\"logo\":{\"@type\":\"ImageObject\",\"inLanguage\":\"en-US\",\"@id\":\"https:\/\/dev.monti.lt\/#\/schema\/logo\/image\/\",\"url\":\"https:\/\/dev.monti.lt\/wp-content\/uploads\/2022\/03\/montilogo-1.png\",\"contentUrl\":\"https:\/\/dev.monti.lt\/wp-content\/uploads\/2022\/03\/montilogo-1.png\",\"width\":512,\"height\":512,\"caption\":\"Montessori \u017eaislai\"},\"image\":{\"@id\":\"https:\/\/dev.monti.lt\/#\/schema\/logo\/image\/\"}}]}<\/script>\n<!-- \/ Yoast SEO plugin. -->","yoast_head_json":{"title":"Medinis konstruktorius - Montessori \u017eaislai","robots":{"index":"noindex","follow":"follow","max-snippet":"max-snippet:-1","max-image-preview":"max-image-preview:large","max-video-preview":"max-video-preview:-1"},"og_locale":"en_US","og_type":"article","og_title":"Medinis konstruktorius - Montessori \u017eaislai","og_description":"Spalving\u0173 kalad\u0117li\u0173 rinkinys ! Spalvot\u0173 kalad\u0117li\u0173 rinkinys &#8211; tai \u017eaislas, skirtas ma\u017eiesiems konstruktoriams ir statyb\u0173 entuziastams. Rinkinyje yra net 80 element\u0173, tod\u0117l galime b\u016bti tikri, kad m\u016bs\u0173 vaikas ilgai u\u017esibus \u017eaisdamas ir statydamas nuostabias konstrukcijas. \u017daisdamas m\u016bs\u0173 vaikas lavina rank\u0173 darbo \u012fg\u016bd\u017eius ir erdvin\u0119 vaizduot\u0119, nes kalad\u0117l\u0117s statomos \u012fvairiais lygiais. D\u0117l trump\u0173 instrukcij\u0173 lengviau prad\u0117ti [&hellip;]","og_url":"https:\/\/dev.monti.lt\/en\/product\/medinis-konstruktorius\/","og_site_name":"Montessori \u017eaislai","article_modified_time":"2024-05-31T06:10:34+00:00","og_image":[{"width":800,"height":800,"url":"https:\/\/dev.monti.lt\/wp-content\/uploads\/2023\/09\/klocki-drewniane-w-woreczku-zkb-889-7-1.webp","type":"image\/webp"}],"twitter_card":"summary_large_image","twitter_misc":{"Est. reading time":"1 minute"},"schema":{"@context":"https:\/\/schema.org","@graph":[{"@type":"WebPage","@id":"https:\/\/dev.monti.lt\/product\/medinis-konstruktorius\/","url":"https:\/\/dev.monti.lt\/product\/medinis-konstruktorius\/","name":"Medinis konstruktorius - Montessori \u017eaislai","isPartOf":{"@id":"https:\/\/dev.monti.lt\/#website"},"primaryImageOfPage":{"@id":"https:\/\/dev.monti.lt\/product\/medinis-konstruktorius\/#primaryimage"},"image":{"@id":"https:\/\/dev.monti.lt\/product\/medinis-konstruktorius\/#primaryimage"},"thumbnailUrl":"https:\/\/dev.monti.lt\/wp-content\/uploads\/2023\/09\/klocki-drewniane-w-woreczku-zkb-889-7-1.webp","datePublished":"2023-09-25T10:32:37+00:00","dateModified":"2024-05-31T06:10:34+00:00","breadcrumb":{"@id":"https:\/\/dev.monti.lt\/product\/medinis-konstruktorius\/#breadcrumb"},"inLanguage":"en-US","potentialAction":[{"@type":"ReadAction","target":["https:\/\/dev.monti.lt\/product\/medinis-konstruktorius\/"]}]},{"@type":"ImageObject","inLanguage":"en-US","@id":"https:\/\/dev.monti.lt\/product\/medinis-konstruktorius\/#primaryimage","url":"https:\/\/dev.monti.lt\/wp-content\/uploads\/2023\/09\/klocki-drewniane-w-woreczku-zkb-889-7-1.webp","contentUrl":"https:\/\/dev.monti.lt\/wp-content\/uploads\/2023\/09\/klocki-drewniane-w-woreczku-zkb-889-7-1.webp","width":800,"height":800,"caption":"medinis konstruktorius"},{"@type":"BreadcrumbList","@id":"https:\/\/dev.monti.lt\/product\/medinis-konstruktorius\/#breadcrumb","itemListElement":[{"@type":"ListItem","position":1,"name":"Home","item":"https:\/\/dev.monti.lt\/"},{"@type":"ListItem","position":2,"name":"Parduotuv\u0117","item":"https:\/\/dev.monti.lt\/shop\/"},{"@type":"ListItem","position":3,"name":"Medinis konstruktorius"}]},{"@type":"WebSite","@id":"https:\/\/dev.monti.lt\/#website","url":"https:\/\/dev.monti.lt\/","name":"Montessori \u017eaislai","description":"","publisher":{"@id":"https:\/\/dev.monti.lt\/#organization"},"potentialAction":[{"@type":"SearchAction","target":{"@type":"EntryPoint","urlTemplate":"https:\/\/dev.monti.lt\/?s={search_term_string}"},"query-input":"required name=search_term_string"}],"inLanguage":"en-US"},{"@type":"Organization","@id":"https:\/\/dev.monti.lt\/#organization","name":"Montessori \u017eaislai","url":"https:\/\/dev.monti.lt\/","logo":{"@type":"ImageObject","inLanguage":"en-US","@id":"https:\/\/dev.monti.lt\/#\/schema\/logo\/image\/","url":"https:\/\/dev.monti.lt\/wp-content\/uploads\/2022\/03\/montilogo-1.png","contentUrl":"https:\/\/dev.monti.lt\/wp-content\/uploads\/2022\/03\/montilogo-1.png","width":512,"height":512,"caption":"Montessori \u017eaislai"},"image":{"@id":"https:\/\/dev.monti.lt\/#\/schema\/logo\/image\/"}}]}},"_links":{"self":[{"href":"https:\/\/dev.monti.lt\/en\/wp-json\/wp\/v2\/product\/17870"}],"collection":[{"href":"https:\/\/dev.monti.lt\/en\/wp-json\/wp\/v2\/product"}],"about":[{"href":"https:\/\/dev.monti.lt\/en\/wp-json\/wp\/v2\/types\/product"}],"version-history":[{"count":1,"href":"https:\/\/dev.monti.lt\/en\/wp-json\/wp\/v2\/product\/17870\/revisions"}],"predecessor-version":[{"id":17877,"href":"https:\/\/dev.monti.lt\/en\/wp-json\/wp\/v2\/product\/17870\/revisions\/17877"}],"wp:featuredmedia":[{"embeddable":true,"href":"https:\/\/dev.monti.lt\/en\/wp-json\/wp\/v2\/media\/17871"}],"wp:attachment":[{"href":"https:\/\/dev.monti.lt\/en\/wp-json\/wp\/v2\/media?parent=17870"}],"wp:term":[{"taxonomy":"product_cat","embeddable":true,"href":"https:\/\/dev.monti.lt\/en\/wp-json\/wp\/v2\/product_cat?post=17870"},{"taxonomy":"product_tag","embeddable":true,"href":"https:\/\/dev.monti.lt\/en\/wp-json\/wp\/v2\/product_tag?post=17870"}],"curies":[{"name":"wp","href":"https:\/\/api.w.org\/{rel}","templated":true}]}}