{"id":17850,"date":"2023-09-25T09:35:45","date_gmt":"2023-09-25T09:35:45","guid":{"rendered":"https:\/\/dev.monti.lt\/?post_type=product&#038;p=17850"},"modified":"2024-10-08T17:39:22","modified_gmt":"2024-10-08T17:39:22","slug":"zmogaus-kuno-pazinimo-delione","status":"publish","type":"product","link":"https:\/\/dev.monti.lt\/en\/product\/zmogaus-kuno-pazinimo-delione\/","title":{"rendered":"\u017dmogaus k\u016bno pa\u017einimo d\u0117lion\u0117"},"content":{"rendered":"<p>Nuostabus didelis rinkinys, skirtas mokyti vaikus anatomijos ir pa\u017einti \u017emogaus k\u016bn\u0105.<\/p><p>Magnetin\u0117s d\u0117lion\u0117s leid\u017eia bet kuriam vaikui lengvai su\u017einoti apie savo k\u016bn\u0105 ir yra naudingos per biologijos ar anatomijos pamokas. D\u0117l draugi\u0161kos formos kiekvienas vaikas greitai ir lengvai \u012fgis \u017eini\u0173, kurios pravers mokykloje ir v\u0117liau gyvenime.<\/p><p>Rinkin\u012f sudaro didel\u0117 40&#215;26,7&#215;0,6 cm dyd\u017eio magnetin\u0117 lenta, prie kurios pritvirtinti magnetai su \u0161iais elementais (i\u0161 viso rinkinyje yra 90 magnet\u0173:<\/p><ul class=\"wp-block-list\"><li>berniuko k\u016bnas (18 magnet\u0173)<\/li>\n\n<li>mergait\u0117s k\u016bnas (18 magnet\u0173)<\/li>\n\n<li>raumenys (18 magnet\u0173)<\/li>\n\n<li>skeleto sistema (18 magnet\u0173)<\/li>\n\n<li>vidaus organai (18 magnet\u0173)<\/li><\/ul><p>Be to, rinkinyje yra dvipus\u0117s kortel\u0117s su atskir\u0173 k\u016bno dali\u0173 apra\u0161ymais angl\u0173 kalba, kuri\u0173 matmenys 21&#215;14,8 cm, supakuotos \u012f mai\u0161el\u012f.<\/p><p>Viskas supakuota gra\u017eioje ir spalvingoje d\u0117\u017eut\u0117je, kurios matmenys: 42x28x5,5 cm<\/p><p><\/p>","protected":false},"excerpt":{"rendered":"<p>Nuostabus didelis rinkinys, skirtas mokyti vaikus anatomijos ir pa\u017einti \u017emogaus k\u016bn\u0105. Magnetin\u0117s d\u0117lion\u0117s leid\u017eia bet kuriam vaikui lengvai su\u017einoti apie savo k\u016bn\u0105 ir yra naudingos per biologijos ar anatomijos pamokas. D\u0117l draugi\u0161kos formos kiekvienas vaikas greitai ir lengvai \u012fgis \u017eini\u0173, kurios pravers mokykloje ir v\u0117liau gyvenime. Rinkin\u012f sudaro didel\u0117 40&#215;26,7&#215;0,6 cm dyd\u017eio magnetin\u0117 lenta, prie [&hellip;]<\/p>","protected":false},"featured_media":17851,"template":"","meta":{"iawp_total_views":53},"product_cat":[208,92,87,84,91,210,102,83,90,86,199,49,39],"product_tag":[97,98,99],"class_list":{"0":"post-17850","1":"product","2":"type-product","3":"status-publish","4":"has-post-thumbnail","6":"product_cat-deliones-2","7":"product_cat-deliones","8":"product_cat-kurybiniai-rinkiniai","9":"product_cat-lavinamieji-zaislai","10":"product_cat-loginiam-mastymui","11":"product_cat-medines-deliones","12":"product_cat-mediniai-zaislai","13":"product_cat-montessori-zaislai","14":"product_cat-pasaulio-pazinimas","15":"product_cat-smulkioji-motorika","16":"product_cat-ugdymo-istaigoms","17":"product_cat-visi-zaislai","18":"product_cat-zaislai","19":"product_tag-3-m-4-m","20":"product_tag-5-m-7-m","21":"product_tag-8-m-11-m","23":"first","24":"instock","25":"sale","26":"taxable","27":"shipping-taxable","28":"purchasable","29":"product-type-simple"},"yoast_head":"<!-- This site is optimized with the Yoast SEO plugin v23.3 - https:\/\/yoast.com\/wordpress\/plugins\/seo\/ -->\n<title>\u017dmogaus k\u016bno pa\u017einimo d\u0117lion\u0117 - Montessori \u017eaislai<\/title>\n<meta name=\"robots\" content=\"noindex, follow, max-snippet:-1, max-image-preview:large, max-video-preview:-1\" \/>\n<meta property=\"og:locale\" content=\"en_US\" \/>\n<meta property=\"og:type\" content=\"article\" \/>\n<meta property=\"og:title\" content=\"\u017dmogaus k\u016bno pa\u017einimo d\u0117lion\u0117 - Montessori \u017eaislai\" \/>\n<meta property=\"og:description\" content=\"Nuostabus didelis rinkinys, skirtas mokyti vaikus anatomijos ir pa\u017einti \u017emogaus k\u016bn\u0105. Magnetin\u0117s d\u0117lion\u0117s leid\u017eia bet kuriam vaikui lengvai su\u017einoti apie savo k\u016bn\u0105 ir yra naudingos per biologijos ar anatomijos pamokas. D\u0117l draugi\u0161kos formos kiekvienas vaikas greitai ir lengvai \u012fgis \u017eini\u0173, kurios pravers mokykloje ir v\u0117liau gyvenime. Rinkin\u012f sudaro didel\u0117 40&#215;26,7&#215;0,6 cm dyd\u017eio magnetin\u0117 lenta, prie [&hellip;]\" \/>\n<meta property=\"og:url\" content=\"https:\/\/dev.monti.lt\/en\/product\/zmogaus-kuno-pazinimo-delione\/\" \/>\n<meta property=\"og:site_name\" content=\"Montessori \u017eaislai\" \/>\n<meta property=\"article:modified_time\" content=\"2024-10-08T17:39:22+00:00\" \/>\n<meta property=\"og:image\" content=\"https:\/\/dev.monti.lt\/wp-content\/uploads\/2023\/09\/MAGNETYCZNEPUZZLECIALOCZLOWIEKAZKB943.webp\" \/>\n\t<meta property=\"og:image:width\" content=\"800\" \/>\n\t<meta property=\"og:image:height\" content=\"800\" \/>\n\t<meta property=\"og:image:type\" content=\"image\/webp\" \/>\n<meta name=\"twitter:card\" content=\"summary_large_image\" \/>\n<meta name=\"twitter:label1\" content=\"Est. reading time\" \/>\n\t<meta name=\"twitter:data1\" content=\"1 minute\" \/>\n<script type=\"application\/ld+json\" class=\"yoast-schema-graph\">{\"@context\":\"https:\/\/schema.org\",\"@graph\":[{\"@type\":\"WebPage\",\"@id\":\"https:\/\/dev.monti.lt\/product\/zmogaus-kuno-pazinimo-delione\/\",\"url\":\"https:\/\/dev.monti.lt\/product\/zmogaus-kuno-pazinimo-delione\/\",\"name\":\"\u017dmogaus k\u016bno pa\u017einimo d\u0117lion\u0117 - Montessori \u017eaislai\",\"isPartOf\":{\"@id\":\"https:\/\/dev.monti.lt\/#website\"},\"primaryImageOfPage\":{\"@id\":\"https:\/\/dev.monti.lt\/product\/zmogaus-kuno-pazinimo-delione\/#primaryimage\"},\"image\":{\"@id\":\"https:\/\/dev.monti.lt\/product\/zmogaus-kuno-pazinimo-delione\/#primaryimage\"},\"thumbnailUrl\":\"https:\/\/dev.monti.lt\/wp-content\/uploads\/2023\/09\/MAGNETYCZNEPUZZLECIALOCZLOWIEKAZKB943.webp\",\"datePublished\":\"2023-09-25T09:35:45+00:00\",\"dateModified\":\"2024-10-08T17:39:22+00:00\",\"breadcrumb\":{\"@id\":\"https:\/\/dev.monti.lt\/product\/zmogaus-kuno-pazinimo-delione\/#breadcrumb\"},\"inLanguage\":\"en-US\",\"potentialAction\":[{\"@type\":\"ReadAction\",\"target\":[\"https:\/\/dev.monti.lt\/product\/zmogaus-kuno-pazinimo-delione\/\"]}]},{\"@type\":\"ImageObject\",\"inLanguage\":\"en-US\",\"@id\":\"https:\/\/dev.monti.lt\/product\/zmogaus-kuno-pazinimo-delione\/#primaryimage\",\"url\":\"https:\/\/dev.monti.lt\/wp-content\/uploads\/2023\/09\/MAGNETYCZNEPUZZLECIALOCZLOWIEKAZKB943.webp\",\"contentUrl\":\"https:\/\/dev.monti.lt\/wp-content\/uploads\/2023\/09\/MAGNETYCZNEPUZZLECIALOCZLOWIEKAZKB943.webp\",\"width\":800,\"height\":800,\"caption\":\"kuno pazinimo delione\"},{\"@type\":\"BreadcrumbList\",\"@id\":\"https:\/\/dev.monti.lt\/product\/zmogaus-kuno-pazinimo-delione\/#breadcrumb\",\"itemListElement\":[{\"@type\":\"ListItem\",\"position\":1,\"name\":\"Home\",\"item\":\"https:\/\/dev.monti.lt\/\"},{\"@type\":\"ListItem\",\"position\":2,\"name\":\"Parduotuv\u0117\",\"item\":\"https:\/\/dev.monti.lt\/shop\/\"},{\"@type\":\"ListItem\",\"position\":3,\"name\":\"\u017dmogaus k\u016bno pa\u017einimo d\u0117lion\u0117\"}]},{\"@type\":\"WebSite\",\"@id\":\"https:\/\/dev.monti.lt\/#website\",\"url\":\"https:\/\/dev.monti.lt\/\",\"name\":\"Montessori \u017eaislai\",\"description\":\"\",\"publisher\":{\"@id\":\"https:\/\/dev.monti.lt\/#organization\"},\"potentialAction\":[{\"@type\":\"SearchAction\",\"target\":{\"@type\":\"EntryPoint\",\"urlTemplate\":\"https:\/\/dev.monti.lt\/?s={search_term_string}\"},\"query-input\":\"required name=search_term_string\"}],\"inLanguage\":\"en-US\"},{\"@type\":\"Organization\",\"@id\":\"https:\/\/dev.monti.lt\/#organization\",\"name\":\"Montessori \u017eaislai\",\"url\":\"https:\/\/dev.monti.lt\/\",\"logo\":{\"@type\":\"ImageObject\",\"inLanguage\":\"en-US\",\"@id\":\"https:\/\/dev.monti.lt\/#\/schema\/logo\/image\/\",\"url\":\"https:\/\/dev.monti.lt\/wp-content\/uploads\/2022\/03\/montilogo-1.png\",\"contentUrl\":\"https:\/\/dev.monti.lt\/wp-content\/uploads\/2022\/03\/montilogo-1.png\",\"width\":512,\"height\":512,\"caption\":\"Montessori \u017eaislai\"},\"image\":{\"@id\":\"https:\/\/dev.monti.lt\/#\/schema\/logo\/image\/\"}}]}<\/script>\n<!-- \/ Yoast SEO plugin. -->","yoast_head_json":{"title":"\u017dmogaus k\u016bno pa\u017einimo d\u0117lion\u0117 - Montessori \u017eaislai","robots":{"index":"noindex","follow":"follow","max-snippet":"max-snippet:-1","max-image-preview":"max-image-preview:large","max-video-preview":"max-video-preview:-1"},"og_locale":"en_US","og_type":"article","og_title":"\u017dmogaus k\u016bno pa\u017einimo d\u0117lion\u0117 - Montessori \u017eaislai","og_description":"Nuostabus didelis rinkinys, skirtas mokyti vaikus anatomijos ir pa\u017einti \u017emogaus k\u016bn\u0105. Magnetin\u0117s d\u0117lion\u0117s leid\u017eia bet kuriam vaikui lengvai su\u017einoti apie savo k\u016bn\u0105 ir yra naudingos per biologijos ar anatomijos pamokas. D\u0117l draugi\u0161kos formos kiekvienas vaikas greitai ir lengvai \u012fgis \u017eini\u0173, kurios pravers mokykloje ir v\u0117liau gyvenime. Rinkin\u012f sudaro didel\u0117 40&#215;26,7&#215;0,6 cm dyd\u017eio magnetin\u0117 lenta, prie [&hellip;]","og_url":"https:\/\/dev.monti.lt\/en\/product\/zmogaus-kuno-pazinimo-delione\/","og_site_name":"Montessori \u017eaislai","article_modified_time":"2024-10-08T17:39:22+00:00","og_image":[{"width":800,"height":800,"url":"https:\/\/dev.monti.lt\/wp-content\/uploads\/2023\/09\/MAGNETYCZNEPUZZLECIALOCZLOWIEKAZKB943.webp","type":"image\/webp"}],"twitter_card":"summary_large_image","twitter_misc":{"Est. reading time":"1 minute"},"schema":{"@context":"https:\/\/schema.org","@graph":[{"@type":"WebPage","@id":"https:\/\/dev.monti.lt\/product\/zmogaus-kuno-pazinimo-delione\/","url":"https:\/\/dev.monti.lt\/product\/zmogaus-kuno-pazinimo-delione\/","name":"\u017dmogaus k\u016bno pa\u017einimo d\u0117lion\u0117 - Montessori \u017eaislai","isPartOf":{"@id":"https:\/\/dev.monti.lt\/#website"},"primaryImageOfPage":{"@id":"https:\/\/dev.monti.lt\/product\/zmogaus-kuno-pazinimo-delione\/#primaryimage"},"image":{"@id":"https:\/\/dev.monti.lt\/product\/zmogaus-kuno-pazinimo-delione\/#primaryimage"},"thumbnailUrl":"https:\/\/dev.monti.lt\/wp-content\/uploads\/2023\/09\/MAGNETYCZNEPUZZLECIALOCZLOWIEKAZKB943.webp","datePublished":"2023-09-25T09:35:45+00:00","dateModified":"2024-10-08T17:39:22+00:00","breadcrumb":{"@id":"https:\/\/dev.monti.lt\/product\/zmogaus-kuno-pazinimo-delione\/#breadcrumb"},"inLanguage":"en-US","potentialAction":[{"@type":"ReadAction","target":["https:\/\/dev.monti.lt\/product\/zmogaus-kuno-pazinimo-delione\/"]}]},{"@type":"ImageObject","inLanguage":"en-US","@id":"https:\/\/dev.monti.lt\/product\/zmogaus-kuno-pazinimo-delione\/#primaryimage","url":"https:\/\/dev.monti.lt\/wp-content\/uploads\/2023\/09\/MAGNETYCZNEPUZZLECIALOCZLOWIEKAZKB943.webp","contentUrl":"https:\/\/dev.monti.lt\/wp-content\/uploads\/2023\/09\/MAGNETYCZNEPUZZLECIALOCZLOWIEKAZKB943.webp","width":800,"height":800,"caption":"kuno pazinimo delione"},{"@type":"BreadcrumbList","@id":"https:\/\/dev.monti.lt\/product\/zmogaus-kuno-pazinimo-delione\/#breadcrumb","itemListElement":[{"@type":"ListItem","position":1,"name":"Home","item":"https:\/\/dev.monti.lt\/"},{"@type":"ListItem","position":2,"name":"Parduotuv\u0117","item":"https:\/\/dev.monti.lt\/shop\/"},{"@type":"ListItem","position":3,"name":"\u017dmogaus k\u016bno pa\u017einimo d\u0117lion\u0117"}]},{"@type":"WebSite","@id":"https:\/\/dev.monti.lt\/#website","url":"https:\/\/dev.monti.lt\/","name":"Montessori \u017eaislai","description":"","publisher":{"@id":"https:\/\/dev.monti.lt\/#organization"},"potentialAction":[{"@type":"SearchAction","target":{"@type":"EntryPoint","urlTemplate":"https:\/\/dev.monti.lt\/?s={search_term_string}"},"query-input":"required name=search_term_string"}],"inLanguage":"en-US"},{"@type":"Organization","@id":"https:\/\/dev.monti.lt\/#organization","name":"Montessori \u017eaislai","url":"https:\/\/dev.monti.lt\/","logo":{"@type":"ImageObject","inLanguage":"en-US","@id":"https:\/\/dev.monti.lt\/#\/schema\/logo\/image\/","url":"https:\/\/dev.monti.lt\/wp-content\/uploads\/2022\/03\/montilogo-1.png","contentUrl":"https:\/\/dev.monti.lt\/wp-content\/uploads\/2022\/03\/montilogo-1.png","width":512,"height":512,"caption":"Montessori \u017eaislai"},"image":{"@id":"https:\/\/dev.monti.lt\/#\/schema\/logo\/image\/"}}]}},"_links":{"self":[{"href":"https:\/\/dev.monti.lt\/en\/wp-json\/wp\/v2\/product\/17850"}],"collection":[{"href":"https:\/\/dev.monti.lt\/en\/wp-json\/wp\/v2\/product"}],"about":[{"href":"https:\/\/dev.monti.lt\/en\/wp-json\/wp\/v2\/types\/product"}],"version-history":[{"count":1,"href":"https:\/\/dev.monti.lt\/en\/wp-json\/wp\/v2\/product\/17850\/revisions"}],"predecessor-version":[{"id":17860,"href":"https:\/\/dev.monti.lt\/en\/wp-json\/wp\/v2\/product\/17850\/revisions\/17860"}],"wp:featuredmedia":[{"embeddable":true,"href":"https:\/\/dev.monti.lt\/en\/wp-json\/wp\/v2\/media\/17851"}],"wp:attachment":[{"href":"https:\/\/dev.monti.lt\/en\/wp-json\/wp\/v2\/media?parent=17850"}],"wp:term":[{"taxonomy":"product_cat","embeddable":true,"href":"https:\/\/dev.monti.lt\/en\/wp-json\/wp\/v2\/product_cat?post=17850"},{"taxonomy":"product_tag","embeddable":true,"href":"https:\/\/dev.monti.lt\/en\/wp-json\/wp\/v2\/product_tag?post=17850"}],"curies":[{"name":"wp","href":"https:\/\/api.w.org\/{rel}","templated":true}]}}