{"id":17795,"date":"2023-09-21T07:26:51","date_gmt":"2023-09-21T07:26:51","guid":{"rendered":"https:\/\/dev.monti.lt\/?post_type=product&#038;p=17795"},"modified":"2024-09-13T06:27:43","modified_gmt":"2024-09-13T06:27:43","slug":"medinis-rusiuoklis-gyvunai","status":"publish","type":"product","link":"https:\/\/dev.monti.lt\/en\/product\/medinis-rusiuoklis-gyvunai\/","title":{"rendered":"Medinis r\u016b\u0161iuoklis &#8220;gyv\u016bnai&#8221;"},"content":{"rendered":"<p>Medinis r\u016b\u0161iuoklis ant ratuk\u0173 &#8211; puikus \u017eaislas kiekvienam vaikui, kuris ne tik m\u0117gsta automobilius, bet ir domisi rank\u0173 darbu.<\/p><p>\u2764\ufe0f\u017daisdamas su r\u016b\u0161iuokle m\u016bs\u0173 ma\u017eylis lavina akies ir rankos koordinacij\u0105, taip pat lavina vaizduot\u0119, kantryb\u0119 ir tikslum\u0105.<\/p><p>\u2764\ufe0f\u017daisdamas su juo vaikas gali i\u0161mokti ne tik form\u0173, bet ir spalv\u0173, gyv\u016bn\u0173 pavadinim\u0173, taip pat gali mokytis skai\u010di\u0173 ir skaitmen\u0173 bei atlikti pagrindinius matematinius veiksmus.<\/p><p>\u2764\ufe0fSu \u0161iuo r\u016b\u0161iuotuvu taip pat galima \u017eaisti kaip su bet kokiu kitu automobiliu, nes jis yra ant ratuk\u0173.<\/p><p>\u2764\ufe0fPasibaigus \u017eaidimui, visos kalad\u0117l\u0117s telpa \u012f vid\u0173, o tai padeda palaikyti tvark\u0105.<\/p><p>\u2705matmenys yra ma\u017edaug 16x21x9 cm.<\/p>","protected":false},"excerpt":{"rendered":"<p>Medinis r\u016b\u0161iuoklis ant ratuk\u0173 &#8211; puikus \u017eaislas kiekvienam vaikui, kuris ne tik m\u0117gsta automobilius, bet ir domisi rank\u0173 darbu. \u2764\ufe0f\u017daisdamas su r\u016b\u0161iuokle m\u016bs\u0173 ma\u017eylis lavina akies ir rankos koordinacij\u0105, taip pat lavina vaizduot\u0119, kantryb\u0119 ir tikslum\u0105. \u2764\ufe0f\u017daisdamas su juo vaikas gali i\u0161mokti ne tik form\u0173, bet ir spalv\u0173, gyv\u016bn\u0173 pavadinim\u0173, taip pat gali mokytis skai\u010di\u0173 [&hellip;]<\/p>","protected":false},"featured_media":17796,"template":"","meta":{"iawp_total_views":36},"product_cat":[92,193,191,192,84,91,102,88,83,90,86,49,39],"product_tag":[96,97],"class_list":{"0":"post-17795","1":"product","2":"type-product","3":"status-publish","4":"has-post-thumbnail","6":"product_cat-deliones","7":"product_cat-dovanos-vaikams-1-2-metu","8":"product_cat-dovanos-vaikams","9":"product_cat-kaledines-dovanos-vaikams","10":"product_cat-lavinamieji-zaislai","11":"product_cat-loginiam-mastymui","12":"product_cat-mediniai-zaislai","13":"product_cat-mokausi-zaisti","14":"product_cat-montessori-zaislai","15":"product_cat-pasaulio-pazinimas","16":"product_cat-smulkioji-motorika","17":"product_cat-visi-zaislai","18":"product_cat-zaislai","19":"product_tag-2-m-3-m","20":"product_tag-3-m-4-m","22":"first","23":"outofstock","24":"sale","25":"taxable","26":"shipping-taxable","27":"purchasable","28":"product-type-simple"},"yoast_head":"<!-- This site is optimized with the Yoast SEO plugin v23.3 - https:\/\/yoast.com\/wordpress\/plugins\/seo\/ -->\n<title>Medinis r\u016b\u0161iuoklis &quot;gyv\u016bnai&quot; - Montessori \u017eaislai<\/title>\n<meta name=\"robots\" content=\"noindex, follow, max-snippet:-1, max-image-preview:large, max-video-preview:-1\" \/>\n<meta property=\"og:locale\" content=\"en_US\" \/>\n<meta property=\"og:type\" content=\"article\" \/>\n<meta property=\"og:title\" content=\"Medinis r\u016b\u0161iuoklis &quot;gyv\u016bnai&quot; - Montessori \u017eaislai\" \/>\n<meta property=\"og:description\" content=\"Medinis r\u016b\u0161iuoklis ant ratuk\u0173 &#8211; puikus \u017eaislas kiekvienam vaikui, kuris ne tik m\u0117gsta automobilius, bet ir domisi rank\u0173 darbu. \u2764\ufe0f\u017daisdamas su r\u016b\u0161iuokle m\u016bs\u0173 ma\u017eylis lavina akies ir rankos koordinacij\u0105, taip pat lavina vaizduot\u0119, kantryb\u0119 ir tikslum\u0105. \u2764\ufe0f\u017daisdamas su juo vaikas gali i\u0161mokti ne tik form\u0173, bet ir spalv\u0173, gyv\u016bn\u0173 pavadinim\u0173, taip pat gali mokytis skai\u010di\u0173 [&hellip;]\" \/>\n<meta property=\"og:url\" content=\"https:\/\/dev.monti.lt\/en\/product\/medinis-rusiuoklis-gyvunai\/\" \/>\n<meta property=\"og:site_name\" content=\"Montessori \u017eaislai\" \/>\n<meta property=\"article:modified_time\" content=\"2024-09-13T06:27:43+00:00\" \/>\n<meta property=\"og:image\" content=\"https:\/\/dev.monti.lt\/wp-content\/uploads\/2023\/09\/klocki-drewniane-w-woreczku-zkb-889.webp\" \/>\n\t<meta property=\"og:image:width\" content=\"800\" \/>\n\t<meta property=\"og:image:height\" content=\"800\" \/>\n\t<meta property=\"og:image:type\" content=\"image\/webp\" \/>\n<meta name=\"twitter:card\" content=\"summary_large_image\" \/>\n<meta name=\"twitter:label1\" content=\"Est. reading time\" \/>\n\t<meta name=\"twitter:data1\" content=\"1 minute\" \/>\n<script type=\"application\/ld+json\" class=\"yoast-schema-graph\">{\"@context\":\"https:\/\/schema.org\",\"@graph\":[{\"@type\":\"WebPage\",\"@id\":\"https:\/\/dev.monti.lt\/product\/medinis-rusiuoklis-gyvunai\/\",\"url\":\"https:\/\/dev.monti.lt\/product\/medinis-rusiuoklis-gyvunai\/\",\"name\":\"Medinis r\u016b\u0161iuoklis \\\"gyv\u016bnai\\\" - Montessori \u017eaislai\",\"isPartOf\":{\"@id\":\"https:\/\/dev.monti.lt\/#website\"},\"primaryImageOfPage\":{\"@id\":\"https:\/\/dev.monti.lt\/product\/medinis-rusiuoklis-gyvunai\/#primaryimage\"},\"image\":{\"@id\":\"https:\/\/dev.monti.lt\/product\/medinis-rusiuoklis-gyvunai\/#primaryimage\"},\"thumbnailUrl\":\"https:\/\/dev.monti.lt\/wp-content\/uploads\/2023\/09\/klocki-drewniane-w-woreczku-zkb-889.webp\",\"datePublished\":\"2023-09-21T07:26:51+00:00\",\"dateModified\":\"2024-09-13T06:27:43+00:00\",\"breadcrumb\":{\"@id\":\"https:\/\/dev.monti.lt\/product\/medinis-rusiuoklis-gyvunai\/#breadcrumb\"},\"inLanguage\":\"en-US\",\"potentialAction\":[{\"@type\":\"ReadAction\",\"target\":[\"https:\/\/dev.monti.lt\/product\/medinis-rusiuoklis-gyvunai\/\"]}]},{\"@type\":\"ImageObject\",\"inLanguage\":\"en-US\",\"@id\":\"https:\/\/dev.monti.lt\/product\/medinis-rusiuoklis-gyvunai\/#primaryimage\",\"url\":\"https:\/\/dev.monti.lt\/wp-content\/uploads\/2023\/09\/klocki-drewniane-w-woreczku-zkb-889.webp\",\"contentUrl\":\"https:\/\/dev.monti.lt\/wp-content\/uploads\/2023\/09\/klocki-drewniane-w-woreczku-zkb-889.webp\",\"width\":800,\"height\":800,\"caption\":\"medinis rusiuoklis\"},{\"@type\":\"BreadcrumbList\",\"@id\":\"https:\/\/dev.monti.lt\/product\/medinis-rusiuoklis-gyvunai\/#breadcrumb\",\"itemListElement\":[{\"@type\":\"ListItem\",\"position\":1,\"name\":\"Home\",\"item\":\"https:\/\/dev.monti.lt\/\"},{\"@type\":\"ListItem\",\"position\":2,\"name\":\"Parduotuv\u0117\",\"item\":\"https:\/\/dev.monti.lt\/shop\/\"},{\"@type\":\"ListItem\",\"position\":3,\"name\":\"Medinis r\u016b\u0161iuoklis &#8220;gyv\u016bnai&#8221;\"}]},{\"@type\":\"WebSite\",\"@id\":\"https:\/\/dev.monti.lt\/#website\",\"url\":\"https:\/\/dev.monti.lt\/\",\"name\":\"Montessori \u017eaislai\",\"description\":\"\",\"publisher\":{\"@id\":\"https:\/\/dev.monti.lt\/#organization\"},\"potentialAction\":[{\"@type\":\"SearchAction\",\"target\":{\"@type\":\"EntryPoint\",\"urlTemplate\":\"https:\/\/dev.monti.lt\/?s={search_term_string}\"},\"query-input\":\"required name=search_term_string\"}],\"inLanguage\":\"en-US\"},{\"@type\":\"Organization\",\"@id\":\"https:\/\/dev.monti.lt\/#organization\",\"name\":\"Montessori \u017eaislai\",\"url\":\"https:\/\/dev.monti.lt\/\",\"logo\":{\"@type\":\"ImageObject\",\"inLanguage\":\"en-US\",\"@id\":\"https:\/\/dev.monti.lt\/#\/schema\/logo\/image\/\",\"url\":\"https:\/\/dev.monti.lt\/wp-content\/uploads\/2022\/03\/montilogo-1.png\",\"contentUrl\":\"https:\/\/dev.monti.lt\/wp-content\/uploads\/2022\/03\/montilogo-1.png\",\"width\":512,\"height\":512,\"caption\":\"Montessori \u017eaislai\"},\"image\":{\"@id\":\"https:\/\/dev.monti.lt\/#\/schema\/logo\/image\/\"}}]}<\/script>\n<!-- \/ Yoast SEO plugin. -->","yoast_head_json":{"title":"Medinis r\u016b\u0161iuoklis \"gyv\u016bnai\" - Montessori \u017eaislai","robots":{"index":"noindex","follow":"follow","max-snippet":"max-snippet:-1","max-image-preview":"max-image-preview:large","max-video-preview":"max-video-preview:-1"},"og_locale":"en_US","og_type":"article","og_title":"Medinis r\u016b\u0161iuoklis \"gyv\u016bnai\" - Montessori \u017eaislai","og_description":"Medinis r\u016b\u0161iuoklis ant ratuk\u0173 &#8211; puikus \u017eaislas kiekvienam vaikui, kuris ne tik m\u0117gsta automobilius, bet ir domisi rank\u0173 darbu. \u2764\ufe0f\u017daisdamas su r\u016b\u0161iuokle m\u016bs\u0173 ma\u017eylis lavina akies ir rankos koordinacij\u0105, taip pat lavina vaizduot\u0119, kantryb\u0119 ir tikslum\u0105. \u2764\ufe0f\u017daisdamas su juo vaikas gali i\u0161mokti ne tik form\u0173, bet ir spalv\u0173, gyv\u016bn\u0173 pavadinim\u0173, taip pat gali mokytis skai\u010di\u0173 [&hellip;]","og_url":"https:\/\/dev.monti.lt\/en\/product\/medinis-rusiuoklis-gyvunai\/","og_site_name":"Montessori \u017eaislai","article_modified_time":"2024-09-13T06:27:43+00:00","og_image":[{"width":800,"height":800,"url":"https:\/\/dev.monti.lt\/wp-content\/uploads\/2023\/09\/klocki-drewniane-w-woreczku-zkb-889.webp","type":"image\/webp"}],"twitter_card":"summary_large_image","twitter_misc":{"Est. reading time":"1 minute"},"schema":{"@context":"https:\/\/schema.org","@graph":[{"@type":"WebPage","@id":"https:\/\/dev.monti.lt\/product\/medinis-rusiuoklis-gyvunai\/","url":"https:\/\/dev.monti.lt\/product\/medinis-rusiuoklis-gyvunai\/","name":"Medinis r\u016b\u0161iuoklis \"gyv\u016bnai\" - Montessori \u017eaislai","isPartOf":{"@id":"https:\/\/dev.monti.lt\/#website"},"primaryImageOfPage":{"@id":"https:\/\/dev.monti.lt\/product\/medinis-rusiuoklis-gyvunai\/#primaryimage"},"image":{"@id":"https:\/\/dev.monti.lt\/product\/medinis-rusiuoklis-gyvunai\/#primaryimage"},"thumbnailUrl":"https:\/\/dev.monti.lt\/wp-content\/uploads\/2023\/09\/klocki-drewniane-w-woreczku-zkb-889.webp","datePublished":"2023-09-21T07:26:51+00:00","dateModified":"2024-09-13T06:27:43+00:00","breadcrumb":{"@id":"https:\/\/dev.monti.lt\/product\/medinis-rusiuoklis-gyvunai\/#breadcrumb"},"inLanguage":"en-US","potentialAction":[{"@type":"ReadAction","target":["https:\/\/dev.monti.lt\/product\/medinis-rusiuoklis-gyvunai\/"]}]},{"@type":"ImageObject","inLanguage":"en-US","@id":"https:\/\/dev.monti.lt\/product\/medinis-rusiuoklis-gyvunai\/#primaryimage","url":"https:\/\/dev.monti.lt\/wp-content\/uploads\/2023\/09\/klocki-drewniane-w-woreczku-zkb-889.webp","contentUrl":"https:\/\/dev.monti.lt\/wp-content\/uploads\/2023\/09\/klocki-drewniane-w-woreczku-zkb-889.webp","width":800,"height":800,"caption":"medinis rusiuoklis"},{"@type":"BreadcrumbList","@id":"https:\/\/dev.monti.lt\/product\/medinis-rusiuoklis-gyvunai\/#breadcrumb","itemListElement":[{"@type":"ListItem","position":1,"name":"Home","item":"https:\/\/dev.monti.lt\/"},{"@type":"ListItem","position":2,"name":"Parduotuv\u0117","item":"https:\/\/dev.monti.lt\/shop\/"},{"@type":"ListItem","position":3,"name":"Medinis r\u016b\u0161iuoklis &#8220;gyv\u016bnai&#8221;"}]},{"@type":"WebSite","@id":"https:\/\/dev.monti.lt\/#website","url":"https:\/\/dev.monti.lt\/","name":"Montessori \u017eaislai","description":"","publisher":{"@id":"https:\/\/dev.monti.lt\/#organization"},"potentialAction":[{"@type":"SearchAction","target":{"@type":"EntryPoint","urlTemplate":"https:\/\/dev.monti.lt\/?s={search_term_string}"},"query-input":"required name=search_term_string"}],"inLanguage":"en-US"},{"@type":"Organization","@id":"https:\/\/dev.monti.lt\/#organization","name":"Montessori \u017eaislai","url":"https:\/\/dev.monti.lt\/","logo":{"@type":"ImageObject","inLanguage":"en-US","@id":"https:\/\/dev.monti.lt\/#\/schema\/logo\/image\/","url":"https:\/\/dev.monti.lt\/wp-content\/uploads\/2022\/03\/montilogo-1.png","contentUrl":"https:\/\/dev.monti.lt\/wp-content\/uploads\/2022\/03\/montilogo-1.png","width":512,"height":512,"caption":"Montessori \u017eaislai"},"image":{"@id":"https:\/\/dev.monti.lt\/#\/schema\/logo\/image\/"}}]}},"_links":{"self":[{"href":"https:\/\/dev.monti.lt\/en\/wp-json\/wp\/v2\/product\/17795"}],"collection":[{"href":"https:\/\/dev.monti.lt\/en\/wp-json\/wp\/v2\/product"}],"about":[{"href":"https:\/\/dev.monti.lt\/en\/wp-json\/wp\/v2\/types\/product"}],"version-history":[{"count":1,"href":"https:\/\/dev.monti.lt\/en\/wp-json\/wp\/v2\/product\/17795\/revisions"}],"predecessor-version":[{"id":17806,"href":"https:\/\/dev.monti.lt\/en\/wp-json\/wp\/v2\/product\/17795\/revisions\/17806"}],"wp:featuredmedia":[{"embeddable":true,"href":"https:\/\/dev.monti.lt\/en\/wp-json\/wp\/v2\/media\/17796"}],"wp:attachment":[{"href":"https:\/\/dev.monti.lt\/en\/wp-json\/wp\/v2\/media?parent=17795"}],"wp:term":[{"taxonomy":"product_cat","embeddable":true,"href":"https:\/\/dev.monti.lt\/en\/wp-json\/wp\/v2\/product_cat?post=17795"},{"taxonomy":"product_tag","embeddable":true,"href":"https:\/\/dev.monti.lt\/en\/wp-json\/wp\/v2\/product_tag?post=17795"}],"curies":[{"name":"wp","href":"https:\/\/api.w.org\/{rel}","templated":true}]}}