{"id":17786,"date":"2023-09-21T06:57:54","date_gmt":"2023-09-21T06:57:54","guid":{"rendered":"https:\/\/dev.monti.lt\/?post_type=product&#038;p=17786"},"modified":"2023-11-26T10:46:50","modified_gmt":"2023-11-26T10:46:50","slug":"stalo-zaidimu-rinkinys","status":"publish","type":"product","link":"https:\/\/dev.monti.lt\/en\/product\/stalo-zaidimu-rinkinys\/","title":{"rendered":"Stalo \u017eaidim\u0173 rinkinys"},"content":{"rendered":"<p>Rinkin\u012f sudaro \u0161ie elementai:<\/p><ul class=\"wp-block-list\"><li>\u017eaidimo pagrindas &#8211; dydis apie 54&#215;22 cm<\/li>\n\n<li>1 \u017eaidimo lenta (dvipus\u0117)<\/li>\n\n<li>2 gumin\u0117s juostos \u0161audymui<\/li>\n\n<li>\u017eaidimo rituliai &#8211; 10 vienet\u0173 (5 geltonos ir 5 m\u0117lynos spalvos)<\/li>\n\n<li>k\u0117gli\u0173 &#8211; 10 vienet\u0173<\/li>\n\n<li>skirtukai rezultatams nustatyti<\/li>\n\n<li>medinis skersinis<\/li>\n\n<li>taisykli\u0173 knygel\u0117 (angl\u0173 kalba)<\/li><\/ul>","protected":false},"excerpt":{"rendered":"<p>Rinkin\u012f sudaro \u0161ie elementai:<\/p>","protected":false},"featured_media":17787,"template":"","meta":{"iawp_total_views":1},"product_cat":[195,216,217,191,192,84,102,90,86,199,49,39],"product_tag":[101,97,98,99],"class_list":{"0":"post-17786","1":"product","2":"type-product","3":"status-publish","4":"has-post-thumbnail","6":"product_cat-dovanos-vaikams-3-4-metu","7":"product_cat-dovanos-4-5-metu-vaikams","8":"product_cat-dovanos-5-7-metu-vaikams","9":"product_cat-dovanos-vaikams","10":"product_cat-kaledines-dovanos-vaikams","11":"product_cat-lavinamieji-zaislai","12":"product_cat-mediniai-zaislai","13":"product_cat-pasaulio-pazinimas","14":"product_cat-smulkioji-motorika","15":"product_cat-ugdymo-istaigoms","16":"product_cat-visi-zaislai","17":"product_cat-zaislai","18":"product_tag-12-m-14-m","19":"product_tag-3-m-4-m","20":"product_tag-5-m-7-m","21":"product_tag-8-m-11-m","23":"first","24":"outofstock","25":"sale","26":"taxable","27":"shipping-taxable","28":"purchasable","29":"product-type-simple"},"yoast_head":"<!-- This site is optimized with the Yoast SEO plugin v23.3 - https:\/\/yoast.com\/wordpress\/plugins\/seo\/ -->\n<title>Stalo \u017eaidim\u0173 rinkinys - Montessori \u017eaislai<\/title>\n<meta name=\"robots\" content=\"noindex, follow, max-snippet:-1, max-image-preview:large, max-video-preview:-1\" \/>\n<meta property=\"og:locale\" content=\"en_US\" \/>\n<meta property=\"og:type\" content=\"article\" \/>\n<meta property=\"og:title\" content=\"Stalo \u017eaidim\u0173 rinkinys - Montessori \u017eaislai\" \/>\n<meta property=\"og:description\" content=\"Rinkin\u012f sudaro \u0161ie elementai:\" \/>\n<meta property=\"og:url\" content=\"https:\/\/dev.monti.lt\/en\/product\/stalo-zaidimu-rinkinys\/\" \/>\n<meta property=\"og:site_name\" content=\"Montessori \u017eaislai\" \/>\n<meta property=\"article:modified_time\" content=\"2023-11-26T10:46:50+00:00\" \/>\n<meta property=\"og:image\" content=\"https:\/\/dev.monti.lt\/wp-content\/uploads\/2023\/09\/gra-zrecznosciowa-4w1-hokej-cymbergaj-kregle-zkb-2054.webp\" \/>\n\t<meta property=\"og:image:width\" content=\"800\" \/>\n\t<meta property=\"og:image:height\" content=\"800\" \/>\n\t<meta property=\"og:image:type\" content=\"image\/webp\" \/>\n<meta name=\"twitter:card\" content=\"summary_large_image\" \/>\n<meta name=\"twitter:label1\" content=\"Est. reading time\" \/>\n\t<meta name=\"twitter:data1\" content=\"1 minute\" \/>\n<script type=\"application\/ld+json\" class=\"yoast-schema-graph\">{\"@context\":\"https:\/\/schema.org\",\"@graph\":[{\"@type\":\"WebPage\",\"@id\":\"https:\/\/dev.monti.lt\/product\/stalo-zaidimu-rinkinys\/\",\"url\":\"https:\/\/dev.monti.lt\/product\/stalo-zaidimu-rinkinys\/\",\"name\":\"Stalo \u017eaidim\u0173 rinkinys - Montessori \u017eaislai\",\"isPartOf\":{\"@id\":\"https:\/\/dev.monti.lt\/#website\"},\"primaryImageOfPage\":{\"@id\":\"https:\/\/dev.monti.lt\/product\/stalo-zaidimu-rinkinys\/#primaryimage\"},\"image\":{\"@id\":\"https:\/\/dev.monti.lt\/product\/stalo-zaidimu-rinkinys\/#primaryimage\"},\"thumbnailUrl\":\"https:\/\/dev.monti.lt\/wp-content\/uploads\/2023\/09\/gra-zrecznosciowa-4w1-hokej-cymbergaj-kregle-zkb-2054.webp\",\"datePublished\":\"2023-09-21T06:57:54+00:00\",\"dateModified\":\"2023-11-26T10:46:50+00:00\",\"breadcrumb\":{\"@id\":\"https:\/\/dev.monti.lt\/product\/stalo-zaidimu-rinkinys\/#breadcrumb\"},\"inLanguage\":\"en-US\",\"potentialAction\":[{\"@type\":\"ReadAction\",\"target\":[\"https:\/\/dev.monti.lt\/product\/stalo-zaidimu-rinkinys\/\"]}]},{\"@type\":\"ImageObject\",\"inLanguage\":\"en-US\",\"@id\":\"https:\/\/dev.monti.lt\/product\/stalo-zaidimu-rinkinys\/#primaryimage\",\"url\":\"https:\/\/dev.monti.lt\/wp-content\/uploads\/2023\/09\/gra-zrecznosciowa-4w1-hokej-cymbergaj-kregle-zkb-2054.webp\",\"contentUrl\":\"https:\/\/dev.monti.lt\/wp-content\/uploads\/2023\/09\/gra-zrecznosciowa-4w1-hokej-cymbergaj-kregle-zkb-2054.webp\",\"width\":800,\"height\":800,\"caption\":\"stalo zaidimas\"},{\"@type\":\"BreadcrumbList\",\"@id\":\"https:\/\/dev.monti.lt\/product\/stalo-zaidimu-rinkinys\/#breadcrumb\",\"itemListElement\":[{\"@type\":\"ListItem\",\"position\":1,\"name\":\"Home\",\"item\":\"https:\/\/dev.monti.lt\/\"},{\"@type\":\"ListItem\",\"position\":2,\"name\":\"Parduotuv\u0117\",\"item\":\"https:\/\/dev.monti.lt\/shop\/\"},{\"@type\":\"ListItem\",\"position\":3,\"name\":\"Stalo \u017eaidim\u0173 rinkinys\"}]},{\"@type\":\"WebSite\",\"@id\":\"https:\/\/dev.monti.lt\/#website\",\"url\":\"https:\/\/dev.monti.lt\/\",\"name\":\"Montessori \u017eaislai\",\"description\":\"\",\"publisher\":{\"@id\":\"https:\/\/dev.monti.lt\/#organization\"},\"potentialAction\":[{\"@type\":\"SearchAction\",\"target\":{\"@type\":\"EntryPoint\",\"urlTemplate\":\"https:\/\/dev.monti.lt\/?s={search_term_string}\"},\"query-input\":\"required name=search_term_string\"}],\"inLanguage\":\"en-US\"},{\"@type\":\"Organization\",\"@id\":\"https:\/\/dev.monti.lt\/#organization\",\"name\":\"Montessori \u017eaislai\",\"url\":\"https:\/\/dev.monti.lt\/\",\"logo\":{\"@type\":\"ImageObject\",\"inLanguage\":\"en-US\",\"@id\":\"https:\/\/dev.monti.lt\/#\/schema\/logo\/image\/\",\"url\":\"https:\/\/dev.monti.lt\/wp-content\/uploads\/2022\/03\/montilogo-1.png\",\"contentUrl\":\"https:\/\/dev.monti.lt\/wp-content\/uploads\/2022\/03\/montilogo-1.png\",\"width\":512,\"height\":512,\"caption\":\"Montessori \u017eaislai\"},\"image\":{\"@id\":\"https:\/\/dev.monti.lt\/#\/schema\/logo\/image\/\"}}]}<\/script>\n<!-- \/ Yoast SEO plugin. -->","yoast_head_json":{"title":"Stalo \u017eaidim\u0173 rinkinys - Montessori \u017eaislai","robots":{"index":"noindex","follow":"follow","max-snippet":"max-snippet:-1","max-image-preview":"max-image-preview:large","max-video-preview":"max-video-preview:-1"},"og_locale":"en_US","og_type":"article","og_title":"Stalo \u017eaidim\u0173 rinkinys - Montessori \u017eaislai","og_description":"Rinkin\u012f sudaro \u0161ie elementai:","og_url":"https:\/\/dev.monti.lt\/en\/product\/stalo-zaidimu-rinkinys\/","og_site_name":"Montessori \u017eaislai","article_modified_time":"2023-11-26T10:46:50+00:00","og_image":[{"width":800,"height":800,"url":"https:\/\/dev.monti.lt\/wp-content\/uploads\/2023\/09\/gra-zrecznosciowa-4w1-hokej-cymbergaj-kregle-zkb-2054.webp","type":"image\/webp"}],"twitter_card":"summary_large_image","twitter_misc":{"Est. reading time":"1 minute"},"schema":{"@context":"https:\/\/schema.org","@graph":[{"@type":"WebPage","@id":"https:\/\/dev.monti.lt\/product\/stalo-zaidimu-rinkinys\/","url":"https:\/\/dev.monti.lt\/product\/stalo-zaidimu-rinkinys\/","name":"Stalo \u017eaidim\u0173 rinkinys - Montessori \u017eaislai","isPartOf":{"@id":"https:\/\/dev.monti.lt\/#website"},"primaryImageOfPage":{"@id":"https:\/\/dev.monti.lt\/product\/stalo-zaidimu-rinkinys\/#primaryimage"},"image":{"@id":"https:\/\/dev.monti.lt\/product\/stalo-zaidimu-rinkinys\/#primaryimage"},"thumbnailUrl":"https:\/\/dev.monti.lt\/wp-content\/uploads\/2023\/09\/gra-zrecznosciowa-4w1-hokej-cymbergaj-kregle-zkb-2054.webp","datePublished":"2023-09-21T06:57:54+00:00","dateModified":"2023-11-26T10:46:50+00:00","breadcrumb":{"@id":"https:\/\/dev.monti.lt\/product\/stalo-zaidimu-rinkinys\/#breadcrumb"},"inLanguage":"en-US","potentialAction":[{"@type":"ReadAction","target":["https:\/\/dev.monti.lt\/product\/stalo-zaidimu-rinkinys\/"]}]},{"@type":"ImageObject","inLanguage":"en-US","@id":"https:\/\/dev.monti.lt\/product\/stalo-zaidimu-rinkinys\/#primaryimage","url":"https:\/\/dev.monti.lt\/wp-content\/uploads\/2023\/09\/gra-zrecznosciowa-4w1-hokej-cymbergaj-kregle-zkb-2054.webp","contentUrl":"https:\/\/dev.monti.lt\/wp-content\/uploads\/2023\/09\/gra-zrecznosciowa-4w1-hokej-cymbergaj-kregle-zkb-2054.webp","width":800,"height":800,"caption":"stalo zaidimas"},{"@type":"BreadcrumbList","@id":"https:\/\/dev.monti.lt\/product\/stalo-zaidimu-rinkinys\/#breadcrumb","itemListElement":[{"@type":"ListItem","position":1,"name":"Home","item":"https:\/\/dev.monti.lt\/"},{"@type":"ListItem","position":2,"name":"Parduotuv\u0117","item":"https:\/\/dev.monti.lt\/shop\/"},{"@type":"ListItem","position":3,"name":"Stalo \u017eaidim\u0173 rinkinys"}]},{"@type":"WebSite","@id":"https:\/\/dev.monti.lt\/#website","url":"https:\/\/dev.monti.lt\/","name":"Montessori \u017eaislai","description":"","publisher":{"@id":"https:\/\/dev.monti.lt\/#organization"},"potentialAction":[{"@type":"SearchAction","target":{"@type":"EntryPoint","urlTemplate":"https:\/\/dev.monti.lt\/?s={search_term_string}"},"query-input":"required name=search_term_string"}],"inLanguage":"en-US"},{"@type":"Organization","@id":"https:\/\/dev.monti.lt\/#organization","name":"Montessori \u017eaislai","url":"https:\/\/dev.monti.lt\/","logo":{"@type":"ImageObject","inLanguage":"en-US","@id":"https:\/\/dev.monti.lt\/#\/schema\/logo\/image\/","url":"https:\/\/dev.monti.lt\/wp-content\/uploads\/2022\/03\/montilogo-1.png","contentUrl":"https:\/\/dev.monti.lt\/wp-content\/uploads\/2022\/03\/montilogo-1.png","width":512,"height":512,"caption":"Montessori \u017eaislai"},"image":{"@id":"https:\/\/dev.monti.lt\/#\/schema\/logo\/image\/"}}]}},"_links":{"self":[{"href":"https:\/\/dev.monti.lt\/en\/wp-json\/wp\/v2\/product\/17786"}],"collection":[{"href":"https:\/\/dev.monti.lt\/en\/wp-json\/wp\/v2\/product"}],"about":[{"href":"https:\/\/dev.monti.lt\/en\/wp-json\/wp\/v2\/types\/product"}],"version-history":[{"count":1,"href":"https:\/\/dev.monti.lt\/en\/wp-json\/wp\/v2\/product\/17786\/revisions"}],"predecessor-version":[{"id":17793,"href":"https:\/\/dev.monti.lt\/en\/wp-json\/wp\/v2\/product\/17786\/revisions\/17793"}],"wp:featuredmedia":[{"embeddable":true,"href":"https:\/\/dev.monti.lt\/en\/wp-json\/wp\/v2\/media\/17787"}],"wp:attachment":[{"href":"https:\/\/dev.monti.lt\/en\/wp-json\/wp\/v2\/media?parent=17786"}],"wp:term":[{"taxonomy":"product_cat","embeddable":true,"href":"https:\/\/dev.monti.lt\/en\/wp-json\/wp\/v2\/product_cat?post=17786"},{"taxonomy":"product_tag","embeddable":true,"href":"https:\/\/dev.monti.lt\/en\/wp-json\/wp\/v2\/product_tag?post=17786"}],"curies":[{"name":"wp","href":"https:\/\/api.w.org\/{rel}","templated":true}]}}