{"id":17778,"date":"2023-09-21T06:50:25","date_gmt":"2023-09-21T06:50:25","guid":{"rendered":"https:\/\/dev.monti.lt\/?post_type=product&#038;p=17778"},"modified":"2024-06-29T12:21:07","modified_gmt":"2024-06-29T12:21:07","slug":"raidziu-bokstas","status":"publish","type":"product","link":"https:\/\/dev.monti.lt\/en\/product\/raidziu-bokstas\/","title":{"rendered":"Raid\u017ei\u0173 bok\u0161tas"},"content":{"rendered":"<p>Spalvingas medinis ab\u0117c\u0117l\u0117s bok\u0161tas yra puikus lavinamasis \u017eaislas, kuris pad\u0117s vaikui greitai ir lengvai i\u0161mokti raid\u017ei\u0173 ir gyv\u016bn\u0173 pavadinim\u0173 angl\u0173 kalba.<\/p><p>Mokymasis \u017eaid\u017eiant yra grei\u010diausias b\u016bdas i\u0161mokyti vaik\u0105 \u012fvairi\u0173 nauding\u0173 dalyk\u0173. Kiekvienas vaikas kada nors nori i\u0161mokti raides, ab\u0117c\u0117l\u0119 ar gyv\u016bn\u0173 pavadinimus. \u0160is medinis bok\u0161to kubas yra puiki mokymosi priemon\u0117.<\/p><p>\u017daisdamas ir naudodamasis spalvingais pie\u0161iniais, m\u016bs\u0173 padedamas vaikas greitai i\u0161moks ab\u0117c\u0117l\u0117s raides, taip pat gal\u0117s i\u0161mokti angli\u0161kus ant bok\u0161to kubeli\u0173 pavaizduot\u0173 gyv\u016bn\u0173 pavadinimus.<\/p><p>Did\u017eiausiose kalad\u0117l\u0117se yra po 3 raides ir 3 gyv\u016bnus, ma\u017eesn\u0117se kalad\u0117l\u0117se &#8211; po 2 raides ir 2 gyv\u016bn\u0173 pie\u0161inius.<\/p><p>\u017daisdamas vaikas ne tik mokosi raid\u017ei\u0173 ir pavadinim\u0173, bet ir lavina rank\u0173 ir aki\u0173 koordinacij\u0105, mokosi tikslumo ir kruop\u0161tumo, nes norint pastatyti vis\u0105 bok\u0161t\u0105, reikia visk\u0105 daryti tiksliai ir l\u0117tai.<\/p><p>Pasibaigus \u017eaidimui, visas bok\u0161to dalis galima sud\u0117ti \u012f didesni\u0173 detali\u0173 vid\u0173, tod\u0117l visas \u017eaislas u\u017eima labai ma\u017eai vietos ir j\u012f netgi galima pasiimti \u012f kelion\u0119.<\/p><p>Bok\u0161tas pagamintas i\u0161 med\u017eio ir nuda\u017eytas ekologi\u0161kais ir saugiais da\u017eais.<\/p><p>Did\u017eiausias bok\u0161to elementas yra ma\u017edaug 15x15x15 cm dyd\u017eio.<\/p><p>D\u0117\u017eut\u0117 yra ma\u017edaug 16x16x16 cm dyd\u017eio.<\/p>","protected":false},"excerpt":{"rendered":"<p>Spalvingas medinis ab\u0117c\u0117l\u0117s bok\u0161tas yra puikus lavinamasis \u017eaislas, kuris pad\u0117s vaikui greitai ir lengvai i\u0161mokti raid\u017ei\u0173 ir gyv\u016bn\u0173 pavadinim\u0173 angl\u0173 kalba. Mokymasis \u017eaid\u017eiant yra grei\u010diausias b\u016bdas i\u0161mokyti vaik\u0105 \u012fvairi\u0173 nauding\u0173 dalyk\u0173. Kiekvienas vaikas kada nors nori i\u0161mokti raides, ab\u0117c\u0117l\u0119 ar gyv\u016bn\u0173 pavadinimus. \u0160is medinis bok\u0161to kubas yra puiki mokymosi priemon\u0117. \u017daisdamas ir naudodamasis spalvingais pie\u0161iniais, [&hellip;]<\/p>","protected":false},"featured_media":17779,"template":"","meta":{"iawp_total_views":18},"product_cat":[92,195,197,196,191,192,84,102,90,86,199,49,39],"product_tag":[96,97,98],"class_list":{"0":"post-17778","1":"product","2":"type-product","3":"status-publish","4":"has-post-thumbnail","6":"product_cat-deliones","7":"product_cat-dovanos-vaikams-3-4-metu","8":"product_cat-dovanos-berniukams","9":"product_cat-dovanos-mergaitems","10":"product_cat-dovanos-vaikams","11":"product_cat-kaledines-dovanos-vaikams","12":"product_cat-lavinamieji-zaislai","13":"product_cat-mediniai-zaislai","14":"product_cat-pasaulio-pazinimas","15":"product_cat-smulkioji-motorika","16":"product_cat-ugdymo-istaigoms","17":"product_cat-visi-zaislai","18":"product_cat-zaislai","19":"product_tag-2-m-3-m","20":"product_tag-3-m-4-m","21":"product_tag-5-m-7-m","23":"first","24":"instock","25":"taxable","26":"shipping-taxable","27":"purchasable","28":"product-type-simple"},"yoast_head":"<!-- This site is optimized with the Yoast SEO plugin v23.3 - https:\/\/yoast.com\/wordpress\/plugins\/seo\/ -->\n<title>Raid\u017ei\u0173 bok\u0161tas - Montessori \u017eaislai<\/title>\n<meta name=\"robots\" content=\"noindex, follow, max-snippet:-1, max-image-preview:large, max-video-preview:-1\" \/>\n<meta property=\"og:locale\" content=\"en_US\" \/>\n<meta property=\"og:type\" content=\"article\" \/>\n<meta property=\"og:title\" content=\"Raid\u017ei\u0173 bok\u0161tas - Montessori \u017eaislai\" \/>\n<meta property=\"og:description\" content=\"Spalvingas medinis ab\u0117c\u0117l\u0117s bok\u0161tas yra puikus lavinamasis \u017eaislas, kuris pad\u0117s vaikui greitai ir lengvai i\u0161mokti raid\u017ei\u0173 ir gyv\u016bn\u0173 pavadinim\u0173 angl\u0173 kalba. Mokymasis \u017eaid\u017eiant yra grei\u010diausias b\u016bdas i\u0161mokyti vaik\u0105 \u012fvairi\u0173 nauding\u0173 dalyk\u0173. Kiekvienas vaikas kada nors nori i\u0161mokti raides, ab\u0117c\u0117l\u0119 ar gyv\u016bn\u0173 pavadinimus. \u0160is medinis bok\u0161to kubas yra puiki mokymosi priemon\u0117. \u017daisdamas ir naudodamasis spalvingais pie\u0161iniais, [&hellip;]\" \/>\n<meta property=\"og:url\" content=\"https:\/\/dev.monti.lt\/en\/product\/raidziu-bokstas\/\" \/>\n<meta property=\"og:site_name\" content=\"Montessori \u017eaislai\" \/>\n<meta property=\"article:modified_time\" content=\"2024-06-29T12:21:07+00:00\" \/>\n<meta property=\"og:image\" content=\"https:\/\/dev.monti.lt\/wp-content\/uploads\/2023\/09\/wieza-ukladanka-drewniana-gra-nauka-slowek-zwierzatka-jhtoy-649.webp\" \/>\n\t<meta property=\"og:image:width\" content=\"800\" \/>\n\t<meta property=\"og:image:height\" content=\"800\" \/>\n\t<meta property=\"og:image:type\" content=\"image\/webp\" \/>\n<meta name=\"twitter:card\" content=\"summary_large_image\" \/>\n<meta name=\"twitter:label1\" content=\"Est. reading time\" \/>\n\t<meta name=\"twitter:data1\" content=\"1 minute\" \/>\n<script type=\"application\/ld+json\" class=\"yoast-schema-graph\">{\"@context\":\"https:\/\/schema.org\",\"@graph\":[{\"@type\":\"WebPage\",\"@id\":\"https:\/\/dev.monti.lt\/product\/raidziu-bokstas\/\",\"url\":\"https:\/\/dev.monti.lt\/product\/raidziu-bokstas\/\",\"name\":\"Raid\u017ei\u0173 bok\u0161tas - Montessori \u017eaislai\",\"isPartOf\":{\"@id\":\"https:\/\/dev.monti.lt\/#website\"},\"primaryImageOfPage\":{\"@id\":\"https:\/\/dev.monti.lt\/product\/raidziu-bokstas\/#primaryimage\"},\"image\":{\"@id\":\"https:\/\/dev.monti.lt\/product\/raidziu-bokstas\/#primaryimage\"},\"thumbnailUrl\":\"https:\/\/dev.monti.lt\/wp-content\/uploads\/2023\/09\/wieza-ukladanka-drewniana-gra-nauka-slowek-zwierzatka-jhtoy-649.webp\",\"datePublished\":\"2023-09-21T06:50:25+00:00\",\"dateModified\":\"2024-06-29T12:21:07+00:00\",\"breadcrumb\":{\"@id\":\"https:\/\/dev.monti.lt\/product\/raidziu-bokstas\/#breadcrumb\"},\"inLanguage\":\"en-US\",\"potentialAction\":[{\"@type\":\"ReadAction\",\"target\":[\"https:\/\/dev.monti.lt\/product\/raidziu-bokstas\/\"]}]},{\"@type\":\"ImageObject\",\"inLanguage\":\"en-US\",\"@id\":\"https:\/\/dev.monti.lt\/product\/raidziu-bokstas\/#primaryimage\",\"url\":\"https:\/\/dev.monti.lt\/wp-content\/uploads\/2023\/09\/wieza-ukladanka-drewniana-gra-nauka-slowek-zwierzatka-jhtoy-649.webp\",\"contentUrl\":\"https:\/\/dev.monti.lt\/wp-content\/uploads\/2023\/09\/wieza-ukladanka-drewniana-gra-nauka-slowek-zwierzatka-jhtoy-649.webp\",\"width\":800,\"height\":800,\"caption\":\"medinis raidziu bokstas\"},{\"@type\":\"BreadcrumbList\",\"@id\":\"https:\/\/dev.monti.lt\/product\/raidziu-bokstas\/#breadcrumb\",\"itemListElement\":[{\"@type\":\"ListItem\",\"position\":1,\"name\":\"Home\",\"item\":\"https:\/\/dev.monti.lt\/\"},{\"@type\":\"ListItem\",\"position\":2,\"name\":\"Parduotuv\u0117\",\"item\":\"https:\/\/dev.monti.lt\/shop\/\"},{\"@type\":\"ListItem\",\"position\":3,\"name\":\"Raid\u017ei\u0173 bok\u0161tas\"}]},{\"@type\":\"WebSite\",\"@id\":\"https:\/\/dev.monti.lt\/#website\",\"url\":\"https:\/\/dev.monti.lt\/\",\"name\":\"Montessori \u017eaislai\",\"description\":\"\",\"publisher\":{\"@id\":\"https:\/\/dev.monti.lt\/#organization\"},\"potentialAction\":[{\"@type\":\"SearchAction\",\"target\":{\"@type\":\"EntryPoint\",\"urlTemplate\":\"https:\/\/dev.monti.lt\/?s={search_term_string}\"},\"query-input\":\"required name=search_term_string\"}],\"inLanguage\":\"en-US\"},{\"@type\":\"Organization\",\"@id\":\"https:\/\/dev.monti.lt\/#organization\",\"name\":\"Montessori \u017eaislai\",\"url\":\"https:\/\/dev.monti.lt\/\",\"logo\":{\"@type\":\"ImageObject\",\"inLanguage\":\"en-US\",\"@id\":\"https:\/\/dev.monti.lt\/#\/schema\/logo\/image\/\",\"url\":\"https:\/\/dev.monti.lt\/wp-content\/uploads\/2022\/03\/montilogo-1.png\",\"contentUrl\":\"https:\/\/dev.monti.lt\/wp-content\/uploads\/2022\/03\/montilogo-1.png\",\"width\":512,\"height\":512,\"caption\":\"Montessori \u017eaislai\"},\"image\":{\"@id\":\"https:\/\/dev.monti.lt\/#\/schema\/logo\/image\/\"}}]}<\/script>\n<!-- \/ Yoast SEO plugin. -->","yoast_head_json":{"title":"Raid\u017ei\u0173 bok\u0161tas - Montessori \u017eaislai","robots":{"index":"noindex","follow":"follow","max-snippet":"max-snippet:-1","max-image-preview":"max-image-preview:large","max-video-preview":"max-video-preview:-1"},"og_locale":"en_US","og_type":"article","og_title":"Raid\u017ei\u0173 bok\u0161tas - Montessori \u017eaislai","og_description":"Spalvingas medinis ab\u0117c\u0117l\u0117s bok\u0161tas yra puikus lavinamasis \u017eaislas, kuris pad\u0117s vaikui greitai ir lengvai i\u0161mokti raid\u017ei\u0173 ir gyv\u016bn\u0173 pavadinim\u0173 angl\u0173 kalba. Mokymasis \u017eaid\u017eiant yra grei\u010diausias b\u016bdas i\u0161mokyti vaik\u0105 \u012fvairi\u0173 nauding\u0173 dalyk\u0173. Kiekvienas vaikas kada nors nori i\u0161mokti raides, ab\u0117c\u0117l\u0119 ar gyv\u016bn\u0173 pavadinimus. \u0160is medinis bok\u0161to kubas yra puiki mokymosi priemon\u0117. \u017daisdamas ir naudodamasis spalvingais pie\u0161iniais, [&hellip;]","og_url":"https:\/\/dev.monti.lt\/en\/product\/raidziu-bokstas\/","og_site_name":"Montessori \u017eaislai","article_modified_time":"2024-06-29T12:21:07+00:00","og_image":[{"width":800,"height":800,"url":"https:\/\/dev.monti.lt\/wp-content\/uploads\/2023\/09\/wieza-ukladanka-drewniana-gra-nauka-slowek-zwierzatka-jhtoy-649.webp","type":"image\/webp"}],"twitter_card":"summary_large_image","twitter_misc":{"Est. reading time":"1 minute"},"schema":{"@context":"https:\/\/schema.org","@graph":[{"@type":"WebPage","@id":"https:\/\/dev.monti.lt\/product\/raidziu-bokstas\/","url":"https:\/\/dev.monti.lt\/product\/raidziu-bokstas\/","name":"Raid\u017ei\u0173 bok\u0161tas - Montessori \u017eaislai","isPartOf":{"@id":"https:\/\/dev.monti.lt\/#website"},"primaryImageOfPage":{"@id":"https:\/\/dev.monti.lt\/product\/raidziu-bokstas\/#primaryimage"},"image":{"@id":"https:\/\/dev.monti.lt\/product\/raidziu-bokstas\/#primaryimage"},"thumbnailUrl":"https:\/\/dev.monti.lt\/wp-content\/uploads\/2023\/09\/wieza-ukladanka-drewniana-gra-nauka-slowek-zwierzatka-jhtoy-649.webp","datePublished":"2023-09-21T06:50:25+00:00","dateModified":"2024-06-29T12:21:07+00:00","breadcrumb":{"@id":"https:\/\/dev.monti.lt\/product\/raidziu-bokstas\/#breadcrumb"},"inLanguage":"en-US","potentialAction":[{"@type":"ReadAction","target":["https:\/\/dev.monti.lt\/product\/raidziu-bokstas\/"]}]},{"@type":"ImageObject","inLanguage":"en-US","@id":"https:\/\/dev.monti.lt\/product\/raidziu-bokstas\/#primaryimage","url":"https:\/\/dev.monti.lt\/wp-content\/uploads\/2023\/09\/wieza-ukladanka-drewniana-gra-nauka-slowek-zwierzatka-jhtoy-649.webp","contentUrl":"https:\/\/dev.monti.lt\/wp-content\/uploads\/2023\/09\/wieza-ukladanka-drewniana-gra-nauka-slowek-zwierzatka-jhtoy-649.webp","width":800,"height":800,"caption":"medinis raidziu bokstas"},{"@type":"BreadcrumbList","@id":"https:\/\/dev.monti.lt\/product\/raidziu-bokstas\/#breadcrumb","itemListElement":[{"@type":"ListItem","position":1,"name":"Home","item":"https:\/\/dev.monti.lt\/"},{"@type":"ListItem","position":2,"name":"Parduotuv\u0117","item":"https:\/\/dev.monti.lt\/shop\/"},{"@type":"ListItem","position":3,"name":"Raid\u017ei\u0173 bok\u0161tas"}]},{"@type":"WebSite","@id":"https:\/\/dev.monti.lt\/#website","url":"https:\/\/dev.monti.lt\/","name":"Montessori \u017eaislai","description":"","publisher":{"@id":"https:\/\/dev.monti.lt\/#organization"},"potentialAction":[{"@type":"SearchAction","target":{"@type":"EntryPoint","urlTemplate":"https:\/\/dev.monti.lt\/?s={search_term_string}"},"query-input":"required name=search_term_string"}],"inLanguage":"en-US"},{"@type":"Organization","@id":"https:\/\/dev.monti.lt\/#organization","name":"Montessori \u017eaislai","url":"https:\/\/dev.monti.lt\/","logo":{"@type":"ImageObject","inLanguage":"en-US","@id":"https:\/\/dev.monti.lt\/#\/schema\/logo\/image\/","url":"https:\/\/dev.monti.lt\/wp-content\/uploads\/2022\/03\/montilogo-1.png","contentUrl":"https:\/\/dev.monti.lt\/wp-content\/uploads\/2022\/03\/montilogo-1.png","width":512,"height":512,"caption":"Montessori \u017eaislai"},"image":{"@id":"https:\/\/dev.monti.lt\/#\/schema\/logo\/image\/"}}]}},"_links":{"self":[{"href":"https:\/\/dev.monti.lt\/en\/wp-json\/wp\/v2\/product\/17778"}],"collection":[{"href":"https:\/\/dev.monti.lt\/en\/wp-json\/wp\/v2\/product"}],"about":[{"href":"https:\/\/dev.monti.lt\/en\/wp-json\/wp\/v2\/types\/product"}],"version-history":[{"count":1,"href":"https:\/\/dev.monti.lt\/en\/wp-json\/wp\/v2\/product\/17778\/revisions"}],"predecessor-version":[{"id":17785,"href":"https:\/\/dev.monti.lt\/en\/wp-json\/wp\/v2\/product\/17778\/revisions\/17785"}],"wp:featuredmedia":[{"embeddable":true,"href":"https:\/\/dev.monti.lt\/en\/wp-json\/wp\/v2\/media\/17779"}],"wp:attachment":[{"href":"https:\/\/dev.monti.lt\/en\/wp-json\/wp\/v2\/media?parent=17778"}],"wp:term":[{"taxonomy":"product_cat","embeddable":true,"href":"https:\/\/dev.monti.lt\/en\/wp-json\/wp\/v2\/product_cat?post=17778"},{"taxonomy":"product_tag","embeddable":true,"href":"https:\/\/dev.monti.lt\/en\/wp-json\/wp\/v2\/product_tag?post=17778"}],"curies":[{"name":"wp","href":"https:\/\/api.w.org\/{rel}","templated":true}]}}