{"id":17757,"date":"2023-09-20T12:41:48","date_gmt":"2023-09-20T12:41:48","guid":{"rendered":"https:\/\/dev.monti.lt\/?post_type=product&#038;p=17757"},"modified":"2024-07-17T17:24:29","modified_gmt":"2024-07-17T17:24:29","slug":"staliaus-rinkinys","status":"publish","type":"product","link":"https:\/\/dev.monti.lt\/en\/product\/staliaus-rinkinys\/","title":{"rendered":"Staliaus rinkinys"},"content":{"rendered":"<p>\u2764\ufe0f Medin\u0117s dirbtuv\u0117s ma\u017eajam &#8220;pasidaryk pats&#8221; m\u0117g\u0117jui, m\u0117gstan\u010diam prisukti, pjaustyti, dau\u017eyti ir atsukti.<br>\u0160aunus medinis \u012franki\u0173 ir komponent\u0173 rinkinys ma\u017eajam &#8220;pasidaryk pats&#8221; ir nam\u0173 ruo\u0161os darb\u0173 m\u0117g\u0117jui.<br>Gaminys lavina rank\u0173 darbo \u012fg\u016bd\u017eius ir akies-rankos koordinacij\u0105.<br>Visi \u012frankiai sud\u0117ti \u012f daili\u0105 medin\u0119 d\u0117\u017eut\u0119 su ranken\u0117le ne\u0161iojimui\u2026.<br>I\u0161matavimai: 18,4 x 14,5 x 20 cm<\/p><p>\u2705 \u012erankiai:<\/p><ul class=\"wp-block-list\"><li>ver\u017eliaraktis<\/li>\n\n<li>matlankis<\/li>\n\n<li>ekscentrikas<\/li>\n\n<li>\u017enypl\u0117s<\/li>\n\n<li>atsuktuvas<\/li>\n\n<li>plaktukas<\/li>\n\n<li>pj\u016bklas<\/li>\n\n<li>kirvis<\/li>\n\n<li>2 vinys<\/li>\n\n<li>2 var\u017etai<\/li>\n\n<li>medvar\u017etis<\/li>\n\n<li>2 krumpliara\u010diai<\/li>\n\n<li>d\u0117\u017e\u0117 (dirbtuv\u0117s)<\/li>\n\n<li>\u2705 lavina rank\u0173 darbo \u012fg\u016bd\u017eius ir login\u012f m\u0105stym\u0105:<\/li>\n\n<li>VAR\u017dT\u0172 PRISUKIMAS IR ATSUKIMAS<\/li>\n\n<li>\u012eKALTI VINIS<\/li>\n\n<li>VAR\u017dT\u0172 PRISUKIMAS IR ATSUKIMAS VER\u017dLIARAK\u010cIU<\/li>\n\n<li>I\u0160TRAUKTI VINIS<\/li><\/ul>","protected":false},"excerpt":{"rendered":"<p>\u2764\ufe0f Medin\u0117s dirbtuv\u0117s ma\u017eajam &#8220;pasidaryk pats&#8221; m\u0117g\u0117jui, m\u0117gstan\u010diam prisukti, pjaustyti, dau\u017eyti ir atsukti.\u0160aunus medinis \u012franki\u0173 ir komponent\u0173 rinkinys ma\u017eajam &#8220;pasidaryk pats&#8221; ir nam\u0173 ruo\u0161os darb\u0173 m\u0117g\u0117jui.Gaminys lavina rank\u0173 darbo \u012fg\u016bd\u017eius ir akies-rankos koordinacij\u0105.Visi \u012frankiai sud\u0117ti \u012f daili\u0105 medin\u0119 d\u0117\u017eut\u0119 su ranken\u0117le ne\u0161iojimui\u2026.I\u0161matavimai: 18,4 x 14,5 x 20 cm \u2705 \u012erankiai:<\/p>","protected":false},"featured_media":17759,"template":"","meta":{"iawp_total_views":152},"product_cat":[194,195,216,197,191,192,87,84,102,83,86,199,93,49,39,215],"product_tag":[97,98,99],"class_list":{"0":"post-17757","1":"product","2":"type-product","3":"status-publish","4":"has-post-thumbnail","6":"product_cat-dovanos-vaikams-2-3-metu","7":"product_cat-dovanos-vaikams-3-4-metu","8":"product_cat-dovanos-4-5-metu-vaikams","9":"product_cat-dovanos-berniukams","10":"product_cat-dovanos-vaikams","11":"product_cat-kaledines-dovanos-vaikams","12":"product_cat-kurybiniai-rinkiniai","13":"product_cat-lavinamieji-zaislai","14":"product_cat-mediniai-zaislai","15":"product_cat-montessori-zaislai","16":"product_cat-smulkioji-motorika","17":"product_cat-ugdymo-istaigoms","18":"product_cat-vaidmenu-zaidimai","19":"product_cat-visi-zaislai","20":"product_cat-zaislai","21":"product_cat-zaislai-berniukams","22":"product_tag-3-m-4-m","23":"product_tag-5-m-7-m","24":"product_tag-8-m-11-m","26":"first","27":"instock","28":"sale","29":"taxable","30":"shipping-taxable","31":"purchasable","32":"product-type-simple"},"yoast_head":"<!-- This site is optimized with the Yoast SEO plugin v23.3 - https:\/\/yoast.com\/wordpress\/plugins\/seo\/ -->\n<title>Staliaus rinkinys - Montessori \u017eaislai<\/title>\n<meta name=\"robots\" content=\"noindex, follow, max-snippet:-1, max-image-preview:large, max-video-preview:-1\" \/>\n<meta property=\"og:locale\" content=\"en_US\" \/>\n<meta property=\"og:type\" content=\"article\" \/>\n<meta property=\"og:title\" content=\"Staliaus rinkinys - Montessori \u017eaislai\" \/>\n<meta property=\"og:description\" content=\"\u2764\ufe0f Medin\u0117s dirbtuv\u0117s ma\u017eajam &#8220;pasidaryk pats&#8221; m\u0117g\u0117jui, m\u0117gstan\u010diam prisukti, pjaustyti, dau\u017eyti ir atsukti.\u0160aunus medinis \u012franki\u0173 ir komponent\u0173 rinkinys ma\u017eajam &#8220;pasidaryk pats&#8221; ir nam\u0173 ruo\u0161os darb\u0173 m\u0117g\u0117jui.Gaminys lavina rank\u0173 darbo \u012fg\u016bd\u017eius ir akies-rankos koordinacij\u0105.Visi \u012frankiai sud\u0117ti \u012f daili\u0105 medin\u0119 d\u0117\u017eut\u0119 su ranken\u0117le ne\u0161iojimui\u2026.I\u0161matavimai: 18,4 x 14,5 x 20 cm \u2705 \u012erankiai:\" \/>\n<meta property=\"og:url\" content=\"https:\/\/dev.monti.lt\/en\/product\/staliaus-rinkinys\/\" \/>\n<meta property=\"og:site_name\" content=\"Montessori \u017eaislai\" \/>\n<meta property=\"article:modified_time\" content=\"2024-07-17T17:24:29+00:00\" \/>\n<meta property=\"og:image\" content=\"https:\/\/dev.monti.lt\/wp-content\/uploads\/2023\/09\/drewniany-warsztat-dla-dzieci-narzedzia-zestaw-majsterkowicza.jpg\" \/>\n\t<meta property=\"og:image:width\" content=\"800\" \/>\n\t<meta property=\"og:image:height\" content=\"800\" \/>\n\t<meta property=\"og:image:type\" content=\"image\/jpeg\" \/>\n<meta name=\"twitter:card\" content=\"summary_large_image\" \/>\n<meta name=\"twitter:label1\" content=\"Est. reading time\" \/>\n\t<meta name=\"twitter:data1\" content=\"1 minute\" \/>\n<script type=\"application\/ld+json\" class=\"yoast-schema-graph\">{\"@context\":\"https:\/\/schema.org\",\"@graph\":[{\"@type\":\"WebPage\",\"@id\":\"https:\/\/dev.monti.lt\/product\/staliaus-rinkinys\/\",\"url\":\"https:\/\/dev.monti.lt\/product\/staliaus-rinkinys\/\",\"name\":\"Staliaus rinkinys - Montessori \u017eaislai\",\"isPartOf\":{\"@id\":\"https:\/\/dev.monti.lt\/#website\"},\"primaryImageOfPage\":{\"@id\":\"https:\/\/dev.monti.lt\/product\/staliaus-rinkinys\/#primaryimage\"},\"image\":{\"@id\":\"https:\/\/dev.monti.lt\/product\/staliaus-rinkinys\/#primaryimage\"},\"thumbnailUrl\":\"https:\/\/dev.monti.lt\/wp-content\/uploads\/2023\/09\/drewniany-warsztat-dla-dzieci-narzedzia-zestaw-majsterkowicza.jpg\",\"datePublished\":\"2023-09-20T12:41:48+00:00\",\"dateModified\":\"2024-07-17T17:24:29+00:00\",\"breadcrumb\":{\"@id\":\"https:\/\/dev.monti.lt\/product\/staliaus-rinkinys\/#breadcrumb\"},\"inLanguage\":\"en-US\",\"potentialAction\":[{\"@type\":\"ReadAction\",\"target\":[\"https:\/\/dev.monti.lt\/product\/staliaus-rinkinys\/\"]}]},{\"@type\":\"ImageObject\",\"inLanguage\":\"en-US\",\"@id\":\"https:\/\/dev.monti.lt\/product\/staliaus-rinkinys\/#primaryimage\",\"url\":\"https:\/\/dev.monti.lt\/wp-content\/uploads\/2023\/09\/drewniany-warsztat-dla-dzieci-narzedzia-zestaw-majsterkowicza.jpg\",\"contentUrl\":\"https:\/\/dev.monti.lt\/wp-content\/uploads\/2023\/09\/drewniany-warsztat-dla-dzieci-narzedzia-zestaw-majsterkowicza.jpg\",\"width\":800,\"height\":800,\"caption\":\"medine irankiu deze\"},{\"@type\":\"BreadcrumbList\",\"@id\":\"https:\/\/dev.monti.lt\/product\/staliaus-rinkinys\/#breadcrumb\",\"itemListElement\":[{\"@type\":\"ListItem\",\"position\":1,\"name\":\"Home\",\"item\":\"https:\/\/dev.monti.lt\/\"},{\"@type\":\"ListItem\",\"position\":2,\"name\":\"Parduotuv\u0117\",\"item\":\"https:\/\/dev.monti.lt\/shop\/\"},{\"@type\":\"ListItem\",\"position\":3,\"name\":\"Staliaus rinkinys\"}]},{\"@type\":\"WebSite\",\"@id\":\"https:\/\/dev.monti.lt\/#website\",\"url\":\"https:\/\/dev.monti.lt\/\",\"name\":\"Montessori \u017eaislai\",\"description\":\"\",\"publisher\":{\"@id\":\"https:\/\/dev.monti.lt\/#organization\"},\"potentialAction\":[{\"@type\":\"SearchAction\",\"target\":{\"@type\":\"EntryPoint\",\"urlTemplate\":\"https:\/\/dev.monti.lt\/?s={search_term_string}\"},\"query-input\":\"required name=search_term_string\"}],\"inLanguage\":\"en-US\"},{\"@type\":\"Organization\",\"@id\":\"https:\/\/dev.monti.lt\/#organization\",\"name\":\"Montessori \u017eaislai\",\"url\":\"https:\/\/dev.monti.lt\/\",\"logo\":{\"@type\":\"ImageObject\",\"inLanguage\":\"en-US\",\"@id\":\"https:\/\/dev.monti.lt\/#\/schema\/logo\/image\/\",\"url\":\"https:\/\/dev.monti.lt\/wp-content\/uploads\/2022\/03\/montilogo-1.png\",\"contentUrl\":\"https:\/\/dev.monti.lt\/wp-content\/uploads\/2022\/03\/montilogo-1.png\",\"width\":512,\"height\":512,\"caption\":\"Montessori \u017eaislai\"},\"image\":{\"@id\":\"https:\/\/dev.monti.lt\/#\/schema\/logo\/image\/\"}}]}<\/script>\n<!-- \/ Yoast SEO plugin. -->","yoast_head_json":{"title":"Staliaus rinkinys - Montessori \u017eaislai","robots":{"index":"noindex","follow":"follow","max-snippet":"max-snippet:-1","max-image-preview":"max-image-preview:large","max-video-preview":"max-video-preview:-1"},"og_locale":"en_US","og_type":"article","og_title":"Staliaus rinkinys - Montessori \u017eaislai","og_description":"\u2764\ufe0f Medin\u0117s dirbtuv\u0117s ma\u017eajam &#8220;pasidaryk pats&#8221; m\u0117g\u0117jui, m\u0117gstan\u010diam prisukti, pjaustyti, dau\u017eyti ir atsukti.\u0160aunus medinis \u012franki\u0173 ir komponent\u0173 rinkinys ma\u017eajam &#8220;pasidaryk pats&#8221; ir nam\u0173 ruo\u0161os darb\u0173 m\u0117g\u0117jui.Gaminys lavina rank\u0173 darbo \u012fg\u016bd\u017eius ir akies-rankos koordinacij\u0105.Visi \u012frankiai sud\u0117ti \u012f daili\u0105 medin\u0119 d\u0117\u017eut\u0119 su ranken\u0117le ne\u0161iojimui\u2026.I\u0161matavimai: 18,4 x 14,5 x 20 cm \u2705 \u012erankiai:","og_url":"https:\/\/dev.monti.lt\/en\/product\/staliaus-rinkinys\/","og_site_name":"Montessori \u017eaislai","article_modified_time":"2024-07-17T17:24:29+00:00","og_image":[{"width":800,"height":800,"url":"https:\/\/dev.monti.lt\/wp-content\/uploads\/2023\/09\/drewniany-warsztat-dla-dzieci-narzedzia-zestaw-majsterkowicza.jpg","type":"image\/jpeg"}],"twitter_card":"summary_large_image","twitter_misc":{"Est. reading time":"1 minute"},"schema":{"@context":"https:\/\/schema.org","@graph":[{"@type":"WebPage","@id":"https:\/\/dev.monti.lt\/product\/staliaus-rinkinys\/","url":"https:\/\/dev.monti.lt\/product\/staliaus-rinkinys\/","name":"Staliaus rinkinys - Montessori \u017eaislai","isPartOf":{"@id":"https:\/\/dev.monti.lt\/#website"},"primaryImageOfPage":{"@id":"https:\/\/dev.monti.lt\/product\/staliaus-rinkinys\/#primaryimage"},"image":{"@id":"https:\/\/dev.monti.lt\/product\/staliaus-rinkinys\/#primaryimage"},"thumbnailUrl":"https:\/\/dev.monti.lt\/wp-content\/uploads\/2023\/09\/drewniany-warsztat-dla-dzieci-narzedzia-zestaw-majsterkowicza.jpg","datePublished":"2023-09-20T12:41:48+00:00","dateModified":"2024-07-17T17:24:29+00:00","breadcrumb":{"@id":"https:\/\/dev.monti.lt\/product\/staliaus-rinkinys\/#breadcrumb"},"inLanguage":"en-US","potentialAction":[{"@type":"ReadAction","target":["https:\/\/dev.monti.lt\/product\/staliaus-rinkinys\/"]}]},{"@type":"ImageObject","inLanguage":"en-US","@id":"https:\/\/dev.monti.lt\/product\/staliaus-rinkinys\/#primaryimage","url":"https:\/\/dev.monti.lt\/wp-content\/uploads\/2023\/09\/drewniany-warsztat-dla-dzieci-narzedzia-zestaw-majsterkowicza.jpg","contentUrl":"https:\/\/dev.monti.lt\/wp-content\/uploads\/2023\/09\/drewniany-warsztat-dla-dzieci-narzedzia-zestaw-majsterkowicza.jpg","width":800,"height":800,"caption":"medine irankiu deze"},{"@type":"BreadcrumbList","@id":"https:\/\/dev.monti.lt\/product\/staliaus-rinkinys\/#breadcrumb","itemListElement":[{"@type":"ListItem","position":1,"name":"Home","item":"https:\/\/dev.monti.lt\/"},{"@type":"ListItem","position":2,"name":"Parduotuv\u0117","item":"https:\/\/dev.monti.lt\/shop\/"},{"@type":"ListItem","position":3,"name":"Staliaus rinkinys"}]},{"@type":"WebSite","@id":"https:\/\/dev.monti.lt\/#website","url":"https:\/\/dev.monti.lt\/","name":"Montessori \u017eaislai","description":"","publisher":{"@id":"https:\/\/dev.monti.lt\/#organization"},"potentialAction":[{"@type":"SearchAction","target":{"@type":"EntryPoint","urlTemplate":"https:\/\/dev.monti.lt\/?s={search_term_string}"},"query-input":"required name=search_term_string"}],"inLanguage":"en-US"},{"@type":"Organization","@id":"https:\/\/dev.monti.lt\/#organization","name":"Montessori \u017eaislai","url":"https:\/\/dev.monti.lt\/","logo":{"@type":"ImageObject","inLanguage":"en-US","@id":"https:\/\/dev.monti.lt\/#\/schema\/logo\/image\/","url":"https:\/\/dev.monti.lt\/wp-content\/uploads\/2022\/03\/montilogo-1.png","contentUrl":"https:\/\/dev.monti.lt\/wp-content\/uploads\/2022\/03\/montilogo-1.png","width":512,"height":512,"caption":"Montessori \u017eaislai"},"image":{"@id":"https:\/\/dev.monti.lt\/#\/schema\/logo\/image\/"}}]}},"_links":{"self":[{"href":"https:\/\/dev.monti.lt\/en\/wp-json\/wp\/v2\/product\/17757"}],"collection":[{"href":"https:\/\/dev.monti.lt\/en\/wp-json\/wp\/v2\/product"}],"about":[{"href":"https:\/\/dev.monti.lt\/en\/wp-json\/wp\/v2\/types\/product"}],"version-history":[{"count":1,"href":"https:\/\/dev.monti.lt\/en\/wp-json\/wp\/v2\/product\/17757\/revisions"}],"predecessor-version":[{"id":17765,"href":"https:\/\/dev.monti.lt\/en\/wp-json\/wp\/v2\/product\/17757\/revisions\/17765"}],"wp:featuredmedia":[{"embeddable":true,"href":"https:\/\/dev.monti.lt\/en\/wp-json\/wp\/v2\/media\/17759"}],"wp:attachment":[{"href":"https:\/\/dev.monti.lt\/en\/wp-json\/wp\/v2\/media?parent=17757"}],"wp:term":[{"taxonomy":"product_cat","embeddable":true,"href":"https:\/\/dev.monti.lt\/en\/wp-json\/wp\/v2\/product_cat?post=17757"},{"taxonomy":"product_tag","embeddable":true,"href":"https:\/\/dev.monti.lt\/en\/wp-json\/wp\/v2\/product_tag?post=17757"}],"curies":[{"name":"wp","href":"https:\/\/api.w.org\/{rel}","templated":true}]}}