{"id":17691,"date":"2023-09-18T07:27:07","date_gmt":"2023-09-18T07:27:07","guid":{"rendered":"https:\/\/dev.monti.lt\/?post_type=product&#038;p=17691"},"modified":"2024-10-08T17:25:06","modified_gmt":"2024-10-08T17:25:06","slug":"mini-stalo-futbolas","status":"publish","type":"product","link":"https:\/\/dev.monti.lt\/en\/product\/mini-stalo-futbolas\/","title":{"rendered":"Mini stalo futbolas"},"content":{"rendered":"<p>Si\u016blome jums patraukli\u0105 ir dekadenti\u0161k\u0105 pramog\u0105 su m\u016bs\u0173 stalo futbolo stalu. \u0160is stilingas stalo futbolo stalas yra ne tik puikus baldas j\u016bs\u0173 namams, bet ir nepaprastai \u012fdomus \u017eaidimas, kuris suteiks valand\u0173 valandas puikios pramogos visai \u0161eimai ir draugams.<\/p><p>M\u016bs\u0173 stalo futbolo stalas pagamintas i\u0161 auk\u0161\u010diausios kokyb\u0117s med\u017eiag\u0173 , tod\u0117l jis yra tvirtas ir ilgaam\u017eis. Tvirta konstrukcija u\u017etikrina stabilum\u0105, o lyg\u016bs pavir\u0161iai leid\u017eia komandoms skland\u017eiai jud\u0117ti po aik\u0161tel\u0119. Be to, stalas turi specialiai suprojektuotas rankenas, kurios u\u017etikrina saug\u0173 sukibim\u0105 ir tiksl\u0173 kamuoliuko valdym\u0105.<\/p><p>Idealiai tinka tiek pradedantiesiems, tiek pa\u017eengusiems \u017eaid\u0117jams , m\u016bs\u0173 stalo futbolo stalas suteikia daugyb\u0119 galimybi\u0173 mokytis ir tobulinti savo \u012fg\u016bd\u017eius. Organizuokite turnyrus savo namuose, sukeldami ugning\u0105 entuziazm\u0105 ir konkurencij\u0105 tarp artim\u0173j\u0173.<\/p><p>Futbolo stalo matmenys tinkamai pritaikyti, kad jame gal\u0117t\u0173 \u017eaisti dvi komandos po 6 \u017eaid\u0117jus, tod\u0117l gal\u0117site m\u0117gautis visaverte futbolo patirtimi.<br>M\u016bs\u0173 mini stalo futbolo \u017eaidimas yra ne tik puiki pramoga , bet ir puiki dovana sporto i\u0161\u0161\u016bki\u0173 m\u0117g\u0117jams. Pasim\u0117gaukite atsipalaidavimo ir puikios pramogos akimirka su m\u016bs\u0173 stalo futbolo stalu .<br>U\u017esisakykite m\u016bs\u0173 stalo futbolo stal\u0105 jau \u0161iandien ir m\u0117gaukit\u0117s nepamir\u0161tamomis akimirkomis \u017eaisdami stalo futbol\u0105 patogiai \u012fsitais\u0119 namuose. Pasiruo\u0161kite azartui, kur\u012f gali suteikti tik \u0161is \u012ftraukiantis \u017eaidimas!<br><\/p><p><strong>SPECIFIKACIJA<\/strong><\/p><ul class=\"wp-block-list\"><li>med\u017eiaga: medis, plastikas, metalas<\/li>\n\n<li>\u017eaid\u0117j\u0173 skai\u010dius: 12<\/li>\n\n<li>matmenys: 50 x 10 x 51,5 cm<\/li>\n\n<li>svoris: 1,905 kg<\/li>\n\n<li>svoris su pakuote: 2,386 kg<\/li><\/ul><p><strong>\u012eSKAITANT<\/strong><\/p><ul class=\"wp-block-list\"><li>stalo<\/li>\n\n<li>12 futbolinink\u0173<\/li>\n\n<li>2 kamuoliukai<\/li>\n\n<li>montavimo komplektas<\/li><\/ul>","protected":false},"excerpt":{"rendered":"<p>Si\u016blome jums patraukli\u0105 ir dekadenti\u0161k\u0105 pramog\u0105 su m\u016bs\u0173 stalo futbolo stalu. \u0160is stilingas stalo futbolo stalas yra ne tik puikus baldas j\u016bs\u0173 namams, bet ir nepaprastai \u012fdomus \u017eaidimas, kuris suteiks valand\u0173 valandas puikios pramogos visai \u0161eimai ir draugams. M\u016bs\u0173 stalo futbolo stalas pagamintas i\u0161 auk\u0161\u010diausios kokyb\u0117s med\u017eiag\u0173 , tod\u0117l jis yra tvirtas ir ilgaam\u017eis. Tvirta [&hellip;]<\/p>","protected":false},"featured_media":20052,"template":"","meta":{"iawp_total_views":82},"product_cat":[216,217,197,191,192,84,91,102,90,199,93,49,39,215],"product_tag":[101,98,99,100],"class_list":{"0":"post-17691","1":"product","2":"type-product","3":"status-publish","4":"has-post-thumbnail","6":"product_cat-dovanos-4-5-metu-vaikams","7":"product_cat-dovanos-5-7-metu-vaikams","8":"product_cat-dovanos-berniukams","9":"product_cat-dovanos-vaikams","10":"product_cat-kaledines-dovanos-vaikams","11":"product_cat-lavinamieji-zaislai","12":"product_cat-loginiam-mastymui","13":"product_cat-mediniai-zaislai","14":"product_cat-pasaulio-pazinimas","15":"product_cat-ugdymo-istaigoms","16":"product_cat-vaidmenu-zaidimai","17":"product_cat-visi-zaislai","18":"product_cat-zaislai","19":"product_cat-zaislai-berniukams","20":"product_tag-12-m-14-m","21":"product_tag-5-m-7-m","22":"product_tag-8-m-11-m","23":"product_tag-15-m","25":"first","26":"instock","27":"taxable","28":"shipping-taxable","29":"purchasable","30":"product-type-simple"},"yoast_head":"<!-- This site is optimized with the Yoast SEO plugin v23.3 - https:\/\/yoast.com\/wordpress\/plugins\/seo\/ -->\n<title>Mini stalo futbolas - Montessori \u017eaislai<\/title>\n<meta name=\"robots\" content=\"noindex, follow, max-snippet:-1, max-image-preview:large, max-video-preview:-1\" \/>\n<meta property=\"og:locale\" content=\"en_US\" \/>\n<meta property=\"og:type\" content=\"article\" \/>\n<meta property=\"og:title\" content=\"Mini stalo futbolas - Montessori \u017eaislai\" \/>\n<meta property=\"og:description\" content=\"Si\u016blome jums patraukli\u0105 ir dekadenti\u0161k\u0105 pramog\u0105 su m\u016bs\u0173 stalo futbolo stalu. \u0160is stilingas stalo futbolo stalas yra ne tik puikus baldas j\u016bs\u0173 namams, bet ir nepaprastai \u012fdomus \u017eaidimas, kuris suteiks valand\u0173 valandas puikios pramogos visai \u0161eimai ir draugams. M\u016bs\u0173 stalo futbolo stalas pagamintas i\u0161 auk\u0161\u010diausios kokyb\u0117s med\u017eiag\u0173 , tod\u0117l jis yra tvirtas ir ilgaam\u017eis. Tvirta [&hellip;]\" \/>\n<meta property=\"og:url\" content=\"https:\/\/dev.monti.lt\/en\/product\/mini-stalo-futbolas\/\" \/>\n<meta property=\"og:site_name\" content=\"Montessori \u017eaislai\" \/>\n<meta property=\"article:modified_time\" content=\"2024-10-08T17:25:06+00:00\" \/>\n<meta property=\"og:image\" content=\"https:\/\/dev.monti.lt\/wp-content\/uploads\/2023\/09\/lit_pl_Kruzzel-21909-stalo-futbolas-17234_7.jpg\" \/>\n\t<meta property=\"og:image:width\" content=\"500\" \/>\n\t<meta property=\"og:image:height\" content=\"500\" \/>\n\t<meta property=\"og:image:type\" content=\"image\/jpeg\" \/>\n<meta name=\"twitter:card\" content=\"summary_large_image\" \/>\n<meta name=\"twitter:label1\" content=\"Est. reading time\" \/>\n\t<meta name=\"twitter:data1\" content=\"2 minutes\" \/>\n<script type=\"application\/ld+json\" class=\"yoast-schema-graph\">{\"@context\":\"https:\/\/schema.org\",\"@graph\":[{\"@type\":\"WebPage\",\"@id\":\"https:\/\/dev.monti.lt\/product\/mini-stalo-futbolas\/\",\"url\":\"https:\/\/dev.monti.lt\/product\/mini-stalo-futbolas\/\",\"name\":\"Mini stalo futbolas - Montessori \u017eaislai\",\"isPartOf\":{\"@id\":\"https:\/\/dev.monti.lt\/#website\"},\"primaryImageOfPage\":{\"@id\":\"https:\/\/dev.monti.lt\/product\/mini-stalo-futbolas\/#primaryimage\"},\"image\":{\"@id\":\"https:\/\/dev.monti.lt\/product\/mini-stalo-futbolas\/#primaryimage\"},\"thumbnailUrl\":\"https:\/\/dev.monti.lt\/wp-content\/uploads\/2023\/09\/lit_pl_Kruzzel-21909-stalo-futbolas-17234_7.jpg\",\"datePublished\":\"2023-09-18T07:27:07+00:00\",\"dateModified\":\"2024-10-08T17:25:06+00:00\",\"breadcrumb\":{\"@id\":\"https:\/\/dev.monti.lt\/product\/mini-stalo-futbolas\/#breadcrumb\"},\"inLanguage\":\"en-US\",\"potentialAction\":[{\"@type\":\"ReadAction\",\"target\":[\"https:\/\/dev.monti.lt\/product\/mini-stalo-futbolas\/\"]}]},{\"@type\":\"ImageObject\",\"inLanguage\":\"en-US\",\"@id\":\"https:\/\/dev.monti.lt\/product\/mini-stalo-futbolas\/#primaryimage\",\"url\":\"https:\/\/dev.monti.lt\/wp-content\/uploads\/2023\/09\/lit_pl_Kruzzel-21909-stalo-futbolas-17234_7.jpg\",\"contentUrl\":\"https:\/\/dev.monti.lt\/wp-content\/uploads\/2023\/09\/lit_pl_Kruzzel-21909-stalo-futbolas-17234_7.jpg\",\"width\":500,\"height\":500,\"caption\":\"stalo futbolas\"},{\"@type\":\"BreadcrumbList\",\"@id\":\"https:\/\/dev.monti.lt\/product\/mini-stalo-futbolas\/#breadcrumb\",\"itemListElement\":[{\"@type\":\"ListItem\",\"position\":1,\"name\":\"Home\",\"item\":\"https:\/\/dev.monti.lt\/\"},{\"@type\":\"ListItem\",\"position\":2,\"name\":\"Parduotuv\u0117\",\"item\":\"https:\/\/dev.monti.lt\/shop\/\"},{\"@type\":\"ListItem\",\"position\":3,\"name\":\"Mini stalo futbolas\"}]},{\"@type\":\"WebSite\",\"@id\":\"https:\/\/dev.monti.lt\/#website\",\"url\":\"https:\/\/dev.monti.lt\/\",\"name\":\"Montessori \u017eaislai\",\"description\":\"\",\"publisher\":{\"@id\":\"https:\/\/dev.monti.lt\/#organization\"},\"potentialAction\":[{\"@type\":\"SearchAction\",\"target\":{\"@type\":\"EntryPoint\",\"urlTemplate\":\"https:\/\/dev.monti.lt\/?s={search_term_string}\"},\"query-input\":\"required name=search_term_string\"}],\"inLanguage\":\"en-US\"},{\"@type\":\"Organization\",\"@id\":\"https:\/\/dev.monti.lt\/#organization\",\"name\":\"Montessori \u017eaislai\",\"url\":\"https:\/\/dev.monti.lt\/\",\"logo\":{\"@type\":\"ImageObject\",\"inLanguage\":\"en-US\",\"@id\":\"https:\/\/dev.monti.lt\/#\/schema\/logo\/image\/\",\"url\":\"https:\/\/dev.monti.lt\/wp-content\/uploads\/2022\/03\/montilogo-1.png\",\"contentUrl\":\"https:\/\/dev.monti.lt\/wp-content\/uploads\/2022\/03\/montilogo-1.png\",\"width\":512,\"height\":512,\"caption\":\"Montessori \u017eaislai\"},\"image\":{\"@id\":\"https:\/\/dev.monti.lt\/#\/schema\/logo\/image\/\"}}]}<\/script>\n<!-- \/ Yoast SEO plugin. -->","yoast_head_json":{"title":"Mini stalo futbolas - Montessori \u017eaislai","robots":{"index":"noindex","follow":"follow","max-snippet":"max-snippet:-1","max-image-preview":"max-image-preview:large","max-video-preview":"max-video-preview:-1"},"og_locale":"en_US","og_type":"article","og_title":"Mini stalo futbolas - Montessori \u017eaislai","og_description":"Si\u016blome jums patraukli\u0105 ir dekadenti\u0161k\u0105 pramog\u0105 su m\u016bs\u0173 stalo futbolo stalu. \u0160is stilingas stalo futbolo stalas yra ne tik puikus baldas j\u016bs\u0173 namams, bet ir nepaprastai \u012fdomus \u017eaidimas, kuris suteiks valand\u0173 valandas puikios pramogos visai \u0161eimai ir draugams. M\u016bs\u0173 stalo futbolo stalas pagamintas i\u0161 auk\u0161\u010diausios kokyb\u0117s med\u017eiag\u0173 , tod\u0117l jis yra tvirtas ir ilgaam\u017eis. Tvirta [&hellip;]","og_url":"https:\/\/dev.monti.lt\/en\/product\/mini-stalo-futbolas\/","og_site_name":"Montessori \u017eaislai","article_modified_time":"2024-10-08T17:25:06+00:00","og_image":[{"width":500,"height":500,"url":"https:\/\/dev.monti.lt\/wp-content\/uploads\/2023\/09\/lit_pl_Kruzzel-21909-stalo-futbolas-17234_7.jpg","type":"image\/jpeg"}],"twitter_card":"summary_large_image","twitter_misc":{"Est. reading time":"2 minutes"},"schema":{"@context":"https:\/\/schema.org","@graph":[{"@type":"WebPage","@id":"https:\/\/dev.monti.lt\/product\/mini-stalo-futbolas\/","url":"https:\/\/dev.monti.lt\/product\/mini-stalo-futbolas\/","name":"Mini stalo futbolas - Montessori \u017eaislai","isPartOf":{"@id":"https:\/\/dev.monti.lt\/#website"},"primaryImageOfPage":{"@id":"https:\/\/dev.monti.lt\/product\/mini-stalo-futbolas\/#primaryimage"},"image":{"@id":"https:\/\/dev.monti.lt\/product\/mini-stalo-futbolas\/#primaryimage"},"thumbnailUrl":"https:\/\/dev.monti.lt\/wp-content\/uploads\/2023\/09\/lit_pl_Kruzzel-21909-stalo-futbolas-17234_7.jpg","datePublished":"2023-09-18T07:27:07+00:00","dateModified":"2024-10-08T17:25:06+00:00","breadcrumb":{"@id":"https:\/\/dev.monti.lt\/product\/mini-stalo-futbolas\/#breadcrumb"},"inLanguage":"en-US","potentialAction":[{"@type":"ReadAction","target":["https:\/\/dev.monti.lt\/product\/mini-stalo-futbolas\/"]}]},{"@type":"ImageObject","inLanguage":"en-US","@id":"https:\/\/dev.monti.lt\/product\/mini-stalo-futbolas\/#primaryimage","url":"https:\/\/dev.monti.lt\/wp-content\/uploads\/2023\/09\/lit_pl_Kruzzel-21909-stalo-futbolas-17234_7.jpg","contentUrl":"https:\/\/dev.monti.lt\/wp-content\/uploads\/2023\/09\/lit_pl_Kruzzel-21909-stalo-futbolas-17234_7.jpg","width":500,"height":500,"caption":"stalo futbolas"},{"@type":"BreadcrumbList","@id":"https:\/\/dev.monti.lt\/product\/mini-stalo-futbolas\/#breadcrumb","itemListElement":[{"@type":"ListItem","position":1,"name":"Home","item":"https:\/\/dev.monti.lt\/"},{"@type":"ListItem","position":2,"name":"Parduotuv\u0117","item":"https:\/\/dev.monti.lt\/shop\/"},{"@type":"ListItem","position":3,"name":"Mini stalo futbolas"}]},{"@type":"WebSite","@id":"https:\/\/dev.monti.lt\/#website","url":"https:\/\/dev.monti.lt\/","name":"Montessori \u017eaislai","description":"","publisher":{"@id":"https:\/\/dev.monti.lt\/#organization"},"potentialAction":[{"@type":"SearchAction","target":{"@type":"EntryPoint","urlTemplate":"https:\/\/dev.monti.lt\/?s={search_term_string}"},"query-input":"required name=search_term_string"}],"inLanguage":"en-US"},{"@type":"Organization","@id":"https:\/\/dev.monti.lt\/#organization","name":"Montessori \u017eaislai","url":"https:\/\/dev.monti.lt\/","logo":{"@type":"ImageObject","inLanguage":"en-US","@id":"https:\/\/dev.monti.lt\/#\/schema\/logo\/image\/","url":"https:\/\/dev.monti.lt\/wp-content\/uploads\/2022\/03\/montilogo-1.png","contentUrl":"https:\/\/dev.monti.lt\/wp-content\/uploads\/2022\/03\/montilogo-1.png","width":512,"height":512,"caption":"Montessori \u017eaislai"},"image":{"@id":"https:\/\/dev.monti.lt\/#\/schema\/logo\/image\/"}}]}},"_links":{"self":[{"href":"https:\/\/dev.monti.lt\/en\/wp-json\/wp\/v2\/product\/17691"}],"collection":[{"href":"https:\/\/dev.monti.lt\/en\/wp-json\/wp\/v2\/product"}],"about":[{"href":"https:\/\/dev.monti.lt\/en\/wp-json\/wp\/v2\/types\/product"}],"version-history":[{"count":2,"href":"https:\/\/dev.monti.lt\/en\/wp-json\/wp\/v2\/product\/17691\/revisions"}],"predecessor-version":[{"id":20059,"href":"https:\/\/dev.monti.lt\/en\/wp-json\/wp\/v2\/product\/17691\/revisions\/20059"}],"wp:featuredmedia":[{"embeddable":true,"href":"https:\/\/dev.monti.lt\/en\/wp-json\/wp\/v2\/media\/20052"}],"wp:attachment":[{"href":"https:\/\/dev.monti.lt\/en\/wp-json\/wp\/v2\/media?parent=17691"}],"wp:term":[{"taxonomy":"product_cat","embeddable":true,"href":"https:\/\/dev.monti.lt\/en\/wp-json\/wp\/v2\/product_cat?post=17691"},{"taxonomy":"product_tag","embeddable":true,"href":"https:\/\/dev.monti.lt\/en\/wp-json\/wp\/v2\/product_tag?post=17691"}],"curies":[{"name":"wp","href":"https:\/\/api.w.org\/{rel}","templated":true}]}}