{"id":17573,"date":"2023-09-12T06:38:58","date_gmt":"2023-09-12T06:38:58","guid":{"rendered":"https:\/\/dev.monti.lt\/?post_type=product&#038;p=17573"},"modified":"2024-06-18T10:47:01","modified_gmt":"2024-06-18T10:47:01","slug":"medinis-edukacinis-kubas","status":"publish","type":"product","link":"https:\/\/dev.monti.lt\/en\/product\/medinis-edukacinis-kubas\/","title":{"rendered":"Medinis edukacinis kubas"},"content":{"rendered":"<p>8in1 EDUKACINIAI kauliukai i\u0161 med\u017eio<\/p><p>DID\u017dIOJI U\u017dDUOTIS &#8211; kubas turi \u0161e\u0161ias spalvingas funkcines sieneles su daugybe \u012fdomi\u0173 u\u017eduo\u010di\u0173 jaunesniems ir vyresniems vaikams. Be to, vir\u0161uje yra smagus, spalvingas persipyn\u0119s \u017eaidimas, o apa\u010dioje &#8211; kin\u0173 \u017eaidimo lenta.<br>\u017dAIDIMAI &#8211; su lavinamuoju kubu vaikas gali mokytis skai\u010di\u0173, mokytis skai\u010diuoti, lavinti atmint\u012f, login\u012f m\u0105stym\u0105 ir paprastas matematines u\u017eduotis, mokytis spalv\u0173, form\u0173, skaityti valandas laikrodyje ir t. t.<br>PAGALBA VAIK\u0172 UGDYMUI &#8211; kubas pasi\u017eymi gra\u017eiomis, ry\u0161kiomis spalvomis, kurios lavina ma\u017eiausi\u0173j\u0173 vaizduot\u0119 ir skatina j\u0173 k\u016brybi\u0161kum\u0105. \u017daisdami su interaktyviuoju kubu vaikai taip pat lavina rank\u0173 darbo \u012fg\u016bd\u017eius ir akies-rankos koordinacij\u0105.<br>SAUGUMAS &#8211; \u017eaislas yra saugus patiems ma\u017eiausiems vaikams. Visi mediniai elementai puikiai nu\u0161lifuoti ir nuda\u017eyti ekologi\u0161kai saugiais da\u017eais. Be to, n\u0117ra i\u0161siki\u0161usi\u0173, a\u0161tri\u0173 element\u0173, kurie gal\u0117t\u0173 su\u017ealoti vaik\u0105. Kubas turi CE ir EN 71 sertifikatus.<br>SPECIFIKACIJOS &#8211; am\u017eius: 1+; sertifikatai: CE, EN 71; med\u017eiaga: medis; matmenys (D\/V\/\u0160\/V): 24,5\/24,5\/36 cm; svoris: 1,65 kg; svoris su pakuote: 2,07 kg.<br>SPECIFIKACIJA<\/p><p>am\u017eius: 3+<br>sertifikatai: CE, EN 71<br>med\u017eiaga: mediena<br>matmenys (D\/V\/\u0160\/V): 24,5\/24,5\/36 cm<br>svoris: 1,65 kg<br>svoris su pakuote: 2,07 kg<\/p><p>r\u016b\u0161iuokl\u0117<br>p\u0117stinink\u0173 rinkinys + 2 kauliukai<br>Vystomasis \u017eaislas, kuris patiks kiekvienam ma\u017eyliui. Edukacinis medinis kubas &#8211; tai ne tik daug valand\u0173 linksmos pramogos, bet ir mokymasis, kuris tikrai atsipirks ateityje. Interaktyvusis medinis kubas labai spalvingas &#8211; ry\u0161kios spalvos skatina ma\u017eyli\u0173 vaizduot\u0119 ir skatina j\u0173 k\u016brybi\u0161kum\u0105. Kita vertus, manipuliuodami judan\u010diais elementais ma\u017eieji lavina savo ma\u017eus pir\u0161tukus, lavina rank\u0173 \u012fg\u016bd\u017eius ir akies-rankos koordinacij\u0105. Mokomasis interaktyvusis kubas puikiai tiks ir savaranki\u0161kam \u017eaidimui, ir \u017eaidimui kartu su t\u0117vais. Jis neabejotinai u\u017epildys j\u016bs\u0173 vaiko laik\u0105 ir privers i\u0161nykti nuobodul\u012f.<\/p>","protected":false},"excerpt":{"rendered":"<p>8in1 EDUKACINIAI kauliukai i\u0161 med\u017eio DID\u017dIOJI U\u017dDUOTIS &#8211; kubas turi \u0161e\u0161ias spalvingas funkcines sieneles su daugybe \u012fdomi\u0173 u\u017eduo\u010di\u0173 jaunesniems ir vyresniems vaikams. Be to, vir\u0161uje yra smagus, spalvingas persipyn\u0119s \u017eaidimas, o apa\u010dioje &#8211; kin\u0173 \u017eaidimo lenta.\u017dAIDIMAI &#8211; su lavinamuoju kubu vaikas gali mokytis skai\u010di\u0173, mokytis skai\u010diuoti, lavinti atmint\u012f, login\u012f m\u0105stym\u0105 ir paprastas matematines u\u017eduotis, mokytis [&hellip;]<\/p>","protected":false},"featured_media":17574,"template":"","meta":{"iawp_total_views":98},"product_cat":[92,193,200,191,192,84,91,102,88,83,90,86,49,39],"product_tag":[96,97,98,99],"class_list":{"0":"post-17573","1":"product","2":"type-product","3":"status-publish","4":"has-post-thumbnail","6":"product_cat-deliones","7":"product_cat-dovanos-vaikams-1-2-metu","8":"product_cat-dovanos-kudikiams","9":"product_cat-dovanos-vaikams","10":"product_cat-kaledines-dovanos-vaikams","11":"product_cat-lavinamieji-zaislai","12":"product_cat-loginiam-mastymui","13":"product_cat-mediniai-zaislai","14":"product_cat-mokausi-zaisti","15":"product_cat-montessori-zaislai","16":"product_cat-pasaulio-pazinimas","17":"product_cat-smulkioji-motorika","18":"product_cat-visi-zaislai","19":"product_cat-zaislai","20":"product_tag-2-m-3-m","21":"product_tag-3-m-4-m","22":"product_tag-5-m-7-m","23":"product_tag-8-m-11-m","25":"first","26":"instock","27":"taxable","28":"shipping-taxable","29":"purchasable","30":"product-type-simple"},"yoast_head":"<!-- This site is optimized with the Yoast SEO plugin v23.3 - https:\/\/yoast.com\/wordpress\/plugins\/seo\/ -->\n<title>Medinis edukacinis kubas - Montessori \u017eaislai<\/title>\n<meta name=\"robots\" content=\"noindex, follow, max-snippet:-1, max-image-preview:large, max-video-preview:-1\" \/>\n<meta property=\"og:locale\" content=\"en_US\" \/>\n<meta property=\"og:type\" content=\"article\" \/>\n<meta property=\"og:title\" content=\"Medinis edukacinis kubas - Montessori \u017eaislai\" \/>\n<meta property=\"og:description\" content=\"8in1 EDUKACINIAI kauliukai i\u0161 med\u017eio DID\u017dIOJI U\u017dDUOTIS &#8211; kubas turi \u0161e\u0161ias spalvingas funkcines sieneles su daugybe \u012fdomi\u0173 u\u017eduo\u010di\u0173 jaunesniems ir vyresniems vaikams. Be to, vir\u0161uje yra smagus, spalvingas persipyn\u0119s \u017eaidimas, o apa\u010dioje &#8211; kin\u0173 \u017eaidimo lenta.\u017dAIDIMAI &#8211; su lavinamuoju kubu vaikas gali mokytis skai\u010di\u0173, mokytis skai\u010diuoti, lavinti atmint\u012f, login\u012f m\u0105stym\u0105 ir paprastas matematines u\u017eduotis, mokytis [&hellip;]\" \/>\n<meta property=\"og:url\" content=\"https:\/\/dev.monti.lt\/en\/product\/medinis-edukacinis-kubas\/\" \/>\n<meta property=\"og:site_name\" content=\"Montessori \u017eaislai\" \/>\n<meta property=\"article:modified_time\" content=\"2024-06-18T10:47:01+00:00\" \/>\n<meta property=\"og:image\" content=\"https:\/\/dev.monti.lt\/wp-content\/uploads\/2023\/09\/lit_pl_Medinis-edukacinis-kubas-K7711-13251_2.jpg\" \/>\n\t<meta property=\"og:image:width\" content=\"564\" \/>\n\t<meta property=\"og:image:height\" content=\"500\" \/>\n\t<meta property=\"og:image:type\" content=\"image\/jpeg\" \/>\n<meta name=\"twitter:card\" content=\"summary_large_image\" \/>\n<meta name=\"twitter:label1\" content=\"Est. reading time\" \/>\n\t<meta name=\"twitter:data1\" content=\"2 minutes\" \/>\n<script type=\"application\/ld+json\" class=\"yoast-schema-graph\">{\"@context\":\"https:\/\/schema.org\",\"@graph\":[{\"@type\":\"WebPage\",\"@id\":\"https:\/\/dev.monti.lt\/product\/medinis-edukacinis-kubas\/\",\"url\":\"https:\/\/dev.monti.lt\/product\/medinis-edukacinis-kubas\/\",\"name\":\"Medinis edukacinis kubas - Montessori \u017eaislai\",\"isPartOf\":{\"@id\":\"https:\/\/dev.monti.lt\/#website\"},\"primaryImageOfPage\":{\"@id\":\"https:\/\/dev.monti.lt\/product\/medinis-edukacinis-kubas\/#primaryimage\"},\"image\":{\"@id\":\"https:\/\/dev.monti.lt\/product\/medinis-edukacinis-kubas\/#primaryimage\"},\"thumbnailUrl\":\"https:\/\/dev.monti.lt\/wp-content\/uploads\/2023\/09\/lit_pl_Medinis-edukacinis-kubas-K7711-13251_2.jpg\",\"datePublished\":\"2023-09-12T06:38:58+00:00\",\"dateModified\":\"2024-06-18T10:47:01+00:00\",\"breadcrumb\":{\"@id\":\"https:\/\/dev.monti.lt\/product\/medinis-edukacinis-kubas\/#breadcrumb\"},\"inLanguage\":\"en-US\",\"potentialAction\":[{\"@type\":\"ReadAction\",\"target\":[\"https:\/\/dev.monti.lt\/product\/medinis-edukacinis-kubas\/\"]}]},{\"@type\":\"ImageObject\",\"inLanguage\":\"en-US\",\"@id\":\"https:\/\/dev.monti.lt\/product\/medinis-edukacinis-kubas\/#primaryimage\",\"url\":\"https:\/\/dev.monti.lt\/wp-content\/uploads\/2023\/09\/lit_pl_Medinis-edukacinis-kubas-K7711-13251_2.jpg\",\"contentUrl\":\"https:\/\/dev.monti.lt\/wp-content\/uploads\/2023\/09\/lit_pl_Medinis-edukacinis-kubas-K7711-13251_2.jpg\",\"width\":564,\"height\":500},{\"@type\":\"BreadcrumbList\",\"@id\":\"https:\/\/dev.monti.lt\/product\/medinis-edukacinis-kubas\/#breadcrumb\",\"itemListElement\":[{\"@type\":\"ListItem\",\"position\":1,\"name\":\"Home\",\"item\":\"https:\/\/dev.monti.lt\/\"},{\"@type\":\"ListItem\",\"position\":2,\"name\":\"Parduotuv\u0117\",\"item\":\"https:\/\/dev.monti.lt\/shop\/\"},{\"@type\":\"ListItem\",\"position\":3,\"name\":\"Medinis edukacinis kubas\"}]},{\"@type\":\"WebSite\",\"@id\":\"https:\/\/dev.monti.lt\/#website\",\"url\":\"https:\/\/dev.monti.lt\/\",\"name\":\"Montessori \u017eaislai\",\"description\":\"\",\"publisher\":{\"@id\":\"https:\/\/dev.monti.lt\/#organization\"},\"potentialAction\":[{\"@type\":\"SearchAction\",\"target\":{\"@type\":\"EntryPoint\",\"urlTemplate\":\"https:\/\/dev.monti.lt\/?s={search_term_string}\"},\"query-input\":\"required name=search_term_string\"}],\"inLanguage\":\"en-US\"},{\"@type\":\"Organization\",\"@id\":\"https:\/\/dev.monti.lt\/#organization\",\"name\":\"Montessori \u017eaislai\",\"url\":\"https:\/\/dev.monti.lt\/\",\"logo\":{\"@type\":\"ImageObject\",\"inLanguage\":\"en-US\",\"@id\":\"https:\/\/dev.monti.lt\/#\/schema\/logo\/image\/\",\"url\":\"https:\/\/dev.monti.lt\/wp-content\/uploads\/2022\/03\/montilogo-1.png\",\"contentUrl\":\"https:\/\/dev.monti.lt\/wp-content\/uploads\/2022\/03\/montilogo-1.png\",\"width\":512,\"height\":512,\"caption\":\"Montessori \u017eaislai\"},\"image\":{\"@id\":\"https:\/\/dev.monti.lt\/#\/schema\/logo\/image\/\"}}]}<\/script>\n<!-- \/ Yoast SEO plugin. -->","yoast_head_json":{"title":"Medinis edukacinis kubas - Montessori \u017eaislai","robots":{"index":"noindex","follow":"follow","max-snippet":"max-snippet:-1","max-image-preview":"max-image-preview:large","max-video-preview":"max-video-preview:-1"},"og_locale":"en_US","og_type":"article","og_title":"Medinis edukacinis kubas - Montessori \u017eaislai","og_description":"8in1 EDUKACINIAI kauliukai i\u0161 med\u017eio DID\u017dIOJI U\u017dDUOTIS &#8211; kubas turi \u0161e\u0161ias spalvingas funkcines sieneles su daugybe \u012fdomi\u0173 u\u017eduo\u010di\u0173 jaunesniems ir vyresniems vaikams. Be to, vir\u0161uje yra smagus, spalvingas persipyn\u0119s \u017eaidimas, o apa\u010dioje &#8211; kin\u0173 \u017eaidimo lenta.\u017dAIDIMAI &#8211; su lavinamuoju kubu vaikas gali mokytis skai\u010di\u0173, mokytis skai\u010diuoti, lavinti atmint\u012f, login\u012f m\u0105stym\u0105 ir paprastas matematines u\u017eduotis, mokytis [&hellip;]","og_url":"https:\/\/dev.monti.lt\/en\/product\/medinis-edukacinis-kubas\/","og_site_name":"Montessori \u017eaislai","article_modified_time":"2024-06-18T10:47:01+00:00","og_image":[{"width":564,"height":500,"url":"https:\/\/dev.monti.lt\/wp-content\/uploads\/2023\/09\/lit_pl_Medinis-edukacinis-kubas-K7711-13251_2.jpg","type":"image\/jpeg"}],"twitter_card":"summary_large_image","twitter_misc":{"Est. reading time":"2 minutes"},"schema":{"@context":"https:\/\/schema.org","@graph":[{"@type":"WebPage","@id":"https:\/\/dev.monti.lt\/product\/medinis-edukacinis-kubas\/","url":"https:\/\/dev.monti.lt\/product\/medinis-edukacinis-kubas\/","name":"Medinis edukacinis kubas - Montessori \u017eaislai","isPartOf":{"@id":"https:\/\/dev.monti.lt\/#website"},"primaryImageOfPage":{"@id":"https:\/\/dev.monti.lt\/product\/medinis-edukacinis-kubas\/#primaryimage"},"image":{"@id":"https:\/\/dev.monti.lt\/product\/medinis-edukacinis-kubas\/#primaryimage"},"thumbnailUrl":"https:\/\/dev.monti.lt\/wp-content\/uploads\/2023\/09\/lit_pl_Medinis-edukacinis-kubas-K7711-13251_2.jpg","datePublished":"2023-09-12T06:38:58+00:00","dateModified":"2024-06-18T10:47:01+00:00","breadcrumb":{"@id":"https:\/\/dev.monti.lt\/product\/medinis-edukacinis-kubas\/#breadcrumb"},"inLanguage":"en-US","potentialAction":[{"@type":"ReadAction","target":["https:\/\/dev.monti.lt\/product\/medinis-edukacinis-kubas\/"]}]},{"@type":"ImageObject","inLanguage":"en-US","@id":"https:\/\/dev.monti.lt\/product\/medinis-edukacinis-kubas\/#primaryimage","url":"https:\/\/dev.monti.lt\/wp-content\/uploads\/2023\/09\/lit_pl_Medinis-edukacinis-kubas-K7711-13251_2.jpg","contentUrl":"https:\/\/dev.monti.lt\/wp-content\/uploads\/2023\/09\/lit_pl_Medinis-edukacinis-kubas-K7711-13251_2.jpg","width":564,"height":500},{"@type":"BreadcrumbList","@id":"https:\/\/dev.monti.lt\/product\/medinis-edukacinis-kubas\/#breadcrumb","itemListElement":[{"@type":"ListItem","position":1,"name":"Home","item":"https:\/\/dev.monti.lt\/"},{"@type":"ListItem","position":2,"name":"Parduotuv\u0117","item":"https:\/\/dev.monti.lt\/shop\/"},{"@type":"ListItem","position":3,"name":"Medinis edukacinis kubas"}]},{"@type":"WebSite","@id":"https:\/\/dev.monti.lt\/#website","url":"https:\/\/dev.monti.lt\/","name":"Montessori \u017eaislai","description":"","publisher":{"@id":"https:\/\/dev.monti.lt\/#organization"},"potentialAction":[{"@type":"SearchAction","target":{"@type":"EntryPoint","urlTemplate":"https:\/\/dev.monti.lt\/?s={search_term_string}"},"query-input":"required name=search_term_string"}],"inLanguage":"en-US"},{"@type":"Organization","@id":"https:\/\/dev.monti.lt\/#organization","name":"Montessori \u017eaislai","url":"https:\/\/dev.monti.lt\/","logo":{"@type":"ImageObject","inLanguage":"en-US","@id":"https:\/\/dev.monti.lt\/#\/schema\/logo\/image\/","url":"https:\/\/dev.monti.lt\/wp-content\/uploads\/2022\/03\/montilogo-1.png","contentUrl":"https:\/\/dev.monti.lt\/wp-content\/uploads\/2022\/03\/montilogo-1.png","width":512,"height":512,"caption":"Montessori \u017eaislai"},"image":{"@id":"https:\/\/dev.monti.lt\/#\/schema\/logo\/image\/"}}]}},"_links":{"self":[{"href":"https:\/\/dev.monti.lt\/en\/wp-json\/wp\/v2\/product\/17573"}],"collection":[{"href":"https:\/\/dev.monti.lt\/en\/wp-json\/wp\/v2\/product"}],"about":[{"href":"https:\/\/dev.monti.lt\/en\/wp-json\/wp\/v2\/types\/product"}],"version-history":[{"count":1,"href":"https:\/\/dev.monti.lt\/en\/wp-json\/wp\/v2\/product\/17573\/revisions"}],"predecessor-version":[{"id":17582,"href":"https:\/\/dev.monti.lt\/en\/wp-json\/wp\/v2\/product\/17573\/revisions\/17582"}],"wp:featuredmedia":[{"embeddable":true,"href":"https:\/\/dev.monti.lt\/en\/wp-json\/wp\/v2\/media\/17574"}],"wp:attachment":[{"href":"https:\/\/dev.monti.lt\/en\/wp-json\/wp\/v2\/media?parent=17573"}],"wp:term":[{"taxonomy":"product_cat","embeddable":true,"href":"https:\/\/dev.monti.lt\/en\/wp-json\/wp\/v2\/product_cat?post=17573"},{"taxonomy":"product_tag","embeddable":true,"href":"https:\/\/dev.monti.lt\/en\/wp-json\/wp\/v2\/product_tag?post=17573"}],"curies":[{"name":"wp","href":"https:\/\/api.w.org\/{rel}","templated":true}]}}