{"id":17387,"date":"2023-09-07T07:27:00","date_gmt":"2023-09-07T07:27:00","guid":{"rendered":"https:\/\/dev.monti.lt\/?post_type=product&#038;p=17387"},"modified":"2024-10-03T07:50:14","modified_gmt":"2024-10-03T07:50:14","slug":"traukiamas-chameleonas-su-vaivorykste","status":"publish","type":"product","link":"https:\/\/dev.monti.lt\/en\/product\/traukiamas-chameleonas-su-vaivorykste\/","title":{"rendered":"Traukiamas chameleonas su vaivoryk\u0161te"},"content":{"rendered":"<p>Vaivoryk\u0161tinis chameleonas buvo sukurtas taip, kad vaikas vystyt\u0173si \u012fvairiais lygmenimis. \u017daisl\u0105 galima \u017eaisti \u012fvairiais b\u016bdais, d\u0117l to jis labai padr\u0105sina vaik\u0105 ir tikrai greitai nenuobod\u017eiaus. \u017daisdamas su chameleonu vaikas turi galimyb\u0119 lavinti smulki\u0105j\u0105 motorik\u0105, erdvin\u0119 vaizduot\u0119, atskirti spalvas, taip pat skirtumus ir ie\u0161koti skirtum\u0173. Vienu metu stimuliuodami \u012fvairius lygius, mes r\u016bpinam\u0117s vaiko vystymusi.<\/p><p>\u017daidim\u0173 id\u0117jos: &#8220;\u017daidim\u0173 id\u0117jos:<\/p><ol class=\"wp-block-list\"><li>Ant gyv\u016bno nugaros yra violetinis volelis ir \u0161e\u0161i skirting\u0173 spalv\u0173 ir dyd\u017ei\u0173 pusra\u010diai. Vaikas gali mokytis nauj\u0173 spalv\u0173, taip pat sud\u0117lioti piramid\u0119, prad\u0117damas nuo ra\u0161to arba did\u017eiausio elemento.<\/li>\n\n<li>Ant chameleono nugaros ma\u017eylis d\u0117lioja \u012fvairias konstrukcijas, kartu lavindamas i\u0161d\u0117stymo tikslum\u0105 ir akies-rankos koordinacij\u0105. \u017daisdami galite naudoti pavyzdines konstrukcijas i\u0161 rinkinyje esan\u010dios knygel\u0117s.<\/li>\n\n<li>Atskirdami nuo spalvot\u0173 puslank\u0173, kartu su vaiku d\u0117liojame paveiksl\u0117lius &#8211; knygel\u0117je yra \u012fkv\u0117pim\u0173 d\u0117lioti, pavyzd\u017eiui, \u017euvytes, pauk\u0161telius ar drugel\u012f, taip pat galime sugalvoti savo vaikus, lavinti vaizduot\u0119 ir vaiko raid\u0105.<\/li>\n\n<li>Pramog\u0105 galima i\u0161judinti traukiant virvut\u0119 arba stumdant, skatinant vaik\u0105 stoveti arba sekti chameleon\u0105.<\/li><\/ol><p>Rinkin\u012f sudaro: 1:<\/p><ul class=\"wp-block-list\"><li>nestandartinis chameleono ant ratuk\u0173 pavidalo,<\/li>\n\n<li>6 skirting\u0173 spalv\u0173 pusra\u010diai<\/li>\n\n<li>violetin\u0117s spalvos ratukai,<\/li>\n\n<li>id\u0117j\u0173 knyga.<\/li><\/ul><p>Pagrindiniai \u017eaislo elementai:<\/p><ul class=\"wp-block-list\"><li>pagamintas tik i\u0161 auk\u0161tos kokyb\u0117s plastiko, kur\u012f lengva valyti,<\/li>\n\n<li>draugi\u0161kos spalvos ir besi\u0161ypsantis gyv\u016bno veidas skatina linksmybes,<\/li>\n\n<li>virvut\u0117, skirta traukti gerv\u0119,<\/li>\n\n<li>ant puslankio \u0161ono &#8211; skai\u010diai nuo 1 iki 6,<\/li>\n\n<li>puslapyje buvo \u012fspausti skai\u010diai (pvz., elementas, kurio buvimas 6, turi 6 \u0161e\u0161iakampius). Reljefas jau\u010diamas po pir\u0161tais, d\u0117l to jau\u010diame ir vaiko prisilietim\u0105.<\/li><\/ul><p>chameleono matmenys:<\/p><ul class=\"wp-block-list\"><li>ilgis apie 28 cm.<\/li>\n\n<li>ilgis apie 12,5 cm<\/li>\n\n<li>auk\u0161tis apie 14 cm<\/li>\n\n<li>virvel\u0117s ilgis apie 17 cm<\/li><\/ul><p>Rinkinys pateikiamas spalvingoje, esteti\u0161koje d\u0117\u017eut\u0117je, puikiai tinkan\u010dioje dovanai.<\/p><p>Am\u017eius 18 m\u0117n+<\/p>","protected":false},"excerpt":{"rendered":"<p>Vaivoryk\u0161tinis chameleonas buvo sukurtas taip, kad vaikas vystyt\u0173si \u012fvairiais lygmenimis. \u017daisl\u0105 galima \u017eaisti \u012fvairiais b\u016bdais, d\u0117l to jis labai padr\u0105sina vaik\u0105 ir tikrai greitai nenuobod\u017eiaus. \u017daisdamas su chameleonu vaikas turi galimyb\u0119 lavinti smulki\u0105j\u0105 motorik\u0105, erdvin\u0119 vaizduot\u0119, atskirti spalvas, taip pat skirtumus ir ie\u0161koti skirtum\u0173. Vienu metu stimuliuodami \u012fvairius lygius, mes r\u016bpinam\u0117s vaiko vystymusi. \u017daidim\u0173 id\u0117jos: [&hellip;]<\/p>","protected":false},"featured_media":17388,"template":"","meta":{"iawp_total_views":61},"product_cat":[92,193,191,82,192,87,84,91,83,90,86,49,39],"product_tag":[95,96,97],"class_list":{"0":"post-17387","1":"product","2":"type-product","3":"status-publish","4":"has-post-thumbnail","6":"product_cat-deliones","7":"product_cat-dovanos-vaikams-1-2-metu","8":"product_cat-dovanos-vaikams","9":"product_cat-ispardavimas","10":"product_cat-kaledines-dovanos-vaikams","11":"product_cat-kurybiniai-rinkiniai","12":"product_cat-lavinamieji-zaislai","13":"product_cat-loginiam-mastymui","14":"product_cat-montessori-zaislai","15":"product_cat-pasaulio-pazinimas","16":"product_cat-smulkioji-motorika","17":"product_cat-visi-zaislai","18":"product_cat-zaislai","19":"product_tag-1-m-2-m","20":"product_tag-2-m-3-m","21":"product_tag-3-m-4-m","23":"first","24":"instock","25":"sale","26":"taxable","27":"shipping-taxable","28":"purchasable","29":"product-type-simple"},"yoast_head":"<!-- This site is optimized with the Yoast SEO plugin v23.3 - https:\/\/yoast.com\/wordpress\/plugins\/seo\/ -->\n<title>Traukiamas chameleonas su vaivoryk\u0161te - Montessori \u017eaislai<\/title>\n<meta name=\"robots\" content=\"noindex, follow, max-snippet:-1, max-image-preview:large, max-video-preview:-1\" \/>\n<meta property=\"og:locale\" content=\"en_US\" \/>\n<meta property=\"og:type\" content=\"article\" \/>\n<meta property=\"og:title\" content=\"Traukiamas chameleonas su vaivoryk\u0161te - Montessori \u017eaislai\" \/>\n<meta property=\"og:description\" content=\"Vaivoryk\u0161tinis chameleonas buvo sukurtas taip, kad vaikas vystyt\u0173si \u012fvairiais lygmenimis. \u017daisl\u0105 galima \u017eaisti \u012fvairiais b\u016bdais, d\u0117l to jis labai padr\u0105sina vaik\u0105 ir tikrai greitai nenuobod\u017eiaus. \u017daisdamas su chameleonu vaikas turi galimyb\u0119 lavinti smulki\u0105j\u0105 motorik\u0105, erdvin\u0119 vaizduot\u0119, atskirti spalvas, taip pat skirtumus ir ie\u0161koti skirtum\u0173. Vienu metu stimuliuodami \u012fvairius lygius, mes r\u016bpinam\u0117s vaiko vystymusi. \u017daidim\u0173 id\u0117jos: [&hellip;]\" \/>\n<meta property=\"og:url\" content=\"https:\/\/dev.monti.lt\/en\/product\/traukiamas-chameleonas-su-vaivorykste\/\" \/>\n<meta property=\"og:site_name\" content=\"Montessori \u017eaislai\" \/>\n<meta property=\"article:modified_time\" content=\"2024-10-03T07:50:14+00:00\" \/>\n<meta property=\"og:image\" content=\"https:\/\/dev.monti.lt\/wp-content\/uploads\/2023\/09\/eng_pl_-Rainbow-chameleon-puzzle-montessori-pyramid-ZA4532-19670_1-1.jpg\" \/>\n\t<meta property=\"og:image:width\" content=\"750\" \/>\n\t<meta property=\"og:image:height\" content=\"750\" \/>\n\t<meta property=\"og:image:type\" content=\"image\/jpeg\" \/>\n<meta name=\"twitter:card\" content=\"summary_large_image\" \/>\n<meta name=\"twitter:label1\" content=\"Est. reading time\" \/>\n\t<meta name=\"twitter:data1\" content=\"2 minutes\" \/>\n<script type=\"application\/ld+json\" class=\"yoast-schema-graph\">{\"@context\":\"https:\/\/schema.org\",\"@graph\":[{\"@type\":\"WebPage\",\"@id\":\"https:\/\/dev.monti.lt\/product\/traukiamas-chameleonas-su-vaivorykste\/\",\"url\":\"https:\/\/dev.monti.lt\/product\/traukiamas-chameleonas-su-vaivorykste\/\",\"name\":\"Traukiamas chameleonas su vaivoryk\u0161te - Montessori \u017eaislai\",\"isPartOf\":{\"@id\":\"https:\/\/dev.monti.lt\/#website\"},\"primaryImageOfPage\":{\"@id\":\"https:\/\/dev.monti.lt\/product\/traukiamas-chameleonas-su-vaivorykste\/#primaryimage\"},\"image\":{\"@id\":\"https:\/\/dev.monti.lt\/product\/traukiamas-chameleonas-su-vaivorykste\/#primaryimage\"},\"thumbnailUrl\":\"https:\/\/dev.monti.lt\/wp-content\/uploads\/2023\/09\/eng_pl_-Rainbow-chameleon-puzzle-montessori-pyramid-ZA4532-19670_1-1.jpg\",\"datePublished\":\"2023-09-07T07:27:00+00:00\",\"dateModified\":\"2024-10-03T07:50:14+00:00\",\"breadcrumb\":{\"@id\":\"https:\/\/dev.monti.lt\/product\/traukiamas-chameleonas-su-vaivorykste\/#breadcrumb\"},\"inLanguage\":\"en-US\",\"potentialAction\":[{\"@type\":\"ReadAction\",\"target\":[\"https:\/\/dev.monti.lt\/product\/traukiamas-chameleonas-su-vaivorykste\/\"]}]},{\"@type\":\"ImageObject\",\"inLanguage\":\"en-US\",\"@id\":\"https:\/\/dev.monti.lt\/product\/traukiamas-chameleonas-su-vaivorykste\/#primaryimage\",\"url\":\"https:\/\/dev.monti.lt\/wp-content\/uploads\/2023\/09\/eng_pl_-Rainbow-chameleon-puzzle-montessori-pyramid-ZA4532-19670_1-1.jpg\",\"contentUrl\":\"https:\/\/dev.monti.lt\/wp-content\/uploads\/2023\/09\/eng_pl_-Rainbow-chameleon-puzzle-montessori-pyramid-ZA4532-19670_1-1.jpg\",\"width\":750,\"height\":750},{\"@type\":\"BreadcrumbList\",\"@id\":\"https:\/\/dev.monti.lt\/product\/traukiamas-chameleonas-su-vaivorykste\/#breadcrumb\",\"itemListElement\":[{\"@type\":\"ListItem\",\"position\":1,\"name\":\"Home\",\"item\":\"https:\/\/dev.monti.lt\/\"},{\"@type\":\"ListItem\",\"position\":2,\"name\":\"Parduotuv\u0117\",\"item\":\"https:\/\/dev.monti.lt\/shop\/\"},{\"@type\":\"ListItem\",\"position\":3,\"name\":\"Traukiamas chameleonas su vaivoryk\u0161te\"}]},{\"@type\":\"WebSite\",\"@id\":\"https:\/\/dev.monti.lt\/#website\",\"url\":\"https:\/\/dev.monti.lt\/\",\"name\":\"Montessori \u017eaislai\",\"description\":\"\",\"publisher\":{\"@id\":\"https:\/\/dev.monti.lt\/#organization\"},\"potentialAction\":[{\"@type\":\"SearchAction\",\"target\":{\"@type\":\"EntryPoint\",\"urlTemplate\":\"https:\/\/dev.monti.lt\/?s={search_term_string}\"},\"query-input\":\"required name=search_term_string\"}],\"inLanguage\":\"en-US\"},{\"@type\":\"Organization\",\"@id\":\"https:\/\/dev.monti.lt\/#organization\",\"name\":\"Montessori \u017eaislai\",\"url\":\"https:\/\/dev.monti.lt\/\",\"logo\":{\"@type\":\"ImageObject\",\"inLanguage\":\"en-US\",\"@id\":\"https:\/\/dev.monti.lt\/#\/schema\/logo\/image\/\",\"url\":\"https:\/\/dev.monti.lt\/wp-content\/uploads\/2022\/03\/montilogo-1.png\",\"contentUrl\":\"https:\/\/dev.monti.lt\/wp-content\/uploads\/2022\/03\/montilogo-1.png\",\"width\":512,\"height\":512,\"caption\":\"Montessori \u017eaislai\"},\"image\":{\"@id\":\"https:\/\/dev.monti.lt\/#\/schema\/logo\/image\/\"}}]}<\/script>\n<!-- \/ Yoast SEO plugin. -->","yoast_head_json":{"title":"Traukiamas chameleonas su vaivoryk\u0161te - Montessori \u017eaislai","robots":{"index":"noindex","follow":"follow","max-snippet":"max-snippet:-1","max-image-preview":"max-image-preview:large","max-video-preview":"max-video-preview:-1"},"og_locale":"en_US","og_type":"article","og_title":"Traukiamas chameleonas su vaivoryk\u0161te - Montessori \u017eaislai","og_description":"Vaivoryk\u0161tinis chameleonas buvo sukurtas taip, kad vaikas vystyt\u0173si \u012fvairiais lygmenimis. \u017daisl\u0105 galima \u017eaisti \u012fvairiais b\u016bdais, d\u0117l to jis labai padr\u0105sina vaik\u0105 ir tikrai greitai nenuobod\u017eiaus. \u017daisdamas su chameleonu vaikas turi galimyb\u0119 lavinti smulki\u0105j\u0105 motorik\u0105, erdvin\u0119 vaizduot\u0119, atskirti spalvas, taip pat skirtumus ir ie\u0161koti skirtum\u0173. Vienu metu stimuliuodami \u012fvairius lygius, mes r\u016bpinam\u0117s vaiko vystymusi. \u017daidim\u0173 id\u0117jos: [&hellip;]","og_url":"https:\/\/dev.monti.lt\/en\/product\/traukiamas-chameleonas-su-vaivorykste\/","og_site_name":"Montessori \u017eaislai","article_modified_time":"2024-10-03T07:50:14+00:00","og_image":[{"width":750,"height":750,"url":"https:\/\/dev.monti.lt\/wp-content\/uploads\/2023\/09\/eng_pl_-Rainbow-chameleon-puzzle-montessori-pyramid-ZA4532-19670_1-1.jpg","type":"image\/jpeg"}],"twitter_card":"summary_large_image","twitter_misc":{"Est. reading time":"2 minutes"},"schema":{"@context":"https:\/\/schema.org","@graph":[{"@type":"WebPage","@id":"https:\/\/dev.monti.lt\/product\/traukiamas-chameleonas-su-vaivorykste\/","url":"https:\/\/dev.monti.lt\/product\/traukiamas-chameleonas-su-vaivorykste\/","name":"Traukiamas chameleonas su vaivoryk\u0161te - Montessori \u017eaislai","isPartOf":{"@id":"https:\/\/dev.monti.lt\/#website"},"primaryImageOfPage":{"@id":"https:\/\/dev.monti.lt\/product\/traukiamas-chameleonas-su-vaivorykste\/#primaryimage"},"image":{"@id":"https:\/\/dev.monti.lt\/product\/traukiamas-chameleonas-su-vaivorykste\/#primaryimage"},"thumbnailUrl":"https:\/\/dev.monti.lt\/wp-content\/uploads\/2023\/09\/eng_pl_-Rainbow-chameleon-puzzle-montessori-pyramid-ZA4532-19670_1-1.jpg","datePublished":"2023-09-07T07:27:00+00:00","dateModified":"2024-10-03T07:50:14+00:00","breadcrumb":{"@id":"https:\/\/dev.monti.lt\/product\/traukiamas-chameleonas-su-vaivorykste\/#breadcrumb"},"inLanguage":"en-US","potentialAction":[{"@type":"ReadAction","target":["https:\/\/dev.monti.lt\/product\/traukiamas-chameleonas-su-vaivorykste\/"]}]},{"@type":"ImageObject","inLanguage":"en-US","@id":"https:\/\/dev.monti.lt\/product\/traukiamas-chameleonas-su-vaivorykste\/#primaryimage","url":"https:\/\/dev.monti.lt\/wp-content\/uploads\/2023\/09\/eng_pl_-Rainbow-chameleon-puzzle-montessori-pyramid-ZA4532-19670_1-1.jpg","contentUrl":"https:\/\/dev.monti.lt\/wp-content\/uploads\/2023\/09\/eng_pl_-Rainbow-chameleon-puzzle-montessori-pyramid-ZA4532-19670_1-1.jpg","width":750,"height":750},{"@type":"BreadcrumbList","@id":"https:\/\/dev.monti.lt\/product\/traukiamas-chameleonas-su-vaivorykste\/#breadcrumb","itemListElement":[{"@type":"ListItem","position":1,"name":"Home","item":"https:\/\/dev.monti.lt\/"},{"@type":"ListItem","position":2,"name":"Parduotuv\u0117","item":"https:\/\/dev.monti.lt\/shop\/"},{"@type":"ListItem","position":3,"name":"Traukiamas chameleonas su vaivoryk\u0161te"}]},{"@type":"WebSite","@id":"https:\/\/dev.monti.lt\/#website","url":"https:\/\/dev.monti.lt\/","name":"Montessori \u017eaislai","description":"","publisher":{"@id":"https:\/\/dev.monti.lt\/#organization"},"potentialAction":[{"@type":"SearchAction","target":{"@type":"EntryPoint","urlTemplate":"https:\/\/dev.monti.lt\/?s={search_term_string}"},"query-input":"required name=search_term_string"}],"inLanguage":"en-US"},{"@type":"Organization","@id":"https:\/\/dev.monti.lt\/#organization","name":"Montessori \u017eaislai","url":"https:\/\/dev.monti.lt\/","logo":{"@type":"ImageObject","inLanguage":"en-US","@id":"https:\/\/dev.monti.lt\/#\/schema\/logo\/image\/","url":"https:\/\/dev.monti.lt\/wp-content\/uploads\/2022\/03\/montilogo-1.png","contentUrl":"https:\/\/dev.monti.lt\/wp-content\/uploads\/2022\/03\/montilogo-1.png","width":512,"height":512,"caption":"Montessori \u017eaislai"},"image":{"@id":"https:\/\/dev.monti.lt\/#\/schema\/logo\/image\/"}}]}},"_links":{"self":[{"href":"https:\/\/dev.monti.lt\/en\/wp-json\/wp\/v2\/product\/17387"}],"collection":[{"href":"https:\/\/dev.monti.lt\/en\/wp-json\/wp\/v2\/product"}],"about":[{"href":"https:\/\/dev.monti.lt\/en\/wp-json\/wp\/v2\/types\/product"}],"version-history":[{"count":1,"href":"https:\/\/dev.monti.lt\/en\/wp-json\/wp\/v2\/product\/17387\/revisions"}],"predecessor-version":[{"id":17395,"href":"https:\/\/dev.monti.lt\/en\/wp-json\/wp\/v2\/product\/17387\/revisions\/17395"}],"wp:featuredmedia":[{"embeddable":true,"href":"https:\/\/dev.monti.lt\/en\/wp-json\/wp\/v2\/media\/17388"}],"wp:attachment":[{"href":"https:\/\/dev.monti.lt\/en\/wp-json\/wp\/v2\/media?parent=17387"}],"wp:term":[{"taxonomy":"product_cat","embeddable":true,"href":"https:\/\/dev.monti.lt\/en\/wp-json\/wp\/v2\/product_cat?post=17387"},{"taxonomy":"product_tag","embeddable":true,"href":"https:\/\/dev.monti.lt\/en\/wp-json\/wp\/v2\/product_tag?post=17387"}],"curies":[{"name":"wp","href":"https:\/\/api.w.org\/{rel}","templated":true}]}}