{"id":17074,"date":"2023-09-01T06:29:25","date_gmt":"2023-09-01T06:29:25","guid":{"rendered":"https:\/\/dev.monti.lt\/?post_type=product&#038;p=17074"},"modified":"2024-09-16T13:20:57","modified_gmt":"2024-09-16T13:20:57","slug":"sensorine-knygele-avis","status":"publish","type":"product","link":"https:\/\/dev.monti.lt\/en\/product\/sensorine-knygele-avis\/","title":{"rendered":"Sensorin\u0117 knygel\u0117 Avis"},"content":{"rendered":"<p>Med\u017eiagin\u0117 knygel\u0117 apie avyt\u0119, ie\u0161kan\u010di\u0105 draug\u0173 &#8211; pirmasis j\u016bs\u0173 ma\u017eylio skaitymas.<\/p><p>Sensorin\u0117 knygel\u0117 &#8211; puikus \u017eaislas ma\u017eyliams, kurie dar tik mokosi tyrin\u0117ti pasaul\u012f.<\/p><p>Joje gausu staigmen\u0173, kurios skatins j\u016bs\u0173 ma\u017eylio smalsum\u0105.<\/p><p>Prisilietimo poj\u016b\u010dio stimuliavimas turi \u012ftakos teisingam, harmoningam j\u016bs\u0173 vaiko vystymuisi.<\/p><p>Knygel\u0117je rasite skirting\u0173 tekst\u016br\u0173 ir savybi\u0173 med\u017eiag\u0173:<\/p><p>\u0161laman\u010di\u0173 puslapi\u0173<br>vaik\u0173 pam\u0117gtos lygios, spalvingos etiket\u0117s<br>mink\u0161tos avys<br>girg\u017edesio .<\/p><p>Knygel\u0117 tvirtinama &#8220;Velcro&#8221;, j\u0105 sudaro 4 med\u017eiag\u0173 &#8220;puslapiai&#8221;.<\/p><p>Juose rasite trump\u0105 istorij\u0105 angl\u0173 kalba, pasakojan\u010di\u0105 apie ma\u017e\u0105 avyt\u0119.<\/p><p>Tai pad\u0117s jums supa\u017eindinti j\u016bs\u0173 ma\u017eyl\u012f su u\u017esienio kalba nuo pat ankstyviausi\u0173 gyvenimo etap\u0173.<\/p><p>Dydis: 14 cm x 14,5 cm<\/p><p>Knygel\u0119 galima skalbti skalbimo ma\u0161inoje.<\/p><p>\u012evyniota \u012f folij\u0105.<\/p>","protected":false},"excerpt":{"rendered":"<p>Med\u017eiagin\u0117 knygel\u0117 apie avyt\u0119, ie\u0161kan\u010di\u0105 draug\u0173 &#8211; pirmasis j\u016bs\u0173 ma\u017eylio skaitymas. Sensorin\u0117 knygel\u0117 &#8211; puikus \u017eaislas ma\u017eyliams, kurie dar tik mokosi tyrin\u0117ti pasaul\u012f. Joje gausu staigmen\u0173, kurios skatins j\u016bs\u0173 ma\u017eylio smalsum\u0105. Prisilietimo poj\u016b\u010dio stimuliavimas turi \u012ftakos teisingam, harmoningam j\u016bs\u0173 vaiko vystymuisi. Knygel\u0117je rasite skirting\u0173 tekst\u016br\u0173 ir savybi\u0173 med\u017eiag\u0173: \u0161laman\u010di\u0173 puslapi\u0173vaik\u0173 pam\u0117gtos lygios, spalvingos etiket\u0117smink\u0161tos avysgirg\u017edesio [&hellip;]<\/p>","protected":false},"featured_media":17075,"template":"","meta":{"iawp_total_views":79},"product_cat":[84,90,86,49,39],"product_tag":[95,94],"class_list":{"0":"post-17074","1":"product","2":"type-product","3":"status-publish","4":"has-post-thumbnail","6":"product_cat-lavinamieji-zaislai","7":"product_cat-pasaulio-pazinimas","8":"product_cat-smulkioji-motorika","9":"product_cat-visi-zaislai","10":"product_cat-zaislai","11":"product_tag-1-m-2-m","12":"product_tag-iki-1-m","14":"first","15":"instock","16":"taxable","17":"shipping-taxable","18":"purchasable","19":"product-type-simple"},"yoast_head":"<!-- This site is optimized with the Yoast SEO plugin v23.3 - https:\/\/yoast.com\/wordpress\/plugins\/seo\/ -->\n<title>Sensorin\u0117 knygel\u0117 Avis - Montessori \u017eaislai<\/title>\n<meta name=\"robots\" content=\"noindex, follow, max-snippet:-1, max-image-preview:large, max-video-preview:-1\" \/>\n<meta property=\"og:locale\" content=\"en_US\" \/>\n<meta property=\"og:type\" content=\"article\" \/>\n<meta property=\"og:title\" content=\"Sensorin\u0117 knygel\u0117 Avis - Montessori \u017eaislai\" \/>\n<meta property=\"og:description\" content=\"Med\u017eiagin\u0117 knygel\u0117 apie avyt\u0119, ie\u0161kan\u010di\u0105 draug\u0173 &#8211; pirmasis j\u016bs\u0173 ma\u017eylio skaitymas. Sensorin\u0117 knygel\u0117 &#8211; puikus \u017eaislas ma\u017eyliams, kurie dar tik mokosi tyrin\u0117ti pasaul\u012f. Joje gausu staigmen\u0173, kurios skatins j\u016bs\u0173 ma\u017eylio smalsum\u0105. Prisilietimo poj\u016b\u010dio stimuliavimas turi \u012ftakos teisingam, harmoningam j\u016bs\u0173 vaiko vystymuisi. Knygel\u0117je rasite skirting\u0173 tekst\u016br\u0173 ir savybi\u0173 med\u017eiag\u0173: \u0161laman\u010di\u0173 puslapi\u0173vaik\u0173 pam\u0117gtos lygios, spalvingos etiket\u0117smink\u0161tos avysgirg\u017edesio [&hellip;]\" \/>\n<meta property=\"og:url\" content=\"https:\/\/dev.monti.lt\/en\/product\/sensorine-knygele-avis\/\" \/>\n<meta property=\"og:site_name\" content=\"Montessori \u017eaislai\" \/>\n<meta property=\"article:modified_time\" content=\"2024-09-16T13:20:57+00:00\" \/>\n<meta property=\"og:image\" content=\"https:\/\/dev.monti.lt\/wp-content\/uploads\/2023\/09\/Sensory-book-teether-tag-sheep-79458.jpg\" \/>\n\t<meta property=\"og:image:width\" content=\"1600\" \/>\n\t<meta property=\"og:image:height\" content=\"1200\" \/>\n\t<meta property=\"og:image:type\" content=\"image\/jpeg\" \/>\n<meta name=\"twitter:card\" content=\"summary_large_image\" \/>\n<meta name=\"twitter:label1\" content=\"Est. reading time\" \/>\n\t<meta name=\"twitter:data1\" content=\"1 minute\" \/>\n<script type=\"application\/ld+json\" class=\"yoast-schema-graph\">{\"@context\":\"https:\/\/schema.org\",\"@graph\":[{\"@type\":\"WebPage\",\"@id\":\"https:\/\/dev.monti.lt\/product\/sensorine-knygele-avis\/\",\"url\":\"https:\/\/dev.monti.lt\/product\/sensorine-knygele-avis\/\",\"name\":\"Sensorin\u0117 knygel\u0117 Avis - Montessori \u017eaislai\",\"isPartOf\":{\"@id\":\"https:\/\/dev.monti.lt\/#website\"},\"primaryImageOfPage\":{\"@id\":\"https:\/\/dev.monti.lt\/product\/sensorine-knygele-avis\/#primaryimage\"},\"image\":{\"@id\":\"https:\/\/dev.monti.lt\/product\/sensorine-knygele-avis\/#primaryimage\"},\"thumbnailUrl\":\"https:\/\/dev.monti.lt\/wp-content\/uploads\/2023\/09\/Sensory-book-teether-tag-sheep-79458.jpg\",\"datePublished\":\"2023-09-01T06:29:25+00:00\",\"dateModified\":\"2024-09-16T13:20:57+00:00\",\"breadcrumb\":{\"@id\":\"https:\/\/dev.monti.lt\/product\/sensorine-knygele-avis\/#breadcrumb\"},\"inLanguage\":\"en-US\",\"potentialAction\":[{\"@type\":\"ReadAction\",\"target\":[\"https:\/\/dev.monti.lt\/product\/sensorine-knygele-avis\/\"]}]},{\"@type\":\"ImageObject\",\"inLanguage\":\"en-US\",\"@id\":\"https:\/\/dev.monti.lt\/product\/sensorine-knygele-avis\/#primaryimage\",\"url\":\"https:\/\/dev.monti.lt\/wp-content\/uploads\/2023\/09\/Sensory-book-teether-tag-sheep-79458.jpg\",\"contentUrl\":\"https:\/\/dev.monti.lt\/wp-content\/uploads\/2023\/09\/Sensory-book-teether-tag-sheep-79458.jpg\",\"width\":1600,\"height\":1200,\"caption\":\"sensorine knygele\"},{\"@type\":\"BreadcrumbList\",\"@id\":\"https:\/\/dev.monti.lt\/product\/sensorine-knygele-avis\/#breadcrumb\",\"itemListElement\":[{\"@type\":\"ListItem\",\"position\":1,\"name\":\"Home\",\"item\":\"https:\/\/dev.monti.lt\/\"},{\"@type\":\"ListItem\",\"position\":2,\"name\":\"Parduotuv\u0117\",\"item\":\"https:\/\/dev.monti.lt\/shop\/\"},{\"@type\":\"ListItem\",\"position\":3,\"name\":\"Sensorin\u0117 knygel\u0117 Avis\"}]},{\"@type\":\"WebSite\",\"@id\":\"https:\/\/dev.monti.lt\/#website\",\"url\":\"https:\/\/dev.monti.lt\/\",\"name\":\"Montessori \u017eaislai\",\"description\":\"\",\"publisher\":{\"@id\":\"https:\/\/dev.monti.lt\/#organization\"},\"potentialAction\":[{\"@type\":\"SearchAction\",\"target\":{\"@type\":\"EntryPoint\",\"urlTemplate\":\"https:\/\/dev.monti.lt\/?s={search_term_string}\"},\"query-input\":\"required name=search_term_string\"}],\"inLanguage\":\"en-US\"},{\"@type\":\"Organization\",\"@id\":\"https:\/\/dev.monti.lt\/#organization\",\"name\":\"Montessori \u017eaislai\",\"url\":\"https:\/\/dev.monti.lt\/\",\"logo\":{\"@type\":\"ImageObject\",\"inLanguage\":\"en-US\",\"@id\":\"https:\/\/dev.monti.lt\/#\/schema\/logo\/image\/\",\"url\":\"https:\/\/dev.monti.lt\/wp-content\/uploads\/2022\/03\/montilogo-1.png\",\"contentUrl\":\"https:\/\/dev.monti.lt\/wp-content\/uploads\/2022\/03\/montilogo-1.png\",\"width\":512,\"height\":512,\"caption\":\"Montessori \u017eaislai\"},\"image\":{\"@id\":\"https:\/\/dev.monti.lt\/#\/schema\/logo\/image\/\"}}]}<\/script>\n<!-- \/ Yoast SEO plugin. -->","yoast_head_json":{"title":"Sensorin\u0117 knygel\u0117 Avis - Montessori \u017eaislai","robots":{"index":"noindex","follow":"follow","max-snippet":"max-snippet:-1","max-image-preview":"max-image-preview:large","max-video-preview":"max-video-preview:-1"},"og_locale":"en_US","og_type":"article","og_title":"Sensorin\u0117 knygel\u0117 Avis - Montessori \u017eaislai","og_description":"Med\u017eiagin\u0117 knygel\u0117 apie avyt\u0119, ie\u0161kan\u010di\u0105 draug\u0173 &#8211; pirmasis j\u016bs\u0173 ma\u017eylio skaitymas. Sensorin\u0117 knygel\u0117 &#8211; puikus \u017eaislas ma\u017eyliams, kurie dar tik mokosi tyrin\u0117ti pasaul\u012f. Joje gausu staigmen\u0173, kurios skatins j\u016bs\u0173 ma\u017eylio smalsum\u0105. Prisilietimo poj\u016b\u010dio stimuliavimas turi \u012ftakos teisingam, harmoningam j\u016bs\u0173 vaiko vystymuisi. Knygel\u0117je rasite skirting\u0173 tekst\u016br\u0173 ir savybi\u0173 med\u017eiag\u0173: \u0161laman\u010di\u0173 puslapi\u0173vaik\u0173 pam\u0117gtos lygios, spalvingos etiket\u0117smink\u0161tos avysgirg\u017edesio [&hellip;]","og_url":"https:\/\/dev.monti.lt\/en\/product\/sensorine-knygele-avis\/","og_site_name":"Montessori \u017eaislai","article_modified_time":"2024-09-16T13:20:57+00:00","og_image":[{"width":1600,"height":1200,"url":"https:\/\/dev.monti.lt\/wp-content\/uploads\/2023\/09\/Sensory-book-teether-tag-sheep-79458.jpg","type":"image\/jpeg"}],"twitter_card":"summary_large_image","twitter_misc":{"Est. reading time":"1 minute"},"schema":{"@context":"https:\/\/schema.org","@graph":[{"@type":"WebPage","@id":"https:\/\/dev.monti.lt\/product\/sensorine-knygele-avis\/","url":"https:\/\/dev.monti.lt\/product\/sensorine-knygele-avis\/","name":"Sensorin\u0117 knygel\u0117 Avis - Montessori \u017eaislai","isPartOf":{"@id":"https:\/\/dev.monti.lt\/#website"},"primaryImageOfPage":{"@id":"https:\/\/dev.monti.lt\/product\/sensorine-knygele-avis\/#primaryimage"},"image":{"@id":"https:\/\/dev.monti.lt\/product\/sensorine-knygele-avis\/#primaryimage"},"thumbnailUrl":"https:\/\/dev.monti.lt\/wp-content\/uploads\/2023\/09\/Sensory-book-teether-tag-sheep-79458.jpg","datePublished":"2023-09-01T06:29:25+00:00","dateModified":"2024-09-16T13:20:57+00:00","breadcrumb":{"@id":"https:\/\/dev.monti.lt\/product\/sensorine-knygele-avis\/#breadcrumb"},"inLanguage":"en-US","potentialAction":[{"@type":"ReadAction","target":["https:\/\/dev.monti.lt\/product\/sensorine-knygele-avis\/"]}]},{"@type":"ImageObject","inLanguage":"en-US","@id":"https:\/\/dev.monti.lt\/product\/sensorine-knygele-avis\/#primaryimage","url":"https:\/\/dev.monti.lt\/wp-content\/uploads\/2023\/09\/Sensory-book-teether-tag-sheep-79458.jpg","contentUrl":"https:\/\/dev.monti.lt\/wp-content\/uploads\/2023\/09\/Sensory-book-teether-tag-sheep-79458.jpg","width":1600,"height":1200,"caption":"sensorine knygele"},{"@type":"BreadcrumbList","@id":"https:\/\/dev.monti.lt\/product\/sensorine-knygele-avis\/#breadcrumb","itemListElement":[{"@type":"ListItem","position":1,"name":"Home","item":"https:\/\/dev.monti.lt\/"},{"@type":"ListItem","position":2,"name":"Parduotuv\u0117","item":"https:\/\/dev.monti.lt\/shop\/"},{"@type":"ListItem","position":3,"name":"Sensorin\u0117 knygel\u0117 Avis"}]},{"@type":"WebSite","@id":"https:\/\/dev.monti.lt\/#website","url":"https:\/\/dev.monti.lt\/","name":"Montessori \u017eaislai","description":"","publisher":{"@id":"https:\/\/dev.monti.lt\/#organization"},"potentialAction":[{"@type":"SearchAction","target":{"@type":"EntryPoint","urlTemplate":"https:\/\/dev.monti.lt\/?s={search_term_string}"},"query-input":"required name=search_term_string"}],"inLanguage":"en-US"},{"@type":"Organization","@id":"https:\/\/dev.monti.lt\/#organization","name":"Montessori \u017eaislai","url":"https:\/\/dev.monti.lt\/","logo":{"@type":"ImageObject","inLanguage":"en-US","@id":"https:\/\/dev.monti.lt\/#\/schema\/logo\/image\/","url":"https:\/\/dev.monti.lt\/wp-content\/uploads\/2022\/03\/montilogo-1.png","contentUrl":"https:\/\/dev.monti.lt\/wp-content\/uploads\/2022\/03\/montilogo-1.png","width":512,"height":512,"caption":"Montessori \u017eaislai"},"image":{"@id":"https:\/\/dev.monti.lt\/#\/schema\/logo\/image\/"}}]}},"_links":{"self":[{"href":"https:\/\/dev.monti.lt\/en\/wp-json\/wp\/v2\/product\/17074"}],"collection":[{"href":"https:\/\/dev.monti.lt\/en\/wp-json\/wp\/v2\/product"}],"about":[{"href":"https:\/\/dev.monti.lt\/en\/wp-json\/wp\/v2\/types\/product"}],"version-history":[{"count":1,"href":"https:\/\/dev.monti.lt\/en\/wp-json\/wp\/v2\/product\/17074\/revisions"}],"predecessor-version":[{"id":17079,"href":"https:\/\/dev.monti.lt\/en\/wp-json\/wp\/v2\/product\/17074\/revisions\/17079"}],"wp:featuredmedia":[{"embeddable":true,"href":"https:\/\/dev.monti.lt\/en\/wp-json\/wp\/v2\/media\/17075"}],"wp:attachment":[{"href":"https:\/\/dev.monti.lt\/en\/wp-json\/wp\/v2\/media?parent=17074"}],"wp:term":[{"taxonomy":"product_cat","embeddable":true,"href":"https:\/\/dev.monti.lt\/en\/wp-json\/wp\/v2\/product_cat?post=17074"},{"taxonomy":"product_tag","embeddable":true,"href":"https:\/\/dev.monti.lt\/en\/wp-json\/wp\/v2\/product_tag?post=17074"}],"curies":[{"name":"wp","href":"https:\/\/api.w.org\/{rel}","templated":true}]}}