{"id":17068,"date":"2023-09-01T06:25:11","date_gmt":"2023-09-01T06:25:11","guid":{"rendered":"https:\/\/dev.monti.lt\/?post_type=product&#038;p=17068"},"modified":"2024-10-08T17:23:09","modified_gmt":"2024-10-08T17:23:09","slug":"vaikiska-medine-virtuve","status":"publish","type":"product","link":"https:\/\/dev.monti.lt\/en\/product\/vaikiska-medine-virtuve\/","title":{"rendered":"Vaiki\u0161ka medin\u0117 virtuv\u0117"},"content":{"rendered":"<p>LULILO MEDIN\u0116 VIRTUV\u0116 MDF KUKETO + PRIEDAI<\/p><p>Leiskite savo ma\u017eyliui pa\u017eadinti savyje puik\u0173 kulinar\u0105!<\/p><p>Kiekvienas vaikas su dideliu noru ir malonumu m\u0117gd\u017eioja savo t\u0117vus, tod\u0117l jam verta i\u0161mokti svarbi\u0173 nam\u0173 ruo\u0161os darb\u0173!<\/p><p>Didel\u0117 ir gra\u017eiai pagaminta virtuv\u0117 paskatins \u017eaisti, o ma\u017easis vir\u0117jas nenor\u0117s palikti maisto gaminimo!<\/p><p>D\u0117l mading\u0173 spalv\u0173 ir stilingos apdailos virtuv\u0117l\u0117 patiks ne tik patiems ma\u017eiausiems, bet ir t\u0117veliams. Ji puikiai der\u0117s tiek moderniame, tiek klasikiniame interjere.<\/p><p>Joje yra daugyb\u0117 tikros virtuv\u0117s funkcij\u0173, \u012frengta kriaukl\u0117, mai\u0161ytuvas, virykl\u0117, mikrobang\u0173 krosnel\u0117, taip pat lentynos ir spintel\u0117s! D\u0117l to ateityje atsidurti tikroje virtuv\u0117je bus daug lengviau ir maloniau.<\/p><p>Virykl\u0117s valdymo ranken\u0117l\u0117s yra labai tikrovi\u0161kos, pana\u0161ios \u012f tikro prietaiso ranken\u0117les. Joms pasukti nereikia daug j\u0117gos, tod\u0117l ma\u017eylis jas valdys be menkiausi\u0173 problem\u0173!<\/p><p>Virtuv\u0117s rinkinys yra vienas i\u0161 nedaugelio, kuriame yra d\u017eiovykl\u0117, tod\u0117l gal\u0117site maloniai i\u0161mokyti vaik\u0105 plauti indus! Geriausia bus, jei ma\u017eylis i\u0161moks plauti ant ind\u0173, kuriuos sunku sudau\u017eyti!<\/p><p>Metalin\u0119 kriaukl\u0119 galima lengvai nuimti ir pripildyti vandens! Leiskite ma\u017eajam vir\u0117jui pa\u010diam plauti desertui skirtus vaisius ar vakarienei patiektas dar\u017eoves! Taip jis did\u017eiuosis, kad dalyvauja ruo\u0161iant maist\u0105, ir tikrai labiau tai \u012fvertins!<\/p><p>Virtuv\u0117 vaikams ne tik labai smagu! &#8220;Gamindamas&#8221; vaikas \u012fgyja daug reikaling\u0173 ir svarbi\u0173 \u012fg\u016bd\u017ei\u0173. Ir visa tai &#8211; maksimaliai saugiai!<\/p><p>\u017daislini\u0173 degikli\u0173 veikimas leis susipa\u017einti su tikr\u0173 degikli\u0173 veikimo principu be pavojaus nudegti! Be joki\u0173 sunkum\u0173 ma\u017eylis \u012fvaldys virykl\u0117s, orkait\u0117s ir mikrobang\u0173 krosnel\u0117s valdym\u0105, o jo rankos i\u0161liks saugios!<\/p><p>Leiskite vaikui pa\u010diam sud\u0117ti indus \u012f jam tinkamas ir patogias vietas! Taip jis i\u0161moks tvarkyti erdv\u0119 pagal savo poreikius, taip pat pats r\u016bpinsis tvarka ir supras jos vert\u0119 darbe!<\/p><p>Valgi\u0173 ruo\u0161imas yra puiki pramoga, kuri ne tik leid\u017eia dinami\u0161kai lavinti vaizduot\u0119, bet ir teigiamai veikia vir\u0117jo rank\u0173 darbo \u012fg\u016bd\u017eius! Pjaustymas, mai\u0161ymas, pilstymas ir tampymas pagerins smulki\u0105j\u0105 motorik\u0105, o pir\u0161tai \u012fgaus j\u0117gos ir tikslumo.<\/p><p>\u0160i virtuv\u0117 idealiai tinka \u017emon\u0117ms, m\u0117gstantiems r\u016bpintis aplinka! Jei jums svarbi gera gamtos b\u016bkl\u0117, rinkit\u0117s gamin\u012f, kurio did\u017ei\u0105j\u0105 dal\u012f sudaro mediena, tod\u0117l jis daug kart\u0173 ma\u017eiau apkrauna aplink\u0105 nei jo plastikiniai analogai! Pasirink\u0119 medin\u0119 virtuv\u0119, ne tik suteiksite puiki\u0105 pramog\u0105 savo vaikui, bet ir suteiksite jam galimyb\u0119 tyrin\u0117ti pasaul\u012f tok\u012f, koks jis bus, kai jis bus didesnis! R\u016bpindamiesi aplinka net ir ma\u017eiausiais kasdienio gyvenimo elementais, i\u0161saugosite gamt\u0105 nepaliest\u0105.<\/p><p>a\u017eadinkite savo vaiko aistr\u0105 gaminti maist\u0105!<\/p><p>Galb\u016bt ateityje jis taps puikiu vir\u0117ju!<\/p><p>Techniniai parametrai:Med\u017eiaga:MDF, plastikas, medisVirtuv\u0117l\u0117s matmenys:Dydis: 68 cm x 25,5 cm x 85 cmAuk\u0161tis nuo grind\u0173 iki vir\u0161aus:Auk\u0161tis nuo apa\u010dios: 37,5 cmL\u0117k\u0161t\u0117s skersmuo: 37 cm:Plok\u0161t\u0117s skersmuo: 11 cm<\/p><p>Plok\u0161t\u0117:Plok\u0161t\u0117: 16,5 cm x 11 cmStalo \u012franki\u0173 ilgis: apie 13 cm<\/p><p>Puodo skersmuo: 9 cm<\/p><p>Butelio auk\u0161tis: 8 cm<\/p><p>Pakuot\u0117s matmenys: 92cm x 30,5cm x 15,5cm<\/p><p>Virtuv\u0117 supakuota kartonin\u0117je d\u0117\u017eut\u0117je.<\/p>","protected":false},"excerpt":{"rendered":"<p>LULILO MEDIN\u0116 VIRTUV\u0116 MDF KUKETO + PRIEDAI Leiskite savo ma\u017eyliui pa\u017eadinti savyje puik\u0173 kulinar\u0105! Kiekvienas vaikas su dideliu noru ir malonumu m\u0117gd\u017eioja savo t\u0117vus, tod\u0117l jam verta i\u0161mokti svarbi\u0173 nam\u0173 ruo\u0161os darb\u0173! Didel\u0117 ir gra\u017eiai pagaminta virtuv\u0117 paskatins \u017eaisti, o ma\u017easis vir\u0117jas nenor\u0117s palikti maisto gaminimo! D\u0117l mading\u0173 spalv\u0173 ir stilingos apdailos virtuv\u0117l\u0117 patiks ne [&hellip;]<\/p>","protected":false},"featured_media":17070,"template":"","meta":{"iawp_total_views":191},"product_cat":[194,195,216,197,196,191,192,84,102,90,50,93,49,39,214],"product_tag":[95,96,97,98],"class_list":{"0":"post-17068","1":"product","2":"type-product","3":"status-publish","4":"has-post-thumbnail","6":"product_cat-dovanos-vaikams-2-3-metu","7":"product_cat-dovanos-vaikams-3-4-metu","8":"product_cat-dovanos-4-5-metu-vaikams","9":"product_cat-dovanos-berniukams","10":"product_cat-dovanos-mergaitems","11":"product_cat-dovanos-vaikams","12":"product_cat-kaledines-dovanos-vaikams","13":"product_cat-lavinamieji-zaislai","14":"product_cat-mediniai-zaislai","15":"product_cat-pasaulio-pazinimas","16":"product_cat-top-dovanos","17":"product_cat-vaidmenu-zaidimai","18":"product_cat-visi-zaislai","19":"product_cat-zaislai","20":"product_cat-zaislai-mergaitems","21":"product_tag-1-m-2-m","22":"product_tag-2-m-3-m","23":"product_tag-3-m-4-m","24":"product_tag-5-m-7-m","26":"first","27":"instock","28":"taxable","29":"shipping-taxable","30":"purchasable","31":"product-type-simple"},"yoast_head":"<!-- This site is optimized with the Yoast SEO plugin v23.3 - https:\/\/yoast.com\/wordpress\/plugins\/seo\/ -->\n<title>Vaiki\u0161ka medin\u0117 virtuv\u0117 - Montessori \u017eaislai<\/title>\n<meta name=\"robots\" content=\"noindex, follow, max-snippet:-1, max-image-preview:large, max-video-preview:-1\" \/>\n<meta property=\"og:locale\" content=\"en_US\" \/>\n<meta property=\"og:type\" content=\"article\" \/>\n<meta property=\"og:title\" content=\"Vaiki\u0161ka medin\u0117 virtuv\u0117 - Montessori \u017eaislai\" \/>\n<meta property=\"og:description\" content=\"LULILO MEDIN\u0116 VIRTUV\u0116 MDF KUKETO + PRIEDAI Leiskite savo ma\u017eyliui pa\u017eadinti savyje puik\u0173 kulinar\u0105! Kiekvienas vaikas su dideliu noru ir malonumu m\u0117gd\u017eioja savo t\u0117vus, tod\u0117l jam verta i\u0161mokti svarbi\u0173 nam\u0173 ruo\u0161os darb\u0173! Didel\u0117 ir gra\u017eiai pagaminta virtuv\u0117 paskatins \u017eaisti, o ma\u017easis vir\u0117jas nenor\u0117s palikti maisto gaminimo! D\u0117l mading\u0173 spalv\u0173 ir stilingos apdailos virtuv\u0117l\u0117 patiks ne [&hellip;]\" \/>\n<meta property=\"og:url\" content=\"https:\/\/dev.monti.lt\/en\/product\/vaikiska-medine-virtuve\/\" \/>\n<meta property=\"og:site_name\" content=\"Montessori \u017eaislai\" \/>\n<meta property=\"article:modified_time\" content=\"2024-10-08T17:23:09+00:00\" \/>\n<meta property=\"og:image\" content=\"https:\/\/dev.monti.lt\/wp-content\/uploads\/2023\/09\/LULILO-Kuketo-MDF-wooden-kitchen-accessories-101336.jpg\" \/>\n\t<meta property=\"og:image:width\" content=\"1024\" \/>\n\t<meta property=\"og:image:height\" content=\"1024\" \/>\n\t<meta property=\"og:image:type\" content=\"image\/jpeg\" \/>\n<meta name=\"twitter:card\" content=\"summary_large_image\" \/>\n<meta name=\"twitter:label1\" content=\"Est. reading time\" \/>\n\t<meta name=\"twitter:data1\" content=\"3 minutes\" \/>\n<script type=\"application\/ld+json\" class=\"yoast-schema-graph\">{\"@context\":\"https:\/\/schema.org\",\"@graph\":[{\"@type\":\"WebPage\",\"@id\":\"https:\/\/dev.monti.lt\/product\/vaikiska-medine-virtuve\/\",\"url\":\"https:\/\/dev.monti.lt\/product\/vaikiska-medine-virtuve\/\",\"name\":\"Vaiki\u0161ka medin\u0117 virtuv\u0117 - Montessori \u017eaislai\",\"isPartOf\":{\"@id\":\"https:\/\/dev.monti.lt\/#website\"},\"primaryImageOfPage\":{\"@id\":\"https:\/\/dev.monti.lt\/product\/vaikiska-medine-virtuve\/#primaryimage\"},\"image\":{\"@id\":\"https:\/\/dev.monti.lt\/product\/vaikiska-medine-virtuve\/#primaryimage\"},\"thumbnailUrl\":\"https:\/\/dev.monti.lt\/wp-content\/uploads\/2023\/09\/LULILO-Kuketo-MDF-wooden-kitchen-accessories-101336.jpg\",\"datePublished\":\"2023-09-01T06:25:11+00:00\",\"dateModified\":\"2024-10-08T17:23:09+00:00\",\"breadcrumb\":{\"@id\":\"https:\/\/dev.monti.lt\/product\/vaikiska-medine-virtuve\/#breadcrumb\"},\"inLanguage\":\"en-US\",\"potentialAction\":[{\"@type\":\"ReadAction\",\"target\":[\"https:\/\/dev.monti.lt\/product\/vaikiska-medine-virtuve\/\"]}]},{\"@type\":\"ImageObject\",\"inLanguage\":\"en-US\",\"@id\":\"https:\/\/dev.monti.lt\/product\/vaikiska-medine-virtuve\/#primaryimage\",\"url\":\"https:\/\/dev.monti.lt\/wp-content\/uploads\/2023\/09\/LULILO-Kuketo-MDF-wooden-kitchen-accessories-101336.jpg\",\"contentUrl\":\"https:\/\/dev.monti.lt\/wp-content\/uploads\/2023\/09\/LULILO-Kuketo-MDF-wooden-kitchen-accessories-101336.jpg\",\"width\":1024,\"height\":1024,\"caption\":\"medine virtuvele vaikams\"},{\"@type\":\"BreadcrumbList\",\"@id\":\"https:\/\/dev.monti.lt\/product\/vaikiska-medine-virtuve\/#breadcrumb\",\"itemListElement\":[{\"@type\":\"ListItem\",\"position\":1,\"name\":\"Home\",\"item\":\"https:\/\/dev.monti.lt\/\"},{\"@type\":\"ListItem\",\"position\":2,\"name\":\"Parduotuv\u0117\",\"item\":\"https:\/\/dev.monti.lt\/shop\/\"},{\"@type\":\"ListItem\",\"position\":3,\"name\":\"Vaiki\u0161ka medin\u0117 virtuv\u0117\"}]},{\"@type\":\"WebSite\",\"@id\":\"https:\/\/dev.monti.lt\/#website\",\"url\":\"https:\/\/dev.monti.lt\/\",\"name\":\"Montessori \u017eaislai\",\"description\":\"\",\"publisher\":{\"@id\":\"https:\/\/dev.monti.lt\/#organization\"},\"potentialAction\":[{\"@type\":\"SearchAction\",\"target\":{\"@type\":\"EntryPoint\",\"urlTemplate\":\"https:\/\/dev.monti.lt\/?s={search_term_string}\"},\"query-input\":\"required name=search_term_string\"}],\"inLanguage\":\"en-US\"},{\"@type\":\"Organization\",\"@id\":\"https:\/\/dev.monti.lt\/#organization\",\"name\":\"Montessori \u017eaislai\",\"url\":\"https:\/\/dev.monti.lt\/\",\"logo\":{\"@type\":\"ImageObject\",\"inLanguage\":\"en-US\",\"@id\":\"https:\/\/dev.monti.lt\/#\/schema\/logo\/image\/\",\"url\":\"https:\/\/dev.monti.lt\/wp-content\/uploads\/2022\/03\/montilogo-1.png\",\"contentUrl\":\"https:\/\/dev.monti.lt\/wp-content\/uploads\/2022\/03\/montilogo-1.png\",\"width\":512,\"height\":512,\"caption\":\"Montessori \u017eaislai\"},\"image\":{\"@id\":\"https:\/\/dev.monti.lt\/#\/schema\/logo\/image\/\"}}]}<\/script>\n<!-- \/ Yoast SEO plugin. -->","yoast_head_json":{"title":"Vaiki\u0161ka medin\u0117 virtuv\u0117 - Montessori \u017eaislai","robots":{"index":"noindex","follow":"follow","max-snippet":"max-snippet:-1","max-image-preview":"max-image-preview:large","max-video-preview":"max-video-preview:-1"},"og_locale":"en_US","og_type":"article","og_title":"Vaiki\u0161ka medin\u0117 virtuv\u0117 - Montessori \u017eaislai","og_description":"LULILO MEDIN\u0116 VIRTUV\u0116 MDF KUKETO + PRIEDAI Leiskite savo ma\u017eyliui pa\u017eadinti savyje puik\u0173 kulinar\u0105! Kiekvienas vaikas su dideliu noru ir malonumu m\u0117gd\u017eioja savo t\u0117vus, tod\u0117l jam verta i\u0161mokti svarbi\u0173 nam\u0173 ruo\u0161os darb\u0173! Didel\u0117 ir gra\u017eiai pagaminta virtuv\u0117 paskatins \u017eaisti, o ma\u017easis vir\u0117jas nenor\u0117s palikti maisto gaminimo! D\u0117l mading\u0173 spalv\u0173 ir stilingos apdailos virtuv\u0117l\u0117 patiks ne [&hellip;]","og_url":"https:\/\/dev.monti.lt\/en\/product\/vaikiska-medine-virtuve\/","og_site_name":"Montessori \u017eaislai","article_modified_time":"2024-10-08T17:23:09+00:00","og_image":[{"width":1024,"height":1024,"url":"https:\/\/dev.monti.lt\/wp-content\/uploads\/2023\/09\/LULILO-Kuketo-MDF-wooden-kitchen-accessories-101336.jpg","type":"image\/jpeg"}],"twitter_card":"summary_large_image","twitter_misc":{"Est. reading time":"3 minutes"},"schema":{"@context":"https:\/\/schema.org","@graph":[{"@type":"WebPage","@id":"https:\/\/dev.monti.lt\/product\/vaikiska-medine-virtuve\/","url":"https:\/\/dev.monti.lt\/product\/vaikiska-medine-virtuve\/","name":"Vaiki\u0161ka medin\u0117 virtuv\u0117 - Montessori \u017eaislai","isPartOf":{"@id":"https:\/\/dev.monti.lt\/#website"},"primaryImageOfPage":{"@id":"https:\/\/dev.monti.lt\/product\/vaikiska-medine-virtuve\/#primaryimage"},"image":{"@id":"https:\/\/dev.monti.lt\/product\/vaikiska-medine-virtuve\/#primaryimage"},"thumbnailUrl":"https:\/\/dev.monti.lt\/wp-content\/uploads\/2023\/09\/LULILO-Kuketo-MDF-wooden-kitchen-accessories-101336.jpg","datePublished":"2023-09-01T06:25:11+00:00","dateModified":"2024-10-08T17:23:09+00:00","breadcrumb":{"@id":"https:\/\/dev.monti.lt\/product\/vaikiska-medine-virtuve\/#breadcrumb"},"inLanguage":"en-US","potentialAction":[{"@type":"ReadAction","target":["https:\/\/dev.monti.lt\/product\/vaikiska-medine-virtuve\/"]}]},{"@type":"ImageObject","inLanguage":"en-US","@id":"https:\/\/dev.monti.lt\/product\/vaikiska-medine-virtuve\/#primaryimage","url":"https:\/\/dev.monti.lt\/wp-content\/uploads\/2023\/09\/LULILO-Kuketo-MDF-wooden-kitchen-accessories-101336.jpg","contentUrl":"https:\/\/dev.monti.lt\/wp-content\/uploads\/2023\/09\/LULILO-Kuketo-MDF-wooden-kitchen-accessories-101336.jpg","width":1024,"height":1024,"caption":"medine virtuvele vaikams"},{"@type":"BreadcrumbList","@id":"https:\/\/dev.monti.lt\/product\/vaikiska-medine-virtuve\/#breadcrumb","itemListElement":[{"@type":"ListItem","position":1,"name":"Home","item":"https:\/\/dev.monti.lt\/"},{"@type":"ListItem","position":2,"name":"Parduotuv\u0117","item":"https:\/\/dev.monti.lt\/shop\/"},{"@type":"ListItem","position":3,"name":"Vaiki\u0161ka medin\u0117 virtuv\u0117"}]},{"@type":"WebSite","@id":"https:\/\/dev.monti.lt\/#website","url":"https:\/\/dev.monti.lt\/","name":"Montessori \u017eaislai","description":"","publisher":{"@id":"https:\/\/dev.monti.lt\/#organization"},"potentialAction":[{"@type":"SearchAction","target":{"@type":"EntryPoint","urlTemplate":"https:\/\/dev.monti.lt\/?s={search_term_string}"},"query-input":"required name=search_term_string"}],"inLanguage":"en-US"},{"@type":"Organization","@id":"https:\/\/dev.monti.lt\/#organization","name":"Montessori \u017eaislai","url":"https:\/\/dev.monti.lt\/","logo":{"@type":"ImageObject","inLanguage":"en-US","@id":"https:\/\/dev.monti.lt\/#\/schema\/logo\/image\/","url":"https:\/\/dev.monti.lt\/wp-content\/uploads\/2022\/03\/montilogo-1.png","contentUrl":"https:\/\/dev.monti.lt\/wp-content\/uploads\/2022\/03\/montilogo-1.png","width":512,"height":512,"caption":"Montessori \u017eaislai"},"image":{"@id":"https:\/\/dev.monti.lt\/#\/schema\/logo\/image\/"}}]}},"_links":{"self":[{"href":"https:\/\/dev.monti.lt\/en\/wp-json\/wp\/v2\/product\/17068"}],"collection":[{"href":"https:\/\/dev.monti.lt\/en\/wp-json\/wp\/v2\/product"}],"about":[{"href":"https:\/\/dev.monti.lt\/en\/wp-json\/wp\/v2\/types\/product"}],"version-history":[{"count":1,"href":"https:\/\/dev.monti.lt\/en\/wp-json\/wp\/v2\/product\/17068\/revisions"}],"predecessor-version":[{"id":17073,"href":"https:\/\/dev.monti.lt\/en\/wp-json\/wp\/v2\/product\/17068\/revisions\/17073"}],"wp:featuredmedia":[{"embeddable":true,"href":"https:\/\/dev.monti.lt\/en\/wp-json\/wp\/v2\/media\/17070"}],"wp:attachment":[{"href":"https:\/\/dev.monti.lt\/en\/wp-json\/wp\/v2\/media?parent=17068"}],"wp:term":[{"taxonomy":"product_cat","embeddable":true,"href":"https:\/\/dev.monti.lt\/en\/wp-json\/wp\/v2\/product_cat?post=17068"},{"taxonomy":"product_tag","embeddable":true,"href":"https:\/\/dev.monti.lt\/en\/wp-json\/wp\/v2\/product_tag?post=17068"}],"curies":[{"name":"wp","href":"https:\/\/api.w.org\/{rel}","templated":true}]}}