{"id":16970,"date":"2023-08-31T07:53:32","date_gmt":"2023-08-31T07:53:32","guid":{"rendered":"https:\/\/dev.monti.lt\/?post_type=product&#038;p=16970"},"modified":"2024-10-07T13:35:35","modified_gmt":"2024-10-07T13:35:35","slug":"vaikiskas-dulkiu-siurblys","status":"publish","type":"product","link":"https:\/\/dev.monti.lt\/en\/product\/vaikiskas-dulkiu-siurblys\/","title":{"rendered":"Vaiki\u0161kas dulki\u0173 siurblys"},"content":{"rendered":"<ul class=\"wp-block-list\"><li><strong>MOKO TVARKOS<\/strong>&nbsp;&#8211; sta\u010dias dulkiu siurblys yra \u017eaislas, mokantis vaik\u0105 tvarkyti savo kambari. Valymas tokiu prietaisu d\u017eiugina vaik\u0105. Tai taip pat puikus budas itraukti ma\u017euosius i buto valym\u0105 \u2013 su savo asmeniniais \u017eaisliniais dulkiu siurbliais&nbsp;<strong>ma\u017eylis gales \u201epadeti\u201c eiti pareigas.<\/strong><\/li>\n\n<li><strong>PA\u017dADINA VAIZDUOT\u0118<\/strong>&nbsp;&#8211; vaikas gali \u017eaisti kaip mama, tvarkanti but\u0105. Savo kambario tvarkymas papildomai suteikia vaikui pasitikejimo, nes jis ka\u017ek\u0105 padare pats, o taip pat parodo, kad niekas nesusitvarko savaime.<\/li>\n\n<li><strong>2 I 1<\/strong>&nbsp;&#8211; pristatomas dulkiu siurblys turi nuimam\u0105 centrini blok\u0105, todel bet kada vaikas gali ji pakeisti i rankini dulkiu siurbli.&nbsp;<strong>Tai bus naudinga valant leliu loveles ar ve\u017eimelius<\/strong>&nbsp;.<\/li>\n\n<li><strong>3 KEI\u010cIAMI ANTGALIAI \u2013\u00a0<\/strong>dulkiu siurblys turi net 3 skirtingus kei\u010diamus antgalius. Tai elektrinis \u0161epetys, kuris sukasi siurbiant ir turi judam\u0105 galvut\u0119, ply\u0161io antgali ir apmu\u0161alu \u0161epeti.<\/li>\n\n<li><strong>SPECIFIKACIJA &#8211;&nbsp;<\/strong>spalva: tamsiai melyna \/ balta \/ oran\u017eine; med\u017eiaga: plastikas; maitinimas: 3x AA baterijos (i komplekt\u0105 neieina); antgalio matmenys: elektrinis \u0161epetys 17&#215;6,5&#215;9,5cm, apmu\u0161alu \u0161epetys: 6,5x5x8cm, ply\u0161io antgalis: 1x11cm; dulkiu siurblio su vamzdeliu i\u0161matavimai (plotis \/ auk\u0161tis \/ gylis): 8,5 x 69 x 14,5 cm; pakuotes matmenys: 17,5x69x10,5 cm; svoris: 419 g; svoris pakuoteje: 0,915g.&nbsp;<\/li><\/ul><p><strong>SPECIFIKACIJA<\/strong><\/p><ul class=\"wp-block-list\"><li>spalva: tamsiai melyna \/ balta \/ oran\u017eine<\/li>\n\n<li>med\u017eiaga: plastikas<\/li>\n\n<li>Maitinimas: 3x AA baterijos (i komplekt\u0105 neieina)<\/li>\n\n<li>antgalio matmenys:<\/li>\n\n<li>elektrinis \u0161epetys (auk\u0161tis \/ plotis \/ gylis): 17&#215;6,5&#215;9,5 cm<\/li>\n\n<li>apmu\u0161alu \u0161epetys (auk\u0161tis \/ plotis \/ gylis): 6,5x5x8cm<\/li>\n\n<li>ply\u0161io antgalis (auk\u0161tis \/ plotis): 1x11cm<\/li>\n\n<li>dulkiu siurblio su vamzdeliu matmenys (plotis \/ auk\u0161tis \/ gylis): 8,5 x 69 x 14,5 cm<\/li>\n\n<li>pakuotes matmenys (auk\u0161tis \/ plotis \/ gylis): 17,5x69x10,5 cm<\/li>\n\n<li>svoris: 419 g<\/li>\n\n<li>svoris pakuoteje: 0,915g<\/li><\/ul><p><strong>ISKAITANT<\/strong><\/p><ul class=\"wp-block-list\"><li>vertikalus dulkiu siurblys<\/li>\n\n<li>elektro-\u0161epetys<\/li>\n\n<li>ply\u0161io antgalis<\/li>\n\n<li>apmu\u0161alu \u0161epetys<\/li>\n\n<li>rutuliai (atlieku imitacija)<\/li><\/ul>","protected":false},"excerpt":{"rendered":"<p>SPECIFIKACIJA ISKAITANT<\/p>","protected":false},"featured_media":23934,"template":"","meta":{"iawp_total_views":102},"product_cat":[194,195,191,192,84,90,93,49,39],"product_tag":[97,98,99],"class_list":{"0":"post-16970","1":"product","2":"type-product","3":"status-publish","4":"has-post-thumbnail","6":"product_cat-dovanos-vaikams-2-3-metu","7":"product_cat-dovanos-vaikams-3-4-metu","8":"product_cat-dovanos-vaikams","9":"product_cat-kaledines-dovanos-vaikams","10":"product_cat-lavinamieji-zaislai","11":"product_cat-pasaulio-pazinimas","12":"product_cat-vaidmenu-zaidimai","13":"product_cat-visi-zaislai","14":"product_cat-zaislai","15":"product_tag-3-m-4-m","16":"product_tag-5-m-7-m","17":"product_tag-8-m-11-m","19":"first","20":"instock","21":"taxable","22":"shipping-taxable","23":"purchasable","24":"product-type-simple"},"yoast_head":"<!-- This site is optimized with the Yoast SEO plugin v23.3 - https:\/\/yoast.com\/wordpress\/plugins\/seo\/ -->\n<title>Vaiki\u0161kas dulki\u0173 siurblys - Montessori \u017eaislai<\/title>\n<meta name=\"robots\" content=\"noindex, follow, max-snippet:-1, max-image-preview:large, max-video-preview:-1\" \/>\n<meta property=\"og:locale\" content=\"en_US\" \/>\n<meta property=\"og:type\" content=\"article\" \/>\n<meta property=\"og:title\" content=\"Vaiki\u0161kas dulki\u0173 siurblys - Montessori \u017eaislai\" \/>\n<meta property=\"og:description\" content=\"SPECIFIKACIJA ISKAITANT\" \/>\n<meta property=\"og:url\" content=\"https:\/\/dev.monti.lt\/en\/product\/vaikiskas-dulkiu-siurblys\/\" \/>\n<meta property=\"og:site_name\" content=\"Montessori \u017eaislai\" \/>\n<meta property=\"article:modified_time\" content=\"2024-10-07T13:35:35+00:00\" \/>\n<meta property=\"og:image\" content=\"https:\/\/dev.monti.lt\/wp-content\/uploads\/2023\/08\/lit_pl_Vaikiskas-vertikalus-dulkiu-siurblys-melynas-23544-17724_12.jpg\" \/>\n\t<meta property=\"og:image:width\" content=\"500\" \/>\n\t<meta property=\"og:image:height\" content=\"500\" \/>\n\t<meta property=\"og:image:type\" content=\"image\/jpeg\" \/>\n<meta name=\"twitter:card\" content=\"summary_large_image\" \/>\n<meta name=\"twitter:label1\" content=\"Est. reading time\" \/>\n\t<meta name=\"twitter:data1\" content=\"2 minutes\" \/>\n<script type=\"application\/ld+json\" class=\"yoast-schema-graph\">{\"@context\":\"https:\/\/schema.org\",\"@graph\":[{\"@type\":\"WebPage\",\"@id\":\"https:\/\/dev.monti.lt\/product\/vaikiskas-dulkiu-siurblys\/\",\"url\":\"https:\/\/dev.monti.lt\/product\/vaikiskas-dulkiu-siurblys\/\",\"name\":\"Vaiki\u0161kas dulki\u0173 siurblys - Montessori \u017eaislai\",\"isPartOf\":{\"@id\":\"https:\/\/dev.monti.lt\/#website\"},\"primaryImageOfPage\":{\"@id\":\"https:\/\/dev.monti.lt\/product\/vaikiskas-dulkiu-siurblys\/#primaryimage\"},\"image\":{\"@id\":\"https:\/\/dev.monti.lt\/product\/vaikiskas-dulkiu-siurblys\/#primaryimage\"},\"thumbnailUrl\":\"https:\/\/dev.monti.lt\/wp-content\/uploads\/2023\/08\/lit_pl_Vaikiskas-vertikalus-dulkiu-siurblys-melynas-23544-17724_12.jpg\",\"datePublished\":\"2023-08-31T07:53:32+00:00\",\"dateModified\":\"2024-10-07T13:35:35+00:00\",\"breadcrumb\":{\"@id\":\"https:\/\/dev.monti.lt\/product\/vaikiskas-dulkiu-siurblys\/#breadcrumb\"},\"inLanguage\":\"en-US\",\"potentialAction\":[{\"@type\":\"ReadAction\",\"target\":[\"https:\/\/dev.monti.lt\/product\/vaikiskas-dulkiu-siurblys\/\"]}]},{\"@type\":\"ImageObject\",\"inLanguage\":\"en-US\",\"@id\":\"https:\/\/dev.monti.lt\/product\/vaikiskas-dulkiu-siurblys\/#primaryimage\",\"url\":\"https:\/\/dev.monti.lt\/wp-content\/uploads\/2023\/08\/lit_pl_Vaikiskas-vertikalus-dulkiu-siurblys-melynas-23544-17724_12.jpg\",\"contentUrl\":\"https:\/\/dev.monti.lt\/wp-content\/uploads\/2023\/08\/lit_pl_Vaikiskas-vertikalus-dulkiu-siurblys-melynas-23544-17724_12.jpg\",\"width\":500,\"height\":500},{\"@type\":\"BreadcrumbList\",\"@id\":\"https:\/\/dev.monti.lt\/product\/vaikiskas-dulkiu-siurblys\/#breadcrumb\",\"itemListElement\":[{\"@type\":\"ListItem\",\"position\":1,\"name\":\"Home\",\"item\":\"https:\/\/dev.monti.lt\/\"},{\"@type\":\"ListItem\",\"position\":2,\"name\":\"Parduotuv\u0117\",\"item\":\"https:\/\/dev.monti.lt\/shop\/\"},{\"@type\":\"ListItem\",\"position\":3,\"name\":\"Vaiki\u0161kas dulki\u0173 siurblys\"}]},{\"@type\":\"WebSite\",\"@id\":\"https:\/\/dev.monti.lt\/#website\",\"url\":\"https:\/\/dev.monti.lt\/\",\"name\":\"Montessori \u017eaislai\",\"description\":\"\",\"publisher\":{\"@id\":\"https:\/\/dev.monti.lt\/#organization\"},\"potentialAction\":[{\"@type\":\"SearchAction\",\"target\":{\"@type\":\"EntryPoint\",\"urlTemplate\":\"https:\/\/dev.monti.lt\/?s={search_term_string}\"},\"query-input\":\"required name=search_term_string\"}],\"inLanguage\":\"en-US\"},{\"@type\":\"Organization\",\"@id\":\"https:\/\/dev.monti.lt\/#organization\",\"name\":\"Montessori \u017eaislai\",\"url\":\"https:\/\/dev.monti.lt\/\",\"logo\":{\"@type\":\"ImageObject\",\"inLanguage\":\"en-US\",\"@id\":\"https:\/\/dev.monti.lt\/#\/schema\/logo\/image\/\",\"url\":\"https:\/\/dev.monti.lt\/wp-content\/uploads\/2022\/03\/montilogo-1.png\",\"contentUrl\":\"https:\/\/dev.monti.lt\/wp-content\/uploads\/2022\/03\/montilogo-1.png\",\"width\":512,\"height\":512,\"caption\":\"Montessori \u017eaislai\"},\"image\":{\"@id\":\"https:\/\/dev.monti.lt\/#\/schema\/logo\/image\/\"}}]}<\/script>\n<!-- \/ Yoast SEO plugin. -->","yoast_head_json":{"title":"Vaiki\u0161kas dulki\u0173 siurblys - Montessori \u017eaislai","robots":{"index":"noindex","follow":"follow","max-snippet":"max-snippet:-1","max-image-preview":"max-image-preview:large","max-video-preview":"max-video-preview:-1"},"og_locale":"en_US","og_type":"article","og_title":"Vaiki\u0161kas dulki\u0173 siurblys - Montessori \u017eaislai","og_description":"SPECIFIKACIJA ISKAITANT","og_url":"https:\/\/dev.monti.lt\/en\/product\/vaikiskas-dulkiu-siurblys\/","og_site_name":"Montessori \u017eaislai","article_modified_time":"2024-10-07T13:35:35+00:00","og_image":[{"width":500,"height":500,"url":"https:\/\/dev.monti.lt\/wp-content\/uploads\/2023\/08\/lit_pl_Vaikiskas-vertikalus-dulkiu-siurblys-melynas-23544-17724_12.jpg","type":"image\/jpeg"}],"twitter_card":"summary_large_image","twitter_misc":{"Est. reading time":"2 minutes"},"schema":{"@context":"https:\/\/schema.org","@graph":[{"@type":"WebPage","@id":"https:\/\/dev.monti.lt\/product\/vaikiskas-dulkiu-siurblys\/","url":"https:\/\/dev.monti.lt\/product\/vaikiskas-dulkiu-siurblys\/","name":"Vaiki\u0161kas dulki\u0173 siurblys - Montessori \u017eaislai","isPartOf":{"@id":"https:\/\/dev.monti.lt\/#website"},"primaryImageOfPage":{"@id":"https:\/\/dev.monti.lt\/product\/vaikiskas-dulkiu-siurblys\/#primaryimage"},"image":{"@id":"https:\/\/dev.monti.lt\/product\/vaikiskas-dulkiu-siurblys\/#primaryimage"},"thumbnailUrl":"https:\/\/dev.monti.lt\/wp-content\/uploads\/2023\/08\/lit_pl_Vaikiskas-vertikalus-dulkiu-siurblys-melynas-23544-17724_12.jpg","datePublished":"2023-08-31T07:53:32+00:00","dateModified":"2024-10-07T13:35:35+00:00","breadcrumb":{"@id":"https:\/\/dev.monti.lt\/product\/vaikiskas-dulkiu-siurblys\/#breadcrumb"},"inLanguage":"en-US","potentialAction":[{"@type":"ReadAction","target":["https:\/\/dev.monti.lt\/product\/vaikiskas-dulkiu-siurblys\/"]}]},{"@type":"ImageObject","inLanguage":"en-US","@id":"https:\/\/dev.monti.lt\/product\/vaikiskas-dulkiu-siurblys\/#primaryimage","url":"https:\/\/dev.monti.lt\/wp-content\/uploads\/2023\/08\/lit_pl_Vaikiskas-vertikalus-dulkiu-siurblys-melynas-23544-17724_12.jpg","contentUrl":"https:\/\/dev.monti.lt\/wp-content\/uploads\/2023\/08\/lit_pl_Vaikiskas-vertikalus-dulkiu-siurblys-melynas-23544-17724_12.jpg","width":500,"height":500},{"@type":"BreadcrumbList","@id":"https:\/\/dev.monti.lt\/product\/vaikiskas-dulkiu-siurblys\/#breadcrumb","itemListElement":[{"@type":"ListItem","position":1,"name":"Home","item":"https:\/\/dev.monti.lt\/"},{"@type":"ListItem","position":2,"name":"Parduotuv\u0117","item":"https:\/\/dev.monti.lt\/shop\/"},{"@type":"ListItem","position":3,"name":"Vaiki\u0161kas dulki\u0173 siurblys"}]},{"@type":"WebSite","@id":"https:\/\/dev.monti.lt\/#website","url":"https:\/\/dev.monti.lt\/","name":"Montessori \u017eaislai","description":"","publisher":{"@id":"https:\/\/dev.monti.lt\/#organization"},"potentialAction":[{"@type":"SearchAction","target":{"@type":"EntryPoint","urlTemplate":"https:\/\/dev.monti.lt\/?s={search_term_string}"},"query-input":"required name=search_term_string"}],"inLanguage":"en-US"},{"@type":"Organization","@id":"https:\/\/dev.monti.lt\/#organization","name":"Montessori \u017eaislai","url":"https:\/\/dev.monti.lt\/","logo":{"@type":"ImageObject","inLanguage":"en-US","@id":"https:\/\/dev.monti.lt\/#\/schema\/logo\/image\/","url":"https:\/\/dev.monti.lt\/wp-content\/uploads\/2022\/03\/montilogo-1.png","contentUrl":"https:\/\/dev.monti.lt\/wp-content\/uploads\/2022\/03\/montilogo-1.png","width":512,"height":512,"caption":"Montessori \u017eaislai"},"image":{"@id":"https:\/\/dev.monti.lt\/#\/schema\/logo\/image\/"}}]}},"_links":{"self":[{"href":"https:\/\/dev.monti.lt\/en\/wp-json\/wp\/v2\/product\/16970"}],"collection":[{"href":"https:\/\/dev.monti.lt\/en\/wp-json\/wp\/v2\/product"}],"about":[{"href":"https:\/\/dev.monti.lt\/en\/wp-json\/wp\/v2\/types\/product"}],"version-history":[{"count":1,"href":"https:\/\/dev.monti.lt\/en\/wp-json\/wp\/v2\/product\/16970\/revisions"}],"predecessor-version":[{"id":16977,"href":"https:\/\/dev.monti.lt\/en\/wp-json\/wp\/v2\/product\/16970\/revisions\/16977"}],"wp:featuredmedia":[{"embeddable":true,"href":"https:\/\/dev.monti.lt\/en\/wp-json\/wp\/v2\/media\/23934"}],"wp:attachment":[{"href":"https:\/\/dev.monti.lt\/en\/wp-json\/wp\/v2\/media?parent=16970"}],"wp:term":[{"taxonomy":"product_cat","embeddable":true,"href":"https:\/\/dev.monti.lt\/en\/wp-json\/wp\/v2\/product_cat?post=16970"},{"taxonomy":"product_tag","embeddable":true,"href":"https:\/\/dev.monti.lt\/en\/wp-json\/wp\/v2\/product_tag?post=16970"}],"curies":[{"name":"wp","href":"https:\/\/api.w.org\/{rel}","templated":true}]}}