{"id":16961,"date":"2023-08-31T07:47:02","date_gmt":"2023-08-31T07:47:02","guid":{"rendered":"https:\/\/dev.monti.lt\/?post_type=product&#038;p=16961"},"modified":"2024-07-29T05:56:23","modified_gmt":"2024-07-29T05:56:23","slug":"vaikiskas-fotoaparatas-rozinis","status":"publish","type":"product","link":"https:\/\/dev.monti.lt\/en\/product\/vaikiskas-fotoaparatas-rozinis\/","title":{"rendered":"Vaiki\u0161kas fotoaparatas ro\u017einis"},"content":{"rendered":"<h1 class=\"wp-block-heading\"><br>KAMEROS VAIKAMS&nbsp;<\/h1><ul class=\"wp-block-list\"><li><strong>PRIETAISAS YRA DAUGIFUNKCINIS&nbsp;<\/strong>\u2013 \u012frenginys turi 6 skirtingas funkcijas:&nbsp;<strong>fotoaparato re\u017eimas; \u012fra\u0161ymo re\u017eimas; nuotrauk\u0173 \/ vaizdo \u012fra\u0161\u0173 galerijos atk\u016brimas; nustatymai; \u017eaidim\u0173 ir turinio atsisiuntimas, asmenuki\u0173 kamera.<\/strong><\/li>\n\n<li><strong>FULL HD \u012eRA\u0160YMAS \u2013&nbsp;<\/strong>\u0160is kompakti\u0161kas \u012frenginys taip pat gali \u012fra\u0161yti \u201eFull HD\u201c rai\u0161ka! Be to, jame yra mikrofonas, kuris tiksliai \u012fra\u0161ys kiekvien\u0105 gars\u0105.&nbsp;<strong>Komplekte yra 32GB talpos miniSD kortel\u0117, kuri leis vaikui padaryti daug nuotrauk\u0173 ir filmuoti.<\/strong><\/li>\n\n<li><strong>5 \u017dAIDIMAI<\/strong>&nbsp;&#8211; kad j\u016bs\u0173 vaikui b\u016bt\u0173 dar smagiau naudotis \u012frenginiu, fotoaparate i\u0161 anksto \u012fdiegti 5 ikoniniai \u017eaidimai!&nbsp;<strong>Tai kart\u0173 \u017eaidimai, kuriais jau ne vienerius metus m\u0117gaujasi ne tik patys ma\u017eiausieji, bet ir j\u0173 t\u0117veliai.<\/strong><\/li>\n\n<li><strong>MONITORIAUS<\/strong>&nbsp;\u2013 2 coli\u0173 monitorius apr\u016bpintas daugybe pagrindini\u0173 funkcij\u0173, primenan\u010di\u0173 profesionali\u0105 \u012frang\u0105. Meniu \u010dia atrodo labai pana\u0161iai, yra galimyb\u0117 nustatyti nuotrauk\u0173 dyd\u012f, dat\u0105 ir dar daugiau. Fotoaparatas taip pat turi automatinio i\u0161sijungimo po 1\/2\/3 minut\u0117s funkcij\u0105, kuri ypa\u010d naudinga ma\u017eesniems vaikams, kurie po naudojimo neprisimena fotoaparato i\u0161jungti.&nbsp;<strong>\u0160i funkcija sutaupys energijos!<\/strong><\/li>\n\n<li><strong>SPECIFIKACIJA &#8211;&nbsp;<\/strong>ro\u017ein\u0117 spalva; am\u017eius: 3+; nuotrauk\u0173 rai\u0161ka: 3MPix; vaizdo rai\u0161ka: 1080P, 720P, VGA; papildoma perdanga: kat\u0117s imitacija; fotoaparato talpa be kortel\u0117s: 50 nuotrauk\u0173; asmenuki\u0173 kamera; pridedama atminties kortel\u0117: miniSD 32GB; MicroUSB laido ilgis: 68 cm; ekrano u\u017esklanda: taip; automatinis i\u0161jungimas: taip; meniu skirtingomis kalbomis: taip; 600 mAh baterija; ABS med\u017eiaga; \u012fkrovimo laikas: 2h; nepertraukiamo darbo laikas: 2h; darbo laikas su pertraukomis: 4-6h, matmenys: 5\/10,5\/6cm, kameros svoris: 0,057kg; svoris su pakuote: 0,245 kg.&nbsp;<\/li><\/ul><p><strong>SPECIFIKACIJA:<\/strong><\/p><ul class=\"wp-block-list\"><li>ro\u017ein\u0117s spalvos<\/li>\n\n<li>am\u017eius: 3+<\/li>\n\n<li>nuotrauk\u0173 rai\u0161ka: 3MPix<\/li>\n\n<li>vaizdo rai\u0161ka: 1080P, 720P, VGA<\/li>\n\n<li>papildoma perdanga: kat\u0117s imitacija<\/li>\n\n<li>kameros talpa be kortel\u0117s: 50 nuotrauk\u0173<\/li>\n\n<li>asmenuki\u0173 kamera<\/li>\n\n<li>Komplekte atminties kortel\u0117: miniSD 32GB<\/li>\n\n<li>MicroUSB laido ilgis: 68 cm<\/li>\n\n<li>ekrano u\u017esklanda: taip<\/li>\n\n<li>automatinis i\u0161jungimas: taip<\/li>\n\n<li>meniu skirtingomis kalbomis: taip<\/li>\n\n<li>600 mAh baterija; ABS med\u017eiaga<\/li>\n\n<li>\u012fkrovimo laikas: 2 valandos<\/li>\n\n<li>nepertraukiamo darbo laikas: 2 val<\/li>\n\n<li>darbo laikas su pertraukomis: 4-6h<\/li>\n\n<li>matmenys: 5\/10,5\/6cm<\/li>\n\n<li>fotoaparato svoris: 0,057 kg<\/li>\n\n<li>svoris su pakuote: 0,245 kg<\/li><\/ul><p><strong>\u012eSKAITANT:<\/strong><\/p><ul class=\"wp-block-list\"><li>fotoaparatas<\/li>\n\n<li>ka\u010diuko perdanga<\/li>\n\n<li><strong>Mini SD kortel\u0117 32GB<\/strong><\/li>\n\n<li>microUSB laidas<\/li>\n\n<li>pavad\u0117lis<\/li><\/ul>","protected":false},"excerpt":{"rendered":"<p>KAMEROS VAIKAMS&nbsp; SPECIFIKACIJA: \u012eSKAITANT:<\/p>","protected":false},"featured_media":16963,"template":"","meta":{"iawp_total_views":200},"product_cat":[195,196,191,192,81,87,84,90,50,93,201,214],"product_tag":[96,97,98,99],"class_list":{"0":"post-16961","1":"product","2":"type-product","3":"status-publish","4":"has-post-thumbnail","6":"product_cat-dovanos-vaikams-3-4-metu","7":"product_cat-dovanos-mergaitems","8":"product_cat-dovanos-vaikams","9":"product_cat-kaledines-dovanos-vaikams","10":"product_cat-kiti-zaislai","11":"product_cat-kurybiniai-rinkiniai","12":"product_cat-lavinamieji-zaislai","13":"product_cat-pasaulio-pazinimas","14":"product_cat-top-dovanos","15":"product_cat-vaidmenu-zaidimai","16":"product_cat-zaislai-kelioneje","17":"product_cat-zaislai-mergaitems","18":"product_tag-2-m-3-m","19":"product_tag-3-m-4-m","20":"product_tag-5-m-7-m","21":"product_tag-8-m-11-m","23":"first","24":"outofstock","25":"taxable","26":"shipping-taxable","27":"purchasable","28":"product-type-simple"},"yoast_head":"<!-- This site is optimized with the Yoast SEO plugin v23.3 - https:\/\/yoast.com\/wordpress\/plugins\/seo\/ -->\n<title>Vaiki\u0161kas fotoaparatas ro\u017einis - Montessori \u017eaislai<\/title>\n<meta name=\"robots\" content=\"noindex, follow, max-snippet:-1, max-image-preview:large, max-video-preview:-1\" \/>\n<meta property=\"og:locale\" content=\"en_US\" \/>\n<meta property=\"og:type\" content=\"article\" \/>\n<meta property=\"og:title\" content=\"Vaiki\u0161kas fotoaparatas ro\u017einis - Montessori \u017eaislai\" \/>\n<meta property=\"og:description\" content=\"KAMEROS VAIKAMS&nbsp; SPECIFIKACIJA: \u012eSKAITANT:\" \/>\n<meta property=\"og:url\" content=\"https:\/\/dev.monti.lt\/en\/product\/vaikiskas-fotoaparatas-rozinis\/\" \/>\n<meta property=\"og:site_name\" content=\"Montessori \u017eaislai\" \/>\n<meta property=\"article:modified_time\" content=\"2024-07-29T05:56:23+00:00\" \/>\n<meta property=\"og:image\" content=\"https:\/\/dev.monti.lt\/wp-content\/uploads\/2023\/08\/lit_pl_Rozinis-skaitmeninis-fotoaparatas-AC16951-15477_12.jpg\" \/>\n\t<meta property=\"og:image:width\" content=\"500\" \/>\n\t<meta property=\"og:image:height\" content=\"500\" \/>\n\t<meta property=\"og:image:type\" content=\"image\/jpeg\" \/>\n<meta name=\"twitter:card\" content=\"summary_large_image\" \/>\n<meta name=\"twitter:label1\" content=\"Est. reading time\" \/>\n\t<meta name=\"twitter:data1\" content=\"2 minutes\" \/>\n<script type=\"application\/ld+json\" class=\"yoast-schema-graph\">{\"@context\":\"https:\/\/schema.org\",\"@graph\":[{\"@type\":\"WebPage\",\"@id\":\"https:\/\/dev.monti.lt\/product\/vaikiskas-fotoaparatas-rozinis\/\",\"url\":\"https:\/\/dev.monti.lt\/product\/vaikiskas-fotoaparatas-rozinis\/\",\"name\":\"Vaiki\u0161kas fotoaparatas ro\u017einis - Montessori \u017eaislai\",\"isPartOf\":{\"@id\":\"https:\/\/dev.monti.lt\/#website\"},\"primaryImageOfPage\":{\"@id\":\"https:\/\/dev.monti.lt\/product\/vaikiskas-fotoaparatas-rozinis\/#primaryimage\"},\"image\":{\"@id\":\"https:\/\/dev.monti.lt\/product\/vaikiskas-fotoaparatas-rozinis\/#primaryimage\"},\"thumbnailUrl\":\"https:\/\/dev.monti.lt\/wp-content\/uploads\/2023\/08\/lit_pl_Rozinis-skaitmeninis-fotoaparatas-AC16951-15477_12.jpg\",\"datePublished\":\"2023-08-31T07:47:02+00:00\",\"dateModified\":\"2024-07-29T05:56:23+00:00\",\"breadcrumb\":{\"@id\":\"https:\/\/dev.monti.lt\/product\/vaikiskas-fotoaparatas-rozinis\/#breadcrumb\"},\"inLanguage\":\"en-US\",\"potentialAction\":[{\"@type\":\"ReadAction\",\"target\":[\"https:\/\/dev.monti.lt\/product\/vaikiskas-fotoaparatas-rozinis\/\"]}]},{\"@type\":\"ImageObject\",\"inLanguage\":\"en-US\",\"@id\":\"https:\/\/dev.monti.lt\/product\/vaikiskas-fotoaparatas-rozinis\/#primaryimage\",\"url\":\"https:\/\/dev.monti.lt\/wp-content\/uploads\/2023\/08\/lit_pl_Rozinis-skaitmeninis-fotoaparatas-AC16951-15477_12.jpg\",\"contentUrl\":\"https:\/\/dev.monti.lt\/wp-content\/uploads\/2023\/08\/lit_pl_Rozinis-skaitmeninis-fotoaparatas-AC16951-15477_12.jpg\",\"width\":500,\"height\":500,\"caption\":\"fotoaparatas\"},{\"@type\":\"BreadcrumbList\",\"@id\":\"https:\/\/dev.monti.lt\/product\/vaikiskas-fotoaparatas-rozinis\/#breadcrumb\",\"itemListElement\":[{\"@type\":\"ListItem\",\"position\":1,\"name\":\"Home\",\"item\":\"https:\/\/dev.monti.lt\/\"},{\"@type\":\"ListItem\",\"position\":2,\"name\":\"Parduotuv\u0117\",\"item\":\"https:\/\/dev.monti.lt\/shop\/\"},{\"@type\":\"ListItem\",\"position\":3,\"name\":\"Vaiki\u0161kas fotoaparatas ro\u017einis\"}]},{\"@type\":\"WebSite\",\"@id\":\"https:\/\/dev.monti.lt\/#website\",\"url\":\"https:\/\/dev.monti.lt\/\",\"name\":\"Montessori \u017eaislai\",\"description\":\"\",\"publisher\":{\"@id\":\"https:\/\/dev.monti.lt\/#organization\"},\"potentialAction\":[{\"@type\":\"SearchAction\",\"target\":{\"@type\":\"EntryPoint\",\"urlTemplate\":\"https:\/\/dev.monti.lt\/?s={search_term_string}\"},\"query-input\":\"required name=search_term_string\"}],\"inLanguage\":\"en-US\"},{\"@type\":\"Organization\",\"@id\":\"https:\/\/dev.monti.lt\/#organization\",\"name\":\"Montessori \u017eaislai\",\"url\":\"https:\/\/dev.monti.lt\/\",\"logo\":{\"@type\":\"ImageObject\",\"inLanguage\":\"en-US\",\"@id\":\"https:\/\/dev.monti.lt\/#\/schema\/logo\/image\/\",\"url\":\"https:\/\/dev.monti.lt\/wp-content\/uploads\/2022\/03\/montilogo-1.png\",\"contentUrl\":\"https:\/\/dev.monti.lt\/wp-content\/uploads\/2022\/03\/montilogo-1.png\",\"width\":512,\"height\":512,\"caption\":\"Montessori \u017eaislai\"},\"image\":{\"@id\":\"https:\/\/dev.monti.lt\/#\/schema\/logo\/image\/\"}}]}<\/script>\n<!-- \/ Yoast SEO plugin. -->","yoast_head_json":{"title":"Vaiki\u0161kas fotoaparatas ro\u017einis - Montessori \u017eaislai","robots":{"index":"noindex","follow":"follow","max-snippet":"max-snippet:-1","max-image-preview":"max-image-preview:large","max-video-preview":"max-video-preview:-1"},"og_locale":"en_US","og_type":"article","og_title":"Vaiki\u0161kas fotoaparatas ro\u017einis - Montessori \u017eaislai","og_description":"KAMEROS VAIKAMS&nbsp; SPECIFIKACIJA: \u012eSKAITANT:","og_url":"https:\/\/dev.monti.lt\/en\/product\/vaikiskas-fotoaparatas-rozinis\/","og_site_name":"Montessori \u017eaislai","article_modified_time":"2024-07-29T05:56:23+00:00","og_image":[{"width":500,"height":500,"url":"https:\/\/dev.monti.lt\/wp-content\/uploads\/2023\/08\/lit_pl_Rozinis-skaitmeninis-fotoaparatas-AC16951-15477_12.jpg","type":"image\/jpeg"}],"twitter_card":"summary_large_image","twitter_misc":{"Est. reading time":"2 minutes"},"schema":{"@context":"https:\/\/schema.org","@graph":[{"@type":"WebPage","@id":"https:\/\/dev.monti.lt\/product\/vaikiskas-fotoaparatas-rozinis\/","url":"https:\/\/dev.monti.lt\/product\/vaikiskas-fotoaparatas-rozinis\/","name":"Vaiki\u0161kas fotoaparatas ro\u017einis - Montessori \u017eaislai","isPartOf":{"@id":"https:\/\/dev.monti.lt\/#website"},"primaryImageOfPage":{"@id":"https:\/\/dev.monti.lt\/product\/vaikiskas-fotoaparatas-rozinis\/#primaryimage"},"image":{"@id":"https:\/\/dev.monti.lt\/product\/vaikiskas-fotoaparatas-rozinis\/#primaryimage"},"thumbnailUrl":"https:\/\/dev.monti.lt\/wp-content\/uploads\/2023\/08\/lit_pl_Rozinis-skaitmeninis-fotoaparatas-AC16951-15477_12.jpg","datePublished":"2023-08-31T07:47:02+00:00","dateModified":"2024-07-29T05:56:23+00:00","breadcrumb":{"@id":"https:\/\/dev.monti.lt\/product\/vaikiskas-fotoaparatas-rozinis\/#breadcrumb"},"inLanguage":"en-US","potentialAction":[{"@type":"ReadAction","target":["https:\/\/dev.monti.lt\/product\/vaikiskas-fotoaparatas-rozinis\/"]}]},{"@type":"ImageObject","inLanguage":"en-US","@id":"https:\/\/dev.monti.lt\/product\/vaikiskas-fotoaparatas-rozinis\/#primaryimage","url":"https:\/\/dev.monti.lt\/wp-content\/uploads\/2023\/08\/lit_pl_Rozinis-skaitmeninis-fotoaparatas-AC16951-15477_12.jpg","contentUrl":"https:\/\/dev.monti.lt\/wp-content\/uploads\/2023\/08\/lit_pl_Rozinis-skaitmeninis-fotoaparatas-AC16951-15477_12.jpg","width":500,"height":500,"caption":"fotoaparatas"},{"@type":"BreadcrumbList","@id":"https:\/\/dev.monti.lt\/product\/vaikiskas-fotoaparatas-rozinis\/#breadcrumb","itemListElement":[{"@type":"ListItem","position":1,"name":"Home","item":"https:\/\/dev.monti.lt\/"},{"@type":"ListItem","position":2,"name":"Parduotuv\u0117","item":"https:\/\/dev.monti.lt\/shop\/"},{"@type":"ListItem","position":3,"name":"Vaiki\u0161kas fotoaparatas ro\u017einis"}]},{"@type":"WebSite","@id":"https:\/\/dev.monti.lt\/#website","url":"https:\/\/dev.monti.lt\/","name":"Montessori \u017eaislai","description":"","publisher":{"@id":"https:\/\/dev.monti.lt\/#organization"},"potentialAction":[{"@type":"SearchAction","target":{"@type":"EntryPoint","urlTemplate":"https:\/\/dev.monti.lt\/?s={search_term_string}"},"query-input":"required name=search_term_string"}],"inLanguage":"en-US"},{"@type":"Organization","@id":"https:\/\/dev.monti.lt\/#organization","name":"Montessori \u017eaislai","url":"https:\/\/dev.monti.lt\/","logo":{"@type":"ImageObject","inLanguage":"en-US","@id":"https:\/\/dev.monti.lt\/#\/schema\/logo\/image\/","url":"https:\/\/dev.monti.lt\/wp-content\/uploads\/2022\/03\/montilogo-1.png","contentUrl":"https:\/\/dev.monti.lt\/wp-content\/uploads\/2022\/03\/montilogo-1.png","width":512,"height":512,"caption":"Montessori \u017eaislai"},"image":{"@id":"https:\/\/dev.monti.lt\/#\/schema\/logo\/image\/"}}]}},"_links":{"self":[{"href":"https:\/\/dev.monti.lt\/en\/wp-json\/wp\/v2\/product\/16961"}],"collection":[{"href":"https:\/\/dev.monti.lt\/en\/wp-json\/wp\/v2\/product"}],"about":[{"href":"https:\/\/dev.monti.lt\/en\/wp-json\/wp\/v2\/types\/product"}],"version-history":[{"count":1,"href":"https:\/\/dev.monti.lt\/en\/wp-json\/wp\/v2\/product\/16961\/revisions"}],"predecessor-version":[{"id":16969,"href":"https:\/\/dev.monti.lt\/en\/wp-json\/wp\/v2\/product\/16961\/revisions\/16969"}],"wp:featuredmedia":[{"embeddable":true,"href":"https:\/\/dev.monti.lt\/en\/wp-json\/wp\/v2\/media\/16963"}],"wp:attachment":[{"href":"https:\/\/dev.monti.lt\/en\/wp-json\/wp\/v2\/media?parent=16961"}],"wp:term":[{"taxonomy":"product_cat","embeddable":true,"href":"https:\/\/dev.monti.lt\/en\/wp-json\/wp\/v2\/product_cat?post=16961"},{"taxonomy":"product_tag","embeddable":true,"href":"https:\/\/dev.monti.lt\/en\/wp-json\/wp\/v2\/product_tag?post=16961"}],"curies":[{"name":"wp","href":"https:\/\/api.w.org\/{rel}","templated":true}]}}