{"id":16951,"date":"2023-08-31T07:31:16","date_gmt":"2023-08-31T07:31:16","guid":{"rendered":"https:\/\/dev.monti.lt\/?post_type=product&#038;p=16951"},"modified":"2024-09-07T07:14:19","modified_gmt":"2024-09-07T07:14:19","slug":"dvipusiai-zymekliai-rasikliai-40-vnt","status":"publish","type":"product","link":"https:\/\/dev.monti.lt\/en\/product\/dvipusiai-zymekliai-rasikliai-40-vnt\/","title":{"rendered":"Dvipusiai \u017eymekliai-ra\u0161ikliai, 40 vnt."},"content":{"rendered":"<ul class=\"wp-block-list\"><li>Spalvoti \u017eymekliai leid\u017eia lengvai pa\u017eymeti svarbi\u0105 informacij\u0105, ta\u010diau da\u017eniausiai turimos spalvos greitai i\u0161senka.\u00a0<strong>\u0160iame rinkinyje net 40 vienetu highlighteriu, kurie tikrai pateisins i\u0161rankiausiu \u017emoniu lukes\u010dius.<\/strong><\/li>\n\n<li>Tai labai prakti\u0161ki dvipusiai highlighteriai,<strong>\u00a0i\u0161 vienos puses turi apvali\u0105 galvut\u0119, kuri puikiai tiks ra\u0161ymui ar pie\u0161imui, kitoje \u2013 istri\u017ea galvute, kuri puikiai tiks svarbiai informacijai i\u0161ry\u0161kinti.<\/strong><\/li>\n\n<li>\u0160ie didelio na\u0161umo ra\u0161ikliai turi specialu u\u017epild\u0105, kuris\u00a0<strong>u\u017etenka net 300 m<\/strong>\u00a0, tad tikrai puikiai tarnaus ilgai.<\/li>\n\n<li>Spalvingi \u017eymekliai supakuoti i labai prakti\u0161k\u0105 dekl\u0105, u\u017esegam\u0105 spyna.\u00a0<strong>Taip lengviau tvarkyti pary\u0161kintus ir galite juos laikyti po ranka, nerizikuodami prarasti pus\u0119<\/strong>.<\/li>\n\n<li>Vienet\u0173 skai\u010dius: 40 vnt; dvipusis: taip; deklas itrauktas: taip; pasvirusi galva: taip; apvali galva: taip; kasete efektyvi 300 m: taip; matmenys: 16\/16 \/ 9,5cm; komplekto svoris: 0,895 kg\u00a0<\/li><\/ul><p><strong>SPECIFIKACIJA:<\/strong><\/p><ul class=\"wp-block-list\"><li>vienetu skai\u010dius: 40 vnt<\/li>\n\n<li>dvipusis: taip<\/li>\n\n<li>deklas itrauktas: taip<\/li>\n\n<li>pasvirusi galva: taip<\/li>\n\n<li>apvali galva: taip<\/li>\n\n<li>efektyvi kasete 300 m: taip<\/li>\n\n<li>matmenys: 16\/16 \/ 9,5cm<\/li>\n\n<li>komplekto svoris: 0,8950 kg<\/li><\/ul>","protected":false},"excerpt":{"rendered":"<p>SPECIFIKACIJA:<\/p>","protected":false},"featured_media":16952,"template":"","meta":{"iawp_total_views":20},"product_cat":[81,84,89,39],"product_tag":[101,96,97,98,99,100],"class_list":{"0":"post-16951","1":"product","2":"type-product","3":"status-publish","4":"has-post-thumbnail","6":"product_cat-kiti-zaislai","7":"product_cat-lavinamieji-zaislai","8":"product_cat-mokausi-piesti","9":"product_cat-zaislai","10":"product_tag-12-m-14-m","11":"product_tag-2-m-3-m","12":"product_tag-3-m-4-m","13":"product_tag-5-m-7-m","14":"product_tag-8-m-11-m","15":"product_tag-15-m","17":"first","18":"instock","19":"taxable","20":"shipping-taxable","21":"purchasable","22":"product-type-simple"},"yoast_head":"<!-- This site is optimized with the Yoast SEO plugin v23.3 - https:\/\/yoast.com\/wordpress\/plugins\/seo\/ -->\n<title>Dvipusiai \u017eymekliai-ra\u0161ikliai, 40 vnt. - Montessori \u017eaislai<\/title>\n<meta name=\"robots\" content=\"noindex, follow, max-snippet:-1, max-image-preview:large, max-video-preview:-1\" \/>\n<meta property=\"og:locale\" content=\"en_US\" \/>\n<meta property=\"og:type\" content=\"article\" \/>\n<meta property=\"og:title\" content=\"Dvipusiai \u017eymekliai-ra\u0161ikliai, 40 vnt. - Montessori \u017eaislai\" \/>\n<meta property=\"og:description\" content=\"SPECIFIKACIJA:\" \/>\n<meta property=\"og:url\" content=\"https:\/\/dev.monti.lt\/en\/product\/dvipusiai-zymekliai-rasikliai-40-vnt\/\" \/>\n<meta property=\"og:site_name\" content=\"Montessori \u017eaislai\" \/>\n<meta property=\"article:modified_time\" content=\"2024-09-07T07:14:19+00:00\" \/>\n<meta property=\"og:image\" content=\"https:\/\/dev.monti.lt\/wp-content\/uploads\/2023\/08\/lit_pl_Dvipusiai-zymekliai-rasikliai-rinkinyje-40-vnt-15199_7.jpg\" \/>\n\t<meta property=\"og:image:width\" content=\"500\" \/>\n\t<meta property=\"og:image:height\" content=\"500\" \/>\n\t<meta property=\"og:image:type\" content=\"image\/jpeg\" \/>\n<meta name=\"twitter:card\" content=\"summary_large_image\" \/>\n<meta name=\"twitter:label1\" content=\"Est. reading time\" \/>\n\t<meta name=\"twitter:data1\" content=\"1 minute\" \/>\n<script type=\"application\/ld+json\" class=\"yoast-schema-graph\">{\"@context\":\"https:\/\/schema.org\",\"@graph\":[{\"@type\":\"WebPage\",\"@id\":\"https:\/\/dev.monti.lt\/product\/dvipusiai-zymekliai-rasikliai-40-vnt\/\",\"url\":\"https:\/\/dev.monti.lt\/product\/dvipusiai-zymekliai-rasikliai-40-vnt\/\",\"name\":\"Dvipusiai \u017eymekliai-ra\u0161ikliai, 40 vnt. - Montessori \u017eaislai\",\"isPartOf\":{\"@id\":\"https:\/\/dev.monti.lt\/#website\"},\"primaryImageOfPage\":{\"@id\":\"https:\/\/dev.monti.lt\/product\/dvipusiai-zymekliai-rasikliai-40-vnt\/#primaryimage\"},\"image\":{\"@id\":\"https:\/\/dev.monti.lt\/product\/dvipusiai-zymekliai-rasikliai-40-vnt\/#primaryimage\"},\"thumbnailUrl\":\"https:\/\/dev.monti.lt\/wp-content\/uploads\/2023\/08\/lit_pl_Dvipusiai-zymekliai-rasikliai-rinkinyje-40-vnt-15199_7.jpg\",\"datePublished\":\"2023-08-31T07:31:16+00:00\",\"dateModified\":\"2024-09-07T07:14:19+00:00\",\"breadcrumb\":{\"@id\":\"https:\/\/dev.monti.lt\/product\/dvipusiai-zymekliai-rasikliai-40-vnt\/#breadcrumb\"},\"inLanguage\":\"en-US\",\"potentialAction\":[{\"@type\":\"ReadAction\",\"target\":[\"https:\/\/dev.monti.lt\/product\/dvipusiai-zymekliai-rasikliai-40-vnt\/\"]}]},{\"@type\":\"ImageObject\",\"inLanguage\":\"en-US\",\"@id\":\"https:\/\/dev.monti.lt\/product\/dvipusiai-zymekliai-rasikliai-40-vnt\/#primaryimage\",\"url\":\"https:\/\/dev.monti.lt\/wp-content\/uploads\/2023\/08\/lit_pl_Dvipusiai-zymekliai-rasikliai-rinkinyje-40-vnt-15199_7.jpg\",\"contentUrl\":\"https:\/\/dev.monti.lt\/wp-content\/uploads\/2023\/08\/lit_pl_Dvipusiai-zymekliai-rasikliai-rinkinyje-40-vnt-15199_7.jpg\",\"width\":500,\"height\":500},{\"@type\":\"BreadcrumbList\",\"@id\":\"https:\/\/dev.monti.lt\/product\/dvipusiai-zymekliai-rasikliai-40-vnt\/#breadcrumb\",\"itemListElement\":[{\"@type\":\"ListItem\",\"position\":1,\"name\":\"Home\",\"item\":\"https:\/\/dev.monti.lt\/\"},{\"@type\":\"ListItem\",\"position\":2,\"name\":\"Parduotuv\u0117\",\"item\":\"https:\/\/dev.monti.lt\/shop\/\"},{\"@type\":\"ListItem\",\"position\":3,\"name\":\"Dvipusiai \u017eymekliai-ra\u0161ikliai, 40 vnt.\"}]},{\"@type\":\"WebSite\",\"@id\":\"https:\/\/dev.monti.lt\/#website\",\"url\":\"https:\/\/dev.monti.lt\/\",\"name\":\"Montessori \u017eaislai\",\"description\":\"\",\"publisher\":{\"@id\":\"https:\/\/dev.monti.lt\/#organization\"},\"potentialAction\":[{\"@type\":\"SearchAction\",\"target\":{\"@type\":\"EntryPoint\",\"urlTemplate\":\"https:\/\/dev.monti.lt\/?s={search_term_string}\"},\"query-input\":\"required name=search_term_string\"}],\"inLanguage\":\"en-US\"},{\"@type\":\"Organization\",\"@id\":\"https:\/\/dev.monti.lt\/#organization\",\"name\":\"Montessori \u017eaislai\",\"url\":\"https:\/\/dev.monti.lt\/\",\"logo\":{\"@type\":\"ImageObject\",\"inLanguage\":\"en-US\",\"@id\":\"https:\/\/dev.monti.lt\/#\/schema\/logo\/image\/\",\"url\":\"https:\/\/dev.monti.lt\/wp-content\/uploads\/2022\/03\/montilogo-1.png\",\"contentUrl\":\"https:\/\/dev.monti.lt\/wp-content\/uploads\/2022\/03\/montilogo-1.png\",\"width\":512,\"height\":512,\"caption\":\"Montessori \u017eaislai\"},\"image\":{\"@id\":\"https:\/\/dev.monti.lt\/#\/schema\/logo\/image\/\"}}]}<\/script>\n<!-- \/ Yoast SEO plugin. -->","yoast_head_json":{"title":"Dvipusiai \u017eymekliai-ra\u0161ikliai, 40 vnt. - Montessori \u017eaislai","robots":{"index":"noindex","follow":"follow","max-snippet":"max-snippet:-1","max-image-preview":"max-image-preview:large","max-video-preview":"max-video-preview:-1"},"og_locale":"en_US","og_type":"article","og_title":"Dvipusiai \u017eymekliai-ra\u0161ikliai, 40 vnt. - Montessori \u017eaislai","og_description":"SPECIFIKACIJA:","og_url":"https:\/\/dev.monti.lt\/en\/product\/dvipusiai-zymekliai-rasikliai-40-vnt\/","og_site_name":"Montessori \u017eaislai","article_modified_time":"2024-09-07T07:14:19+00:00","og_image":[{"width":500,"height":500,"url":"https:\/\/dev.monti.lt\/wp-content\/uploads\/2023\/08\/lit_pl_Dvipusiai-zymekliai-rasikliai-rinkinyje-40-vnt-15199_7.jpg","type":"image\/jpeg"}],"twitter_card":"summary_large_image","twitter_misc":{"Est. reading time":"1 minute"},"schema":{"@context":"https:\/\/schema.org","@graph":[{"@type":"WebPage","@id":"https:\/\/dev.monti.lt\/product\/dvipusiai-zymekliai-rasikliai-40-vnt\/","url":"https:\/\/dev.monti.lt\/product\/dvipusiai-zymekliai-rasikliai-40-vnt\/","name":"Dvipusiai \u017eymekliai-ra\u0161ikliai, 40 vnt. - Montessori \u017eaislai","isPartOf":{"@id":"https:\/\/dev.monti.lt\/#website"},"primaryImageOfPage":{"@id":"https:\/\/dev.monti.lt\/product\/dvipusiai-zymekliai-rasikliai-40-vnt\/#primaryimage"},"image":{"@id":"https:\/\/dev.monti.lt\/product\/dvipusiai-zymekliai-rasikliai-40-vnt\/#primaryimage"},"thumbnailUrl":"https:\/\/dev.monti.lt\/wp-content\/uploads\/2023\/08\/lit_pl_Dvipusiai-zymekliai-rasikliai-rinkinyje-40-vnt-15199_7.jpg","datePublished":"2023-08-31T07:31:16+00:00","dateModified":"2024-09-07T07:14:19+00:00","breadcrumb":{"@id":"https:\/\/dev.monti.lt\/product\/dvipusiai-zymekliai-rasikliai-40-vnt\/#breadcrumb"},"inLanguage":"en-US","potentialAction":[{"@type":"ReadAction","target":["https:\/\/dev.monti.lt\/product\/dvipusiai-zymekliai-rasikliai-40-vnt\/"]}]},{"@type":"ImageObject","inLanguage":"en-US","@id":"https:\/\/dev.monti.lt\/product\/dvipusiai-zymekliai-rasikliai-40-vnt\/#primaryimage","url":"https:\/\/dev.monti.lt\/wp-content\/uploads\/2023\/08\/lit_pl_Dvipusiai-zymekliai-rasikliai-rinkinyje-40-vnt-15199_7.jpg","contentUrl":"https:\/\/dev.monti.lt\/wp-content\/uploads\/2023\/08\/lit_pl_Dvipusiai-zymekliai-rasikliai-rinkinyje-40-vnt-15199_7.jpg","width":500,"height":500},{"@type":"BreadcrumbList","@id":"https:\/\/dev.monti.lt\/product\/dvipusiai-zymekliai-rasikliai-40-vnt\/#breadcrumb","itemListElement":[{"@type":"ListItem","position":1,"name":"Home","item":"https:\/\/dev.monti.lt\/"},{"@type":"ListItem","position":2,"name":"Parduotuv\u0117","item":"https:\/\/dev.monti.lt\/shop\/"},{"@type":"ListItem","position":3,"name":"Dvipusiai \u017eymekliai-ra\u0161ikliai, 40 vnt."}]},{"@type":"WebSite","@id":"https:\/\/dev.monti.lt\/#website","url":"https:\/\/dev.monti.lt\/","name":"Montessori \u017eaislai","description":"","publisher":{"@id":"https:\/\/dev.monti.lt\/#organization"},"potentialAction":[{"@type":"SearchAction","target":{"@type":"EntryPoint","urlTemplate":"https:\/\/dev.monti.lt\/?s={search_term_string}"},"query-input":"required name=search_term_string"}],"inLanguage":"en-US"},{"@type":"Organization","@id":"https:\/\/dev.monti.lt\/#organization","name":"Montessori \u017eaislai","url":"https:\/\/dev.monti.lt\/","logo":{"@type":"ImageObject","inLanguage":"en-US","@id":"https:\/\/dev.monti.lt\/#\/schema\/logo\/image\/","url":"https:\/\/dev.monti.lt\/wp-content\/uploads\/2022\/03\/montilogo-1.png","contentUrl":"https:\/\/dev.monti.lt\/wp-content\/uploads\/2022\/03\/montilogo-1.png","width":512,"height":512,"caption":"Montessori \u017eaislai"},"image":{"@id":"https:\/\/dev.monti.lt\/#\/schema\/logo\/image\/"}}]}},"_links":{"self":[{"href":"https:\/\/dev.monti.lt\/en\/wp-json\/wp\/v2\/product\/16951"}],"collection":[{"href":"https:\/\/dev.monti.lt\/en\/wp-json\/wp\/v2\/product"}],"about":[{"href":"https:\/\/dev.monti.lt\/en\/wp-json\/wp\/v2\/types\/product"}],"version-history":[{"count":1,"href":"https:\/\/dev.monti.lt\/en\/wp-json\/wp\/v2\/product\/16951\/revisions"}],"predecessor-version":[{"id":16960,"href":"https:\/\/dev.monti.lt\/en\/wp-json\/wp\/v2\/product\/16951\/revisions\/16960"}],"wp:featuredmedia":[{"embeddable":true,"href":"https:\/\/dev.monti.lt\/en\/wp-json\/wp\/v2\/media\/16952"}],"wp:attachment":[{"href":"https:\/\/dev.monti.lt\/en\/wp-json\/wp\/v2\/media?parent=16951"}],"wp:term":[{"taxonomy":"product_cat","embeddable":true,"href":"https:\/\/dev.monti.lt\/en\/wp-json\/wp\/v2\/product_cat?post=16951"},{"taxonomy":"product_tag","embeddable":true,"href":"https:\/\/dev.monti.lt\/en\/wp-json\/wp\/v2\/product_tag?post=16951"}],"curies":[{"name":"wp","href":"https:\/\/api.w.org\/{rel}","templated":true}]}}