{"id":16793,"date":"2023-08-21T11:18:28","date_gmt":"2023-08-21T11:18:28","guid":{"rendered":"https:\/\/dev.monti.lt\/?post_type=product&#038;p=16793"},"modified":"2024-10-08T09:59:25","modified_gmt":"2024-10-08T09:59:25","slug":"interaktyvus-krabas","status":"publish","type":"product","link":"https:\/\/dev.monti.lt\/en\/product\/interaktyvus-krabas\/","title":{"rendered":"Interaktyvus krabas"},"content":{"rendered":"<h1 class=\"wp-block-heading\"><strong>\u0160LIAU\u017dIANTIS KRABAS INTERAKTYVU SU GARSU<\/strong><\/h1><p>Ie\u0161kote \u017eaislo, kuris tur\u0117t\u0173 \u012ftakos tinkamam j\u016bs\u0173 ma\u017eylio vystymuisi?&nbsp;Galite baigti paie\u0161k\u0105!&nbsp;\u0160is ropojantis krabas tikrai atliks savo darb\u0105!<\/p><p>Bet k\u0105 i\u0161 tikr\u0173j\u0173 gali padaryti \u0161is raudonasis krabas?&nbsp;Jis gali greitai nuskaityti!&nbsp;Tai bus puikus i\u0161\u0161\u016bkis j\u016bs\u0173 vaikui neatsilikti nuo jo.&nbsp;Negana to, gyv\u016bno judesi\u0173 steb\u0117jimas bus fanati\u0161kas regos poj\u016b\u010dio lavinimas.<\/p><p>Nepaisant to, kad augintinis ropoja greitai, jums nereik\u0117s r\u016bpintis savo nam\u0173 sienomis ar baldais.&nbsp;Krabas yra pakankamai protingas, kad j\u0173 i\u0161vengs.&nbsp;\u0160i funkcija taip pat u\u017etikrina, kad augintinis nenutrauks linksmybi\u0173 atsitrenk\u0119s \u012f sof\u0105.&nbsp;Kai tik pajunta kli\u016bt\u012f, jis greitai pakeis tras\u0105 ir linksmyb\u0117s bus begalin\u0117s!<\/p><p>Raudonasis krabas ne tik \u0161liau\u017eioja, bet ir groja muzik\u0105 \u2013 tad \u017eaid\u017eiant bus skatinamas ir vaiko klausos poj\u016btis.<\/p><p>Visos krabo dalys yra suapvalintos, kad j\u016bs\u0173 k\u016bdikis b\u016bt\u0173 visi\u0161kai saugus \u017eaidimo metu.<\/p><p>Pagrindin\u0117s \u017eaislo funkcijos:<\/p><ul class=\"wp-block-list\"><li>\u0161liau\u017eioti&nbsp;<\/li>\n\n<li>Kli\u016b\u010di\u0173 i\u0161vengimas<\/li>\n\n<li>groja muzik\u0105<\/li>\n\n<li>Poj\u016b\u010di\u0173 stimuliavimas<\/li>\n\n<li>Skatinantis \u017eaisti<\/li><\/ul><p>Krabas maitinamas \u012fmontuota \u012fkraunama baterija, tod\u0117l linksmybi\u0173 tikrai bus be galo.&nbsp;Kai tik krabas pritr\u016bksta arba gra\u017eiau pad\u0117tas, pavargsta, tiesiog prijunkite j\u012f, kad \u012fkrautum\u0117te.&nbsp;O po kurio laiko, \u012fkrov\u0119s baterijas, jis v\u0117l spar\u010diai ropoja.<\/p><p>Med\u017eiagos, naudojamos krabui sukurti, yra auk\u0161\u010diausios kokyb\u0117s, kad j\u016bs\u0173 ma\u017eylis gal\u0117t\u0173 kuo ilgiau m\u0117gautis \u017eaidimu su krabu.<\/p><p>Turinys:<\/p><ul class=\"wp-block-list\"><li>Krabas<\/li>\n\n<li>kabelis<\/li><\/ul><p>Techniniai parametrai:<\/p><ul class=\"wp-block-list\"><li>Med\u017eiaga: plastikas<\/li>\n\n<li>Maitinimas: \u012fmontuota 3,7 V \u012fkraunama baterija<\/li>\n\n<li>Am\u017eius: 3+<\/li><\/ul><p>matmenys:<\/p><ul class=\"wp-block-list\"><li>Krabas: 24 cm x 12,5 cm x 10,5 cm<\/li>\n\n<li>USB laidas (ilgis): 53 cm<\/li>\n\n<li>Pakuot\u0117: 21,5 cm x 12,5 cm x 12,5 cm<\/li><\/ul><p>Produktas supakuotas esteti\u0161kai atrodan\u010dioje kartonin\u0117je d\u0117\u017eut\u0117je.<br><\/p>","protected":false},"excerpt":{"rendered":"<p>\u0160LIAU\u017dIANTIS KRABAS INTERAKTYVU SU GARSU Ie\u0161kote \u017eaislo, kuris tur\u0117t\u0173 \u012ftakos tinkamam j\u016bs\u0173 ma\u017eylio vystymuisi?&nbsp;Galite baigti paie\u0161k\u0105!&nbsp;\u0160is ropojantis krabas tikrai atliks savo darb\u0105! Bet k\u0105 i\u0161 tikr\u0173j\u0173 gali padaryti \u0161is raudonasis krabas?&nbsp;Jis gali greitai nuskaityti!&nbsp;Tai bus puikus i\u0161\u0161\u016bkis j\u016bs\u0173 vaikui neatsilikti nuo jo.&nbsp;Negana to, gyv\u016bno judesi\u0173 steb\u0117jimas bus fanati\u0161kas regos poj\u016b\u010dio lavinimas. Nepaisant to, kad augintinis [&hellip;]<\/p>","protected":false},"featured_media":16794,"template":"","meta":{"iawp_total_views":979},"product_cat":[82,84,90,93,49,39],"product_tag":[96,97,98],"class_list":{"0":"post-16793","1":"product","2":"type-product","3":"status-publish","4":"has-post-thumbnail","6":"product_cat-ispardavimas","7":"product_cat-lavinamieji-zaislai","8":"product_cat-pasaulio-pazinimas","9":"product_cat-vaidmenu-zaidimai","10":"product_cat-visi-zaislai","11":"product_cat-zaislai","12":"product_tag-2-m-3-m","13":"product_tag-3-m-4-m","14":"product_tag-5-m-7-m","16":"first","17":"instock","18":"sale","19":"taxable","20":"shipping-taxable","21":"purchasable","22":"product-type-simple"},"yoast_head":"<!-- This site is optimized with the Yoast SEO plugin v23.3 - https:\/\/yoast.com\/wordpress\/plugins\/seo\/ -->\n<title>Interaktyvus krabas - Montessori \u017eaislai<\/title>\n<meta name=\"robots\" content=\"noindex, follow, max-snippet:-1, max-image-preview:large, max-video-preview:-1\" \/>\n<meta property=\"og:locale\" content=\"en_US\" \/>\n<meta property=\"og:type\" content=\"article\" \/>\n<meta property=\"og:title\" content=\"Interaktyvus krabas - Montessori \u017eaislai\" \/>\n<meta property=\"og:description\" content=\"\u0160LIAU\u017dIANTIS KRABAS INTERAKTYVU SU GARSU Ie\u0161kote \u017eaislo, kuris tur\u0117t\u0173 \u012ftakos tinkamam j\u016bs\u0173 ma\u017eylio vystymuisi?&nbsp;Galite baigti paie\u0161k\u0105!&nbsp;\u0160is ropojantis krabas tikrai atliks savo darb\u0105! Bet k\u0105 i\u0161 tikr\u0173j\u0173 gali padaryti \u0161is raudonasis krabas?&nbsp;Jis gali greitai nuskaityti!&nbsp;Tai bus puikus i\u0161\u0161\u016bkis j\u016bs\u0173 vaikui neatsilikti nuo jo.&nbsp;Negana to, gyv\u016bno judesi\u0173 steb\u0117jimas bus fanati\u0161kas regos poj\u016b\u010dio lavinimas. Nepaisant to, kad augintinis [&hellip;]\" \/>\n<meta property=\"og:url\" content=\"https:\/\/dev.monti.lt\/en\/product\/interaktyvus-krabas\/\" \/>\n<meta property=\"og:site_name\" content=\"Montessori \u017eaislai\" \/>\n<meta property=\"article:modified_time\" content=\"2024-10-08T09:59:25+00:00\" \/>\n<meta property=\"og:image\" content=\"https:\/\/dev.monti.lt\/wp-content\/uploads\/2023\/08\/Krab-pelzajacy-interaktywny-z-dzwiekiem-zielony-134553.jpg\" \/>\n\t<meta property=\"og:image:width\" content=\"900\" \/>\n\t<meta property=\"og:image:height\" content=\"900\" \/>\n\t<meta property=\"og:image:type\" content=\"image\/jpeg\" \/>\n<meta name=\"twitter:card\" content=\"summary_large_image\" \/>\n<meta name=\"twitter:label1\" content=\"Est. reading time\" \/>\n\t<meta name=\"twitter:data1\" content=\"2 minutes\" \/>\n<script type=\"application\/ld+json\" class=\"yoast-schema-graph\">{\"@context\":\"https:\/\/schema.org\",\"@graph\":[{\"@type\":\"WebPage\",\"@id\":\"https:\/\/dev.monti.lt\/product\/interaktyvus-krabas\/\",\"url\":\"https:\/\/dev.monti.lt\/product\/interaktyvus-krabas\/\",\"name\":\"Interaktyvus krabas - Montessori \u017eaislai\",\"isPartOf\":{\"@id\":\"https:\/\/dev.monti.lt\/#website\"},\"primaryImageOfPage\":{\"@id\":\"https:\/\/dev.monti.lt\/product\/interaktyvus-krabas\/#primaryimage\"},\"image\":{\"@id\":\"https:\/\/dev.monti.lt\/product\/interaktyvus-krabas\/#primaryimage\"},\"thumbnailUrl\":\"https:\/\/dev.monti.lt\/wp-content\/uploads\/2023\/08\/Krab-pelzajacy-interaktywny-z-dzwiekiem-zielony-134553.jpg\",\"datePublished\":\"2023-08-21T11:18:28+00:00\",\"dateModified\":\"2024-10-08T09:59:25+00:00\",\"breadcrumb\":{\"@id\":\"https:\/\/dev.monti.lt\/product\/interaktyvus-krabas\/#breadcrumb\"},\"inLanguage\":\"en-US\",\"potentialAction\":[{\"@type\":\"ReadAction\",\"target\":[\"https:\/\/dev.monti.lt\/product\/interaktyvus-krabas\/\"]}]},{\"@type\":\"ImageObject\",\"inLanguage\":\"en-US\",\"@id\":\"https:\/\/dev.monti.lt\/product\/interaktyvus-krabas\/#primaryimage\",\"url\":\"https:\/\/dev.monti.lt\/wp-content\/uploads\/2023\/08\/Krab-pelzajacy-interaktywny-z-dzwiekiem-zielony-134553.jpg\",\"contentUrl\":\"https:\/\/dev.monti.lt\/wp-content\/uploads\/2023\/08\/Krab-pelzajacy-interaktywny-z-dzwiekiem-zielony-134553.jpg\",\"width\":900,\"height\":900},{\"@type\":\"BreadcrumbList\",\"@id\":\"https:\/\/dev.monti.lt\/product\/interaktyvus-krabas\/#breadcrumb\",\"itemListElement\":[{\"@type\":\"ListItem\",\"position\":1,\"name\":\"Home\",\"item\":\"https:\/\/dev.monti.lt\/\"},{\"@type\":\"ListItem\",\"position\":2,\"name\":\"Parduotuv\u0117\",\"item\":\"https:\/\/dev.monti.lt\/shop\/\"},{\"@type\":\"ListItem\",\"position\":3,\"name\":\"Interaktyvus krabas\"}]},{\"@type\":\"WebSite\",\"@id\":\"https:\/\/dev.monti.lt\/#website\",\"url\":\"https:\/\/dev.monti.lt\/\",\"name\":\"Montessori \u017eaislai\",\"description\":\"\",\"publisher\":{\"@id\":\"https:\/\/dev.monti.lt\/#organization\"},\"potentialAction\":[{\"@type\":\"SearchAction\",\"target\":{\"@type\":\"EntryPoint\",\"urlTemplate\":\"https:\/\/dev.monti.lt\/?s={search_term_string}\"},\"query-input\":\"required name=search_term_string\"}],\"inLanguage\":\"en-US\"},{\"@type\":\"Organization\",\"@id\":\"https:\/\/dev.monti.lt\/#organization\",\"name\":\"Montessori \u017eaislai\",\"url\":\"https:\/\/dev.monti.lt\/\",\"logo\":{\"@type\":\"ImageObject\",\"inLanguage\":\"en-US\",\"@id\":\"https:\/\/dev.monti.lt\/#\/schema\/logo\/image\/\",\"url\":\"https:\/\/dev.monti.lt\/wp-content\/uploads\/2022\/03\/montilogo-1.png\",\"contentUrl\":\"https:\/\/dev.monti.lt\/wp-content\/uploads\/2022\/03\/montilogo-1.png\",\"width\":512,\"height\":512,\"caption\":\"Montessori \u017eaislai\"},\"image\":{\"@id\":\"https:\/\/dev.monti.lt\/#\/schema\/logo\/image\/\"}}]}<\/script>\n<!-- \/ Yoast SEO plugin. -->","yoast_head_json":{"title":"Interaktyvus krabas - Montessori \u017eaislai","robots":{"index":"noindex","follow":"follow","max-snippet":"max-snippet:-1","max-image-preview":"max-image-preview:large","max-video-preview":"max-video-preview:-1"},"og_locale":"en_US","og_type":"article","og_title":"Interaktyvus krabas - Montessori \u017eaislai","og_description":"\u0160LIAU\u017dIANTIS KRABAS INTERAKTYVU SU GARSU Ie\u0161kote \u017eaislo, kuris tur\u0117t\u0173 \u012ftakos tinkamam j\u016bs\u0173 ma\u017eylio vystymuisi?&nbsp;Galite baigti paie\u0161k\u0105!&nbsp;\u0160is ropojantis krabas tikrai atliks savo darb\u0105! Bet k\u0105 i\u0161 tikr\u0173j\u0173 gali padaryti \u0161is raudonasis krabas?&nbsp;Jis gali greitai nuskaityti!&nbsp;Tai bus puikus i\u0161\u0161\u016bkis j\u016bs\u0173 vaikui neatsilikti nuo jo.&nbsp;Negana to, gyv\u016bno judesi\u0173 steb\u0117jimas bus fanati\u0161kas regos poj\u016b\u010dio lavinimas. Nepaisant to, kad augintinis [&hellip;]","og_url":"https:\/\/dev.monti.lt\/en\/product\/interaktyvus-krabas\/","og_site_name":"Montessori \u017eaislai","article_modified_time":"2024-10-08T09:59:25+00:00","og_image":[{"width":900,"height":900,"url":"https:\/\/dev.monti.lt\/wp-content\/uploads\/2023\/08\/Krab-pelzajacy-interaktywny-z-dzwiekiem-zielony-134553.jpg","type":"image\/jpeg"}],"twitter_card":"summary_large_image","twitter_misc":{"Est. reading time":"2 minutes"},"schema":{"@context":"https:\/\/schema.org","@graph":[{"@type":"WebPage","@id":"https:\/\/dev.monti.lt\/product\/interaktyvus-krabas\/","url":"https:\/\/dev.monti.lt\/product\/interaktyvus-krabas\/","name":"Interaktyvus krabas - Montessori \u017eaislai","isPartOf":{"@id":"https:\/\/dev.monti.lt\/#website"},"primaryImageOfPage":{"@id":"https:\/\/dev.monti.lt\/product\/interaktyvus-krabas\/#primaryimage"},"image":{"@id":"https:\/\/dev.monti.lt\/product\/interaktyvus-krabas\/#primaryimage"},"thumbnailUrl":"https:\/\/dev.monti.lt\/wp-content\/uploads\/2023\/08\/Krab-pelzajacy-interaktywny-z-dzwiekiem-zielony-134553.jpg","datePublished":"2023-08-21T11:18:28+00:00","dateModified":"2024-10-08T09:59:25+00:00","breadcrumb":{"@id":"https:\/\/dev.monti.lt\/product\/interaktyvus-krabas\/#breadcrumb"},"inLanguage":"en-US","potentialAction":[{"@type":"ReadAction","target":["https:\/\/dev.monti.lt\/product\/interaktyvus-krabas\/"]}]},{"@type":"ImageObject","inLanguage":"en-US","@id":"https:\/\/dev.monti.lt\/product\/interaktyvus-krabas\/#primaryimage","url":"https:\/\/dev.monti.lt\/wp-content\/uploads\/2023\/08\/Krab-pelzajacy-interaktywny-z-dzwiekiem-zielony-134553.jpg","contentUrl":"https:\/\/dev.monti.lt\/wp-content\/uploads\/2023\/08\/Krab-pelzajacy-interaktywny-z-dzwiekiem-zielony-134553.jpg","width":900,"height":900},{"@type":"BreadcrumbList","@id":"https:\/\/dev.monti.lt\/product\/interaktyvus-krabas\/#breadcrumb","itemListElement":[{"@type":"ListItem","position":1,"name":"Home","item":"https:\/\/dev.monti.lt\/"},{"@type":"ListItem","position":2,"name":"Parduotuv\u0117","item":"https:\/\/dev.monti.lt\/shop\/"},{"@type":"ListItem","position":3,"name":"Interaktyvus krabas"}]},{"@type":"WebSite","@id":"https:\/\/dev.monti.lt\/#website","url":"https:\/\/dev.monti.lt\/","name":"Montessori \u017eaislai","description":"","publisher":{"@id":"https:\/\/dev.monti.lt\/#organization"},"potentialAction":[{"@type":"SearchAction","target":{"@type":"EntryPoint","urlTemplate":"https:\/\/dev.monti.lt\/?s={search_term_string}"},"query-input":"required name=search_term_string"}],"inLanguage":"en-US"},{"@type":"Organization","@id":"https:\/\/dev.monti.lt\/#organization","name":"Montessori \u017eaislai","url":"https:\/\/dev.monti.lt\/","logo":{"@type":"ImageObject","inLanguage":"en-US","@id":"https:\/\/dev.monti.lt\/#\/schema\/logo\/image\/","url":"https:\/\/dev.monti.lt\/wp-content\/uploads\/2022\/03\/montilogo-1.png","contentUrl":"https:\/\/dev.monti.lt\/wp-content\/uploads\/2022\/03\/montilogo-1.png","width":512,"height":512,"caption":"Montessori \u017eaislai"},"image":{"@id":"https:\/\/dev.monti.lt\/#\/schema\/logo\/image\/"}}]}},"_links":{"self":[{"href":"https:\/\/dev.monti.lt\/en\/wp-json\/wp\/v2\/product\/16793"}],"collection":[{"href":"https:\/\/dev.monti.lt\/en\/wp-json\/wp\/v2\/product"}],"about":[{"href":"https:\/\/dev.monti.lt\/en\/wp-json\/wp\/v2\/types\/product"}],"version-history":[{"count":1,"href":"https:\/\/dev.monti.lt\/en\/wp-json\/wp\/v2\/product\/16793\/revisions"}],"predecessor-version":[{"id":16799,"href":"https:\/\/dev.monti.lt\/en\/wp-json\/wp\/v2\/product\/16793\/revisions\/16799"}],"wp:featuredmedia":[{"embeddable":true,"href":"https:\/\/dev.monti.lt\/en\/wp-json\/wp\/v2\/media\/16794"}],"wp:attachment":[{"href":"https:\/\/dev.monti.lt\/en\/wp-json\/wp\/v2\/media?parent=16793"}],"wp:term":[{"taxonomy":"product_cat","embeddable":true,"href":"https:\/\/dev.monti.lt\/en\/wp-json\/wp\/v2\/product_cat?post=16793"},{"taxonomy":"product_tag","embeddable":true,"href":"https:\/\/dev.monti.lt\/en\/wp-json\/wp\/v2\/product_tag?post=16793"}],"curies":[{"name":"wp","href":"https:\/\/api.w.org\/{rel}","templated":true}]}}