{"id":16785,"date":"2023-08-21T11:15:35","date_gmt":"2023-08-21T11:15:35","guid":{"rendered":"https:\/\/dev.monti.lt\/?post_type=product&#038;p=16785"},"modified":"2024-10-02T18:41:21","modified_gmt":"2024-10-02T18:41:21","slug":"sensorinis-bokstas","status":"publish","type":"product","link":"https:\/\/dev.monti.lt\/en\/product\/sensorinis-bokstas\/","title":{"rendered":"Sensorinis bok\u0161tas"},"content":{"rendered":"<p>Technin\u0117s specifikacijos:<\/p><ul class=\"wp-block-list\"><li>Med\u017eiaga: plastikas<\/li>\n\n<li>Vienet\u0173 skai\u010dius: 6<\/li>\n\n<li>Am\u017eius: 18m+<\/li><\/ul><p>matmenys:<\/p><ul class=\"wp-block-list\"><li>Bloko pavyzdys: 7cm x 7cm x 7cm<\/li>\n\n<li>Bok\u0161to pavyzdys: 8 cm x 8 cm x 14,5 cm<\/li>\n\n<li>Pakuot\u0117: 14cm x 14cm x 9cm<\/li><\/ul><p>Produktas supakuotas \u012f kartonin\u0119 d\u0117\u017eut\u0119.<\/p>","protected":false},"excerpt":{"rendered":"<p>Technin\u0117s specifikacijos: matmenys: Produktas supakuotas \u012f kartonin\u0119 d\u0117\u017eut\u0119.<\/p>","protected":false},"featured_media":16786,"template":"","meta":{"iawp_total_views":82},"product_cat":[92,84,91,88,83,90,86,49,39],"product_tag":[95,96,94],"class_list":{"0":"post-16785","1":"product","2":"type-product","3":"status-publish","4":"has-post-thumbnail","6":"product_cat-deliones","7":"product_cat-lavinamieji-zaislai","8":"product_cat-loginiam-mastymui","9":"product_cat-mokausi-zaisti","10":"product_cat-montessori-zaislai","11":"product_cat-pasaulio-pazinimas","12":"product_cat-smulkioji-motorika","13":"product_cat-visi-zaislai","14":"product_cat-zaislai","15":"product_tag-1-m-2-m","16":"product_tag-2-m-3-m","17":"product_tag-iki-1-m","19":"first","20":"instock","21":"sale","22":"taxable","23":"shipping-taxable","24":"purchasable","25":"product-type-simple"},"yoast_head":"<!-- This site is optimized with the Yoast SEO plugin v23.3 - https:\/\/yoast.com\/wordpress\/plugins\/seo\/ -->\n<title>Sensorinis bok\u0161tas - Montessori \u017eaislai<\/title>\n<meta name=\"robots\" content=\"noindex, follow, max-snippet:-1, max-image-preview:large, max-video-preview:-1\" \/>\n<meta property=\"og:locale\" content=\"en_US\" \/>\n<meta property=\"og:type\" content=\"article\" \/>\n<meta property=\"og:title\" content=\"Sensorinis bok\u0161tas - Montessori \u017eaislai\" \/>\n<meta property=\"og:description\" content=\"Technin\u0117s specifikacijos: matmenys: Produktas supakuotas \u012f kartonin\u0119 d\u0117\u017eut\u0119.\" \/>\n<meta property=\"og:url\" content=\"https:\/\/dev.monti.lt\/en\/product\/sensorinis-bokstas\/\" \/>\n<meta property=\"og:site_name\" content=\"Montessori \u017eaislai\" \/>\n<meta property=\"article:modified_time\" content=\"2024-10-02T18:41:21+00:00\" \/>\n<meta property=\"og:image\" content=\"https:\/\/dev.monti.lt\/wp-content\/uploads\/2023\/08\/Wieza-edukacyjna-piramida-sensoryczna-z-kuleczkami-Montessori-135341.jpg\" \/>\n\t<meta property=\"og:image:width\" content=\"1024\" \/>\n\t<meta property=\"og:image:height\" content=\"1024\" \/>\n\t<meta property=\"og:image:type\" content=\"image\/jpeg\" \/>\n<meta name=\"twitter:card\" content=\"summary_large_image\" \/>\n<meta name=\"twitter:label1\" content=\"Est. reading time\" \/>\n\t<meta name=\"twitter:data1\" content=\"1 minute\" \/>\n<script type=\"application\/ld+json\" class=\"yoast-schema-graph\">{\"@context\":\"https:\/\/schema.org\",\"@graph\":[{\"@type\":\"WebPage\",\"@id\":\"https:\/\/dev.monti.lt\/product\/sensorinis-bokstas\/\",\"url\":\"https:\/\/dev.monti.lt\/product\/sensorinis-bokstas\/\",\"name\":\"Sensorinis bok\u0161tas - Montessori \u017eaislai\",\"isPartOf\":{\"@id\":\"https:\/\/dev.monti.lt\/#website\"},\"primaryImageOfPage\":{\"@id\":\"https:\/\/dev.monti.lt\/product\/sensorinis-bokstas\/#primaryimage\"},\"image\":{\"@id\":\"https:\/\/dev.monti.lt\/product\/sensorinis-bokstas\/#primaryimage\"},\"thumbnailUrl\":\"https:\/\/dev.monti.lt\/wp-content\/uploads\/2023\/08\/Wieza-edukacyjna-piramida-sensoryczna-z-kuleczkami-Montessori-135341.jpg\",\"datePublished\":\"2023-08-21T11:15:35+00:00\",\"dateModified\":\"2024-10-02T18:41:21+00:00\",\"breadcrumb\":{\"@id\":\"https:\/\/dev.monti.lt\/product\/sensorinis-bokstas\/#breadcrumb\"},\"inLanguage\":\"en-US\",\"potentialAction\":[{\"@type\":\"ReadAction\",\"target\":[\"https:\/\/dev.monti.lt\/product\/sensorinis-bokstas\/\"]}]},{\"@type\":\"ImageObject\",\"inLanguage\":\"en-US\",\"@id\":\"https:\/\/dev.monti.lt\/product\/sensorinis-bokstas\/#primaryimage\",\"url\":\"https:\/\/dev.monti.lt\/wp-content\/uploads\/2023\/08\/Wieza-edukacyjna-piramida-sensoryczna-z-kuleczkami-Montessori-135341.jpg\",\"contentUrl\":\"https:\/\/dev.monti.lt\/wp-content\/uploads\/2023\/08\/Wieza-edukacyjna-piramida-sensoryczna-z-kuleczkami-Montessori-135341.jpg\",\"width\":1024,\"height\":1024,\"caption\":\"sensorinis bokstas\"},{\"@type\":\"BreadcrumbList\",\"@id\":\"https:\/\/dev.monti.lt\/product\/sensorinis-bokstas\/#breadcrumb\",\"itemListElement\":[{\"@type\":\"ListItem\",\"position\":1,\"name\":\"Home\",\"item\":\"https:\/\/dev.monti.lt\/\"},{\"@type\":\"ListItem\",\"position\":2,\"name\":\"Parduotuv\u0117\",\"item\":\"https:\/\/dev.monti.lt\/shop\/\"},{\"@type\":\"ListItem\",\"position\":3,\"name\":\"Sensorinis bok\u0161tas\"}]},{\"@type\":\"WebSite\",\"@id\":\"https:\/\/dev.monti.lt\/#website\",\"url\":\"https:\/\/dev.monti.lt\/\",\"name\":\"Montessori \u017eaislai\",\"description\":\"\",\"publisher\":{\"@id\":\"https:\/\/dev.monti.lt\/#organization\"},\"potentialAction\":[{\"@type\":\"SearchAction\",\"target\":{\"@type\":\"EntryPoint\",\"urlTemplate\":\"https:\/\/dev.monti.lt\/?s={search_term_string}\"},\"query-input\":\"required name=search_term_string\"}],\"inLanguage\":\"en-US\"},{\"@type\":\"Organization\",\"@id\":\"https:\/\/dev.monti.lt\/#organization\",\"name\":\"Montessori \u017eaislai\",\"url\":\"https:\/\/dev.monti.lt\/\",\"logo\":{\"@type\":\"ImageObject\",\"inLanguage\":\"en-US\",\"@id\":\"https:\/\/dev.monti.lt\/#\/schema\/logo\/image\/\",\"url\":\"https:\/\/dev.monti.lt\/wp-content\/uploads\/2022\/03\/montilogo-1.png\",\"contentUrl\":\"https:\/\/dev.monti.lt\/wp-content\/uploads\/2022\/03\/montilogo-1.png\",\"width\":512,\"height\":512,\"caption\":\"Montessori \u017eaislai\"},\"image\":{\"@id\":\"https:\/\/dev.monti.lt\/#\/schema\/logo\/image\/\"}}]}<\/script>\n<!-- \/ Yoast SEO plugin. -->","yoast_head_json":{"title":"Sensorinis bok\u0161tas - Montessori \u017eaislai","robots":{"index":"noindex","follow":"follow","max-snippet":"max-snippet:-1","max-image-preview":"max-image-preview:large","max-video-preview":"max-video-preview:-1"},"og_locale":"en_US","og_type":"article","og_title":"Sensorinis bok\u0161tas - Montessori \u017eaislai","og_description":"Technin\u0117s specifikacijos: matmenys: Produktas supakuotas \u012f kartonin\u0119 d\u0117\u017eut\u0119.","og_url":"https:\/\/dev.monti.lt\/en\/product\/sensorinis-bokstas\/","og_site_name":"Montessori \u017eaislai","article_modified_time":"2024-10-02T18:41:21+00:00","og_image":[{"width":1024,"height":1024,"url":"https:\/\/dev.monti.lt\/wp-content\/uploads\/2023\/08\/Wieza-edukacyjna-piramida-sensoryczna-z-kuleczkami-Montessori-135341.jpg","type":"image\/jpeg"}],"twitter_card":"summary_large_image","twitter_misc":{"Est. reading time":"1 minute"},"schema":{"@context":"https:\/\/schema.org","@graph":[{"@type":"WebPage","@id":"https:\/\/dev.monti.lt\/product\/sensorinis-bokstas\/","url":"https:\/\/dev.monti.lt\/product\/sensorinis-bokstas\/","name":"Sensorinis bok\u0161tas - Montessori \u017eaislai","isPartOf":{"@id":"https:\/\/dev.monti.lt\/#website"},"primaryImageOfPage":{"@id":"https:\/\/dev.monti.lt\/product\/sensorinis-bokstas\/#primaryimage"},"image":{"@id":"https:\/\/dev.monti.lt\/product\/sensorinis-bokstas\/#primaryimage"},"thumbnailUrl":"https:\/\/dev.monti.lt\/wp-content\/uploads\/2023\/08\/Wieza-edukacyjna-piramida-sensoryczna-z-kuleczkami-Montessori-135341.jpg","datePublished":"2023-08-21T11:15:35+00:00","dateModified":"2024-10-02T18:41:21+00:00","breadcrumb":{"@id":"https:\/\/dev.monti.lt\/product\/sensorinis-bokstas\/#breadcrumb"},"inLanguage":"en-US","potentialAction":[{"@type":"ReadAction","target":["https:\/\/dev.monti.lt\/product\/sensorinis-bokstas\/"]}]},{"@type":"ImageObject","inLanguage":"en-US","@id":"https:\/\/dev.monti.lt\/product\/sensorinis-bokstas\/#primaryimage","url":"https:\/\/dev.monti.lt\/wp-content\/uploads\/2023\/08\/Wieza-edukacyjna-piramida-sensoryczna-z-kuleczkami-Montessori-135341.jpg","contentUrl":"https:\/\/dev.monti.lt\/wp-content\/uploads\/2023\/08\/Wieza-edukacyjna-piramida-sensoryczna-z-kuleczkami-Montessori-135341.jpg","width":1024,"height":1024,"caption":"sensorinis bokstas"},{"@type":"BreadcrumbList","@id":"https:\/\/dev.monti.lt\/product\/sensorinis-bokstas\/#breadcrumb","itemListElement":[{"@type":"ListItem","position":1,"name":"Home","item":"https:\/\/dev.monti.lt\/"},{"@type":"ListItem","position":2,"name":"Parduotuv\u0117","item":"https:\/\/dev.monti.lt\/shop\/"},{"@type":"ListItem","position":3,"name":"Sensorinis bok\u0161tas"}]},{"@type":"WebSite","@id":"https:\/\/dev.monti.lt\/#website","url":"https:\/\/dev.monti.lt\/","name":"Montessori \u017eaislai","description":"","publisher":{"@id":"https:\/\/dev.monti.lt\/#organization"},"potentialAction":[{"@type":"SearchAction","target":{"@type":"EntryPoint","urlTemplate":"https:\/\/dev.monti.lt\/?s={search_term_string}"},"query-input":"required name=search_term_string"}],"inLanguage":"en-US"},{"@type":"Organization","@id":"https:\/\/dev.monti.lt\/#organization","name":"Montessori \u017eaislai","url":"https:\/\/dev.monti.lt\/","logo":{"@type":"ImageObject","inLanguage":"en-US","@id":"https:\/\/dev.monti.lt\/#\/schema\/logo\/image\/","url":"https:\/\/dev.monti.lt\/wp-content\/uploads\/2022\/03\/montilogo-1.png","contentUrl":"https:\/\/dev.monti.lt\/wp-content\/uploads\/2022\/03\/montilogo-1.png","width":512,"height":512,"caption":"Montessori \u017eaislai"},"image":{"@id":"https:\/\/dev.monti.lt\/#\/schema\/logo\/image\/"}}]}},"_links":{"self":[{"href":"https:\/\/dev.monti.lt\/en\/wp-json\/wp\/v2\/product\/16785"}],"collection":[{"href":"https:\/\/dev.monti.lt\/en\/wp-json\/wp\/v2\/product"}],"about":[{"href":"https:\/\/dev.monti.lt\/en\/wp-json\/wp\/v2\/types\/product"}],"version-history":[{"count":2,"href":"https:\/\/dev.monti.lt\/en\/wp-json\/wp\/v2\/product\/16785\/revisions"}],"predecessor-version":[{"id":16792,"href":"https:\/\/dev.monti.lt\/en\/wp-json\/wp\/v2\/product\/16785\/revisions\/16792"}],"wp:featuredmedia":[{"embeddable":true,"href":"https:\/\/dev.monti.lt\/en\/wp-json\/wp\/v2\/media\/16786"}],"wp:attachment":[{"href":"https:\/\/dev.monti.lt\/en\/wp-json\/wp\/v2\/media?parent=16785"}],"wp:term":[{"taxonomy":"product_cat","embeddable":true,"href":"https:\/\/dev.monti.lt\/en\/wp-json\/wp\/v2\/product_cat?post=16785"},{"taxonomy":"product_tag","embeddable":true,"href":"https:\/\/dev.monti.lt\/en\/wp-json\/wp\/v2\/product_tag?post=16785"}],"curies":[{"name":"wp","href":"https:\/\/api.w.org\/{rel}","templated":true}]}}