{"id":16778,"date":"2023-08-21T10:52:25","date_gmt":"2023-08-21T10:52:25","guid":{"rendered":"https:\/\/dev.monti.lt\/?post_type=product&#038;p=16778"},"modified":"2024-10-08T13:39:04","modified_gmt":"2024-10-08T13:39:04","slug":"sensoriniai-kamuoliukai-kudikiams","status":"publish","type":"product","link":"https:\/\/dev.monti.lt\/en\/product\/sensoriniai-kamuoliukai-kudikiams\/","title":{"rendered":"Sensoriniai kamuoliukai k\u016bdikiams"},"content":{"rendered":"<p><strong>Med\u017eiaga:<\/strong>&nbsp;guma<\/p><p><strong>Rutulio<\/strong>&nbsp;apimtis :&nbsp;apie 20 cm<\/p><p><strong>Pakuot\u0117s matmenys:<\/strong>&nbsp;7,5cm x 6cm<\/p>","protected":false},"excerpt":{"rendered":"<p>Med\u017eiaga:&nbsp;guma Rutulio&nbsp;apimtis :&nbsp;apie 20 cm Pakuot\u0117s matmenys:&nbsp;7,5cm x 6cm<\/p>","protected":false},"featured_media":16781,"template":"","meta":{"iawp_total_views":123},"product_cat":[84,90,49,39],"product_tag":[95,94],"class_list":{"0":"post-16778","1":"product","2":"type-product","3":"status-publish","4":"has-post-thumbnail","6":"product_cat-lavinamieji-zaislai","7":"product_cat-pasaulio-pazinimas","8":"product_cat-visi-zaislai","9":"product_cat-zaislai","10":"product_tag-1-m-2-m","11":"product_tag-iki-1-m","13":"first","14":"instock","15":"taxable","16":"shipping-taxable","17":"purchasable","18":"product-type-simple"},"yoast_head":"<!-- This site is optimized with the Yoast SEO plugin v23.3 - https:\/\/yoast.com\/wordpress\/plugins\/seo\/ -->\n<title>Sensoriniai kamuoliukai k\u016bdikiams - Montessori \u017eaislai<\/title>\n<meta name=\"robots\" content=\"noindex, follow, max-snippet:-1, max-image-preview:large, max-video-preview:-1\" \/>\n<meta property=\"og:locale\" content=\"en_US\" \/>\n<meta property=\"og:type\" content=\"article\" \/>\n<meta property=\"og:title\" content=\"Sensoriniai kamuoliukai k\u016bdikiams - Montessori \u017eaislai\" \/>\n<meta property=\"og:description\" content=\"Med\u017eiaga:&nbsp;guma Rutulio&nbsp;apimtis :&nbsp;apie 20 cm Pakuot\u0117s matmenys:&nbsp;7,5cm x 6cm\" \/>\n<meta property=\"og:url\" content=\"https:\/\/dev.monti.lt\/en\/product\/sensoriniai-kamuoliukai-kudikiams\/\" \/>\n<meta property=\"og:site_name\" content=\"Montessori \u017eaislai\" \/>\n<meta property=\"article:modified_time\" content=\"2024-10-08T13:39:04+00:00\" \/>\n<meta property=\"og:image\" content=\"https:\/\/dev.monti.lt\/wp-content\/uploads\/2023\/08\/Pilki-zabawki-sensoryczne-korekcyjne-zestaw-w-siatce-132021.jpg\" \/>\n\t<meta property=\"og:image:width\" content=\"1250\" \/>\n\t<meta property=\"og:image:height\" content=\"1250\" \/>\n\t<meta property=\"og:image:type\" content=\"image\/jpeg\" \/>\n<meta name=\"twitter:card\" content=\"summary_large_image\" \/>\n<meta name=\"twitter:label1\" content=\"Est. reading time\" \/>\n\t<meta name=\"twitter:data1\" content=\"1 minute\" \/>\n<script type=\"application\/ld+json\" class=\"yoast-schema-graph\">{\"@context\":\"https:\/\/schema.org\",\"@graph\":[{\"@type\":\"WebPage\",\"@id\":\"https:\/\/dev.monti.lt\/product\/sensoriniai-kamuoliukai-kudikiams\/\",\"url\":\"https:\/\/dev.monti.lt\/product\/sensoriniai-kamuoliukai-kudikiams\/\",\"name\":\"Sensoriniai kamuoliukai k\u016bdikiams - Montessori \u017eaislai\",\"isPartOf\":{\"@id\":\"https:\/\/dev.monti.lt\/#website\"},\"primaryImageOfPage\":{\"@id\":\"https:\/\/dev.monti.lt\/product\/sensoriniai-kamuoliukai-kudikiams\/#primaryimage\"},\"image\":{\"@id\":\"https:\/\/dev.monti.lt\/product\/sensoriniai-kamuoliukai-kudikiams\/#primaryimage\"},\"thumbnailUrl\":\"https:\/\/dev.monti.lt\/wp-content\/uploads\/2023\/08\/Pilki-zabawki-sensoryczne-korekcyjne-zestaw-w-siatce-132021.jpg\",\"datePublished\":\"2023-08-21T10:52:25+00:00\",\"dateModified\":\"2024-10-08T13:39:04+00:00\",\"breadcrumb\":{\"@id\":\"https:\/\/dev.monti.lt\/product\/sensoriniai-kamuoliukai-kudikiams\/#breadcrumb\"},\"inLanguage\":\"en-US\",\"potentialAction\":[{\"@type\":\"ReadAction\",\"target\":[\"https:\/\/dev.monti.lt\/product\/sensoriniai-kamuoliukai-kudikiams\/\"]}]},{\"@type\":\"ImageObject\",\"inLanguage\":\"en-US\",\"@id\":\"https:\/\/dev.monti.lt\/product\/sensoriniai-kamuoliukai-kudikiams\/#primaryimage\",\"url\":\"https:\/\/dev.monti.lt\/wp-content\/uploads\/2023\/08\/Pilki-zabawki-sensoryczne-korekcyjne-zestaw-w-siatce-132021.jpg\",\"contentUrl\":\"https:\/\/dev.monti.lt\/wp-content\/uploads\/2023\/08\/Pilki-zabawki-sensoryczne-korekcyjne-zestaw-w-siatce-132021.jpg\",\"width\":1250,\"height\":1250,\"caption\":\"sensoriniai kamuoliukai\"},{\"@type\":\"BreadcrumbList\",\"@id\":\"https:\/\/dev.monti.lt\/product\/sensoriniai-kamuoliukai-kudikiams\/#breadcrumb\",\"itemListElement\":[{\"@type\":\"ListItem\",\"position\":1,\"name\":\"Home\",\"item\":\"https:\/\/dev.monti.lt\/\"},{\"@type\":\"ListItem\",\"position\":2,\"name\":\"Parduotuv\u0117\",\"item\":\"https:\/\/dev.monti.lt\/shop\/\"},{\"@type\":\"ListItem\",\"position\":3,\"name\":\"Sensoriniai kamuoliukai k\u016bdikiams\"}]},{\"@type\":\"WebSite\",\"@id\":\"https:\/\/dev.monti.lt\/#website\",\"url\":\"https:\/\/dev.monti.lt\/\",\"name\":\"Montessori \u017eaislai\",\"description\":\"\",\"publisher\":{\"@id\":\"https:\/\/dev.monti.lt\/#organization\"},\"potentialAction\":[{\"@type\":\"SearchAction\",\"target\":{\"@type\":\"EntryPoint\",\"urlTemplate\":\"https:\/\/dev.monti.lt\/?s={search_term_string}\"},\"query-input\":\"required name=search_term_string\"}],\"inLanguage\":\"en-US\"},{\"@type\":\"Organization\",\"@id\":\"https:\/\/dev.monti.lt\/#organization\",\"name\":\"Montessori \u017eaislai\",\"url\":\"https:\/\/dev.monti.lt\/\",\"logo\":{\"@type\":\"ImageObject\",\"inLanguage\":\"en-US\",\"@id\":\"https:\/\/dev.monti.lt\/#\/schema\/logo\/image\/\",\"url\":\"https:\/\/dev.monti.lt\/wp-content\/uploads\/2022\/03\/montilogo-1.png\",\"contentUrl\":\"https:\/\/dev.monti.lt\/wp-content\/uploads\/2022\/03\/montilogo-1.png\",\"width\":512,\"height\":512,\"caption\":\"Montessori \u017eaislai\"},\"image\":{\"@id\":\"https:\/\/dev.monti.lt\/#\/schema\/logo\/image\/\"}}]}<\/script>\n<!-- \/ Yoast SEO plugin. -->","yoast_head_json":{"title":"Sensoriniai kamuoliukai k\u016bdikiams - Montessori \u017eaislai","robots":{"index":"noindex","follow":"follow","max-snippet":"max-snippet:-1","max-image-preview":"max-image-preview:large","max-video-preview":"max-video-preview:-1"},"og_locale":"en_US","og_type":"article","og_title":"Sensoriniai kamuoliukai k\u016bdikiams - Montessori \u017eaislai","og_description":"Med\u017eiaga:&nbsp;guma Rutulio&nbsp;apimtis :&nbsp;apie 20 cm Pakuot\u0117s matmenys:&nbsp;7,5cm x 6cm","og_url":"https:\/\/dev.monti.lt\/en\/product\/sensoriniai-kamuoliukai-kudikiams\/","og_site_name":"Montessori \u017eaislai","article_modified_time":"2024-10-08T13:39:04+00:00","og_image":[{"width":1250,"height":1250,"url":"https:\/\/dev.monti.lt\/wp-content\/uploads\/2023\/08\/Pilki-zabawki-sensoryczne-korekcyjne-zestaw-w-siatce-132021.jpg","type":"image\/jpeg"}],"twitter_card":"summary_large_image","twitter_misc":{"Est. reading time":"1 minute"},"schema":{"@context":"https:\/\/schema.org","@graph":[{"@type":"WebPage","@id":"https:\/\/dev.monti.lt\/product\/sensoriniai-kamuoliukai-kudikiams\/","url":"https:\/\/dev.monti.lt\/product\/sensoriniai-kamuoliukai-kudikiams\/","name":"Sensoriniai kamuoliukai k\u016bdikiams - Montessori \u017eaislai","isPartOf":{"@id":"https:\/\/dev.monti.lt\/#website"},"primaryImageOfPage":{"@id":"https:\/\/dev.monti.lt\/product\/sensoriniai-kamuoliukai-kudikiams\/#primaryimage"},"image":{"@id":"https:\/\/dev.monti.lt\/product\/sensoriniai-kamuoliukai-kudikiams\/#primaryimage"},"thumbnailUrl":"https:\/\/dev.monti.lt\/wp-content\/uploads\/2023\/08\/Pilki-zabawki-sensoryczne-korekcyjne-zestaw-w-siatce-132021.jpg","datePublished":"2023-08-21T10:52:25+00:00","dateModified":"2024-10-08T13:39:04+00:00","breadcrumb":{"@id":"https:\/\/dev.monti.lt\/product\/sensoriniai-kamuoliukai-kudikiams\/#breadcrumb"},"inLanguage":"en-US","potentialAction":[{"@type":"ReadAction","target":["https:\/\/dev.monti.lt\/product\/sensoriniai-kamuoliukai-kudikiams\/"]}]},{"@type":"ImageObject","inLanguage":"en-US","@id":"https:\/\/dev.monti.lt\/product\/sensoriniai-kamuoliukai-kudikiams\/#primaryimage","url":"https:\/\/dev.monti.lt\/wp-content\/uploads\/2023\/08\/Pilki-zabawki-sensoryczne-korekcyjne-zestaw-w-siatce-132021.jpg","contentUrl":"https:\/\/dev.monti.lt\/wp-content\/uploads\/2023\/08\/Pilki-zabawki-sensoryczne-korekcyjne-zestaw-w-siatce-132021.jpg","width":1250,"height":1250,"caption":"sensoriniai kamuoliukai"},{"@type":"BreadcrumbList","@id":"https:\/\/dev.monti.lt\/product\/sensoriniai-kamuoliukai-kudikiams\/#breadcrumb","itemListElement":[{"@type":"ListItem","position":1,"name":"Home","item":"https:\/\/dev.monti.lt\/"},{"@type":"ListItem","position":2,"name":"Parduotuv\u0117","item":"https:\/\/dev.monti.lt\/shop\/"},{"@type":"ListItem","position":3,"name":"Sensoriniai kamuoliukai k\u016bdikiams"}]},{"@type":"WebSite","@id":"https:\/\/dev.monti.lt\/#website","url":"https:\/\/dev.monti.lt\/","name":"Montessori \u017eaislai","description":"","publisher":{"@id":"https:\/\/dev.monti.lt\/#organization"},"potentialAction":[{"@type":"SearchAction","target":{"@type":"EntryPoint","urlTemplate":"https:\/\/dev.monti.lt\/?s={search_term_string}"},"query-input":"required name=search_term_string"}],"inLanguage":"en-US"},{"@type":"Organization","@id":"https:\/\/dev.monti.lt\/#organization","name":"Montessori \u017eaislai","url":"https:\/\/dev.monti.lt\/","logo":{"@type":"ImageObject","inLanguage":"en-US","@id":"https:\/\/dev.monti.lt\/#\/schema\/logo\/image\/","url":"https:\/\/dev.monti.lt\/wp-content\/uploads\/2022\/03\/montilogo-1.png","contentUrl":"https:\/\/dev.monti.lt\/wp-content\/uploads\/2022\/03\/montilogo-1.png","width":512,"height":512,"caption":"Montessori \u017eaislai"},"image":{"@id":"https:\/\/dev.monti.lt\/#\/schema\/logo\/image\/"}}]}},"_links":{"self":[{"href":"https:\/\/dev.monti.lt\/en\/wp-json\/wp\/v2\/product\/16778"}],"collection":[{"href":"https:\/\/dev.monti.lt\/en\/wp-json\/wp\/v2\/product"}],"about":[{"href":"https:\/\/dev.monti.lt\/en\/wp-json\/wp\/v2\/types\/product"}],"version-history":[{"count":1,"href":"https:\/\/dev.monti.lt\/en\/wp-json\/wp\/v2\/product\/16778\/revisions"}],"predecessor-version":[{"id":16779,"href":"https:\/\/dev.monti.lt\/en\/wp-json\/wp\/v2\/product\/16778\/revisions\/16779"}],"wp:featuredmedia":[{"embeddable":true,"href":"https:\/\/dev.monti.lt\/en\/wp-json\/wp\/v2\/media\/16781"}],"wp:attachment":[{"href":"https:\/\/dev.monti.lt\/en\/wp-json\/wp\/v2\/media?parent=16778"}],"wp:term":[{"taxonomy":"product_cat","embeddable":true,"href":"https:\/\/dev.monti.lt\/en\/wp-json\/wp\/v2\/product_cat?post=16778"},{"taxonomy":"product_tag","embeddable":true,"href":"https:\/\/dev.monti.lt\/en\/wp-json\/wp\/v2\/product_tag?post=16778"}],"curies":[{"name":"wp","href":"https:\/\/api.w.org\/{rel}","templated":true}]}}