{"id":16423,"date":"2023-07-31T10:44:55","date_gmt":"2023-07-31T10:44:55","guid":{"rendered":"https:\/\/dev.monti.lt\/?post_type=product&#038;p=16423"},"modified":"2024-09-24T09:17:15","modified_gmt":"2024-09-24T09:17:15","slug":"minkstas-kilimelis-vaikams-tigras-gatve","status":"publish","type":"product","link":"https:\/\/dev.monti.lt\/en\/product\/minkstas-kilimelis-vaikams-tigras-gatve\/","title":{"rendered":"Mink\u0161tas kilim\u0117lis vaikams tigras-gatv\u0117"},"content":{"rendered":"<p>\u2705 SAUGA IR KOKYB\u0116:<\/p><p>turi nuo slydimo apsaugan\u010dius skirtukus<br>stiprus &#8211; nesuply\u0161<br>sud\u0117tyje n\u0117ra formamido , ftalat\u0173, bisfenolio A (BPA), PVC.<br>Atitinka grie\u017etus Europos saugos standartus<br>Sertifikuota CE ir i\u0161bandyta pagal EN71-1 , EN71-2, EN71-3.<br>\u2705 PATOGUMAS IR FUNKCIONALUMAS:<\/p><p>labai lengvas<br>pridedamas krep\u0161ys ne\u0161iojimui, laikymui<br>dvipusis<br>lengvai valomas<br>u\u017etikrina \u0161ilumos izoliacij\u0105 nuo \u017eem\u0117s<br>elastingas<br>idealiai tinka vaikams, linkusiems \u012f alergij\u0105, &#8211; nesikaupia dulk\u0117s ir erkut\u0117s<\/p><p>\u2705 VIENAS KILIM\u0116LIS IR DAUGYB\u0116 PROGRAM\u0172!<br>D\u0117l savo \u0161ilumos izoliacijos, elastingumo ir storio kilim\u0117lis idealiai tinka naudoti ant kiet\u0173, \u0161alt\u0173 pavir\u0161i\u0173, pavyzd\u017eiui, plyteli\u0173.<br>mokymuisi ropoti ir vaik\u0161\u010dioti<br>mank\u0161tai<br>\u017eaidimams<br>d\u0117l spalving\u0173 ra\u0161t\u0173 j\u016bs\u0173 vaikas gali mokytis spalv\u0173 ar daikt\u0173 pavadinim\u0173<br>galima d\u0117ti po kiemo baseinu<\/p><p>\u2b50 Did\u017eiausias kilim\u0117lio privalumas &#8211; jo mobilumas, jis susilanksto per kelias sekundes, kad b\u016bt\u0173 lengva laikyti ir transportuoti. Nenaudojam\u0105 kilim\u0117l\u012f galima sulankstyti ir laikyti po lova, spintoje ar automobilyje.<\/p><p>\u27a1\ufe0f Produkto savyb\u0117s:<\/p><p>Dvipusis dizainas<br>pakuot\u0117<br>sulankstyto ir supakuoto \u012f mai\u0161el\u012f matmenys: 48 x 38 x 8 cm<\/p><p>\u2705 Put\u0173 kilim\u0117lis yra puikus sprendimas ma\u017eiesiems, u\u017etikrinantis jiems patogum\u0105 ir saugum\u0105 \u017eaid\u017eiant ir ilsintis.<\/p><p>\u2705 Patvari konstrukcija, spalvingi ra\u0161tai ir prakti\u0161kas lankstymas paver\u010dia j\u012f nepakei\u010diamu vaik\u0173 kambario aksesuaru<\/p><p>\u2705 150 x 180 cm dyd\u017eio didelis dvipusis sulankstomas putplas\u010dio kilim\u0117lis vaikams idealiai tinka ma\u017eiesiems, ie\u0161kantiems patogios ir saugios vietos \u017eaisti ir ils\u0117tis. \u0160is specialiai suprojektuotas kilim\u0117lis sukurtas atsi\u017evelgiant \u012f vaik\u0173 poreikius ir patogum\u0105.<\/p><p>\u2705 Kilim\u0117lis pagamintas i\u0161 auk\u0161tos kokyb\u0117s EPE putplas\u010dio, tod\u0117l puikiai palaiko vaik\u0105, kartu u\u017etikrindamas mink\u0161tum\u0105 ir patogum\u0105.<\/p><p>D\u0117l dvipus\u0117s kilim\u0117lio konstrukcijos j\u012f galima naudoti \u012fvairiai. Vienoje pus\u0117je \u017dv\u0117reli\u0173 dizainas, kitoje pus\u0117je &#8211; MIESTO tema<\/p><p>\u27a1\ufe0f Produkto specifikacijos:<\/p><p>Dydis: 150 x 180 x 0,5 cm<br>med\u017eiaga: EPE putos<\/p>","protected":false},"excerpt":{"rendered":"<p>\u2705 SAUGA IR KOKYB\u0116: turi nuo slydimo apsaugan\u010dius skirtukusstiprus &#8211; nesuply\u0161sud\u0117tyje n\u0117ra formamido , ftalat\u0173, bisfenolio A (BPA), PVC.Atitinka grie\u017etus Europos saugos standartusSertifikuota CE ir i\u0161bandyta pagal EN71-1 , EN71-2, EN71-3.\u2705 PATOGUMAS IR FUNKCIONALUMAS: labai lengvaspridedamas krep\u0161ys ne\u0161iojimui, laikymuidvipusislengvai valomasu\u017etikrina \u0161ilumos izoliacij\u0105 nuo \u017eem\u0117selastingasidealiai tinka vaikams, linkusiems \u012f alergij\u0105, &#8211; nesikaupia dulk\u0117s ir erkut\u0117s \u2705 [&hellip;]<\/p>","protected":false},"featured_media":16424,"template":"","meta":{"iawp_total_views":125},"product_cat":[213,193,82,206,84,90,49,39],"product_tag":[95,94],"class_list":{"0":"post-16423","1":"product","2":"type-product","3":"status-publish","4":"has-post-thumbnail","6":"product_cat-akcija","7":"product_cat-dovanos-vaikams-1-2-metu","8":"product_cat-ispardavimas","9":"product_cat-lavinamieji-kilimeliai","10":"product_cat-lavinamieji-zaislai","11":"product_cat-pasaulio-pazinimas","12":"product_cat-visi-zaislai","13":"product_cat-zaislai","14":"product_tag-1-m-2-m","15":"product_tag-iki-1-m","17":"first","18":"outofstock","19":"sale","20":"taxable","21":"shipping-taxable","22":"purchasable","23":"product-type-simple"},"yoast_head":"<!-- This site is optimized with the Yoast SEO plugin v23.3 - https:\/\/yoast.com\/wordpress\/plugins\/seo\/ -->\n<title>Mink\u0161tas kilim\u0117lis vaikams tigras-gatv\u0117 - Montessori \u017eaislai<\/title>\n<meta name=\"robots\" content=\"noindex, follow, max-snippet:-1, max-image-preview:large, max-video-preview:-1\" \/>\n<meta property=\"og:locale\" content=\"en_US\" \/>\n<meta property=\"og:type\" content=\"article\" \/>\n<meta property=\"og:title\" content=\"Mink\u0161tas kilim\u0117lis vaikams tigras-gatv\u0117 - Montessori \u017eaislai\" \/>\n<meta property=\"og:description\" content=\"\u2705 SAUGA IR KOKYB\u0116: turi nuo slydimo apsaugan\u010dius skirtukusstiprus &#8211; nesuply\u0161sud\u0117tyje n\u0117ra formamido , ftalat\u0173, bisfenolio A (BPA), PVC.Atitinka grie\u017etus Europos saugos standartusSertifikuota CE ir i\u0161bandyta pagal EN71-1 , EN71-2, EN71-3.\u2705 PATOGUMAS IR FUNKCIONALUMAS: labai lengvaspridedamas krep\u0161ys ne\u0161iojimui, laikymuidvipusislengvai valomasu\u017etikrina \u0161ilumos izoliacij\u0105 nuo \u017eem\u0117selastingasidealiai tinka vaikams, linkusiems \u012f alergij\u0105, &#8211; nesikaupia dulk\u0117s ir erkut\u0117s \u2705 [&hellip;]\" \/>\n<meta property=\"og:url\" content=\"https:\/\/dev.monti.lt\/en\/product\/minkstas-kilimelis-vaikams-tigras-gatve\/\" \/>\n<meta property=\"og:site_name\" content=\"Montessori \u017eaislai\" \/>\n<meta property=\"article:modified_time\" content=\"2024-09-24T09:17:15+00:00\" \/>\n<meta property=\"og:image\" content=\"https:\/\/dev.monti.lt\/wp-content\/uploads\/2023\/07\/mata-piankowa-duza-dwustronna-skladana-150-x-180-tygrys-ulice.jpg\" \/>\n\t<meta property=\"og:image:width\" content=\"800\" \/>\n\t<meta property=\"og:image:height\" content=\"800\" \/>\n\t<meta property=\"og:image:type\" content=\"image\/jpeg\" \/>\n<meta name=\"twitter:card\" content=\"summary_large_image\" \/>\n<meta name=\"twitter:label1\" content=\"Est. reading time\" \/>\n\t<meta name=\"twitter:data1\" content=\"2 minutes\" \/>\n<script type=\"application\/ld+json\" class=\"yoast-schema-graph\">{\"@context\":\"https:\/\/schema.org\",\"@graph\":[{\"@type\":\"WebPage\",\"@id\":\"https:\/\/dev.monti.lt\/product\/minkstas-kilimelis-vaikams-tigras-gatve\/\",\"url\":\"https:\/\/dev.monti.lt\/product\/minkstas-kilimelis-vaikams-tigras-gatve\/\",\"name\":\"Mink\u0161tas kilim\u0117lis vaikams tigras-gatv\u0117 - Montessori \u017eaislai\",\"isPartOf\":{\"@id\":\"https:\/\/dev.monti.lt\/#website\"},\"primaryImageOfPage\":{\"@id\":\"https:\/\/dev.monti.lt\/product\/minkstas-kilimelis-vaikams-tigras-gatve\/#primaryimage\"},\"image\":{\"@id\":\"https:\/\/dev.monti.lt\/product\/minkstas-kilimelis-vaikams-tigras-gatve\/#primaryimage\"},\"thumbnailUrl\":\"https:\/\/dev.monti.lt\/wp-content\/uploads\/2023\/07\/mata-piankowa-duza-dwustronna-skladana-150-x-180-tygrys-ulice.jpg\",\"datePublished\":\"2023-07-31T10:44:55+00:00\",\"dateModified\":\"2024-09-24T09:17:15+00:00\",\"breadcrumb\":{\"@id\":\"https:\/\/dev.monti.lt\/product\/minkstas-kilimelis-vaikams-tigras-gatve\/#breadcrumb\"},\"inLanguage\":\"en-US\",\"potentialAction\":[{\"@type\":\"ReadAction\",\"target\":[\"https:\/\/dev.monti.lt\/product\/minkstas-kilimelis-vaikams-tigras-gatve\/\"]}]},{\"@type\":\"ImageObject\",\"inLanguage\":\"en-US\",\"@id\":\"https:\/\/dev.monti.lt\/product\/minkstas-kilimelis-vaikams-tigras-gatve\/#primaryimage\",\"url\":\"https:\/\/dev.monti.lt\/wp-content\/uploads\/2023\/07\/mata-piankowa-duza-dwustronna-skladana-150-x-180-tygrys-ulice.jpg\",\"contentUrl\":\"https:\/\/dev.monti.lt\/wp-content\/uploads\/2023\/07\/mata-piankowa-duza-dwustronna-skladana-150-x-180-tygrys-ulice.jpg\",\"width\":800,\"height\":800},{\"@type\":\"BreadcrumbList\",\"@id\":\"https:\/\/dev.monti.lt\/product\/minkstas-kilimelis-vaikams-tigras-gatve\/#breadcrumb\",\"itemListElement\":[{\"@type\":\"ListItem\",\"position\":1,\"name\":\"Home\",\"item\":\"https:\/\/dev.monti.lt\/\"},{\"@type\":\"ListItem\",\"position\":2,\"name\":\"Parduotuv\u0117\",\"item\":\"https:\/\/dev.monti.lt\/shop\/\"},{\"@type\":\"ListItem\",\"position\":3,\"name\":\"Mink\u0161tas kilim\u0117lis vaikams tigras-gatv\u0117\"}]},{\"@type\":\"WebSite\",\"@id\":\"https:\/\/dev.monti.lt\/#website\",\"url\":\"https:\/\/dev.monti.lt\/\",\"name\":\"Montessori \u017eaislai\",\"description\":\"\",\"publisher\":{\"@id\":\"https:\/\/dev.monti.lt\/#organization\"},\"potentialAction\":[{\"@type\":\"SearchAction\",\"target\":{\"@type\":\"EntryPoint\",\"urlTemplate\":\"https:\/\/dev.monti.lt\/?s={search_term_string}\"},\"query-input\":\"required name=search_term_string\"}],\"inLanguage\":\"en-US\"},{\"@type\":\"Organization\",\"@id\":\"https:\/\/dev.monti.lt\/#organization\",\"name\":\"Montessori \u017eaislai\",\"url\":\"https:\/\/dev.monti.lt\/\",\"logo\":{\"@type\":\"ImageObject\",\"inLanguage\":\"en-US\",\"@id\":\"https:\/\/dev.monti.lt\/#\/schema\/logo\/image\/\",\"url\":\"https:\/\/dev.monti.lt\/wp-content\/uploads\/2022\/03\/montilogo-1.png\",\"contentUrl\":\"https:\/\/dev.monti.lt\/wp-content\/uploads\/2022\/03\/montilogo-1.png\",\"width\":512,\"height\":512,\"caption\":\"Montessori \u017eaislai\"},\"image\":{\"@id\":\"https:\/\/dev.monti.lt\/#\/schema\/logo\/image\/\"}}]}<\/script>\n<!-- \/ Yoast SEO plugin. -->","yoast_head_json":{"title":"Mink\u0161tas kilim\u0117lis vaikams tigras-gatv\u0117 - Montessori \u017eaislai","robots":{"index":"noindex","follow":"follow","max-snippet":"max-snippet:-1","max-image-preview":"max-image-preview:large","max-video-preview":"max-video-preview:-1"},"og_locale":"en_US","og_type":"article","og_title":"Mink\u0161tas kilim\u0117lis vaikams tigras-gatv\u0117 - Montessori \u017eaislai","og_description":"\u2705 SAUGA IR KOKYB\u0116: turi nuo slydimo apsaugan\u010dius skirtukusstiprus &#8211; nesuply\u0161sud\u0117tyje n\u0117ra formamido , ftalat\u0173, bisfenolio A (BPA), PVC.Atitinka grie\u017etus Europos saugos standartusSertifikuota CE ir i\u0161bandyta pagal EN71-1 , EN71-2, EN71-3.\u2705 PATOGUMAS IR FUNKCIONALUMAS: labai lengvaspridedamas krep\u0161ys ne\u0161iojimui, laikymuidvipusislengvai valomasu\u017etikrina \u0161ilumos izoliacij\u0105 nuo \u017eem\u0117selastingasidealiai tinka vaikams, linkusiems \u012f alergij\u0105, &#8211; nesikaupia dulk\u0117s ir erkut\u0117s \u2705 [&hellip;]","og_url":"https:\/\/dev.monti.lt\/en\/product\/minkstas-kilimelis-vaikams-tigras-gatve\/","og_site_name":"Montessori \u017eaislai","article_modified_time":"2024-09-24T09:17:15+00:00","og_image":[{"width":800,"height":800,"url":"https:\/\/dev.monti.lt\/wp-content\/uploads\/2023\/07\/mata-piankowa-duza-dwustronna-skladana-150-x-180-tygrys-ulice.jpg","type":"image\/jpeg"}],"twitter_card":"summary_large_image","twitter_misc":{"Est. reading time":"2 minutes"},"schema":{"@context":"https:\/\/schema.org","@graph":[{"@type":"WebPage","@id":"https:\/\/dev.monti.lt\/product\/minkstas-kilimelis-vaikams-tigras-gatve\/","url":"https:\/\/dev.monti.lt\/product\/minkstas-kilimelis-vaikams-tigras-gatve\/","name":"Mink\u0161tas kilim\u0117lis vaikams tigras-gatv\u0117 - Montessori \u017eaislai","isPartOf":{"@id":"https:\/\/dev.monti.lt\/#website"},"primaryImageOfPage":{"@id":"https:\/\/dev.monti.lt\/product\/minkstas-kilimelis-vaikams-tigras-gatve\/#primaryimage"},"image":{"@id":"https:\/\/dev.monti.lt\/product\/minkstas-kilimelis-vaikams-tigras-gatve\/#primaryimage"},"thumbnailUrl":"https:\/\/dev.monti.lt\/wp-content\/uploads\/2023\/07\/mata-piankowa-duza-dwustronna-skladana-150-x-180-tygrys-ulice.jpg","datePublished":"2023-07-31T10:44:55+00:00","dateModified":"2024-09-24T09:17:15+00:00","breadcrumb":{"@id":"https:\/\/dev.monti.lt\/product\/minkstas-kilimelis-vaikams-tigras-gatve\/#breadcrumb"},"inLanguage":"en-US","potentialAction":[{"@type":"ReadAction","target":["https:\/\/dev.monti.lt\/product\/minkstas-kilimelis-vaikams-tigras-gatve\/"]}]},{"@type":"ImageObject","inLanguage":"en-US","@id":"https:\/\/dev.monti.lt\/product\/minkstas-kilimelis-vaikams-tigras-gatve\/#primaryimage","url":"https:\/\/dev.monti.lt\/wp-content\/uploads\/2023\/07\/mata-piankowa-duza-dwustronna-skladana-150-x-180-tygrys-ulice.jpg","contentUrl":"https:\/\/dev.monti.lt\/wp-content\/uploads\/2023\/07\/mata-piankowa-duza-dwustronna-skladana-150-x-180-tygrys-ulice.jpg","width":800,"height":800},{"@type":"BreadcrumbList","@id":"https:\/\/dev.monti.lt\/product\/minkstas-kilimelis-vaikams-tigras-gatve\/#breadcrumb","itemListElement":[{"@type":"ListItem","position":1,"name":"Home","item":"https:\/\/dev.monti.lt\/"},{"@type":"ListItem","position":2,"name":"Parduotuv\u0117","item":"https:\/\/dev.monti.lt\/shop\/"},{"@type":"ListItem","position":3,"name":"Mink\u0161tas kilim\u0117lis vaikams tigras-gatv\u0117"}]},{"@type":"WebSite","@id":"https:\/\/dev.monti.lt\/#website","url":"https:\/\/dev.monti.lt\/","name":"Montessori \u017eaislai","description":"","publisher":{"@id":"https:\/\/dev.monti.lt\/#organization"},"potentialAction":[{"@type":"SearchAction","target":{"@type":"EntryPoint","urlTemplate":"https:\/\/dev.monti.lt\/?s={search_term_string}"},"query-input":"required name=search_term_string"}],"inLanguage":"en-US"},{"@type":"Organization","@id":"https:\/\/dev.monti.lt\/#organization","name":"Montessori \u017eaislai","url":"https:\/\/dev.monti.lt\/","logo":{"@type":"ImageObject","inLanguage":"en-US","@id":"https:\/\/dev.monti.lt\/#\/schema\/logo\/image\/","url":"https:\/\/dev.monti.lt\/wp-content\/uploads\/2022\/03\/montilogo-1.png","contentUrl":"https:\/\/dev.monti.lt\/wp-content\/uploads\/2022\/03\/montilogo-1.png","width":512,"height":512,"caption":"Montessori \u017eaislai"},"image":{"@id":"https:\/\/dev.monti.lt\/#\/schema\/logo\/image\/"}}]}},"_links":{"self":[{"href":"https:\/\/dev.monti.lt\/en\/wp-json\/wp\/v2\/product\/16423"}],"collection":[{"href":"https:\/\/dev.monti.lt\/en\/wp-json\/wp\/v2\/product"}],"about":[{"href":"https:\/\/dev.monti.lt\/en\/wp-json\/wp\/v2\/types\/product"}],"version-history":[{"count":2,"href":"https:\/\/dev.monti.lt\/en\/wp-json\/wp\/v2\/product\/16423\/revisions"}],"predecessor-version":[{"id":18397,"href":"https:\/\/dev.monti.lt\/en\/wp-json\/wp\/v2\/product\/16423\/revisions\/18397"}],"wp:featuredmedia":[{"embeddable":true,"href":"https:\/\/dev.monti.lt\/en\/wp-json\/wp\/v2\/media\/16424"}],"wp:attachment":[{"href":"https:\/\/dev.monti.lt\/en\/wp-json\/wp\/v2\/media?parent=16423"}],"wp:term":[{"taxonomy":"product_cat","embeddable":true,"href":"https:\/\/dev.monti.lt\/en\/wp-json\/wp\/v2\/product_cat?post=16423"},{"taxonomy":"product_tag","embeddable":true,"href":"https:\/\/dev.monti.lt\/en\/wp-json\/wp\/v2\/product_tag?post=16423"}],"curies":[{"name":"wp","href":"https:\/\/api.w.org\/{rel}","templated":true}]}}