{"id":16307,"date":"2023-07-24T10:05:22","date_gmt":"2023-07-24T10:05:22","guid":{"rendered":"https:\/\/dev.monti.lt\/?post_type=product&#038;p=16307"},"modified":"2024-10-08T10:07:47","modified_gmt":"2024-10-08T10:07:47","slug":"lavinamasis-kilimelis-kudikiams-juoda-balta","status":"publish","type":"product","link":"https:\/\/dev.monti.lt\/en\/product\/lavinamasis-kilimelis-kudikiams-juoda-balta\/","title":{"rendered":"Lavinamasis kilim\u0117lis k\u016bdikiams juoda balta"},"content":{"rendered":"<p>VANDENS KILIM\u0116LIS SU KONTRASTINGAIS RASTAIS 65CM X 50CM<br \/>Nuostabus jutiminis kilim\u0117lis k\u016bdikiams su kontrastingu juodos ir baltos spalv\u0173 ra\u0161tu.<\/p>\n<p>Kilim\u0117lio viduje sud\u0117tos spalvingos geometrin\u0117s fig\u016bros, kurios juda, kai k\u016bdikis juda.<\/p>\n<p>Plaukiojantys elementai sudomins k\u016bdik\u012f ir sutelks jo d\u0117mes\u012f.<\/p>\n<p>Gul\u0117damas ant pilvuko k\u016bdikis lavins raumenis, atsakingus u\u017e taisykling\u0105 laikysen\u0105.<\/p>\n<p>Sensorin\u012f kilim\u0117l\u012f labai lengva naudoti.<\/p>\n<p>Prip\u016bskite kilim\u0117lio kra\u0161tus oru, o centr\u0105 pripildykite vandeniu.<\/p>\n<p>Norint pasiekti geresni\u0173 rezultat\u0173, centr\u0105 galima i\u0161 dalies u\u017epildyti vandeniu ir i\u0161 dalies oru.<\/p>\n<p>Pasir\u016bpinkite teisingu savo ma\u017eylio vystymusi. Sensorinis kilim\u0117lis:<\/p>\n<p>padeda tinkamai vystytis kaklo, galvos, pilvo, pe\u010di\u0173 ir nugaros raumenims.<br \/>stimuliuoja motorikos vystym\u0105si &#8211; skatina akies ir rankos koordinacij\u0105<br \/>padeda lavinti d\u0117mesio \u012fg\u016bd\u017eius<br \/>padeda i\u0161mokti spalv\u0173 pavadinimus<br \/>papildomai suteikia daug d\u017eiaugsmo ir linksmybi\u0173.<\/p>\n<p>Magi\u0161kas \u017eaislas, kuris sudomins kiekvien\u0105 vaik\u0105 ir \u012ftrauks j\u012f ilgoms valandoms.<\/p>\n<p>Lengva laikyti.<\/p>\n<p>Pasibaigus \u017eaidimams, tiesiog i\u0161pilkite vanden\u012f ir i\u0161p\u016bskite kilim\u0117l\u012f.<\/p>\n<p>Sulankstytas kilim\u0117lis u\u017eima labai ma\u017eai vietos. J\u012f galite pasiimti su savimi per atostogas arba \u012f kelion\u0119, \u012f kuri\u0105 vykstate su vaiku.<\/p>\n<p>Vandens kilim\u0117lis bus puikus pagrindas j\u016bs\u0173 vaiko bendrojo lavinimo pratyboms.<\/p>\n<p>Vaiko ir t\u0117v\u0173 pasitenkinimas garantuotas.<\/p>\n<p>Puiki dovanos id\u0117ja, padedanti tinkamai vystytis bet kuriam ma\u017eyliui.<\/p>\n<p>Privalumai:<\/p>\n<p>\u017daidimas ant kilim\u0117lio palaiko teising\u0105 vaiko psichomotorin\u012f vystym\u0105si<br \/>kontrastingos spalvos patraukia k\u016bdikio d\u0117mes\u012f ir stimuliuoja jo regos poj\u016bt\u012f<br \/>padeda mokytis spalv\u0173 ir geometrini\u0173 fig\u016br\u0173 pavadinim\u0173<br \/>fantasti\u0161ka dovana vaikui bet kokia proga<br \/>padeda i\u0161laikyti d\u0117mes\u012f<br \/>pagamintas i\u0161 patvaraus plastiko<br \/>skatina ger\u0105 raumen\u0173 vystym\u0105si<br \/>lengvas ir lengvai laikomas<br \/>nepraleid\u017eia skys\u010dio<br \/>didelis dydis.<\/p>\n<p>\u00a0<\/p>\n<p>Matmenys (matuojant plok\u0161\u010diai): Dydis (65 x 50 cm)<\/p>\n<p>Pakuot\u0117s matmenys: Pakuot\u0117s matmenys: 20 cm x 20 cm<\/p>\n<p>Supakuota \u012f folijos pakuot\u0119.<\/p>","protected":false},"excerpt":{"rendered":"<p>VANDENS KILIM\u0116LIS SU KONTRASTINGAIS RASTAIS 65CM X 50CMNuostabus jutiminis kilim\u0117lis k\u016bdikiams su kontrastingu juodos ir baltos spalv\u0173 ra\u0161tu. Kilim\u0117lio viduje sud\u0117tos spalvingos geometrin\u0117s fig\u016bros, kurios juda, kai k\u016bdikis juda. Plaukiojantys elementai sudomins k\u016bdik\u012f ir sutelks jo d\u0117mes\u012f. Gul\u0117damas ant pilvuko k\u016bdikis lavins raumenis, atsakingus u\u017e taisykling\u0105 laikysen\u0105. Sensorin\u012f kilim\u0117l\u012f labai lengva naudoti. Prip\u016bskite kilim\u0117lio kra\u0161tus [&hellip;]<\/p>","protected":false},"featured_media":16308,"template":"","meta":{"iawp_total_views":380},"product_cat":[84,90,86,49,39],"product_tag":[94],"class_list":{"0":"post-16307","1":"product","2":"type-product","3":"status-publish","4":"has-post-thumbnail","6":"product_cat-lavinamieji-zaislai","7":"product_cat-pasaulio-pazinimas","8":"product_cat-smulkioji-motorika","9":"product_cat-visi-zaislai","10":"product_cat-zaislai","11":"product_tag-iki-1-m","13":"first","14":"instock","15":"taxable","16":"shipping-taxable","17":"purchasable","18":"product-type-simple"},"yoast_head":"<!-- This site is optimized with the Yoast SEO plugin v23.3 - https:\/\/yoast.com\/wordpress\/plugins\/seo\/ -->\n<title>Lavinamasis kilim\u0117lis k\u016bdikiams juoda balta - Montessori \u017eaislai<\/title>\n<meta name=\"robots\" content=\"noindex, follow, max-snippet:-1, max-image-preview:large, max-video-preview:-1\" \/>\n<meta property=\"og:locale\" content=\"en_US\" \/>\n<meta property=\"og:type\" content=\"article\" \/>\n<meta property=\"og:title\" content=\"Lavinamasis kilim\u0117lis k\u016bdikiams juoda balta - Montessori \u017eaislai\" \/>\n<meta property=\"og:description\" content=\"VANDENS KILIM\u0116LIS SU KONTRASTINGAIS RASTAIS 65CM X 50CMNuostabus jutiminis kilim\u0117lis k\u016bdikiams su kontrastingu juodos ir baltos spalv\u0173 ra\u0161tu. Kilim\u0117lio viduje sud\u0117tos spalvingos geometrin\u0117s fig\u016bros, kurios juda, kai k\u016bdikis juda. Plaukiojantys elementai sudomins k\u016bdik\u012f ir sutelks jo d\u0117mes\u012f. Gul\u0117damas ant pilvuko k\u016bdikis lavins raumenis, atsakingus u\u017e taisykling\u0105 laikysen\u0105. Sensorin\u012f kilim\u0117l\u012f labai lengva naudoti. Prip\u016bskite kilim\u0117lio kra\u0161tus [&hellip;]\" \/>\n<meta property=\"og:url\" content=\"https:\/\/dev.monti.lt\/en\/product\/lavinamasis-kilimelis-kudikiams-juoda-balta\/\" \/>\n<meta property=\"og:site_name\" content=\"Montessori \u017eaislai\" \/>\n<meta property=\"article:modified_time\" content=\"2024-10-08T10:07:47+00:00\" \/>\n<meta property=\"og:image\" content=\"https:\/\/dev.monti.lt\/wp-content\/uploads\/2023\/07\/Mata-wodna-nadmuchiwana-czarno-biala-szlaczki-65cm-x-50cm-81132.jpg\" \/>\n\t<meta property=\"og:image:width\" content=\"1600\" \/>\n\t<meta property=\"og:image:height\" content=\"1600\" \/>\n\t<meta property=\"og:image:type\" content=\"image\/jpeg\" \/>\n<meta name=\"twitter:card\" content=\"summary_large_image\" \/>\n<script type=\"application\/ld+json\" class=\"yoast-schema-graph\">{\"@context\":\"https:\/\/schema.org\",\"@graph\":[{\"@type\":\"WebPage\",\"@id\":\"https:\/\/dev.monti.lt\/product\/lavinamasis-kilimelis-kudikiams-juoda-balta\/\",\"url\":\"https:\/\/dev.monti.lt\/product\/lavinamasis-kilimelis-kudikiams-juoda-balta\/\",\"name\":\"Lavinamasis kilim\u0117lis k\u016bdikiams juoda balta - Montessori \u017eaislai\",\"isPartOf\":{\"@id\":\"https:\/\/dev.monti.lt\/#website\"},\"primaryImageOfPage\":{\"@id\":\"https:\/\/dev.monti.lt\/product\/lavinamasis-kilimelis-kudikiams-juoda-balta\/#primaryimage\"},\"image\":{\"@id\":\"https:\/\/dev.monti.lt\/product\/lavinamasis-kilimelis-kudikiams-juoda-balta\/#primaryimage\"},\"thumbnailUrl\":\"https:\/\/dev.monti.lt\/wp-content\/uploads\/2023\/07\/Mata-wodna-nadmuchiwana-czarno-biala-szlaczki-65cm-x-50cm-81132.jpg\",\"datePublished\":\"2023-07-24T10:05:22+00:00\",\"dateModified\":\"2024-10-08T10:07:47+00:00\",\"breadcrumb\":{\"@id\":\"https:\/\/dev.monti.lt\/product\/lavinamasis-kilimelis-kudikiams-juoda-balta\/#breadcrumb\"},\"inLanguage\":\"en-US\",\"potentialAction\":[{\"@type\":\"ReadAction\",\"target\":[\"https:\/\/dev.monti.lt\/product\/lavinamasis-kilimelis-kudikiams-juoda-balta\/\"]}]},{\"@type\":\"ImageObject\",\"inLanguage\":\"en-US\",\"@id\":\"https:\/\/dev.monti.lt\/product\/lavinamasis-kilimelis-kudikiams-juoda-balta\/#primaryimage\",\"url\":\"https:\/\/dev.monti.lt\/wp-content\/uploads\/2023\/07\/Mata-wodna-nadmuchiwana-czarno-biala-szlaczki-65cm-x-50cm-81132.jpg\",\"contentUrl\":\"https:\/\/dev.monti.lt\/wp-content\/uploads\/2023\/07\/Mata-wodna-nadmuchiwana-czarno-biala-szlaczki-65cm-x-50cm-81132.jpg\",\"width\":1600,\"height\":1600},{\"@type\":\"BreadcrumbList\",\"@id\":\"https:\/\/dev.monti.lt\/product\/lavinamasis-kilimelis-kudikiams-juoda-balta\/#breadcrumb\",\"itemListElement\":[{\"@type\":\"ListItem\",\"position\":1,\"name\":\"Home\",\"item\":\"https:\/\/dev.monti.lt\/\"},{\"@type\":\"ListItem\",\"position\":2,\"name\":\"Parduotuv\u0117\",\"item\":\"https:\/\/dev.monti.lt\/shop\/\"},{\"@type\":\"ListItem\",\"position\":3,\"name\":\"Lavinamasis kilim\u0117lis k\u016bdikiams juoda balta\"}]},{\"@type\":\"WebSite\",\"@id\":\"https:\/\/dev.monti.lt\/#website\",\"url\":\"https:\/\/dev.monti.lt\/\",\"name\":\"Montessori \u017eaislai\",\"description\":\"\",\"publisher\":{\"@id\":\"https:\/\/dev.monti.lt\/#organization\"},\"potentialAction\":[{\"@type\":\"SearchAction\",\"target\":{\"@type\":\"EntryPoint\",\"urlTemplate\":\"https:\/\/dev.monti.lt\/?s={search_term_string}\"},\"query-input\":\"required name=search_term_string\"}],\"inLanguage\":\"en-US\"},{\"@type\":\"Organization\",\"@id\":\"https:\/\/dev.monti.lt\/#organization\",\"name\":\"Montessori \u017eaislai\",\"url\":\"https:\/\/dev.monti.lt\/\",\"logo\":{\"@type\":\"ImageObject\",\"inLanguage\":\"en-US\",\"@id\":\"https:\/\/dev.monti.lt\/#\/schema\/logo\/image\/\",\"url\":\"https:\/\/dev.monti.lt\/wp-content\/uploads\/2022\/03\/montilogo-1.png\",\"contentUrl\":\"https:\/\/dev.monti.lt\/wp-content\/uploads\/2022\/03\/montilogo-1.png\",\"width\":512,\"height\":512,\"caption\":\"Montessori \u017eaislai\"},\"image\":{\"@id\":\"https:\/\/dev.monti.lt\/#\/schema\/logo\/image\/\"}}]}<\/script>\n<!-- \/ Yoast SEO plugin. -->","yoast_head_json":{"title":"Lavinamasis kilim\u0117lis k\u016bdikiams juoda balta - Montessori \u017eaislai","robots":{"index":"noindex","follow":"follow","max-snippet":"max-snippet:-1","max-image-preview":"max-image-preview:large","max-video-preview":"max-video-preview:-1"},"og_locale":"en_US","og_type":"article","og_title":"Lavinamasis kilim\u0117lis k\u016bdikiams juoda balta - Montessori \u017eaislai","og_description":"VANDENS KILIM\u0116LIS SU KONTRASTINGAIS RASTAIS 65CM X 50CMNuostabus jutiminis kilim\u0117lis k\u016bdikiams su kontrastingu juodos ir baltos spalv\u0173 ra\u0161tu. Kilim\u0117lio viduje sud\u0117tos spalvingos geometrin\u0117s fig\u016bros, kurios juda, kai k\u016bdikis juda. Plaukiojantys elementai sudomins k\u016bdik\u012f ir sutelks jo d\u0117mes\u012f. Gul\u0117damas ant pilvuko k\u016bdikis lavins raumenis, atsakingus u\u017e taisykling\u0105 laikysen\u0105. Sensorin\u012f kilim\u0117l\u012f labai lengva naudoti. Prip\u016bskite kilim\u0117lio kra\u0161tus [&hellip;]","og_url":"https:\/\/dev.monti.lt\/en\/product\/lavinamasis-kilimelis-kudikiams-juoda-balta\/","og_site_name":"Montessori \u017eaislai","article_modified_time":"2024-10-08T10:07:47+00:00","og_image":[{"width":1600,"height":1600,"url":"https:\/\/dev.monti.lt\/wp-content\/uploads\/2023\/07\/Mata-wodna-nadmuchiwana-czarno-biala-szlaczki-65cm-x-50cm-81132.jpg","type":"image\/jpeg"}],"twitter_card":"summary_large_image","schema":{"@context":"https:\/\/schema.org","@graph":[{"@type":"WebPage","@id":"https:\/\/dev.monti.lt\/product\/lavinamasis-kilimelis-kudikiams-juoda-balta\/","url":"https:\/\/dev.monti.lt\/product\/lavinamasis-kilimelis-kudikiams-juoda-balta\/","name":"Lavinamasis kilim\u0117lis k\u016bdikiams juoda balta - Montessori \u017eaislai","isPartOf":{"@id":"https:\/\/dev.monti.lt\/#website"},"primaryImageOfPage":{"@id":"https:\/\/dev.monti.lt\/product\/lavinamasis-kilimelis-kudikiams-juoda-balta\/#primaryimage"},"image":{"@id":"https:\/\/dev.monti.lt\/product\/lavinamasis-kilimelis-kudikiams-juoda-balta\/#primaryimage"},"thumbnailUrl":"https:\/\/dev.monti.lt\/wp-content\/uploads\/2023\/07\/Mata-wodna-nadmuchiwana-czarno-biala-szlaczki-65cm-x-50cm-81132.jpg","datePublished":"2023-07-24T10:05:22+00:00","dateModified":"2024-10-08T10:07:47+00:00","breadcrumb":{"@id":"https:\/\/dev.monti.lt\/product\/lavinamasis-kilimelis-kudikiams-juoda-balta\/#breadcrumb"},"inLanguage":"en-US","potentialAction":[{"@type":"ReadAction","target":["https:\/\/dev.monti.lt\/product\/lavinamasis-kilimelis-kudikiams-juoda-balta\/"]}]},{"@type":"ImageObject","inLanguage":"en-US","@id":"https:\/\/dev.monti.lt\/product\/lavinamasis-kilimelis-kudikiams-juoda-balta\/#primaryimage","url":"https:\/\/dev.monti.lt\/wp-content\/uploads\/2023\/07\/Mata-wodna-nadmuchiwana-czarno-biala-szlaczki-65cm-x-50cm-81132.jpg","contentUrl":"https:\/\/dev.monti.lt\/wp-content\/uploads\/2023\/07\/Mata-wodna-nadmuchiwana-czarno-biala-szlaczki-65cm-x-50cm-81132.jpg","width":1600,"height":1600},{"@type":"BreadcrumbList","@id":"https:\/\/dev.monti.lt\/product\/lavinamasis-kilimelis-kudikiams-juoda-balta\/#breadcrumb","itemListElement":[{"@type":"ListItem","position":1,"name":"Home","item":"https:\/\/dev.monti.lt\/"},{"@type":"ListItem","position":2,"name":"Parduotuv\u0117","item":"https:\/\/dev.monti.lt\/shop\/"},{"@type":"ListItem","position":3,"name":"Lavinamasis kilim\u0117lis k\u016bdikiams juoda balta"}]},{"@type":"WebSite","@id":"https:\/\/dev.monti.lt\/#website","url":"https:\/\/dev.monti.lt\/","name":"Montessori \u017eaislai","description":"","publisher":{"@id":"https:\/\/dev.monti.lt\/#organization"},"potentialAction":[{"@type":"SearchAction","target":{"@type":"EntryPoint","urlTemplate":"https:\/\/dev.monti.lt\/?s={search_term_string}"},"query-input":"required name=search_term_string"}],"inLanguage":"en-US"},{"@type":"Organization","@id":"https:\/\/dev.monti.lt\/#organization","name":"Montessori \u017eaislai","url":"https:\/\/dev.monti.lt\/","logo":{"@type":"ImageObject","inLanguage":"en-US","@id":"https:\/\/dev.monti.lt\/#\/schema\/logo\/image\/","url":"https:\/\/dev.monti.lt\/wp-content\/uploads\/2022\/03\/montilogo-1.png","contentUrl":"https:\/\/dev.monti.lt\/wp-content\/uploads\/2022\/03\/montilogo-1.png","width":512,"height":512,"caption":"Montessori \u017eaislai"},"image":{"@id":"https:\/\/dev.monti.lt\/#\/schema\/logo\/image\/"}}]}},"_links":{"self":[{"href":"https:\/\/dev.monti.lt\/en\/wp-json\/wp\/v2\/product\/16307"}],"collection":[{"href":"https:\/\/dev.monti.lt\/en\/wp-json\/wp\/v2\/product"}],"about":[{"href":"https:\/\/dev.monti.lt\/en\/wp-json\/wp\/v2\/types\/product"}],"version-history":[{"count":2,"href":"https:\/\/dev.monti.lt\/en\/wp-json\/wp\/v2\/product\/16307\/revisions"}],"predecessor-version":[{"id":18053,"href":"https:\/\/dev.monti.lt\/en\/wp-json\/wp\/v2\/product\/16307\/revisions\/18053"}],"wp:featuredmedia":[{"embeddable":true,"href":"https:\/\/dev.monti.lt\/en\/wp-json\/wp\/v2\/media\/16308"}],"wp:attachment":[{"href":"https:\/\/dev.monti.lt\/en\/wp-json\/wp\/v2\/media?parent=16307"}],"wp:term":[{"taxonomy":"product_cat","embeddable":true,"href":"https:\/\/dev.monti.lt\/en\/wp-json\/wp\/v2\/product_cat?post=16307"},{"taxonomy":"product_tag","embeddable":true,"href":"https:\/\/dev.monti.lt\/en\/wp-json\/wp\/v2\/product_tag?post=16307"}],"curies":[{"name":"wp","href":"https:\/\/api.w.org\/{rel}","templated":true}]}}