{"id":16189,"date":"2023-07-17T10:46:53","date_gmt":"2023-07-17T10:46:53","guid":{"rendered":"https:\/\/dev.monti.lt\/?post_type=product&#038;p=16189"},"modified":"2024-10-06T12:09:26","modified_gmt":"2024-10-06T12:09:26","slug":"sokantis-traktorius","status":"publish","type":"product","link":"https:\/\/dev.monti.lt\/en\/product\/sokantis-traktorius\/","title":{"rendered":"\u0160okantis traktorius"},"content":{"rendered":"<p>Ar traktoriai gali \u0161okin\u0117ti? Prie\u0161ingai populiariam \u012fsitikinimui, jie gali! Arba bent jau \u0161is \u0161okin\u0117jan\u010dio traktoriaus modelis gali tai daryti!<\/p>\n<p>\u0160okin\u0117jantis traktorius yra ne\u012fprastas \u017eaislas, kuris, u\u017euot skland\u017eiai va\u017eiav\u0119s, \u017eaismingai \u0161okin\u0117ja. Be to, jis groja linksm\u0105 muzik\u0105, nes su gera muzika linksmyb\u0117s yra dar geresn\u0117s!<\/p>\n<p>\u0160is \u017eaislas puikiai u\u017eims j\u016bs\u0173 ma\u017eyl\u012f ilgoms valandoms &#8211; jis suteiks fantasti\u0161k\u0105 pramog\u0105 ir daug juoko. Be to, niekam nereik\u0117s \u012fkalbin\u0117ti \u017eaisti su traktoriumi, nes argi kas nors atsispirs besi\u0161ypsan\u010diam traktoriui ir kauboji\u0161kai skryb\u0117lei? Vargu ar!<\/p>\n<p>Traktorius valdomas lengvai valdomu valdikliu. Dvi svirtys leid\u017eia transporto priemon\u0119 judinti itin intuityviai ir lengvai.<\/p>\n<p>\u017daisti su sunkve\u017eimiu ne tik labai smagu, bet ir turi kit\u0173 privalum\u0173. Vis\u0173 pirma, \u017eaislo valdymas valdikliu yra puikus b\u016bdas lavinti rank\u0173 darbo \u012fg\u016bd\u017eius ir akies-rankos koordinacij\u0105.<\/p>\n<p>\u017daidimas su \u0161okin\u0117jan\u010diu vilkiku gali peraugti \u012f tikr\u0105 aistr\u0105 valdyti kitus, vis sud\u0117tingesnius, nuotoliniu b\u016bdu valdomus modelius.<\/p>\n<p>Traktoriuk\u0105 maitina \u012fkraunama baterija, tod\u0117l nereikia r\u016bpintis baterij\u0173 pirkimu ir keitimu &#8211; baterij\u0105 tereikia \u012fkrauti prid\u0117tu USB laidu.<\/p>\n<p>Pagrindin\u0117s gaminio savyb\u0117s:<\/p>\n<p>Traktorius neva\u017eiuoja, bet \u0161okin\u0117ja<br \/>I\u0161 traktoriaus sklinda \u0161okin\u0117jimo muzika<br \/>D\u0117mesys detal\u0117ms<br \/>Akumuliatoriumi varomas traktorius<br \/>Transporto priemon\u0117 juda keturiomis kryptimis<br \/>Lengvai valdomas<br \/>Fantasti\u0161ka pramoga<br \/>Rank\u0173 darbo \u012fg\u016bd\u017ei\u0173 lavinimas<\/p>\n<p>Traktorius pagamintas i\u0161 auk\u0161tos kokyb\u0117s plastiko, tod\u0117l \u017eaislas gali tarnauti daugyb\u0119 \u017eaidim\u0173!<\/p>\n<p>\u00a0<\/p>\n<p>Rinkinio turinys:<\/p>\n<p>\u0160okin\u0117jantis traktorius<br \/>Valdiklis<br \/>\u012ekraunama baterija<br \/>USB laidas<\/p>\n<p>Technin\u0117s specifikacijos:<\/p>\n<p>Med\u017eiaga: plastikas<br \/>Traktoriaus maitinimo \u0161altinis: 3,7 V \u012fkraunama baterija (\u012feina \u012f komplekt\u0105)<br \/>Valdiklio maitinimo \u0161altinis: 2x AA baterija (ne\u012ftraukta \u012f komplekt\u0105)<\/p>\n<p>\u00a0<\/p>\n<p>Traktorius: 17 cm x 15 cm x 13 cm<br \/>Didesni\u0173 rat\u0173 skersmuo: 7,5 cm<br \/>Valdiklis: Valdiklis: 13 cm x 9 cm x 4,5 cm<br \/>USB laidas: 14 cm<br \/>Pakuot\u0117: 23,5 cm x 16 cm x 14 cm<\/p>\n<p>Gaminys supakuotas \u012f kartonin\u0119 pakuot\u0119.<\/p>","protected":false},"excerpt":{"rendered":"<p>Ar traktoriai gali \u0161okin\u0117ti? Prie\u0161ingai populiariam \u012fsitikinimui, jie gali! Arba bent jau \u0161is \u0161okin\u0117jan\u010dio traktoriaus modelis gali tai daryti! \u0160okin\u0117jantis traktorius yra ne\u012fprastas \u017eaislas, kuris, u\u017euot skland\u017eiai va\u017eiav\u0119s, \u017eaismingai \u0161okin\u0117ja. Be to, jis groja linksm\u0105 muzik\u0105, nes su gera muzika linksmyb\u0117s yra dar geresn\u0117s! \u0160is \u017eaislas puikiai u\u017eims j\u016bs\u0173 ma\u017eyl\u012f ilgoms valandoms &#8211; jis suteiks [&hellip;]<\/p>","protected":false},"featured_media":16190,"template":"","meta":{"iawp_total_views":120},"product_cat":[84,85,90,49,39],"product_tag":[95,96,97,98],"class_list":{"0":"post-16189","1":"product","2":"type-product","3":"status-publish","4":"has-post-thumbnail","6":"product_cat-lavinamieji-zaislai","7":"product_cat-muzikiniai-zaislai","8":"product_cat-pasaulio-pazinimas","9":"product_cat-visi-zaislai","10":"product_cat-zaislai","11":"product_tag-1-m-2-m","12":"product_tag-2-m-3-m","13":"product_tag-3-m-4-m","14":"product_tag-5-m-7-m","16":"first","17":"instock","18":"taxable","19":"shipping-taxable","20":"purchasable","21":"product-type-simple"},"yoast_head":"<!-- This site is optimized with the Yoast SEO plugin v23.3 - https:\/\/yoast.com\/wordpress\/plugins\/seo\/ -->\n<title>\u0160okantis traktorius - Montessori \u017eaislai<\/title>\n<meta name=\"robots\" content=\"noindex, follow, max-snippet:-1, max-image-preview:large, max-video-preview:-1\" \/>\n<meta property=\"og:locale\" content=\"en_US\" \/>\n<meta property=\"og:type\" content=\"article\" \/>\n<meta property=\"og:title\" content=\"\u0160okantis traktorius - Montessori \u017eaislai\" \/>\n<meta property=\"og:description\" content=\"Ar traktoriai gali \u0161okin\u0117ti? Prie\u0161ingai populiariam \u012fsitikinimui, jie gali! Arba bent jau \u0161is \u0161okin\u0117jan\u010dio traktoriaus modelis gali tai daryti! \u0160okin\u0117jantis traktorius yra ne\u012fprastas \u017eaislas, kuris, u\u017euot skland\u017eiai va\u017eiav\u0119s, \u017eaismingai \u0161okin\u0117ja. Be to, jis groja linksm\u0105 muzik\u0105, nes su gera muzika linksmyb\u0117s yra dar geresn\u0117s! \u0160is \u017eaislas puikiai u\u017eims j\u016bs\u0173 ma\u017eyl\u012f ilgoms valandoms &#8211; jis suteiks [&hellip;]\" \/>\n<meta property=\"og:url\" content=\"https:\/\/dev.monti.lt\/en\/product\/sokantis-traktorius\/\" \/>\n<meta property=\"og:site_name\" content=\"Montessori \u017eaislai\" \/>\n<meta property=\"article:modified_time\" content=\"2024-10-06T12:09:26+00:00\" \/>\n<meta property=\"og:image\" content=\"https:\/\/dev.monti.lt\/wp-content\/uploads\/2023\/07\/RC-tractor-jumping-dancing-tractor-119773.jpg\" \/>\n\t<meta property=\"og:image:width\" content=\"700\" \/>\n\t<meta property=\"og:image:height\" content=\"700\" \/>\n\t<meta property=\"og:image:type\" content=\"image\/jpeg\" \/>\n<meta name=\"twitter:card\" content=\"summary_large_image\" \/>\n<meta name=\"twitter:label1\" content=\"Est. reading time\" \/>\n\t<meta name=\"twitter:data1\" content=\"2 minutes\" \/>\n<script type=\"application\/ld+json\" class=\"yoast-schema-graph\">{\"@context\":\"https:\/\/schema.org\",\"@graph\":[{\"@type\":\"WebPage\",\"@id\":\"https:\/\/dev.monti.lt\/product\/sokantis-traktorius\/\",\"url\":\"https:\/\/dev.monti.lt\/product\/sokantis-traktorius\/\",\"name\":\"\u0160okantis traktorius - Montessori \u017eaislai\",\"isPartOf\":{\"@id\":\"https:\/\/dev.monti.lt\/#website\"},\"primaryImageOfPage\":{\"@id\":\"https:\/\/dev.monti.lt\/product\/sokantis-traktorius\/#primaryimage\"},\"image\":{\"@id\":\"https:\/\/dev.monti.lt\/product\/sokantis-traktorius\/#primaryimage\"},\"thumbnailUrl\":\"https:\/\/dev.monti.lt\/wp-content\/uploads\/2023\/07\/RC-tractor-jumping-dancing-tractor-119773.jpg\",\"datePublished\":\"2023-07-17T10:46:53+00:00\",\"dateModified\":\"2024-10-06T12:09:26+00:00\",\"breadcrumb\":{\"@id\":\"https:\/\/dev.monti.lt\/product\/sokantis-traktorius\/#breadcrumb\"},\"inLanguage\":\"en-US\",\"potentialAction\":[{\"@type\":\"ReadAction\",\"target\":[\"https:\/\/dev.monti.lt\/product\/sokantis-traktorius\/\"]}]},{\"@type\":\"ImageObject\",\"inLanguage\":\"en-US\",\"@id\":\"https:\/\/dev.monti.lt\/product\/sokantis-traktorius\/#primaryimage\",\"url\":\"https:\/\/dev.monti.lt\/wp-content\/uploads\/2023\/07\/RC-tractor-jumping-dancing-tractor-119773.jpg\",\"contentUrl\":\"https:\/\/dev.monti.lt\/wp-content\/uploads\/2023\/07\/RC-tractor-jumping-dancing-tractor-119773.jpg\",\"width\":700,\"height\":700},{\"@type\":\"BreadcrumbList\",\"@id\":\"https:\/\/dev.monti.lt\/product\/sokantis-traktorius\/#breadcrumb\",\"itemListElement\":[{\"@type\":\"ListItem\",\"position\":1,\"name\":\"Home\",\"item\":\"https:\/\/dev.monti.lt\/\"},{\"@type\":\"ListItem\",\"position\":2,\"name\":\"Parduotuv\u0117\",\"item\":\"https:\/\/dev.monti.lt\/shop\/\"},{\"@type\":\"ListItem\",\"position\":3,\"name\":\"\u0160okantis traktorius\"}]},{\"@type\":\"WebSite\",\"@id\":\"https:\/\/dev.monti.lt\/#website\",\"url\":\"https:\/\/dev.monti.lt\/\",\"name\":\"Montessori \u017eaislai\",\"description\":\"\",\"publisher\":{\"@id\":\"https:\/\/dev.monti.lt\/#organization\"},\"potentialAction\":[{\"@type\":\"SearchAction\",\"target\":{\"@type\":\"EntryPoint\",\"urlTemplate\":\"https:\/\/dev.monti.lt\/?s={search_term_string}\"},\"query-input\":\"required name=search_term_string\"}],\"inLanguage\":\"en-US\"},{\"@type\":\"Organization\",\"@id\":\"https:\/\/dev.monti.lt\/#organization\",\"name\":\"Montessori \u017eaislai\",\"url\":\"https:\/\/dev.monti.lt\/\",\"logo\":{\"@type\":\"ImageObject\",\"inLanguage\":\"en-US\",\"@id\":\"https:\/\/dev.monti.lt\/#\/schema\/logo\/image\/\",\"url\":\"https:\/\/dev.monti.lt\/wp-content\/uploads\/2022\/03\/montilogo-1.png\",\"contentUrl\":\"https:\/\/dev.monti.lt\/wp-content\/uploads\/2022\/03\/montilogo-1.png\",\"width\":512,\"height\":512,\"caption\":\"Montessori \u017eaislai\"},\"image\":{\"@id\":\"https:\/\/dev.monti.lt\/#\/schema\/logo\/image\/\"}}]}<\/script>\n<!-- \/ Yoast SEO plugin. -->","yoast_head_json":{"title":"\u0160okantis traktorius - Montessori \u017eaislai","robots":{"index":"noindex","follow":"follow","max-snippet":"max-snippet:-1","max-image-preview":"max-image-preview:large","max-video-preview":"max-video-preview:-1"},"og_locale":"en_US","og_type":"article","og_title":"\u0160okantis traktorius - Montessori \u017eaislai","og_description":"Ar traktoriai gali \u0161okin\u0117ti? Prie\u0161ingai populiariam \u012fsitikinimui, jie gali! Arba bent jau \u0161is \u0161okin\u0117jan\u010dio traktoriaus modelis gali tai daryti! \u0160okin\u0117jantis traktorius yra ne\u012fprastas \u017eaislas, kuris, u\u017euot skland\u017eiai va\u017eiav\u0119s, \u017eaismingai \u0161okin\u0117ja. Be to, jis groja linksm\u0105 muzik\u0105, nes su gera muzika linksmyb\u0117s yra dar geresn\u0117s! \u0160is \u017eaislas puikiai u\u017eims j\u016bs\u0173 ma\u017eyl\u012f ilgoms valandoms &#8211; jis suteiks [&hellip;]","og_url":"https:\/\/dev.monti.lt\/en\/product\/sokantis-traktorius\/","og_site_name":"Montessori \u017eaislai","article_modified_time":"2024-10-06T12:09:26+00:00","og_image":[{"width":700,"height":700,"url":"https:\/\/dev.monti.lt\/wp-content\/uploads\/2023\/07\/RC-tractor-jumping-dancing-tractor-119773.jpg","type":"image\/jpeg"}],"twitter_card":"summary_large_image","twitter_misc":{"Est. reading time":"2 minutes"},"schema":{"@context":"https:\/\/schema.org","@graph":[{"@type":"WebPage","@id":"https:\/\/dev.monti.lt\/product\/sokantis-traktorius\/","url":"https:\/\/dev.monti.lt\/product\/sokantis-traktorius\/","name":"\u0160okantis traktorius - Montessori \u017eaislai","isPartOf":{"@id":"https:\/\/dev.monti.lt\/#website"},"primaryImageOfPage":{"@id":"https:\/\/dev.monti.lt\/product\/sokantis-traktorius\/#primaryimage"},"image":{"@id":"https:\/\/dev.monti.lt\/product\/sokantis-traktorius\/#primaryimage"},"thumbnailUrl":"https:\/\/dev.monti.lt\/wp-content\/uploads\/2023\/07\/RC-tractor-jumping-dancing-tractor-119773.jpg","datePublished":"2023-07-17T10:46:53+00:00","dateModified":"2024-10-06T12:09:26+00:00","breadcrumb":{"@id":"https:\/\/dev.monti.lt\/product\/sokantis-traktorius\/#breadcrumb"},"inLanguage":"en-US","potentialAction":[{"@type":"ReadAction","target":["https:\/\/dev.monti.lt\/product\/sokantis-traktorius\/"]}]},{"@type":"ImageObject","inLanguage":"en-US","@id":"https:\/\/dev.monti.lt\/product\/sokantis-traktorius\/#primaryimage","url":"https:\/\/dev.monti.lt\/wp-content\/uploads\/2023\/07\/RC-tractor-jumping-dancing-tractor-119773.jpg","contentUrl":"https:\/\/dev.monti.lt\/wp-content\/uploads\/2023\/07\/RC-tractor-jumping-dancing-tractor-119773.jpg","width":700,"height":700},{"@type":"BreadcrumbList","@id":"https:\/\/dev.monti.lt\/product\/sokantis-traktorius\/#breadcrumb","itemListElement":[{"@type":"ListItem","position":1,"name":"Home","item":"https:\/\/dev.monti.lt\/"},{"@type":"ListItem","position":2,"name":"Parduotuv\u0117","item":"https:\/\/dev.monti.lt\/shop\/"},{"@type":"ListItem","position":3,"name":"\u0160okantis traktorius"}]},{"@type":"WebSite","@id":"https:\/\/dev.monti.lt\/#website","url":"https:\/\/dev.monti.lt\/","name":"Montessori \u017eaislai","description":"","publisher":{"@id":"https:\/\/dev.monti.lt\/#organization"},"potentialAction":[{"@type":"SearchAction","target":{"@type":"EntryPoint","urlTemplate":"https:\/\/dev.monti.lt\/?s={search_term_string}"},"query-input":"required name=search_term_string"}],"inLanguage":"en-US"},{"@type":"Organization","@id":"https:\/\/dev.monti.lt\/#organization","name":"Montessori \u017eaislai","url":"https:\/\/dev.monti.lt\/","logo":{"@type":"ImageObject","inLanguage":"en-US","@id":"https:\/\/dev.monti.lt\/#\/schema\/logo\/image\/","url":"https:\/\/dev.monti.lt\/wp-content\/uploads\/2022\/03\/montilogo-1.png","contentUrl":"https:\/\/dev.monti.lt\/wp-content\/uploads\/2022\/03\/montilogo-1.png","width":512,"height":512,"caption":"Montessori \u017eaislai"},"image":{"@id":"https:\/\/dev.monti.lt\/#\/schema\/logo\/image\/"}}]}},"_links":{"self":[{"href":"https:\/\/dev.monti.lt\/en\/wp-json\/wp\/v2\/product\/16189"}],"collection":[{"href":"https:\/\/dev.monti.lt\/en\/wp-json\/wp\/v2\/product"}],"about":[{"href":"https:\/\/dev.monti.lt\/en\/wp-json\/wp\/v2\/types\/product"}],"version-history":[{"count":2,"href":"https:\/\/dev.monti.lt\/en\/wp-json\/wp\/v2\/product\/16189\/revisions"}],"predecessor-version":[{"id":18054,"href":"https:\/\/dev.monti.lt\/en\/wp-json\/wp\/v2\/product\/16189\/revisions\/18054"}],"wp:featuredmedia":[{"embeddable":true,"href":"https:\/\/dev.monti.lt\/en\/wp-json\/wp\/v2\/media\/16190"}],"wp:attachment":[{"href":"https:\/\/dev.monti.lt\/en\/wp-json\/wp\/v2\/media?parent=16189"}],"wp:term":[{"taxonomy":"product_cat","embeddable":true,"href":"https:\/\/dev.monti.lt\/en\/wp-json\/wp\/v2\/product_cat?post=16189"},{"taxonomy":"product_tag","embeddable":true,"href":"https:\/\/dev.monti.lt\/en\/wp-json\/wp\/v2\/product_tag?post=16189"}],"curies":[{"name":"wp","href":"https:\/\/api.w.org\/{rel}","templated":true}]}}