{"id":16181,"date":"2023-07-17T10:10:28","date_gmt":"2023-07-17T10:10:28","guid":{"rendered":"https:\/\/dev.monti.lt\/?post_type=product&#038;p=16181"},"modified":"2024-10-09T15:28:32","modified_gmt":"2024-10-09T15:28:32","slug":"spynu-traukinukas","status":"publish","type":"product","link":"https:\/\/dev.monti.lt\/en\/product\/spynu-traukinukas\/","title":{"rendered":"Spyn\u0173 traukinukas"},"content":{"rendered":"<p>MONTESSORI SENSORINIS \u017dAISLAS &#8211; AUTOMOBILIAI SU PAKABINAMOMIS SPYNOMIS<\/p>\n<p>\u00a0<\/p>\n<p>Ar \u012fmanoma suderinti \u017eaidim\u0105 ir mokym\u0105si? \u017dinoma, kad galima! Ir \u0161is \u017eaislas yra to pavyzdys!<\/p>\n<p>Net \u0161e\u0161ios \u017eavios pakabinamos ma\u0161in\u0117l\u0117s: lokomotyvas, mokyklinis autobusas, policijos automobilis, gaisrin\u0117, greitosios pagalbos automobilis ir led\u0173 salonas, suteikiantys daugyb\u0119 \u017eaidimo galimybi\u0173!<\/p>\n<p>Kiekvienas automobilis yra skirting\u0173 spalv\u0173, tod\u0117l j\u016bs\u0173 ma\u017eylis gal\u0117s i\u0161mokti atskirti ir \u012fvardyti pagrindines spalvas. Be to, automobiliai yra dvipusiai &#8211; vienoje j\u0173 pus\u0117je pavaizduota atitinkama transporto priemon\u0117, o kitoje &#8211; u\u017era\u0161ai.<\/p>\n<p>U\u017era\u0161ai ant r\u0105st\u0173 yra angl\u0173 kalba, ta\u010diau nesijaudinkite, net jei j\u016bs\u0173 ma\u017eylis ne\u017eino angli\u0161k\u0173 pavadinim\u0173 ar nemoka skaityti, \u0161is \u017eaislas vis tiek atliks savo funkcij\u0105. Ant kiekvieno automobilio yra apskritimai, kuriuos j\u016bs\u0173 vaikas gali suskai\u010diuoti ir taip suderinti atitinkam\u0105 rakt\u0105 su arabi\u0161ku skai\u010diumi. Ma\u017eylis taip pat gali bandym\u0173 ir klaid\u0173 b\u016bdu suderinti raktus su pakabinamomis spynomis.<\/p>\n<p>Pakabinam\u0173 spyn\u0173 rinkinys bus puikus i\u0161\u0161\u016bkis vaikui. Naudodamasis ant automobili\u0173 ir rakt\u0173 esan\u010diomis u\u017euominomis, ma\u017eylis tur\u0117s suderinti detales taip, kad pakabinamos spynos atsidaryt\u0173.<\/p>\n<p>Rinkinyje taip pat yra vienas stebuklingas raktas, kuris atidaro visas pakabinamas spynas!<\/p>\n<p>Atidarius pakabinamas spynas, automobilius galima sujungti \u012f bet kokio derinio traukin\u012f. O tada leiskit\u0117s \u012f spalving\u0105 kelion\u0119 traukiniu po kambar\u012f!<\/p>\n<p>Atidarin\u0117dami pakabinamas spynas, sukdami raktus, surinkdami transporto priemones ir \u017eaisdami dirigentu, puikiai lavinsite rank\u0173 darbo \u012fg\u016bd\u017eius ir aki\u0173 bei rank\u0173 koordinacij\u0105.<\/p>\n<p>Pagrindin\u0117s gaminio savyb\u0117s:<\/p>\n<p>Mokomosios spalvos,<br \/>skai\u010di\u0173 mokymasis,<br \/>Rank\u0173 darbo \u012fg\u016bd\u017ei\u0173 lavinimas,<br \/>Fantasti\u0161ka pramoga,<br \/>Intelektinis i\u0161\u0161\u016bkis,<br \/>i\u0161rai\u0161kingos spalvos,<br \/>Galimyb\u0117 sukurti traukin\u012f.<\/p>\n<p>Vagon\u0117liai ir raktai pagaminti i\u0161 auk\u0161tos kokyb\u0117s plastiko, neturin\u010dio a\u0161tri\u0173 briaun\u0173. Tai u\u017etikrina, kad b\u016bsite tikri, jog rinkinys ne tik patvarus, bet ir visi\u0161kai saugus \u017eaisti!<\/p>\n<p>\u00a0<\/p>\n<p>Rinkinio turinys:<\/p>\n<p>Komplekte yra: vagonas x6<br \/>Raktas x7<\/p>\n<p>Technin\u0117s specifikacijos:<\/p>\n<p>Plastikas: plastikas<br \/>13<br \/>Vartotojo am\u017eius: 1: 18m+<\/p>\n<p>I\u0161matavimai: 18 m ilgio, 18 m ilgio, 18 m ilgio, 18 m ilgio:<\/p>\n<p>Dydis: 7 cm x 9 cm<br \/>Raktas: 6,5 cm<br \/>Pakuot\u0117: 28,5 cm x 24,5 cm x 5 cm<\/p>\n<p>Gaminys supakuotas kartonin\u0117je d\u0117\u017eut\u0117je su langeliu.<\/p>","protected":false},"excerpt":{"rendered":"<p>MONTESSORI SENSORINIS \u017dAISLAS &#8211; AUTOMOBILIAI SU PAKABINAMOMIS SPYNOMIS \u00a0 Ar \u012fmanoma suderinti \u017eaidim\u0105 ir mokym\u0105si? \u017dinoma, kad galima! Ir \u0161is \u017eaislas yra to pavyzdys! Net \u0161e\u0161ios \u017eavios pakabinamos ma\u0161in\u0117l\u0117s: lokomotyvas, mokyklinis autobusas, policijos automobilis, gaisrin\u0117, greitosios pagalbos automobilis ir led\u0173 salonas, suteikiantys daugyb\u0119 \u017eaidimo galimybi\u0173! Kiekvienas automobilis yra skirting\u0173 spalv\u0173, tod\u0117l j\u016bs\u0173 ma\u017eylis gal\u0117s i\u0161mokti [&hellip;]<\/p>","protected":false},"featured_media":16182,"template":"","meta":{"iawp_total_views":121},"product_cat":[213,218,194,82,84,91,88,86,50,49,39],"product_tag":[95,96,97],"class_list":{"0":"post-16181","1":"product","2":"type-product","3":"status-publish","4":"has-post-thumbnail","6":"product_cat-akcija","7":"product_cat-darzeliu-grupems","8":"product_cat-dovanos-vaikams-2-3-metu","9":"product_cat-ispardavimas","10":"product_cat-lavinamieji-zaislai","11":"product_cat-loginiam-mastymui","12":"product_cat-mokausi-zaisti","13":"product_cat-smulkioji-motorika","14":"product_cat-top-dovanos","15":"product_cat-visi-zaislai","16":"product_cat-zaislai","17":"product_tag-1-m-2-m","18":"product_tag-2-m-3-m","19":"product_tag-3-m-4-m","21":"first","22":"instock","23":"sale","24":"taxable","25":"shipping-taxable","26":"purchasable","27":"product-type-simple"},"yoast_head":"<!-- This site is optimized with the Yoast SEO plugin v23.3 - https:\/\/yoast.com\/wordpress\/plugins\/seo\/ -->\n<title>Spyn\u0173 traukinukas - Montessori \u017eaislai<\/title>\n<meta name=\"robots\" content=\"noindex, follow, max-snippet:-1, max-image-preview:large, max-video-preview:-1\" \/>\n<meta property=\"og:locale\" content=\"en_US\" \/>\n<meta property=\"og:type\" content=\"article\" \/>\n<meta property=\"og:title\" content=\"Spyn\u0173 traukinukas - Montessori \u017eaislai\" \/>\n<meta property=\"og:description\" content=\"MONTESSORI SENSORINIS \u017dAISLAS &#8211; AUTOMOBILIAI SU PAKABINAMOMIS SPYNOMIS \u00a0 Ar \u012fmanoma suderinti \u017eaidim\u0105 ir mokym\u0105si? \u017dinoma, kad galima! Ir \u0161is \u017eaislas yra to pavyzdys! Net \u0161e\u0161ios \u017eavios pakabinamos ma\u0161in\u0117l\u0117s: lokomotyvas, mokyklinis autobusas, policijos automobilis, gaisrin\u0117, greitosios pagalbos automobilis ir led\u0173 salonas, suteikiantys daugyb\u0119 \u017eaidimo galimybi\u0173! Kiekvienas automobilis yra skirting\u0173 spalv\u0173, tod\u0117l j\u016bs\u0173 ma\u017eylis gal\u0117s i\u0161mokti [&hellip;]\" \/>\n<meta property=\"og:url\" content=\"https:\/\/dev.monti.lt\/en\/product\/spynu-traukinukas\/\" \/>\n<meta property=\"og:site_name\" content=\"Montessori \u017eaislai\" \/>\n<meta property=\"article:modified_time\" content=\"2024-10-09T15:28:32+00:00\" \/>\n<meta property=\"og:image\" content=\"https:\/\/dev.monti.lt\/wp-content\/uploads\/2023\/07\/Samochodziki-klodki-zabawka-sensoryczna-Montessori-120341.jpg\" \/>\n\t<meta property=\"og:image:width\" content=\"800\" \/>\n\t<meta property=\"og:image:height\" content=\"800\" \/>\n\t<meta property=\"og:image:type\" content=\"image\/jpeg\" \/>\n<meta name=\"twitter:card\" content=\"summary_large_image\" \/>\n<script type=\"application\/ld+json\" class=\"yoast-schema-graph\">{\"@context\":\"https:\/\/schema.org\",\"@graph\":[{\"@type\":\"WebPage\",\"@id\":\"https:\/\/dev.monti.lt\/product\/spynu-traukinukas\/\",\"url\":\"https:\/\/dev.monti.lt\/product\/spynu-traukinukas\/\",\"name\":\"Spyn\u0173 traukinukas - Montessori \u017eaislai\",\"isPartOf\":{\"@id\":\"https:\/\/dev.monti.lt\/#website\"},\"primaryImageOfPage\":{\"@id\":\"https:\/\/dev.monti.lt\/product\/spynu-traukinukas\/#primaryimage\"},\"image\":{\"@id\":\"https:\/\/dev.monti.lt\/product\/spynu-traukinukas\/#primaryimage\"},\"thumbnailUrl\":\"https:\/\/dev.monti.lt\/wp-content\/uploads\/2023\/07\/Samochodziki-klodki-zabawka-sensoryczna-Montessori-120341.jpg\",\"datePublished\":\"2023-07-17T10:10:28+00:00\",\"dateModified\":\"2024-10-09T15:28:32+00:00\",\"breadcrumb\":{\"@id\":\"https:\/\/dev.monti.lt\/product\/spynu-traukinukas\/#breadcrumb\"},\"inLanguage\":\"en-US\",\"potentialAction\":[{\"@type\":\"ReadAction\",\"target\":[\"https:\/\/dev.monti.lt\/product\/spynu-traukinukas\/\"]}]},{\"@type\":\"ImageObject\",\"inLanguage\":\"en-US\",\"@id\":\"https:\/\/dev.monti.lt\/product\/spynu-traukinukas\/#primaryimage\",\"url\":\"https:\/\/dev.monti.lt\/wp-content\/uploads\/2023\/07\/Samochodziki-klodki-zabawka-sensoryczna-Montessori-120341.jpg\",\"contentUrl\":\"https:\/\/dev.monti.lt\/wp-content\/uploads\/2023\/07\/Samochodziki-klodki-zabawka-sensoryczna-Montessori-120341.jpg\",\"width\":800,\"height\":800},{\"@type\":\"BreadcrumbList\",\"@id\":\"https:\/\/dev.monti.lt\/product\/spynu-traukinukas\/#breadcrumb\",\"itemListElement\":[{\"@type\":\"ListItem\",\"position\":1,\"name\":\"Home\",\"item\":\"https:\/\/dev.monti.lt\/\"},{\"@type\":\"ListItem\",\"position\":2,\"name\":\"Parduotuv\u0117\",\"item\":\"https:\/\/dev.monti.lt\/shop\/\"},{\"@type\":\"ListItem\",\"position\":3,\"name\":\"Spyn\u0173 traukinukas\"}]},{\"@type\":\"WebSite\",\"@id\":\"https:\/\/dev.monti.lt\/#website\",\"url\":\"https:\/\/dev.monti.lt\/\",\"name\":\"Montessori \u017eaislai\",\"description\":\"\",\"publisher\":{\"@id\":\"https:\/\/dev.monti.lt\/#organization\"},\"potentialAction\":[{\"@type\":\"SearchAction\",\"target\":{\"@type\":\"EntryPoint\",\"urlTemplate\":\"https:\/\/dev.monti.lt\/?s={search_term_string}\"},\"query-input\":\"required name=search_term_string\"}],\"inLanguage\":\"en-US\"},{\"@type\":\"Organization\",\"@id\":\"https:\/\/dev.monti.lt\/#organization\",\"name\":\"Montessori \u017eaislai\",\"url\":\"https:\/\/dev.monti.lt\/\",\"logo\":{\"@type\":\"ImageObject\",\"inLanguage\":\"en-US\",\"@id\":\"https:\/\/dev.monti.lt\/#\/schema\/logo\/image\/\",\"url\":\"https:\/\/dev.monti.lt\/wp-content\/uploads\/2022\/03\/montilogo-1.png\",\"contentUrl\":\"https:\/\/dev.monti.lt\/wp-content\/uploads\/2022\/03\/montilogo-1.png\",\"width\":512,\"height\":512,\"caption\":\"Montessori \u017eaislai\"},\"image\":{\"@id\":\"https:\/\/dev.monti.lt\/#\/schema\/logo\/image\/\"}}]}<\/script>\n<!-- \/ Yoast SEO plugin. -->","yoast_head_json":{"title":"Spyn\u0173 traukinukas - Montessori \u017eaislai","robots":{"index":"noindex","follow":"follow","max-snippet":"max-snippet:-1","max-image-preview":"max-image-preview:large","max-video-preview":"max-video-preview:-1"},"og_locale":"en_US","og_type":"article","og_title":"Spyn\u0173 traukinukas - Montessori \u017eaislai","og_description":"MONTESSORI SENSORINIS \u017dAISLAS &#8211; AUTOMOBILIAI SU PAKABINAMOMIS SPYNOMIS \u00a0 Ar \u012fmanoma suderinti \u017eaidim\u0105 ir mokym\u0105si? \u017dinoma, kad galima! Ir \u0161is \u017eaislas yra to pavyzdys! Net \u0161e\u0161ios \u017eavios pakabinamos ma\u0161in\u0117l\u0117s: lokomotyvas, mokyklinis autobusas, policijos automobilis, gaisrin\u0117, greitosios pagalbos automobilis ir led\u0173 salonas, suteikiantys daugyb\u0119 \u017eaidimo galimybi\u0173! Kiekvienas automobilis yra skirting\u0173 spalv\u0173, tod\u0117l j\u016bs\u0173 ma\u017eylis gal\u0117s i\u0161mokti [&hellip;]","og_url":"https:\/\/dev.monti.lt\/en\/product\/spynu-traukinukas\/","og_site_name":"Montessori \u017eaislai","article_modified_time":"2024-10-09T15:28:32+00:00","og_image":[{"width":800,"height":800,"url":"https:\/\/dev.monti.lt\/wp-content\/uploads\/2023\/07\/Samochodziki-klodki-zabawka-sensoryczna-Montessori-120341.jpg","type":"image\/jpeg"}],"twitter_card":"summary_large_image","schema":{"@context":"https:\/\/schema.org","@graph":[{"@type":"WebPage","@id":"https:\/\/dev.monti.lt\/product\/spynu-traukinukas\/","url":"https:\/\/dev.monti.lt\/product\/spynu-traukinukas\/","name":"Spyn\u0173 traukinukas - Montessori \u017eaislai","isPartOf":{"@id":"https:\/\/dev.monti.lt\/#website"},"primaryImageOfPage":{"@id":"https:\/\/dev.monti.lt\/product\/spynu-traukinukas\/#primaryimage"},"image":{"@id":"https:\/\/dev.monti.lt\/product\/spynu-traukinukas\/#primaryimage"},"thumbnailUrl":"https:\/\/dev.monti.lt\/wp-content\/uploads\/2023\/07\/Samochodziki-klodki-zabawka-sensoryczna-Montessori-120341.jpg","datePublished":"2023-07-17T10:10:28+00:00","dateModified":"2024-10-09T15:28:32+00:00","breadcrumb":{"@id":"https:\/\/dev.monti.lt\/product\/spynu-traukinukas\/#breadcrumb"},"inLanguage":"en-US","potentialAction":[{"@type":"ReadAction","target":["https:\/\/dev.monti.lt\/product\/spynu-traukinukas\/"]}]},{"@type":"ImageObject","inLanguage":"en-US","@id":"https:\/\/dev.monti.lt\/product\/spynu-traukinukas\/#primaryimage","url":"https:\/\/dev.monti.lt\/wp-content\/uploads\/2023\/07\/Samochodziki-klodki-zabawka-sensoryczna-Montessori-120341.jpg","contentUrl":"https:\/\/dev.monti.lt\/wp-content\/uploads\/2023\/07\/Samochodziki-klodki-zabawka-sensoryczna-Montessori-120341.jpg","width":800,"height":800},{"@type":"BreadcrumbList","@id":"https:\/\/dev.monti.lt\/product\/spynu-traukinukas\/#breadcrumb","itemListElement":[{"@type":"ListItem","position":1,"name":"Home","item":"https:\/\/dev.monti.lt\/"},{"@type":"ListItem","position":2,"name":"Parduotuv\u0117","item":"https:\/\/dev.monti.lt\/shop\/"},{"@type":"ListItem","position":3,"name":"Spyn\u0173 traukinukas"}]},{"@type":"WebSite","@id":"https:\/\/dev.monti.lt\/#website","url":"https:\/\/dev.monti.lt\/","name":"Montessori \u017eaislai","description":"","publisher":{"@id":"https:\/\/dev.monti.lt\/#organization"},"potentialAction":[{"@type":"SearchAction","target":{"@type":"EntryPoint","urlTemplate":"https:\/\/dev.monti.lt\/?s={search_term_string}"},"query-input":"required name=search_term_string"}],"inLanguage":"en-US"},{"@type":"Organization","@id":"https:\/\/dev.monti.lt\/#organization","name":"Montessori \u017eaislai","url":"https:\/\/dev.monti.lt\/","logo":{"@type":"ImageObject","inLanguage":"en-US","@id":"https:\/\/dev.monti.lt\/#\/schema\/logo\/image\/","url":"https:\/\/dev.monti.lt\/wp-content\/uploads\/2022\/03\/montilogo-1.png","contentUrl":"https:\/\/dev.monti.lt\/wp-content\/uploads\/2022\/03\/montilogo-1.png","width":512,"height":512,"caption":"Montessori \u017eaislai"},"image":{"@id":"https:\/\/dev.monti.lt\/#\/schema\/logo\/image\/"}}]}},"_links":{"self":[{"href":"https:\/\/dev.monti.lt\/en\/wp-json\/wp\/v2\/product\/16181"}],"collection":[{"href":"https:\/\/dev.monti.lt\/en\/wp-json\/wp\/v2\/product"}],"about":[{"href":"https:\/\/dev.monti.lt\/en\/wp-json\/wp\/v2\/types\/product"}],"version-history":[{"count":2,"href":"https:\/\/dev.monti.lt\/en\/wp-json\/wp\/v2\/product\/16181\/revisions"}],"predecessor-version":[{"id":18055,"href":"https:\/\/dev.monti.lt\/en\/wp-json\/wp\/v2\/product\/16181\/revisions\/18055"}],"wp:featuredmedia":[{"embeddable":true,"href":"https:\/\/dev.monti.lt\/en\/wp-json\/wp\/v2\/media\/16182"}],"wp:attachment":[{"href":"https:\/\/dev.monti.lt\/en\/wp-json\/wp\/v2\/media?parent=16181"}],"wp:term":[{"taxonomy":"product_cat","embeddable":true,"href":"https:\/\/dev.monti.lt\/en\/wp-json\/wp\/v2\/product_cat?post=16181"},{"taxonomy":"product_tag","embeddable":true,"href":"https:\/\/dev.monti.lt\/en\/wp-json\/wp\/v2\/product_tag?post=16181"}],"curies":[{"name":"wp","href":"https:\/\/api.w.org\/{rel}","templated":true}]}}