{"id":16174,"date":"2023-07-17T10:07:56","date_gmt":"2023-07-17T10:07:56","guid":{"rendered":"https:\/\/dev.monti.lt\/?post_type=product&#038;p=16174"},"modified":"2024-09-27T07:26:46","modified_gmt":"2024-09-27T07:26:46","slug":"sensorinis-migdukas-drambliukas","status":"publish","type":"product","link":"https:\/\/dev.monti.lt\/en\/product\/sensorinis-migdukas-drambliukas\/","title":{"rendered":"Sensorinis migdukas &#8211; drambliukas"},"content":{"rendered":"<p>Kiekvienam ma\u017eyliui reikia i\u0161tikimo draugo, kuris visada b\u016bt\u0173 \u0161alia. Idealiu atveju toks draugas tur\u0117t\u0173 b\u016bti dar ir mielas bei atlikti papildomas funkcijas. O \u0161is \u017eavus drambliukas \u0161\u012f vaidmen\u012f tikrai atlieka!<\/p>\n<p>Drambliukas yra daugiafunkcis talismanas, kuris atsakys \u012f visus j\u016bs\u0173 vaiko poreikius. Paglostyti? Drambliukas tam puikiai tiks? Reikia kramtuko? Tuo taip pat pasir\u016bpinta!<\/p>\n<p>Prie drambliuko pritvirtintas kramtukas bus labai naudingas sunkiu kiekvienam k\u016bdikiui laikotarpiu &#8211; dygstant dantukams. Ta\u010diau kramtukas pad\u0117s i\u0161puvusiems ir skaudantiems dantims, suteikdamas ma\u017eyliui palengv\u0117jim\u0105.<\/p>\n<p>Mielas \u017eaisliukas taip pat pravers prie\u0161 mieg\u0105 &#8211; k\u016bdikis gal\u0117s atsigulti su drambliuku ir ramiai u\u017emigti.<\/p>\n<p>D\u0117l savo dyd\u017eio pliu\u0161in\u012f drambliuk\u0105 galima pasiimti bet kur &#8211; pasivaik\u0161\u010dioti, \u012f lov\u0105 ar pasiva\u017ein\u0117ti automobiliu.<\/p>\n<p>Drambliuko med\u017eiaga itin mink\u0161ta &#8211; o tai itin svarbus aspektas renkantis talisman\u0105! Be to, jis turi \u012fdomi\u0105 tekst\u016br\u0105, kuri lavins vaik\u0173 lyt\u0117jimo poj\u016bt\u012f.<\/p>\n<p>Spalvotos etiket\u0117s aplink drambl\u012f patrauks k\u016bdikio d\u0117mes\u012f ir skatins jo reg\u0117jim\u0105. O ausyse esantys \u0161narantys u\u017epildai ir dramblio galvoje esantis varpelis tur\u0117s \u012ftakos klausos poj\u016b\u010diui.<\/p>\n<p>Dramblys pagamintas i\u0161 auk\u0161tos kokyb\u0117s plastiko, kuris yra visi\u0161kai saugus k\u016bdikio odai. Med\u017eiaga taip pat yra patvari, tod\u0117l galite b\u016bti tikri, kad pliu\u0161inis \u017eaislas ilgai bus su j\u016bs\u0173 ma\u017eyliu!<\/p>\n<p>Pagrindin\u0117s gaminio savyb\u0117s:<\/p>\n<p>Mink\u0161ta med\u017eiaga su \u012fdomiomis tekst\u016bromis<br \/>\u012evairi\u0173 ra\u0161t\u0173 ir ry\u0161ki\u0173 spalv\u0173 kilpos<br \/>Skambutis ir \u0161narantis u\u017epildas<br \/>Lavina regos, klausos ir lyt\u0117jimo poj\u016b\u010dius<br \/>K\u016bdikiui patogu<br \/>padeda u\u017esiimti kasdiene veikla<\/p>\n<p>Pliu\u0161inis drambliukas yra puiki dovana visiems naujiems t\u0117veliams. Jis tinka nuo pirm\u0173j\u0173 k\u016bdikio gyvenimo dien\u0173!<\/p>\n<p>\u00a0<\/p>\n<p>Technin\u0117s savyb\u0117s:<\/p>\n<p>Med\u017eiaga: poliesteris, silikonas<br \/>Am\u017eius: 0+<\/p>\n<p>I\u0161matavimai:<\/p>\n<p>(i\u0161skleistas): Dydis: 28 cm x 32 cm x 7 cm.<br \/>Kramtukas: 5,7 cm<br \/>Pakuot\u0117: 34 cm x 25 cm x 7 cm<\/p>\n<p>Gaminys supakuotas \u012f folijos pakuot\u0119.<\/p>","protected":false},"excerpt":{"rendered":"<p>Kiekvienam ma\u017eyliui reikia i\u0161tikimo draugo, kuris visada b\u016bt\u0173 \u0161alia. Idealiu atveju toks draugas tur\u0117t\u0173 b\u016bti dar ir mielas bei atlikti papildomas funkcijas. O \u0161is \u017eavus drambliukas \u0161\u012f vaidmen\u012f tikrai atlieka! Drambliukas yra daugiafunkcis talismanas, kuris atsakys \u012f visus j\u016bs\u0173 vaiko poreikius. Paglostyti? Drambliukas tam puikiai tiks? Reikia kramtuko? Tuo taip pat pasir\u016bpinta! Prie drambliuko pritvirtintas [&hellip;]<\/p>","protected":false},"featured_media":16175,"template":"","meta":{"iawp_total_views":176},"product_cat":[84,90,86,49,39],"product_tag":[94],"class_list":{"0":"post-16174","1":"product","2":"type-product","3":"status-publish","4":"has-post-thumbnail","6":"product_cat-lavinamieji-zaislai","7":"product_cat-pasaulio-pazinimas","8":"product_cat-smulkioji-motorika","9":"product_cat-visi-zaislai","10":"product_cat-zaislai","11":"product_tag-iki-1-m","13":"first","14":"instock","15":"taxable","16":"shipping-taxable","17":"purchasable","18":"product-type-simple"},"yoast_head":"<!-- This site is optimized with the Yoast SEO plugin v23.3 - https:\/\/yoast.com\/wordpress\/plugins\/seo\/ -->\n<title>Sensorinis migdukas - drambliukas - Montessori \u017eaislai<\/title>\n<meta name=\"robots\" content=\"noindex, follow, max-snippet:-1, max-image-preview:large, max-video-preview:-1\" \/>\n<meta property=\"og:locale\" content=\"en_US\" \/>\n<meta property=\"og:type\" content=\"article\" \/>\n<meta property=\"og:title\" content=\"Sensorinis migdukas - drambliukas - Montessori \u017eaislai\" \/>\n<meta property=\"og:description\" content=\"Kiekvienam ma\u017eyliui reikia i\u0161tikimo draugo, kuris visada b\u016bt\u0173 \u0161alia. Idealiu atveju toks draugas tur\u0117t\u0173 b\u016bti dar ir mielas bei atlikti papildomas funkcijas. O \u0161is \u017eavus drambliukas \u0161\u012f vaidmen\u012f tikrai atlieka! Drambliukas yra daugiafunkcis talismanas, kuris atsakys \u012f visus j\u016bs\u0173 vaiko poreikius. Paglostyti? Drambliukas tam puikiai tiks? Reikia kramtuko? Tuo taip pat pasir\u016bpinta! Prie drambliuko pritvirtintas [&hellip;]\" \/>\n<meta property=\"og:url\" content=\"https:\/\/dev.monti.lt\/en\/product\/sensorinis-migdukas-drambliukas\/\" \/>\n<meta property=\"og:site_name\" content=\"Montessori \u017eaislai\" \/>\n<meta property=\"article:modified_time\" content=\"2024-09-27T07:26:46+00:00\" \/>\n<meta property=\"og:image\" content=\"https:\/\/dev.monti.lt\/wp-content\/uploads\/2023\/07\/Maskotka-sensoryczna-szeleszczaca-metki-slonik-120311.jpg\" \/>\n\t<meta property=\"og:image:width\" content=\"800\" \/>\n\t<meta property=\"og:image:height\" content=\"800\" \/>\n\t<meta property=\"og:image:type\" content=\"image\/jpeg\" \/>\n<meta name=\"twitter:card\" content=\"summary_large_image\" \/>\n<script type=\"application\/ld+json\" class=\"yoast-schema-graph\">{\"@context\":\"https:\/\/schema.org\",\"@graph\":[{\"@type\":\"WebPage\",\"@id\":\"https:\/\/dev.monti.lt\/product\/sensorinis-migdukas-drambliukas\/\",\"url\":\"https:\/\/dev.monti.lt\/product\/sensorinis-migdukas-drambliukas\/\",\"name\":\"Sensorinis migdukas - drambliukas - Montessori \u017eaislai\",\"isPartOf\":{\"@id\":\"https:\/\/dev.monti.lt\/#website\"},\"primaryImageOfPage\":{\"@id\":\"https:\/\/dev.monti.lt\/product\/sensorinis-migdukas-drambliukas\/#primaryimage\"},\"image\":{\"@id\":\"https:\/\/dev.monti.lt\/product\/sensorinis-migdukas-drambliukas\/#primaryimage\"},\"thumbnailUrl\":\"https:\/\/dev.monti.lt\/wp-content\/uploads\/2023\/07\/Maskotka-sensoryczna-szeleszczaca-metki-slonik-120311.jpg\",\"datePublished\":\"2023-07-17T10:07:56+00:00\",\"dateModified\":\"2024-09-27T07:26:46+00:00\",\"breadcrumb\":{\"@id\":\"https:\/\/dev.monti.lt\/product\/sensorinis-migdukas-drambliukas\/#breadcrumb\"},\"inLanguage\":\"en-US\",\"potentialAction\":[{\"@type\":\"ReadAction\",\"target\":[\"https:\/\/dev.monti.lt\/product\/sensorinis-migdukas-drambliukas\/\"]}]},{\"@type\":\"ImageObject\",\"inLanguage\":\"en-US\",\"@id\":\"https:\/\/dev.monti.lt\/product\/sensorinis-migdukas-drambliukas\/#primaryimage\",\"url\":\"https:\/\/dev.monti.lt\/wp-content\/uploads\/2023\/07\/Maskotka-sensoryczna-szeleszczaca-metki-slonik-120311.jpg\",\"contentUrl\":\"https:\/\/dev.monti.lt\/wp-content\/uploads\/2023\/07\/Maskotka-sensoryczna-szeleszczaca-metki-slonik-120311.jpg\",\"width\":800,\"height\":800},{\"@type\":\"BreadcrumbList\",\"@id\":\"https:\/\/dev.monti.lt\/product\/sensorinis-migdukas-drambliukas\/#breadcrumb\",\"itemListElement\":[{\"@type\":\"ListItem\",\"position\":1,\"name\":\"Home\",\"item\":\"https:\/\/dev.monti.lt\/\"},{\"@type\":\"ListItem\",\"position\":2,\"name\":\"Parduotuv\u0117\",\"item\":\"https:\/\/dev.monti.lt\/shop\/\"},{\"@type\":\"ListItem\",\"position\":3,\"name\":\"Sensorinis migdukas &#8211; drambliukas\"}]},{\"@type\":\"WebSite\",\"@id\":\"https:\/\/dev.monti.lt\/#website\",\"url\":\"https:\/\/dev.monti.lt\/\",\"name\":\"Montessori \u017eaislai\",\"description\":\"\",\"publisher\":{\"@id\":\"https:\/\/dev.monti.lt\/#organization\"},\"potentialAction\":[{\"@type\":\"SearchAction\",\"target\":{\"@type\":\"EntryPoint\",\"urlTemplate\":\"https:\/\/dev.monti.lt\/?s={search_term_string}\"},\"query-input\":\"required name=search_term_string\"}],\"inLanguage\":\"en-US\"},{\"@type\":\"Organization\",\"@id\":\"https:\/\/dev.monti.lt\/#organization\",\"name\":\"Montessori \u017eaislai\",\"url\":\"https:\/\/dev.monti.lt\/\",\"logo\":{\"@type\":\"ImageObject\",\"inLanguage\":\"en-US\",\"@id\":\"https:\/\/dev.monti.lt\/#\/schema\/logo\/image\/\",\"url\":\"https:\/\/dev.monti.lt\/wp-content\/uploads\/2022\/03\/montilogo-1.png\",\"contentUrl\":\"https:\/\/dev.monti.lt\/wp-content\/uploads\/2022\/03\/montilogo-1.png\",\"width\":512,\"height\":512,\"caption\":\"Montessori \u017eaislai\"},\"image\":{\"@id\":\"https:\/\/dev.monti.lt\/#\/schema\/logo\/image\/\"}}]}<\/script>\n<!-- \/ Yoast SEO plugin. -->","yoast_head_json":{"title":"Sensorinis migdukas - drambliukas - Montessori \u017eaislai","robots":{"index":"noindex","follow":"follow","max-snippet":"max-snippet:-1","max-image-preview":"max-image-preview:large","max-video-preview":"max-video-preview:-1"},"og_locale":"en_US","og_type":"article","og_title":"Sensorinis migdukas - drambliukas - Montessori \u017eaislai","og_description":"Kiekvienam ma\u017eyliui reikia i\u0161tikimo draugo, kuris visada b\u016bt\u0173 \u0161alia. Idealiu atveju toks draugas tur\u0117t\u0173 b\u016bti dar ir mielas bei atlikti papildomas funkcijas. O \u0161is \u017eavus drambliukas \u0161\u012f vaidmen\u012f tikrai atlieka! Drambliukas yra daugiafunkcis talismanas, kuris atsakys \u012f visus j\u016bs\u0173 vaiko poreikius. Paglostyti? Drambliukas tam puikiai tiks? Reikia kramtuko? Tuo taip pat pasir\u016bpinta! Prie drambliuko pritvirtintas [&hellip;]","og_url":"https:\/\/dev.monti.lt\/en\/product\/sensorinis-migdukas-drambliukas\/","og_site_name":"Montessori \u017eaislai","article_modified_time":"2024-09-27T07:26:46+00:00","og_image":[{"width":800,"height":800,"url":"https:\/\/dev.monti.lt\/wp-content\/uploads\/2023\/07\/Maskotka-sensoryczna-szeleszczaca-metki-slonik-120311.jpg","type":"image\/jpeg"}],"twitter_card":"summary_large_image","schema":{"@context":"https:\/\/schema.org","@graph":[{"@type":"WebPage","@id":"https:\/\/dev.monti.lt\/product\/sensorinis-migdukas-drambliukas\/","url":"https:\/\/dev.monti.lt\/product\/sensorinis-migdukas-drambliukas\/","name":"Sensorinis migdukas - drambliukas - Montessori \u017eaislai","isPartOf":{"@id":"https:\/\/dev.monti.lt\/#website"},"primaryImageOfPage":{"@id":"https:\/\/dev.monti.lt\/product\/sensorinis-migdukas-drambliukas\/#primaryimage"},"image":{"@id":"https:\/\/dev.monti.lt\/product\/sensorinis-migdukas-drambliukas\/#primaryimage"},"thumbnailUrl":"https:\/\/dev.monti.lt\/wp-content\/uploads\/2023\/07\/Maskotka-sensoryczna-szeleszczaca-metki-slonik-120311.jpg","datePublished":"2023-07-17T10:07:56+00:00","dateModified":"2024-09-27T07:26:46+00:00","breadcrumb":{"@id":"https:\/\/dev.monti.lt\/product\/sensorinis-migdukas-drambliukas\/#breadcrumb"},"inLanguage":"en-US","potentialAction":[{"@type":"ReadAction","target":["https:\/\/dev.monti.lt\/product\/sensorinis-migdukas-drambliukas\/"]}]},{"@type":"ImageObject","inLanguage":"en-US","@id":"https:\/\/dev.monti.lt\/product\/sensorinis-migdukas-drambliukas\/#primaryimage","url":"https:\/\/dev.monti.lt\/wp-content\/uploads\/2023\/07\/Maskotka-sensoryczna-szeleszczaca-metki-slonik-120311.jpg","contentUrl":"https:\/\/dev.monti.lt\/wp-content\/uploads\/2023\/07\/Maskotka-sensoryczna-szeleszczaca-metki-slonik-120311.jpg","width":800,"height":800},{"@type":"BreadcrumbList","@id":"https:\/\/dev.monti.lt\/product\/sensorinis-migdukas-drambliukas\/#breadcrumb","itemListElement":[{"@type":"ListItem","position":1,"name":"Home","item":"https:\/\/dev.monti.lt\/"},{"@type":"ListItem","position":2,"name":"Parduotuv\u0117","item":"https:\/\/dev.monti.lt\/shop\/"},{"@type":"ListItem","position":3,"name":"Sensorinis migdukas &#8211; drambliukas"}]},{"@type":"WebSite","@id":"https:\/\/dev.monti.lt\/#website","url":"https:\/\/dev.monti.lt\/","name":"Montessori \u017eaislai","description":"","publisher":{"@id":"https:\/\/dev.monti.lt\/#organization"},"potentialAction":[{"@type":"SearchAction","target":{"@type":"EntryPoint","urlTemplate":"https:\/\/dev.monti.lt\/?s={search_term_string}"},"query-input":"required name=search_term_string"}],"inLanguage":"en-US"},{"@type":"Organization","@id":"https:\/\/dev.monti.lt\/#organization","name":"Montessori \u017eaislai","url":"https:\/\/dev.monti.lt\/","logo":{"@type":"ImageObject","inLanguage":"en-US","@id":"https:\/\/dev.monti.lt\/#\/schema\/logo\/image\/","url":"https:\/\/dev.monti.lt\/wp-content\/uploads\/2022\/03\/montilogo-1.png","contentUrl":"https:\/\/dev.monti.lt\/wp-content\/uploads\/2022\/03\/montilogo-1.png","width":512,"height":512,"caption":"Montessori \u017eaislai"},"image":{"@id":"https:\/\/dev.monti.lt\/#\/schema\/logo\/image\/"}}]}},"_links":{"self":[{"href":"https:\/\/dev.monti.lt\/en\/wp-json\/wp\/v2\/product\/16174"}],"collection":[{"href":"https:\/\/dev.monti.lt\/en\/wp-json\/wp\/v2\/product"}],"about":[{"href":"https:\/\/dev.monti.lt\/en\/wp-json\/wp\/v2\/types\/product"}],"version-history":[{"count":2,"href":"https:\/\/dev.monti.lt\/en\/wp-json\/wp\/v2\/product\/16174\/revisions"}],"predecessor-version":[{"id":18056,"href":"https:\/\/dev.monti.lt\/en\/wp-json\/wp\/v2\/product\/16174\/revisions\/18056"}],"wp:featuredmedia":[{"embeddable":true,"href":"https:\/\/dev.monti.lt\/en\/wp-json\/wp\/v2\/media\/16175"}],"wp:attachment":[{"href":"https:\/\/dev.monti.lt\/en\/wp-json\/wp\/v2\/media?parent=16174"}],"wp:term":[{"taxonomy":"product_cat","embeddable":true,"href":"https:\/\/dev.monti.lt\/en\/wp-json\/wp\/v2\/product_cat?post=16174"},{"taxonomy":"product_tag","embeddable":true,"href":"https:\/\/dev.monti.lt\/en\/wp-json\/wp\/v2\/product_tag?post=16174"}],"curies":[{"name":"wp","href":"https:\/\/api.w.org\/{rel}","templated":true}]}}